{"id":73052,"date":"2023-09-13T16:54:10","date_gmt":"2023-09-13T14:54:10","guid":{"rendered":"https:\/\/fit360.ee\/pood\/uncategorized\/hydro-out-diuretic-90caps\/"},"modified":"2026-04-10T14:56:37","modified_gmt":"2026-04-10T12:56:37","slug":"hydro-out-diuretic-90caps","status":"publish","type":"product","link":"https:\/\/fit360.ee\/en\/pood\/product-groups\/superfoods-health-foods-en\/green-tea-extract-en\/hydro-out-diuretic-90caps\/","title":{"rendered":"Hydro Out Diuretic (90caps)"},"content":{"rendered":"<h2><strong>Hydro Out<\/strong><\/h2>\n<p class=\"cm__text --bold\">OstroVit Hydro Out Diuretic on k\u00f5rgeima kvaliteediga igak\u00fclgne toidulisand kapslites, mis sisaldab standardiseeritud koostisosi, mis toetavad teie &#8220;v\u00e4hendavat&#8221; dieeti ja aitavad vabaneda liigsest veest kehas.\u00a0OstroVit Hydro Out Diureetikum, mis koosneb v\u00e4ga liigirikastest ekstraktidest, mis koos moodustavad s\u00fcnergilise lisandi, vormivad teie keha, toetab rasvade v\u00e4henemist, kuid eelk\u00f5ige suurendab teie heaolu l\u00e4bi muutuste paremuse poole.<\/p>\n<ul class=\"cm__list\">\n<li>Pakendis 90 kapslit<\/li>\n<li>Standardiseeritud v\u00e4ljav\u00f5tted<\/li>\n<li>Looduslikud koostisosad<\/li>\n<li>T\u00e4ienduskuu<\/li>\n<li>Spetsiaalselt v\u00e4lja t\u00f6\u00f6tatud valem<\/li>\n<\/ul>\n<h4 class=\"cm__heading\"><strong>OstroVit Hydro Out diureetikum<\/strong><\/h4>\n<p class=\"cm__text\">Tavaliselt on t\u00e4iusliku figuuri \u00fclesehitamise, lihaste definitsiooni parandamise ja &#8220;kuivatava&#8221; efekti saavutamise viimane etapp kehast ebavajalikust veest vabanemine.\u00a0Selle teekonna p\u00f5hielemendiks on \u00f5ige uriinieritus, terved neerud ja s\u00e4ilitatud elektrol\u00fc\u00fctide tasakaal, kus selles kontekstis on peamiseks teguriks optimaalne naatriumisisaldus. Paljudel diureetikumide r\u00fchma preparaatidel ei ole &#8220;tervislikku&#8221; toimet, kuna retsept ja \u00fcksikud koostisosad pole \u00f5igesti valitud.\u00a0OstroVit Hydro Out Diuretic kohandub suurep\u00e4raselt ravimtaimede ja standardsete ekstraktidega preparaatide raamistikuga, mis on farmaatsiatoodete p\u00f5hivaldkond.\u00a0T\u00e4nu Hydro Out Diuretic toidulisandile lakkab &#8220;subkutaanse vee efekti&#8221; probleem olemast ja t\u00e4nu t\u00f5elisele m\u00e4\u00e4ratlusele,<\/p>\n<p class=\"cm__text\"><strong>N\u00f5gese lehtede ekstrakt<\/strong>\u00a0&#8211; taim, mida on pleiotroopse toime t\u00f5ttu kasutatud pikka aega.\u00a0Sellel on tugev p\u00f5letikuvastane toime, kuid ennek\u00f5ike toetab see eesn\u00e4\u00e4rme ja kuseteede n\u00f5uetekohast toimimist.<\/p>\n<p class=\"cm__text\"><strong>V\u00f5ilillejuure ekstrakt (sh 3% flavonoide)<\/strong>\u00a0&#8211; taim &#8211; inimestel sageli v\u00f5ilillega segi aetud k\u00f6\u00f6givili, millel pole v\u00f5ilillega v\u00f5rreldes nii palju meditsiinilisi aspekte.\u00a0Diureetilise toime t\u00f5ttu valitseb see sageli preparaatides, mis aitavad vabaneda liigsest veest kehas.\u00a0See on hea kaaliumiallikas ja hulgaliselt pol\u00fcfenoolseid \u00fchendeid.<\/p>\n<p class=\"cm__text\"><strong>Guaraana seemne ekstrakt (sh 22% kofeiini)<\/strong>\u00a0\u2013 Guaraana seemned on tavaliselt tuntud oma k\u00f5rge kofeiinisisalduse poolest, mida paljud peavad \u00fcheks paremaks diureetikumiks.\u00a0Midagi rohkem viga ei saaks olla.\u00a0Hoolimata sellest, et kofeiin on tegelikult n\u00f5rk diureetikum, on guaraanas sisalduv teof\u00fclliin ja teobromiin \u00fcks peamisi p\u00f5hjuseid, miks see ekstrakt selles segus leidus.<\/p>\n<p class=\"cm__text\"><strong>Ekstrakt Goldenrodi maapealsetest osadest<\/strong>\u00a0\u2013 Goldenrod on taim, mis on laialt tuntud oma diureetilise toime poolest.\u00a0Kasutatakse sageli kuseteede p\u00f5letiku korral, toetades neerude n\u00f5uetekohast t\u00f6\u00f6d ja normaliseerides vee-elektrol\u00fc\u00fctide tasakaalu.\u00a0See v\u00f5ib alandada verer\u00f5hku ja parandada seedimist.<\/p>\n<p class=\"cm__text\"><strong>J\u00f5hvika viljade ekstrakt (sh 10% proantots\u00fcanidiini)<\/strong>\u00a0\u2013 j\u00f5hvikavili on bioflavonoidide, fenoolsete \u00fchendite ja paljude v\u00e4\u00e4rtuslike p\u00f5letikuvastaste ja antioks\u00fcdantsete f\u00fctokemikaalide allikas.\u00a0J\u00f5hvika viljad on leidnud palju rakendusi kuseteede, p\u00f5iep\u00f5letike, \u00f5ige uriini pH taseme reguleerimise ja diureetilise toime ravis v\u00f5i ennetavas t\u00e4iendamises.<\/p>\n<p class=\"cm__text\"><strong>Rohelise tee lehe ekstrakt (sh 50% pol\u00fcfenoole)<\/strong>\u00a0&#8211; Preparaadis sisalduv rohelise tee ekstrakt sisaldab v\u00e4ga suures koguses pol\u00fcfenoole, millel on tugev antioks\u00fcdantne toime.\u00a0Sellel on v\u00f5ime p\u00fchkida vabu radikaale, mis kiirendavad keha vananemisprotsesse.\u00a0T\u00e4nu sellele aitab rohelise tee ekstrakt v\u00e4hendada ja edasi l\u00fckata keha vananemisprotsessi.\u00a0Lisaks toetab rohelise tee ekstrakt immuuns\u00fcsteemi.\u00a0Lisaks toetab rohelise tee ekstrakt t\u00f5husalt rasvap\u00f5letusprotsessi, aitab stimuleerida rasvarakkude lagunemist ja takistab nende uuesti suurenemist.<\/p>\n<p class=\"cm__text\"><strong>Korte maapealsetest osadest saadud ekstrakt (sh r\u00e4nidioksiid 7%)<\/strong>\u00a0&#8211; Korte on \u00fcks vanimaid taimi kogu maakeral.\u00a0Tuntud eelk\u00f5ige preparaatide poolest, millel on kasulik m\u00f5ju meie nahale, juustele ja k\u00fc\u00fcntele.\u00a0Sisaldab v\u00e4\u00e4rtuslikke pol\u00fcfenoolseid koostisosi ja orgaanilisi happeid.\u00a0Taime kasutatakse sageli kuseteede probleemide korral, nagu ka teisi taimi, on see diureetilise toimega, alandab verer\u00f5hku.<\/p>\n<p class=\"cm__text\"><strong>B6-vitamiin (p\u00fcridoksalo-5&#8242;-fosfaat P-5-P)<\/strong>\u00a0&#8211; p-5-p v\u00f5i p\u00fcridoksalo-5-fosfaadi kujul.\u00a0See on meie keha jaoks parim bioloogiliselt k\u00e4ttesaadav B6-vitamiini vorm.\u00a0See vastab f\u00fcsioloogiliste funktsioonide ookeanile ja toetab seda ning on meie keha k\u00f5igi organite \u00f5iges toimimises \u00fclioluline.<\/p>\n<h4 class=\"cm__heading\"><strong>Omadused<\/strong>:<\/h4>\n<ul class=\"cm__list\">\n<li>Soodustab liigsest veest vabanemist kehas<\/li>\n<li>Parandab lihaste m\u00e4\u00e4ratlust ja &#8220;skulptuuri&#8221; efekti<\/li>\n<li>Toetab rasva v\u00e4hendamise protsesse<\/li>\n<li>M\u00f5jub positiivselt organismi immuunsusele<\/li>\n<li>Rikkalikult v\u00e4\u00e4rtuslikke pol\u00fcfenoolseid koostisosi ja muid f\u00fctokemikaale<\/li>\n<li>K\u00f5rge kvaliteediga standardiseeritud taimeekstraktid<\/li>\n<li>Toetab normaalset kuseteede funktsiooni (neerud, p\u00f5is)<\/li>\n<li>Toetab vee ja elektrol\u00fc\u00fctide juhtimise reguleerimist<\/li>\n<li>See parandab meie naha, juuste ja k\u00fc\u00fcnte v\u00e4limust<\/li>\n<\/ul>\n<p><strong>Koostisosad<\/strong>: N\u00f5gese lehtede ekstrakt, v\u00f5ilillejuure ekstrakt &#8211; 3% flavonoide, guaraana seemne ekstrakt &#8211; 22% kofeiini, solidago virgaurea \u00f5huosa ekstrakt, j\u00f5hvika vilja ekstrakt &#8211; 10% proantots\u00fcaniidid, rohelise tee lehe ekstrakt &#8211; 50% pol\u00fcfenoole, korte \u00f5hust osa ekstrakt &#8211; 7% r\u00e4nidioksiidi, kapsli kest (\u017eelatiin, vesi, v\u00e4rvained: titaandioksiid, punane raudoksiid, asorubiin*), p\u00fcridoksalo-5&#8242;-fosfaat P-5-P (vitamiin B6).*asorubiin v\u00f5ib avaldada kahjulikku m\u00f5ju aktiivsus ja t\u00e4helepanu lastel.<\/p>\n<p><strong>Kasutamine<\/strong>: V\u00f5tke 1 portsjon (3 kapslit) p\u00e4evas.\u00a0Toode on m\u00f5eldud t\u00e4iskasvanutele.<\/p>\n<p><strong>Suurus<\/strong>: 90 kapslit &#8211; 30 serveeringut<\/p>\n<table>\n<tbody>\n<tr>\n<th>Aktiivsed koostisosad<\/th>\n<th>portsjoni kohta<\/th>\n<th>% SPK*<\/th>\n<\/tr>\n<tr>\n<td>N\u00f5gese lehtede ekstrakt<\/td>\n<td>350 mg<\/td>\n<td>&#8211;<\/td>\n<\/tr>\n<tr>\n<td>V\u00f5ilille juure ekstrakt<\/td>\n<td>350 mg<\/td>\n<td>&#8211;<\/td>\n<\/tr>\n<tr class=\"sub\">\n<td>&#8211; nendes flavonoidides (3%)<\/td>\n<td>10,5 mg<\/td>\n<td>&#8211;<\/td>\n<\/tr>\n<tr>\n<td>Guaraana seemne ekstrakt<\/td>\n<td>250 mg<\/td>\n<td>&#8211;<\/td>\n<\/tr>\n<tr class=\"sub\">\n<td>&#8211; selles kofeiinis (22%)<\/td>\n<td>55 mg<\/td>\n<td>&#8211;<\/td>\n<\/tr>\n<tr>\n<td>Solidago virgaurea \u00f5huosa ekstrakt<\/td>\n<td>200 mg<\/td>\n<td>&#8211;<\/td>\n<\/tr>\n<tr>\n<td>J\u00f5hvika puuviljade ekstrakt<\/td>\n<td>200 mg<\/td>\n<td>&#8211;<\/td>\n<\/tr>\n<tr class=\"sub\">\n<td>&#8211; selles proantots\u00fcaniidid (10%)<\/td>\n<td>20 mg<\/td>\n<td>&#8211;<\/td>\n<\/tr>\n<tr>\n<td>Rohelise tee lehtede ekstrakt<\/td>\n<td>200 mg<\/td>\n<td>&#8211;<\/td>\n<\/tr>\n<tr class=\"sub\">\n<td>&#8211; selles pol\u00fcfenoolid (50%)<\/td>\n<td>100 mg<\/td>\n<td>&#8211;<\/td>\n<\/tr>\n<tr>\n<td>Orsetail \u00f5huosa ekstrakt<\/td>\n<td>150 mg<\/td>\n<td>&#8211;<\/td>\n<\/tr>\n<tr class=\"sub\">\n<td>&#8211; selles r\u00e4nidioksiidis (7%)<\/td>\n<td>10,5 mg<\/td>\n<td>&#8211;<\/td>\n<\/tr>\n<tr>\n<td>B6-vitamiin (p\u00fcridoksalo-5&#8242;-fosfaat P-5-P)<\/td>\n<td>18 mg<\/td>\n<td>1286<\/td>\n<\/tr>\n<\/tbody>\n<\/table>\n<p>*SPK &#8211; Soovitatud p\u00e4evane kogus<\/p>\n<p>Vaata keme teisi Rasvap\u00f5letajaid <a href=\"https:\/\/fit360.ee\/en\/product-category\/product-groups\/fat-burners-en\/\"><strong>SIIT<\/strong><\/a>!<\/p>\n<p>Soovid kaupa osta suuremas koguses? Vaata antud toodet ka meie HULGI poest\u00a0<a href=\"https:\/\/toidulisandidhulgi.ee\/tooted\/hydro-out-diuretic-90caps\/\"><strong>SIIT<\/strong><\/a>!<\/p>\n","protected":false},"excerpt":{"rendered":"<ul class=\"cm__list\">\n<li>Soodustab liigsest veest vabanemist kehas<\/li>\n<li>Parandab lihaste m\u00e4\u00e4ratlust ja &#8220;skulptuuri&#8221; efekti<\/li>\n<li>Toetab rasva v\u00e4hendamise protsesse<\/li>\n<li>M\u00f5jub positiivselt organismi immuunsusele<\/li>\n<li>Rikkalikult v\u00e4\u00e4rtuslikke pol\u00fcfenoolseid koostisosi ja muid f\u00fctokemikaale<\/li>\n<li>K\u00f5rge kvaliteediga standardiseeritud taimeekstraktid<\/li>\n<li>Toetab normaalset kuseteede funktsiooni (neerud, p\u00f5is)<\/li>\n<li>Toetab vee ja elektrol\u00fc\u00fctide juhtimise reguleerimist<\/li>\n<li>See parandab meie naha, juuste ja k\u00fc\u00fcnte v\u00e4limust<\/li>\n<\/ul>\n","protected":false},"featured_media":84692,"comment_status":"closed","ping_status":"closed","template":"","meta":[],"product_brand":[],"product_cat":[530,2371,1329,2408],"product_tag":[4507,4508,1924],"giftcard-category":[],"class_list":{"0":"post-73052","1":"product","2":"type-product","3":"status-publish","4":"has-post-thumbnail","6":"product_cat-fat-burners-en","7":"product_cat-green-tea-extract-en","8":"product_cat-ostrovit-en","9":"product_cat-stimulant-free-fat-burners-en","10":"product_tag-hydro-out-en","11":"product_tag-hydro-out-diuretic-en","12":"product_tag-ostrovit-en","13":"pa_kogus-90-capsules","14":"pa_toidulisand-branddd-ostrovit","15":"pa_tootegruppp-rohelise-tee-ekstrakt-en","16":"pa_tootegruppp-stimulandivaba-en","17":"pa_tootegruppp-weight-loss","19":"first","20":"instock","21":"sale","22":"taxable","23":"shipping-taxable","24":"purchasable","25":"product-type-simple"},"yoast_head":"<!-- This site is optimized with the Yoast SEO plugin v27.3 - https:\/\/yoast.com\/product\/yoast-seo-wordpress\/ -->\n<title>Hydro Out Diuretic (90caps) - Aitab vett kehast v\u00e4lja viia - Kiire Tarne - Fit360<\/title>\n<meta name=\"description\" content=\"Hydro Out Diuretic on k\u00f5rgeima kvaliteediga igak\u00fclgne toidulisand, mis sisaldab toimivaid koostisosi, mis toetavad teie &quot;v\u00e4hendavat&quot; dieeti ja aita...\" \/>\n<meta name=\"robots\" content=\"index, follow, max-snippet:-1, max-image-preview:large, max-video-preview:-1\" \/>\n<link rel=\"canonical\" href=\"https:\/\/fit360.ee\/en\/pood\/product-groups\/superfoods-health-foods-en\/green-tea-extract-en\/hydro-out-diuretic-90caps\/\" \/>\n<meta property=\"og:locale\" content=\"en_US\" \/>\n<meta property=\"og:type\" content=\"article\" \/>\n<meta property=\"og:title\" content=\"Hydro Out Diuretic (90caps) - Aitab vett kehast v\u00e4lja viia - Kiire Tarne - Fit360\" \/>\n<meta property=\"og:description\" content=\"Hydro Out Diuretic on k\u00f5rgeima kvaliteediga igak\u00fclgne toidulisand, mis sisaldab toimivaid koostisosi, mis toetavad teie &quot;v\u00e4hendavat&quot; dieeti ja aita...\" \/>\n<meta property=\"og:url\" content=\"https:\/\/fit360.ee\/en\/pood\/product-groups\/superfoods-health-foods-en\/green-tea-extract-en\/hydro-out-diuretic-90caps\/\" \/>\n<meta property=\"og:site_name\" content=\"Fit360\" \/>\n<meta property=\"article:modified_time\" content=\"2026-04-10T12:56:37+00:00\" \/>\n<meta property=\"og:image\" content=\"https:\/\/fit360.ee\/wp-content\/uploads\/2023\/09\/hydro-out-diureetikum-fit360.ee_.png\" \/>\n\t<meta property=\"og:image:width\" content=\"450\" \/>\n\t<meta property=\"og:image:height\" content=\"450\" \/>\n\t<meta property=\"og:image:type\" content=\"image\/png\" \/>\n<meta name=\"twitter:card\" content=\"summary_large_image\" \/>\n<meta name=\"twitter:label1\" content=\"Est. reading time\" \/>\n\t<meta name=\"twitter:data1\" content=\"4 minutes\" \/>\n<script type=\"application\/ld+json\" class=\"yoast-schema-graph\">{\"@context\":\"https:\\\/\\\/schema.org\",\"@graph\":[{\"@type\":\"WebPage\",\"@id\":\"https:\\\/\\\/fit360.ee\\\/en\\\/pood\\\/product-groups\\\/superfoods-health-foods-en\\\/green-tea-extract-en\\\/hydro-out-diuretic-90caps\\\/\",\"url\":\"https:\\\/\\\/fit360.ee\\\/en\\\/pood\\\/product-groups\\\/superfoods-health-foods-en\\\/green-tea-extract-en\\\/hydro-out-diuretic-90caps\\\/\",\"name\":\"Hydro Out Diuretic (90caps) - Aitab vett kehast v\u00e4lja viia - Kiire Tarne - Fit360\",\"isPartOf\":{\"@id\":\"https:\\\/\\\/fit360.ee\\\/en\\\/#website\"},\"primaryImageOfPage\":{\"@id\":\"https:\\\/\\\/fit360.ee\\\/en\\\/pood\\\/product-groups\\\/superfoods-health-foods-en\\\/green-tea-extract-en\\\/hydro-out-diuretic-90caps\\\/#primaryimage\"},\"image\":{\"@id\":\"https:\\\/\\\/fit360.ee\\\/en\\\/pood\\\/product-groups\\\/superfoods-health-foods-en\\\/green-tea-extract-en\\\/hydro-out-diuretic-90caps\\\/#primaryimage\"},\"thumbnailUrl\":\"https:\\\/\\\/fit360.ee\\\/wp-content\\\/uploads\\\/2023\\\/09\\\/hydro-out-diureetikum-fit360.ee_.png\",\"datePublished\":\"2023-09-13T14:54:10+00:00\",\"dateModified\":\"2026-04-10T12:56:37+00:00\",\"description\":\"Hydro Out Diuretic on k\u00f5rgeima kvaliteediga igak\u00fclgne toidulisand, mis sisaldab toimivaid koostisosi, mis toetavad teie \\\"v\u00e4hendavat\\\" dieeti ja aita...\",\"breadcrumb\":{\"@id\":\"https:\\\/\\\/fit360.ee\\\/en\\\/pood\\\/product-groups\\\/superfoods-health-foods-en\\\/green-tea-extract-en\\\/hydro-out-diuretic-90caps\\\/#breadcrumb\"},\"inLanguage\":\"en-US\",\"potentialAction\":[{\"@type\":\"ReadAction\",\"target\":[\"https:\\\/\\\/fit360.ee\\\/en\\\/pood\\\/product-groups\\\/superfoods-health-foods-en\\\/green-tea-extract-en\\\/hydro-out-diuretic-90caps\\\/\"]}]},{\"@type\":\"ImageObject\",\"inLanguage\":\"en-US\",\"@id\":\"https:\\\/\\\/fit360.ee\\\/en\\\/pood\\\/product-groups\\\/superfoods-health-foods-en\\\/green-tea-extract-en\\\/hydro-out-diuretic-90caps\\\/#primaryimage\",\"url\":\"https:\\\/\\\/fit360.ee\\\/wp-content\\\/uploads\\\/2023\\\/09\\\/hydro-out-diureetikum-fit360.ee_.png\",\"contentUrl\":\"https:\\\/\\\/fit360.ee\\\/wp-content\\\/uploads\\\/2023\\\/09\\\/hydro-out-diureetikum-fit360.ee_.png\",\"width\":450,\"height\":450,\"caption\":\"hydro out diureetikum - fit360.ee\"},{\"@type\":\"BreadcrumbList\",\"@id\":\"https:\\\/\\\/fit360.ee\\\/en\\\/pood\\\/product-groups\\\/superfoods-health-foods-en\\\/green-tea-extract-en\\\/hydro-out-diuretic-90caps\\\/#breadcrumb\",\"itemListElement\":[{\"@type\":\"ListItem\",\"position\":1,\"name\":\"Home\",\"item\":\"https:\\\/\\\/fit360.ee\\\/en\\\/\"},{\"@type\":\"ListItem\",\"position\":2,\"name\":\"Shop\",\"item\":\"https:\\\/\\\/fit360.ee\\\/en\\\/shop\\\/\"},{\"@type\":\"ListItem\",\"position\":3,\"name\":\"Hydro Out Diuretic (90caps)\"}]},{\"@type\":\"WebSite\",\"@id\":\"https:\\\/\\\/fit360.ee\\\/en\\\/#website\",\"url\":\"https:\\\/\\\/fit360.ee\\\/en\\\/\",\"name\":\"Fit360\",\"description\":\"\",\"publisher\":{\"@id\":\"https:\\\/\\\/fit360.ee\\\/en\\\/#organization\"},\"potentialAction\":[{\"@type\":\"SearchAction\",\"target\":{\"@type\":\"EntryPoint\",\"urlTemplate\":\"https:\\\/\\\/fit360.ee\\\/en\\\/?s={search_term_string}\"},\"query-input\":{\"@type\":\"PropertyValueSpecification\",\"valueRequired\":true,\"valueName\":\"search_term_string\"}}],\"inLanguage\":\"en-US\"},{\"@type\":\"Organization\",\"@id\":\"https:\\\/\\\/fit360.ee\\\/en\\\/#organization\",\"name\":\"Fit360\",\"url\":\"https:\\\/\\\/fit360.ee\\\/en\\\/\",\"logo\":{\"@type\":\"ImageObject\",\"inLanguage\":\"en-US\",\"@id\":\"https:\\\/\\\/fit360.ee\\\/en\\\/#\\\/schema\\\/logo\\\/image\\\/\",\"url\":\"https:\\\/\\\/fit360.ee\\\/wp-content\\\/uploads\\\/2017\\\/01\\\/logo-fit360.png\",\"contentUrl\":\"https:\\\/\\\/fit360.ee\\\/wp-content\\\/uploads\\\/2017\\\/01\\\/logo-fit360.png\",\"width\":180,\"height\":66,\"caption\":\"Fit360\"},\"image\":{\"@id\":\"https:\\\/\\\/fit360.ee\\\/en\\\/#\\\/schema\\\/logo\\\/image\\\/\"}}]}<\/script>\n<!-- \/ Yoast SEO plugin. -->","yoast_head_json":{"title":"Hydro Out Diuretic (90caps) - Aitab vett kehast v\u00e4lja viia - Kiire Tarne - Fit360","description":"Hydro Out Diuretic on k\u00f5rgeima kvaliteediga igak\u00fclgne toidulisand, mis sisaldab toimivaid koostisosi, mis toetavad teie \"v\u00e4hendavat\" dieeti ja aita...","robots":{"index":"index","follow":"follow","max-snippet":"max-snippet:-1","max-image-preview":"max-image-preview:large","max-video-preview":"max-video-preview:-1"},"canonical":"https:\/\/fit360.ee\/en\/pood\/product-groups\/superfoods-health-foods-en\/green-tea-extract-en\/hydro-out-diuretic-90caps\/","og_locale":"en_US","og_type":"article","og_title":"Hydro Out Diuretic (90caps) - Aitab vett kehast v\u00e4lja viia - Kiire Tarne - Fit360","og_description":"Hydro Out Diuretic on k\u00f5rgeima kvaliteediga igak\u00fclgne toidulisand, mis sisaldab toimivaid koostisosi, mis toetavad teie \"v\u00e4hendavat\" dieeti ja aita...","og_url":"https:\/\/fit360.ee\/en\/pood\/product-groups\/superfoods-health-foods-en\/green-tea-extract-en\/hydro-out-diuretic-90caps\/","og_site_name":"Fit360","article_modified_time":"2026-04-10T12:56:37+00:00","og_image":[{"width":450,"height":450,"url":"https:\/\/fit360.ee\/wp-content\/uploads\/2023\/09\/hydro-out-diureetikum-fit360.ee_.png","type":"image\/png"}],"twitter_card":"summary_large_image","twitter_misc":{"Est. reading time":"4 minutes"},"schema":{"@context":"https:\/\/schema.org","@graph":[{"@type":"WebPage","@id":"https:\/\/fit360.ee\/en\/pood\/product-groups\/superfoods-health-foods-en\/green-tea-extract-en\/hydro-out-diuretic-90caps\/","url":"https:\/\/fit360.ee\/en\/pood\/product-groups\/superfoods-health-foods-en\/green-tea-extract-en\/hydro-out-diuretic-90caps\/","name":"Hydro Out Diuretic (90caps) - Aitab vett kehast v\u00e4lja viia - Kiire Tarne - Fit360","isPartOf":{"@id":"https:\/\/fit360.ee\/en\/#website"},"primaryImageOfPage":{"@id":"https:\/\/fit360.ee\/en\/pood\/product-groups\/superfoods-health-foods-en\/green-tea-extract-en\/hydro-out-diuretic-90caps\/#primaryimage"},"image":{"@id":"https:\/\/fit360.ee\/en\/pood\/product-groups\/superfoods-health-foods-en\/green-tea-extract-en\/hydro-out-diuretic-90caps\/#primaryimage"},"thumbnailUrl":"https:\/\/fit360.ee\/wp-content\/uploads\/2023\/09\/hydro-out-diureetikum-fit360.ee_.png","datePublished":"2023-09-13T14:54:10+00:00","dateModified":"2026-04-10T12:56:37+00:00","description":"Hydro Out Diuretic on k\u00f5rgeima kvaliteediga igak\u00fclgne toidulisand, mis sisaldab toimivaid koostisosi, mis toetavad teie \"v\u00e4hendavat\" dieeti ja aita...","breadcrumb":{"@id":"https:\/\/fit360.ee\/en\/pood\/product-groups\/superfoods-health-foods-en\/green-tea-extract-en\/hydro-out-diuretic-90caps\/#breadcrumb"},"inLanguage":"en-US","potentialAction":[{"@type":"ReadAction","target":["https:\/\/fit360.ee\/en\/pood\/product-groups\/superfoods-health-foods-en\/green-tea-extract-en\/hydro-out-diuretic-90caps\/"]}]},{"@type":"ImageObject","inLanguage":"en-US","@id":"https:\/\/fit360.ee\/en\/pood\/product-groups\/superfoods-health-foods-en\/green-tea-extract-en\/hydro-out-diuretic-90caps\/#primaryimage","url":"https:\/\/fit360.ee\/wp-content\/uploads\/2023\/09\/hydro-out-diureetikum-fit360.ee_.png","contentUrl":"https:\/\/fit360.ee\/wp-content\/uploads\/2023\/09\/hydro-out-diureetikum-fit360.ee_.png","width":450,"height":450,"caption":"hydro out diureetikum - fit360.ee"},{"@type":"BreadcrumbList","@id":"https:\/\/fit360.ee\/en\/pood\/product-groups\/superfoods-health-foods-en\/green-tea-extract-en\/hydro-out-diuretic-90caps\/#breadcrumb","itemListElement":[{"@type":"ListItem","position":1,"name":"Home","item":"https:\/\/fit360.ee\/en\/"},{"@type":"ListItem","position":2,"name":"Shop","item":"https:\/\/fit360.ee\/en\/shop\/"},{"@type":"ListItem","position":3,"name":"Hydro Out Diuretic (90caps)"}]},{"@type":"WebSite","@id":"https:\/\/fit360.ee\/en\/#website","url":"https:\/\/fit360.ee\/en\/","name":"Fit360","description":"","publisher":{"@id":"https:\/\/fit360.ee\/en\/#organization"},"potentialAction":[{"@type":"SearchAction","target":{"@type":"EntryPoint","urlTemplate":"https:\/\/fit360.ee\/en\/?s={search_term_string}"},"query-input":{"@type":"PropertyValueSpecification","valueRequired":true,"valueName":"search_term_string"}}],"inLanguage":"en-US"},{"@type":"Organization","@id":"https:\/\/fit360.ee\/en\/#organization","name":"Fit360","url":"https:\/\/fit360.ee\/en\/","logo":{"@type":"ImageObject","inLanguage":"en-US","@id":"https:\/\/fit360.ee\/en\/#\/schema\/logo\/image\/","url":"https:\/\/fit360.ee\/wp-content\/uploads\/2017\/01\/logo-fit360.png","contentUrl":"https:\/\/fit360.ee\/wp-content\/uploads\/2017\/01\/logo-fit360.png","width":180,"height":66,"caption":"Fit360"},"image":{"@id":"https:\/\/fit360.ee\/en\/#\/schema\/logo\/image\/"}}]}},"_links":{"self":[{"href":"https:\/\/fit360.ee\/en\/wp-json\/wp\/v2\/product\/73052","targetHints":{"allow":["GET"]}}],"collection":[{"href":"https:\/\/fit360.ee\/en\/wp-json\/wp\/v2\/product"}],"about":[{"href":"https:\/\/fit360.ee\/en\/wp-json\/wp\/v2\/types\/product"}],"replies":[{"embeddable":true,"href":"https:\/\/fit360.ee\/en\/wp-json\/wp\/v2\/comments?post=73052"}],"wp:featuredmedia":[{"embeddable":true,"href":"https:\/\/fit360.ee\/en\/wp-json\/wp\/v2\/media\/84692"}],"wp:attachment":[{"href":"https:\/\/fit360.ee\/en\/wp-json\/wp\/v2\/media?parent=73052"}],"wp:term":[{"taxonomy":"product_brand","embeddable":true,"href":"https:\/\/fit360.ee\/en\/wp-json\/wp\/v2\/product_brand?post=73052"},{"taxonomy":"product_cat","embeddable":true,"href":"https:\/\/fit360.ee\/en\/wp-json\/wp\/v2\/product_cat?post=73052"},{"taxonomy":"product_tag","embeddable":true,"href":"https:\/\/fit360.ee\/en\/wp-json\/wp\/v2\/product_tag?post=73052"},{"taxonomy":"giftcard-category","embeddable":true,"href":"https:\/\/fit360.ee\/en\/wp-json\/wp\/v2\/giftcard-category?post=73052"}],"curies":[{"name":"wp","href":"https:\/\/api.w.org\/{rel}","templated":true}]}}