{"id":73074,"date":"2023-09-14T12:01:38","date_gmt":"2023-09-14T10:01:38","guid":{"rendered":"https:\/\/fit360.ee\/pood\/uncategorized\/bacopa-monnieri-90tabs-2\/"},"modified":"2026-04-09T17:13:06","modified_gmt":"2026-04-09T15:13:06","slug":"bacopa-monnieri-90tabs-2","status":"publish","type":"product","link":"https:\/\/fit360.ee\/en\/pood\/product-groups\/%d0%b2%d0%b5%d0%b3%d0%b0%d0%bd\/vegan-capsules-en\/bacopa-monnieri-90tabs-2\/","title":{"rendered":"Bacopa Monnieri (90tabs)"},"content":{"rendered":"<h2><strong>Ostrovit Bacopa Monnieri<\/strong><\/h2>\n<p>OstroVit Bacopa Monnieri on v\u00e4ikeselehelise bakopa ekstrakti sisaldav toidulisand tablettidena. Bacopa monnieri on traditsioonilises Ayurvedas kasutatud aastaid, laialt tuntud ja hinnatud k\u00f5rvuti <a href=\"https:\/\/fit360.ee\/en\/product-category\/product-groups\/superfoods-health-foods-en\/ashwagandha-en\/\"><strong>Ashwagandha<\/strong><\/a> ja Jatamansi.<\/p>\n<p><a href=\"https:\/\/fit360.ee\/wp-content\/uploads\/2023\/09\/bacopa-monnieri-vege-fit360.ee-1-800x312.jpg\"><img loading=\"lazy\" decoding=\"async\" class=\"size-medium wp-image-73070\" src=\"https:\/\/fit360.ee\/wp-content\/uploads\/2023\/09\/bacopa-monnieri-vege-fit360.ee-1-800x312.jpg\" alt=\"bacopa monnieri vege - fit360.ee\" width=\"800\" height=\"312\" srcset=\"https:\/\/fit360.ee\/wp-content\/uploads\/2023\/09\/bacopa-monnieri-vege-fit360.ee-1-800x312.jpg 800w, https:\/\/fit360.ee\/wp-content\/uploads\/2023\/09\/bacopa-monnieri-vege-fit360.ee-1-510x199.jpg 510w, https:\/\/fit360.ee\/wp-content\/uploads\/2023\/09\/bacopa-monnieri-vege-fit360.ee-1-768x300.jpg 768w, https:\/\/fit360.ee\/wp-content\/uploads\/2023\/09\/bacopa-monnieri-vege-fit360.ee-1.jpg 922w\" sizes=\"auto, (max-width: 800px) 100vw, 800px\" \/><\/a><\/p>\n<ul class=\"cm__list\">\n<li>Pakis 90 portsjonit<\/li>\n<li>1 tablett p\u00e4evas<\/li>\n<li>200 mg ekstrakti \u00fches tabletis<\/li>\n<li>50% bakosiididest!<\/li>\n<\/ul>\n<h4 class=\"cm__heading\"><strong>Bacopa Monnieri \u2013 mis ravimtaim see on?<\/strong><\/h4>\n<p class=\"cm__text\">Ostrovit Bacopa monnieri on nootroopne ravimtaim, mida on traditsioonilises Ayurveda meditsiinis kasutatud juba aastaid, peamiselt t\u00e4nu t\u00f5ekspidamistele pikaealisuse ja kognitiivsete funktsioonide paranemise kohta. T\u00e4nap\u00e4eval teame t\u00e4nu k\u00f5rgelt arenenud teadusele ja hoolikale meditsiinilisele uurimist\u00f6\u00f6le Bacopa toidulisandi eeliseid.\u00a0Seda saab kasutada antioks\u00fcdandina, eemaldades reaktiivsed hapniku liigid, toimides meie keha negatiivselt m\u00f5jutavate vabade radikaalide &#8220;p\u00fc\u00fcdjana&#8221;.\u00a0Bacopa monnieri v\u00f5ib alandada nii verer\u00f5hku kui ka kolesterooli.<\/p>\n<h4 class=\"cm__heading\"><strong>OstroVit Bacopa Monnieris sisalduvate koostisosade omadused:<\/strong><\/h4>\n<ul class=\"cm__list\">\n<li>Adaptogeenina aitab\u00a0see\u00a0kehal kohaneda ebasoodsate tingimustega (stressiolukorrad, suurenenud vaimne pingutus)<\/li>\n<li>Toetab m\u00e4luprotsesse, avaldades soodsat m\u00f5ju n\u00e4rvis\u00fcsteemile<\/li>\n<li>Omab prokognitiivset aktiivsust (m\u00e4lu, keskendumisv\u00f5ime ja keskendumise paranemine)<\/li>\n<li>Suurep\u00e4rane antioks\u00fcdant, mis kaitseb meid vabade radikaalide eest<\/li>\n<li>Sellel on kasulik toime kolesterooli (LDL-fraktsiooni) v\u00e4hendamisele<\/li>\n<\/ul>\n<p><strong>Koostisosad<\/strong>: Mahuaine: mikrokristalne tselluloos;\u00a0mahuaine: mikrokristalne tselluloos;\u00a0t\u00e4istaime bacopa monnieri ekstrakt (Bacopa monnieri (L.) Wettst.) standardiseeritud 50% bakosiididel, t\u00e4rklisel, paakumisvastased ained: rasvhapete magneesiumisoolad, r\u00e4nidioksiid. Toode v\u00f5ib sisaldada piima (sh laktoosi), soja, p\u00e4hkleid, muid p\u00e4hkleid, seesamiseemneid, gluteeni sisaldavaid teravilju, mune, sellerit, sinepit, v\u00e4hilaadseid, kala.<\/p>\n<p><strong>Kasutamine<\/strong>: Tarbi 1 portsjon (1 tablett) p\u00e4evas rasvasisaldusega toidukorra ajal.<\/p>\n<p><strong>Suurus<\/strong>: 90 tabletti<\/p>\n<section class=\"projector__description--nutritional row\" data-selector=\".--nutritional\">\n<div class=\"col-12 col-md-10 col-lg-8\">\n<div class=\"--nutrit\">\n<div class=\"nutrition_table_wrapper\">\n<div class=\"table_wrapper\">\n<table>\n<tbody>\n<tr>\n<th>Aktiivsed koostisosad<\/th>\n<th>portsjoni kohta<\/th>\n<\/tr>\n<tr>\n<td>Ekstrakt v\u00e4ikeselehelisest bakopast<\/td>\n<td>200 mg<\/td>\n<\/tr>\n<tr class=\"sub\">\n<td>&#8211; sealhulgas bakosiidid (50%)<\/td>\n<td>100 mg<\/td>\n<\/tr>\n<\/tbody>\n<\/table>\n<\/div>\n<\/div>\n<\/div>\n<\/div>\n<\/section>\n<div class=\"--label col-12\"><\/div>\n<div>Vaata ka meie teisi Aju Tegevust toetavaid toidulisandeid <a href=\"https:\/\/fit360.ee\/en\/product-category\/product-groups\/brain-support-nootropics-en\/\"><strong>SIIT<\/strong><\/a> v\u00f5i Supertoite <a href=\"https:\/\/fit360.ee\/en\/product-category\/product-groups\/superfoods-health-foods-en\/\"><strong>SIIT<\/strong><\/a>!<\/div>\n<div><\/div>\n<div>Soovid kaupa osta suuremas koguses? Vaata antud toodet ka meie HULGI poest\u00a0<a href=\"https:\/\/toidulisandidhulgi.ee\/tooted\/bacopa-monnieri-90tabs-2\/\"><strong>SIIT<\/strong><\/a>!<\/div>\n","protected":false},"excerpt":{"rendered":"<ul class=\"cm__list\">\n<li>Adaptogeenina aitab\u00a0see\u00a0kehal kohaneda ebasoodsate tingimustega (stressiolukorrad, suurenenud vaimne pingutus)<\/li>\n<li>Toetab m\u00e4luprotsesse, avaldades soodsat m\u00f5ju n\u00e4rvis\u00fcsteemile<\/li>\n<li>Omab prokognitiivset aktiivsust (m\u00e4lu, keskendumisv\u00f5ime ja keskendumise paranemine)<\/li>\n<li>Suurep\u00e4rane antioks\u00fcdant, mis kaitseb meid vabade radikaalide eest<\/li>\n<li>Sellel on kasulik toime kolesterooli (LDL-fraktsiooni) v\u00e4hendamisele<\/li>\n<\/ul>\n","protected":false},"featured_media":84694,"comment_status":"closed","ping_status":"closed","template":"","meta":[],"product_brand":[],"product_cat":[2485,1329,1454,2664,1201],"product_tag":[2646,1924,4510],"giftcard-category":[],"class_list":{"0":"post-73074","1":"product","2":"type-product","3":"status-publish","4":"has-post-thumbnail","6":"product_cat-brain-support-nootropics-en","7":"product_cat-ostrovit-en","8":"product_cat-superfoods-health-foods-en","9":"product_cat-vegan-capsules-en","10":"product_cat-1201","11":"product_tag-bacopa-monnieri-en","12":"product_tag-ostrovit-en","13":"product_tag-ostrovit-bacopa-monnieri-en","14":"pa_kogus-90-tablets","15":"pa_toidulisand-branddd-ostrovit","16":"pa_tootegruppp-aju-tegevus-nootropics-en","17":"pa_tootegruppp-supertoit-tervisetoit-en","18":"pa_tootegruppp-vcaps-vegan-kapslid-en","19":"pa_tootegruppp-vegan-en","21":"first","22":"instock","23":"sale","24":"taxable","25":"shipping-taxable","26":"purchasable","27":"product-type-simple"},"yoast_head":"<!-- This site is optimized with the Yoast SEO plugin v27.3 - https:\/\/yoast.com\/product\/yoast-seo-wordpress\/ -->\n<title>Bacopa Monnieri (90tabs) - Aju Tegevuse toetamine - Kiire Tarne - Fit360<\/title>\n<meta name=\"description\" content=\"Ostrovit Bacopa monnieri on nootroopne ravimtaim, mida on traditsioonilises Ayurveda meditsiinis kasutatud juba aastaid, peamiselt t\u00e4nu t\u00f5ekspidamistele ...\" \/>\n<meta name=\"robots\" content=\"index, follow, max-snippet:-1, max-image-preview:large, max-video-preview:-1\" \/>\n<link rel=\"canonical\" href=\"https:\/\/fit360.ee\/en\/pood\/product-groups\/\u0432\u0435\u0433\u0430\u043d\/vegan-capsules-en\/bacopa-monnieri-90tabs-2\/\" \/>\n<meta property=\"og:locale\" content=\"en_US\" \/>\n<meta property=\"og:type\" content=\"article\" \/>\n<meta property=\"og:title\" content=\"Bacopa Monnieri (90tabs) - Aju Tegevuse toetamine - Kiire Tarne - Fit360\" \/>\n<meta property=\"og:description\" content=\"Ostrovit Bacopa monnieri on nootroopne ravimtaim, mida on traditsioonilises Ayurveda meditsiinis kasutatud juba aastaid, peamiselt t\u00e4nu t\u00f5ekspidamistele ...\" \/>\n<meta property=\"og:url\" content=\"https:\/\/fit360.ee\/en\/pood\/product-groups\/\u0432\u0435\u0433\u0430\u043d\/vegan-capsules-en\/bacopa-monnieri-90tabs-2\/\" \/>\n<meta property=\"og:site_name\" content=\"Fit360\" \/>\n<meta property=\"article:modified_time\" content=\"2026-04-09T15:13:06+00:00\" \/>\n<meta property=\"og:image\" content=\"https:\/\/fit360.ee\/wp-content\/uploads\/2023\/09\/ostrovit-bacopa-monnieri-tabletid-fit360.ee_.png\" \/>\n\t<meta property=\"og:image:width\" content=\"450\" \/>\n\t<meta property=\"og:image:height\" content=\"450\" \/>\n\t<meta property=\"og:image:type\" content=\"image\/png\" \/>\n<meta name=\"twitter:card\" content=\"summary_large_image\" \/>\n<meta name=\"twitter:label1\" content=\"Est. reading time\" \/>\n\t<meta name=\"twitter:data1\" content=\"2 minutes\" \/>\n<script type=\"application\/ld+json\" class=\"yoast-schema-graph\">{\"@context\":\"https:\\\/\\\/schema.org\",\"@graph\":[{\"@type\":\"WebPage\",\"@id\":\"https:\\\/\\\/fit360.ee\\\/en\\\/pood\\\/product-groups\\\/%d0%b2%d0%b5%d0%b3%d0%b0%d0%bd\\\/vegan-capsules-en\\\/bacopa-monnieri-90tabs-2\\\/\",\"url\":\"https:\\\/\\\/fit360.ee\\\/en\\\/pood\\\/product-groups\\\/%d0%b2%d0%b5%d0%b3%d0%b0%d0%bd\\\/vegan-capsules-en\\\/bacopa-monnieri-90tabs-2\\\/\",\"name\":\"Bacopa Monnieri (90tabs) - Aju Tegevuse toetamine - Kiire Tarne - Fit360\",\"isPartOf\":{\"@id\":\"https:\\\/\\\/fit360.ee\\\/en\\\/#website\"},\"primaryImageOfPage\":{\"@id\":\"https:\\\/\\\/fit360.ee\\\/en\\\/pood\\\/product-groups\\\/%d0%b2%d0%b5%d0%b3%d0%b0%d0%bd\\\/vegan-capsules-en\\\/bacopa-monnieri-90tabs-2\\\/#primaryimage\"},\"image\":{\"@id\":\"https:\\\/\\\/fit360.ee\\\/en\\\/pood\\\/product-groups\\\/%d0%b2%d0%b5%d0%b3%d0%b0%d0%bd\\\/vegan-capsules-en\\\/bacopa-monnieri-90tabs-2\\\/#primaryimage\"},\"thumbnailUrl\":\"https:\\\/\\\/fit360.ee\\\/wp-content\\\/uploads\\\/2023\\\/09\\\/ostrovit-bacopa-monnieri-tabletid-fit360.ee_.png\",\"datePublished\":\"2023-09-14T10:01:38+00:00\",\"dateModified\":\"2026-04-09T15:13:06+00:00\",\"description\":\"Ostrovit Bacopa monnieri on nootroopne ravimtaim, mida on traditsioonilises Ayurveda meditsiinis kasutatud juba aastaid, peamiselt t\u00e4nu t\u00f5ekspidamistele ...\",\"breadcrumb\":{\"@id\":\"https:\\\/\\\/fit360.ee\\\/en\\\/pood\\\/product-groups\\\/%d0%b2%d0%b5%d0%b3%d0%b0%d0%bd\\\/vegan-capsules-en\\\/bacopa-monnieri-90tabs-2\\\/#breadcrumb\"},\"inLanguage\":\"en-US\",\"potentialAction\":[{\"@type\":\"ReadAction\",\"target\":[\"https:\\\/\\\/fit360.ee\\\/en\\\/pood\\\/product-groups\\\/%d0%b2%d0%b5%d0%b3%d0%b0%d0%bd\\\/vegan-capsules-en\\\/bacopa-monnieri-90tabs-2\\\/\"]}]},{\"@type\":\"ImageObject\",\"inLanguage\":\"en-US\",\"@id\":\"https:\\\/\\\/fit360.ee\\\/en\\\/pood\\\/product-groups\\\/%d0%b2%d0%b5%d0%b3%d0%b0%d0%bd\\\/vegan-capsules-en\\\/bacopa-monnieri-90tabs-2\\\/#primaryimage\",\"url\":\"https:\\\/\\\/fit360.ee\\\/wp-content\\\/uploads\\\/2023\\\/09\\\/ostrovit-bacopa-monnieri-tabletid-fit360.ee_.png\",\"contentUrl\":\"https:\\\/\\\/fit360.ee\\\/wp-content\\\/uploads\\\/2023\\\/09\\\/ostrovit-bacopa-monnieri-tabletid-fit360.ee_.png\",\"width\":450,\"height\":450,\"caption\":\"ostrovit bacopa monnieri tabletid - fit360.ee\"},{\"@type\":\"BreadcrumbList\",\"@id\":\"https:\\\/\\\/fit360.ee\\\/en\\\/pood\\\/product-groups\\\/%d0%b2%d0%b5%d0%b3%d0%b0%d0%bd\\\/vegan-capsules-en\\\/bacopa-monnieri-90tabs-2\\\/#breadcrumb\",\"itemListElement\":[{\"@type\":\"ListItem\",\"position\":1,\"name\":\"Home\",\"item\":\"https:\\\/\\\/fit360.ee\\\/en\\\/\"},{\"@type\":\"ListItem\",\"position\":2,\"name\":\"Shop\",\"item\":\"https:\\\/\\\/fit360.ee\\\/en\\\/shop\\\/\"},{\"@type\":\"ListItem\",\"position\":3,\"name\":\"Bacopa Monnieri (90tabs)\"}]},{\"@type\":\"WebSite\",\"@id\":\"https:\\\/\\\/fit360.ee\\\/en\\\/#website\",\"url\":\"https:\\\/\\\/fit360.ee\\\/en\\\/\",\"name\":\"Fit360\",\"description\":\"\",\"publisher\":{\"@id\":\"https:\\\/\\\/fit360.ee\\\/en\\\/#organization\"},\"potentialAction\":[{\"@type\":\"SearchAction\",\"target\":{\"@type\":\"EntryPoint\",\"urlTemplate\":\"https:\\\/\\\/fit360.ee\\\/en\\\/?s={search_term_string}\"},\"query-input\":{\"@type\":\"PropertyValueSpecification\",\"valueRequired\":true,\"valueName\":\"search_term_string\"}}],\"inLanguage\":\"en-US\"},{\"@type\":\"Organization\",\"@id\":\"https:\\\/\\\/fit360.ee\\\/en\\\/#organization\",\"name\":\"Fit360\",\"url\":\"https:\\\/\\\/fit360.ee\\\/en\\\/\",\"logo\":{\"@type\":\"ImageObject\",\"inLanguage\":\"en-US\",\"@id\":\"https:\\\/\\\/fit360.ee\\\/en\\\/#\\\/schema\\\/logo\\\/image\\\/\",\"url\":\"https:\\\/\\\/fit360.ee\\\/wp-content\\\/uploads\\\/2017\\\/01\\\/logo-fit360.png\",\"contentUrl\":\"https:\\\/\\\/fit360.ee\\\/wp-content\\\/uploads\\\/2017\\\/01\\\/logo-fit360.png\",\"width\":180,\"height\":66,\"caption\":\"Fit360\"},\"image\":{\"@id\":\"https:\\\/\\\/fit360.ee\\\/en\\\/#\\\/schema\\\/logo\\\/image\\\/\"}}]}<\/script>\n<!-- \/ Yoast SEO plugin. -->","yoast_head_json":{"title":"Bacopa Monnieri (90tabs) - Aju Tegevuse toetamine - Kiire Tarne - Fit360","description":"Ostrovit Bacopa monnieri on nootroopne ravimtaim, mida on traditsioonilises Ayurveda meditsiinis kasutatud juba aastaid, peamiselt t\u00e4nu t\u00f5ekspidamistele ...","robots":{"index":"index","follow":"follow","max-snippet":"max-snippet:-1","max-image-preview":"max-image-preview:large","max-video-preview":"max-video-preview:-1"},"canonical":"https:\/\/fit360.ee\/en\/pood\/product-groups\/\u0432\u0435\u0433\u0430\u043d\/vegan-capsules-en\/bacopa-monnieri-90tabs-2\/","og_locale":"en_US","og_type":"article","og_title":"Bacopa Monnieri (90tabs) - Aju Tegevuse toetamine - Kiire Tarne - Fit360","og_description":"Ostrovit Bacopa monnieri on nootroopne ravimtaim, mida on traditsioonilises Ayurveda meditsiinis kasutatud juba aastaid, peamiselt t\u00e4nu t\u00f5ekspidamistele ...","og_url":"https:\/\/fit360.ee\/en\/pood\/product-groups\/\u0432\u0435\u0433\u0430\u043d\/vegan-capsules-en\/bacopa-monnieri-90tabs-2\/","og_site_name":"Fit360","article_modified_time":"2026-04-09T15:13:06+00:00","og_image":[{"width":450,"height":450,"url":"https:\/\/fit360.ee\/wp-content\/uploads\/2023\/09\/ostrovit-bacopa-monnieri-tabletid-fit360.ee_.png","type":"image\/png"}],"twitter_card":"summary_large_image","twitter_misc":{"Est. reading time":"2 minutes"},"schema":{"@context":"https:\/\/schema.org","@graph":[{"@type":"WebPage","@id":"https:\/\/fit360.ee\/en\/pood\/product-groups\/%d0%b2%d0%b5%d0%b3%d0%b0%d0%bd\/vegan-capsules-en\/bacopa-monnieri-90tabs-2\/","url":"https:\/\/fit360.ee\/en\/pood\/product-groups\/%d0%b2%d0%b5%d0%b3%d0%b0%d0%bd\/vegan-capsules-en\/bacopa-monnieri-90tabs-2\/","name":"Bacopa Monnieri (90tabs) - Aju Tegevuse toetamine - Kiire Tarne - Fit360","isPartOf":{"@id":"https:\/\/fit360.ee\/en\/#website"},"primaryImageOfPage":{"@id":"https:\/\/fit360.ee\/en\/pood\/product-groups\/%d0%b2%d0%b5%d0%b3%d0%b0%d0%bd\/vegan-capsules-en\/bacopa-monnieri-90tabs-2\/#primaryimage"},"image":{"@id":"https:\/\/fit360.ee\/en\/pood\/product-groups\/%d0%b2%d0%b5%d0%b3%d0%b0%d0%bd\/vegan-capsules-en\/bacopa-monnieri-90tabs-2\/#primaryimage"},"thumbnailUrl":"https:\/\/fit360.ee\/wp-content\/uploads\/2023\/09\/ostrovit-bacopa-monnieri-tabletid-fit360.ee_.png","datePublished":"2023-09-14T10:01:38+00:00","dateModified":"2026-04-09T15:13:06+00:00","description":"Ostrovit Bacopa monnieri on nootroopne ravimtaim, mida on traditsioonilises Ayurveda meditsiinis kasutatud juba aastaid, peamiselt t\u00e4nu t\u00f5ekspidamistele ...","breadcrumb":{"@id":"https:\/\/fit360.ee\/en\/pood\/product-groups\/%d0%b2%d0%b5%d0%b3%d0%b0%d0%bd\/vegan-capsules-en\/bacopa-monnieri-90tabs-2\/#breadcrumb"},"inLanguage":"en-US","potentialAction":[{"@type":"ReadAction","target":["https:\/\/fit360.ee\/en\/pood\/product-groups\/%d0%b2%d0%b5%d0%b3%d0%b0%d0%bd\/vegan-capsules-en\/bacopa-monnieri-90tabs-2\/"]}]},{"@type":"ImageObject","inLanguage":"en-US","@id":"https:\/\/fit360.ee\/en\/pood\/product-groups\/%d0%b2%d0%b5%d0%b3%d0%b0%d0%bd\/vegan-capsules-en\/bacopa-monnieri-90tabs-2\/#primaryimage","url":"https:\/\/fit360.ee\/wp-content\/uploads\/2023\/09\/ostrovit-bacopa-monnieri-tabletid-fit360.ee_.png","contentUrl":"https:\/\/fit360.ee\/wp-content\/uploads\/2023\/09\/ostrovit-bacopa-monnieri-tabletid-fit360.ee_.png","width":450,"height":450,"caption":"ostrovit bacopa monnieri tabletid - fit360.ee"},{"@type":"BreadcrumbList","@id":"https:\/\/fit360.ee\/en\/pood\/product-groups\/%d0%b2%d0%b5%d0%b3%d0%b0%d0%bd\/vegan-capsules-en\/bacopa-monnieri-90tabs-2\/#breadcrumb","itemListElement":[{"@type":"ListItem","position":1,"name":"Home","item":"https:\/\/fit360.ee\/en\/"},{"@type":"ListItem","position":2,"name":"Shop","item":"https:\/\/fit360.ee\/en\/shop\/"},{"@type":"ListItem","position":3,"name":"Bacopa Monnieri (90tabs)"}]},{"@type":"WebSite","@id":"https:\/\/fit360.ee\/en\/#website","url":"https:\/\/fit360.ee\/en\/","name":"Fit360","description":"","publisher":{"@id":"https:\/\/fit360.ee\/en\/#organization"},"potentialAction":[{"@type":"SearchAction","target":{"@type":"EntryPoint","urlTemplate":"https:\/\/fit360.ee\/en\/?s={search_term_string}"},"query-input":{"@type":"PropertyValueSpecification","valueRequired":true,"valueName":"search_term_string"}}],"inLanguage":"en-US"},{"@type":"Organization","@id":"https:\/\/fit360.ee\/en\/#organization","name":"Fit360","url":"https:\/\/fit360.ee\/en\/","logo":{"@type":"ImageObject","inLanguage":"en-US","@id":"https:\/\/fit360.ee\/en\/#\/schema\/logo\/image\/","url":"https:\/\/fit360.ee\/wp-content\/uploads\/2017\/01\/logo-fit360.png","contentUrl":"https:\/\/fit360.ee\/wp-content\/uploads\/2017\/01\/logo-fit360.png","width":180,"height":66,"caption":"Fit360"},"image":{"@id":"https:\/\/fit360.ee\/en\/#\/schema\/logo\/image\/"}}]}},"_links":{"self":[{"href":"https:\/\/fit360.ee\/en\/wp-json\/wp\/v2\/product\/73074","targetHints":{"allow":["GET"]}}],"collection":[{"href":"https:\/\/fit360.ee\/en\/wp-json\/wp\/v2\/product"}],"about":[{"href":"https:\/\/fit360.ee\/en\/wp-json\/wp\/v2\/types\/product"}],"replies":[{"embeddable":true,"href":"https:\/\/fit360.ee\/en\/wp-json\/wp\/v2\/comments?post=73074"}],"wp:featuredmedia":[{"embeddable":true,"href":"https:\/\/fit360.ee\/en\/wp-json\/wp\/v2\/media\/84694"}],"wp:attachment":[{"href":"https:\/\/fit360.ee\/en\/wp-json\/wp\/v2\/media?parent=73074"}],"wp:term":[{"taxonomy":"product_brand","embeddable":true,"href":"https:\/\/fit360.ee\/en\/wp-json\/wp\/v2\/product_brand?post=73074"},{"taxonomy":"product_cat","embeddable":true,"href":"https:\/\/fit360.ee\/en\/wp-json\/wp\/v2\/product_cat?post=73074"},{"taxonomy":"product_tag","embeddable":true,"href":"https:\/\/fit360.ee\/en\/wp-json\/wp\/v2\/product_tag?post=73074"},{"taxonomy":"giftcard-category","embeddable":true,"href":"https:\/\/fit360.ee\/en\/wp-json\/wp\/v2\/giftcard-category?post=73074"}],"curies":[{"name":"wp","href":"https:\/\/api.w.org\/{rel}","templated":true}]}}