{"id":73340,"date":"2023-09-27T10:13:19","date_gmt":"2023-09-27T08:13:19","guid":{"rendered":"https:\/\/fit360.ee\/pood\/uncategorized\/power-system-fitness-gloves-pro-grip-xs-xl\/"},"modified":"2025-08-13T07:36:17","modified_gmt":"2025-08-13T05:36:17","slug":"power-system-fitness-gloves-pro-grip-xs-xl","status":"publish","type":"product","link":"https:\/\/fit360.ee\/en\/pood\/training-equipment-en\/gloves-en\/power-system-fitness-gloves-pro-grip-xs-xl\/","title":{"rendered":"POWER SYSTEM Fitness Gloves Pro Grip (XS-XL)"},"content":{"rendered":"<h2><strong>Fitness Gloves Pro Grip<\/strong><\/h2>\n<ul>\n<li class=\"markdown prose w-full break-words dark:prose-invert dark\">Tutvustame POWER SYSTEM Fitnessi kindaid PRO GRIP, mis on \u00fclim lahendus\u00a0<strong>vastupidavuse ja j\u00f5udluse<\/strong> tagamiseks.\u00a0Siin on p\u00f5hjus, miks need kindad on kohustuslikud ja nende pakutavad eelised:\n<ul>\n<li>V\u00f5rratu vastupidavus: meie kindad on loodud vastu\u00a0<strong>pidama ka k\u00f5ige raskematele treeningutele<\/strong>\u00a0.\u00a0Ergonoomilise kujuga peopesa on valmistatud\u00a0<strong>tippkvaliteediga Amara materjalist<\/strong>\u00a0, mis on tuntud oma erakordse vastupidavuse poolest.\u00a0T\u00e4iustatud funktsioonide ja tugeva vahtpolstriga kindad pakuvad\u00a0<strong>maksimaalset kaitset<\/strong>\u00a0ja pikka kasutusiga.\u00a0Topelt\u00f5mblused peopesal ja kahekihiline p\u00f6ial tugevdavad veelgi nende vastupidavust, tagades, et need kaitsevad k\u00e4si t\u00f5husalt kogu treeningute v\u00e4ltel.<\/li>\n<li>Hingav ja paindlik: me m\u00f5istame kinnaste hingavuse t\u00e4htsust intensiivsete treeningute ajal.\u00a0Kinnaste tagak\u00fclg on valmistatud suurep\u00e4rasest\u00a0<strong>elastsest ja kergest 4WAY struktureeritud kangast<\/strong>\u00a0.\u00a0See uuenduslik materjal soodustab\u00a0<strong>optimaalset ventilatsiooni<\/strong>\u00a0, hoides \u00e4ra kuumuse kogunemise ning\u00a0<strong>hoides k\u00e4ed jahedana ja kuivana<\/strong>\u00a0.\u00a0Lisaks tagab selle kanga v\u00f5rkkonstruktsioon suurep\u00e4rase elastsuse, v\u00f5imaldades s\u00f5rmede piiramatut liikumist ja parandades teie \u00fcldist j\u00f5udlust.<\/li>\n<li>Libisemisvastane ja kaitsev: optimaalse funktsionaalsuse tagamiseks on kinda peopesa nutikalt kujundatud kahe osaga.\u00a0Vahtpolster annab pehmenduse, v\u00e4hendades m\u00f5ju k\u00e4tele ning suurendades teie\u00a0<strong>mugavust ja j\u00f5udlust<\/strong>\u00a0.\u00a0Teine osa on valmistatud ehtsast nahast, pakkudes\u00a0<strong>suurep\u00e4rast haarduvust ja kaitset<\/strong>\u00a0.\u00a0See kombinatsioon mitte ainult ei kaitse teie k\u00e4si, vaid tagab ka j\u00f5usaalist tugeva haarde, v\u00f5imaldades teil treeningutel kogu oma potentsiaali vallandada.<\/li>\n<li>Humaniseeritud disain: meie kinnastel on vabalt reguleeritav randme takjakinnisus, mis tagab\u00a0teie randme suurusele parima sobivuse\u00a0<strong>paindlikkuse .\u00a0<\/strong>See funktsioon tagab turvalise ja kohandatud istuvuse, andes teile kindlustunde\u00a0<strong>ja stabiilsuse,<\/strong>\u00a0mida on vaja mitmesuguste tegevuste ajal, nagu treenimine, treening, treening, fitness, kulturism, jalgrattas\u00f5it, t\u00f5stmine ja j\u00f5ut\u00f5stmine.<\/li>\n<\/ul>\n<p>\u00c4rge leppige tavaliste kinnastega, kui saate kogeda POWER SYSTEM Fitnessi kinnaste PRO GRIP erakordseid eeliseid.\u00a0Vastupidav konstruktsioon, hingav disain,\u00a0<strong>libisemisvastane k\u00e4epide<\/strong>\u00a0ja humaniseeritud omadused muudavad need kindad\u00a0<strong>ideaalseks valikuks<\/strong>\u00a0k\u00f5igiks teie treeninguteks.\u00a0Vabastage oma t\u00e4ielik potentsiaal ja saavutage oma treeningueesm\u00e4rgid enesekindlalt ja mugavalt.<\/li>\n<\/ul>\n<p><strong>V\u00e4rvus<\/strong>: Must; Roosa<\/p>\n<p><strong>Suurus<\/strong>: XS-XL<\/p>\n<p>Vaata ka meie teisi treeningkindaid <a href=\"https:\/\/fit360.ee\/en\/product-category\/training-equipment-en\/gloves-en\/\"><strong>SIIT<\/strong><\/a>!<\/p>\n<p>Soovid kaupa osta suuremas koguses? Vaata antud toodet ka meie HULGI poest\u00a0<a href=\"https:\/\/toidulisandidhulgi.ee\/tooted\/power-system-fitness-gloves-pro-grip-xs-xl\/\"><strong>SIIT<\/strong><\/a>!<\/p>\n","protected":false},"excerpt":{"rendered":"<ul>\n<li>Suurep\u00e4rane vastupidavus<\/li>\n<li>Hingav ja paindlik<\/li>\n<li>Libisemisvastane ja kaitsev<\/li>\n<li>Hea disain<\/li>\n<\/ul>\n","protected":false},"featured_media":73328,"comment_status":"closed","ping_status":"closed","template":"","meta":[],"product_brand":[],"product_cat":[541,538],"product_tag":[4515,4516],"giftcard-category":[],"class_list":{"0":"post-73340","1":"product","2":"type-product","3":"status-publish","4":"has-post-thumbnail","6":"product_cat-gloves-en","7":"product_cat-training-equipment-en","8":"product_tag-fitness-gloves-pro-grip-en","9":"product_tag-power-system-en","10":"pa_suurus-l","11":"pa_suurus-m","12":"pa_suurus-s","13":"pa_suurus-xl","14":"pa_suurus-xs","15":"pa_varvus-black","16":"pa_varvus-pink","18":"first","19":"outofstock","20":"taxable","21":"shipping-taxable","22":"purchasable","23":"product-type-variable"},"yoast_head":"<!-- This site is optimized with the Yoast SEO plugin v27.3 - https:\/\/yoast.com\/product\/yoast-seo-wordpress\/ -->\n<title>POWER SYSTEM Fitness Gloves Pro Grip (XS-XL) - Treeningkindad - Fit360<\/title>\n<meta name=\"description\" content=\"POWER SYSTEM Fitnessi kindaid PRO GRIP, mis on \u00fclim lahendus\u00a0vastupidavuse ja j\u00f5udluse tagamiseks.\u00a0Need kindad on kohustuslikud ja pakuvad...\" \/>\n<meta name=\"robots\" content=\"index, follow, max-snippet:-1, max-image-preview:large, max-video-preview:-1\" \/>\n<link rel=\"canonical\" href=\"https:\/\/fit360.ee\/en\/pood\/training-equipment-en\/gloves-en\/power-system-fitness-gloves-pro-grip-xs-xl\/\" \/>\n<meta property=\"og:locale\" content=\"en_US\" \/>\n<meta property=\"og:type\" content=\"article\" \/>\n<meta property=\"og:title\" content=\"POWER SYSTEM Fitness Gloves Pro Grip (XS-XL) - Treeningkindad - Fit360\" \/>\n<meta property=\"og:description\" content=\"POWER SYSTEM Fitnessi kindaid PRO GRIP, mis on \u00fclim lahendus\u00a0vastupidavuse ja j\u00f5udluse tagamiseks.\u00a0Need kindad on kohustuslikud ja pakuvad...\" \/>\n<meta property=\"og:url\" content=\"https:\/\/fit360.ee\/en\/pood\/training-equipment-en\/gloves-en\/power-system-fitness-gloves-pro-grip-xs-xl\/\" \/>\n<meta property=\"og:site_name\" content=\"Fit360\" \/>\n<meta property=\"article:modified_time\" content=\"2025-08-13T05:36:17+00:00\" \/>\n<meta property=\"og:image\" content=\"https:\/\/fit360.ee\/wp-content\/uploads\/2023\/09\/power-system-fitness-gloves-pro-grip-fit360.ee-1.jpg\" \/>\n\t<meta property=\"og:image:width\" content=\"773\" \/>\n\t<meta property=\"og:image:height\" content=\"660\" \/>\n\t<meta property=\"og:image:type\" content=\"image\/jpeg\" \/>\n<meta name=\"twitter:card\" content=\"summary_large_image\" \/>\n<meta name=\"twitter:label1\" content=\"Est. reading time\" \/>\n\t<meta name=\"twitter:data1\" content=\"2 minutes\" \/>\n<script type=\"application\/ld+json\" class=\"yoast-schema-graph\">{\"@context\":\"https:\\\/\\\/schema.org\",\"@graph\":[{\"@type\":\"WebPage\",\"@id\":\"https:\\\/\\\/fit360.ee\\\/en\\\/pood\\\/training-equipment-en\\\/gloves-en\\\/power-system-fitness-gloves-pro-grip-xs-xl\\\/\",\"url\":\"https:\\\/\\\/fit360.ee\\\/en\\\/pood\\\/training-equipment-en\\\/gloves-en\\\/power-system-fitness-gloves-pro-grip-xs-xl\\\/\",\"name\":\"POWER SYSTEM Fitness Gloves Pro Grip (XS-XL) - Treeningkindad - Fit360\",\"isPartOf\":{\"@id\":\"https:\\\/\\\/fit360.ee\\\/en\\\/#website\"},\"primaryImageOfPage\":{\"@id\":\"https:\\\/\\\/fit360.ee\\\/en\\\/pood\\\/training-equipment-en\\\/gloves-en\\\/power-system-fitness-gloves-pro-grip-xs-xl\\\/#primaryimage\"},\"image\":{\"@id\":\"https:\\\/\\\/fit360.ee\\\/en\\\/pood\\\/training-equipment-en\\\/gloves-en\\\/power-system-fitness-gloves-pro-grip-xs-xl\\\/#primaryimage\"},\"thumbnailUrl\":\"https:\\\/\\\/fit360.ee\\\/wp-content\\\/uploads\\\/2023\\\/09\\\/power-system-fitness-gloves-pro-grip-fit360.ee-1.jpg\",\"datePublished\":\"2023-09-27T08:13:19+00:00\",\"dateModified\":\"2025-08-13T05:36:17+00:00\",\"description\":\"POWER SYSTEM Fitnessi kindaid PRO GRIP, mis on \u00fclim lahendus\u00a0vastupidavuse ja j\u00f5udluse tagamiseks.\u00a0Need kindad on kohustuslikud ja pakuvad...\",\"breadcrumb\":{\"@id\":\"https:\\\/\\\/fit360.ee\\\/en\\\/pood\\\/training-equipment-en\\\/gloves-en\\\/power-system-fitness-gloves-pro-grip-xs-xl\\\/#breadcrumb\"},\"inLanguage\":\"en-US\",\"potentialAction\":[{\"@type\":\"ReadAction\",\"target\":[\"https:\\\/\\\/fit360.ee\\\/en\\\/pood\\\/training-equipment-en\\\/gloves-en\\\/power-system-fitness-gloves-pro-grip-xs-xl\\\/\"]}]},{\"@type\":\"ImageObject\",\"inLanguage\":\"en-US\",\"@id\":\"https:\\\/\\\/fit360.ee\\\/en\\\/pood\\\/training-equipment-en\\\/gloves-en\\\/power-system-fitness-gloves-pro-grip-xs-xl\\\/#primaryimage\",\"url\":\"https:\\\/\\\/fit360.ee\\\/wp-content\\\/uploads\\\/2023\\\/09\\\/power-system-fitness-gloves-pro-grip-fit360.ee-1.jpg\",\"contentUrl\":\"https:\\\/\\\/fit360.ee\\\/wp-content\\\/uploads\\\/2023\\\/09\\\/power-system-fitness-gloves-pro-grip-fit360.ee-1.jpg\",\"width\":773,\"height\":660,\"caption\":\"power system fitness gloves pro grip - fit360.ee\"},{\"@type\":\"BreadcrumbList\",\"@id\":\"https:\\\/\\\/fit360.ee\\\/en\\\/pood\\\/training-equipment-en\\\/gloves-en\\\/power-system-fitness-gloves-pro-grip-xs-xl\\\/#breadcrumb\",\"itemListElement\":[{\"@type\":\"ListItem\",\"position\":1,\"name\":\"Home\",\"item\":\"https:\\\/\\\/fit360.ee\\\/en\\\/\"},{\"@type\":\"ListItem\",\"position\":2,\"name\":\"Shop\",\"item\":\"https:\\\/\\\/fit360.ee\\\/en\\\/shop\\\/\"},{\"@type\":\"ListItem\",\"position\":3,\"name\":\"POWER SYSTEM Fitness Gloves Pro Grip (XS-XL)\"}]},{\"@type\":\"WebSite\",\"@id\":\"https:\\\/\\\/fit360.ee\\\/en\\\/#website\",\"url\":\"https:\\\/\\\/fit360.ee\\\/en\\\/\",\"name\":\"Fit360\",\"description\":\"\",\"publisher\":{\"@id\":\"https:\\\/\\\/fit360.ee\\\/en\\\/#organization\"},\"potentialAction\":[{\"@type\":\"SearchAction\",\"target\":{\"@type\":\"EntryPoint\",\"urlTemplate\":\"https:\\\/\\\/fit360.ee\\\/en\\\/?s={search_term_string}\"},\"query-input\":{\"@type\":\"PropertyValueSpecification\",\"valueRequired\":true,\"valueName\":\"search_term_string\"}}],\"inLanguage\":\"en-US\"},{\"@type\":\"Organization\",\"@id\":\"https:\\\/\\\/fit360.ee\\\/en\\\/#organization\",\"name\":\"Fit360\",\"url\":\"https:\\\/\\\/fit360.ee\\\/en\\\/\",\"logo\":{\"@type\":\"ImageObject\",\"inLanguage\":\"en-US\",\"@id\":\"https:\\\/\\\/fit360.ee\\\/en\\\/#\\\/schema\\\/logo\\\/image\\\/\",\"url\":\"https:\\\/\\\/fit360.ee\\\/wp-content\\\/uploads\\\/2017\\\/01\\\/logo-fit360.png\",\"contentUrl\":\"https:\\\/\\\/fit360.ee\\\/wp-content\\\/uploads\\\/2017\\\/01\\\/logo-fit360.png\",\"width\":180,\"height\":66,\"caption\":\"Fit360\"},\"image\":{\"@id\":\"https:\\\/\\\/fit360.ee\\\/en\\\/#\\\/schema\\\/logo\\\/image\\\/\"}}]}<\/script>\n<!-- \/ Yoast SEO plugin. -->","yoast_head_json":{"title":"POWER SYSTEM Fitness Gloves Pro Grip (XS-XL) - Treeningkindad - Fit360","description":"POWER SYSTEM Fitnessi kindaid PRO GRIP, mis on \u00fclim lahendus\u00a0vastupidavuse ja j\u00f5udluse tagamiseks.\u00a0Need kindad on kohustuslikud ja pakuvad...","robots":{"index":"index","follow":"follow","max-snippet":"max-snippet:-1","max-image-preview":"max-image-preview:large","max-video-preview":"max-video-preview:-1"},"canonical":"https:\/\/fit360.ee\/en\/pood\/training-equipment-en\/gloves-en\/power-system-fitness-gloves-pro-grip-xs-xl\/","og_locale":"en_US","og_type":"article","og_title":"POWER SYSTEM Fitness Gloves Pro Grip (XS-XL) - Treeningkindad - Fit360","og_description":"POWER SYSTEM Fitnessi kindaid PRO GRIP, mis on \u00fclim lahendus\u00a0vastupidavuse ja j\u00f5udluse tagamiseks.\u00a0Need kindad on kohustuslikud ja pakuvad...","og_url":"https:\/\/fit360.ee\/en\/pood\/training-equipment-en\/gloves-en\/power-system-fitness-gloves-pro-grip-xs-xl\/","og_site_name":"Fit360","article_modified_time":"2025-08-13T05:36:17+00:00","og_image":[{"width":773,"height":660,"url":"https:\/\/fit360.ee\/wp-content\/uploads\/2023\/09\/power-system-fitness-gloves-pro-grip-fit360.ee-1.jpg","type":"image\/jpeg"}],"twitter_card":"summary_large_image","twitter_misc":{"Est. reading time":"2 minutes"},"schema":{"@context":"https:\/\/schema.org","@graph":[{"@type":"WebPage","@id":"https:\/\/fit360.ee\/en\/pood\/training-equipment-en\/gloves-en\/power-system-fitness-gloves-pro-grip-xs-xl\/","url":"https:\/\/fit360.ee\/en\/pood\/training-equipment-en\/gloves-en\/power-system-fitness-gloves-pro-grip-xs-xl\/","name":"POWER SYSTEM Fitness Gloves Pro Grip (XS-XL) - Treeningkindad - Fit360","isPartOf":{"@id":"https:\/\/fit360.ee\/en\/#website"},"primaryImageOfPage":{"@id":"https:\/\/fit360.ee\/en\/pood\/training-equipment-en\/gloves-en\/power-system-fitness-gloves-pro-grip-xs-xl\/#primaryimage"},"image":{"@id":"https:\/\/fit360.ee\/en\/pood\/training-equipment-en\/gloves-en\/power-system-fitness-gloves-pro-grip-xs-xl\/#primaryimage"},"thumbnailUrl":"https:\/\/fit360.ee\/wp-content\/uploads\/2023\/09\/power-system-fitness-gloves-pro-grip-fit360.ee-1.jpg","datePublished":"2023-09-27T08:13:19+00:00","dateModified":"2025-08-13T05:36:17+00:00","description":"POWER SYSTEM Fitnessi kindaid PRO GRIP, mis on \u00fclim lahendus\u00a0vastupidavuse ja j\u00f5udluse tagamiseks.\u00a0Need kindad on kohustuslikud ja pakuvad...","breadcrumb":{"@id":"https:\/\/fit360.ee\/en\/pood\/training-equipment-en\/gloves-en\/power-system-fitness-gloves-pro-grip-xs-xl\/#breadcrumb"},"inLanguage":"en-US","potentialAction":[{"@type":"ReadAction","target":["https:\/\/fit360.ee\/en\/pood\/training-equipment-en\/gloves-en\/power-system-fitness-gloves-pro-grip-xs-xl\/"]}]},{"@type":"ImageObject","inLanguage":"en-US","@id":"https:\/\/fit360.ee\/en\/pood\/training-equipment-en\/gloves-en\/power-system-fitness-gloves-pro-grip-xs-xl\/#primaryimage","url":"https:\/\/fit360.ee\/wp-content\/uploads\/2023\/09\/power-system-fitness-gloves-pro-grip-fit360.ee-1.jpg","contentUrl":"https:\/\/fit360.ee\/wp-content\/uploads\/2023\/09\/power-system-fitness-gloves-pro-grip-fit360.ee-1.jpg","width":773,"height":660,"caption":"power system fitness gloves pro grip - fit360.ee"},{"@type":"BreadcrumbList","@id":"https:\/\/fit360.ee\/en\/pood\/training-equipment-en\/gloves-en\/power-system-fitness-gloves-pro-grip-xs-xl\/#breadcrumb","itemListElement":[{"@type":"ListItem","position":1,"name":"Home","item":"https:\/\/fit360.ee\/en\/"},{"@type":"ListItem","position":2,"name":"Shop","item":"https:\/\/fit360.ee\/en\/shop\/"},{"@type":"ListItem","position":3,"name":"POWER SYSTEM Fitness Gloves Pro Grip (XS-XL)"}]},{"@type":"WebSite","@id":"https:\/\/fit360.ee\/en\/#website","url":"https:\/\/fit360.ee\/en\/","name":"Fit360","description":"","publisher":{"@id":"https:\/\/fit360.ee\/en\/#organization"},"potentialAction":[{"@type":"SearchAction","target":{"@type":"EntryPoint","urlTemplate":"https:\/\/fit360.ee\/en\/?s={search_term_string}"},"query-input":{"@type":"PropertyValueSpecification","valueRequired":true,"valueName":"search_term_string"}}],"inLanguage":"en-US"},{"@type":"Organization","@id":"https:\/\/fit360.ee\/en\/#organization","name":"Fit360","url":"https:\/\/fit360.ee\/en\/","logo":{"@type":"ImageObject","inLanguage":"en-US","@id":"https:\/\/fit360.ee\/en\/#\/schema\/logo\/image\/","url":"https:\/\/fit360.ee\/wp-content\/uploads\/2017\/01\/logo-fit360.png","contentUrl":"https:\/\/fit360.ee\/wp-content\/uploads\/2017\/01\/logo-fit360.png","width":180,"height":66,"caption":"Fit360"},"image":{"@id":"https:\/\/fit360.ee\/en\/#\/schema\/logo\/image\/"}}]}},"_links":{"self":[{"href":"https:\/\/fit360.ee\/en\/wp-json\/wp\/v2\/product\/73340","targetHints":{"allow":["GET"]}}],"collection":[{"href":"https:\/\/fit360.ee\/en\/wp-json\/wp\/v2\/product"}],"about":[{"href":"https:\/\/fit360.ee\/en\/wp-json\/wp\/v2\/types\/product"}],"replies":[{"embeddable":true,"href":"https:\/\/fit360.ee\/en\/wp-json\/wp\/v2\/comments?post=73340"}],"wp:featuredmedia":[{"embeddable":true,"href":"https:\/\/fit360.ee\/en\/wp-json\/wp\/v2\/media\/73328"}],"wp:attachment":[{"href":"https:\/\/fit360.ee\/en\/wp-json\/wp\/v2\/media?parent=73340"}],"wp:term":[{"taxonomy":"product_brand","embeddable":true,"href":"https:\/\/fit360.ee\/en\/wp-json\/wp\/v2\/product_brand?post=73340"},{"taxonomy":"product_cat","embeddable":true,"href":"https:\/\/fit360.ee\/en\/wp-json\/wp\/v2\/product_cat?post=73340"},{"taxonomy":"product_tag","embeddable":true,"href":"https:\/\/fit360.ee\/en\/wp-json\/wp\/v2\/product_tag?post=73340"},{"taxonomy":"giftcard-category","embeddable":true,"href":"https:\/\/fit360.ee\/en\/wp-json\/wp\/v2\/giftcard-category?post=73340"}],"curies":[{"name":"wp","href":"https:\/\/api.w.org\/{rel}","templated":true}]}}