{"id":73357,"date":"2023-09-27T10:34:00","date_gmt":"2023-09-27T08:34:00","guid":{"rendered":"https:\/\/fit360.ee\/pood\/uncategorized\/power-system-weightlifting-gloves-power-plus\/"},"modified":"2025-08-13T07:39:05","modified_gmt":"2025-08-13T05:39:05","slug":"power-system-weightlifting-gloves-power-plus","status":"publish","type":"product","link":"https:\/\/fit360.ee\/en\/pood\/training-equipment-en\/gloves-en\/power-system-weightlifting-gloves-power-plus\/","title":{"rendered":"POWER SYSTEM Weightlifting Gloves Power Plus, Must (XS-XL)"},"content":{"rendered":"<h2><strong>Weightlifting Gloves Power Plus<\/strong><\/h2>\n<ul>\n<li>Weightlifting Gloves Power Plus kinnastel on suurep\u00e4rane hingavus ja suurep\u00e4rane mugavus: valmistatud kvaliteetsest kergest perforeeritud, tugevast ja vastupidavast MicroLite materjalist, mis parandab \u00f5huringlust.<\/li>\n<li>Kombineeritud 4WAY struktureeritud siset\u00fckiga maksimaalse mugavuse tagamiseks<\/li>\n<li>Sisaldab polsterdatud ja anatoomilise kujuga peopesa ideaalset haaret<\/li>\n<li>Sellel on takjakinnisega liibumine.<\/li>\n<li>Universaalsed kindad: sobivad treenimiseks, treenimiseks, treenimiseks, fitnessiks, kulturismiks, raskuste t\u00f5stmiseks, j\u00f5ut\u00f5stmiseks.<\/li>\n<li>Perforeeritud, tugev ja vastupidav AirVent materjal tagak\u00fcljel parandab \u00f5huringlust<\/li>\n<li>suurused: XS, S, M, L, XL, XXL<\/li>\n<li>V\u00e4rvid: must, hall, punane<\/li>\n<\/ul>\n<p><a href=\"https:\/\/fit360.ee\/wp-content\/uploads\/2023\/09\/weightlifting-gloves-power-plus-fit360.ee-1.jpg\"><img loading=\"lazy\" decoding=\"async\" class=\"size-full wp-image-73350\" src=\"https:\/\/fit360.ee\/wp-content\/uploads\/2023\/09\/weightlifting-gloves-power-plus-fit360.ee-1.jpg\" alt=\"weightlifting gloves power plus - fit360.ee\" width=\"696\" height=\"610\" srcset=\"https:\/\/fit360.ee\/wp-content\/uploads\/2023\/09\/weightlifting-gloves-power-plus-fit360.ee-1.jpg 696w, https:\/\/fit360.ee\/wp-content\/uploads\/2023\/09\/weightlifting-gloves-power-plus-fit360.ee-1-510x447.jpg 510w\" sizes=\"auto, (max-width: 696px) 100vw, 696px\" \/><\/a><\/p>\n<p>Vaata ka meie teisi Treeningkindaid <a href=\"https:\/\/fit360.ee\/en\/product-category\/training-equipment-en\/gloves-en\/\"><strong>SIIT<\/strong><\/a>!<\/p>\n<p>Soovid kaupa osta suuremas koguses? Vaata antud toodet ka meie HULGI poest\u00a0<a href=\"https:\/\/toidulisandidhulgi.ee\/tooted\/power-system-weightlifting-gloves-power-plus\/\"><strong>SIIT<\/strong><\/a>!<\/p>\n","protected":false},"excerpt":{"rendered":"<ul>\n<li>Weightlifting Gloves Power Plus kinnastel on suurep\u00e4rane hingavus ja suurep\u00e4rane mugavus: valmistatud kvaliteetsest kergest perforeeritud, tugevast ja vastupidavast MicroLite materjalist, mis parandab \u00f5huringlust.<\/li>\n<li>Kombineeritud 4WAY struktureeritud siset\u00fckiga maksimaalse mugavuse tagamiseks<\/li>\n<li>Sisaldab polsterdatud ja anatoomilise kujuga peopesa ideaalset haaret<\/li>\n<li>Sellel on takjakinnisega liibumine.<\/li>\n<li>Universaalsed kindad: sobivad treenimiseks, treenimiseks, treenimiseks, fitnessiks, kulturismiks, raskuste t\u00f5stmiseks, j\u00f5ut\u00f5stmiseks.<\/li>\n<li>Perforeeritud, tugev ja vastupidav AirVent materjal tagak\u00fcljel parandab \u00f5huringlust<\/li>\n<\/ul>\n","protected":false},"featured_media":73351,"comment_status":"closed","ping_status":"closed","template":"","meta":[],"product_brand":[],"product_cat":[541,538],"product_tag":[4518],"giftcard-category":[],"class_list":{"0":"post-73357","1":"product","2":"type-product","3":"status-publish","4":"has-post-thumbnail","6":"product_cat-gloves-en","7":"product_cat-training-equipment-en","8":"product_tag-weightlifting-gloves-pwer-plus-en","9":"pa_suurus-l","10":"pa_suurus-m","11":"pa_suurus-s","12":"pa_suurus-xl","14":"first","15":"outofstock","16":"taxable","17":"shipping-taxable","18":"purchasable","19":"product-type-variable"},"yoast_head":"<!-- This site is optimized with the Yoast SEO plugin v27.3 - https:\/\/yoast.com\/product\/yoast-seo-wordpress\/ -->\n<title>POWER SYSTEM Weightlifting Gloves Power Plus, Must (XS-XL) - Fit360<\/title>\n<meta name=\"description\" content=\"Weightlifting Gloves Power Plus kinnastel on suurep\u00e4rane hingavus ja suurep\u00e4rane mugavus: valmistatud kvaliteetsest kergest perforeeritud, tugevast ja...\" \/>\n<meta name=\"robots\" content=\"index, follow, max-snippet:-1, max-image-preview:large, max-video-preview:-1\" \/>\n<link rel=\"canonical\" href=\"https:\/\/fit360.ee\/en\/pood\/training-equipment-en\/gloves-en\/power-system-weightlifting-gloves-power-plus\/\" \/>\n<meta property=\"og:locale\" content=\"en_US\" \/>\n<meta property=\"og:type\" content=\"article\" \/>\n<meta property=\"og:title\" content=\"POWER SYSTEM Weightlifting Gloves Power Plus, Must (XS-XL) - Fit360\" \/>\n<meta property=\"og:description\" content=\"Weightlifting Gloves Power Plus kinnastel on suurep\u00e4rane hingavus ja suurep\u00e4rane mugavus: valmistatud kvaliteetsest kergest perforeeritud, tugevast ja...\" \/>\n<meta property=\"og:url\" content=\"https:\/\/fit360.ee\/en\/pood\/training-equipment-en\/gloves-en\/power-system-weightlifting-gloves-power-plus\/\" \/>\n<meta property=\"og:site_name\" content=\"Fit360\" \/>\n<meta property=\"article:modified_time\" content=\"2025-08-13T05:39:05+00:00\" \/>\n<meta property=\"og:image\" content=\"https:\/\/fit360.ee\/wp-content\/uploads\/2023\/09\/weightlifting-gloves-power-plus-fit360.ee-1.jpg\" \/>\n\t<meta property=\"og:image:width\" content=\"696\" \/>\n\t<meta property=\"og:image:height\" content=\"610\" \/>\n\t<meta property=\"og:image:type\" content=\"image\/jpeg\" \/>\n<meta name=\"twitter:card\" content=\"summary_large_image\" \/>\n<meta name=\"twitter:label1\" content=\"Est. reading time\" \/>\n\t<meta name=\"twitter:data1\" content=\"1 minute\" \/>\n<script type=\"application\/ld+json\" class=\"yoast-schema-graph\">{\"@context\":\"https:\\\/\\\/schema.org\",\"@graph\":[{\"@type\":\"WebPage\",\"@id\":\"https:\\\/\\\/fit360.ee\\\/en\\\/pood\\\/training-equipment-en\\\/gloves-en\\\/power-system-weightlifting-gloves-power-plus\\\/\",\"url\":\"https:\\\/\\\/fit360.ee\\\/en\\\/pood\\\/training-equipment-en\\\/gloves-en\\\/power-system-weightlifting-gloves-power-plus\\\/\",\"name\":\"POWER SYSTEM Weightlifting Gloves Power Plus, Must (XS-XL) - Fit360\",\"isPartOf\":{\"@id\":\"https:\\\/\\\/fit360.ee\\\/en\\\/#website\"},\"primaryImageOfPage\":{\"@id\":\"https:\\\/\\\/fit360.ee\\\/en\\\/pood\\\/training-equipment-en\\\/gloves-en\\\/power-system-weightlifting-gloves-power-plus\\\/#primaryimage\"},\"image\":{\"@id\":\"https:\\\/\\\/fit360.ee\\\/en\\\/pood\\\/training-equipment-en\\\/gloves-en\\\/power-system-weightlifting-gloves-power-plus\\\/#primaryimage\"},\"thumbnailUrl\":\"https:\\\/\\\/fit360.ee\\\/wp-content\\\/uploads\\\/2023\\\/09\\\/weightlifting-gloves-power-plus-fit360.ee-1.jpg\",\"datePublished\":\"2023-09-27T08:34:00+00:00\",\"dateModified\":\"2025-08-13T05:39:05+00:00\",\"description\":\"Weightlifting Gloves Power Plus kinnastel on suurep\u00e4rane hingavus ja suurep\u00e4rane mugavus: valmistatud kvaliteetsest kergest perforeeritud, tugevast ja...\",\"breadcrumb\":{\"@id\":\"https:\\\/\\\/fit360.ee\\\/en\\\/pood\\\/training-equipment-en\\\/gloves-en\\\/power-system-weightlifting-gloves-power-plus\\\/#breadcrumb\"},\"inLanguage\":\"en-US\",\"potentialAction\":[{\"@type\":\"ReadAction\",\"target\":[\"https:\\\/\\\/fit360.ee\\\/en\\\/pood\\\/training-equipment-en\\\/gloves-en\\\/power-system-weightlifting-gloves-power-plus\\\/\"]}]},{\"@type\":\"ImageObject\",\"inLanguage\":\"en-US\",\"@id\":\"https:\\\/\\\/fit360.ee\\\/en\\\/pood\\\/training-equipment-en\\\/gloves-en\\\/power-system-weightlifting-gloves-power-plus\\\/#primaryimage\",\"url\":\"https:\\\/\\\/fit360.ee\\\/wp-content\\\/uploads\\\/2023\\\/09\\\/weightlifting-gloves-power-plus-fit360.ee-1.jpg\",\"contentUrl\":\"https:\\\/\\\/fit360.ee\\\/wp-content\\\/uploads\\\/2023\\\/09\\\/weightlifting-gloves-power-plus-fit360.ee-1.jpg\",\"width\":696,\"height\":610,\"caption\":\"weightlifting gloves power plus - fit360.ee\"},{\"@type\":\"BreadcrumbList\",\"@id\":\"https:\\\/\\\/fit360.ee\\\/en\\\/pood\\\/training-equipment-en\\\/gloves-en\\\/power-system-weightlifting-gloves-power-plus\\\/#breadcrumb\",\"itemListElement\":[{\"@type\":\"ListItem\",\"position\":1,\"name\":\"Home\",\"item\":\"https:\\\/\\\/fit360.ee\\\/en\\\/\"},{\"@type\":\"ListItem\",\"position\":2,\"name\":\"Shop\",\"item\":\"https:\\\/\\\/fit360.ee\\\/en\\\/shop\\\/\"},{\"@type\":\"ListItem\",\"position\":3,\"name\":\"POWER SYSTEM Weightlifting Gloves Power Plus, Must (XS-XL)\"}]},{\"@type\":\"WebSite\",\"@id\":\"https:\\\/\\\/fit360.ee\\\/en\\\/#website\",\"url\":\"https:\\\/\\\/fit360.ee\\\/en\\\/\",\"name\":\"Fit360\",\"description\":\"\",\"publisher\":{\"@id\":\"https:\\\/\\\/fit360.ee\\\/en\\\/#organization\"},\"potentialAction\":[{\"@type\":\"SearchAction\",\"target\":{\"@type\":\"EntryPoint\",\"urlTemplate\":\"https:\\\/\\\/fit360.ee\\\/en\\\/?s={search_term_string}\"},\"query-input\":{\"@type\":\"PropertyValueSpecification\",\"valueRequired\":true,\"valueName\":\"search_term_string\"}}],\"inLanguage\":\"en-US\"},{\"@type\":\"Organization\",\"@id\":\"https:\\\/\\\/fit360.ee\\\/en\\\/#organization\",\"name\":\"Fit360\",\"url\":\"https:\\\/\\\/fit360.ee\\\/en\\\/\",\"logo\":{\"@type\":\"ImageObject\",\"inLanguage\":\"en-US\",\"@id\":\"https:\\\/\\\/fit360.ee\\\/en\\\/#\\\/schema\\\/logo\\\/image\\\/\",\"url\":\"https:\\\/\\\/fit360.ee\\\/wp-content\\\/uploads\\\/2017\\\/01\\\/logo-fit360.png\",\"contentUrl\":\"https:\\\/\\\/fit360.ee\\\/wp-content\\\/uploads\\\/2017\\\/01\\\/logo-fit360.png\",\"width\":180,\"height\":66,\"caption\":\"Fit360\"},\"image\":{\"@id\":\"https:\\\/\\\/fit360.ee\\\/en\\\/#\\\/schema\\\/logo\\\/image\\\/\"}}]}<\/script>\n<!-- \/ Yoast SEO plugin. -->","yoast_head_json":{"title":"POWER SYSTEM Weightlifting Gloves Power Plus, Must (XS-XL) - Fit360","description":"Weightlifting Gloves Power Plus kinnastel on suurep\u00e4rane hingavus ja suurep\u00e4rane mugavus: valmistatud kvaliteetsest kergest perforeeritud, tugevast ja...","robots":{"index":"index","follow":"follow","max-snippet":"max-snippet:-1","max-image-preview":"max-image-preview:large","max-video-preview":"max-video-preview:-1"},"canonical":"https:\/\/fit360.ee\/en\/pood\/training-equipment-en\/gloves-en\/power-system-weightlifting-gloves-power-plus\/","og_locale":"en_US","og_type":"article","og_title":"POWER SYSTEM Weightlifting Gloves Power Plus, Must (XS-XL) - Fit360","og_description":"Weightlifting Gloves Power Plus kinnastel on suurep\u00e4rane hingavus ja suurep\u00e4rane mugavus: valmistatud kvaliteetsest kergest perforeeritud, tugevast ja...","og_url":"https:\/\/fit360.ee\/en\/pood\/training-equipment-en\/gloves-en\/power-system-weightlifting-gloves-power-plus\/","og_site_name":"Fit360","article_modified_time":"2025-08-13T05:39:05+00:00","og_image":[{"width":696,"height":610,"url":"https:\/\/fit360.ee\/wp-content\/uploads\/2023\/09\/weightlifting-gloves-power-plus-fit360.ee-1.jpg","type":"image\/jpeg"}],"twitter_card":"summary_large_image","twitter_misc":{"Est. reading time":"1 minute"},"schema":{"@context":"https:\/\/schema.org","@graph":[{"@type":"WebPage","@id":"https:\/\/fit360.ee\/en\/pood\/training-equipment-en\/gloves-en\/power-system-weightlifting-gloves-power-plus\/","url":"https:\/\/fit360.ee\/en\/pood\/training-equipment-en\/gloves-en\/power-system-weightlifting-gloves-power-plus\/","name":"POWER SYSTEM Weightlifting Gloves Power Plus, Must (XS-XL) - Fit360","isPartOf":{"@id":"https:\/\/fit360.ee\/en\/#website"},"primaryImageOfPage":{"@id":"https:\/\/fit360.ee\/en\/pood\/training-equipment-en\/gloves-en\/power-system-weightlifting-gloves-power-plus\/#primaryimage"},"image":{"@id":"https:\/\/fit360.ee\/en\/pood\/training-equipment-en\/gloves-en\/power-system-weightlifting-gloves-power-plus\/#primaryimage"},"thumbnailUrl":"https:\/\/fit360.ee\/wp-content\/uploads\/2023\/09\/weightlifting-gloves-power-plus-fit360.ee-1.jpg","datePublished":"2023-09-27T08:34:00+00:00","dateModified":"2025-08-13T05:39:05+00:00","description":"Weightlifting Gloves Power Plus kinnastel on suurep\u00e4rane hingavus ja suurep\u00e4rane mugavus: valmistatud kvaliteetsest kergest perforeeritud, tugevast ja...","breadcrumb":{"@id":"https:\/\/fit360.ee\/en\/pood\/training-equipment-en\/gloves-en\/power-system-weightlifting-gloves-power-plus\/#breadcrumb"},"inLanguage":"en-US","potentialAction":[{"@type":"ReadAction","target":["https:\/\/fit360.ee\/en\/pood\/training-equipment-en\/gloves-en\/power-system-weightlifting-gloves-power-plus\/"]}]},{"@type":"ImageObject","inLanguage":"en-US","@id":"https:\/\/fit360.ee\/en\/pood\/training-equipment-en\/gloves-en\/power-system-weightlifting-gloves-power-plus\/#primaryimage","url":"https:\/\/fit360.ee\/wp-content\/uploads\/2023\/09\/weightlifting-gloves-power-plus-fit360.ee-1.jpg","contentUrl":"https:\/\/fit360.ee\/wp-content\/uploads\/2023\/09\/weightlifting-gloves-power-plus-fit360.ee-1.jpg","width":696,"height":610,"caption":"weightlifting gloves power plus - fit360.ee"},{"@type":"BreadcrumbList","@id":"https:\/\/fit360.ee\/en\/pood\/training-equipment-en\/gloves-en\/power-system-weightlifting-gloves-power-plus\/#breadcrumb","itemListElement":[{"@type":"ListItem","position":1,"name":"Home","item":"https:\/\/fit360.ee\/en\/"},{"@type":"ListItem","position":2,"name":"Shop","item":"https:\/\/fit360.ee\/en\/shop\/"},{"@type":"ListItem","position":3,"name":"POWER SYSTEM Weightlifting Gloves Power Plus, Must (XS-XL)"}]},{"@type":"WebSite","@id":"https:\/\/fit360.ee\/en\/#website","url":"https:\/\/fit360.ee\/en\/","name":"Fit360","description":"","publisher":{"@id":"https:\/\/fit360.ee\/en\/#organization"},"potentialAction":[{"@type":"SearchAction","target":{"@type":"EntryPoint","urlTemplate":"https:\/\/fit360.ee\/en\/?s={search_term_string}"},"query-input":{"@type":"PropertyValueSpecification","valueRequired":true,"valueName":"search_term_string"}}],"inLanguage":"en-US"},{"@type":"Organization","@id":"https:\/\/fit360.ee\/en\/#organization","name":"Fit360","url":"https:\/\/fit360.ee\/en\/","logo":{"@type":"ImageObject","inLanguage":"en-US","@id":"https:\/\/fit360.ee\/en\/#\/schema\/logo\/image\/","url":"https:\/\/fit360.ee\/wp-content\/uploads\/2017\/01\/logo-fit360.png","contentUrl":"https:\/\/fit360.ee\/wp-content\/uploads\/2017\/01\/logo-fit360.png","width":180,"height":66,"caption":"Fit360"},"image":{"@id":"https:\/\/fit360.ee\/en\/#\/schema\/logo\/image\/"}}]}},"_links":{"self":[{"href":"https:\/\/fit360.ee\/en\/wp-json\/wp\/v2\/product\/73357","targetHints":{"allow":["GET"]}}],"collection":[{"href":"https:\/\/fit360.ee\/en\/wp-json\/wp\/v2\/product"}],"about":[{"href":"https:\/\/fit360.ee\/en\/wp-json\/wp\/v2\/types\/product"}],"replies":[{"embeddable":true,"href":"https:\/\/fit360.ee\/en\/wp-json\/wp\/v2\/comments?post=73357"}],"wp:featuredmedia":[{"embeddable":true,"href":"https:\/\/fit360.ee\/en\/wp-json\/wp\/v2\/media\/73351"}],"wp:attachment":[{"href":"https:\/\/fit360.ee\/en\/wp-json\/wp\/v2\/media?parent=73357"}],"wp:term":[{"taxonomy":"product_brand","embeddable":true,"href":"https:\/\/fit360.ee\/en\/wp-json\/wp\/v2\/product_brand?post=73357"},{"taxonomy":"product_cat","embeddable":true,"href":"https:\/\/fit360.ee\/en\/wp-json\/wp\/v2\/product_cat?post=73357"},{"taxonomy":"product_tag","embeddable":true,"href":"https:\/\/fit360.ee\/en\/wp-json\/wp\/v2\/product_tag?post=73357"},{"taxonomy":"giftcard-category","embeddable":true,"href":"https:\/\/fit360.ee\/en\/wp-json\/wp\/v2\/giftcard-category?post=73357"}],"curies":[{"name":"wp","href":"https:\/\/api.w.org\/{rel}","templated":true}]}}