{"id":73380,"date":"2023-09-27T11:26:15","date_gmt":"2023-09-27T09:26:15","guid":{"rendered":"https:\/\/fit360.ee\/pood\/uncategorized\/power-system-heavy-duty-powerlifting-belt\/"},"modified":"2025-08-13T07:35:17","modified_gmt":"2025-08-13T05:35:17","slug":"power-system-heavy-duty-powerlifting-belt","status":"publish","type":"product","link":"https:\/\/fit360.ee\/en\/pood\/training-equipment-en\/belts-en\/power-system-heavy-duty-powerlifting-belt\/","title":{"rendered":"POWER SYSTEM Heavy Duty Powerlifting Belt, Must"},"content":{"rendered":"<h2><strong>Heavy Duty Powerlifting Belt<\/strong><\/h2>\n<ul>\n<li>Heavy Duty Powerlifting Belt on valmistatud v\u00e4ga kvaliteetsest ja tugevast seemisnahast libisemiskindla pinnaga<\/li>\n<li>kaherealised \u00f5mblused vastupidavuse tagamiseks<\/li>\n<li>raske topeltkallutatud lukk tugevaks pingutamiseks<\/li>\n<li>suurused: M, L, XL, XXL<\/li>\n<li>v\u00e4rvid: must, sinine ja hall<\/li>\n<\/ul>\n<p><a href=\"https:\/\/fit360.ee\/wp-content\/uploads\/2023\/09\/power-system-powerlifting-belt-fit360.ee-1.jpg\"><img loading=\"lazy\" decoding=\"async\" class=\"size-full wp-image-73375\" src=\"https:\/\/fit360.ee\/wp-content\/uploads\/2023\/09\/power-system-powerlifting-belt-fit360.ee-1.jpg\" alt=\"power system powerlifting belt - fit360.ee\" width=\"501\" height=\"377\" \/><\/a><\/p>\n<p>Vaata ka meie teisi T\u00f5stev\u00f6\u00f6sid <a href=\"https:\/\/fit360.ee\/en\/product-category\/training-equipment-en\/belts-en\/\"><strong>SIIT<\/strong><\/a>!<\/p>\n<p>Soovid kaupa osta suuremas koguses? Vaata antud toodet ka meie HULGI poest\u00a0<a href=\"https:\/\/toidulisandidhulgi.ee\/tooted\/power-system-heavy-duty-powerlifting-belt-must\/\"><strong>SIIT<\/strong><\/a>!<\/p>\n","protected":false},"excerpt":{"rendered":"<ul>\n<li>Heavy Duty Powerlifting Belt on valmistatud v\u00e4ga kvaliteetsest ja tugevast seemisnahast libisemiskindla pinnaga<\/li>\n<li>kaherealised \u00f5mblused vastupidavuse tagamiseks<\/li>\n<li>raske topeltkallutatud lukk tugevaks pingutamiseks<\/li>\n<li>suurused: M, L, XL, XXL<\/li>\n<li>v\u00e4rvid: must, sinine ja hall<\/li>\n<\/ul>\n","protected":false},"featured_media":73376,"comment_status":"closed","ping_status":"closed","template":"","meta":[],"product_brand":[],"product_cat":[550,538],"product_tag":[4522,4516],"giftcard-category":[],"class_list":{"0":"post-73380","1":"product","2":"type-product","3":"status-publish","4":"has-post-thumbnail","6":"product_cat-belts-en","7":"product_cat-training-equipment-en","8":"product_tag-heavy-duty-powerlifting-belt-en","9":"product_tag-power-system-en","10":"pa_suurus-l","11":"pa_suurus-m","12":"pa_suurus-xl","14":"first","15":"outofstock","16":"taxable","17":"shipping-taxable","18":"purchasable","19":"product-type-variable"},"yoast_head":"<!-- This site is optimized with the Yoast SEO plugin v27.3 - https:\/\/yoast.com\/product\/yoast-seo-wordpress\/ -->\n<title>POWER SYSTEM Heavy Duty Powerlifting Belt, Must - Fit360<\/title>\n<meta name=\"description\" content=\"Heavy Duty Powerlifting Belt on valmistatud v\u00e4ga kvaliteetsest ja tugevast seemisnahast. Tootel on libisemiskindla pinnagakaherealised \u00f5mblused...\" \/>\n<meta name=\"robots\" content=\"index, follow, max-snippet:-1, max-image-preview:large, max-video-preview:-1\" \/>\n<link rel=\"canonical\" href=\"https:\/\/fit360.ee\/en\/pood\/training-equipment-en\/belts-en\/power-system-heavy-duty-powerlifting-belt\/\" \/>\n<meta property=\"og:locale\" content=\"en_US\" \/>\n<meta property=\"og:type\" content=\"article\" \/>\n<meta property=\"og:title\" content=\"POWER SYSTEM Heavy Duty Powerlifting Belt, Must - Fit360\" \/>\n<meta property=\"og:description\" content=\"Heavy Duty Powerlifting Belt on valmistatud v\u00e4ga kvaliteetsest ja tugevast seemisnahast. Tootel on libisemiskindla pinnagakaherealised \u00f5mblused...\" \/>\n<meta property=\"og:url\" content=\"https:\/\/fit360.ee\/en\/pood\/training-equipment-en\/belts-en\/power-system-heavy-duty-powerlifting-belt\/\" \/>\n<meta property=\"og:site_name\" content=\"Fit360\" \/>\n<meta property=\"article:modified_time\" content=\"2025-08-13T05:35:17+00:00\" \/>\n<meta property=\"og:image\" content=\"https:\/\/fit360.ee\/wp-content\/uploads\/2023\/09\/power-system-powerlifting-belt-fit360.ee-1.jpg\" \/>\n\t<meta property=\"og:image:width\" content=\"501\" \/>\n\t<meta property=\"og:image:height\" content=\"377\" \/>\n\t<meta property=\"og:image:type\" content=\"image\/jpeg\" \/>\n<meta name=\"twitter:card\" content=\"summary_large_image\" \/>\n<meta name=\"twitter:label1\" content=\"Est. reading time\" \/>\n\t<meta name=\"twitter:data1\" content=\"1 minute\" \/>\n<script type=\"application\/ld+json\" class=\"yoast-schema-graph\">{\"@context\":\"https:\\\/\\\/schema.org\",\"@graph\":[{\"@type\":\"WebPage\",\"@id\":\"https:\\\/\\\/fit360.ee\\\/en\\\/pood\\\/training-equipment-en\\\/belts-en\\\/power-system-heavy-duty-powerlifting-belt\\\/\",\"url\":\"https:\\\/\\\/fit360.ee\\\/en\\\/pood\\\/training-equipment-en\\\/belts-en\\\/power-system-heavy-duty-powerlifting-belt\\\/\",\"name\":\"POWER SYSTEM Heavy Duty Powerlifting Belt, Must - Fit360\",\"isPartOf\":{\"@id\":\"https:\\\/\\\/fit360.ee\\\/en\\\/#website\"},\"primaryImageOfPage\":{\"@id\":\"https:\\\/\\\/fit360.ee\\\/en\\\/pood\\\/training-equipment-en\\\/belts-en\\\/power-system-heavy-duty-powerlifting-belt\\\/#primaryimage\"},\"image\":{\"@id\":\"https:\\\/\\\/fit360.ee\\\/en\\\/pood\\\/training-equipment-en\\\/belts-en\\\/power-system-heavy-duty-powerlifting-belt\\\/#primaryimage\"},\"thumbnailUrl\":\"https:\\\/\\\/fit360.ee\\\/wp-content\\\/uploads\\\/2023\\\/09\\\/power-system-powerlifting-belt-fit360.ee-1.jpg\",\"datePublished\":\"2023-09-27T09:26:15+00:00\",\"dateModified\":\"2025-08-13T05:35:17+00:00\",\"description\":\"Heavy Duty Powerlifting Belt on valmistatud v\u00e4ga kvaliteetsest ja tugevast seemisnahast. Tootel on libisemiskindla pinnagakaherealised \u00f5mblused...\",\"breadcrumb\":{\"@id\":\"https:\\\/\\\/fit360.ee\\\/en\\\/pood\\\/training-equipment-en\\\/belts-en\\\/power-system-heavy-duty-powerlifting-belt\\\/#breadcrumb\"},\"inLanguage\":\"en-US\",\"potentialAction\":[{\"@type\":\"ReadAction\",\"target\":[\"https:\\\/\\\/fit360.ee\\\/en\\\/pood\\\/training-equipment-en\\\/belts-en\\\/power-system-heavy-duty-powerlifting-belt\\\/\"]}]},{\"@type\":\"ImageObject\",\"inLanguage\":\"en-US\",\"@id\":\"https:\\\/\\\/fit360.ee\\\/en\\\/pood\\\/training-equipment-en\\\/belts-en\\\/power-system-heavy-duty-powerlifting-belt\\\/#primaryimage\",\"url\":\"https:\\\/\\\/fit360.ee\\\/wp-content\\\/uploads\\\/2023\\\/09\\\/power-system-powerlifting-belt-fit360.ee-1.jpg\",\"contentUrl\":\"https:\\\/\\\/fit360.ee\\\/wp-content\\\/uploads\\\/2023\\\/09\\\/power-system-powerlifting-belt-fit360.ee-1.jpg\",\"width\":501,\"height\":377,\"caption\":\"power system powerlifting belt - fit360.ee\"},{\"@type\":\"BreadcrumbList\",\"@id\":\"https:\\\/\\\/fit360.ee\\\/en\\\/pood\\\/training-equipment-en\\\/belts-en\\\/power-system-heavy-duty-powerlifting-belt\\\/#breadcrumb\",\"itemListElement\":[{\"@type\":\"ListItem\",\"position\":1,\"name\":\"Home\",\"item\":\"https:\\\/\\\/fit360.ee\\\/en\\\/\"},{\"@type\":\"ListItem\",\"position\":2,\"name\":\"Shop\",\"item\":\"https:\\\/\\\/fit360.ee\\\/en\\\/shop\\\/\"},{\"@type\":\"ListItem\",\"position\":3,\"name\":\"POWER SYSTEM Heavy Duty Powerlifting Belt, Must\"}]},{\"@type\":\"WebSite\",\"@id\":\"https:\\\/\\\/fit360.ee\\\/en\\\/#website\",\"url\":\"https:\\\/\\\/fit360.ee\\\/en\\\/\",\"name\":\"Fit360\",\"description\":\"\",\"publisher\":{\"@id\":\"https:\\\/\\\/fit360.ee\\\/en\\\/#organization\"},\"potentialAction\":[{\"@type\":\"SearchAction\",\"target\":{\"@type\":\"EntryPoint\",\"urlTemplate\":\"https:\\\/\\\/fit360.ee\\\/en\\\/?s={search_term_string}\"},\"query-input\":{\"@type\":\"PropertyValueSpecification\",\"valueRequired\":true,\"valueName\":\"search_term_string\"}}],\"inLanguage\":\"en-US\"},{\"@type\":\"Organization\",\"@id\":\"https:\\\/\\\/fit360.ee\\\/en\\\/#organization\",\"name\":\"Fit360\",\"url\":\"https:\\\/\\\/fit360.ee\\\/en\\\/\",\"logo\":{\"@type\":\"ImageObject\",\"inLanguage\":\"en-US\",\"@id\":\"https:\\\/\\\/fit360.ee\\\/en\\\/#\\\/schema\\\/logo\\\/image\\\/\",\"url\":\"https:\\\/\\\/fit360.ee\\\/wp-content\\\/uploads\\\/2017\\\/01\\\/logo-fit360.png\",\"contentUrl\":\"https:\\\/\\\/fit360.ee\\\/wp-content\\\/uploads\\\/2017\\\/01\\\/logo-fit360.png\",\"width\":180,\"height\":66,\"caption\":\"Fit360\"},\"image\":{\"@id\":\"https:\\\/\\\/fit360.ee\\\/en\\\/#\\\/schema\\\/logo\\\/image\\\/\"}}]}<\/script>\n<!-- \/ Yoast SEO plugin. -->","yoast_head_json":{"title":"POWER SYSTEM Heavy Duty Powerlifting Belt, Must - Fit360","description":"Heavy Duty Powerlifting Belt on valmistatud v\u00e4ga kvaliteetsest ja tugevast seemisnahast. Tootel on libisemiskindla pinnagakaherealised \u00f5mblused...","robots":{"index":"index","follow":"follow","max-snippet":"max-snippet:-1","max-image-preview":"max-image-preview:large","max-video-preview":"max-video-preview:-1"},"canonical":"https:\/\/fit360.ee\/en\/pood\/training-equipment-en\/belts-en\/power-system-heavy-duty-powerlifting-belt\/","og_locale":"en_US","og_type":"article","og_title":"POWER SYSTEM Heavy Duty Powerlifting Belt, Must - Fit360","og_description":"Heavy Duty Powerlifting Belt on valmistatud v\u00e4ga kvaliteetsest ja tugevast seemisnahast. Tootel on libisemiskindla pinnagakaherealised \u00f5mblused...","og_url":"https:\/\/fit360.ee\/en\/pood\/training-equipment-en\/belts-en\/power-system-heavy-duty-powerlifting-belt\/","og_site_name":"Fit360","article_modified_time":"2025-08-13T05:35:17+00:00","og_image":[{"width":501,"height":377,"url":"https:\/\/fit360.ee\/wp-content\/uploads\/2023\/09\/power-system-powerlifting-belt-fit360.ee-1.jpg","type":"image\/jpeg"}],"twitter_card":"summary_large_image","twitter_misc":{"Est. reading time":"1 minute"},"schema":{"@context":"https:\/\/schema.org","@graph":[{"@type":"WebPage","@id":"https:\/\/fit360.ee\/en\/pood\/training-equipment-en\/belts-en\/power-system-heavy-duty-powerlifting-belt\/","url":"https:\/\/fit360.ee\/en\/pood\/training-equipment-en\/belts-en\/power-system-heavy-duty-powerlifting-belt\/","name":"POWER SYSTEM Heavy Duty Powerlifting Belt, Must - Fit360","isPartOf":{"@id":"https:\/\/fit360.ee\/en\/#website"},"primaryImageOfPage":{"@id":"https:\/\/fit360.ee\/en\/pood\/training-equipment-en\/belts-en\/power-system-heavy-duty-powerlifting-belt\/#primaryimage"},"image":{"@id":"https:\/\/fit360.ee\/en\/pood\/training-equipment-en\/belts-en\/power-system-heavy-duty-powerlifting-belt\/#primaryimage"},"thumbnailUrl":"https:\/\/fit360.ee\/wp-content\/uploads\/2023\/09\/power-system-powerlifting-belt-fit360.ee-1.jpg","datePublished":"2023-09-27T09:26:15+00:00","dateModified":"2025-08-13T05:35:17+00:00","description":"Heavy Duty Powerlifting Belt on valmistatud v\u00e4ga kvaliteetsest ja tugevast seemisnahast. Tootel on libisemiskindla pinnagakaherealised \u00f5mblused...","breadcrumb":{"@id":"https:\/\/fit360.ee\/en\/pood\/training-equipment-en\/belts-en\/power-system-heavy-duty-powerlifting-belt\/#breadcrumb"},"inLanguage":"en-US","potentialAction":[{"@type":"ReadAction","target":["https:\/\/fit360.ee\/en\/pood\/training-equipment-en\/belts-en\/power-system-heavy-duty-powerlifting-belt\/"]}]},{"@type":"ImageObject","inLanguage":"en-US","@id":"https:\/\/fit360.ee\/en\/pood\/training-equipment-en\/belts-en\/power-system-heavy-duty-powerlifting-belt\/#primaryimage","url":"https:\/\/fit360.ee\/wp-content\/uploads\/2023\/09\/power-system-powerlifting-belt-fit360.ee-1.jpg","contentUrl":"https:\/\/fit360.ee\/wp-content\/uploads\/2023\/09\/power-system-powerlifting-belt-fit360.ee-1.jpg","width":501,"height":377,"caption":"power system powerlifting belt - fit360.ee"},{"@type":"BreadcrumbList","@id":"https:\/\/fit360.ee\/en\/pood\/training-equipment-en\/belts-en\/power-system-heavy-duty-powerlifting-belt\/#breadcrumb","itemListElement":[{"@type":"ListItem","position":1,"name":"Home","item":"https:\/\/fit360.ee\/en\/"},{"@type":"ListItem","position":2,"name":"Shop","item":"https:\/\/fit360.ee\/en\/shop\/"},{"@type":"ListItem","position":3,"name":"POWER SYSTEM Heavy Duty Powerlifting Belt, Must"}]},{"@type":"WebSite","@id":"https:\/\/fit360.ee\/en\/#website","url":"https:\/\/fit360.ee\/en\/","name":"Fit360","description":"","publisher":{"@id":"https:\/\/fit360.ee\/en\/#organization"},"potentialAction":[{"@type":"SearchAction","target":{"@type":"EntryPoint","urlTemplate":"https:\/\/fit360.ee\/en\/?s={search_term_string}"},"query-input":{"@type":"PropertyValueSpecification","valueRequired":true,"valueName":"search_term_string"}}],"inLanguage":"en-US"},{"@type":"Organization","@id":"https:\/\/fit360.ee\/en\/#organization","name":"Fit360","url":"https:\/\/fit360.ee\/en\/","logo":{"@type":"ImageObject","inLanguage":"en-US","@id":"https:\/\/fit360.ee\/en\/#\/schema\/logo\/image\/","url":"https:\/\/fit360.ee\/wp-content\/uploads\/2017\/01\/logo-fit360.png","contentUrl":"https:\/\/fit360.ee\/wp-content\/uploads\/2017\/01\/logo-fit360.png","width":180,"height":66,"caption":"Fit360"},"image":{"@id":"https:\/\/fit360.ee\/en\/#\/schema\/logo\/image\/"}}]}},"_links":{"self":[{"href":"https:\/\/fit360.ee\/en\/wp-json\/wp\/v2\/product\/73380","targetHints":{"allow":["GET"]}}],"collection":[{"href":"https:\/\/fit360.ee\/en\/wp-json\/wp\/v2\/product"}],"about":[{"href":"https:\/\/fit360.ee\/en\/wp-json\/wp\/v2\/types\/product"}],"replies":[{"embeddable":true,"href":"https:\/\/fit360.ee\/en\/wp-json\/wp\/v2\/comments?post=73380"}],"wp:featuredmedia":[{"embeddable":true,"href":"https:\/\/fit360.ee\/en\/wp-json\/wp\/v2\/media\/73376"}],"wp:attachment":[{"href":"https:\/\/fit360.ee\/en\/wp-json\/wp\/v2\/media?parent=73380"}],"wp:term":[{"taxonomy":"product_brand","embeddable":true,"href":"https:\/\/fit360.ee\/en\/wp-json\/wp\/v2\/product_brand?post=73380"},{"taxonomy":"product_cat","embeddable":true,"href":"https:\/\/fit360.ee\/en\/wp-json\/wp\/v2\/product_cat?post=73380"},{"taxonomy":"product_tag","embeddable":true,"href":"https:\/\/fit360.ee\/en\/wp-json\/wp\/v2\/product_tag?post=73380"},{"taxonomy":"giftcard-category","embeddable":true,"href":"https:\/\/fit360.ee\/en\/wp-json\/wp\/v2\/giftcard-category?post=73380"}],"curies":[{"name":"wp","href":"https:\/\/api.w.org\/{rel}","templated":true}]}}