{"id":73393,"date":"2023-09-27T11:44:19","date_gmt":"2023-09-27T09:44:19","guid":{"rendered":"https:\/\/fit360.ee\/pood\/uncategorized\/power-system-heavy-duty-lever-belt-stronglift-punane\/"},"modified":"2025-08-13T07:37:01","modified_gmt":"2025-08-13T05:37:01","slug":"power-system-heavy-duty-lever-belt-stronglift","status":"publish","type":"product","link":"https:\/\/fit360.ee\/en\/pood\/training-equipment-en\/belts-en\/power-system-heavy-duty-lever-belt-stronglift\/","title":{"rendered":"POWER SYSTEM Heavy Duty Lever Belt Stronglift, Punane"},"content":{"rendered":"<h2><strong>Heavy Duty Lever Belt Stronglift<\/strong><\/h2>\n<ul>\n<li>Heavy Duty Lever Belt Stronglift on v\u00e4ga kvaliteetsest ja tugevast libisemisvastase pinnaga seemisnahast<\/li>\n<li>Kahejoonelised \u00f5mblused vastupidavuse tagamiseks<\/li>\n<li>Tugev hoovalukk tugevaks pingutamiseks<\/li>\n<li>See raske kangiga pandlaga nahast t\u00f5stev\u00f6\u00f6 on valmistatud t\u00e4iustatud materjalidest, mis tagavad pehme ja mugava tunde.\u00a0t\u00e4iustatud neetidega, et v\u00e4ltida h\u00fcppamist.<\/li>\n<li>Stabiliseerib ja v\u00e4hendab teie selja stressi \u2013 10 mm paksus tagab parema saematerjali ja s\u00fcdamiku toe t\u00f5sise j\u00f5ut\u00f5stmise jaoks.<\/li>\n<li>Tugevam s\u00fcdamik t\u00e4hendab t\u00f5husamat j\u00f5u\u00fclekannet, mis t\u00e4hendab, et t\u00f5state rohkem raskusi.<\/li>\n<li>Suurendab k\u00f5hu survet raskete t\u00f5stmiste korral \u2013 seda on lihtne reguleerida roostevabast terasest roostekindla pandlas\u00fcsteemiga.<\/li>\n<li>See raskust t\u00f5stev v\u00f6\u00f6 on v\u00f5rreldamatu ja tagasihoidlik nahkmaterjal, mis aitab veatult k\u00fckkides, j\u00f5ut\u00f5stmises, j\u00f5ut\u00f5stmises, t\u00f5mblustes, rebimises, kulturismis, crossfitis ja mujal.\u00a0materjali vastupidavus aitab teil raske treeningu ja ettevalmistuste ajal.<\/li>\n<\/ul>\n<div class=\"table-responsive\">\n<table class=\"table\">\n<tbody>\n<tr>\n<th>Suurus<\/th>\n<th>V\u00f6\u00f6koha \u00fcmberm\u00f5\u00f5t<\/th>\n<\/tr>\n<tr>\n<td>S\/M<\/td>\n<td>69-86 cm<\/td>\n<\/tr>\n<tr>\n<td>L\/XL<\/td>\n<td>88-106 cm<\/td>\n<\/tr>\n<\/tbody>\n<\/table>\n<p><a href=\"https:\/\/fit360.ee\/wp-content\/uploads\/2023\/09\/power-ststem-heavy-duty-stronglift-belt-fit360.ee-1-800x467.jpg\"><img loading=\"lazy\" decoding=\"async\" class=\"size-medium wp-image-73385\" src=\"https:\/\/fit360.ee\/wp-content\/uploads\/2023\/09\/power-ststem-heavy-duty-stronglift-belt-fit360.ee-1-800x467.jpg\" alt=\"power ststem heavy duty stronglift belt - fit360.ee\" width=\"800\" height=\"467\" srcset=\"https:\/\/fit360.ee\/wp-content\/uploads\/2023\/09\/power-ststem-heavy-duty-stronglift-belt-fit360.ee-1-800x467.jpg 800w, https:\/\/fit360.ee\/wp-content\/uploads\/2023\/09\/power-ststem-heavy-duty-stronglift-belt-fit360.ee-1-510x298.jpg 510w, https:\/\/fit360.ee\/wp-content\/uploads\/2023\/09\/power-ststem-heavy-duty-stronglift-belt-fit360.ee-1-768x449.jpg 768w, https:\/\/fit360.ee\/wp-content\/uploads\/2023\/09\/power-ststem-heavy-duty-stronglift-belt-fit360.ee-1.jpg 1000w\" sizes=\"auto, (max-width: 800px) 100vw, 800px\" \/><\/a><\/p>\n<p><a href=\"https:\/\/fit360.ee\/wp-content\/uploads\/2023\/09\/Heavy-Duty-Lever-Belt-Stronglift-fit360.ee_-800x311.jpg\"><img loading=\"lazy\" decoding=\"async\" class=\"size-medium wp-image-73389\" src=\"https:\/\/fit360.ee\/wp-content\/uploads\/2023\/09\/Heavy-Duty-Lever-Belt-Stronglift-fit360.ee_-800x311.jpg\" alt=\"Heavy Duty Lever Belt Stronglift - fit360.ee\" width=\"800\" height=\"311\" srcset=\"https:\/\/fit360.ee\/wp-content\/uploads\/2023\/09\/Heavy-Duty-Lever-Belt-Stronglift-fit360.ee_-800x311.jpg 800w, https:\/\/fit360.ee\/wp-content\/uploads\/2023\/09\/Heavy-Duty-Lever-Belt-Stronglift-fit360.ee_-510x198.jpg 510w, https:\/\/fit360.ee\/wp-content\/uploads\/2023\/09\/Heavy-Duty-Lever-Belt-Stronglift-fit360.ee_-768x299.jpg 768w, https:\/\/fit360.ee\/wp-content\/uploads\/2023\/09\/Heavy-Duty-Lever-Belt-Stronglift-fit360.ee_.jpg 1000w\" sizes=\"auto, (max-width: 800px) 100vw, 800px\" \/><\/a><\/p>\n<p><a href=\"https:\/\/fit360.ee\/wp-content\/uploads\/2023\/09\/power-system-stronglift-belt-fit360.ee_-800x487.jpg\"><img loading=\"lazy\" decoding=\"async\" class=\"size-medium wp-image-73387\" src=\"https:\/\/fit360.ee\/wp-content\/uploads\/2023\/09\/power-system-stronglift-belt-fit360.ee_-800x487.jpg\" alt=\"power system stronglift belt - fit360.ee\" width=\"800\" height=\"487\" srcset=\"https:\/\/fit360.ee\/wp-content\/uploads\/2023\/09\/power-system-stronglift-belt-fit360.ee_-800x487.jpg 800w, https:\/\/fit360.ee\/wp-content\/uploads\/2023\/09\/power-system-stronglift-belt-fit360.ee_-510x311.jpg 510w, https:\/\/fit360.ee\/wp-content\/uploads\/2023\/09\/power-system-stronglift-belt-fit360.ee_-768x468.jpg 768w, https:\/\/fit360.ee\/wp-content\/uploads\/2023\/09\/power-system-stronglift-belt-fit360.ee_.jpg 1000w\" sizes=\"auto, (max-width: 800px) 100vw, 800px\" \/><\/a><\/p>\n<p><strong>V\u00e4rvus<\/strong>: Punane; Kollane<\/p>\n<p><strong>Suurus<\/strong>: S\/M; L\/XL<\/p>\n<p>Vaata ka meie teisi T\u00f5stev\u00f6\u00f6sid <a href=\"https:\/\/fit360.ee\/en\/product-category\/training-equipment-en\/belts-en\/\"><strong>SIIT<\/strong><\/a>!<\/p>\n<p>Soovid kaupa osta suuremas koguses? Vaata antud toodet ka meie HULGI poest\u00a0<a href=\"https:\/\/toidulisandidhulgi.ee\/tooted\/power-system-heavy-duty-lever-belt-stronglift\/\"><strong>SIIT<\/strong><\/a>!<\/p>\n<\/div>\n","protected":false},"excerpt":{"rendered":"<ul>\n<li>Valmistatud v\u00e4ga kvaliteetsest ja tugevast libisemisvastase pinnaga seemisnahast<\/li>\n<li>Kahejoonelised \u00f5mblused vastupidavuse tagamiseks<\/li>\n<li>Tugev hoovalukk tugevaks pingutamiseks<\/li>\n<li>See raske kangiga pandlaga nahast t\u00f5stev\u00f6\u00f6 on valmistatud t\u00e4iustatud materjalidest, mis tagavad pehme ja mugava tunde.\u00a0t\u00e4iustatud neetidega, et v\u00e4ltida h\u00fcppamist.<\/li>\n<li>Stabiliseerib ja v\u00e4hendab teie selja stressi \u2013 10 mm paksus tagab parema saematerjali ja s\u00fcdamiku toe t\u00f5sise j\u00f5ut\u00f5stmise jaoks.<\/li>\n<li>Tugevam s\u00fcdamik t\u00e4hendab t\u00f5husamat j\u00f5u\u00fclekannet, mis t\u00e4hendab, et t\u00f5state rohkem raskusi.<\/li>\n<li>Suurendab k\u00f5hu survet raskete t\u00f5stmiste korral \u2013 seda on lihtne reguleerida roostevabast terasest roostekindla pandlas\u00fcsteemiga.<\/li>\n<li>See raskust t\u00f5stev v\u00f6\u00f6 on v\u00f5rreldamatu ja tagasihoidlik nahkmaterjal, mis aitab veatult k\u00fckkides, j\u00f5ut\u00f5stmises, j\u00f5ut\u00f5stmises, t\u00f5mblustes, rebimises, kulturismis, crossfitis ja mujal.\u00a0materjali vastupidavus aitab teil raske treeningu ja ettevalmistuste ajal.<\/li>\n<\/ul>\n","protected":false},"featured_media":73388,"comment_status":"closed","ping_status":"closed","template":"","meta":[],"product_brand":[],"product_cat":[550,538],"product_tag":[4524,4516],"giftcard-category":[],"class_list":{"0":"post-73393","1":"product","2":"type-product","3":"status-publish","4":"has-post-thumbnail","6":"product_cat-belts-en","7":"product_cat-training-equipment-en","8":"product_tag-heavy-duty-lever-belt-stronglift-en","9":"product_tag-power-system-en","10":"pa_suurus-l-xl","11":"pa_suurus-s-m","13":"first","14":"outofstock","15":"taxable","16":"shipping-taxable","17":"purchasable","18":"product-type-variable"},"yoast_head":"<!-- This site is optimized with the Yoast SEO plugin v27.3 - https:\/\/yoast.com\/product\/yoast-seo-wordpress\/ -->\n<title>POWER SYSTEM Heavy Duty Lever Belt Stronglift, Punane - Fit360<\/title>\n<meta name=\"description\" content=\"Heavy Duty Lever Belt Stronglift on v\u00e4ga kvaliteetsest ja tugevast libisemisvastase pinnaga seemisnahast. Kahejoonelised \u00f5mblused vastupidavuse tagamiseks.\" \/>\n<meta name=\"robots\" content=\"index, follow, max-snippet:-1, max-image-preview:large, max-video-preview:-1\" \/>\n<link rel=\"canonical\" href=\"https:\/\/fit360.ee\/en\/pood\/training-equipment-en\/belts-en\/power-system-heavy-duty-lever-belt-stronglift\/\" \/>\n<meta property=\"og:locale\" content=\"en_US\" \/>\n<meta property=\"og:type\" content=\"article\" \/>\n<meta property=\"og:title\" content=\"POWER SYSTEM Heavy Duty Lever Belt Stronglift, Punane - Fit360\" \/>\n<meta property=\"og:description\" content=\"Heavy Duty Lever Belt Stronglift on v\u00e4ga kvaliteetsest ja tugevast libisemisvastase pinnaga seemisnahast. Kahejoonelised \u00f5mblused vastupidavuse tagamiseks.\" \/>\n<meta property=\"og:url\" content=\"https:\/\/fit360.ee\/en\/pood\/training-equipment-en\/belts-en\/power-system-heavy-duty-lever-belt-stronglift\/\" \/>\n<meta property=\"og:site_name\" content=\"Fit360\" \/>\n<meta property=\"article:modified_time\" content=\"2025-08-13T05:37:01+00:00\" \/>\n<meta property=\"og:image\" content=\"https:\/\/fit360.ee\/wp-content\/uploads\/2023\/09\/power-system-stronglift-belt-fit360.ee_.jpg\" \/>\n\t<meta property=\"og:image:width\" content=\"1000\" \/>\n\t<meta property=\"og:image:height\" content=\"609\" \/>\n\t<meta property=\"og:image:type\" content=\"image\/jpeg\" \/>\n<meta name=\"twitter:card\" content=\"summary_large_image\" \/>\n<meta name=\"twitter:label1\" content=\"Est. reading time\" \/>\n\t<meta name=\"twitter:data1\" content=\"2 minutes\" \/>\n<script type=\"application\/ld+json\" class=\"yoast-schema-graph\">{\"@context\":\"https:\\\/\\\/schema.org\",\"@graph\":[{\"@type\":\"WebPage\",\"@id\":\"https:\\\/\\\/fit360.ee\\\/en\\\/pood\\\/training-equipment-en\\\/belts-en\\\/power-system-heavy-duty-lever-belt-stronglift\\\/\",\"url\":\"https:\\\/\\\/fit360.ee\\\/en\\\/pood\\\/training-equipment-en\\\/belts-en\\\/power-system-heavy-duty-lever-belt-stronglift\\\/\",\"name\":\"POWER SYSTEM Heavy Duty Lever Belt Stronglift, Punane - Fit360\",\"isPartOf\":{\"@id\":\"https:\\\/\\\/fit360.ee\\\/en\\\/#website\"},\"primaryImageOfPage\":{\"@id\":\"https:\\\/\\\/fit360.ee\\\/en\\\/pood\\\/training-equipment-en\\\/belts-en\\\/power-system-heavy-duty-lever-belt-stronglift\\\/#primaryimage\"},\"image\":{\"@id\":\"https:\\\/\\\/fit360.ee\\\/en\\\/pood\\\/training-equipment-en\\\/belts-en\\\/power-system-heavy-duty-lever-belt-stronglift\\\/#primaryimage\"},\"thumbnailUrl\":\"https:\\\/\\\/fit360.ee\\\/wp-content\\\/uploads\\\/2023\\\/09\\\/power-system-stronglift-belt-fit360.ee_.jpg\",\"datePublished\":\"2023-09-27T09:44:19+00:00\",\"dateModified\":\"2025-08-13T05:37:01+00:00\",\"description\":\"Heavy Duty Lever Belt Stronglift on v\u00e4ga kvaliteetsest ja tugevast libisemisvastase pinnaga seemisnahast. Kahejoonelised \u00f5mblused vastupidavuse tagamiseks.\",\"breadcrumb\":{\"@id\":\"https:\\\/\\\/fit360.ee\\\/en\\\/pood\\\/training-equipment-en\\\/belts-en\\\/power-system-heavy-duty-lever-belt-stronglift\\\/#breadcrumb\"},\"inLanguage\":\"en-US\",\"potentialAction\":[{\"@type\":\"ReadAction\",\"target\":[\"https:\\\/\\\/fit360.ee\\\/en\\\/pood\\\/training-equipment-en\\\/belts-en\\\/power-system-heavy-duty-lever-belt-stronglift\\\/\"]}]},{\"@type\":\"ImageObject\",\"inLanguage\":\"en-US\",\"@id\":\"https:\\\/\\\/fit360.ee\\\/en\\\/pood\\\/training-equipment-en\\\/belts-en\\\/power-system-heavy-duty-lever-belt-stronglift\\\/#primaryimage\",\"url\":\"https:\\\/\\\/fit360.ee\\\/wp-content\\\/uploads\\\/2023\\\/09\\\/power-system-stronglift-belt-fit360.ee_.jpg\",\"contentUrl\":\"https:\\\/\\\/fit360.ee\\\/wp-content\\\/uploads\\\/2023\\\/09\\\/power-system-stronglift-belt-fit360.ee_.jpg\",\"width\":1000,\"height\":609,\"caption\":\"power system stronglift belt - fit360.ee\"},{\"@type\":\"BreadcrumbList\",\"@id\":\"https:\\\/\\\/fit360.ee\\\/en\\\/pood\\\/training-equipment-en\\\/belts-en\\\/power-system-heavy-duty-lever-belt-stronglift\\\/#breadcrumb\",\"itemListElement\":[{\"@type\":\"ListItem\",\"position\":1,\"name\":\"Home\",\"item\":\"https:\\\/\\\/fit360.ee\\\/en\\\/\"},{\"@type\":\"ListItem\",\"position\":2,\"name\":\"Shop\",\"item\":\"https:\\\/\\\/fit360.ee\\\/en\\\/shop\\\/\"},{\"@type\":\"ListItem\",\"position\":3,\"name\":\"POWER SYSTEM Heavy Duty Lever Belt Stronglift, Punane\"}]},{\"@type\":\"WebSite\",\"@id\":\"https:\\\/\\\/fit360.ee\\\/en\\\/#website\",\"url\":\"https:\\\/\\\/fit360.ee\\\/en\\\/\",\"name\":\"Fit360\",\"description\":\"\",\"publisher\":{\"@id\":\"https:\\\/\\\/fit360.ee\\\/en\\\/#organization\"},\"potentialAction\":[{\"@type\":\"SearchAction\",\"target\":{\"@type\":\"EntryPoint\",\"urlTemplate\":\"https:\\\/\\\/fit360.ee\\\/en\\\/?s={search_term_string}\"},\"query-input\":{\"@type\":\"PropertyValueSpecification\",\"valueRequired\":true,\"valueName\":\"search_term_string\"}}],\"inLanguage\":\"en-US\"},{\"@type\":\"Organization\",\"@id\":\"https:\\\/\\\/fit360.ee\\\/en\\\/#organization\",\"name\":\"Fit360\",\"url\":\"https:\\\/\\\/fit360.ee\\\/en\\\/\",\"logo\":{\"@type\":\"ImageObject\",\"inLanguage\":\"en-US\",\"@id\":\"https:\\\/\\\/fit360.ee\\\/en\\\/#\\\/schema\\\/logo\\\/image\\\/\",\"url\":\"https:\\\/\\\/fit360.ee\\\/wp-content\\\/uploads\\\/2017\\\/01\\\/logo-fit360.png\",\"contentUrl\":\"https:\\\/\\\/fit360.ee\\\/wp-content\\\/uploads\\\/2017\\\/01\\\/logo-fit360.png\",\"width\":180,\"height\":66,\"caption\":\"Fit360\"},\"image\":{\"@id\":\"https:\\\/\\\/fit360.ee\\\/en\\\/#\\\/schema\\\/logo\\\/image\\\/\"}}]}<\/script>\n<!-- \/ Yoast SEO plugin. -->","yoast_head_json":{"title":"POWER SYSTEM Heavy Duty Lever Belt Stronglift, Punane - Fit360","description":"Heavy Duty Lever Belt Stronglift on v\u00e4ga kvaliteetsest ja tugevast libisemisvastase pinnaga seemisnahast. Kahejoonelised \u00f5mblused vastupidavuse tagamiseks.","robots":{"index":"index","follow":"follow","max-snippet":"max-snippet:-1","max-image-preview":"max-image-preview:large","max-video-preview":"max-video-preview:-1"},"canonical":"https:\/\/fit360.ee\/en\/pood\/training-equipment-en\/belts-en\/power-system-heavy-duty-lever-belt-stronglift\/","og_locale":"en_US","og_type":"article","og_title":"POWER SYSTEM Heavy Duty Lever Belt Stronglift, Punane - Fit360","og_description":"Heavy Duty Lever Belt Stronglift on v\u00e4ga kvaliteetsest ja tugevast libisemisvastase pinnaga seemisnahast. Kahejoonelised \u00f5mblused vastupidavuse tagamiseks.","og_url":"https:\/\/fit360.ee\/en\/pood\/training-equipment-en\/belts-en\/power-system-heavy-duty-lever-belt-stronglift\/","og_site_name":"Fit360","article_modified_time":"2025-08-13T05:37:01+00:00","og_image":[{"width":1000,"height":609,"url":"https:\/\/fit360.ee\/wp-content\/uploads\/2023\/09\/power-system-stronglift-belt-fit360.ee_.jpg","type":"image\/jpeg"}],"twitter_card":"summary_large_image","twitter_misc":{"Est. reading time":"2 minutes"},"schema":{"@context":"https:\/\/schema.org","@graph":[{"@type":"WebPage","@id":"https:\/\/fit360.ee\/en\/pood\/training-equipment-en\/belts-en\/power-system-heavy-duty-lever-belt-stronglift\/","url":"https:\/\/fit360.ee\/en\/pood\/training-equipment-en\/belts-en\/power-system-heavy-duty-lever-belt-stronglift\/","name":"POWER SYSTEM Heavy Duty Lever Belt Stronglift, Punane - Fit360","isPartOf":{"@id":"https:\/\/fit360.ee\/en\/#website"},"primaryImageOfPage":{"@id":"https:\/\/fit360.ee\/en\/pood\/training-equipment-en\/belts-en\/power-system-heavy-duty-lever-belt-stronglift\/#primaryimage"},"image":{"@id":"https:\/\/fit360.ee\/en\/pood\/training-equipment-en\/belts-en\/power-system-heavy-duty-lever-belt-stronglift\/#primaryimage"},"thumbnailUrl":"https:\/\/fit360.ee\/wp-content\/uploads\/2023\/09\/power-system-stronglift-belt-fit360.ee_.jpg","datePublished":"2023-09-27T09:44:19+00:00","dateModified":"2025-08-13T05:37:01+00:00","description":"Heavy Duty Lever Belt Stronglift on v\u00e4ga kvaliteetsest ja tugevast libisemisvastase pinnaga seemisnahast. Kahejoonelised \u00f5mblused vastupidavuse tagamiseks.","breadcrumb":{"@id":"https:\/\/fit360.ee\/en\/pood\/training-equipment-en\/belts-en\/power-system-heavy-duty-lever-belt-stronglift\/#breadcrumb"},"inLanguage":"en-US","potentialAction":[{"@type":"ReadAction","target":["https:\/\/fit360.ee\/en\/pood\/training-equipment-en\/belts-en\/power-system-heavy-duty-lever-belt-stronglift\/"]}]},{"@type":"ImageObject","inLanguage":"en-US","@id":"https:\/\/fit360.ee\/en\/pood\/training-equipment-en\/belts-en\/power-system-heavy-duty-lever-belt-stronglift\/#primaryimage","url":"https:\/\/fit360.ee\/wp-content\/uploads\/2023\/09\/power-system-stronglift-belt-fit360.ee_.jpg","contentUrl":"https:\/\/fit360.ee\/wp-content\/uploads\/2023\/09\/power-system-stronglift-belt-fit360.ee_.jpg","width":1000,"height":609,"caption":"power system stronglift belt - fit360.ee"},{"@type":"BreadcrumbList","@id":"https:\/\/fit360.ee\/en\/pood\/training-equipment-en\/belts-en\/power-system-heavy-duty-lever-belt-stronglift\/#breadcrumb","itemListElement":[{"@type":"ListItem","position":1,"name":"Home","item":"https:\/\/fit360.ee\/en\/"},{"@type":"ListItem","position":2,"name":"Shop","item":"https:\/\/fit360.ee\/en\/shop\/"},{"@type":"ListItem","position":3,"name":"POWER SYSTEM Heavy Duty Lever Belt Stronglift, Punane"}]},{"@type":"WebSite","@id":"https:\/\/fit360.ee\/en\/#website","url":"https:\/\/fit360.ee\/en\/","name":"Fit360","description":"","publisher":{"@id":"https:\/\/fit360.ee\/en\/#organization"},"potentialAction":[{"@type":"SearchAction","target":{"@type":"EntryPoint","urlTemplate":"https:\/\/fit360.ee\/en\/?s={search_term_string}"},"query-input":{"@type":"PropertyValueSpecification","valueRequired":true,"valueName":"search_term_string"}}],"inLanguage":"en-US"},{"@type":"Organization","@id":"https:\/\/fit360.ee\/en\/#organization","name":"Fit360","url":"https:\/\/fit360.ee\/en\/","logo":{"@type":"ImageObject","inLanguage":"en-US","@id":"https:\/\/fit360.ee\/en\/#\/schema\/logo\/image\/","url":"https:\/\/fit360.ee\/wp-content\/uploads\/2017\/01\/logo-fit360.png","contentUrl":"https:\/\/fit360.ee\/wp-content\/uploads\/2017\/01\/logo-fit360.png","width":180,"height":66,"caption":"Fit360"},"image":{"@id":"https:\/\/fit360.ee\/en\/#\/schema\/logo\/image\/"}}]}},"_links":{"self":[{"href":"https:\/\/fit360.ee\/en\/wp-json\/wp\/v2\/product\/73393","targetHints":{"allow":["GET"]}}],"collection":[{"href":"https:\/\/fit360.ee\/en\/wp-json\/wp\/v2\/product"}],"about":[{"href":"https:\/\/fit360.ee\/en\/wp-json\/wp\/v2\/types\/product"}],"replies":[{"embeddable":true,"href":"https:\/\/fit360.ee\/en\/wp-json\/wp\/v2\/comments?post=73393"}],"wp:featuredmedia":[{"embeddable":true,"href":"https:\/\/fit360.ee\/en\/wp-json\/wp\/v2\/media\/73388"}],"wp:attachment":[{"href":"https:\/\/fit360.ee\/en\/wp-json\/wp\/v2\/media?parent=73393"}],"wp:term":[{"taxonomy":"product_brand","embeddable":true,"href":"https:\/\/fit360.ee\/en\/wp-json\/wp\/v2\/product_brand?post=73393"},{"taxonomy":"product_cat","embeddable":true,"href":"https:\/\/fit360.ee\/en\/wp-json\/wp\/v2\/product_cat?post=73393"},{"taxonomy":"product_tag","embeddable":true,"href":"https:\/\/fit360.ee\/en\/wp-json\/wp\/v2\/product_tag?post=73393"},{"taxonomy":"giftcard-category","embeddable":true,"href":"https:\/\/fit360.ee\/en\/wp-json\/wp\/v2\/giftcard-category?post=73393"}],"curies":[{"name":"wp","href":"https:\/\/api.w.org\/{rel}","templated":true}]}}