{"id":73403,"date":"2023-09-27T12:11:39","date_gmt":"2023-09-27T10:11:39","guid":{"rendered":"https:\/\/fit360.ee\/pood\/uncategorized\/power-system-neoprene-dip-belt-with-chain-dipping-beast-must-kollane\/"},"modified":"2025-08-13T07:35:13","modified_gmt":"2025-08-13T05:35:13","slug":"power-system-neoprene-dip-belt-with-chain-dipping-beast","status":"publish","type":"product","link":"https:\/\/fit360.ee\/en\/pood\/training-equipment-en\/belts-en\/power-system-neoprene-dip-belt-with-chain-dipping-beast\/","title":{"rendered":"POWER SYSTEM Neoprene Dip Belt With Chain Dipping Beast, Must\/Kollane"},"content":{"rendered":"<h2><strong>Power System Dipping Beast<\/strong><\/h2>\n<ul>\n<li>Power System Dipping Belt\u00a0 on loodud selleks, et saaksite lihtsalt ja kiiresti lisada raskuskettaid, sangpomme, hantleid v\u00f5i muid raskusi vastavalt vajadusele.<\/li>\n<li>60 cm keti kasutamine ei j\u00e4ta teile kunagi puudu raskustest, mida lisada, ja meie t\u00e4iustatud raskeveokite ketti.<\/li>\n<li>Tugev kett, karabiin, D-r\u00f5ngas ja tugevdatud \u00f5mblused on ehitatud kestma ning v\u00f6\u00f6 on t\u00e4ielikult reguleeritav igas suuruses.<\/li>\n<\/ul>\n<p><a href=\"https:\/\/fit360.ee\/wp-content\/uploads\/2023\/09\/dipping-beast-fit360.ee-1-800x527.jpg\"><img loading=\"lazy\" decoding=\"async\" class=\"size-medium wp-image-73399\" src=\"https:\/\/fit360.ee\/wp-content\/uploads\/2023\/09\/dipping-beast-fit360.ee-1-800x527.jpg\" alt=\"dipping beast - fit360.ee\" width=\"800\" height=\"527\" srcset=\"https:\/\/fit360.ee\/wp-content\/uploads\/2023\/09\/dipping-beast-fit360.ee-1-800x527.jpg 800w, https:\/\/fit360.ee\/wp-content\/uploads\/2023\/09\/dipping-beast-fit360.ee-1-510x336.jpg 510w, https:\/\/fit360.ee\/wp-content\/uploads\/2023\/09\/dipping-beast-fit360.ee-1-768x506.jpg 768w, https:\/\/fit360.ee\/wp-content\/uploads\/2023\/09\/dipping-beast-fit360.ee-1.jpg 897w\" sizes=\"auto, (max-width: 800px) 100vw, 800px\" \/><\/a><\/p>\n<p>&nbsp;<\/p>\n<p><strong>V\u00e4rvus<\/strong>: Must\/Kollane; Must\/Punane<\/p>\n<p><strong>Suurus<\/strong>: \u00dcks suurus<\/p>\n<p>Vaata ka meie teisi T\u00f5stev\u00f6\u00f6sid <a href=\"https:\/\/fit360.ee\/en\/product-category\/training-equipment-en\/belts-en\/\"><strong>SIIT<\/strong><\/a>!<\/p>\n<p>Soovid kaupa osta suuremas koguses? Vaata antud toodet ka meie HULGI poest\u00a0<a href=\"https:\/\/toidulisandidhulgi.ee\/tooted\/power-system-neoprene-dip-belt-with-chain-dipping\/\"><strong>SIIT<\/strong><\/a>!<\/p>\n","protected":false},"excerpt":{"rendered":"<ul>\n<li>Power System Dipping Belt\u00a0 on loodud selleks, et saaksite lihtsalt ja kiiresti lisada raskuskettaid, sangpomme, hantleid v\u00f5i muid raskusi vastavalt vajadusele.<\/li>\n<li>60 cm keti kasutamine ei j\u00e4ta teile kunagi puudu raskustest, mida lisada, ja meie t\u00e4iustatud raskeveokite ketti.<\/li>\n<li>Tugev kett, karabiin, D-r\u00f5ngas ja tugevdatud \u00f5mblused on ehitatud kestma ning v\u00f6\u00f6 on t\u00e4ielikult reguleeritav igas suuruses.<\/li>\n<\/ul>\n","protected":false},"featured_media":73400,"comment_status":"closed","ping_status":"closed","template":"","meta":[],"product_brand":[],"product_cat":[550,538],"product_tag":[4527,4528,4516],"giftcard-category":[],"class_list":{"0":"post-73403","1":"product","2":"type-product","3":"status-publish","4":"has-post-thumbnail","6":"product_cat-belts-en","7":"product_cat-training-equipment-en","8":"product_tag-dipping-beast-en","9":"product_tag-neoprene-dip-belt-en","10":"product_tag-power-system-en","11":"pa_brand-power-systems-en","12":"pa_sugu-for-men","13":"pa_sugu-for-women","14":"pa_varustus-belts","15":"pa_varvus-black-yellow","17":"first","18":"instock","19":"taxable","20":"shipping-taxable","21":"purchasable","22":"product-type-simple"},"yoast_head":"<!-- This site is optimized with the Yoast SEO plugin v27.3 - https:\/\/yoast.com\/product\/yoast-seo-wordpress\/ -->\n<title>POWER SYSTEM Neoprene Dip Belt With Chain Dipping Beast, Must\/Kollane<\/title>\n<meta name=\"description\" content=\"Power System Dipping Belt\u00a0 on loodud selleks, et saaksite lihtsalt ja kiiresti lisada raskuskettaid, sangpomme, hantleid v\u00f5i muid raskusi vastavalt va...\" \/>\n<meta name=\"robots\" content=\"index, follow, max-snippet:-1, max-image-preview:large, max-video-preview:-1\" \/>\n<link rel=\"canonical\" href=\"https:\/\/fit360.ee\/en\/pood\/training-equipment-en\/belts-en\/power-system-neoprene-dip-belt-with-chain-dipping-beast\/\" \/>\n<meta property=\"og:locale\" content=\"en_US\" \/>\n<meta property=\"og:type\" content=\"article\" \/>\n<meta property=\"og:title\" content=\"POWER SYSTEM Neoprene Dip Belt With Chain Dipping Beast, Must\/Kollane\" \/>\n<meta property=\"og:description\" content=\"Power System Dipping Belt\u00a0 on loodud selleks, et saaksite lihtsalt ja kiiresti lisada raskuskettaid, sangpomme, hantleid v\u00f5i muid raskusi vastavalt va...\" \/>\n<meta property=\"og:url\" content=\"https:\/\/fit360.ee\/en\/pood\/training-equipment-en\/belts-en\/power-system-neoprene-dip-belt-with-chain-dipping-beast\/\" \/>\n<meta property=\"og:site_name\" content=\"Fit360\" \/>\n<meta property=\"article:modified_time\" content=\"2025-08-13T05:35:13+00:00\" \/>\n<meta property=\"og:image\" content=\"https:\/\/fit360.ee\/wp-content\/uploads\/2023\/09\/dipping-beast-fit360.ee-1.jpg\" \/>\n\t<meta property=\"og:image:width\" content=\"897\" \/>\n\t<meta property=\"og:image:height\" content=\"591\" \/>\n\t<meta property=\"og:image:type\" content=\"image\/jpeg\" \/>\n<meta name=\"twitter:card\" content=\"summary_large_image\" \/>\n<meta name=\"twitter:label1\" content=\"Est. reading time\" \/>\n\t<meta name=\"twitter:data1\" content=\"1 minute\" \/>\n<script type=\"application\/ld+json\" class=\"yoast-schema-graph\">{\"@context\":\"https:\\\/\\\/schema.org\",\"@graph\":[{\"@type\":\"WebPage\",\"@id\":\"https:\\\/\\\/fit360.ee\\\/en\\\/pood\\\/training-equipment-en\\\/belts-en\\\/power-system-neoprene-dip-belt-with-chain-dipping-beast\\\/\",\"url\":\"https:\\\/\\\/fit360.ee\\\/en\\\/pood\\\/training-equipment-en\\\/belts-en\\\/power-system-neoprene-dip-belt-with-chain-dipping-beast\\\/\",\"name\":\"POWER SYSTEM Neoprene Dip Belt With Chain Dipping Beast, Must\\\/Kollane\",\"isPartOf\":{\"@id\":\"https:\\\/\\\/fit360.ee\\\/en\\\/#website\"},\"primaryImageOfPage\":{\"@id\":\"https:\\\/\\\/fit360.ee\\\/en\\\/pood\\\/training-equipment-en\\\/belts-en\\\/power-system-neoprene-dip-belt-with-chain-dipping-beast\\\/#primaryimage\"},\"image\":{\"@id\":\"https:\\\/\\\/fit360.ee\\\/en\\\/pood\\\/training-equipment-en\\\/belts-en\\\/power-system-neoprene-dip-belt-with-chain-dipping-beast\\\/#primaryimage\"},\"thumbnailUrl\":\"https:\\\/\\\/fit360.ee\\\/wp-content\\\/uploads\\\/2023\\\/09\\\/dipping-beast-fit360.ee-1.jpg\",\"datePublished\":\"2023-09-27T10:11:39+00:00\",\"dateModified\":\"2025-08-13T05:35:13+00:00\",\"description\":\"Power System Dipping Belt\u00a0 on loodud selleks, et saaksite lihtsalt ja kiiresti lisada raskuskettaid, sangpomme, hantleid v\u00f5i muid raskusi vastavalt va...\",\"breadcrumb\":{\"@id\":\"https:\\\/\\\/fit360.ee\\\/en\\\/pood\\\/training-equipment-en\\\/belts-en\\\/power-system-neoprene-dip-belt-with-chain-dipping-beast\\\/#breadcrumb\"},\"inLanguage\":\"en-US\",\"potentialAction\":[{\"@type\":\"ReadAction\",\"target\":[\"https:\\\/\\\/fit360.ee\\\/en\\\/pood\\\/training-equipment-en\\\/belts-en\\\/power-system-neoprene-dip-belt-with-chain-dipping-beast\\\/\"]}]},{\"@type\":\"ImageObject\",\"inLanguage\":\"en-US\",\"@id\":\"https:\\\/\\\/fit360.ee\\\/en\\\/pood\\\/training-equipment-en\\\/belts-en\\\/power-system-neoprene-dip-belt-with-chain-dipping-beast\\\/#primaryimage\",\"url\":\"https:\\\/\\\/fit360.ee\\\/wp-content\\\/uploads\\\/2023\\\/09\\\/dipping-beast-fit360.ee-1.jpg\",\"contentUrl\":\"https:\\\/\\\/fit360.ee\\\/wp-content\\\/uploads\\\/2023\\\/09\\\/dipping-beast-fit360.ee-1.jpg\",\"width\":897,\"height\":591,\"caption\":\"dipping beast - fit360.ee\"},{\"@type\":\"BreadcrumbList\",\"@id\":\"https:\\\/\\\/fit360.ee\\\/en\\\/pood\\\/training-equipment-en\\\/belts-en\\\/power-system-neoprene-dip-belt-with-chain-dipping-beast\\\/#breadcrumb\",\"itemListElement\":[{\"@type\":\"ListItem\",\"position\":1,\"name\":\"Home\",\"item\":\"https:\\\/\\\/fit360.ee\\\/en\\\/\"},{\"@type\":\"ListItem\",\"position\":2,\"name\":\"Shop\",\"item\":\"https:\\\/\\\/fit360.ee\\\/en\\\/shop\\\/\"},{\"@type\":\"ListItem\",\"position\":3,\"name\":\"POWER SYSTEM Neoprene Dip Belt With Chain Dipping Beast, Must\\\/Kollane\"}]},{\"@type\":\"WebSite\",\"@id\":\"https:\\\/\\\/fit360.ee\\\/en\\\/#website\",\"url\":\"https:\\\/\\\/fit360.ee\\\/en\\\/\",\"name\":\"Fit360\",\"description\":\"\",\"publisher\":{\"@id\":\"https:\\\/\\\/fit360.ee\\\/en\\\/#organization\"},\"potentialAction\":[{\"@type\":\"SearchAction\",\"target\":{\"@type\":\"EntryPoint\",\"urlTemplate\":\"https:\\\/\\\/fit360.ee\\\/en\\\/?s={search_term_string}\"},\"query-input\":{\"@type\":\"PropertyValueSpecification\",\"valueRequired\":true,\"valueName\":\"search_term_string\"}}],\"inLanguage\":\"en-US\"},{\"@type\":\"Organization\",\"@id\":\"https:\\\/\\\/fit360.ee\\\/en\\\/#organization\",\"name\":\"Fit360\",\"url\":\"https:\\\/\\\/fit360.ee\\\/en\\\/\",\"logo\":{\"@type\":\"ImageObject\",\"inLanguage\":\"en-US\",\"@id\":\"https:\\\/\\\/fit360.ee\\\/en\\\/#\\\/schema\\\/logo\\\/image\\\/\",\"url\":\"https:\\\/\\\/fit360.ee\\\/wp-content\\\/uploads\\\/2017\\\/01\\\/logo-fit360.png\",\"contentUrl\":\"https:\\\/\\\/fit360.ee\\\/wp-content\\\/uploads\\\/2017\\\/01\\\/logo-fit360.png\",\"width\":180,\"height\":66,\"caption\":\"Fit360\"},\"image\":{\"@id\":\"https:\\\/\\\/fit360.ee\\\/en\\\/#\\\/schema\\\/logo\\\/image\\\/\"}}]}<\/script>\n<!-- \/ Yoast SEO plugin. -->","yoast_head_json":{"title":"POWER SYSTEM Neoprene Dip Belt With Chain Dipping Beast, Must\/Kollane","description":"Power System Dipping Belt\u00a0 on loodud selleks, et saaksite lihtsalt ja kiiresti lisada raskuskettaid, sangpomme, hantleid v\u00f5i muid raskusi vastavalt va...","robots":{"index":"index","follow":"follow","max-snippet":"max-snippet:-1","max-image-preview":"max-image-preview:large","max-video-preview":"max-video-preview:-1"},"canonical":"https:\/\/fit360.ee\/en\/pood\/training-equipment-en\/belts-en\/power-system-neoprene-dip-belt-with-chain-dipping-beast\/","og_locale":"en_US","og_type":"article","og_title":"POWER SYSTEM Neoprene Dip Belt With Chain Dipping Beast, Must\/Kollane","og_description":"Power System Dipping Belt\u00a0 on loodud selleks, et saaksite lihtsalt ja kiiresti lisada raskuskettaid, sangpomme, hantleid v\u00f5i muid raskusi vastavalt va...","og_url":"https:\/\/fit360.ee\/en\/pood\/training-equipment-en\/belts-en\/power-system-neoprene-dip-belt-with-chain-dipping-beast\/","og_site_name":"Fit360","article_modified_time":"2025-08-13T05:35:13+00:00","og_image":[{"width":897,"height":591,"url":"https:\/\/fit360.ee\/wp-content\/uploads\/2023\/09\/dipping-beast-fit360.ee-1.jpg","type":"image\/jpeg"}],"twitter_card":"summary_large_image","twitter_misc":{"Est. reading time":"1 minute"},"schema":{"@context":"https:\/\/schema.org","@graph":[{"@type":"WebPage","@id":"https:\/\/fit360.ee\/en\/pood\/training-equipment-en\/belts-en\/power-system-neoprene-dip-belt-with-chain-dipping-beast\/","url":"https:\/\/fit360.ee\/en\/pood\/training-equipment-en\/belts-en\/power-system-neoprene-dip-belt-with-chain-dipping-beast\/","name":"POWER SYSTEM Neoprene Dip Belt With Chain Dipping Beast, Must\/Kollane","isPartOf":{"@id":"https:\/\/fit360.ee\/en\/#website"},"primaryImageOfPage":{"@id":"https:\/\/fit360.ee\/en\/pood\/training-equipment-en\/belts-en\/power-system-neoprene-dip-belt-with-chain-dipping-beast\/#primaryimage"},"image":{"@id":"https:\/\/fit360.ee\/en\/pood\/training-equipment-en\/belts-en\/power-system-neoprene-dip-belt-with-chain-dipping-beast\/#primaryimage"},"thumbnailUrl":"https:\/\/fit360.ee\/wp-content\/uploads\/2023\/09\/dipping-beast-fit360.ee-1.jpg","datePublished":"2023-09-27T10:11:39+00:00","dateModified":"2025-08-13T05:35:13+00:00","description":"Power System Dipping Belt\u00a0 on loodud selleks, et saaksite lihtsalt ja kiiresti lisada raskuskettaid, sangpomme, hantleid v\u00f5i muid raskusi vastavalt va...","breadcrumb":{"@id":"https:\/\/fit360.ee\/en\/pood\/training-equipment-en\/belts-en\/power-system-neoprene-dip-belt-with-chain-dipping-beast\/#breadcrumb"},"inLanguage":"en-US","potentialAction":[{"@type":"ReadAction","target":["https:\/\/fit360.ee\/en\/pood\/training-equipment-en\/belts-en\/power-system-neoprene-dip-belt-with-chain-dipping-beast\/"]}]},{"@type":"ImageObject","inLanguage":"en-US","@id":"https:\/\/fit360.ee\/en\/pood\/training-equipment-en\/belts-en\/power-system-neoprene-dip-belt-with-chain-dipping-beast\/#primaryimage","url":"https:\/\/fit360.ee\/wp-content\/uploads\/2023\/09\/dipping-beast-fit360.ee-1.jpg","contentUrl":"https:\/\/fit360.ee\/wp-content\/uploads\/2023\/09\/dipping-beast-fit360.ee-1.jpg","width":897,"height":591,"caption":"dipping beast - fit360.ee"},{"@type":"BreadcrumbList","@id":"https:\/\/fit360.ee\/en\/pood\/training-equipment-en\/belts-en\/power-system-neoprene-dip-belt-with-chain-dipping-beast\/#breadcrumb","itemListElement":[{"@type":"ListItem","position":1,"name":"Home","item":"https:\/\/fit360.ee\/en\/"},{"@type":"ListItem","position":2,"name":"Shop","item":"https:\/\/fit360.ee\/en\/shop\/"},{"@type":"ListItem","position":3,"name":"POWER SYSTEM Neoprene Dip Belt With Chain Dipping Beast, Must\/Kollane"}]},{"@type":"WebSite","@id":"https:\/\/fit360.ee\/en\/#website","url":"https:\/\/fit360.ee\/en\/","name":"Fit360","description":"","publisher":{"@id":"https:\/\/fit360.ee\/en\/#organization"},"potentialAction":[{"@type":"SearchAction","target":{"@type":"EntryPoint","urlTemplate":"https:\/\/fit360.ee\/en\/?s={search_term_string}"},"query-input":{"@type":"PropertyValueSpecification","valueRequired":true,"valueName":"search_term_string"}}],"inLanguage":"en-US"},{"@type":"Organization","@id":"https:\/\/fit360.ee\/en\/#organization","name":"Fit360","url":"https:\/\/fit360.ee\/en\/","logo":{"@type":"ImageObject","inLanguage":"en-US","@id":"https:\/\/fit360.ee\/en\/#\/schema\/logo\/image\/","url":"https:\/\/fit360.ee\/wp-content\/uploads\/2017\/01\/logo-fit360.png","contentUrl":"https:\/\/fit360.ee\/wp-content\/uploads\/2017\/01\/logo-fit360.png","width":180,"height":66,"caption":"Fit360"},"image":{"@id":"https:\/\/fit360.ee\/en\/#\/schema\/logo\/image\/"}}]}},"_links":{"self":[{"href":"https:\/\/fit360.ee\/en\/wp-json\/wp\/v2\/product\/73403","targetHints":{"allow":["GET"]}}],"collection":[{"href":"https:\/\/fit360.ee\/en\/wp-json\/wp\/v2\/product"}],"about":[{"href":"https:\/\/fit360.ee\/en\/wp-json\/wp\/v2\/types\/product"}],"replies":[{"embeddable":true,"href":"https:\/\/fit360.ee\/en\/wp-json\/wp\/v2\/comments?post=73403"}],"wp:featuredmedia":[{"embeddable":true,"href":"https:\/\/fit360.ee\/en\/wp-json\/wp\/v2\/media\/73400"}],"wp:attachment":[{"href":"https:\/\/fit360.ee\/en\/wp-json\/wp\/v2\/media?parent=73403"}],"wp:term":[{"taxonomy":"product_brand","embeddable":true,"href":"https:\/\/fit360.ee\/en\/wp-json\/wp\/v2\/product_brand?post=73403"},{"taxonomy":"product_cat","embeddable":true,"href":"https:\/\/fit360.ee\/en\/wp-json\/wp\/v2\/product_cat?post=73403"},{"taxonomy":"product_tag","embeddable":true,"href":"https:\/\/fit360.ee\/en\/wp-json\/wp\/v2\/product_tag?post=73403"},{"taxonomy":"giftcard-category","embeddable":true,"href":"https:\/\/fit360.ee\/en\/wp-json\/wp\/v2\/giftcard-category?post=73403"}],"curies":[{"name":"wp","href":"https:\/\/api.w.org\/{rel}","templated":true}]}}