{"id":73412,"date":"2023-09-27T13:13:13","date_gmt":"2023-09-27T11:13:13","guid":{"rendered":"https:\/\/fit360.ee\/pood\/uncategorized\/power-system-womens-powerlifting-belt-girl-power\/"},"modified":"2025-08-13T07:37:49","modified_gmt":"2025-08-13T05:37:49","slug":"power-system-womens-powerlifting-belt-girl-power","status":"publish","type":"product","link":"https:\/\/fit360.ee\/en\/pood\/training-equipment-en\/belts-en\/power-system-womens-powerlifting-belt-girl-power\/","title":{"rendered":"POWER SYSTEM Womens Powerlifting Belt Girl Power, Roosa"},"content":{"rendered":"<h2><strong>Womens Powerlifting Belt Girl Power<\/strong><\/h2>\n<ul>\n<li>T\u00f5stke oma k\u00fckkide ja j\u00f5ut\u00f5mbe taset Power System Girl Poweri j\u00f5ut\u00f5stmisv\u00f6\u00f6ga.<\/li>\n<li>See kaheharuline nahast t\u00f5sterihm on valmistatud t\u00e4iustatud materjalidest, mis tagavad pehme ja mugava tunde.<\/li>\n<li>Kaasas t\u00e4iustatud neetidega, et v\u00e4ltida h\u00fcppamist.<\/li>\n<li>Womens Powerlifting Belt Girl Power 10 mm paksus tagab parema nimme- ja s\u00fcdamiku toe t\u00f5sise j\u00f5ut\u00f5stmise jaoks.<\/li>\n<li>4-tolline rihma laius tagab maksimaalse toe raskete t\u00f5stmiste ajal.\u00a0Mahub spordikottidesse, et treenida k\u00f5ikjal!<\/li>\n<li>Lihtne reguleerida roostevabast terasest pandlas\u00fcsteemiga.<\/li>\n<li>See raskust t\u00f5stev v\u00f6\u00f6 on v\u00f5rreldamatu ja tagasihoidlik nahkmaterjal, mis aitab veatult k\u00fckkides, j\u00f5ut\u00f5stetes, puhastades ja t\u00f5mblustes, t\u00f5mblustes ja mujal.\u00a0Materjali vastupidavus aitab teil rasketes treeningutes ja ettevalmistustes.<\/li>\n<\/ul>\n<div class=\"table-responsive\">\n<table class=\"table\" border=\"1\">\n<tbody>\n<tr>\n<th>Suurus<\/th>\n<th>V\u00f6\u00f6koha \u00fcmberm\u00f5\u00f5t<\/th>\n<\/tr>\n<tr>\n<td>S<\/td>\n<td>51-71 cm<\/td>\n<\/tr>\n<tr>\n<td>M<\/td>\n<td>61-81 cm<\/td>\n<\/tr>\n<tr>\n<td>L<\/td>\n<td>71-91 cm<\/td>\n<\/tr>\n<\/tbody>\n<\/table>\n<p><a href=\"https:\/\/fit360.ee\/wp-content\/uploads\/2023\/09\/power-system-powerlifting-girl-power-fit360.ee_-800x393.jpg\"><img loading=\"lazy\" decoding=\"async\" class=\"size-medium wp-image-73405\" src=\"https:\/\/fit360.ee\/wp-content\/uploads\/2023\/09\/power-system-powerlifting-girl-power-fit360.ee_-800x393.jpg\" alt=\"power system powerlifting girl power - fit360.ee\" width=\"800\" height=\"393\" srcset=\"https:\/\/fit360.ee\/wp-content\/uploads\/2023\/09\/power-system-powerlifting-girl-power-fit360.ee_-800x393.jpg 800w, https:\/\/fit360.ee\/wp-content\/uploads\/2023\/09\/power-system-powerlifting-girl-power-fit360.ee_-510x250.jpg 510w, https:\/\/fit360.ee\/wp-content\/uploads\/2023\/09\/power-system-powerlifting-girl-power-fit360.ee_-768x377.jpg 768w, https:\/\/fit360.ee\/wp-content\/uploads\/2023\/09\/power-system-powerlifting-girl-power-fit360.ee_.jpg 1000w\" sizes=\"auto, (max-width: 800px) 100vw, 800px\" \/><\/a><\/p>\n<p><a href=\"https:\/\/fit360.ee\/wp-content\/uploads\/2023\/09\/Powerlifting-Belt-Girl-Power-fit360.ee_-800x437.jpg\"><img loading=\"lazy\" decoding=\"async\" class=\"size-medium wp-image-73407\" src=\"https:\/\/fit360.ee\/wp-content\/uploads\/2023\/09\/Powerlifting-Belt-Girl-Power-fit360.ee_-800x437.jpg\" alt=\"Powerlifting Belt Girl Power - fit360.ee\" width=\"800\" height=\"437\" srcset=\"https:\/\/fit360.ee\/wp-content\/uploads\/2023\/09\/Powerlifting-Belt-Girl-Power-fit360.ee_-800x437.jpg 800w, https:\/\/fit360.ee\/wp-content\/uploads\/2023\/09\/Powerlifting-Belt-Girl-Power-fit360.ee_-510x278.jpg 510w, https:\/\/fit360.ee\/wp-content\/uploads\/2023\/09\/Powerlifting-Belt-Girl-Power-fit360.ee_-768x419.jpg 768w, https:\/\/fit360.ee\/wp-content\/uploads\/2023\/09\/Powerlifting-Belt-Girl-Power-fit360.ee_.jpg 1000w\" sizes=\"auto, (max-width: 800px) 100vw, 800px\" \/><\/a><\/p>\n<p><strong>V\u00e4rvus<\/strong>: Roosa<\/p>\n<p><strong>Suurus<\/strong>: S-L<\/p>\n<\/div>\n<p>Vaata ka meie teisi T\u00f5stev\u00f6\u00f6sid <a href=\"https:\/\/fit360.ee\/en\/product-category\/training-equipment-en\/belts-en\/\"><strong>SIIT<\/strong><\/a>!<\/p>\n<p>Soovid kaupa osta suuremas koguses? Vaata antud toodet ka meie HULGI poest\u00a0<a href=\"https:\/\/toidulisandidhulgi.ee\/tooted\/power-system-womens-powerlifting-belt-girl-power-roosa\/\"><strong>SIIT<\/strong><\/a>!<\/p>\n","protected":false},"excerpt":{"rendered":"<ul>\n<li>T\u00f5stke oma k\u00fckkide ja j\u00f5ut\u00f5mbe taset Power System Girl Poweri j\u00f5ut\u00f5stmisv\u00f6\u00f6ga.<\/li>\n<li>See kaheharuline nahast t\u00f5sterihm on valmistatud t\u00e4iustatud materjalidest, mis tagavad pehme ja mugava tunde.<\/li>\n<li>Kaasas t\u00e4iustatud neetidega, et v\u00e4ltida h\u00fcppamist.<\/li>\n<li>10 mm paksus tagab parema nimme- ja s\u00fcdamiku toe t\u00f5sise j\u00f5ut\u00f5stmise jaoks.<\/li>\n<li>4-tolline rihma laius tagab maksimaalse toe raskete t\u00f5stmiste ajal.\u00a0Mahub spordikottidesse, et treenida k\u00f5ikjal!<\/li>\n<li>Lihtne reguleerida roostevabast terasest pandlas\u00fcsteemiga.<\/li>\n<li>See raskust t\u00f5stev v\u00f6\u00f6 on v\u00f5rreldamatu ja tagasihoidlik nahkmaterjal, mis aitab veatult k\u00fckkides, j\u00f5ut\u00f5stetes, puhastades ja t\u00f5mblustes, t\u00f5mblustes ja mujal.\u00a0Materjali vastupidavus aitab teil rasketes treeningutes ja ettevalmistustes.<\/li>\n<\/ul>\n","protected":false},"featured_media":73408,"comment_status":"closed","ping_status":"closed","template":"","meta":[],"product_brand":[],"product_cat":[550,519],"product_tag":[4516,4530],"giftcard-category":[],"class_list":{"0":"post-73412","1":"product","2":"type-product","3":"status-publish","4":"has-post-thumbnail","6":"product_cat-belts-en","7":"product_cat-product-groups","8":"product_tag-power-system-en","9":"product_tag-womens-powerlifting-belt-girl-power-en","10":"pa_suurus-l","11":"pa_suurus-m","12":"pa_suurus-s","14":"first","15":"instock","16":"taxable","17":"shipping-taxable","18":"purchasable","19":"product-type-variable"},"yoast_head":"<!-- This site is optimized with the Yoast SEO plugin v27.3 - https:\/\/yoast.com\/product\/yoast-seo-wordpress\/ -->\n<title>POWER SYSTEM Womens Powerlifting Belt Girl Power, Roosa - Fit360<\/title>\n<meta name=\"description\" content=\"Powerlifting Belt Girl Power t\u00f5stab Teie k\u00fckkide ja j\u00f5ut\u00f5mmete taset. See kaheharuline nahast t\u00f5sterihm on valmistatud t\u00e4iustatud materjalidest, mis tagav..\" \/>\n<meta name=\"robots\" content=\"index, follow, max-snippet:-1, max-image-preview:large, max-video-preview:-1\" \/>\n<link rel=\"canonical\" href=\"https:\/\/fit360.ee\/en\/pood\/training-equipment-en\/belts-en\/power-system-womens-powerlifting-belt-girl-power\/\" \/>\n<meta property=\"og:locale\" content=\"en_US\" \/>\n<meta property=\"og:type\" content=\"article\" \/>\n<meta property=\"og:title\" content=\"POWER SYSTEM Womens Powerlifting Belt Girl Power, Roosa - Fit360\" \/>\n<meta property=\"og:description\" content=\"Powerlifting Belt Girl Power t\u00f5stab Teie k\u00fckkide ja j\u00f5ut\u00f5mmete taset. See kaheharuline nahast t\u00f5sterihm on valmistatud t\u00e4iustatud materjalidest, mis tagav..\" \/>\n<meta property=\"og:url\" content=\"https:\/\/fit360.ee\/en\/pood\/training-equipment-en\/belts-en\/power-system-womens-powerlifting-belt-girl-power\/\" \/>\n<meta property=\"og:site_name\" content=\"Fit360\" \/>\n<meta property=\"article:modified_time\" content=\"2025-08-13T05:37:49+00:00\" \/>\n<meta property=\"og:image\" content=\"https:\/\/fit360.ee\/wp-content\/uploads\/2023\/09\/Powerlifting-Belt-Girl-Power-fit360.ee_.jpg\" \/>\n\t<meta property=\"og:image:width\" content=\"1000\" \/>\n\t<meta property=\"og:image:height\" content=\"546\" \/>\n\t<meta property=\"og:image:type\" content=\"image\/jpeg\" \/>\n<meta name=\"twitter:card\" content=\"summary_large_image\" \/>\n<meta name=\"twitter:label1\" content=\"Est. reading time\" \/>\n\t<meta name=\"twitter:data1\" content=\"2 minutes\" \/>\n<script type=\"application\/ld+json\" class=\"yoast-schema-graph\">{\"@context\":\"https:\\\/\\\/schema.org\",\"@graph\":[{\"@type\":\"WebPage\",\"@id\":\"https:\\\/\\\/fit360.ee\\\/en\\\/pood\\\/training-equipment-en\\\/belts-en\\\/power-system-womens-powerlifting-belt-girl-power\\\/\",\"url\":\"https:\\\/\\\/fit360.ee\\\/en\\\/pood\\\/training-equipment-en\\\/belts-en\\\/power-system-womens-powerlifting-belt-girl-power\\\/\",\"name\":\"POWER SYSTEM Womens Powerlifting Belt Girl Power, Roosa - Fit360\",\"isPartOf\":{\"@id\":\"https:\\\/\\\/fit360.ee\\\/en\\\/#website\"},\"primaryImageOfPage\":{\"@id\":\"https:\\\/\\\/fit360.ee\\\/en\\\/pood\\\/training-equipment-en\\\/belts-en\\\/power-system-womens-powerlifting-belt-girl-power\\\/#primaryimage\"},\"image\":{\"@id\":\"https:\\\/\\\/fit360.ee\\\/en\\\/pood\\\/training-equipment-en\\\/belts-en\\\/power-system-womens-powerlifting-belt-girl-power\\\/#primaryimage\"},\"thumbnailUrl\":\"https:\\\/\\\/fit360.ee\\\/wp-content\\\/uploads\\\/2023\\\/09\\\/Powerlifting-Belt-Girl-Power-fit360.ee_.jpg\",\"datePublished\":\"2023-09-27T11:13:13+00:00\",\"dateModified\":\"2025-08-13T05:37:49+00:00\",\"description\":\"Powerlifting Belt Girl Power t\u00f5stab Teie k\u00fckkide ja j\u00f5ut\u00f5mmete taset. See kaheharuline nahast t\u00f5sterihm on valmistatud t\u00e4iustatud materjalidest, mis tagav..\",\"breadcrumb\":{\"@id\":\"https:\\\/\\\/fit360.ee\\\/en\\\/pood\\\/training-equipment-en\\\/belts-en\\\/power-system-womens-powerlifting-belt-girl-power\\\/#breadcrumb\"},\"inLanguage\":\"en-US\",\"potentialAction\":[{\"@type\":\"ReadAction\",\"target\":[\"https:\\\/\\\/fit360.ee\\\/en\\\/pood\\\/training-equipment-en\\\/belts-en\\\/power-system-womens-powerlifting-belt-girl-power\\\/\"]}]},{\"@type\":\"ImageObject\",\"inLanguage\":\"en-US\",\"@id\":\"https:\\\/\\\/fit360.ee\\\/en\\\/pood\\\/training-equipment-en\\\/belts-en\\\/power-system-womens-powerlifting-belt-girl-power\\\/#primaryimage\",\"url\":\"https:\\\/\\\/fit360.ee\\\/wp-content\\\/uploads\\\/2023\\\/09\\\/Powerlifting-Belt-Girl-Power-fit360.ee_.jpg\",\"contentUrl\":\"https:\\\/\\\/fit360.ee\\\/wp-content\\\/uploads\\\/2023\\\/09\\\/Powerlifting-Belt-Girl-Power-fit360.ee_.jpg\",\"width\":1000,\"height\":546,\"caption\":\"Powerlifting Belt Girl Power - fit360.ee\"},{\"@type\":\"BreadcrumbList\",\"@id\":\"https:\\\/\\\/fit360.ee\\\/en\\\/pood\\\/training-equipment-en\\\/belts-en\\\/power-system-womens-powerlifting-belt-girl-power\\\/#breadcrumb\",\"itemListElement\":[{\"@type\":\"ListItem\",\"position\":1,\"name\":\"Home\",\"item\":\"https:\\\/\\\/fit360.ee\\\/en\\\/\"},{\"@type\":\"ListItem\",\"position\":2,\"name\":\"Shop\",\"item\":\"https:\\\/\\\/fit360.ee\\\/en\\\/shop\\\/\"},{\"@type\":\"ListItem\",\"position\":3,\"name\":\"POWER SYSTEM Womens Powerlifting Belt Girl Power, Roosa\"}]},{\"@type\":\"WebSite\",\"@id\":\"https:\\\/\\\/fit360.ee\\\/en\\\/#website\",\"url\":\"https:\\\/\\\/fit360.ee\\\/en\\\/\",\"name\":\"Fit360\",\"description\":\"\",\"publisher\":{\"@id\":\"https:\\\/\\\/fit360.ee\\\/en\\\/#organization\"},\"potentialAction\":[{\"@type\":\"SearchAction\",\"target\":{\"@type\":\"EntryPoint\",\"urlTemplate\":\"https:\\\/\\\/fit360.ee\\\/en\\\/?s={search_term_string}\"},\"query-input\":{\"@type\":\"PropertyValueSpecification\",\"valueRequired\":true,\"valueName\":\"search_term_string\"}}],\"inLanguage\":\"en-US\"},{\"@type\":\"Organization\",\"@id\":\"https:\\\/\\\/fit360.ee\\\/en\\\/#organization\",\"name\":\"Fit360\",\"url\":\"https:\\\/\\\/fit360.ee\\\/en\\\/\",\"logo\":{\"@type\":\"ImageObject\",\"inLanguage\":\"en-US\",\"@id\":\"https:\\\/\\\/fit360.ee\\\/en\\\/#\\\/schema\\\/logo\\\/image\\\/\",\"url\":\"https:\\\/\\\/fit360.ee\\\/wp-content\\\/uploads\\\/2017\\\/01\\\/logo-fit360.png\",\"contentUrl\":\"https:\\\/\\\/fit360.ee\\\/wp-content\\\/uploads\\\/2017\\\/01\\\/logo-fit360.png\",\"width\":180,\"height\":66,\"caption\":\"Fit360\"},\"image\":{\"@id\":\"https:\\\/\\\/fit360.ee\\\/en\\\/#\\\/schema\\\/logo\\\/image\\\/\"}}]}<\/script>\n<!-- \/ Yoast SEO plugin. -->","yoast_head_json":{"title":"POWER SYSTEM Womens Powerlifting Belt Girl Power, Roosa - Fit360","description":"Powerlifting Belt Girl Power t\u00f5stab Teie k\u00fckkide ja j\u00f5ut\u00f5mmete taset. See kaheharuline nahast t\u00f5sterihm on valmistatud t\u00e4iustatud materjalidest, mis tagav..","robots":{"index":"index","follow":"follow","max-snippet":"max-snippet:-1","max-image-preview":"max-image-preview:large","max-video-preview":"max-video-preview:-1"},"canonical":"https:\/\/fit360.ee\/en\/pood\/training-equipment-en\/belts-en\/power-system-womens-powerlifting-belt-girl-power\/","og_locale":"en_US","og_type":"article","og_title":"POWER SYSTEM Womens Powerlifting Belt Girl Power, Roosa - Fit360","og_description":"Powerlifting Belt Girl Power t\u00f5stab Teie k\u00fckkide ja j\u00f5ut\u00f5mmete taset. See kaheharuline nahast t\u00f5sterihm on valmistatud t\u00e4iustatud materjalidest, mis tagav..","og_url":"https:\/\/fit360.ee\/en\/pood\/training-equipment-en\/belts-en\/power-system-womens-powerlifting-belt-girl-power\/","og_site_name":"Fit360","article_modified_time":"2025-08-13T05:37:49+00:00","og_image":[{"width":1000,"height":546,"url":"https:\/\/fit360.ee\/wp-content\/uploads\/2023\/09\/Powerlifting-Belt-Girl-Power-fit360.ee_.jpg","type":"image\/jpeg"}],"twitter_card":"summary_large_image","twitter_misc":{"Est. reading time":"2 minutes"},"schema":{"@context":"https:\/\/schema.org","@graph":[{"@type":"WebPage","@id":"https:\/\/fit360.ee\/en\/pood\/training-equipment-en\/belts-en\/power-system-womens-powerlifting-belt-girl-power\/","url":"https:\/\/fit360.ee\/en\/pood\/training-equipment-en\/belts-en\/power-system-womens-powerlifting-belt-girl-power\/","name":"POWER SYSTEM Womens Powerlifting Belt Girl Power, Roosa - Fit360","isPartOf":{"@id":"https:\/\/fit360.ee\/en\/#website"},"primaryImageOfPage":{"@id":"https:\/\/fit360.ee\/en\/pood\/training-equipment-en\/belts-en\/power-system-womens-powerlifting-belt-girl-power\/#primaryimage"},"image":{"@id":"https:\/\/fit360.ee\/en\/pood\/training-equipment-en\/belts-en\/power-system-womens-powerlifting-belt-girl-power\/#primaryimage"},"thumbnailUrl":"https:\/\/fit360.ee\/wp-content\/uploads\/2023\/09\/Powerlifting-Belt-Girl-Power-fit360.ee_.jpg","datePublished":"2023-09-27T11:13:13+00:00","dateModified":"2025-08-13T05:37:49+00:00","description":"Powerlifting Belt Girl Power t\u00f5stab Teie k\u00fckkide ja j\u00f5ut\u00f5mmete taset. See kaheharuline nahast t\u00f5sterihm on valmistatud t\u00e4iustatud materjalidest, mis tagav..","breadcrumb":{"@id":"https:\/\/fit360.ee\/en\/pood\/training-equipment-en\/belts-en\/power-system-womens-powerlifting-belt-girl-power\/#breadcrumb"},"inLanguage":"en-US","potentialAction":[{"@type":"ReadAction","target":["https:\/\/fit360.ee\/en\/pood\/training-equipment-en\/belts-en\/power-system-womens-powerlifting-belt-girl-power\/"]}]},{"@type":"ImageObject","inLanguage":"en-US","@id":"https:\/\/fit360.ee\/en\/pood\/training-equipment-en\/belts-en\/power-system-womens-powerlifting-belt-girl-power\/#primaryimage","url":"https:\/\/fit360.ee\/wp-content\/uploads\/2023\/09\/Powerlifting-Belt-Girl-Power-fit360.ee_.jpg","contentUrl":"https:\/\/fit360.ee\/wp-content\/uploads\/2023\/09\/Powerlifting-Belt-Girl-Power-fit360.ee_.jpg","width":1000,"height":546,"caption":"Powerlifting Belt Girl Power - fit360.ee"},{"@type":"BreadcrumbList","@id":"https:\/\/fit360.ee\/en\/pood\/training-equipment-en\/belts-en\/power-system-womens-powerlifting-belt-girl-power\/#breadcrumb","itemListElement":[{"@type":"ListItem","position":1,"name":"Home","item":"https:\/\/fit360.ee\/en\/"},{"@type":"ListItem","position":2,"name":"Shop","item":"https:\/\/fit360.ee\/en\/shop\/"},{"@type":"ListItem","position":3,"name":"POWER SYSTEM Womens Powerlifting Belt Girl Power, Roosa"}]},{"@type":"WebSite","@id":"https:\/\/fit360.ee\/en\/#website","url":"https:\/\/fit360.ee\/en\/","name":"Fit360","description":"","publisher":{"@id":"https:\/\/fit360.ee\/en\/#organization"},"potentialAction":[{"@type":"SearchAction","target":{"@type":"EntryPoint","urlTemplate":"https:\/\/fit360.ee\/en\/?s={search_term_string}"},"query-input":{"@type":"PropertyValueSpecification","valueRequired":true,"valueName":"search_term_string"}}],"inLanguage":"en-US"},{"@type":"Organization","@id":"https:\/\/fit360.ee\/en\/#organization","name":"Fit360","url":"https:\/\/fit360.ee\/en\/","logo":{"@type":"ImageObject","inLanguage":"en-US","@id":"https:\/\/fit360.ee\/en\/#\/schema\/logo\/image\/","url":"https:\/\/fit360.ee\/wp-content\/uploads\/2017\/01\/logo-fit360.png","contentUrl":"https:\/\/fit360.ee\/wp-content\/uploads\/2017\/01\/logo-fit360.png","width":180,"height":66,"caption":"Fit360"},"image":{"@id":"https:\/\/fit360.ee\/en\/#\/schema\/logo\/image\/"}}]}},"_links":{"self":[{"href":"https:\/\/fit360.ee\/en\/wp-json\/wp\/v2\/product\/73412","targetHints":{"allow":["GET"]}}],"collection":[{"href":"https:\/\/fit360.ee\/en\/wp-json\/wp\/v2\/product"}],"about":[{"href":"https:\/\/fit360.ee\/en\/wp-json\/wp\/v2\/types\/product"}],"replies":[{"embeddable":true,"href":"https:\/\/fit360.ee\/en\/wp-json\/wp\/v2\/comments?post=73412"}],"wp:featuredmedia":[{"embeddable":true,"href":"https:\/\/fit360.ee\/en\/wp-json\/wp\/v2\/media\/73408"}],"wp:attachment":[{"href":"https:\/\/fit360.ee\/en\/wp-json\/wp\/v2\/media?parent=73412"}],"wp:term":[{"taxonomy":"product_brand","embeddable":true,"href":"https:\/\/fit360.ee\/en\/wp-json\/wp\/v2\/product_brand?post=73412"},{"taxonomy":"product_cat","embeddable":true,"href":"https:\/\/fit360.ee\/en\/wp-json\/wp\/v2\/product_cat?post=73412"},{"taxonomy":"product_tag","embeddable":true,"href":"https:\/\/fit360.ee\/en\/wp-json\/wp\/v2\/product_tag?post=73412"},{"taxonomy":"giftcard-category","embeddable":true,"href":"https:\/\/fit360.ee\/en\/wp-json\/wp\/v2\/giftcard-category?post=73412"}],"curies":[{"name":"wp","href":"https:\/\/api.w.org\/{rel}","templated":true}]}}