{"id":73421,"date":"2023-09-27T13:25:17","date_gmt":"2023-09-27T11:25:17","guid":{"rendered":"https:\/\/fit360.ee\/pood\/uncategorized\/power-system-heavy-duty-power-hooks\/"},"modified":"2025-08-13T07:37:18","modified_gmt":"2025-08-13T05:37:18","slug":"power-system-heavy-duty-power-hooks","status":"publish","type":"product","link":"https:\/\/fit360.ee\/en\/pood\/training-equipment-en\/lifting-straps-en\/power-system-heavy-duty-power-hooks\/","title":{"rendered":"POWER SYSTEM Heavy Duty Power Hooks, Bee\u017e"},"content":{"rendered":"<h2><strong>Heavy Duty Power Hooks<\/strong><\/h2>\n<ul>\n<li>POWER SYSTEM Power Hooksil on v\u00e4ga tugev rihm, topelt\u00f5mblused, t\u00f6\u00f6stusliku kvaliteediga kinnitusrihmad, vastupidavad terasest konksud ja eriti paks neopreenmaterjal, mis v\u00e4hendavad stressi, kulumist ja rebenemist. Meie t\u00f5stekonksud ei purune isegi suurema raskuse korral.<\/li>\n<li>T\u00e4iustage oma raskuste t\u00f5stmise, j\u00f5ut\u00f5stmise, kulturismi ja CrossFiti tehnikaid turvaliste ja mugavalt istuvate t\u00f5stekonksude abil.\u00a0Nautige j\u00f5usaalis suuremaid edusamme ja pidevaid treeningrutiine.\u00a0Ideaalne t\u00f5stet\u00f6\u00f6deks, \u00f5lgade kehitamiseks, kangiridade, kaabliridade ja p\u00fcstiste ridade jaoks.<\/li>\n<li>Selliseid stiilseid randmekonkse ei leia kusagilt mujalt! Meie konksud on loodud nii, et need sobiksid ideaalselt masina lisaseadmete ja vabade raskuste k\u00fclge, nagu n\u00e4iteks kangid ja hantlid.<\/li>\n<li>VAATA ARENGUT IGA TREENINGUGA. Power Hooks aitab raskuste t\u00f5stmisel, saate kasutatavat raskust j\u00e4rk-j\u00e4rgult suurendada. Olge valmis n\u00e4gema oma treeningrutiini aja jooksul olulisi t\u00e4iustusi!<\/li>\n<\/ul>\n<p><a href=\"https:\/\/fit360.ee\/wp-content\/uploads\/2023\/09\/power-system-power-hooks-fit360.ee-1.jpg\"><img loading=\"lazy\" decoding=\"async\" class=\"size-full wp-image-73417\" src=\"https:\/\/fit360.ee\/wp-content\/uploads\/2023\/09\/power-system-power-hooks-fit360.ee-1.jpg\" alt=\"power system power hooks - fit360.ee\" width=\"472\" height=\"514\" \/><\/a><\/p>\n<p><strong>V\u00e4rvus<\/strong>: bee\u017e; pruun<\/p>\n<p><strong>Suurus<\/strong>: L; XL<\/p>\n<p>Vaata ka meie teisi T\u00f5sterihmasid <a href=\"https:\/\/fit360.ee\/en\/product-category\/training-equipment-en\/lifting-straps-en\/\"><strong>SIIT<\/strong><\/a>!<\/p>\n<p>Soovid kaupa osta suuremas koguses? Vaata antud toodet ka meie HULGI poest\u00a0<a href=\"https:\/\/toidulisandidhulgi.ee\/tooted\/power-system-heavy-duty-power-hooks\/\"><strong>SIIT<\/strong><\/a>!<\/p>\n","protected":false},"excerpt":{"rendered":"<ul>\n<li><strong>POWER SYSTEM Power Hooksil<\/strong> on v\u00e4ga tugev rihm, topelt\u00f5mblused, t\u00f6\u00f6stusliku kvaliteediga kinnitusrihmad, vastupidavad terasest konksud ja eriti paks neopreenmaterjal, mis v\u00e4hendavad stressi, kulumist ja rebenemist. Meie t\u00f5stekonksud ei purune isegi suurema raskuse korral.<\/li>\n<li>T\u00e4iustage oma raskuste t\u00f5stmise, j\u00f5ut\u00f5stmise, kulturismi ja CrossFiti tehnikaid turvaliste ja mugavalt istuvate t\u00f5stekonksude abil.\u00a0Nautige j\u00f5usaalis suuremaid edusamme ja pidevaid treeningrutiine.\u00a0Ideaalne t\u00f5stet\u00f6\u00f6deks, \u00f5lgade kehitamiseks, kangiridade, kaabliridade ja p\u00fcstiste ridade jaoks.<\/li>\n<li>Selliseid stiilseid randmekonkse ei leia kusagilt mujalt! Meie konksud on loodud nii, et need sobiksid ideaalselt masina lisaseadmete ja vabade raskuste k\u00fclge, nagu n\u00e4iteks kangid ja hantlid.<\/li>\n<li>VAATA ARENGUT IGA TREENINGUGA. Power Hooks aitab raskuste t\u00f5stmisel, saate kasutatavat raskust j\u00e4rk-j\u00e4rgult suurendada. Olge valmis n\u00e4gema oma treeningrutiini aja jooksul olulisi t\u00e4iustusi!<\/li>\n<\/ul>\n","protected":false},"featured_media":73418,"comment_status":"closed","ping_status":"closed","template":"","meta":[],"product_brand":[],"product_cat":[549,538],"product_tag":[4532,4516],"giftcard-category":[],"class_list":{"0":"post-73421","1":"product","2":"type-product","3":"status-publish","4":"has-post-thumbnail","6":"product_cat-lifting-straps-en","7":"product_cat-training-equipment-en","8":"product_tag-power-hooks-en","9":"product_tag-power-system-en","10":"pa_suurus-l","11":"pa_suurus-xl","13":"first","14":"outofstock","15":"taxable","16":"shipping-taxable","17":"purchasable","18":"product-type-variable"},"yoast_head":"<!-- This site is optimized with the Yoast SEO plugin v27.3 - https:\/\/yoast.com\/product\/yoast-seo-wordpress\/ -->\n<title>POWER SYSTEM Heavy Duty Power Hooks, Bee\u017e - Kiire Tarne - Fit360<\/title>\n<meta name=\"description\" content=\"Power Hooksil on v\u00e4ga tugev rihm, topelt\u00f5mblused, t\u00f6\u00f6stusliku kvaliteediga kinnitusrihmad, vastupidavad terasest konksud ja eriti paks neop...\" \/>\n<meta name=\"robots\" content=\"index, follow, max-snippet:-1, max-image-preview:large, max-video-preview:-1\" \/>\n<link rel=\"canonical\" href=\"https:\/\/fit360.ee\/en\/pood\/training-equipment-en\/lifting-straps-en\/power-system-heavy-duty-power-hooks\/\" \/>\n<meta property=\"og:locale\" content=\"en_US\" \/>\n<meta property=\"og:type\" content=\"article\" \/>\n<meta property=\"og:title\" content=\"POWER SYSTEM Heavy Duty Power Hooks, Bee\u017e - Kiire Tarne - Fit360\" \/>\n<meta property=\"og:description\" content=\"Power Hooksil on v\u00e4ga tugev rihm, topelt\u00f5mblused, t\u00f6\u00f6stusliku kvaliteediga kinnitusrihmad, vastupidavad terasest konksud ja eriti paks neop...\" \/>\n<meta property=\"og:url\" content=\"https:\/\/fit360.ee\/en\/pood\/training-equipment-en\/lifting-straps-en\/power-system-heavy-duty-power-hooks\/\" \/>\n<meta property=\"og:site_name\" content=\"Fit360\" \/>\n<meta property=\"article:modified_time\" content=\"2025-08-13T05:37:18+00:00\" \/>\n<meta property=\"og:image\" content=\"https:\/\/fit360.ee\/wp-content\/uploads\/2023\/09\/power-system-power-hooks-fit360.ee-1.jpg\" \/>\n\t<meta property=\"og:image:width\" content=\"472\" \/>\n\t<meta property=\"og:image:height\" content=\"514\" \/>\n\t<meta property=\"og:image:type\" content=\"image\/jpeg\" \/>\n<meta name=\"twitter:card\" content=\"summary_large_image\" \/>\n<meta name=\"twitter:label1\" content=\"Est. reading time\" \/>\n\t<meta name=\"twitter:data1\" content=\"1 minute\" \/>\n<script type=\"application\/ld+json\" class=\"yoast-schema-graph\">{\"@context\":\"https:\\\/\\\/schema.org\",\"@graph\":[{\"@type\":\"WebPage\",\"@id\":\"https:\\\/\\\/fit360.ee\\\/en\\\/pood\\\/training-equipment-en\\\/lifting-straps-en\\\/power-system-heavy-duty-power-hooks\\\/\",\"url\":\"https:\\\/\\\/fit360.ee\\\/en\\\/pood\\\/training-equipment-en\\\/lifting-straps-en\\\/power-system-heavy-duty-power-hooks\\\/\",\"name\":\"POWER SYSTEM Heavy Duty Power Hooks, Bee\u017e - Kiire Tarne - Fit360\",\"isPartOf\":{\"@id\":\"https:\\\/\\\/fit360.ee\\\/en\\\/#website\"},\"primaryImageOfPage\":{\"@id\":\"https:\\\/\\\/fit360.ee\\\/en\\\/pood\\\/training-equipment-en\\\/lifting-straps-en\\\/power-system-heavy-duty-power-hooks\\\/#primaryimage\"},\"image\":{\"@id\":\"https:\\\/\\\/fit360.ee\\\/en\\\/pood\\\/training-equipment-en\\\/lifting-straps-en\\\/power-system-heavy-duty-power-hooks\\\/#primaryimage\"},\"thumbnailUrl\":\"https:\\\/\\\/fit360.ee\\\/wp-content\\\/uploads\\\/2023\\\/09\\\/power-system-power-hooks-fit360.ee-1.jpg\",\"datePublished\":\"2023-09-27T11:25:17+00:00\",\"dateModified\":\"2025-08-13T05:37:18+00:00\",\"description\":\"Power Hooksil on v\u00e4ga tugev rihm, topelt\u00f5mblused, t\u00f6\u00f6stusliku kvaliteediga kinnitusrihmad, vastupidavad terasest konksud ja eriti paks neop...\",\"breadcrumb\":{\"@id\":\"https:\\\/\\\/fit360.ee\\\/en\\\/pood\\\/training-equipment-en\\\/lifting-straps-en\\\/power-system-heavy-duty-power-hooks\\\/#breadcrumb\"},\"inLanguage\":\"en-US\",\"potentialAction\":[{\"@type\":\"ReadAction\",\"target\":[\"https:\\\/\\\/fit360.ee\\\/en\\\/pood\\\/training-equipment-en\\\/lifting-straps-en\\\/power-system-heavy-duty-power-hooks\\\/\"]}]},{\"@type\":\"ImageObject\",\"inLanguage\":\"en-US\",\"@id\":\"https:\\\/\\\/fit360.ee\\\/en\\\/pood\\\/training-equipment-en\\\/lifting-straps-en\\\/power-system-heavy-duty-power-hooks\\\/#primaryimage\",\"url\":\"https:\\\/\\\/fit360.ee\\\/wp-content\\\/uploads\\\/2023\\\/09\\\/power-system-power-hooks-fit360.ee-1.jpg\",\"contentUrl\":\"https:\\\/\\\/fit360.ee\\\/wp-content\\\/uploads\\\/2023\\\/09\\\/power-system-power-hooks-fit360.ee-1.jpg\",\"width\":472,\"height\":514,\"caption\":\"power system power hooks - fit360.ee\"},{\"@type\":\"BreadcrumbList\",\"@id\":\"https:\\\/\\\/fit360.ee\\\/en\\\/pood\\\/training-equipment-en\\\/lifting-straps-en\\\/power-system-heavy-duty-power-hooks\\\/#breadcrumb\",\"itemListElement\":[{\"@type\":\"ListItem\",\"position\":1,\"name\":\"Home\",\"item\":\"https:\\\/\\\/fit360.ee\\\/en\\\/\"},{\"@type\":\"ListItem\",\"position\":2,\"name\":\"Shop\",\"item\":\"https:\\\/\\\/fit360.ee\\\/en\\\/shop\\\/\"},{\"@type\":\"ListItem\",\"position\":3,\"name\":\"POWER SYSTEM Heavy Duty Power Hooks, Bee\u017e\"}]},{\"@type\":\"WebSite\",\"@id\":\"https:\\\/\\\/fit360.ee\\\/en\\\/#website\",\"url\":\"https:\\\/\\\/fit360.ee\\\/en\\\/\",\"name\":\"Fit360\",\"description\":\"\",\"publisher\":{\"@id\":\"https:\\\/\\\/fit360.ee\\\/en\\\/#organization\"},\"potentialAction\":[{\"@type\":\"SearchAction\",\"target\":{\"@type\":\"EntryPoint\",\"urlTemplate\":\"https:\\\/\\\/fit360.ee\\\/en\\\/?s={search_term_string}\"},\"query-input\":{\"@type\":\"PropertyValueSpecification\",\"valueRequired\":true,\"valueName\":\"search_term_string\"}}],\"inLanguage\":\"en-US\"},{\"@type\":\"Organization\",\"@id\":\"https:\\\/\\\/fit360.ee\\\/en\\\/#organization\",\"name\":\"Fit360\",\"url\":\"https:\\\/\\\/fit360.ee\\\/en\\\/\",\"logo\":{\"@type\":\"ImageObject\",\"inLanguage\":\"en-US\",\"@id\":\"https:\\\/\\\/fit360.ee\\\/en\\\/#\\\/schema\\\/logo\\\/image\\\/\",\"url\":\"https:\\\/\\\/fit360.ee\\\/wp-content\\\/uploads\\\/2017\\\/01\\\/logo-fit360.png\",\"contentUrl\":\"https:\\\/\\\/fit360.ee\\\/wp-content\\\/uploads\\\/2017\\\/01\\\/logo-fit360.png\",\"width\":180,\"height\":66,\"caption\":\"Fit360\"},\"image\":{\"@id\":\"https:\\\/\\\/fit360.ee\\\/en\\\/#\\\/schema\\\/logo\\\/image\\\/\"}}]}<\/script>\n<!-- \/ Yoast SEO plugin. -->","yoast_head_json":{"title":"POWER SYSTEM Heavy Duty Power Hooks, Bee\u017e - Kiire Tarne - Fit360","description":"Power Hooksil on v\u00e4ga tugev rihm, topelt\u00f5mblused, t\u00f6\u00f6stusliku kvaliteediga kinnitusrihmad, vastupidavad terasest konksud ja eriti paks neop...","robots":{"index":"index","follow":"follow","max-snippet":"max-snippet:-1","max-image-preview":"max-image-preview:large","max-video-preview":"max-video-preview:-1"},"canonical":"https:\/\/fit360.ee\/en\/pood\/training-equipment-en\/lifting-straps-en\/power-system-heavy-duty-power-hooks\/","og_locale":"en_US","og_type":"article","og_title":"POWER SYSTEM Heavy Duty Power Hooks, Bee\u017e - Kiire Tarne - Fit360","og_description":"Power Hooksil on v\u00e4ga tugev rihm, topelt\u00f5mblused, t\u00f6\u00f6stusliku kvaliteediga kinnitusrihmad, vastupidavad terasest konksud ja eriti paks neop...","og_url":"https:\/\/fit360.ee\/en\/pood\/training-equipment-en\/lifting-straps-en\/power-system-heavy-duty-power-hooks\/","og_site_name":"Fit360","article_modified_time":"2025-08-13T05:37:18+00:00","og_image":[{"width":472,"height":514,"url":"https:\/\/fit360.ee\/wp-content\/uploads\/2023\/09\/power-system-power-hooks-fit360.ee-1.jpg","type":"image\/jpeg"}],"twitter_card":"summary_large_image","twitter_misc":{"Est. reading time":"1 minute"},"schema":{"@context":"https:\/\/schema.org","@graph":[{"@type":"WebPage","@id":"https:\/\/fit360.ee\/en\/pood\/training-equipment-en\/lifting-straps-en\/power-system-heavy-duty-power-hooks\/","url":"https:\/\/fit360.ee\/en\/pood\/training-equipment-en\/lifting-straps-en\/power-system-heavy-duty-power-hooks\/","name":"POWER SYSTEM Heavy Duty Power Hooks, Bee\u017e - Kiire Tarne - Fit360","isPartOf":{"@id":"https:\/\/fit360.ee\/en\/#website"},"primaryImageOfPage":{"@id":"https:\/\/fit360.ee\/en\/pood\/training-equipment-en\/lifting-straps-en\/power-system-heavy-duty-power-hooks\/#primaryimage"},"image":{"@id":"https:\/\/fit360.ee\/en\/pood\/training-equipment-en\/lifting-straps-en\/power-system-heavy-duty-power-hooks\/#primaryimage"},"thumbnailUrl":"https:\/\/fit360.ee\/wp-content\/uploads\/2023\/09\/power-system-power-hooks-fit360.ee-1.jpg","datePublished":"2023-09-27T11:25:17+00:00","dateModified":"2025-08-13T05:37:18+00:00","description":"Power Hooksil on v\u00e4ga tugev rihm, topelt\u00f5mblused, t\u00f6\u00f6stusliku kvaliteediga kinnitusrihmad, vastupidavad terasest konksud ja eriti paks neop...","breadcrumb":{"@id":"https:\/\/fit360.ee\/en\/pood\/training-equipment-en\/lifting-straps-en\/power-system-heavy-duty-power-hooks\/#breadcrumb"},"inLanguage":"en-US","potentialAction":[{"@type":"ReadAction","target":["https:\/\/fit360.ee\/en\/pood\/training-equipment-en\/lifting-straps-en\/power-system-heavy-duty-power-hooks\/"]}]},{"@type":"ImageObject","inLanguage":"en-US","@id":"https:\/\/fit360.ee\/en\/pood\/training-equipment-en\/lifting-straps-en\/power-system-heavy-duty-power-hooks\/#primaryimage","url":"https:\/\/fit360.ee\/wp-content\/uploads\/2023\/09\/power-system-power-hooks-fit360.ee-1.jpg","contentUrl":"https:\/\/fit360.ee\/wp-content\/uploads\/2023\/09\/power-system-power-hooks-fit360.ee-1.jpg","width":472,"height":514,"caption":"power system power hooks - fit360.ee"},{"@type":"BreadcrumbList","@id":"https:\/\/fit360.ee\/en\/pood\/training-equipment-en\/lifting-straps-en\/power-system-heavy-duty-power-hooks\/#breadcrumb","itemListElement":[{"@type":"ListItem","position":1,"name":"Home","item":"https:\/\/fit360.ee\/en\/"},{"@type":"ListItem","position":2,"name":"Shop","item":"https:\/\/fit360.ee\/en\/shop\/"},{"@type":"ListItem","position":3,"name":"POWER SYSTEM Heavy Duty Power Hooks, Bee\u017e"}]},{"@type":"WebSite","@id":"https:\/\/fit360.ee\/en\/#website","url":"https:\/\/fit360.ee\/en\/","name":"Fit360","description":"","publisher":{"@id":"https:\/\/fit360.ee\/en\/#organization"},"potentialAction":[{"@type":"SearchAction","target":{"@type":"EntryPoint","urlTemplate":"https:\/\/fit360.ee\/en\/?s={search_term_string}"},"query-input":{"@type":"PropertyValueSpecification","valueRequired":true,"valueName":"search_term_string"}}],"inLanguage":"en-US"},{"@type":"Organization","@id":"https:\/\/fit360.ee\/en\/#organization","name":"Fit360","url":"https:\/\/fit360.ee\/en\/","logo":{"@type":"ImageObject","inLanguage":"en-US","@id":"https:\/\/fit360.ee\/en\/#\/schema\/logo\/image\/","url":"https:\/\/fit360.ee\/wp-content\/uploads\/2017\/01\/logo-fit360.png","contentUrl":"https:\/\/fit360.ee\/wp-content\/uploads\/2017\/01\/logo-fit360.png","width":180,"height":66,"caption":"Fit360"},"image":{"@id":"https:\/\/fit360.ee\/en\/#\/schema\/logo\/image\/"}}]}},"_links":{"self":[{"href":"https:\/\/fit360.ee\/en\/wp-json\/wp\/v2\/product\/73421","targetHints":{"allow":["GET"]}}],"collection":[{"href":"https:\/\/fit360.ee\/en\/wp-json\/wp\/v2\/product"}],"about":[{"href":"https:\/\/fit360.ee\/en\/wp-json\/wp\/v2\/types\/product"}],"replies":[{"embeddable":true,"href":"https:\/\/fit360.ee\/en\/wp-json\/wp\/v2\/comments?post=73421"}],"wp:featuredmedia":[{"embeddable":true,"href":"https:\/\/fit360.ee\/en\/wp-json\/wp\/v2\/media\/73418"}],"wp:attachment":[{"href":"https:\/\/fit360.ee\/en\/wp-json\/wp\/v2\/media?parent=73421"}],"wp:term":[{"taxonomy":"product_brand","embeddable":true,"href":"https:\/\/fit360.ee\/en\/wp-json\/wp\/v2\/product_brand?post=73421"},{"taxonomy":"product_cat","embeddable":true,"href":"https:\/\/fit360.ee\/en\/wp-json\/wp\/v2\/product_cat?post=73421"},{"taxonomy":"product_tag","embeddable":true,"href":"https:\/\/fit360.ee\/en\/wp-json\/wp\/v2\/product_tag?post=73421"},{"taxonomy":"giftcard-category","embeddable":true,"href":"https:\/\/fit360.ee\/en\/wp-json\/wp\/v2\/giftcard-category?post=73421"}],"curies":[{"name":"wp","href":"https:\/\/api.w.org\/{rel}","templated":true}]}}