{"id":73432,"date":"2023-09-27T15:22:41","date_gmt":"2023-09-27T13:22:41","guid":{"rendered":"https:\/\/fit360.ee\/pood\/uncategorized\/power-system-heavy-duty-lifting-straps-duplex\/"},"modified":"2026-01-05T18:56:30","modified_gmt":"2026-01-05T16:56:30","slug":"power-system-heavy-duty-lifting-straps-duplex","status":"publish","type":"product","link":"https:\/\/fit360.ee\/en\/pood\/training-equipment-en\/lifting-straps-en\/power-system-heavy-duty-lifting-straps-duplex\/","title":{"rendered":"POWER SYSTEM Heavy Duty Lifting Straps Duplex"},"content":{"rendered":"<h2><strong>Lifting Straps Duplex<\/strong><\/h2>\n<p><strong>Lifting Straps Duplex randmepaelad<\/strong> aitavad mugavalt ja t\u00f5husalt stabiliseerida kangi haaret, v\u00f5imaldades seega kasutada kangil suuremaid raskusi. See aitab omakorda kiirendada arengut treeningul, mis v\u00f5imaldab Teie lihasmassil kasvada ja areneda. Rihmad ise on valmistatud vastupidavast tihedast puuvillast.<\/p>\n<p><strong>Eesm\u00e4rk:<\/strong>\u00a0\u00a0tagada tugevdatud ja kindel haare, v\u00e4ltida kangi ja hantlite v\u00e4ljalibisemist, samuti k\u00e4te libisemist horisontaalribalt.<\/p>\n<p><strong>Omadused:<\/strong><\/p>\n<ul>\n<li>Rihmad on valmistatud spetsiaalsest \u00fclitugevast materjalist, mis takistab libisemist.<\/li>\n<li>Rihma \u00fcks ots on valmistatud randmele kinnitamiseks m\u00f5eldud aasa kujul, teine \u200b\u200bots on vabalt rippuva teibi kujul, mis keritakse kangi, hantli, horisontaalkangi vms kaelale. .<\/li>\n<\/ul>\n<p><strong>Materjal<\/strong>: 95% puuvill, 5% pvc.<\/p>\n<p><strong>Komplektis<\/strong>: 2 tk<\/p>\n<p>V\u00e4rvus: Punane\/Must; Sinine\/Must<\/p>\n<p><strong>Toote hooldus:<\/strong><\/p>\n<ul>\n<li>&#8211; kuivatage p\u00e4rast iga kasutamist<\/li>\n<li>K\u00e4sipesu 30 kraadi juures, mitte v\u00e4\u00e4nata<\/li>\n<\/ul>\n<p><a href=\"https:\/\/fit360.ee\/wp-content\/uploads\/2023\/09\/power-system-lifting-straps-duplex-fit360.ee-1.jpg\"><img loading=\"lazy\" decoding=\"async\" class=\"size-full wp-image-73426\" src=\"https:\/\/fit360.ee\/wp-content\/uploads\/2023\/09\/power-system-lifting-straps-duplex-fit360.ee-1.jpg\" alt=\"power system lifting straps duplex - fit360.ee\" width=\"730\" height=\"700\" srcset=\"https:\/\/fit360.ee\/wp-content\/uploads\/2023\/09\/power-system-lifting-straps-duplex-fit360.ee-1.jpg 730w, https:\/\/fit360.ee\/wp-content\/uploads\/2023\/09\/power-system-lifting-straps-duplex-fit360.ee-1-510x489.jpg 510w\" sizes=\"auto, (max-width: 730px) 100vw, 730px\" \/><\/a><\/p>\n<p><a href=\"https:\/\/fit360.ee\/wp-content\/uploads\/2023\/09\/lifting-straps-duplex-fit360.ee-1.jpg\"><img loading=\"lazy\" decoding=\"async\" class=\"size-full wp-image-73428\" src=\"https:\/\/fit360.ee\/wp-content\/uploads\/2023\/09\/lifting-straps-duplex-fit360.ee-1.jpg\" alt=\"lifting straps duplex - fit360.ee\" width=\"730\" height=\"700\" srcset=\"https:\/\/fit360.ee\/wp-content\/uploads\/2023\/09\/lifting-straps-duplex-fit360.ee-1.jpg 730w, https:\/\/fit360.ee\/wp-content\/uploads\/2023\/09\/lifting-straps-duplex-fit360.ee-1-510x489.jpg 510w\" sizes=\"auto, (max-width: 730px) 100vw, 730px\" \/><\/a><\/p>\n<p>&nbsp;<\/p>\n<p>Vaata ka meie Teisi T\u00f5sterihmasid <a href=\"https:\/\/fit360.ee\/en\/product-category\/training-equipment-en\/lifting-straps-en\/\"><strong>SIIT<\/strong><\/a>!<\/p>\n<p>Soovid kaupa osta suuremas koguses? Vaata antud toodet ka meie HULGI poest\u00a0<a href=\"https:\/\/toidulisandidhulgi.ee\/tooted\/power-system-heavy-duty-lifting-straps-duplex\/\"><strong>SIIT<\/strong><\/a>!<\/p>\n","protected":false},"excerpt":{"rendered":"<p><strong>Lifting Straps Duplex randmepaelad<\/strong> aitavad mugavalt ja t\u00f5husalt stabiliseerida kangi haaret, v\u00f5imaldades seega kasutada kangil suuremaid raskusi. See aitab omakorda kiirendada arengut treeningul, mis v\u00f5imaldab Teie lihasmassil kasvada ja areneda. Rihmad ise on valmistatud vastupidavast tihedast puuvillast.<\/p>\n<ul>\n<li>Rihmad on valmistatud spetsiaalsest \u00fclitugevast materjalist, mis takistab libisemist.<\/li>\n<li>Rihma \u00fcks ots on valmistatud randmele kinnitamiseks m\u00f5eldud aasa kujul, teine \u200b\u200bots on vabalt rippuva teibi kujul, mis keritakse kangi, hantli, horisontaalkangi vms kaelale.<\/li>\n<\/ul>\n","protected":false},"featured_media":73429,"comment_status":"closed","ping_status":"closed","template":"","meta":[],"product_brand":[],"product_cat":[549,538],"product_tag":[4536,4516],"giftcard-category":[],"class_list":{"0":"post-73432","1":"product","2":"type-product","3":"status-publish","4":"has-post-thumbnail","6":"product_cat-lifting-straps-en","7":"product_cat-training-equipment-en","8":"product_tag-lifting-straps-duplex-en","9":"product_tag-power-system-en","10":"pa_varvus-red-black","11":"pa_varvus-sinine-must-en","13":"first","14":"instock","15":"sale","16":"taxable","17":"shipping-taxable","18":"purchasable","19":"product-type-variable"},"yoast_head":"<!-- This site is optimized with the Yoast SEO plugin v27.3 - https:\/\/yoast.com\/product\/yoast-seo-wordpress\/ -->\n<title>POWER SYSTEM Heavy Duty Lifting Straps Duplex - T\u00f5sterihmad - Fit360<\/title>\n<meta name=\"description\" content=\"Lifting Straps Duplex randmepaelad aitavad mugavalt ja t\u00f5husalt stabiliseerida kangi haaret, v\u00f5imaldades seega kasutada kangil suuremaid raskusi. See ait..\" \/>\n<meta name=\"robots\" content=\"index, follow, max-snippet:-1, max-image-preview:large, max-video-preview:-1\" \/>\n<link rel=\"canonical\" href=\"https:\/\/fit360.ee\/en\/pood\/training-equipment-en\/lifting-straps-en\/power-system-heavy-duty-lifting-straps-duplex\/\" \/>\n<meta property=\"og:locale\" content=\"en_US\" \/>\n<meta property=\"og:type\" content=\"article\" \/>\n<meta property=\"og:title\" content=\"POWER SYSTEM Heavy Duty Lifting Straps Duplex - T\u00f5sterihmad - Fit360\" \/>\n<meta property=\"og:description\" content=\"Lifting Straps Duplex randmepaelad aitavad mugavalt ja t\u00f5husalt stabiliseerida kangi haaret, v\u00f5imaldades seega kasutada kangil suuremaid raskusi. See ait..\" \/>\n<meta property=\"og:url\" content=\"https:\/\/fit360.ee\/en\/pood\/training-equipment-en\/lifting-straps-en\/power-system-heavy-duty-lifting-straps-duplex\/\" \/>\n<meta property=\"og:site_name\" content=\"Fit360\" \/>\n<meta property=\"article:modified_time\" content=\"2026-01-05T16:56:30+00:00\" \/>\n<meta property=\"og:image\" content=\"https:\/\/fit360.ee\/wp-content\/uploads\/2023\/09\/lifting-straps-duplex-fit360.ee-1.jpg\" \/>\n\t<meta property=\"og:image:width\" content=\"730\" \/>\n\t<meta property=\"og:image:height\" content=\"700\" \/>\n\t<meta property=\"og:image:type\" content=\"image\/jpeg\" \/>\n<meta name=\"twitter:card\" content=\"summary_large_image\" \/>\n<meta name=\"twitter:label1\" content=\"Est. reading time\" \/>\n\t<meta name=\"twitter:data1\" content=\"2 minutes\" \/>\n<script type=\"application\/ld+json\" class=\"yoast-schema-graph\">{\"@context\":\"https:\\\/\\\/schema.org\",\"@graph\":[{\"@type\":\"WebPage\",\"@id\":\"https:\\\/\\\/fit360.ee\\\/en\\\/pood\\\/training-equipment-en\\\/lifting-straps-en\\\/power-system-heavy-duty-lifting-straps-duplex\\\/\",\"url\":\"https:\\\/\\\/fit360.ee\\\/en\\\/pood\\\/training-equipment-en\\\/lifting-straps-en\\\/power-system-heavy-duty-lifting-straps-duplex\\\/\",\"name\":\"POWER SYSTEM Heavy Duty Lifting Straps Duplex - T\u00f5sterihmad - Fit360\",\"isPartOf\":{\"@id\":\"https:\\\/\\\/fit360.ee\\\/en\\\/#website\"},\"primaryImageOfPage\":{\"@id\":\"https:\\\/\\\/fit360.ee\\\/en\\\/pood\\\/training-equipment-en\\\/lifting-straps-en\\\/power-system-heavy-duty-lifting-straps-duplex\\\/#primaryimage\"},\"image\":{\"@id\":\"https:\\\/\\\/fit360.ee\\\/en\\\/pood\\\/training-equipment-en\\\/lifting-straps-en\\\/power-system-heavy-duty-lifting-straps-duplex\\\/#primaryimage\"},\"thumbnailUrl\":\"https:\\\/\\\/fit360.ee\\\/wp-content\\\/uploads\\\/2023\\\/09\\\/lifting-straps-duplex-fit360.ee-1.jpg\",\"datePublished\":\"2023-09-27T13:22:41+00:00\",\"dateModified\":\"2026-01-05T16:56:30+00:00\",\"description\":\"Lifting Straps Duplex randmepaelad aitavad mugavalt ja t\u00f5husalt stabiliseerida kangi haaret, v\u00f5imaldades seega kasutada kangil suuremaid raskusi. See ait..\",\"breadcrumb\":{\"@id\":\"https:\\\/\\\/fit360.ee\\\/en\\\/pood\\\/training-equipment-en\\\/lifting-straps-en\\\/power-system-heavy-duty-lifting-straps-duplex\\\/#breadcrumb\"},\"inLanguage\":\"en-US\",\"potentialAction\":[{\"@type\":\"ReadAction\",\"target\":[\"https:\\\/\\\/fit360.ee\\\/en\\\/pood\\\/training-equipment-en\\\/lifting-straps-en\\\/power-system-heavy-duty-lifting-straps-duplex\\\/\"]}]},{\"@type\":\"ImageObject\",\"inLanguage\":\"en-US\",\"@id\":\"https:\\\/\\\/fit360.ee\\\/en\\\/pood\\\/training-equipment-en\\\/lifting-straps-en\\\/power-system-heavy-duty-lifting-straps-duplex\\\/#primaryimage\",\"url\":\"https:\\\/\\\/fit360.ee\\\/wp-content\\\/uploads\\\/2023\\\/09\\\/lifting-straps-duplex-fit360.ee-1.jpg\",\"contentUrl\":\"https:\\\/\\\/fit360.ee\\\/wp-content\\\/uploads\\\/2023\\\/09\\\/lifting-straps-duplex-fit360.ee-1.jpg\",\"width\":730,\"height\":700,\"caption\":\"lifting straps duplex - fit360.ee\"},{\"@type\":\"BreadcrumbList\",\"@id\":\"https:\\\/\\\/fit360.ee\\\/en\\\/pood\\\/training-equipment-en\\\/lifting-straps-en\\\/power-system-heavy-duty-lifting-straps-duplex\\\/#breadcrumb\",\"itemListElement\":[{\"@type\":\"ListItem\",\"position\":1,\"name\":\"Home\",\"item\":\"https:\\\/\\\/fit360.ee\\\/en\\\/\"},{\"@type\":\"ListItem\",\"position\":2,\"name\":\"Shop\",\"item\":\"https:\\\/\\\/fit360.ee\\\/en\\\/shop\\\/\"},{\"@type\":\"ListItem\",\"position\":3,\"name\":\"POWER SYSTEM Heavy Duty Lifting Straps Duplex\"}]},{\"@type\":\"WebSite\",\"@id\":\"https:\\\/\\\/fit360.ee\\\/en\\\/#website\",\"url\":\"https:\\\/\\\/fit360.ee\\\/en\\\/\",\"name\":\"Fit360\",\"description\":\"\",\"publisher\":{\"@id\":\"https:\\\/\\\/fit360.ee\\\/en\\\/#organization\"},\"potentialAction\":[{\"@type\":\"SearchAction\",\"target\":{\"@type\":\"EntryPoint\",\"urlTemplate\":\"https:\\\/\\\/fit360.ee\\\/en\\\/?s={search_term_string}\"},\"query-input\":{\"@type\":\"PropertyValueSpecification\",\"valueRequired\":true,\"valueName\":\"search_term_string\"}}],\"inLanguage\":\"en-US\"},{\"@type\":\"Organization\",\"@id\":\"https:\\\/\\\/fit360.ee\\\/en\\\/#organization\",\"name\":\"Fit360\",\"url\":\"https:\\\/\\\/fit360.ee\\\/en\\\/\",\"logo\":{\"@type\":\"ImageObject\",\"inLanguage\":\"en-US\",\"@id\":\"https:\\\/\\\/fit360.ee\\\/en\\\/#\\\/schema\\\/logo\\\/image\\\/\",\"url\":\"https:\\\/\\\/fit360.ee\\\/wp-content\\\/uploads\\\/2017\\\/01\\\/logo-fit360.png\",\"contentUrl\":\"https:\\\/\\\/fit360.ee\\\/wp-content\\\/uploads\\\/2017\\\/01\\\/logo-fit360.png\",\"width\":180,\"height\":66,\"caption\":\"Fit360\"},\"image\":{\"@id\":\"https:\\\/\\\/fit360.ee\\\/en\\\/#\\\/schema\\\/logo\\\/image\\\/\"}}]}<\/script>\n<!-- \/ Yoast SEO plugin. -->","yoast_head_json":{"title":"POWER SYSTEM Heavy Duty Lifting Straps Duplex - T\u00f5sterihmad - Fit360","description":"Lifting Straps Duplex randmepaelad aitavad mugavalt ja t\u00f5husalt stabiliseerida kangi haaret, v\u00f5imaldades seega kasutada kangil suuremaid raskusi. See ait..","robots":{"index":"index","follow":"follow","max-snippet":"max-snippet:-1","max-image-preview":"max-image-preview:large","max-video-preview":"max-video-preview:-1"},"canonical":"https:\/\/fit360.ee\/en\/pood\/training-equipment-en\/lifting-straps-en\/power-system-heavy-duty-lifting-straps-duplex\/","og_locale":"en_US","og_type":"article","og_title":"POWER SYSTEM Heavy Duty Lifting Straps Duplex - T\u00f5sterihmad - Fit360","og_description":"Lifting Straps Duplex randmepaelad aitavad mugavalt ja t\u00f5husalt stabiliseerida kangi haaret, v\u00f5imaldades seega kasutada kangil suuremaid raskusi. See ait..","og_url":"https:\/\/fit360.ee\/en\/pood\/training-equipment-en\/lifting-straps-en\/power-system-heavy-duty-lifting-straps-duplex\/","og_site_name":"Fit360","article_modified_time":"2026-01-05T16:56:30+00:00","og_image":[{"width":730,"height":700,"url":"https:\/\/fit360.ee\/wp-content\/uploads\/2023\/09\/lifting-straps-duplex-fit360.ee-1.jpg","type":"image\/jpeg"}],"twitter_card":"summary_large_image","twitter_misc":{"Est. reading time":"2 minutes"},"schema":{"@context":"https:\/\/schema.org","@graph":[{"@type":"WebPage","@id":"https:\/\/fit360.ee\/en\/pood\/training-equipment-en\/lifting-straps-en\/power-system-heavy-duty-lifting-straps-duplex\/","url":"https:\/\/fit360.ee\/en\/pood\/training-equipment-en\/lifting-straps-en\/power-system-heavy-duty-lifting-straps-duplex\/","name":"POWER SYSTEM Heavy Duty Lifting Straps Duplex - T\u00f5sterihmad - Fit360","isPartOf":{"@id":"https:\/\/fit360.ee\/en\/#website"},"primaryImageOfPage":{"@id":"https:\/\/fit360.ee\/en\/pood\/training-equipment-en\/lifting-straps-en\/power-system-heavy-duty-lifting-straps-duplex\/#primaryimage"},"image":{"@id":"https:\/\/fit360.ee\/en\/pood\/training-equipment-en\/lifting-straps-en\/power-system-heavy-duty-lifting-straps-duplex\/#primaryimage"},"thumbnailUrl":"https:\/\/fit360.ee\/wp-content\/uploads\/2023\/09\/lifting-straps-duplex-fit360.ee-1.jpg","datePublished":"2023-09-27T13:22:41+00:00","dateModified":"2026-01-05T16:56:30+00:00","description":"Lifting Straps Duplex randmepaelad aitavad mugavalt ja t\u00f5husalt stabiliseerida kangi haaret, v\u00f5imaldades seega kasutada kangil suuremaid raskusi. See ait..","breadcrumb":{"@id":"https:\/\/fit360.ee\/en\/pood\/training-equipment-en\/lifting-straps-en\/power-system-heavy-duty-lifting-straps-duplex\/#breadcrumb"},"inLanguage":"en-US","potentialAction":[{"@type":"ReadAction","target":["https:\/\/fit360.ee\/en\/pood\/training-equipment-en\/lifting-straps-en\/power-system-heavy-duty-lifting-straps-duplex\/"]}]},{"@type":"ImageObject","inLanguage":"en-US","@id":"https:\/\/fit360.ee\/en\/pood\/training-equipment-en\/lifting-straps-en\/power-system-heavy-duty-lifting-straps-duplex\/#primaryimage","url":"https:\/\/fit360.ee\/wp-content\/uploads\/2023\/09\/lifting-straps-duplex-fit360.ee-1.jpg","contentUrl":"https:\/\/fit360.ee\/wp-content\/uploads\/2023\/09\/lifting-straps-duplex-fit360.ee-1.jpg","width":730,"height":700,"caption":"lifting straps duplex - fit360.ee"},{"@type":"BreadcrumbList","@id":"https:\/\/fit360.ee\/en\/pood\/training-equipment-en\/lifting-straps-en\/power-system-heavy-duty-lifting-straps-duplex\/#breadcrumb","itemListElement":[{"@type":"ListItem","position":1,"name":"Home","item":"https:\/\/fit360.ee\/en\/"},{"@type":"ListItem","position":2,"name":"Shop","item":"https:\/\/fit360.ee\/en\/shop\/"},{"@type":"ListItem","position":3,"name":"POWER SYSTEM Heavy Duty Lifting Straps Duplex"}]},{"@type":"WebSite","@id":"https:\/\/fit360.ee\/en\/#website","url":"https:\/\/fit360.ee\/en\/","name":"Fit360","description":"","publisher":{"@id":"https:\/\/fit360.ee\/en\/#organization"},"potentialAction":[{"@type":"SearchAction","target":{"@type":"EntryPoint","urlTemplate":"https:\/\/fit360.ee\/en\/?s={search_term_string}"},"query-input":{"@type":"PropertyValueSpecification","valueRequired":true,"valueName":"search_term_string"}}],"inLanguage":"en-US"},{"@type":"Organization","@id":"https:\/\/fit360.ee\/en\/#organization","name":"Fit360","url":"https:\/\/fit360.ee\/en\/","logo":{"@type":"ImageObject","inLanguage":"en-US","@id":"https:\/\/fit360.ee\/en\/#\/schema\/logo\/image\/","url":"https:\/\/fit360.ee\/wp-content\/uploads\/2017\/01\/logo-fit360.png","contentUrl":"https:\/\/fit360.ee\/wp-content\/uploads\/2017\/01\/logo-fit360.png","width":180,"height":66,"caption":"Fit360"},"image":{"@id":"https:\/\/fit360.ee\/en\/#\/schema\/logo\/image\/"}}]}},"_links":{"self":[{"href":"https:\/\/fit360.ee\/en\/wp-json\/wp\/v2\/product\/73432","targetHints":{"allow":["GET"]}}],"collection":[{"href":"https:\/\/fit360.ee\/en\/wp-json\/wp\/v2\/product"}],"about":[{"href":"https:\/\/fit360.ee\/en\/wp-json\/wp\/v2\/types\/product"}],"replies":[{"embeddable":true,"href":"https:\/\/fit360.ee\/en\/wp-json\/wp\/v2\/comments?post=73432"}],"wp:featuredmedia":[{"embeddable":true,"href":"https:\/\/fit360.ee\/en\/wp-json\/wp\/v2\/media\/73429"}],"wp:attachment":[{"href":"https:\/\/fit360.ee\/en\/wp-json\/wp\/v2\/media?parent=73432"}],"wp:term":[{"taxonomy":"product_brand","embeddable":true,"href":"https:\/\/fit360.ee\/en\/wp-json\/wp\/v2\/product_brand?post=73432"},{"taxonomy":"product_cat","embeddable":true,"href":"https:\/\/fit360.ee\/en\/wp-json\/wp\/v2\/product_cat?post=73432"},{"taxonomy":"product_tag","embeddable":true,"href":"https:\/\/fit360.ee\/en\/wp-json\/wp\/v2\/product_tag?post=73432"},{"taxonomy":"giftcard-category","embeddable":true,"href":"https:\/\/fit360.ee\/en\/wp-json\/wp\/v2\/giftcard-category?post=73432"}],"curies":[{"name":"wp","href":"https:\/\/api.w.org\/{rel}","templated":true}]}}