{"id":7349,"date":"2016-12-21T17:16:05","date_gmt":"2016-12-21T15:16:05","guid":{"rendered":"https:\/\/fit360.ee\/pood\/maaratlemata\/citrulline-malate-200g-2\/"},"modified":"2022-09-16T19:45:16","modified_gmt":"2022-09-16T17:45:16","slug":"citrulline-malate-200g","status":"publish","type":"product","link":"https:\/\/fit360.ee\/en\/pood\/product-groups\/amino-acids-bcaa\/citrulline-en\/citrulline-malate-200g\/","title":{"rendered":"Citrulline Malate (200g)"},"content":{"rendered":"<p><strong>Ingredients<\/strong>: citrulline malate, acid: citric acid, aromas, sweetners &#8211; sucralose, acesulfame K, anticaking agent &#8211; titanium dioxide, acidity regulator &#8211; calcium phosphate, colorants (for lemon and orange flavour &#8211; beta carotene, for exotic flavour &#8211; beetroot concentrate, beta carotene, for raspberry-strawberry flavour &#8211; beetroot concentrate, for forest fruit flavour &#8211; indigotine).<\/p>\n<p><strong>Directions for use<\/strong>: Consume once a day 3g of a product, mixed with 130ml of water.<\/p>\n<p><strong>Package contents<\/strong>: 200g &#8211; 66 servings<\/p>\n<table>\n<tbody>\n<tr>\n<td width=\"205\"><strong>Active ingredients<\/strong><\/td>\n<td width=\"205\"><strong>3g (1 serving)<\/strong><\/td>\n<\/tr>\n<tr>\n<td width=\"205\">Citrulline<\/td>\n<td width=\"205\">2,66g<\/td>\n<\/tr>\n<\/tbody>\n<\/table>\n","protected":false},"excerpt":{"rendered":"<p><strong>CITRULLINE MALATE:<\/strong><\/p>\n<ul>\n<li>Stimulates NO production.<\/li>\n<li>Muscle energy increases with 34%.<\/li>\n<li>Long lasting muscular strength.<\/li>\n<li>Incredibly strong and long lasting pump.<\/li>\n<li>Decreases lactic acid build up.<\/li>\n<li>100% natural product.<\/li>\n<li>Faster recovery after training.<\/li>\n<li>More strength and endurance.<\/li>\n<li>100% safe and laboratory tested.<\/li>\n<\/ul>\n<p>Citrulline Malate stimulates the NO production in the muscles like no other. Nitric Oxide is a natural occurring substance that relaxes blood vessels and will give you a massive pump during your workout. The pump is the result of a heightened blood flow to the muscles. The pump is very important for building lean muscle, it helps to bring more oxygen and nutrients in to the muscle cells. Citrulline Malate is also very effective in combating lactic acid build up in the muscles. This effect of Citrulline Malate can increase ATP with no less than 34%.<\/p>\n","protected":false},"featured_media":37950,"comment_status":"open","ping_status":"closed","template":"","meta":[],"product_brand":[],"product_cat":[520,2314,533,515],"product_tag":[1787,2751,1803],"giftcard-category":[],"class_list":{"0":"post-7349","1":"product","2":"type-product","3":"status-publish","4":"has-post-thumbnail","6":"product_cat-amino-acids-bcaa","7":"product_cat-citrulline-en","8":"product_cat-pre-workout-en","9":"product_cat-real-pharm","10":"product_tag-aminohapped-en","11":"product_tag-l-tsitrulliin-en","12":"product_tag-real-pharm-en","13":"pa_maitse-exotic-en","14":"pa_maitse-forest-fruit","15":"pa_maitse-lemon-orange-en","16":"pa_maitse-natural","17":"pa_maitse-raspberry-strawberry","19":"first","20":"instock","21":"sale","22":"taxable","23":"shipping-taxable","24":"purchasable","25":"product-type-variable"},"yoast_head":"<!-- This site is optimized with the Yoast SEO plugin v27.3 - https:\/\/yoast.com\/product\/yoast-seo-wordpress\/ -->\n<title>L-Tsitrulliin (200g) - Aminohape - Kiire Tarne: 1-3 p\u00e4eva - Fit360<\/title>\n<meta name=\"description\" content=\"L-Tsitrulliin ehk tsitrulliin malaat parandab lihaste vastupidavust\/ j\u00f5udlust, kuna Tsitrulliin suurendab aeroobset energiatootmist ja hoiab \u00e4ra v\u00e4simust.\" \/>\n<meta name=\"robots\" content=\"index, follow, max-snippet:-1, max-image-preview:large, max-video-preview:-1\" \/>\n<link rel=\"canonical\" href=\"https:\/\/fit360.ee\/en\/pood\/product-groups\/amino-acids-bcaa\/citrulline-en\/citrulline-malate-200g\/\" \/>\n<meta property=\"og:locale\" content=\"en_US\" \/>\n<meta property=\"og:type\" content=\"article\" \/>\n<meta property=\"og:title\" content=\"L-Tsitrulliin (200g) - Aminohape - Kiire Tarne: 1-3 p\u00e4eva - Fit360\" \/>\n<meta property=\"og:description\" content=\"L-Tsitrulliin ehk tsitrulliin malaat parandab lihaste vastupidavust\/ j\u00f5udlust, kuna Tsitrulliin suurendab aeroobset energiatootmist ja hoiab \u00e4ra v\u00e4simust.\" \/>\n<meta property=\"og:url\" content=\"https:\/\/fit360.ee\/en\/pood\/product-groups\/amino-acids-bcaa\/citrulline-en\/citrulline-malate-200g\/\" \/>\n<meta property=\"og:site_name\" content=\"Fit360\" \/>\n<meta property=\"article:modified_time\" content=\"2022-09-16T17:45:16+00:00\" \/>\n<meta property=\"og:image\" content=\"https:\/\/fit360.ee\/wp-content\/uploads\/2016\/12\/cytruline-200g-1.png\" \/>\n\t<meta property=\"og:image:width\" content=\"600\" \/>\n\t<meta property=\"og:image:height\" content=\"600\" \/>\n\t<meta property=\"og:image:type\" content=\"image\/png\" \/>\n<meta name=\"twitter:card\" content=\"summary_large_image\" \/>\n<script type=\"application\/ld+json\" class=\"yoast-schema-graph\">{\"@context\":\"https:\\\/\\\/schema.org\",\"@graph\":[{\"@type\":\"WebPage\",\"@id\":\"https:\\\/\\\/fit360.ee\\\/en\\\/pood\\\/product-groups\\\/amino-acids-bcaa\\\/citrulline-en\\\/citrulline-malate-200g\\\/\",\"url\":\"https:\\\/\\\/fit360.ee\\\/en\\\/pood\\\/product-groups\\\/amino-acids-bcaa\\\/citrulline-en\\\/citrulline-malate-200g\\\/\",\"name\":\"L-Tsitrulliin (200g) - Aminohape - Kiire Tarne: 1-3 p\u00e4eva - Fit360\",\"isPartOf\":{\"@id\":\"https:\\\/\\\/fit360.ee\\\/en\\\/#website\"},\"primaryImageOfPage\":{\"@id\":\"https:\\\/\\\/fit360.ee\\\/en\\\/pood\\\/product-groups\\\/amino-acids-bcaa\\\/citrulline-en\\\/citrulline-malate-200g\\\/#primaryimage\"},\"image\":{\"@id\":\"https:\\\/\\\/fit360.ee\\\/en\\\/pood\\\/product-groups\\\/amino-acids-bcaa\\\/citrulline-en\\\/citrulline-malate-200g\\\/#primaryimage\"},\"thumbnailUrl\":\"https:\\\/\\\/fit360.ee\\\/wp-content\\\/uploads\\\/2016\\\/12\\\/cytruline-200g-1.png\",\"datePublished\":\"2016-12-21T15:16:05+00:00\",\"dateModified\":\"2022-09-16T17:45:16+00:00\",\"description\":\"L-Tsitrulliin ehk tsitrulliin malaat parandab lihaste vastupidavust\\\/ j\u00f5udlust, kuna Tsitrulliin suurendab aeroobset energiatootmist ja hoiab \u00e4ra v\u00e4simust.\",\"breadcrumb\":{\"@id\":\"https:\\\/\\\/fit360.ee\\\/en\\\/pood\\\/product-groups\\\/amino-acids-bcaa\\\/citrulline-en\\\/citrulline-malate-200g\\\/#breadcrumb\"},\"inLanguage\":\"en-US\",\"potentialAction\":[{\"@type\":\"ReadAction\",\"target\":[\"https:\\\/\\\/fit360.ee\\\/en\\\/pood\\\/product-groups\\\/amino-acids-bcaa\\\/citrulline-en\\\/citrulline-malate-200g\\\/\"]}]},{\"@type\":\"ImageObject\",\"inLanguage\":\"en-US\",\"@id\":\"https:\\\/\\\/fit360.ee\\\/en\\\/pood\\\/product-groups\\\/amino-acids-bcaa\\\/citrulline-en\\\/citrulline-malate-200g\\\/#primaryimage\",\"url\":\"https:\\\/\\\/fit360.ee\\\/wp-content\\\/uploads\\\/2016\\\/12\\\/cytruline-200g-1.png\",\"contentUrl\":\"https:\\\/\\\/fit360.ee\\\/wp-content\\\/uploads\\\/2016\\\/12\\\/cytruline-200g-1.png\",\"width\":600,\"height\":600,\"caption\":\"L-Tsitrulliin - fit360.ee\"},{\"@type\":\"BreadcrumbList\",\"@id\":\"https:\\\/\\\/fit360.ee\\\/en\\\/pood\\\/product-groups\\\/amino-acids-bcaa\\\/citrulline-en\\\/citrulline-malate-200g\\\/#breadcrumb\",\"itemListElement\":[{\"@type\":\"ListItem\",\"position\":1,\"name\":\"Home\",\"item\":\"https:\\\/\\\/fit360.ee\\\/en\\\/\"},{\"@type\":\"ListItem\",\"position\":2,\"name\":\"Shop\",\"item\":\"https:\\\/\\\/fit360.ee\\\/en\\\/shop\\\/\"},{\"@type\":\"ListItem\",\"position\":3,\"name\":\"Citrulline Malate (200g)\"}]},{\"@type\":\"WebSite\",\"@id\":\"https:\\\/\\\/fit360.ee\\\/en\\\/#website\",\"url\":\"https:\\\/\\\/fit360.ee\\\/en\\\/\",\"name\":\"Fit360\",\"description\":\"\",\"publisher\":{\"@id\":\"https:\\\/\\\/fit360.ee\\\/en\\\/#organization\"},\"potentialAction\":[{\"@type\":\"SearchAction\",\"target\":{\"@type\":\"EntryPoint\",\"urlTemplate\":\"https:\\\/\\\/fit360.ee\\\/en\\\/?s={search_term_string}\"},\"query-input\":{\"@type\":\"PropertyValueSpecification\",\"valueRequired\":true,\"valueName\":\"search_term_string\"}}],\"inLanguage\":\"en-US\"},{\"@type\":\"Organization\",\"@id\":\"https:\\\/\\\/fit360.ee\\\/en\\\/#organization\",\"name\":\"Fit360\",\"url\":\"https:\\\/\\\/fit360.ee\\\/en\\\/\",\"logo\":{\"@type\":\"ImageObject\",\"inLanguage\":\"en-US\",\"@id\":\"https:\\\/\\\/fit360.ee\\\/en\\\/#\\\/schema\\\/logo\\\/image\\\/\",\"url\":\"https:\\\/\\\/fit360.ee\\\/wp-content\\\/uploads\\\/2017\\\/01\\\/logo-fit360.png\",\"contentUrl\":\"https:\\\/\\\/fit360.ee\\\/wp-content\\\/uploads\\\/2017\\\/01\\\/logo-fit360.png\",\"width\":180,\"height\":66,\"caption\":\"Fit360\"},\"image\":{\"@id\":\"https:\\\/\\\/fit360.ee\\\/en\\\/#\\\/schema\\\/logo\\\/image\\\/\"}}]}<\/script>\n<!-- \/ Yoast SEO plugin. -->","yoast_head_json":{"title":"L-Tsitrulliin (200g) - Aminohape - Kiire Tarne: 1-3 p\u00e4eva - Fit360","description":"L-Tsitrulliin ehk tsitrulliin malaat parandab lihaste vastupidavust\/ j\u00f5udlust, kuna Tsitrulliin suurendab aeroobset energiatootmist ja hoiab \u00e4ra v\u00e4simust.","robots":{"index":"index","follow":"follow","max-snippet":"max-snippet:-1","max-image-preview":"max-image-preview:large","max-video-preview":"max-video-preview:-1"},"canonical":"https:\/\/fit360.ee\/en\/pood\/product-groups\/amino-acids-bcaa\/citrulline-en\/citrulline-malate-200g\/","og_locale":"en_US","og_type":"article","og_title":"L-Tsitrulliin (200g) - Aminohape - Kiire Tarne: 1-3 p\u00e4eva - Fit360","og_description":"L-Tsitrulliin ehk tsitrulliin malaat parandab lihaste vastupidavust\/ j\u00f5udlust, kuna Tsitrulliin suurendab aeroobset energiatootmist ja hoiab \u00e4ra v\u00e4simust.","og_url":"https:\/\/fit360.ee\/en\/pood\/product-groups\/amino-acids-bcaa\/citrulline-en\/citrulline-malate-200g\/","og_site_name":"Fit360","article_modified_time":"2022-09-16T17:45:16+00:00","og_image":[{"width":600,"height":600,"url":"https:\/\/fit360.ee\/wp-content\/uploads\/2016\/12\/cytruline-200g-1.png","type":"image\/png"}],"twitter_card":"summary_large_image","schema":{"@context":"https:\/\/schema.org","@graph":[{"@type":"WebPage","@id":"https:\/\/fit360.ee\/en\/pood\/product-groups\/amino-acids-bcaa\/citrulline-en\/citrulline-malate-200g\/","url":"https:\/\/fit360.ee\/en\/pood\/product-groups\/amino-acids-bcaa\/citrulline-en\/citrulline-malate-200g\/","name":"L-Tsitrulliin (200g) - Aminohape - Kiire Tarne: 1-3 p\u00e4eva - Fit360","isPartOf":{"@id":"https:\/\/fit360.ee\/en\/#website"},"primaryImageOfPage":{"@id":"https:\/\/fit360.ee\/en\/pood\/product-groups\/amino-acids-bcaa\/citrulline-en\/citrulline-malate-200g\/#primaryimage"},"image":{"@id":"https:\/\/fit360.ee\/en\/pood\/product-groups\/amino-acids-bcaa\/citrulline-en\/citrulline-malate-200g\/#primaryimage"},"thumbnailUrl":"https:\/\/fit360.ee\/wp-content\/uploads\/2016\/12\/cytruline-200g-1.png","datePublished":"2016-12-21T15:16:05+00:00","dateModified":"2022-09-16T17:45:16+00:00","description":"L-Tsitrulliin ehk tsitrulliin malaat parandab lihaste vastupidavust\/ j\u00f5udlust, kuna Tsitrulliin suurendab aeroobset energiatootmist ja hoiab \u00e4ra v\u00e4simust.","breadcrumb":{"@id":"https:\/\/fit360.ee\/en\/pood\/product-groups\/amino-acids-bcaa\/citrulline-en\/citrulline-malate-200g\/#breadcrumb"},"inLanguage":"en-US","potentialAction":[{"@type":"ReadAction","target":["https:\/\/fit360.ee\/en\/pood\/product-groups\/amino-acids-bcaa\/citrulline-en\/citrulline-malate-200g\/"]}]},{"@type":"ImageObject","inLanguage":"en-US","@id":"https:\/\/fit360.ee\/en\/pood\/product-groups\/amino-acids-bcaa\/citrulline-en\/citrulline-malate-200g\/#primaryimage","url":"https:\/\/fit360.ee\/wp-content\/uploads\/2016\/12\/cytruline-200g-1.png","contentUrl":"https:\/\/fit360.ee\/wp-content\/uploads\/2016\/12\/cytruline-200g-1.png","width":600,"height":600,"caption":"L-Tsitrulliin - fit360.ee"},{"@type":"BreadcrumbList","@id":"https:\/\/fit360.ee\/en\/pood\/product-groups\/amino-acids-bcaa\/citrulline-en\/citrulline-malate-200g\/#breadcrumb","itemListElement":[{"@type":"ListItem","position":1,"name":"Home","item":"https:\/\/fit360.ee\/en\/"},{"@type":"ListItem","position":2,"name":"Shop","item":"https:\/\/fit360.ee\/en\/shop\/"},{"@type":"ListItem","position":3,"name":"Citrulline Malate (200g)"}]},{"@type":"WebSite","@id":"https:\/\/fit360.ee\/en\/#website","url":"https:\/\/fit360.ee\/en\/","name":"Fit360","description":"","publisher":{"@id":"https:\/\/fit360.ee\/en\/#organization"},"potentialAction":[{"@type":"SearchAction","target":{"@type":"EntryPoint","urlTemplate":"https:\/\/fit360.ee\/en\/?s={search_term_string}"},"query-input":{"@type":"PropertyValueSpecification","valueRequired":true,"valueName":"search_term_string"}}],"inLanguage":"en-US"},{"@type":"Organization","@id":"https:\/\/fit360.ee\/en\/#organization","name":"Fit360","url":"https:\/\/fit360.ee\/en\/","logo":{"@type":"ImageObject","inLanguage":"en-US","@id":"https:\/\/fit360.ee\/en\/#\/schema\/logo\/image\/","url":"https:\/\/fit360.ee\/wp-content\/uploads\/2017\/01\/logo-fit360.png","contentUrl":"https:\/\/fit360.ee\/wp-content\/uploads\/2017\/01\/logo-fit360.png","width":180,"height":66,"caption":"Fit360"},"image":{"@id":"https:\/\/fit360.ee\/en\/#\/schema\/logo\/image\/"}}]}},"_links":{"self":[{"href":"https:\/\/fit360.ee\/en\/wp-json\/wp\/v2\/product\/7349","targetHints":{"allow":["GET"]}}],"collection":[{"href":"https:\/\/fit360.ee\/en\/wp-json\/wp\/v2\/product"}],"about":[{"href":"https:\/\/fit360.ee\/en\/wp-json\/wp\/v2\/types\/product"}],"replies":[{"embeddable":true,"href":"https:\/\/fit360.ee\/en\/wp-json\/wp\/v2\/comments?post=7349"}],"wp:featuredmedia":[{"embeddable":true,"href":"https:\/\/fit360.ee\/en\/wp-json\/wp\/v2\/media\/37950"}],"wp:attachment":[{"href":"https:\/\/fit360.ee\/en\/wp-json\/wp\/v2\/media?parent=7349"}],"wp:term":[{"taxonomy":"product_brand","embeddable":true,"href":"https:\/\/fit360.ee\/en\/wp-json\/wp\/v2\/product_brand?post=7349"},{"taxonomy":"product_cat","embeddable":true,"href":"https:\/\/fit360.ee\/en\/wp-json\/wp\/v2\/product_cat?post=7349"},{"taxonomy":"product_tag","embeddable":true,"href":"https:\/\/fit360.ee\/en\/wp-json\/wp\/v2\/product_tag?post=7349"},{"taxonomy":"giftcard-category","embeddable":true,"href":"https:\/\/fit360.ee\/en\/wp-json\/wp\/v2\/giftcard-category?post=7349"}],"curies":[{"name":"wp","href":"https:\/\/api.w.org\/{rel}","templated":true}]}}