{"id":73708,"date":"2023-09-28T12:00:54","date_gmt":"2023-09-28T10:00:54","guid":{"rendered":"https:\/\/fit360.ee\/pood\/uncategorized\/power-system-womenslifting-straps-girl-power\/"},"modified":"2025-08-25T12:49:17","modified_gmt":"2025-08-25T10:49:17","slug":"power-system-womenslifting-straps-girl-power","status":"publish","type":"product","link":"https:\/\/fit360.ee\/en\/pood\/training-equipment-en\/lifting-straps-en\/power-system-womenslifting-straps-girl-power\/","title":{"rendered":"POWER SYSTEM Womens Lifting Straps Girl Power, Roosa"},"content":{"rendered":"<ul>\n<li><strong>POWER SYSTEM GIRL POWER LIFTING STRAPS<\/strong> on tugevad, kuid pehmed ja painduvad puuvillast ning on \u00fclimalt hingavad, et hoida teid treeningu ajal jahedana ja paremini keskenduda oma treeningule.<\/li>\n<li><strong>MAKSIMAALSE MUGAVUSE TAGAMISEKS<\/strong> &#8211; Eriti paks neopreenpolster pehmendab teie randmet, et v\u00e4ltida h\u00f5\u00f5rdumise ja villide teket raskete raskuste t\u00f5stmisel<\/li>\n<li><strong>MUGAV:<\/strong> erinevalt konksudest ja muudest sarnastest mudelitest ei ole neil rihmadel konksu, mis p\u00f6idla k\u00fcljes haarde seadmisel teie s\u00f5rmede teele j\u00e4\u00e4ks.<\/li>\n<li><strong>ERGONOOMILINE<\/strong>: puuvillane materjal, erinevalt nahast, seemisnahast v\u00f5i kummist, v\u00f5imaldab m\u00e4hiseid p\u00e4rast varda \u00fcmber keeramist vajaliku pingeni pingutada<\/li>\n<li><strong>MITMEK\u00dcLGNE<\/strong>: saab kasutada k\u00f5ikjal j\u00f5usaalis.\u00a0Tugevdage oma treeningut kangi, hantli, D-k\u00e4epideme, kaabli ja muude t\u00f5mbeharjutuste jaoks kasutatavate vahenditega.\u00a0Surnud t\u00f5ste, \u00f5lgade kehitamine, ridade ja trossi harjutused<\/li>\n<li><strong>ASENDAMATU<\/strong>: kasutage neid rihmasid k\u00f5ikjal, kus vajate haaret.\u00a0Nendest saab \u00fcks t\u00e4htsamaid tarvikuid teie j\u00f5ut\u00f5stmiskotis<\/li>\n<li><strong>RAHULOLU GARANTEERITUD<\/strong> Olenemata sellest, kas tegelete j\u00f5ut\u00f5stmisega, kulturismiga v\u00f5i teete crossfiti, j\u00f5ut\u00f5mbeid, l\u00f5uat\u00f5mbeid v\u00f5i m\u00f5nda muud harjutust, saate meie rihmadega kindlasti vajaliku toe ja tugevaima haarde!<\/li>\n<\/ul>\n<p><a href=\"https:\/\/fit360.ee\/wp-content\/uploads\/2023\/09\/lifting-straps-girl-power-fit360.ee-1.jpg\"><img loading=\"lazy\" decoding=\"async\" class=\"size-full wp-image-73705\" src=\"https:\/\/fit360.ee\/wp-content\/uploads\/2023\/09\/lifting-straps-girl-power-fit360.ee-1.jpg\" alt=\"lifting straps girl power - fit360.ee\" width=\"609\" height=\"287\" srcset=\"https:\/\/fit360.ee\/wp-content\/uploads\/2023\/09\/lifting-straps-girl-power-fit360.ee-1.jpg 609w, https:\/\/fit360.ee\/wp-content\/uploads\/2023\/09\/lifting-straps-girl-power-fit360.ee-1-510x240.jpg 510w\" sizes=\"auto, (max-width: 609px) 100vw, 609px\" \/><\/a><\/p>\n<p><strong>V\u00e4rvus:<\/strong> Roosa; Lilla<\/p>\n<p><strong>Suurus<\/strong>: \u00dcks suurus<\/p>\n<p>Vaata ka meie Teisi T\u00f5sterihmasid\u00a0<a href=\"https:\/\/fit360.ee\/en\/product-category\/training-equipment-en\/lifting-straps-en\/\"><strong>SIIT<\/strong><\/a>!<\/p>\n<p>Soovid kaupa osta suuremas koguses? Vaata antud toodet ka meie HULGI poest\u00a0<a href=\"https:\/\/toidulisandidhulgi.ee\/tooted\/power-system-womens-lifting-straps-girl-power\/\"><strong>SIIT<\/strong><\/a>!<\/p>\n","protected":false},"excerpt":{"rendered":"<ul>\n<li>Maksimaalne mugavus<\/li>\n<li>Mitmek\u00fclgne<\/li>\n<li>Asendamatu<\/li>\n<li>Stiilne<\/li>\n<\/ul>\n","protected":false},"featured_media":73706,"comment_status":"closed","ping_status":"closed","template":"","meta":[],"product_brand":[],"product_cat":[549,538],"product_tag":[4539,4516],"giftcard-category":[],"class_list":{"0":"post-73708","1":"product","2":"type-product","3":"status-publish","4":"has-post-thumbnail","6":"product_cat-lifting-straps-en","7":"product_cat-training-equipment-en","8":"product_tag-lifting-straps-girl-power-en","9":"product_tag-power-system-en","10":"pa_brand-power-systems-en","11":"pa_varustus-lifting-strap","12":"pa_varvus-pink","14":"first","15":"instock","16":"sale","17":"taxable","18":"shipping-taxable","19":"purchasable","20":"product-type-simple"},"yoast_head":"<!-- This site is optimized with the Yoast SEO plugin v27.3 - https:\/\/yoast.com\/product\/yoast-seo-wordpress\/ -->\n<title>POWER SYSTEM Womens Lifting Straps Girl Power, Roosa - T\u00f5sterihmad<\/title>\n<meta name=\"description\" content=\"Girl Power Lifting Straps on tugevad, kuid pehmed ja painduvad puuvillast ning on \u00fclimalt hingavad, et hoida teid treeningu ajal jahedana ja paremini ...\" \/>\n<meta name=\"robots\" content=\"index, follow, max-snippet:-1, max-image-preview:large, max-video-preview:-1\" \/>\n<link rel=\"canonical\" href=\"https:\/\/fit360.ee\/en\/pood\/training-equipment-en\/lifting-straps-en\/power-system-womenslifting-straps-girl-power\/\" \/>\n<meta property=\"og:locale\" content=\"en_US\" \/>\n<meta property=\"og:type\" content=\"article\" \/>\n<meta property=\"og:title\" content=\"POWER SYSTEM Womens Lifting Straps Girl Power, Roosa - T\u00f5sterihmad\" \/>\n<meta property=\"og:description\" content=\"Girl Power Lifting Straps on tugevad, kuid pehmed ja painduvad puuvillast ning on \u00fclimalt hingavad, et hoida teid treeningu ajal jahedana ja paremini ...\" \/>\n<meta property=\"og:url\" content=\"https:\/\/fit360.ee\/en\/pood\/training-equipment-en\/lifting-straps-en\/power-system-womenslifting-straps-girl-power\/\" \/>\n<meta property=\"og:site_name\" content=\"Fit360\" \/>\n<meta property=\"article:modified_time\" content=\"2025-08-25T10:49:17+00:00\" \/>\n<meta property=\"og:image\" content=\"https:\/\/fit360.ee\/wp-content\/uploads\/2023\/09\/lifting-straps-girl-power-fit360.ee-1.jpg\" \/>\n\t<meta property=\"og:image:width\" content=\"609\" \/>\n\t<meta property=\"og:image:height\" content=\"287\" \/>\n\t<meta property=\"og:image:type\" content=\"image\/jpeg\" \/>\n<meta name=\"twitter:card\" content=\"summary_large_image\" \/>\n<meta name=\"twitter:label1\" content=\"Est. reading time\" \/>\n\t<meta name=\"twitter:data1\" content=\"2 minutes\" \/>\n<script type=\"application\/ld+json\" class=\"yoast-schema-graph\">{\"@context\":\"https:\\\/\\\/schema.org\",\"@graph\":[{\"@type\":\"WebPage\",\"@id\":\"https:\\\/\\\/fit360.ee\\\/en\\\/pood\\\/training-equipment-en\\\/lifting-straps-en\\\/power-system-womenslifting-straps-girl-power\\\/\",\"url\":\"https:\\\/\\\/fit360.ee\\\/en\\\/pood\\\/training-equipment-en\\\/lifting-straps-en\\\/power-system-womenslifting-straps-girl-power\\\/\",\"name\":\"POWER SYSTEM Womens Lifting Straps Girl Power, Roosa - T\u00f5sterihmad\",\"isPartOf\":{\"@id\":\"https:\\\/\\\/fit360.ee\\\/en\\\/#website\"},\"primaryImageOfPage\":{\"@id\":\"https:\\\/\\\/fit360.ee\\\/en\\\/pood\\\/training-equipment-en\\\/lifting-straps-en\\\/power-system-womenslifting-straps-girl-power\\\/#primaryimage\"},\"image\":{\"@id\":\"https:\\\/\\\/fit360.ee\\\/en\\\/pood\\\/training-equipment-en\\\/lifting-straps-en\\\/power-system-womenslifting-straps-girl-power\\\/#primaryimage\"},\"thumbnailUrl\":\"https:\\\/\\\/fit360.ee\\\/wp-content\\\/uploads\\\/2023\\\/09\\\/lifting-straps-girl-power-fit360.ee-1.jpg\",\"datePublished\":\"2023-09-28T10:00:54+00:00\",\"dateModified\":\"2025-08-25T10:49:17+00:00\",\"description\":\"Girl Power Lifting Straps on tugevad, kuid pehmed ja painduvad puuvillast ning on \u00fclimalt hingavad, et hoida teid treeningu ajal jahedana ja paremini ...\",\"breadcrumb\":{\"@id\":\"https:\\\/\\\/fit360.ee\\\/en\\\/pood\\\/training-equipment-en\\\/lifting-straps-en\\\/power-system-womenslifting-straps-girl-power\\\/#breadcrumb\"},\"inLanguage\":\"en-US\",\"potentialAction\":[{\"@type\":\"ReadAction\",\"target\":[\"https:\\\/\\\/fit360.ee\\\/en\\\/pood\\\/training-equipment-en\\\/lifting-straps-en\\\/power-system-womenslifting-straps-girl-power\\\/\"]}]},{\"@type\":\"ImageObject\",\"inLanguage\":\"en-US\",\"@id\":\"https:\\\/\\\/fit360.ee\\\/en\\\/pood\\\/training-equipment-en\\\/lifting-straps-en\\\/power-system-womenslifting-straps-girl-power\\\/#primaryimage\",\"url\":\"https:\\\/\\\/fit360.ee\\\/wp-content\\\/uploads\\\/2023\\\/09\\\/lifting-straps-girl-power-fit360.ee-1.jpg\",\"contentUrl\":\"https:\\\/\\\/fit360.ee\\\/wp-content\\\/uploads\\\/2023\\\/09\\\/lifting-straps-girl-power-fit360.ee-1.jpg\",\"width\":609,\"height\":287,\"caption\":\"lifting straps girl power - fit360.ee\"},{\"@type\":\"BreadcrumbList\",\"@id\":\"https:\\\/\\\/fit360.ee\\\/en\\\/pood\\\/training-equipment-en\\\/lifting-straps-en\\\/power-system-womenslifting-straps-girl-power\\\/#breadcrumb\",\"itemListElement\":[{\"@type\":\"ListItem\",\"position\":1,\"name\":\"Home\",\"item\":\"https:\\\/\\\/fit360.ee\\\/en\\\/\"},{\"@type\":\"ListItem\",\"position\":2,\"name\":\"Shop\",\"item\":\"https:\\\/\\\/fit360.ee\\\/en\\\/shop\\\/\"},{\"@type\":\"ListItem\",\"position\":3,\"name\":\"POWER SYSTEM Womens Lifting Straps Girl Power, Roosa\"}]},{\"@type\":\"WebSite\",\"@id\":\"https:\\\/\\\/fit360.ee\\\/en\\\/#website\",\"url\":\"https:\\\/\\\/fit360.ee\\\/en\\\/\",\"name\":\"Fit360\",\"description\":\"\",\"publisher\":{\"@id\":\"https:\\\/\\\/fit360.ee\\\/en\\\/#organization\"},\"potentialAction\":[{\"@type\":\"SearchAction\",\"target\":{\"@type\":\"EntryPoint\",\"urlTemplate\":\"https:\\\/\\\/fit360.ee\\\/en\\\/?s={search_term_string}\"},\"query-input\":{\"@type\":\"PropertyValueSpecification\",\"valueRequired\":true,\"valueName\":\"search_term_string\"}}],\"inLanguage\":\"en-US\"},{\"@type\":\"Organization\",\"@id\":\"https:\\\/\\\/fit360.ee\\\/en\\\/#organization\",\"name\":\"Fit360\",\"url\":\"https:\\\/\\\/fit360.ee\\\/en\\\/\",\"logo\":{\"@type\":\"ImageObject\",\"inLanguage\":\"en-US\",\"@id\":\"https:\\\/\\\/fit360.ee\\\/en\\\/#\\\/schema\\\/logo\\\/image\\\/\",\"url\":\"https:\\\/\\\/fit360.ee\\\/wp-content\\\/uploads\\\/2017\\\/01\\\/logo-fit360.png\",\"contentUrl\":\"https:\\\/\\\/fit360.ee\\\/wp-content\\\/uploads\\\/2017\\\/01\\\/logo-fit360.png\",\"width\":180,\"height\":66,\"caption\":\"Fit360\"},\"image\":{\"@id\":\"https:\\\/\\\/fit360.ee\\\/en\\\/#\\\/schema\\\/logo\\\/image\\\/\"}}]}<\/script>\n<!-- \/ Yoast SEO plugin. -->","yoast_head_json":{"title":"POWER SYSTEM Womens Lifting Straps Girl Power, Roosa - T\u00f5sterihmad","description":"Girl Power Lifting Straps on tugevad, kuid pehmed ja painduvad puuvillast ning on \u00fclimalt hingavad, et hoida teid treeningu ajal jahedana ja paremini ...","robots":{"index":"index","follow":"follow","max-snippet":"max-snippet:-1","max-image-preview":"max-image-preview:large","max-video-preview":"max-video-preview:-1"},"canonical":"https:\/\/fit360.ee\/en\/pood\/training-equipment-en\/lifting-straps-en\/power-system-womenslifting-straps-girl-power\/","og_locale":"en_US","og_type":"article","og_title":"POWER SYSTEM Womens Lifting Straps Girl Power, Roosa - T\u00f5sterihmad","og_description":"Girl Power Lifting Straps on tugevad, kuid pehmed ja painduvad puuvillast ning on \u00fclimalt hingavad, et hoida teid treeningu ajal jahedana ja paremini ...","og_url":"https:\/\/fit360.ee\/en\/pood\/training-equipment-en\/lifting-straps-en\/power-system-womenslifting-straps-girl-power\/","og_site_name":"Fit360","article_modified_time":"2025-08-25T10:49:17+00:00","og_image":[{"width":609,"height":287,"url":"https:\/\/fit360.ee\/wp-content\/uploads\/2023\/09\/lifting-straps-girl-power-fit360.ee-1.jpg","type":"image\/jpeg"}],"twitter_card":"summary_large_image","twitter_misc":{"Est. reading time":"2 minutes"},"schema":{"@context":"https:\/\/schema.org","@graph":[{"@type":"WebPage","@id":"https:\/\/fit360.ee\/en\/pood\/training-equipment-en\/lifting-straps-en\/power-system-womenslifting-straps-girl-power\/","url":"https:\/\/fit360.ee\/en\/pood\/training-equipment-en\/lifting-straps-en\/power-system-womenslifting-straps-girl-power\/","name":"POWER SYSTEM Womens Lifting Straps Girl Power, Roosa - T\u00f5sterihmad","isPartOf":{"@id":"https:\/\/fit360.ee\/en\/#website"},"primaryImageOfPage":{"@id":"https:\/\/fit360.ee\/en\/pood\/training-equipment-en\/lifting-straps-en\/power-system-womenslifting-straps-girl-power\/#primaryimage"},"image":{"@id":"https:\/\/fit360.ee\/en\/pood\/training-equipment-en\/lifting-straps-en\/power-system-womenslifting-straps-girl-power\/#primaryimage"},"thumbnailUrl":"https:\/\/fit360.ee\/wp-content\/uploads\/2023\/09\/lifting-straps-girl-power-fit360.ee-1.jpg","datePublished":"2023-09-28T10:00:54+00:00","dateModified":"2025-08-25T10:49:17+00:00","description":"Girl Power Lifting Straps on tugevad, kuid pehmed ja painduvad puuvillast ning on \u00fclimalt hingavad, et hoida teid treeningu ajal jahedana ja paremini ...","breadcrumb":{"@id":"https:\/\/fit360.ee\/en\/pood\/training-equipment-en\/lifting-straps-en\/power-system-womenslifting-straps-girl-power\/#breadcrumb"},"inLanguage":"en-US","potentialAction":[{"@type":"ReadAction","target":["https:\/\/fit360.ee\/en\/pood\/training-equipment-en\/lifting-straps-en\/power-system-womenslifting-straps-girl-power\/"]}]},{"@type":"ImageObject","inLanguage":"en-US","@id":"https:\/\/fit360.ee\/en\/pood\/training-equipment-en\/lifting-straps-en\/power-system-womenslifting-straps-girl-power\/#primaryimage","url":"https:\/\/fit360.ee\/wp-content\/uploads\/2023\/09\/lifting-straps-girl-power-fit360.ee-1.jpg","contentUrl":"https:\/\/fit360.ee\/wp-content\/uploads\/2023\/09\/lifting-straps-girl-power-fit360.ee-1.jpg","width":609,"height":287,"caption":"lifting straps girl power - fit360.ee"},{"@type":"BreadcrumbList","@id":"https:\/\/fit360.ee\/en\/pood\/training-equipment-en\/lifting-straps-en\/power-system-womenslifting-straps-girl-power\/#breadcrumb","itemListElement":[{"@type":"ListItem","position":1,"name":"Home","item":"https:\/\/fit360.ee\/en\/"},{"@type":"ListItem","position":2,"name":"Shop","item":"https:\/\/fit360.ee\/en\/shop\/"},{"@type":"ListItem","position":3,"name":"POWER SYSTEM Womens Lifting Straps Girl Power, Roosa"}]},{"@type":"WebSite","@id":"https:\/\/fit360.ee\/en\/#website","url":"https:\/\/fit360.ee\/en\/","name":"Fit360","description":"","publisher":{"@id":"https:\/\/fit360.ee\/en\/#organization"},"potentialAction":[{"@type":"SearchAction","target":{"@type":"EntryPoint","urlTemplate":"https:\/\/fit360.ee\/en\/?s={search_term_string}"},"query-input":{"@type":"PropertyValueSpecification","valueRequired":true,"valueName":"search_term_string"}}],"inLanguage":"en-US"},{"@type":"Organization","@id":"https:\/\/fit360.ee\/en\/#organization","name":"Fit360","url":"https:\/\/fit360.ee\/en\/","logo":{"@type":"ImageObject","inLanguage":"en-US","@id":"https:\/\/fit360.ee\/en\/#\/schema\/logo\/image\/","url":"https:\/\/fit360.ee\/wp-content\/uploads\/2017\/01\/logo-fit360.png","contentUrl":"https:\/\/fit360.ee\/wp-content\/uploads\/2017\/01\/logo-fit360.png","width":180,"height":66,"caption":"Fit360"},"image":{"@id":"https:\/\/fit360.ee\/en\/#\/schema\/logo\/image\/"}}]}},"_links":{"self":[{"href":"https:\/\/fit360.ee\/en\/wp-json\/wp\/v2\/product\/73708","targetHints":{"allow":["GET"]}}],"collection":[{"href":"https:\/\/fit360.ee\/en\/wp-json\/wp\/v2\/product"}],"about":[{"href":"https:\/\/fit360.ee\/en\/wp-json\/wp\/v2\/types\/product"}],"replies":[{"embeddable":true,"href":"https:\/\/fit360.ee\/en\/wp-json\/wp\/v2\/comments?post=73708"}],"wp:featuredmedia":[{"embeddable":true,"href":"https:\/\/fit360.ee\/en\/wp-json\/wp\/v2\/media\/73706"}],"wp:attachment":[{"href":"https:\/\/fit360.ee\/en\/wp-json\/wp\/v2\/media?parent=73708"}],"wp:term":[{"taxonomy":"product_brand","embeddable":true,"href":"https:\/\/fit360.ee\/en\/wp-json\/wp\/v2\/product_brand?post=73708"},{"taxonomy":"product_cat","embeddable":true,"href":"https:\/\/fit360.ee\/en\/wp-json\/wp\/v2\/product_cat?post=73708"},{"taxonomy":"product_tag","embeddable":true,"href":"https:\/\/fit360.ee\/en\/wp-json\/wp\/v2\/product_tag?post=73708"},{"taxonomy":"giftcard-category","embeddable":true,"href":"https:\/\/fit360.ee\/en\/wp-json\/wp\/v2\/giftcard-category?post=73708"}],"curies":[{"name":"wp","href":"https:\/\/api.w.org\/{rel}","templated":true}]}}