{"id":73955,"date":"2023-10-02T13:52:28","date_gmt":"2023-10-02T11:52:28","guid":{"rendered":"https:\/\/fit360.ee\/pood\/uncategorized\/power-system-weightlifting-wrist-wraps\/"},"modified":"2025-12-22T17:04:15","modified_gmt":"2025-12-22T15:04:15","slug":"power-system-weightlifting-wrist-wraps","status":"publish","type":"product","link":"https:\/\/fit360.ee\/en\/pood\/training-equipment-en\/wrist-wraps-en\/power-system-weightlifting-wrist-wraps\/","title":{"rendered":"POWER SYSTEM Weightlifting Wrist Wraps"},"content":{"rendered":"<h2><strong>Wrist Wraps<\/strong><\/h2>\n<ul>\n<li><strong>POWER SYSTEM WRIST WRAPS, <\/strong>kui neid proovite, m\u00e4rkate kohe erinevust, sest meie randmesidemed pakuvad parimat randmetuge nii meestele kui naistele ning neid saab kasutada mitmesugustel spordialadel ja fitnessis, sealhulgas raskuste t\u00f5stmises, kulturismis, Crossfitis, joogas ja isegi poksis<\/li>\n<li>Need reguleeritavad randmekatted on loodud vastu pidama ka k\u00f5ige raskematele treeningutele ning on valmistatud esmaklassilistest materjalidest ja vastupidavast disainist.\u00a0Neid on testitud k\u00f5ige raskemates tingimustes, et need peavad vastu mis tahes treeningutreeningule<\/li>\n<li>Nendel esmaklassilistel randmetugedel on tugevad \u00f5mblused, mis tugevdavad oluliselt nende vastupidavust, v\u00f5imaldades neid p\u00e4evast p\u00e4eva kasutada ilma rebenemiseta.\u00a0Elastne p\u00f6idla aas pakub ka t\u00e4iendavat tuge ja mugavust.\u00a0Proovige neid ja n\u00e4ete, miks need on parimad randmekatted turul<\/li>\n<li>Meie randmetoe ainulaadne disain koos selle lisapikkusega pakuvad teile kogu randmem\u00e4hise toe, mida otsite.\u00a0Need pakuvad teile \u00e4\u00e4rmist mugavust ja t\u00e4ielikku liikumisvabadust ilma teie paindlikkust p\u00e4rssimata ning sobivad nii meestele kui naistele<\/li>\n<li>takjakinnisus suurendab reguleeritavust ja sobivust<\/li>\n<\/ul>\n<p><strong>V\u00e4rvus<\/strong>: hall\/valge\/must, must\/valge\/punane, must\/valge\/sinine<\/p>\n<p><strong>Suurus<\/strong>: \u00dcks suurus<\/p>\n<p>Vaata ka meie teisi Randmesidemeid <a href=\"https:\/\/fit360.ee\/en\/product-category\/training-equipment-en\/wrist-wraps-en\/\"><strong>SIIT<\/strong><\/a>!<\/p>\n<p>Soovid kaupa osta suuremas koguses? Vaata antud toodet ka meie HULGI poest\u00a0<a href=\"https:\/\/toidulisandidhulgi.ee\/tooted\/power-system-weightlifting-wrist-wraps\/\"><strong>SIIT<\/strong><\/a>!<\/p>\n","protected":false},"excerpt":{"rendered":"<ul>\n<li>Parim kaitse Teie randmetele<\/li>\n<li>Sobib j\u00f5usaali, crossfiti, jooga ja poksi jaoks<\/li>\n<li>Vastupidavad &#8211; Parim materjal<\/li>\n<li>Elastne p\u00f6idlaaas mugavamaks kasutamiseks<\/li>\n<li>Ilus disain<\/li>\n<li>Regulleeritavad<\/li>\n<\/ul>\n","protected":false},"featured_media":73949,"comment_status":"closed","ping_status":"closed","template":"","meta":[],"product_brand":[],"product_cat":[538,546],"product_tag":[],"giftcard-category":[],"class_list":{"0":"post-73955","1":"product","2":"type-product","3":"status-publish","4":"has-post-thumbnail","6":"product_cat-training-equipment-en","7":"product_cat-wrist-wraps-en","8":"pa_varvus-grey-black-en","9":"pa_varvus-red-black","10":"pa_varvus-sinine-must-en","12":"first","13":"instock","14":"taxable","15":"shipping-taxable","16":"purchasable","17":"product-type-variable"},"yoast_head":"<!-- This site is optimized with the Yoast SEO plugin v27.3 - https:\/\/yoast.com\/product\/yoast-seo-wordpress\/ -->\n<title>POWER SYSTEM Weightlifting Wrist Wraps - Randmesidemed - Fit360<\/title>\n<meta name=\"description\" content=\"POWER SYSTEM WRIST WRAPS, kui neid proovite, m\u00e4rkate kohe erinevust, sest meie randmesidemed pakuvad parimat randmetuge nii meestele kui naistele ...\" \/>\n<meta name=\"robots\" content=\"index, follow, max-snippet:-1, max-image-preview:large, max-video-preview:-1\" \/>\n<link rel=\"canonical\" href=\"https:\/\/fit360.ee\/en\/pood\/training-equipment-en\/wrist-wraps-en\/power-system-weightlifting-wrist-wraps\/\" \/>\n<meta property=\"og:locale\" content=\"en_US\" \/>\n<meta property=\"og:type\" content=\"article\" \/>\n<meta property=\"og:title\" content=\"POWER SYSTEM Weightlifting Wrist Wraps - Randmesidemed - Fit360\" \/>\n<meta property=\"og:description\" content=\"POWER SYSTEM WRIST WRAPS, kui neid proovite, m\u00e4rkate kohe erinevust, sest meie randmesidemed pakuvad parimat randmetuge nii meestele kui naistele ...\" \/>\n<meta property=\"og:url\" content=\"https:\/\/fit360.ee\/en\/pood\/training-equipment-en\/wrist-wraps-en\/power-system-weightlifting-wrist-wraps\/\" \/>\n<meta property=\"og:site_name\" content=\"Fit360\" \/>\n<meta property=\"article:modified_time\" content=\"2025-12-22T15:04:15+00:00\" \/>\n<meta property=\"og:image\" content=\"https:\/\/fit360.ee\/wp-content\/uploads\/2023\/10\/power-system-wrist-wraps-fit360.ee-1.jpg\" \/>\n\t<meta property=\"og:image:width\" content=\"666\" \/>\n\t<meta property=\"og:image:height\" content=\"329\" \/>\n\t<meta property=\"og:image:type\" content=\"image\/jpeg\" \/>\n<meta name=\"twitter:card\" content=\"summary_large_image\" \/>\n<meta name=\"twitter:label1\" content=\"Est. reading time\" \/>\n\t<meta name=\"twitter:data1\" content=\"1 minute\" \/>\n<script type=\"application\/ld+json\" class=\"yoast-schema-graph\">{\"@context\":\"https:\\\/\\\/schema.org\",\"@graph\":[{\"@type\":\"WebPage\",\"@id\":\"https:\\\/\\\/fit360.ee\\\/en\\\/pood\\\/training-equipment-en\\\/wrist-wraps-en\\\/power-system-weightlifting-wrist-wraps\\\/\",\"url\":\"https:\\\/\\\/fit360.ee\\\/en\\\/pood\\\/training-equipment-en\\\/wrist-wraps-en\\\/power-system-weightlifting-wrist-wraps\\\/\",\"name\":\"POWER SYSTEM Weightlifting Wrist Wraps - Randmesidemed - Fit360\",\"isPartOf\":{\"@id\":\"https:\\\/\\\/fit360.ee\\\/en\\\/#website\"},\"primaryImageOfPage\":{\"@id\":\"https:\\\/\\\/fit360.ee\\\/en\\\/pood\\\/training-equipment-en\\\/wrist-wraps-en\\\/power-system-weightlifting-wrist-wraps\\\/#primaryimage\"},\"image\":{\"@id\":\"https:\\\/\\\/fit360.ee\\\/en\\\/pood\\\/training-equipment-en\\\/wrist-wraps-en\\\/power-system-weightlifting-wrist-wraps\\\/#primaryimage\"},\"thumbnailUrl\":\"https:\\\/\\\/fit360.ee\\\/wp-content\\\/uploads\\\/2023\\\/10\\\/power-system-wrist-wraps-fit360.ee-1.jpg\",\"datePublished\":\"2023-10-02T11:52:28+00:00\",\"dateModified\":\"2025-12-22T15:04:15+00:00\",\"description\":\"POWER SYSTEM WRIST WRAPS, kui neid proovite, m\u00e4rkate kohe erinevust, sest meie randmesidemed pakuvad parimat randmetuge nii meestele kui naistele ...\",\"breadcrumb\":{\"@id\":\"https:\\\/\\\/fit360.ee\\\/en\\\/pood\\\/training-equipment-en\\\/wrist-wraps-en\\\/power-system-weightlifting-wrist-wraps\\\/#breadcrumb\"},\"inLanguage\":\"en-US\",\"potentialAction\":[{\"@type\":\"ReadAction\",\"target\":[\"https:\\\/\\\/fit360.ee\\\/en\\\/pood\\\/training-equipment-en\\\/wrist-wraps-en\\\/power-system-weightlifting-wrist-wraps\\\/\"]}]},{\"@type\":\"ImageObject\",\"inLanguage\":\"en-US\",\"@id\":\"https:\\\/\\\/fit360.ee\\\/en\\\/pood\\\/training-equipment-en\\\/wrist-wraps-en\\\/power-system-weightlifting-wrist-wraps\\\/#primaryimage\",\"url\":\"https:\\\/\\\/fit360.ee\\\/wp-content\\\/uploads\\\/2023\\\/10\\\/power-system-wrist-wraps-fit360.ee-1.jpg\",\"contentUrl\":\"https:\\\/\\\/fit360.ee\\\/wp-content\\\/uploads\\\/2023\\\/10\\\/power-system-wrist-wraps-fit360.ee-1.jpg\",\"width\":666,\"height\":329,\"caption\":\"power system wrist wraps - fit360.ee\"},{\"@type\":\"BreadcrumbList\",\"@id\":\"https:\\\/\\\/fit360.ee\\\/en\\\/pood\\\/training-equipment-en\\\/wrist-wraps-en\\\/power-system-weightlifting-wrist-wraps\\\/#breadcrumb\",\"itemListElement\":[{\"@type\":\"ListItem\",\"position\":1,\"name\":\"Home\",\"item\":\"https:\\\/\\\/fit360.ee\\\/en\\\/\"},{\"@type\":\"ListItem\",\"position\":2,\"name\":\"Shop\",\"item\":\"https:\\\/\\\/fit360.ee\\\/en\\\/shop\\\/\"},{\"@type\":\"ListItem\",\"position\":3,\"name\":\"POWER SYSTEM Weightlifting Wrist Wraps\"}]},{\"@type\":\"WebSite\",\"@id\":\"https:\\\/\\\/fit360.ee\\\/en\\\/#website\",\"url\":\"https:\\\/\\\/fit360.ee\\\/en\\\/\",\"name\":\"Fit360\",\"description\":\"\",\"publisher\":{\"@id\":\"https:\\\/\\\/fit360.ee\\\/en\\\/#organization\"},\"potentialAction\":[{\"@type\":\"SearchAction\",\"target\":{\"@type\":\"EntryPoint\",\"urlTemplate\":\"https:\\\/\\\/fit360.ee\\\/en\\\/?s={search_term_string}\"},\"query-input\":{\"@type\":\"PropertyValueSpecification\",\"valueRequired\":true,\"valueName\":\"search_term_string\"}}],\"inLanguage\":\"en-US\"},{\"@type\":\"Organization\",\"@id\":\"https:\\\/\\\/fit360.ee\\\/en\\\/#organization\",\"name\":\"Fit360\",\"url\":\"https:\\\/\\\/fit360.ee\\\/en\\\/\",\"logo\":{\"@type\":\"ImageObject\",\"inLanguage\":\"en-US\",\"@id\":\"https:\\\/\\\/fit360.ee\\\/en\\\/#\\\/schema\\\/logo\\\/image\\\/\",\"url\":\"https:\\\/\\\/fit360.ee\\\/wp-content\\\/uploads\\\/2017\\\/01\\\/logo-fit360.png\",\"contentUrl\":\"https:\\\/\\\/fit360.ee\\\/wp-content\\\/uploads\\\/2017\\\/01\\\/logo-fit360.png\",\"width\":180,\"height\":66,\"caption\":\"Fit360\"},\"image\":{\"@id\":\"https:\\\/\\\/fit360.ee\\\/en\\\/#\\\/schema\\\/logo\\\/image\\\/\"}}]}<\/script>\n<!-- \/ Yoast SEO plugin. -->","yoast_head_json":{"title":"POWER SYSTEM Weightlifting Wrist Wraps - Randmesidemed - Fit360","description":"POWER SYSTEM WRIST WRAPS, kui neid proovite, m\u00e4rkate kohe erinevust, sest meie randmesidemed pakuvad parimat randmetuge nii meestele kui naistele ...","robots":{"index":"index","follow":"follow","max-snippet":"max-snippet:-1","max-image-preview":"max-image-preview:large","max-video-preview":"max-video-preview:-1"},"canonical":"https:\/\/fit360.ee\/en\/pood\/training-equipment-en\/wrist-wraps-en\/power-system-weightlifting-wrist-wraps\/","og_locale":"en_US","og_type":"article","og_title":"POWER SYSTEM Weightlifting Wrist Wraps - Randmesidemed - Fit360","og_description":"POWER SYSTEM WRIST WRAPS, kui neid proovite, m\u00e4rkate kohe erinevust, sest meie randmesidemed pakuvad parimat randmetuge nii meestele kui naistele ...","og_url":"https:\/\/fit360.ee\/en\/pood\/training-equipment-en\/wrist-wraps-en\/power-system-weightlifting-wrist-wraps\/","og_site_name":"Fit360","article_modified_time":"2025-12-22T15:04:15+00:00","og_image":[{"width":666,"height":329,"url":"https:\/\/fit360.ee\/wp-content\/uploads\/2023\/10\/power-system-wrist-wraps-fit360.ee-1.jpg","type":"image\/jpeg"}],"twitter_card":"summary_large_image","twitter_misc":{"Est. reading time":"1 minute"},"schema":{"@context":"https:\/\/schema.org","@graph":[{"@type":"WebPage","@id":"https:\/\/fit360.ee\/en\/pood\/training-equipment-en\/wrist-wraps-en\/power-system-weightlifting-wrist-wraps\/","url":"https:\/\/fit360.ee\/en\/pood\/training-equipment-en\/wrist-wraps-en\/power-system-weightlifting-wrist-wraps\/","name":"POWER SYSTEM Weightlifting Wrist Wraps - Randmesidemed - Fit360","isPartOf":{"@id":"https:\/\/fit360.ee\/en\/#website"},"primaryImageOfPage":{"@id":"https:\/\/fit360.ee\/en\/pood\/training-equipment-en\/wrist-wraps-en\/power-system-weightlifting-wrist-wraps\/#primaryimage"},"image":{"@id":"https:\/\/fit360.ee\/en\/pood\/training-equipment-en\/wrist-wraps-en\/power-system-weightlifting-wrist-wraps\/#primaryimage"},"thumbnailUrl":"https:\/\/fit360.ee\/wp-content\/uploads\/2023\/10\/power-system-wrist-wraps-fit360.ee-1.jpg","datePublished":"2023-10-02T11:52:28+00:00","dateModified":"2025-12-22T15:04:15+00:00","description":"POWER SYSTEM WRIST WRAPS, kui neid proovite, m\u00e4rkate kohe erinevust, sest meie randmesidemed pakuvad parimat randmetuge nii meestele kui naistele ...","breadcrumb":{"@id":"https:\/\/fit360.ee\/en\/pood\/training-equipment-en\/wrist-wraps-en\/power-system-weightlifting-wrist-wraps\/#breadcrumb"},"inLanguage":"en-US","potentialAction":[{"@type":"ReadAction","target":["https:\/\/fit360.ee\/en\/pood\/training-equipment-en\/wrist-wraps-en\/power-system-weightlifting-wrist-wraps\/"]}]},{"@type":"ImageObject","inLanguage":"en-US","@id":"https:\/\/fit360.ee\/en\/pood\/training-equipment-en\/wrist-wraps-en\/power-system-weightlifting-wrist-wraps\/#primaryimage","url":"https:\/\/fit360.ee\/wp-content\/uploads\/2023\/10\/power-system-wrist-wraps-fit360.ee-1.jpg","contentUrl":"https:\/\/fit360.ee\/wp-content\/uploads\/2023\/10\/power-system-wrist-wraps-fit360.ee-1.jpg","width":666,"height":329,"caption":"power system wrist wraps - fit360.ee"},{"@type":"BreadcrumbList","@id":"https:\/\/fit360.ee\/en\/pood\/training-equipment-en\/wrist-wraps-en\/power-system-weightlifting-wrist-wraps\/#breadcrumb","itemListElement":[{"@type":"ListItem","position":1,"name":"Home","item":"https:\/\/fit360.ee\/en\/"},{"@type":"ListItem","position":2,"name":"Shop","item":"https:\/\/fit360.ee\/en\/shop\/"},{"@type":"ListItem","position":3,"name":"POWER SYSTEM Weightlifting Wrist Wraps"}]},{"@type":"WebSite","@id":"https:\/\/fit360.ee\/en\/#website","url":"https:\/\/fit360.ee\/en\/","name":"Fit360","description":"","publisher":{"@id":"https:\/\/fit360.ee\/en\/#organization"},"potentialAction":[{"@type":"SearchAction","target":{"@type":"EntryPoint","urlTemplate":"https:\/\/fit360.ee\/en\/?s={search_term_string}"},"query-input":{"@type":"PropertyValueSpecification","valueRequired":true,"valueName":"search_term_string"}}],"inLanguage":"en-US"},{"@type":"Organization","@id":"https:\/\/fit360.ee\/en\/#organization","name":"Fit360","url":"https:\/\/fit360.ee\/en\/","logo":{"@type":"ImageObject","inLanguage":"en-US","@id":"https:\/\/fit360.ee\/en\/#\/schema\/logo\/image\/","url":"https:\/\/fit360.ee\/wp-content\/uploads\/2017\/01\/logo-fit360.png","contentUrl":"https:\/\/fit360.ee\/wp-content\/uploads\/2017\/01\/logo-fit360.png","width":180,"height":66,"caption":"Fit360"},"image":{"@id":"https:\/\/fit360.ee\/en\/#\/schema\/logo\/image\/"}}]}},"_links":{"self":[{"href":"https:\/\/fit360.ee\/en\/wp-json\/wp\/v2\/product\/73955","targetHints":{"allow":["GET"]}}],"collection":[{"href":"https:\/\/fit360.ee\/en\/wp-json\/wp\/v2\/product"}],"about":[{"href":"https:\/\/fit360.ee\/en\/wp-json\/wp\/v2\/types\/product"}],"replies":[{"embeddable":true,"href":"https:\/\/fit360.ee\/en\/wp-json\/wp\/v2\/comments?post=73955"}],"wp:featuredmedia":[{"embeddable":true,"href":"https:\/\/fit360.ee\/en\/wp-json\/wp\/v2\/media\/73949"}],"wp:attachment":[{"href":"https:\/\/fit360.ee\/en\/wp-json\/wp\/v2\/media?parent=73955"}],"wp:term":[{"taxonomy":"product_brand","embeddable":true,"href":"https:\/\/fit360.ee\/en\/wp-json\/wp\/v2\/product_brand?post=73955"},{"taxonomy":"product_cat","embeddable":true,"href":"https:\/\/fit360.ee\/en\/wp-json\/wp\/v2\/product_cat?post=73955"},{"taxonomy":"product_tag","embeddable":true,"href":"https:\/\/fit360.ee\/en\/wp-json\/wp\/v2\/product_tag?post=73955"},{"taxonomy":"giftcard-category","embeddable":true,"href":"https:\/\/fit360.ee\/en\/wp-json\/wp\/v2\/giftcard-category?post=73955"}],"curies":[{"name":"wp","href":"https:\/\/api.w.org\/{rel}","templated":true}]}}