{"id":73969,"date":"2023-10-02T15:11:00","date_gmt":"2023-10-02T13:11:00","guid":{"rendered":"https:\/\/fit360.ee\/pood\/uncategorized\/power-system-massaazirull\/"},"modified":"2025-08-13T07:36:35","modified_gmt":"2025-08-13T05:36:35","slug":"power-system-massaazirull","status":"publish","type":"product","link":"https:\/\/fit360.ee\/en\/pood\/training-equipment-en\/massage-rollers-en\/power-system-massaazirull\/","title":{"rendered":"POWER SYSTEM Massaa\u017eirull"},"content":{"rendered":"<h2><strong>Massaazirull<\/strong><\/h2>\n<ul>\n<li>Fitness massaa\u017eirull on usaldusv\u00e4\u00e4rne j\u00f5udlust\u00f6\u00f6riist liikuvuse, liikumisulatuse, tasakaalu ja k\u00f5nni parandamiseks.<\/li>\n<li>See on spetsiaalselt loodud sihip\u00e4rase massaa\u017ei v\u00f5i lihastreeningu v\u00f5imaldamiseks. See on m\u00f5eldud enesemassaa\u017ei tegemiseks.<\/li>\n<li>Tehnikad \u2013 kasutage treeningu ajal ja p\u00e4rast seda pingeliste ja j\u00e4ikade lihaste masseerimiseks, lihas- ja liigesevalu v\u00e4hendamiseks,<\/li>\n<li>Ringlus ja paindlikkus.\u00a0Vahtrulli regulaarne kasutamine v\u00f5ib olla kasulik vigastuste ennetamisel v\u00f5i nendest taastumisel ning ettevalmistusel<\/li>\n<li>Keha parimaks j\u00f5udluseks.\u00a0Fitness Foam Roller on loodud taluma korduvat kasutamist, ilma et see laguneks.<\/li>\n<li>Sellel on vastupidav ja funktsionaalne konstruktsioon.\u00a0See on valmistatud tihedast kvaliteetsest EVA-vahust, mis katab j\u00e4iga \u00f5\u00f5nsa plastikust s\u00fcdamiku.<\/li>\n<li>Sellel on oman\u00e4oline 3D-pind, mis j\u00e4ljendab massaa\u017eiterapeudi k\u00e4te\u00a0tunnet \u2013 laiad ja lamedad nagu peopesa.<\/li>\n<li>Pikad ja torujad nagu s\u00f5rmed ning v\u00e4ikesed ja kindlad nagu s\u00f5rmeotsad.\u00a0K\u00f5va \u00f5\u00f5nes ABS-keskus tagab tugeva,<\/li>\n<li>Kauakestev raam.\u00a0Need materjalid moodustavad elastse toote, mis sobib suurep\u00e4raselt igap\u00e4evaseks kasutamiseks olulistes treeningrutiinides ja massaa\u017eis.<\/li>\n<\/ul>\n<p><strong>V\u00e4rvus:<\/strong> Must\/Roheline; Must\/Oran\u017e; Must\/Roosa<\/p>\n<p>Vaata ka meie teisi Massaa\u017eirulle <a href=\"https:\/\/fit360.ee\/en\/product-category\/training-equipment-en\/massage-rollers-en\/\"><strong>SIIT<\/strong><\/a>!<\/p>\n<p>Soovid kaupa osta suuremas koguses? Vaata antud toodet ka meie HULGI poest\u00a0<a href=\"https:\/\/toidulisandidhulgi.ee\/tooted\/power-system-massaazirull\/\"><strong>SIIT<\/strong><\/a>!<\/p>\n","protected":false},"excerpt":{"rendered":"<ul>\n<li>Fitness massaa\u017eirull on usaldusv\u00e4\u00e4rne j\u00f5udlust\u00f6\u00f6riist liikuvuse, liikumisulatuse, tasakaalu ja k\u00f5nni parandamiseks.<\/li>\n<li>See on spetsiaalselt loodud sihip\u00e4rase massaa\u017ei v\u00f5i lihastreeningu v\u00f5imaldamiseks. See on m\u00f5eldud enesemassaa\u017ei tegemiseks.<\/li>\n<li>Tehnikad \u2013 kasutage treeningu ajal ja p\u00e4rast seda pingeliste ja j\u00e4ikade lihaste masseerimiseks, lihas- ja liigesevalu v\u00e4hendamiseks,<\/li>\n<\/ul>\n","protected":false},"featured_media":73961,"comment_status":"closed","ping_status":"closed","template":"","meta":[],"product_brand":[],"product_cat":[548,538],"product_tag":[4557,4558,4516],"giftcard-category":[],"class_list":{"0":"post-73969","1":"product","2":"type-product","3":"status-publish","4":"has-post-thumbnail","6":"product_cat-massage-rollers-en","7":"product_cat-training-equipment-en","8":"product_tag-foam-roller-en","9":"product_tag-massaazirull-en","10":"product_tag-power-system-en","11":"pa_varvus-black-green","12":"pa_varvus-black-orange","13":"pa_varvus-black-pink","15":"first","16":"instock","17":"sale","18":"taxable","19":"shipping-taxable","20":"purchasable","21":"product-type-variable"},"yoast_head":"<!-- This site is optimized with the Yoast SEO plugin v27.3 - https:\/\/yoast.com\/product\/yoast-seo-wordpress\/ -->\n<title>POWER SYSTEM Massaa\u017eirull - Foam Roller - Kiire Tarne - Fit360<\/title>\n<meta name=\"description\" content=\"Fitness massaa\u017eirull on usaldusv\u00e4\u00e4rne j\u00f5udlust\u00f6\u00f6riist liikuvuse, liikumisulatuse, tasakaalu ja k\u00f5nni parandamiseks. See on spetsiaalselt loodud sihi...\" \/>\n<meta name=\"robots\" content=\"index, follow, max-snippet:-1, max-image-preview:large, max-video-preview:-1\" \/>\n<link rel=\"canonical\" href=\"https:\/\/fit360.ee\/en\/pood\/training-equipment-en\/massage-rollers-en\/power-system-massaazirull\/\" \/>\n<meta property=\"og:locale\" content=\"en_US\" \/>\n<meta property=\"og:type\" content=\"article\" \/>\n<meta property=\"og:title\" content=\"POWER SYSTEM Massaa\u017eirull - Foam Roller - Kiire Tarne - Fit360\" \/>\n<meta property=\"og:description\" content=\"Fitness massaa\u017eirull on usaldusv\u00e4\u00e4rne j\u00f5udlust\u00f6\u00f6riist liikuvuse, liikumisulatuse, tasakaalu ja k\u00f5nni parandamiseks. See on spetsiaalselt loodud sihi...\" \/>\n<meta property=\"og:url\" content=\"https:\/\/fit360.ee\/en\/pood\/training-equipment-en\/massage-rollers-en\/power-system-massaazirull\/\" \/>\n<meta property=\"og:site_name\" content=\"Fit360\" \/>\n<meta property=\"article:modified_time\" content=\"2025-08-13T05:36:35+00:00\" \/>\n<meta property=\"og:image\" content=\"https:\/\/fit360.ee\/wp-content\/uploads\/2023\/10\/massaazirull-fit360.ee_.jpg\" \/>\n\t<meta property=\"og:image:width\" content=\"912\" \/>\n\t<meta property=\"og:image:height\" content=\"1000\" \/>\n\t<meta property=\"og:image:type\" content=\"image\/jpeg\" \/>\n<meta name=\"twitter:card\" content=\"summary_large_image\" \/>\n<meta name=\"twitter:label1\" content=\"Est. reading time\" \/>\n\t<meta name=\"twitter:data1\" content=\"1 minute\" \/>\n<script type=\"application\/ld+json\" class=\"yoast-schema-graph\">{\"@context\":\"https:\\\/\\\/schema.org\",\"@graph\":[{\"@type\":\"WebPage\",\"@id\":\"https:\\\/\\\/fit360.ee\\\/en\\\/pood\\\/training-equipment-en\\\/massage-rollers-en\\\/power-system-massaazirull\\\/\",\"url\":\"https:\\\/\\\/fit360.ee\\\/en\\\/pood\\\/training-equipment-en\\\/massage-rollers-en\\\/power-system-massaazirull\\\/\",\"name\":\"POWER SYSTEM Massaa\u017eirull - Foam Roller - Kiire Tarne - Fit360\",\"isPartOf\":{\"@id\":\"https:\\\/\\\/fit360.ee\\\/en\\\/#website\"},\"primaryImageOfPage\":{\"@id\":\"https:\\\/\\\/fit360.ee\\\/en\\\/pood\\\/training-equipment-en\\\/massage-rollers-en\\\/power-system-massaazirull\\\/#primaryimage\"},\"image\":{\"@id\":\"https:\\\/\\\/fit360.ee\\\/en\\\/pood\\\/training-equipment-en\\\/massage-rollers-en\\\/power-system-massaazirull\\\/#primaryimage\"},\"thumbnailUrl\":\"https:\\\/\\\/fit360.ee\\\/wp-content\\\/uploads\\\/2023\\\/10\\\/massaazirull-fit360.ee_.jpg\",\"datePublished\":\"2023-10-02T13:11:00+00:00\",\"dateModified\":\"2025-08-13T05:36:35+00:00\",\"description\":\"Fitness massaa\u017eirull on usaldusv\u00e4\u00e4rne j\u00f5udlust\u00f6\u00f6riist liikuvuse, liikumisulatuse, tasakaalu ja k\u00f5nni parandamiseks. See on spetsiaalselt loodud sihi...\",\"breadcrumb\":{\"@id\":\"https:\\\/\\\/fit360.ee\\\/en\\\/pood\\\/training-equipment-en\\\/massage-rollers-en\\\/power-system-massaazirull\\\/#breadcrumb\"},\"inLanguage\":\"en-US\",\"potentialAction\":[{\"@type\":\"ReadAction\",\"target\":[\"https:\\\/\\\/fit360.ee\\\/en\\\/pood\\\/training-equipment-en\\\/massage-rollers-en\\\/power-system-massaazirull\\\/\"]}]},{\"@type\":\"ImageObject\",\"inLanguage\":\"en-US\",\"@id\":\"https:\\\/\\\/fit360.ee\\\/en\\\/pood\\\/training-equipment-en\\\/massage-rollers-en\\\/power-system-massaazirull\\\/#primaryimage\",\"url\":\"https:\\\/\\\/fit360.ee\\\/wp-content\\\/uploads\\\/2023\\\/10\\\/massaazirull-fit360.ee_.jpg\",\"contentUrl\":\"https:\\\/\\\/fit360.ee\\\/wp-content\\\/uploads\\\/2023\\\/10\\\/massaazirull-fit360.ee_.jpg\",\"width\":912,\"height\":1000,\"caption\":\"massaazirull - fit360.ee\"},{\"@type\":\"BreadcrumbList\",\"@id\":\"https:\\\/\\\/fit360.ee\\\/en\\\/pood\\\/training-equipment-en\\\/massage-rollers-en\\\/power-system-massaazirull\\\/#breadcrumb\",\"itemListElement\":[{\"@type\":\"ListItem\",\"position\":1,\"name\":\"Home\",\"item\":\"https:\\\/\\\/fit360.ee\\\/en\\\/\"},{\"@type\":\"ListItem\",\"position\":2,\"name\":\"Shop\",\"item\":\"https:\\\/\\\/fit360.ee\\\/en\\\/shop\\\/\"},{\"@type\":\"ListItem\",\"position\":3,\"name\":\"POWER SYSTEM Massaa\u017eirull\"}]},{\"@type\":\"WebSite\",\"@id\":\"https:\\\/\\\/fit360.ee\\\/en\\\/#website\",\"url\":\"https:\\\/\\\/fit360.ee\\\/en\\\/\",\"name\":\"Fit360\",\"description\":\"\",\"publisher\":{\"@id\":\"https:\\\/\\\/fit360.ee\\\/en\\\/#organization\"},\"potentialAction\":[{\"@type\":\"SearchAction\",\"target\":{\"@type\":\"EntryPoint\",\"urlTemplate\":\"https:\\\/\\\/fit360.ee\\\/en\\\/?s={search_term_string}\"},\"query-input\":{\"@type\":\"PropertyValueSpecification\",\"valueRequired\":true,\"valueName\":\"search_term_string\"}}],\"inLanguage\":\"en-US\"},{\"@type\":\"Organization\",\"@id\":\"https:\\\/\\\/fit360.ee\\\/en\\\/#organization\",\"name\":\"Fit360\",\"url\":\"https:\\\/\\\/fit360.ee\\\/en\\\/\",\"logo\":{\"@type\":\"ImageObject\",\"inLanguage\":\"en-US\",\"@id\":\"https:\\\/\\\/fit360.ee\\\/en\\\/#\\\/schema\\\/logo\\\/image\\\/\",\"url\":\"https:\\\/\\\/fit360.ee\\\/wp-content\\\/uploads\\\/2017\\\/01\\\/logo-fit360.png\",\"contentUrl\":\"https:\\\/\\\/fit360.ee\\\/wp-content\\\/uploads\\\/2017\\\/01\\\/logo-fit360.png\",\"width\":180,\"height\":66,\"caption\":\"Fit360\"},\"image\":{\"@id\":\"https:\\\/\\\/fit360.ee\\\/en\\\/#\\\/schema\\\/logo\\\/image\\\/\"}}]}<\/script>\n<!-- \/ Yoast SEO plugin. -->","yoast_head_json":{"title":"POWER SYSTEM Massaa\u017eirull - Foam Roller - Kiire Tarne - Fit360","description":"Fitness massaa\u017eirull on usaldusv\u00e4\u00e4rne j\u00f5udlust\u00f6\u00f6riist liikuvuse, liikumisulatuse, tasakaalu ja k\u00f5nni parandamiseks. See on spetsiaalselt loodud sihi...","robots":{"index":"index","follow":"follow","max-snippet":"max-snippet:-1","max-image-preview":"max-image-preview:large","max-video-preview":"max-video-preview:-1"},"canonical":"https:\/\/fit360.ee\/en\/pood\/training-equipment-en\/massage-rollers-en\/power-system-massaazirull\/","og_locale":"en_US","og_type":"article","og_title":"POWER SYSTEM Massaa\u017eirull - Foam Roller - Kiire Tarne - Fit360","og_description":"Fitness massaa\u017eirull on usaldusv\u00e4\u00e4rne j\u00f5udlust\u00f6\u00f6riist liikuvuse, liikumisulatuse, tasakaalu ja k\u00f5nni parandamiseks. See on spetsiaalselt loodud sihi...","og_url":"https:\/\/fit360.ee\/en\/pood\/training-equipment-en\/massage-rollers-en\/power-system-massaazirull\/","og_site_name":"Fit360","article_modified_time":"2025-08-13T05:36:35+00:00","og_image":[{"width":912,"height":1000,"url":"https:\/\/fit360.ee\/wp-content\/uploads\/2023\/10\/massaazirull-fit360.ee_.jpg","type":"image\/jpeg"}],"twitter_card":"summary_large_image","twitter_misc":{"Est. reading time":"1 minute"},"schema":{"@context":"https:\/\/schema.org","@graph":[{"@type":"WebPage","@id":"https:\/\/fit360.ee\/en\/pood\/training-equipment-en\/massage-rollers-en\/power-system-massaazirull\/","url":"https:\/\/fit360.ee\/en\/pood\/training-equipment-en\/massage-rollers-en\/power-system-massaazirull\/","name":"POWER SYSTEM Massaa\u017eirull - Foam Roller - Kiire Tarne - Fit360","isPartOf":{"@id":"https:\/\/fit360.ee\/en\/#website"},"primaryImageOfPage":{"@id":"https:\/\/fit360.ee\/en\/pood\/training-equipment-en\/massage-rollers-en\/power-system-massaazirull\/#primaryimage"},"image":{"@id":"https:\/\/fit360.ee\/en\/pood\/training-equipment-en\/massage-rollers-en\/power-system-massaazirull\/#primaryimage"},"thumbnailUrl":"https:\/\/fit360.ee\/wp-content\/uploads\/2023\/10\/massaazirull-fit360.ee_.jpg","datePublished":"2023-10-02T13:11:00+00:00","dateModified":"2025-08-13T05:36:35+00:00","description":"Fitness massaa\u017eirull on usaldusv\u00e4\u00e4rne j\u00f5udlust\u00f6\u00f6riist liikuvuse, liikumisulatuse, tasakaalu ja k\u00f5nni parandamiseks. See on spetsiaalselt loodud sihi...","breadcrumb":{"@id":"https:\/\/fit360.ee\/en\/pood\/training-equipment-en\/massage-rollers-en\/power-system-massaazirull\/#breadcrumb"},"inLanguage":"en-US","potentialAction":[{"@type":"ReadAction","target":["https:\/\/fit360.ee\/en\/pood\/training-equipment-en\/massage-rollers-en\/power-system-massaazirull\/"]}]},{"@type":"ImageObject","inLanguage":"en-US","@id":"https:\/\/fit360.ee\/en\/pood\/training-equipment-en\/massage-rollers-en\/power-system-massaazirull\/#primaryimage","url":"https:\/\/fit360.ee\/wp-content\/uploads\/2023\/10\/massaazirull-fit360.ee_.jpg","contentUrl":"https:\/\/fit360.ee\/wp-content\/uploads\/2023\/10\/massaazirull-fit360.ee_.jpg","width":912,"height":1000,"caption":"massaazirull - fit360.ee"},{"@type":"BreadcrumbList","@id":"https:\/\/fit360.ee\/en\/pood\/training-equipment-en\/massage-rollers-en\/power-system-massaazirull\/#breadcrumb","itemListElement":[{"@type":"ListItem","position":1,"name":"Home","item":"https:\/\/fit360.ee\/en\/"},{"@type":"ListItem","position":2,"name":"Shop","item":"https:\/\/fit360.ee\/en\/shop\/"},{"@type":"ListItem","position":3,"name":"POWER SYSTEM Massaa\u017eirull"}]},{"@type":"WebSite","@id":"https:\/\/fit360.ee\/en\/#website","url":"https:\/\/fit360.ee\/en\/","name":"Fit360","description":"","publisher":{"@id":"https:\/\/fit360.ee\/en\/#organization"},"potentialAction":[{"@type":"SearchAction","target":{"@type":"EntryPoint","urlTemplate":"https:\/\/fit360.ee\/en\/?s={search_term_string}"},"query-input":{"@type":"PropertyValueSpecification","valueRequired":true,"valueName":"search_term_string"}}],"inLanguage":"en-US"},{"@type":"Organization","@id":"https:\/\/fit360.ee\/en\/#organization","name":"Fit360","url":"https:\/\/fit360.ee\/en\/","logo":{"@type":"ImageObject","inLanguage":"en-US","@id":"https:\/\/fit360.ee\/en\/#\/schema\/logo\/image\/","url":"https:\/\/fit360.ee\/wp-content\/uploads\/2017\/01\/logo-fit360.png","contentUrl":"https:\/\/fit360.ee\/wp-content\/uploads\/2017\/01\/logo-fit360.png","width":180,"height":66,"caption":"Fit360"},"image":{"@id":"https:\/\/fit360.ee\/en\/#\/schema\/logo\/image\/"}}]}},"_links":{"self":[{"href":"https:\/\/fit360.ee\/en\/wp-json\/wp\/v2\/product\/73969","targetHints":{"allow":["GET"]}}],"collection":[{"href":"https:\/\/fit360.ee\/en\/wp-json\/wp\/v2\/product"}],"about":[{"href":"https:\/\/fit360.ee\/en\/wp-json\/wp\/v2\/types\/product"}],"replies":[{"embeddable":true,"href":"https:\/\/fit360.ee\/en\/wp-json\/wp\/v2\/comments?post=73969"}],"wp:featuredmedia":[{"embeddable":true,"href":"https:\/\/fit360.ee\/en\/wp-json\/wp\/v2\/media\/73961"}],"wp:attachment":[{"href":"https:\/\/fit360.ee\/en\/wp-json\/wp\/v2\/media?parent=73969"}],"wp:term":[{"taxonomy":"product_brand","embeddable":true,"href":"https:\/\/fit360.ee\/en\/wp-json\/wp\/v2\/product_brand?post=73969"},{"taxonomy":"product_cat","embeddable":true,"href":"https:\/\/fit360.ee\/en\/wp-json\/wp\/v2\/product_cat?post=73969"},{"taxonomy":"product_tag","embeddable":true,"href":"https:\/\/fit360.ee\/en\/wp-json\/wp\/v2\/product_tag?post=73969"},{"taxonomy":"giftcard-category","embeddable":true,"href":"https:\/\/fit360.ee\/en\/wp-json\/wp\/v2\/giftcard-category?post=73969"}],"curies":[{"name":"wp","href":"https:\/\/api.w.org\/{rel}","templated":true}]}}