{"id":74422,"date":"2023-10-25T11:25:55","date_gmt":"2023-10-25T09:25:55","guid":{"rendered":"https:\/\/fit360.ee\/pood\/uncategorized\/marine-collagen-hyaluronic-acid-vitamin-c-5g-x-30tk\/"},"modified":"2026-04-10T16:41:21","modified_gmt":"2026-04-10T14:41:21","slug":"marine-collagen-hyaluronic-acid-vitamin-c-5g-x-30tk","status":"publish","type":"product","link":"https:\/\/fit360.ee\/en\/pood\/product-groups\/vitamins-and-minerals-en\/c-vitamin-en\/marine-collagen-hyaluronic-acid-vitamin-c-5g-x-30tk\/","title":{"rendered":"Marine Collagen + Hyaluronic Acid + Vitamin C 5g x 30tk"},"content":{"rendered":"<h2><strong>OstroVit Marine Collagen + Hyaluronic Acid + Vitamin C\u00a0<\/strong><\/h2>\n<p class=\"cm__text --bold\">OstroVit Marine Collagen + Hyaluronic Acid + Vitamin C on kvaliteetne pulbriline toidulisand, mis on pakendatud \u00fcksikutesse mugavatesse kotikestesse. Tegemist on preparaadiga, mis sisaldab merelist I t\u00fc\u00fcpi kollageeni, mida iseloomustab suurep\u00e4rane imendumine inimkehas, aga ka v\u00e4\u00e4rtuslikke koostisosi nagu h\u00fcaluroonhape, C-vitamiin, tsink ja biotiin.\u00a0See on toode, mis on m\u00f5eldud inimestele, kes hoolivad ilusast ja tervest v\u00e4limusest, aga ka sportlastele.<\/p>\n<ul class=\"cm__list\">\n<li><strong>H\u00fcdrol\u00fc\u00fcsitud kalakollageeni peptiidide allikas<\/strong>\u00a0\u2013 \u00fcks toidulisandi portsjon sisaldab 4600 mg I t\u00fc\u00fcpi mere kollageeni.<\/li>\n<li><strong>Toimeainete rikkus<\/strong>\u00a0\u2013 kotike preparaadiga varustab organismi 40 mg h\u00fcaluroonhapet, 80 mg C-vitamiini, 15 mg tsinki ja 2500 ug biotiini.<\/li>\n<li><strong>1 kotike = 1 portsjon<\/strong>\u00a0.<\/li>\n<li><strong>Mugav vorm<\/strong>\u00a0\u2013 lihtsalt sega tootepakendi sisu veega ja ongi valmis!<\/li>\n<li>Mango ja ananassi\u00a0maitsev\u00a0<strong>puuviljamaitse .<\/strong><\/li>\n<li><strong>Ei ole lisatud suhkrut<\/strong>\u00a0\u2013 toode sisaldab madala energiasisaldusega magusaineid nagu sukraloos ja atsesulfaam K, mis aitavad kaasa dieedi energiasisalduse v\u00e4hendamisele.<\/li>\n<\/ul>\n<h4 class=\"cm__heading\"><strong>OstroVit Marine Collagen + H\u00fcaluroonhape + C-vitamiin \u2013 toidulisandi koostisosad<\/strong><\/h4>\n<p class=\"cm__text\"><strong>Kollageen<\/strong>\u00a0on \u00fcks peamisi keha ehitusvalke, mis on looduslik pol\u00fcmeer ja loomorganismide rakkudevahelise aine oluline komponent.\u00a0Kuna kollageeni tase organismis vananedes v\u00e4heneb loomulike vananemisprotsesside tulemusena, tasub \u00fchendiga organismi varustada ka v\u00e4ljastpoolt \u2013 kollageeni esineb muuhulgas luudes v\u00f5i loomak\u00f5\u00f5lustes ning on saadaval ka toidulisandite kujul.\u00a0OstroVit Marine Collagen + H\u00fcaluroonhape + Vitamin C Box koostises kasutatav merekollageen on h\u00fcdrol\u00fc\u00fcsitud kalakollageeni peptiidide allikas, mille struktuur meenutab inimese kollageeni.\u00a0See aga muudab aine inimkehas suurep\u00e4raselt imenduvaks.<\/p>\n<p><strong>H\u00fcaluroonhape<\/strong>\u00a0on orgaaniline keemiline \u00fchend \u2013 pol\u00fcsahhariid gl\u00fckoosaminogl\u00fckaanide r\u00fchmast.\u00a0See on aine, mida leidub k\u00f5igis elusorganismides ja inimkehas, mis on osa p\u00e4risnaha rakkudevahelisest maatriksist ja on s\u00fcnoviaalvedeliku p\u00f5hikomponent.\u00a0Vanusega h\u00fcaluroonhappe sisaldus organismis v\u00e4heneb \u2013 siis v\u00f5ib hea lahendus olla \u00fchendi v\u00e4ljastpoolt organismi viimine.<\/p>\n<p><strong>C-vitamiin<\/strong>\u00a0, tuntud ka kui askorbiinhape, on oluline orgaaniline keemiline \u00fchend, mis on klassifitseeritud vees lahustuvateks vitamiinideks.\u00a0Tegemist on eksogeense ainega, mida organism ise s\u00fcnteesida ei suuda, mist\u00f5ttu on vajalik seda \u00fchendit organismile anda koos igap\u00e4evase toiduga v\u00f5i toidulisanditena.<\/p>\n<p><strong>Tsink<\/strong>\u00a0seevastu on \u00fcks olulisi mikroelemente, mida toidus leidub \u2013 seda elementi leidub teraviljatoodetes, kuivatatud kaunviljade seemnetes, seemnetes, aga ka mereandides, aga ka toidulisanditena.<\/p>\n<p><strong>Biotiin<\/strong>\u00a0\u2013 B-vitamiin, mis on klassifitseeritud vees lahustuvateks \u00fchenditeks.\u00a0Seda tuntakse ka kui B7-vitamiini v\u00f5i H-vitamiini. Seda v\u00f5ib leida sellistes toiduainetes nagu p\u00e4rm, sojaoad ja munakollane.<\/p>\n<h4><strong>OstroVit Marine Collagen + h\u00fcaluroonhape + C-vitamiin sisalduvate koostisosade omadused<\/strong>:<\/h4>\n<ul>\n<li><strong>Valemis kasutatav C-vitamiin<\/strong>\u00a0aitab\u00a0kaasa kollageeni \u00f5igele tootmisele, et tagada luude, k\u00f5hrede ja naha n\u00f5uetekohane toimimine, samuti aitab kaasa normaalse energiavahetuse s\u00e4ilitamisele.\u00a0Lisaks aitab koostisaine v\u00e4hendada v\u00e4simus- ja v\u00e4simustunnet ning aitab kaasa n\u00e4rvi- ja immuuns\u00fcsteemi korralikule talitlusele.<\/li>\n<li>Toidulisandis sisalduv tsink aitab s\u00e4ilitada \u00f5iget happe-aluse tasakaalu ja kognitiivseid funktsioone, samuti aitab s\u00e4ilitada terve\u00a0<strong>naha<\/strong>\u00a0, juuste ja k\u00fc\u00fcnte ning toetab immuuns\u00fcsteemi n\u00f5uetekohast talitlust.<\/li>\n<li>Tootes kasutatav biotiin\u00a0aitab kaasa n\u00e4rvis\u00fcsteemi \u00f5igele talitlusele ning aitab kaasa makrotoitainete \u00f5ige ainevahetuse s\u00e4ilimisele, lisaks aitab see hoida terveid juukseid ja nahka\u00a0<strong>.<\/strong><\/li>\n<\/ul>\n<p><strong>Koostisosad<\/strong>: <strong>Kala<\/strong>\u00a0kollageeni peptiidid (h\u00fcdrol\u00fc\u00fcsitud), L-askorbiinhape (C-vitamiin), happesuse regulaator: sidrunhape;\u00a0tsinkpikolinaat (tsink), l\u00f5hna- ja maitseained, h\u00fcaluroonhape (naatriumh\u00fcaluronaat), magusained: sukraloos, atsesulfaam K;\u00a0D-biotiin (biotiin), v\u00e4rvus: karoteenid.<\/p>\n<p><strong>Kasutamine<\/strong>: Sega kotikese sisu \u0161eikeris 100-150 ml vees.\u00a0Tarbi \u00fcks kord p\u00e4evas.\u00a0Toode on m\u00f5eldud t\u00e4iskasvanutele.<\/p>\n<p><strong>Suurus<\/strong>: 30 x 5g<\/p>\n<p><strong>Maitse<\/strong>: Mango-Ananass<\/p>\n<table>\n<tbody>\n<tr>\n<th>Aktiivsed koostisosad<\/th>\n<th>portsjoni kohta<\/th>\n<th>% SPK*<\/th>\n<\/tr>\n<tr>\n<td>Kala kollageeni peptiidid (h\u00fcdrol\u00fc\u00fcsitud)<\/td>\n<td>4600 mg<\/td>\n<td>&#8211;<\/td>\n<\/tr>\n<tr>\n<td>H\u00fcaluroonhape (naatriumh\u00fcaluronaat)<\/td>\n<td>40 mg<\/td>\n<td>&#8211;<\/td>\n<\/tr>\n<tr>\n<td>C-vitamiin<\/td>\n<td>80 mg<\/td>\n<td>100%<\/td>\n<\/tr>\n<tr>\n<td>Tsink<\/td>\n<td>15 mg<\/td>\n<td>150%<\/td>\n<\/tr>\n<tr>\n<td>Biotiin<\/td>\n<td>2500 \u03bcg<\/td>\n<td>5000%<\/td>\n<\/tr>\n<\/tbody>\n<\/table>\n<p>*SPK \u2013 Soovitatud p\u00e4evane kogus.<\/p>\n<p>Vaata ka meie teisi Kollageene <a href=\"https:\/\/fit360.ee\/en\/product-category\/product-groups\/collagen-en\/\"><strong>SIIT<\/strong><\/a> v\u00f5i toidulisandeid Liigestele <a href=\"https:\/\/fit360.ee\/en\/product-category\/product-groups\/joint-support-en\/\"><strong>SIIT<\/strong><\/a>!<\/p>\n<p>Soovid kaupa osta suuremas koguses? Vaata antud toodet ka meie HULGI poest\u00a0<a href=\"https:\/\/toidulisandidhulgi.ee\/tooted\/marine-collagen-hyaluronic-acid-vitamin-c-5g-x-30tk\/\"><strong>SIIT<\/strong><\/a>!<\/p>\n","protected":false},"excerpt":{"rendered":"<ul class=\"cm__list\">\n<li><strong>H\u00fcdrol\u00fc\u00fcsitud kalakollageeni peptiidide allikas<\/strong>\u00a0\u2013 \u00fcks toidulisandi portsjon sisaldab 4600 mg I t\u00fc\u00fcpi mere kollageeni.<\/li>\n<li>Toimeainete rikkus\u00a0\u2013 kotike preparaadiga varustab organismi 40 mg h\u00fcaluroonhapet, 80 mg C-vitamiini, 15 mg tsinki ja 2500 ug biotiini.<\/li>\n<li>1 kotike = 1 portsjon\u00a0.<\/li>\n<li><strong>Mugav vorm<\/strong>\u00a0\u2013 lihtsalt sega tootepakendi sisu veega ja ongi valmis!<\/li>\n<li>Mango ja ananassi\u00a0maitsev\u00a0<strong>puuviljamaitse .<\/strong><\/li>\n<li><strong>Ei ole lisatud suhkrut<\/strong><\/li>\n<\/ul>\n","protected":false},"featured_media":74417,"comment_status":"closed","ping_status":"closed","template":"","meta":[],"product_brand":[],"product_cat":[1911,1636,5317,527,1329,536],"product_tag":[3584,3923,3924,1924],"giftcard-category":[],"class_list":{"0":"post-74422","1":"product","2":"type-product","3":"status-publish","4":"has-post-thumbnail","6":"product_cat-c-vitamin-en","7":"product_cat-collagen-en","8":"product_cat-hyaluronic-acid-en","9":"product_cat-joint-support-en","10":"product_cat-ostrovit-en","11":"product_cat-vitamins-and-minerals-en","12":"product_tag-hyaluronic-acid-en","13":"product_tag-marine-collagen-en","14":"product_tag-merekollageen-en","15":"product_tag-ostrovit-en","16":"pa_kogus-150g-en","17":"pa_toidulisand-branddd-ostrovit","18":"pa_tootegruppp-c-vitamiin-en","19":"pa_tootegruppp-for-joints","20":"pa_tootegruppp-hualuroonhape-en","21":"pa_tootegruppp-kollageenid-en","22":"pa_tootegruppp-vitamins-and-minerals","24":"first","25":"outofstock","26":"sale","27":"taxable","28":"shipping-taxable","29":"purchasable","30":"product-type-simple"},"yoast_head":"<!-- This site is optimized with the Yoast SEO plugin v27.3 - https:\/\/yoast.com\/product\/yoast-seo-wordpress\/ -->\n<title>Marine Collagen + Hyaluronic Acid + Vitamin C 5g x 30tk - Fit360<\/title>\n<meta name=\"description\" content=\"Marine Collagen + Hyaluronic Acid + Vitamin C on kvaliteetne pulbriline toidulisand, mis on pakendatud \u00fcksikutesse mugavatesse kotikestesse. Kiire Tarne!\" \/>\n<meta name=\"robots\" content=\"index, follow, max-snippet:-1, max-image-preview:large, max-video-preview:-1\" \/>\n<link rel=\"canonical\" href=\"https:\/\/fit360.ee\/en\/pood\/product-groups\/vitamins-and-minerals-en\/c-vitamin-en\/marine-collagen-hyaluronic-acid-vitamin-c-5g-x-30tk\/\" \/>\n<meta property=\"og:locale\" content=\"en_US\" \/>\n<meta property=\"og:type\" content=\"article\" \/>\n<meta property=\"og:title\" content=\"Marine Collagen + Hyaluronic Acid + Vitamin C 5g x 30tk - Fit360\" \/>\n<meta property=\"og:description\" content=\"Marine Collagen + Hyaluronic Acid + Vitamin C on kvaliteetne pulbriline toidulisand, mis on pakendatud \u00fcksikutesse mugavatesse kotikestesse. Kiire Tarne!\" \/>\n<meta property=\"og:url\" content=\"https:\/\/fit360.ee\/en\/pood\/product-groups\/vitamins-and-minerals-en\/c-vitamin-en\/marine-collagen-hyaluronic-acid-vitamin-c-5g-x-30tk\/\" \/>\n<meta property=\"og:site_name\" content=\"Fit360\" \/>\n<meta property=\"article:modified_time\" content=\"2026-04-10T14:41:21+00:00\" \/>\n<meta property=\"og:image\" content=\"https:\/\/fit360.ee\/wp-content\/uploads\/2023\/10\/marine-collagen-hyaluronic-acid-c-vitamin-fit360.ee_.jpg\" \/>\n\t<meta property=\"og:image:width\" content=\"450\" \/>\n\t<meta property=\"og:image:height\" content=\"450\" \/>\n\t<meta property=\"og:image:type\" content=\"image\/jpeg\" \/>\n<meta name=\"twitter:card\" content=\"summary_large_image\" \/>\n<meta name=\"twitter:label1\" content=\"Est. reading time\" \/>\n\t<meta name=\"twitter:data1\" content=\"3 minutes\" \/>\n<script type=\"application\/ld+json\" class=\"yoast-schema-graph\">{\"@context\":\"https:\\\/\\\/schema.org\",\"@graph\":[{\"@type\":\"WebPage\",\"@id\":\"https:\\\/\\\/fit360.ee\\\/en\\\/pood\\\/product-groups\\\/vitamins-and-minerals-en\\\/c-vitamin-en\\\/marine-collagen-hyaluronic-acid-vitamin-c-5g-x-30tk\\\/\",\"url\":\"https:\\\/\\\/fit360.ee\\\/en\\\/pood\\\/product-groups\\\/vitamins-and-minerals-en\\\/c-vitamin-en\\\/marine-collagen-hyaluronic-acid-vitamin-c-5g-x-30tk\\\/\",\"name\":\"Marine Collagen + Hyaluronic Acid + Vitamin C 5g x 30tk - Fit360\",\"isPartOf\":{\"@id\":\"https:\\\/\\\/fit360.ee\\\/en\\\/#website\"},\"primaryImageOfPage\":{\"@id\":\"https:\\\/\\\/fit360.ee\\\/en\\\/pood\\\/product-groups\\\/vitamins-and-minerals-en\\\/c-vitamin-en\\\/marine-collagen-hyaluronic-acid-vitamin-c-5g-x-30tk\\\/#primaryimage\"},\"image\":{\"@id\":\"https:\\\/\\\/fit360.ee\\\/en\\\/pood\\\/product-groups\\\/vitamins-and-minerals-en\\\/c-vitamin-en\\\/marine-collagen-hyaluronic-acid-vitamin-c-5g-x-30tk\\\/#primaryimage\"},\"thumbnailUrl\":\"https:\\\/\\\/fit360.ee\\\/wp-content\\\/uploads\\\/2023\\\/10\\\/marine-collagen-hyaluronic-acid-c-vitamin-fit360.ee_.jpg\",\"datePublished\":\"2023-10-25T09:25:55+00:00\",\"dateModified\":\"2026-04-10T14:41:21+00:00\",\"description\":\"Marine Collagen + Hyaluronic Acid + Vitamin C on kvaliteetne pulbriline toidulisand, mis on pakendatud \u00fcksikutesse mugavatesse kotikestesse. Kiire Tarne!\",\"breadcrumb\":{\"@id\":\"https:\\\/\\\/fit360.ee\\\/en\\\/pood\\\/product-groups\\\/vitamins-and-minerals-en\\\/c-vitamin-en\\\/marine-collagen-hyaluronic-acid-vitamin-c-5g-x-30tk\\\/#breadcrumb\"},\"inLanguage\":\"en-US\",\"potentialAction\":[{\"@type\":\"ReadAction\",\"target\":[\"https:\\\/\\\/fit360.ee\\\/en\\\/pood\\\/product-groups\\\/vitamins-and-minerals-en\\\/c-vitamin-en\\\/marine-collagen-hyaluronic-acid-vitamin-c-5g-x-30tk\\\/\"]}]},{\"@type\":\"ImageObject\",\"inLanguage\":\"en-US\",\"@id\":\"https:\\\/\\\/fit360.ee\\\/en\\\/pood\\\/product-groups\\\/vitamins-and-minerals-en\\\/c-vitamin-en\\\/marine-collagen-hyaluronic-acid-vitamin-c-5g-x-30tk\\\/#primaryimage\",\"url\":\"https:\\\/\\\/fit360.ee\\\/wp-content\\\/uploads\\\/2023\\\/10\\\/marine-collagen-hyaluronic-acid-c-vitamin-fit360.ee_.jpg\",\"contentUrl\":\"https:\\\/\\\/fit360.ee\\\/wp-content\\\/uploads\\\/2023\\\/10\\\/marine-collagen-hyaluronic-acid-c-vitamin-fit360.ee_.jpg\",\"width\":450,\"height\":450,\"caption\":\"marine collagen + hyaluronic acid + c vitamin - fit360.ee\"},{\"@type\":\"BreadcrumbList\",\"@id\":\"https:\\\/\\\/fit360.ee\\\/en\\\/pood\\\/product-groups\\\/vitamins-and-minerals-en\\\/c-vitamin-en\\\/marine-collagen-hyaluronic-acid-vitamin-c-5g-x-30tk\\\/#breadcrumb\",\"itemListElement\":[{\"@type\":\"ListItem\",\"position\":1,\"name\":\"Home\",\"item\":\"https:\\\/\\\/fit360.ee\\\/en\\\/\"},{\"@type\":\"ListItem\",\"position\":2,\"name\":\"Shop\",\"item\":\"https:\\\/\\\/fit360.ee\\\/en\\\/shop\\\/\"},{\"@type\":\"ListItem\",\"position\":3,\"name\":\"Marine Collagen + Hyaluronic Acid + Vitamin C 5g x 30tk\"}]},{\"@type\":\"WebSite\",\"@id\":\"https:\\\/\\\/fit360.ee\\\/en\\\/#website\",\"url\":\"https:\\\/\\\/fit360.ee\\\/en\\\/\",\"name\":\"Fit360\",\"description\":\"\",\"publisher\":{\"@id\":\"https:\\\/\\\/fit360.ee\\\/en\\\/#organization\"},\"potentialAction\":[{\"@type\":\"SearchAction\",\"target\":{\"@type\":\"EntryPoint\",\"urlTemplate\":\"https:\\\/\\\/fit360.ee\\\/en\\\/?s={search_term_string}\"},\"query-input\":{\"@type\":\"PropertyValueSpecification\",\"valueRequired\":true,\"valueName\":\"search_term_string\"}}],\"inLanguage\":\"en-US\"},{\"@type\":\"Organization\",\"@id\":\"https:\\\/\\\/fit360.ee\\\/en\\\/#organization\",\"name\":\"Fit360\",\"url\":\"https:\\\/\\\/fit360.ee\\\/en\\\/\",\"logo\":{\"@type\":\"ImageObject\",\"inLanguage\":\"en-US\",\"@id\":\"https:\\\/\\\/fit360.ee\\\/en\\\/#\\\/schema\\\/logo\\\/image\\\/\",\"url\":\"https:\\\/\\\/fit360.ee\\\/wp-content\\\/uploads\\\/2017\\\/01\\\/logo-fit360.png\",\"contentUrl\":\"https:\\\/\\\/fit360.ee\\\/wp-content\\\/uploads\\\/2017\\\/01\\\/logo-fit360.png\",\"width\":180,\"height\":66,\"caption\":\"Fit360\"},\"image\":{\"@id\":\"https:\\\/\\\/fit360.ee\\\/en\\\/#\\\/schema\\\/logo\\\/image\\\/\"}}]}<\/script>\n<!-- \/ Yoast SEO plugin. -->","yoast_head_json":{"title":"Marine Collagen + Hyaluronic Acid + Vitamin C 5g x 30tk - Fit360","description":"Marine Collagen + Hyaluronic Acid + Vitamin C on kvaliteetne pulbriline toidulisand, mis on pakendatud \u00fcksikutesse mugavatesse kotikestesse. Kiire Tarne!","robots":{"index":"index","follow":"follow","max-snippet":"max-snippet:-1","max-image-preview":"max-image-preview:large","max-video-preview":"max-video-preview:-1"},"canonical":"https:\/\/fit360.ee\/en\/pood\/product-groups\/vitamins-and-minerals-en\/c-vitamin-en\/marine-collagen-hyaluronic-acid-vitamin-c-5g-x-30tk\/","og_locale":"en_US","og_type":"article","og_title":"Marine Collagen + Hyaluronic Acid + Vitamin C 5g x 30tk - Fit360","og_description":"Marine Collagen + Hyaluronic Acid + Vitamin C on kvaliteetne pulbriline toidulisand, mis on pakendatud \u00fcksikutesse mugavatesse kotikestesse. Kiire Tarne!","og_url":"https:\/\/fit360.ee\/en\/pood\/product-groups\/vitamins-and-minerals-en\/c-vitamin-en\/marine-collagen-hyaluronic-acid-vitamin-c-5g-x-30tk\/","og_site_name":"Fit360","article_modified_time":"2026-04-10T14:41:21+00:00","og_image":[{"width":450,"height":450,"url":"https:\/\/fit360.ee\/wp-content\/uploads\/2023\/10\/marine-collagen-hyaluronic-acid-c-vitamin-fit360.ee_.jpg","type":"image\/jpeg"}],"twitter_card":"summary_large_image","twitter_misc":{"Est. reading time":"3 minutes"},"schema":{"@context":"https:\/\/schema.org","@graph":[{"@type":"WebPage","@id":"https:\/\/fit360.ee\/en\/pood\/product-groups\/vitamins-and-minerals-en\/c-vitamin-en\/marine-collagen-hyaluronic-acid-vitamin-c-5g-x-30tk\/","url":"https:\/\/fit360.ee\/en\/pood\/product-groups\/vitamins-and-minerals-en\/c-vitamin-en\/marine-collagen-hyaluronic-acid-vitamin-c-5g-x-30tk\/","name":"Marine Collagen + Hyaluronic Acid + Vitamin C 5g x 30tk - Fit360","isPartOf":{"@id":"https:\/\/fit360.ee\/en\/#website"},"primaryImageOfPage":{"@id":"https:\/\/fit360.ee\/en\/pood\/product-groups\/vitamins-and-minerals-en\/c-vitamin-en\/marine-collagen-hyaluronic-acid-vitamin-c-5g-x-30tk\/#primaryimage"},"image":{"@id":"https:\/\/fit360.ee\/en\/pood\/product-groups\/vitamins-and-minerals-en\/c-vitamin-en\/marine-collagen-hyaluronic-acid-vitamin-c-5g-x-30tk\/#primaryimage"},"thumbnailUrl":"https:\/\/fit360.ee\/wp-content\/uploads\/2023\/10\/marine-collagen-hyaluronic-acid-c-vitamin-fit360.ee_.jpg","datePublished":"2023-10-25T09:25:55+00:00","dateModified":"2026-04-10T14:41:21+00:00","description":"Marine Collagen + Hyaluronic Acid + Vitamin C on kvaliteetne pulbriline toidulisand, mis on pakendatud \u00fcksikutesse mugavatesse kotikestesse. Kiire Tarne!","breadcrumb":{"@id":"https:\/\/fit360.ee\/en\/pood\/product-groups\/vitamins-and-minerals-en\/c-vitamin-en\/marine-collagen-hyaluronic-acid-vitamin-c-5g-x-30tk\/#breadcrumb"},"inLanguage":"en-US","potentialAction":[{"@type":"ReadAction","target":["https:\/\/fit360.ee\/en\/pood\/product-groups\/vitamins-and-minerals-en\/c-vitamin-en\/marine-collagen-hyaluronic-acid-vitamin-c-5g-x-30tk\/"]}]},{"@type":"ImageObject","inLanguage":"en-US","@id":"https:\/\/fit360.ee\/en\/pood\/product-groups\/vitamins-and-minerals-en\/c-vitamin-en\/marine-collagen-hyaluronic-acid-vitamin-c-5g-x-30tk\/#primaryimage","url":"https:\/\/fit360.ee\/wp-content\/uploads\/2023\/10\/marine-collagen-hyaluronic-acid-c-vitamin-fit360.ee_.jpg","contentUrl":"https:\/\/fit360.ee\/wp-content\/uploads\/2023\/10\/marine-collagen-hyaluronic-acid-c-vitamin-fit360.ee_.jpg","width":450,"height":450,"caption":"marine collagen + hyaluronic acid + c vitamin - fit360.ee"},{"@type":"BreadcrumbList","@id":"https:\/\/fit360.ee\/en\/pood\/product-groups\/vitamins-and-minerals-en\/c-vitamin-en\/marine-collagen-hyaluronic-acid-vitamin-c-5g-x-30tk\/#breadcrumb","itemListElement":[{"@type":"ListItem","position":1,"name":"Home","item":"https:\/\/fit360.ee\/en\/"},{"@type":"ListItem","position":2,"name":"Shop","item":"https:\/\/fit360.ee\/en\/shop\/"},{"@type":"ListItem","position":3,"name":"Marine Collagen + Hyaluronic Acid + Vitamin C 5g x 30tk"}]},{"@type":"WebSite","@id":"https:\/\/fit360.ee\/en\/#website","url":"https:\/\/fit360.ee\/en\/","name":"Fit360","description":"","publisher":{"@id":"https:\/\/fit360.ee\/en\/#organization"},"potentialAction":[{"@type":"SearchAction","target":{"@type":"EntryPoint","urlTemplate":"https:\/\/fit360.ee\/en\/?s={search_term_string}"},"query-input":{"@type":"PropertyValueSpecification","valueRequired":true,"valueName":"search_term_string"}}],"inLanguage":"en-US"},{"@type":"Organization","@id":"https:\/\/fit360.ee\/en\/#organization","name":"Fit360","url":"https:\/\/fit360.ee\/en\/","logo":{"@type":"ImageObject","inLanguage":"en-US","@id":"https:\/\/fit360.ee\/en\/#\/schema\/logo\/image\/","url":"https:\/\/fit360.ee\/wp-content\/uploads\/2017\/01\/logo-fit360.png","contentUrl":"https:\/\/fit360.ee\/wp-content\/uploads\/2017\/01\/logo-fit360.png","width":180,"height":66,"caption":"Fit360"},"image":{"@id":"https:\/\/fit360.ee\/en\/#\/schema\/logo\/image\/"}}]}},"_links":{"self":[{"href":"https:\/\/fit360.ee\/en\/wp-json\/wp\/v2\/product\/74422","targetHints":{"allow":["GET"]}}],"collection":[{"href":"https:\/\/fit360.ee\/en\/wp-json\/wp\/v2\/product"}],"about":[{"href":"https:\/\/fit360.ee\/en\/wp-json\/wp\/v2\/types\/product"}],"replies":[{"embeddable":true,"href":"https:\/\/fit360.ee\/en\/wp-json\/wp\/v2\/comments?post=74422"}],"wp:featuredmedia":[{"embeddable":true,"href":"https:\/\/fit360.ee\/en\/wp-json\/wp\/v2\/media\/74417"}],"wp:attachment":[{"href":"https:\/\/fit360.ee\/en\/wp-json\/wp\/v2\/media?parent=74422"}],"wp:term":[{"taxonomy":"product_brand","embeddable":true,"href":"https:\/\/fit360.ee\/en\/wp-json\/wp\/v2\/product_brand?post=74422"},{"taxonomy":"product_cat","embeddable":true,"href":"https:\/\/fit360.ee\/en\/wp-json\/wp\/v2\/product_cat?post=74422"},{"taxonomy":"product_tag","embeddable":true,"href":"https:\/\/fit360.ee\/en\/wp-json\/wp\/v2\/product_tag?post=74422"},{"taxonomy":"giftcard-category","embeddable":true,"href":"https:\/\/fit360.ee\/en\/wp-json\/wp\/v2\/giftcard-category?post=74422"}],"curies":[{"name":"wp","href":"https:\/\/api.w.org\/{rel}","templated":true}]}}