{"id":74426,"date":"2023-10-25T11:36:09","date_gmt":"2023-10-25T09:36:09","guid":{"rendered":"https:\/\/fit360.ee\/pood\/uncategorized\/marine-collagen-hyaluronic-acid-vitamin-c-90tab\/"},"modified":"2026-04-10T16:41:27","modified_gmt":"2026-04-10T14:41:27","slug":"marine-collagen-hyaluronic-acid-vitamin-c-90tab","status":"publish","type":"product","link":"https:\/\/fit360.ee\/en\/pood\/product-groups\/vitamins-and-minerals-en\/c-vitamin-en\/marine-collagen-hyaluronic-acid-vitamin-c-90tab\/","title":{"rendered":"Marine Collagen + Hyaluronic Acid + Vitamin C (90tab)"},"content":{"rendered":"<h2 class=\"projector__name\"><strong>Merekollageen + H\u00fcaluroonhape + Vitamiin C<\/strong><\/h2>\n<section class=\"cm__section\">\n<p class=\"cm__text --bold\">OstroVit Merekollageen + H\u00fcaluroonhape + Vitamiin C on terviklik toidulisand, mis sisaldab kolme v\u00e4\u00e4rtuslikku koostisosa nagu mereline kollageen I t\u00fc\u00fcpi, h\u00fcaluroonhape ja C-vitamiin. Tegemist on kergesti neelatavate tablettidena saadaval oleva preparaadiga, mis on suurep\u00e4rane nii sportlaste kui ka ilusast ja tervest v\u00e4limusest hoolivate inimeste seas.<\/p>\n<ul class=\"cm__list\">\n<li><strong>I t\u00fc\u00fcpi merekollageeni allikas<\/strong>\u00a0\u2013 \u00dcks osa preparaadist sisaldab 2200 mg h\u00fcdrol\u00fc\u00fcsitud kalakollageeni peptiide.<\/li>\n<li><strong>Rikas h\u00fcaluroonhappe ja C-vitamiini poolest<\/strong>\u00a0\u2013 \u00fcks osa toidulisandist annab kehale 120 mg naatriumh\u00fcaluronaati ja 80 mg L-askorbiinhapet.<\/li>\n<li><strong>1 portsjon = 4 tabletti<\/strong>\u00a0.<\/li>\n<li><strong>T\u00f5husus<\/strong>\u00a0\u2013 tootepakendis on 22 portsjonit toidulisandit.<\/li>\n<li><strong>Mugav vorm<\/strong>\u00a0\u2013 kergesti neelatavate tablettide kujul olev preparaat tagab toote t\u00f5rgeteta tarnimise.<\/li>\n<\/ul>\n<h4 class=\"cm__heading\"><strong>OstroVit Marine Collagen + h\u00fcaluroonhape ja C-vitamiin \u2013 v\u00e4\u00e4rtuslike toimeainete allikas<\/strong><\/h4>\n<p><strong>Kollageen<\/strong>\u00a0on \u00fcks peamisi keha ehitusvalke, mis on looduslik pol\u00fcmeer ja loomorganismide rakkudevahelise aine oluline komponent.\u00a0Kuna kollageeni tase organismis vananedes v\u00e4heneb loomulike vananemisprotsesside tulemusena, tasub \u00fchendiga organismi varustada ka v\u00e4ljastpoolt \u2013 Kollageen esineb mh loomade luudes v\u00f5i k\u00f5\u00f5lustes ning on saadaval ka toiduna. toidulisandid.<\/p>\n<p>Preparaadis OstroVit kasutatav I t\u00fc\u00fcpi mereline kollageen\u00a0on h\u00fcdrol\u00fc\u00fcsitud kalakollageeni peptiidide allikas, mille struktuur sarnaneb inimese kollageeniga. See aga muudab aine inimkehas suurep\u00e4raselt imenduvaks.<\/p>\n<p><a href=\"https:\/\/fit360.ee\/en\/pood\/product-groups\/joint-support-en\/hyaluronic-acid-en\/hualuroonhape-hyaluronic-acid-90tabs\/\"><strong>H\u00fcaluroonhape<\/strong><\/a>\u00a0on orgaaniline keemiline \u00fchend, mis on gl\u00fckoosaminogl\u00fckaanide r\u00fchma pol\u00fcsahhariid.\u00a0See on aine, mis esineb k\u00f5igis elusorganismides ja inimkehas on osa p\u00e4risnaha rakkudevahelisest maatriksist ning on s\u00fcnoviaalvedeliku p\u00f5hikomponent.\u00a0Vanusega h\u00fcaluroonhappe sisaldus organismis v\u00e4heneb \u2013 siis v\u00f5ib hea lahendus olla organismile \u00fchendi andmine v\u00e4ljastpoolt.\u00a0OstroVit preparaadis kasutatakse naatriumh\u00fcaluronaati &#8211; H\u00fcaluroonhappe derivaat naatriumsoola kujul ehk organismide seas looduslikult esinev vorm, mis m\u00f5jutab positiivselt \u00fchendi biosaadavust.<\/p>\n<p><strong>C-vitamiin<\/strong>\u00a0, mida nimetatakse ka askorbiinhappeks, on oluline orgaaniline keemiline \u00fchend, mis on klassifitseeritud vees lahustuvateks vitamiinideks.\u00a0Tegemist on eksogeense ainega, mida organism ise s\u00fcnteesida ei suuda, mist\u00f5ttu on vajalik \u00fchend organismile anda v\u00e4ljastpoolt &#8211; koostisosa leidub toidus v\u00e4rskes puu- ja k\u00f6\u00f6giviljas sh.\u00a0paprika, nuikapsas, apelsin v\u00f5i musts\u00f5star, samuti toidulisandites.<\/p>\n<h4 class=\"cm__heading\"><strong>OstroVit Marine Collagen + h\u00fcaluroonhape + C-vitamiin sisalduvate koostisosade omadused<\/strong><\/h4>\n<p>C-vitamiin aitab kaasa kollageeni \u00f5igele tootmisele, et tagada veresoonte, luude, k\u00f5hrede ja igemete, hammaste ja naha n\u00f5uetekohane toimimine.\u00a0Lisaks aitab see kaasa piisavale energiavahetusele ja aitab s\u00e4ilitada optimaalseid ps\u00fchholoogilisi funktsioone.\u00a0L-askorbiinhape toetab ka n\u00e4rvi- ja immuuns\u00fcsteemi n\u00f5uetekohast talitlust ning aitab v\u00e4hendada v\u00e4simust ja kurnatust.\u00a0\u00dchend suurendab raua imendumist, samuti aitab kaasa E-vitamiini redutseeritud vormi taastumisele. C-vitamiin toetab rakkude kaitset oks\u00fcdatiivse stressi eest ja aitab s\u00e4ilitada immuuns\u00fcsteemi n\u00f5uetekohast talitlust intensiivse f\u00fc\u00fcsilise koormuse ajal ja p\u00e4rast seda .<\/p>\n<\/section>\n<section class=\"cm__section\">\n<div class=\"cm__heading\"><strong>Laboratoorselt t\u00f5estatud kvaliteet<\/strong><\/div>\n<p class=\"cm__text --bold\">Klientide tervise huvides testitakse meie toodetud tooteid regulaarselt s\u00f5ltumatus akrediteeritud laboris, et tagada ja s\u00e4ilitada k\u00f5rgeim kvaliteet.<\/p>\n<p><strong>Koostisosad<\/strong>: <strong>Kala<\/strong>\u00a0kollageeni peptiidid (h\u00fcdrol\u00fc\u00fcsitud), mahuaine: mikrokristalne tselluloos;\u00a0t\u00e4rklis, h\u00fcaluroonhape (naatriumh\u00fcaluronaat), L-askorbiinhape (C-vitamiin), paakumisvastased ained: rasvhapete magneesiumisoolad, r\u00e4nidioksiid. Toode v\u00f5ib sisaldada piima (sh laktoosi), sojaube, maap\u00e4hkleid, muid p\u00e4hkleid, seesamiseemneid, gluteeni sisaldavaid teravilju, mune, v\u00e4hilaadseid.<\/p>\n<p><strong>Kasutamine<\/strong>: V\u00f5tke 1 portsjon (4 tabletti) p\u00e4evas.<\/p>\n<p><strong>Suurus<\/strong>: 90 tabletti.<\/p>\n<table>\n<tbody>\n<tr>\n<th>Aktiivsed koostisosad<\/th>\n<th>portsjoni kohta<\/th>\n<th>% SPK*<\/th>\n<\/tr>\n<tr>\n<td>Kala kollageen<\/td>\n<td>2200 mg<\/td>\n<td>&#8211;<\/td>\n<\/tr>\n<tr>\n<td>H\u00fcaluroonhape (naatriumh\u00fcaluronaat)<\/td>\n<td>120 mg<\/td>\n<td>&#8211;<\/td>\n<\/tr>\n<tr>\n<td>C-vitamiin<\/td>\n<td>80 mg<\/td>\n<td>100%<\/td>\n<\/tr>\n<\/tbody>\n<\/table>\n<p>*SPK \u2013 Soovitatud p\u00e4evane kogus.<\/p>\n<p>Vaata ka meie teisi Kollageene\u00a0<a href=\"https:\/\/fit360.ee\/en\/product-category\/product-groups\/collagen-en\/\"><strong>SIIT<\/strong><\/a>\u00a0v\u00f5i toidulisandeid Liigestele\u00a0<a href=\"https:\/\/fit360.ee\/en\/product-category\/product-groups\/joint-support-en\/\"><strong>SIIT<\/strong><\/a>!<\/p>\n<p>Soovid kaupa osta suuremas koguses? Vaata antud toodet ka meie HULGI poest\u00a0<a href=\"https:\/\/toidulisandidhulgi.ee\/tooted\/marine-collagen-hyaluronic-acid-vitamin-c-90tab\/\"><strong>SIIT<\/strong><\/a>!<\/p>\n<\/section>\n","protected":false},"excerpt":{"rendered":"<ul class=\"cm__list\">\n<li>I t\u00fc\u00fcpi merekollageeni allikas\u00a0\u2013 \u00dcks osa preparaadist sisaldab 2200 mg h\u00fcdrol\u00fc\u00fcsitud kalakollageeni peptiide.<\/li>\n<li>Rikas h\u00fcaluroonhappe ja C-vitamiini poolest\u00a0\u2013 \u00fcks osa toidulisandist annab kehale 120 mg naatriumh\u00fcaluronaati ja 80 mg L-askorbiinhapet.<\/li>\n<li>1 portsjon = 4 tabletti.<\/li>\n<li>T\u00f5husus\u00a0\u2013 tootepakendis on 22 portsjonit toidulisandit.<\/li>\n<li>Mugav vorm\u00a0\u2013 kergesti neelatavate tablettide kujul olev preparaat tagab toote t\u00f5rgeteta tarnimise.<\/li>\n<\/ul>\n","protected":false},"featured_media":74425,"comment_status":"closed","ping_status":"closed","template":"","meta":[],"product_brand":[],"product_cat":[1911,1636,5317,527,1329,536],"product_tag":[3584,3923,3924,1924],"giftcard-category":[],"class_list":{"0":"post-74426","1":"product","2":"type-product","3":"status-publish","4":"has-post-thumbnail","6":"product_cat-c-vitamin-en","7":"product_cat-collagen-en","8":"product_cat-hyaluronic-acid-en","9":"product_cat-joint-support-en","10":"product_cat-ostrovit-en","11":"product_cat-vitamins-and-minerals-en","12":"product_tag-hyaluronic-acid-en","13":"product_tag-marine-collagen-en","14":"product_tag-merekollageen-en","15":"product_tag-ostrovit-en","16":"pa_kogus-90-tablets","17":"pa_toidulisand-branddd-ostrovit","18":"pa_tootegruppp-c-vitamiin-en","19":"pa_tootegruppp-for-joints","20":"pa_tootegruppp-hualuroonhape-en","21":"pa_tootegruppp-kollageenid-en","22":"pa_tootegruppp-vitamins-and-minerals","24":"first","25":"instock","26":"sale","27":"taxable","28":"shipping-taxable","29":"purchasable","30":"product-type-simple"},"yoast_head":"<!-- This site is optimized with the Yoast SEO plugin v27.3 - https:\/\/yoast.com\/product\/yoast-seo-wordpress\/ -->\n<title>Marine Collagen + Hyaluronic Acid + Vitamin C (90tab) - Fit360<\/title>\n<meta name=\"description\" content=\"Merekollageen + H\u00fcaluroonhape + Vitamiin C on terviklik toidulisand, mis sisaldab kolme v\u00e4\u00e4rtuslikku koostisosa nagu mereline kollageen I t\u00fc\u00fcpi, h\u00fcaluro...\" \/>\n<meta name=\"robots\" content=\"index, follow, max-snippet:-1, max-image-preview:large, max-video-preview:-1\" \/>\n<link rel=\"canonical\" href=\"https:\/\/fit360.ee\/en\/pood\/product-groups\/vitamins-and-minerals-en\/c-vitamin-en\/marine-collagen-hyaluronic-acid-vitamin-c-90tab\/\" \/>\n<meta property=\"og:locale\" content=\"en_US\" \/>\n<meta property=\"og:type\" content=\"article\" \/>\n<meta property=\"og:title\" content=\"Marine Collagen + Hyaluronic Acid + Vitamin C (90tab) - Fit360\" \/>\n<meta property=\"og:description\" content=\"Merekollageen + H\u00fcaluroonhape + Vitamiin C on terviklik toidulisand, mis sisaldab kolme v\u00e4\u00e4rtuslikku koostisosa nagu mereline kollageen I t\u00fc\u00fcpi, h\u00fcaluro...\" \/>\n<meta property=\"og:url\" content=\"https:\/\/fit360.ee\/en\/pood\/product-groups\/vitamins-and-minerals-en\/c-vitamin-en\/marine-collagen-hyaluronic-acid-vitamin-c-90tab\/\" \/>\n<meta property=\"og:site_name\" content=\"Fit360\" \/>\n<meta property=\"article:modified_time\" content=\"2026-04-10T14:41:27+00:00\" \/>\n<meta property=\"og:image\" content=\"https:\/\/fit360.ee\/wp-content\/uploads\/2023\/10\/merekollageen-hualuroonhape-c-vitamiin-fit360.ee_.jpg\" \/>\n\t<meta property=\"og:image:width\" content=\"450\" \/>\n\t<meta property=\"og:image:height\" content=\"450\" \/>\n\t<meta property=\"og:image:type\" content=\"image\/jpeg\" \/>\n<meta name=\"twitter:card\" content=\"summary_large_image\" \/>\n<meta name=\"twitter:label1\" content=\"Est. reading time\" \/>\n\t<meta name=\"twitter:data1\" content=\"3 minutes\" \/>\n<script type=\"application\/ld+json\" class=\"yoast-schema-graph\">{\"@context\":\"https:\\\/\\\/schema.org\",\"@graph\":[{\"@type\":\"WebPage\",\"@id\":\"https:\\\/\\\/fit360.ee\\\/en\\\/pood\\\/product-groups\\\/vitamins-and-minerals-en\\\/c-vitamin-en\\\/marine-collagen-hyaluronic-acid-vitamin-c-90tab\\\/\",\"url\":\"https:\\\/\\\/fit360.ee\\\/en\\\/pood\\\/product-groups\\\/vitamins-and-minerals-en\\\/c-vitamin-en\\\/marine-collagen-hyaluronic-acid-vitamin-c-90tab\\\/\",\"name\":\"Marine Collagen + Hyaluronic Acid + Vitamin C (90tab) - Fit360\",\"isPartOf\":{\"@id\":\"https:\\\/\\\/fit360.ee\\\/en\\\/#website\"},\"primaryImageOfPage\":{\"@id\":\"https:\\\/\\\/fit360.ee\\\/en\\\/pood\\\/product-groups\\\/vitamins-and-minerals-en\\\/c-vitamin-en\\\/marine-collagen-hyaluronic-acid-vitamin-c-90tab\\\/#primaryimage\"},\"image\":{\"@id\":\"https:\\\/\\\/fit360.ee\\\/en\\\/pood\\\/product-groups\\\/vitamins-and-minerals-en\\\/c-vitamin-en\\\/marine-collagen-hyaluronic-acid-vitamin-c-90tab\\\/#primaryimage\"},\"thumbnailUrl\":\"https:\\\/\\\/fit360.ee\\\/wp-content\\\/uploads\\\/2023\\\/10\\\/merekollageen-hualuroonhape-c-vitamiin-fit360.ee_.jpg\",\"datePublished\":\"2023-10-25T09:36:09+00:00\",\"dateModified\":\"2026-04-10T14:41:27+00:00\",\"description\":\"Merekollageen + H\u00fcaluroonhape + Vitamiin C on terviklik toidulisand, mis sisaldab kolme v\u00e4\u00e4rtuslikku koostisosa nagu mereline kollageen I t\u00fc\u00fcpi, h\u00fcaluro...\",\"breadcrumb\":{\"@id\":\"https:\\\/\\\/fit360.ee\\\/en\\\/pood\\\/product-groups\\\/vitamins-and-minerals-en\\\/c-vitamin-en\\\/marine-collagen-hyaluronic-acid-vitamin-c-90tab\\\/#breadcrumb\"},\"inLanguage\":\"en-US\",\"potentialAction\":[{\"@type\":\"ReadAction\",\"target\":[\"https:\\\/\\\/fit360.ee\\\/en\\\/pood\\\/product-groups\\\/vitamins-and-minerals-en\\\/c-vitamin-en\\\/marine-collagen-hyaluronic-acid-vitamin-c-90tab\\\/\"]}]},{\"@type\":\"ImageObject\",\"inLanguage\":\"en-US\",\"@id\":\"https:\\\/\\\/fit360.ee\\\/en\\\/pood\\\/product-groups\\\/vitamins-and-minerals-en\\\/c-vitamin-en\\\/marine-collagen-hyaluronic-acid-vitamin-c-90tab\\\/#primaryimage\",\"url\":\"https:\\\/\\\/fit360.ee\\\/wp-content\\\/uploads\\\/2023\\\/10\\\/merekollageen-hualuroonhape-c-vitamiin-fit360.ee_.jpg\",\"contentUrl\":\"https:\\\/\\\/fit360.ee\\\/wp-content\\\/uploads\\\/2023\\\/10\\\/merekollageen-hualuroonhape-c-vitamiin-fit360.ee_.jpg\",\"width\":450,\"height\":450,\"caption\":\"merekollageen + h\u00fcaluroonhape + c vitamiin - fit360.ee\"},{\"@type\":\"BreadcrumbList\",\"@id\":\"https:\\\/\\\/fit360.ee\\\/en\\\/pood\\\/product-groups\\\/vitamins-and-minerals-en\\\/c-vitamin-en\\\/marine-collagen-hyaluronic-acid-vitamin-c-90tab\\\/#breadcrumb\",\"itemListElement\":[{\"@type\":\"ListItem\",\"position\":1,\"name\":\"Home\",\"item\":\"https:\\\/\\\/fit360.ee\\\/en\\\/\"},{\"@type\":\"ListItem\",\"position\":2,\"name\":\"Shop\",\"item\":\"https:\\\/\\\/fit360.ee\\\/en\\\/shop\\\/\"},{\"@type\":\"ListItem\",\"position\":3,\"name\":\"Marine Collagen + Hyaluronic Acid + Vitamin C (90tab)\"}]},{\"@type\":\"WebSite\",\"@id\":\"https:\\\/\\\/fit360.ee\\\/en\\\/#website\",\"url\":\"https:\\\/\\\/fit360.ee\\\/en\\\/\",\"name\":\"Fit360\",\"description\":\"\",\"publisher\":{\"@id\":\"https:\\\/\\\/fit360.ee\\\/en\\\/#organization\"},\"potentialAction\":[{\"@type\":\"SearchAction\",\"target\":{\"@type\":\"EntryPoint\",\"urlTemplate\":\"https:\\\/\\\/fit360.ee\\\/en\\\/?s={search_term_string}\"},\"query-input\":{\"@type\":\"PropertyValueSpecification\",\"valueRequired\":true,\"valueName\":\"search_term_string\"}}],\"inLanguage\":\"en-US\"},{\"@type\":\"Organization\",\"@id\":\"https:\\\/\\\/fit360.ee\\\/en\\\/#organization\",\"name\":\"Fit360\",\"url\":\"https:\\\/\\\/fit360.ee\\\/en\\\/\",\"logo\":{\"@type\":\"ImageObject\",\"inLanguage\":\"en-US\",\"@id\":\"https:\\\/\\\/fit360.ee\\\/en\\\/#\\\/schema\\\/logo\\\/image\\\/\",\"url\":\"https:\\\/\\\/fit360.ee\\\/wp-content\\\/uploads\\\/2017\\\/01\\\/logo-fit360.png\",\"contentUrl\":\"https:\\\/\\\/fit360.ee\\\/wp-content\\\/uploads\\\/2017\\\/01\\\/logo-fit360.png\",\"width\":180,\"height\":66,\"caption\":\"Fit360\"},\"image\":{\"@id\":\"https:\\\/\\\/fit360.ee\\\/en\\\/#\\\/schema\\\/logo\\\/image\\\/\"}}]}<\/script>\n<!-- \/ Yoast SEO plugin. -->","yoast_head_json":{"title":"Marine Collagen + Hyaluronic Acid + Vitamin C (90tab) - Fit360","description":"Merekollageen + H\u00fcaluroonhape + Vitamiin C on terviklik toidulisand, mis sisaldab kolme v\u00e4\u00e4rtuslikku koostisosa nagu mereline kollageen I t\u00fc\u00fcpi, h\u00fcaluro...","robots":{"index":"index","follow":"follow","max-snippet":"max-snippet:-1","max-image-preview":"max-image-preview:large","max-video-preview":"max-video-preview:-1"},"canonical":"https:\/\/fit360.ee\/en\/pood\/product-groups\/vitamins-and-minerals-en\/c-vitamin-en\/marine-collagen-hyaluronic-acid-vitamin-c-90tab\/","og_locale":"en_US","og_type":"article","og_title":"Marine Collagen + Hyaluronic Acid + Vitamin C (90tab) - Fit360","og_description":"Merekollageen + H\u00fcaluroonhape + Vitamiin C on terviklik toidulisand, mis sisaldab kolme v\u00e4\u00e4rtuslikku koostisosa nagu mereline kollageen I t\u00fc\u00fcpi, h\u00fcaluro...","og_url":"https:\/\/fit360.ee\/en\/pood\/product-groups\/vitamins-and-minerals-en\/c-vitamin-en\/marine-collagen-hyaluronic-acid-vitamin-c-90tab\/","og_site_name":"Fit360","article_modified_time":"2026-04-10T14:41:27+00:00","og_image":[{"width":450,"height":450,"url":"https:\/\/fit360.ee\/wp-content\/uploads\/2023\/10\/merekollageen-hualuroonhape-c-vitamiin-fit360.ee_.jpg","type":"image\/jpeg"}],"twitter_card":"summary_large_image","twitter_misc":{"Est. reading time":"3 minutes"},"schema":{"@context":"https:\/\/schema.org","@graph":[{"@type":"WebPage","@id":"https:\/\/fit360.ee\/en\/pood\/product-groups\/vitamins-and-minerals-en\/c-vitamin-en\/marine-collagen-hyaluronic-acid-vitamin-c-90tab\/","url":"https:\/\/fit360.ee\/en\/pood\/product-groups\/vitamins-and-minerals-en\/c-vitamin-en\/marine-collagen-hyaluronic-acid-vitamin-c-90tab\/","name":"Marine Collagen + Hyaluronic Acid + Vitamin C (90tab) - Fit360","isPartOf":{"@id":"https:\/\/fit360.ee\/en\/#website"},"primaryImageOfPage":{"@id":"https:\/\/fit360.ee\/en\/pood\/product-groups\/vitamins-and-minerals-en\/c-vitamin-en\/marine-collagen-hyaluronic-acid-vitamin-c-90tab\/#primaryimage"},"image":{"@id":"https:\/\/fit360.ee\/en\/pood\/product-groups\/vitamins-and-minerals-en\/c-vitamin-en\/marine-collagen-hyaluronic-acid-vitamin-c-90tab\/#primaryimage"},"thumbnailUrl":"https:\/\/fit360.ee\/wp-content\/uploads\/2023\/10\/merekollageen-hualuroonhape-c-vitamiin-fit360.ee_.jpg","datePublished":"2023-10-25T09:36:09+00:00","dateModified":"2026-04-10T14:41:27+00:00","description":"Merekollageen + H\u00fcaluroonhape + Vitamiin C on terviklik toidulisand, mis sisaldab kolme v\u00e4\u00e4rtuslikku koostisosa nagu mereline kollageen I t\u00fc\u00fcpi, h\u00fcaluro...","breadcrumb":{"@id":"https:\/\/fit360.ee\/en\/pood\/product-groups\/vitamins-and-minerals-en\/c-vitamin-en\/marine-collagen-hyaluronic-acid-vitamin-c-90tab\/#breadcrumb"},"inLanguage":"en-US","potentialAction":[{"@type":"ReadAction","target":["https:\/\/fit360.ee\/en\/pood\/product-groups\/vitamins-and-minerals-en\/c-vitamin-en\/marine-collagen-hyaluronic-acid-vitamin-c-90tab\/"]}]},{"@type":"ImageObject","inLanguage":"en-US","@id":"https:\/\/fit360.ee\/en\/pood\/product-groups\/vitamins-and-minerals-en\/c-vitamin-en\/marine-collagen-hyaluronic-acid-vitamin-c-90tab\/#primaryimage","url":"https:\/\/fit360.ee\/wp-content\/uploads\/2023\/10\/merekollageen-hualuroonhape-c-vitamiin-fit360.ee_.jpg","contentUrl":"https:\/\/fit360.ee\/wp-content\/uploads\/2023\/10\/merekollageen-hualuroonhape-c-vitamiin-fit360.ee_.jpg","width":450,"height":450,"caption":"merekollageen + h\u00fcaluroonhape + c vitamiin - fit360.ee"},{"@type":"BreadcrumbList","@id":"https:\/\/fit360.ee\/en\/pood\/product-groups\/vitamins-and-minerals-en\/c-vitamin-en\/marine-collagen-hyaluronic-acid-vitamin-c-90tab\/#breadcrumb","itemListElement":[{"@type":"ListItem","position":1,"name":"Home","item":"https:\/\/fit360.ee\/en\/"},{"@type":"ListItem","position":2,"name":"Shop","item":"https:\/\/fit360.ee\/en\/shop\/"},{"@type":"ListItem","position":3,"name":"Marine Collagen + Hyaluronic Acid + Vitamin C (90tab)"}]},{"@type":"WebSite","@id":"https:\/\/fit360.ee\/en\/#website","url":"https:\/\/fit360.ee\/en\/","name":"Fit360","description":"","publisher":{"@id":"https:\/\/fit360.ee\/en\/#organization"},"potentialAction":[{"@type":"SearchAction","target":{"@type":"EntryPoint","urlTemplate":"https:\/\/fit360.ee\/en\/?s={search_term_string}"},"query-input":{"@type":"PropertyValueSpecification","valueRequired":true,"valueName":"search_term_string"}}],"inLanguage":"en-US"},{"@type":"Organization","@id":"https:\/\/fit360.ee\/en\/#organization","name":"Fit360","url":"https:\/\/fit360.ee\/en\/","logo":{"@type":"ImageObject","inLanguage":"en-US","@id":"https:\/\/fit360.ee\/en\/#\/schema\/logo\/image\/","url":"https:\/\/fit360.ee\/wp-content\/uploads\/2017\/01\/logo-fit360.png","contentUrl":"https:\/\/fit360.ee\/wp-content\/uploads\/2017\/01\/logo-fit360.png","width":180,"height":66,"caption":"Fit360"},"image":{"@id":"https:\/\/fit360.ee\/en\/#\/schema\/logo\/image\/"}}]}},"_links":{"self":[{"href":"https:\/\/fit360.ee\/en\/wp-json\/wp\/v2\/product\/74426","targetHints":{"allow":["GET"]}}],"collection":[{"href":"https:\/\/fit360.ee\/en\/wp-json\/wp\/v2\/product"}],"about":[{"href":"https:\/\/fit360.ee\/en\/wp-json\/wp\/v2\/types\/product"}],"replies":[{"embeddable":true,"href":"https:\/\/fit360.ee\/en\/wp-json\/wp\/v2\/comments?post=74426"}],"wp:featuredmedia":[{"embeddable":true,"href":"https:\/\/fit360.ee\/en\/wp-json\/wp\/v2\/media\/74425"}],"wp:attachment":[{"href":"https:\/\/fit360.ee\/en\/wp-json\/wp\/v2\/media?parent=74426"}],"wp:term":[{"taxonomy":"product_brand","embeddable":true,"href":"https:\/\/fit360.ee\/en\/wp-json\/wp\/v2\/product_brand?post=74426"},{"taxonomy":"product_cat","embeddable":true,"href":"https:\/\/fit360.ee\/en\/wp-json\/wp\/v2\/product_cat?post=74426"},{"taxonomy":"product_tag","embeddable":true,"href":"https:\/\/fit360.ee\/en\/wp-json\/wp\/v2\/product_tag?post=74426"},{"taxonomy":"giftcard-category","embeddable":true,"href":"https:\/\/fit360.ee\/en\/wp-json\/wp\/v2\/giftcard-category?post=74426"}],"curies":[{"name":"wp","href":"https:\/\/api.w.org\/{rel}","templated":true}]}}