{"id":74460,"date":"2023-10-26T11:54:04","date_gmt":"2023-10-26T09:54:04","guid":{"rendered":"https:\/\/fit360.ee\/pood\/uncategorized\/pump-pre-workout-shot-ilma-beeta-alaniinita-100ml\/"},"modified":"2025-08-13T07:38:47","modified_gmt":"2025-08-13T05:38:47","slug":"pump-pre-workout-shot-ilma-beeta-alaniinita-100ml","status":"publish","type":"product","link":"https:\/\/fit360.ee\/en\/pood\/product-groups\/drinks-shots\/pump-pre-workout-shot-ilma-beeta-alaniinita-100ml\/","title":{"rendered":"Pump Pre-Workout Shot (ilma Beeta-Alaniinita) 100ml"},"content":{"rendered":"<h2><strong>Pump Pre-Workout Shot<\/strong><\/h2>\n<p>OstroVit Pump Pre-Workout Shot on revolutsiooniline treeningeelne toode v\u00e4ikese joogi kujul, mis annab energiat ja j\u00f5udu f\u00fc\u00fcsilise tegevuse ajal. Meie puuviljane shot \u00fchendab endas kuni 4 erinevat toimeainet.\u00a0Need muudavad teie keskendumise t\u00f5husamaks. Kas otsite ergutit, mis aitaks Teie organismil paremini toimida ja muutuda vastupidavamaks ning toetada treeningsooritust? Valige OstroVit Pump Pre-Workout Shot \u2013 v\u00e4ike suure j\u00f5uga jook!<\/p>\n<p><a href=\"https:\/\/fit360.ee\/wp-content\/uploads\/2023\/10\/ostrovit-pump-pre-workout-shot-fit360.ee_-800x312.jpg\"><img loading=\"lazy\" decoding=\"async\" class=\"size-medium wp-image-74456\" src=\"https:\/\/fit360.ee\/wp-content\/uploads\/2023\/10\/ostrovit-pump-pre-workout-shot-fit360.ee_-800x312.jpg\" alt=\"ostrovit pump pre-workout shot - fit360.ee\" width=\"800\" height=\"312\" srcset=\"https:\/\/fit360.ee\/wp-content\/uploads\/2023\/10\/ostrovit-pump-pre-workout-shot-fit360.ee_-800x312.jpg 800w, https:\/\/fit360.ee\/wp-content\/uploads\/2023\/10\/ostrovit-pump-pre-workout-shot-fit360.ee_-510x199.jpg 510w, https:\/\/fit360.ee\/wp-content\/uploads\/2023\/10\/ostrovit-pump-pre-workout-shot-fit360.ee_-768x300.jpg 768w, https:\/\/fit360.ee\/wp-content\/uploads\/2023\/10\/ostrovit-pump-pre-workout-shot-fit360.ee_.jpg 922w\" sizes=\"auto, (max-width: 800px) 100vw, 800px\" \/><\/a><\/p>\n<section class=\"cm__section\">\n<h4 class=\"cm__heading\"><strong>OstroVit Pump Pre-Workout Shotis sisalduvate koostisosade omadused:<\/strong><\/h4>\n<ul class=\"cm__list\">\n<li><strong>T\u00e4iuslik energiadoos<\/strong> \u2013 T\u00e4nu veevaba kofeiini sisaldusele stimuleerib shot Teid tegutsema ja aitab Teil v\u00e4hendada v\u00e4simust.<\/li>\n<li><strong>Tulemuste maksimeerimine<\/strong>\u00a0\u2013 L-ts\u00fctruliinmalaat ja AAKG kindlustavad lihaseid ja tugevdavad lihaspumba tunnet.\u00a0Tauriin omakorda soodustab rasvap\u00f5letust.<\/li>\n<li><strong>Suur kogus aktiivseid koostisaineid <\/strong>\u2013 \u00dcks annus sisaldab kuni 2000 mg L-ts\u00fctruliinmalaati, 1200 mg AAKG-d, 1000 mg tauriini ja 350 mg veevaba kofeiini.<\/li>\n<li><strong>T\u00e4iuslik toode<\/strong> \u2013 treeningeelne shot on t\u00f5eline revolutsioon pre-workout vallas. Shot on joomiseks valmis ja seda saab kasutada alati, kui seda vajate.<\/li>\n<\/ul>\n<h4 class=\"cm__heading\"><strong>Aktiivsed koostisosad<\/strong><\/h4>\n<p class=\"cm__text\">Kontrollige meie toidulisandis sisalduvaid toimeaineid:<\/p>\n<ul class=\"cm__list\">\n<li><strong>L-ts\u00fctruliinmalaat<\/strong> &#8211; Sellel on antioks\u00fcdantsed omadused, see eemaldab organismist ammoniaagi, kaitseb lihaseid ja soodustab lihaspumpa.<\/li>\n<li><strong>L-arganiini alfa-ketoglutaraat<\/strong> &#8211; See soodustab regeneratsiooni, suurendab lihaste verevarustust f\u00fc\u00fcsilise tegevuse ajal, tugevdab lihaspumba tunnet.<\/li>\n<li><strong>Tauriin<\/strong> &#8211; See v\u00f5ib m\u00f5jutada organismi funktsioone ja aidata p\u00f5letada rasva treeningu ajal, toetada lihaseid, sh s\u00fcdamelihast, takistada katabolismi lihastes ja omab neuroprotektiivseid omadusi.<\/li>\n<li><strong>Veevaba kofeiin<\/strong> &#8211; See annab teile j\u00f5udu ja tegutsemisvalmidust, v\u00e4hendab v\u00e4simust ja aitab suurendada valvsust ja keskendumisv\u00f5imet.<\/li>\n<\/ul>\n<\/section>\n<section class=\"cm__section\">\n<h4 class=\"cm__heading\"><strong>Laboratoorselt t\u00f5estatud kvaliteet<\/strong><\/h4>\n<p class=\"cm__text --bold\">Klientide tervise huvides testitakse meie toodetud tooteid regulaarselt s\u00f5ltumatus akrediteeritud laboris, et tagada ja s\u00e4ilitada k\u00f5rgeim kvaliteet.<\/p>\n<p><strong>Koostisosad<\/strong>: Vesi, L-tsitrulliinmalaat, \u00f5unamahl \u00f5unamahla kontsentraadist 20%, L-arginiin alfa-ketoglutaraat, tauriin, veevaba kofeiin, l\u00f5hna- ja maitseained, magusained: sukraloos, atsesulfaam K;\u00a0s\u00e4ilitusained: kaaliumsorbaat, naatriumbensoaat.<\/p>\n<p><strong>Kasutamine<\/strong>: Tarbi 1\/2 pudelit (50 ml \u2013 10 teelusikat\u00e4it) p\u00e4evas.\u00a0\u00c4rge tarbige rohkem kui 1 portsjon p\u00e4evas.\u00a0Toode on m\u00f5eldud t\u00e4iskasvanutele.\u00a0Enne kasutamist loksutada.\u00a0P\u00e4rast avamist hoida k\u00fclmkapis ja kasutada \u00e4ra 48 tunni jooksul.<\/p>\n<p><strong>Suurus<\/strong>: 100ml &#8211; 2 serveeringut.<\/p>\n<p><strong>Maitse<\/strong>: kirss<\/p>\n<section class=\"projector__description--nutritional row\" data-selector=\".--nutritional\">\n<div class=\"col-12 col-md-10 col-lg-8\">\n<div class=\"--nutrit\">\n<div class=\"nutrition_table_wrapper\">\n<div class=\"table_wrapper\">\n<table>\n<tbody>\n<tr>\n<th>Aktiivsed koostisosad<\/th>\n<th>portsjoni kohta<\/th>\n<\/tr>\n<tr>\n<td>L-tsitrulliinmalaat<\/td>\n<td>2000 mg<\/td>\n<\/tr>\n<tr>\n<td>&#8211; millest L-tsitrulliin<\/td>\n<td>1300 mg<\/td>\n<\/tr>\n<tr>\n<td>L-arginiini alfa-ketoglutaraat<\/td>\n<td>600 mg<\/td>\n<\/tr>\n<tr>\n<td>&#8211; millest L-arginiin<\/td>\n<td>390 mg<\/td>\n<\/tr>\n<tr>\n<td>Tauriin<\/td>\n<td>500 mg<\/td>\n<\/tr>\n<tr>\n<td>Veevaba kofeiin<\/td>\n<td>175 mg<\/td>\n<\/tr>\n<\/tbody>\n<\/table>\n<p>Vaata ka meie teisi valmiskujul Shotte <a href=\"https:\/\/fit360.ee\/en\/product-category\/product-groups\/drinks-shots\/\"><strong>SIIT<\/strong><\/a>!<\/p>\n<\/div>\n<\/div>\n<\/div>\n<\/div>\n<\/section>\n<section class=\"projector__comments comments row\" data-selector=\".--comments\">\n<div class=\"--label col-12\"><\/div>\n<\/section>\n<\/section>\n","protected":false},"excerpt":{"rendered":"<ul class=\"cm__list\">\n<li>T\u00e4iuslik energiadoos<\/li>\n<li>Tulemuste maksimeerimine<\/li>\n<li>Suur kogus aktiivseid koostisaineid<\/li>\n<li>T\u00e4iuslik toode<\/li>\n<\/ul>\n<p>&nbsp;<\/p>\n","protected":false},"featured_media":74459,"comment_status":"closed","ping_status":"closed","template":"","meta":[],"product_brand":[],"product_cat":[5324,523,1329,533],"product_tag":[1924,3815,4572],"giftcard-category":[],"class_list":{"0":"post-74460","1":"product","2":"type-product","3":"status-publish","4":"has-post-thumbnail","6":"product_cat-caffeine-en","7":"product_cat-drinks-shots","8":"product_cat-ostrovit-en","9":"product_cat-pre-workout-en","10":"product_tag-ostrovit-en","11":"product_tag-pre-workout-shot-en","12":"product_tag-pump-pre-workout-shot-en","13":"pa_kogus-100ml-en","14":"pa_maitse-cherry","15":"pa_toidulisand-branddd-ostrovit","16":"pa_tootegruppp-drinksshots","17":"pa_tootegruppp-kofeiin-en","18":"pa_tootegruppp-pre-workout","20":"first","21":"outofstock","22":"sale","23":"taxable","24":"shipping-taxable","25":"purchasable","26":"product-type-simple"},"yoast_head":"<!-- This site is optimized with the Yoast SEO plugin v27.3 - https:\/\/yoast.com\/product\/yoast-seo-wordpress\/ -->\n<title>Pump Pre-Workout Shot (ilma Beeta-Alaniinita) 100ml - Kiire Tarne - Fit360<\/title>\n<meta name=\"description\" content=\"Pump Pre-Workout Shot on revolutsiooniline treeningeelne toode v\u00e4ikese joogi kujul, mis annab energiat ja j\u00f5udu f\u00fc\u00fcsilise tegevuse ajal. 4 toimeainet!\" \/>\n<meta name=\"robots\" content=\"index, follow, max-snippet:-1, max-image-preview:large, max-video-preview:-1\" \/>\n<link rel=\"canonical\" href=\"https:\/\/fit360.ee\/en\/pood\/product-groups\/drinks-shots\/pump-pre-workout-shot-ilma-beeta-alaniinita-100ml\/\" \/>\n<meta property=\"og:locale\" content=\"en_US\" \/>\n<meta property=\"og:type\" content=\"article\" \/>\n<meta property=\"og:title\" content=\"Pump Pre-Workout Shot (ilma Beeta-Alaniinita) 100ml - Kiire Tarne - Fit360\" \/>\n<meta property=\"og:description\" content=\"Pump Pre-Workout Shot on revolutsiooniline treeningeelne toode v\u00e4ikese joogi kujul, mis annab energiat ja j\u00f5udu f\u00fc\u00fcsilise tegevuse ajal. 4 toimeainet!\" \/>\n<meta property=\"og:url\" content=\"https:\/\/fit360.ee\/en\/pood\/product-groups\/drinks-shots\/pump-pre-workout-shot-ilma-beeta-alaniinita-100ml\/\" \/>\n<meta property=\"og:site_name\" content=\"Fit360\" \/>\n<meta property=\"article:modified_time\" content=\"2025-08-13T05:38:47+00:00\" \/>\n<meta property=\"og:image\" content=\"https:\/\/fit360.ee\/wp-content\/uploads\/2023\/10\/pump-pre-workout-shot-fit360.ee_.jpg\" \/>\n\t<meta property=\"og:image:width\" content=\"450\" \/>\n\t<meta property=\"og:image:height\" content=\"450\" \/>\n\t<meta property=\"og:image:type\" content=\"image\/jpeg\" \/>\n<meta name=\"twitter:card\" content=\"summary_large_image\" \/>\n<meta name=\"twitter:label1\" content=\"Est. reading time\" \/>\n\t<meta name=\"twitter:data1\" content=\"2 minutes\" \/>\n<script type=\"application\/ld+json\" class=\"yoast-schema-graph\">{\"@context\":\"https:\\\/\\\/schema.org\",\"@graph\":[{\"@type\":\"WebPage\",\"@id\":\"https:\\\/\\\/fit360.ee\\\/en\\\/pood\\\/product-groups\\\/drinks-shots\\\/pump-pre-workout-shot-ilma-beeta-alaniinita-100ml\\\/\",\"url\":\"https:\\\/\\\/fit360.ee\\\/en\\\/pood\\\/product-groups\\\/drinks-shots\\\/pump-pre-workout-shot-ilma-beeta-alaniinita-100ml\\\/\",\"name\":\"Pump Pre-Workout Shot (ilma Beeta-Alaniinita) 100ml - Kiire Tarne - Fit360\",\"isPartOf\":{\"@id\":\"https:\\\/\\\/fit360.ee\\\/en\\\/#website\"},\"primaryImageOfPage\":{\"@id\":\"https:\\\/\\\/fit360.ee\\\/en\\\/pood\\\/product-groups\\\/drinks-shots\\\/pump-pre-workout-shot-ilma-beeta-alaniinita-100ml\\\/#primaryimage\"},\"image\":{\"@id\":\"https:\\\/\\\/fit360.ee\\\/en\\\/pood\\\/product-groups\\\/drinks-shots\\\/pump-pre-workout-shot-ilma-beeta-alaniinita-100ml\\\/#primaryimage\"},\"thumbnailUrl\":\"https:\\\/\\\/fit360.ee\\\/wp-content\\\/uploads\\\/2023\\\/10\\\/pump-pre-workout-shot-fit360.ee_.jpg\",\"datePublished\":\"2023-10-26T09:54:04+00:00\",\"dateModified\":\"2025-08-13T05:38:47+00:00\",\"description\":\"Pump Pre-Workout Shot on revolutsiooniline treeningeelne toode v\u00e4ikese joogi kujul, mis annab energiat ja j\u00f5udu f\u00fc\u00fcsilise tegevuse ajal. 4 toimeainet!\",\"breadcrumb\":{\"@id\":\"https:\\\/\\\/fit360.ee\\\/en\\\/pood\\\/product-groups\\\/drinks-shots\\\/pump-pre-workout-shot-ilma-beeta-alaniinita-100ml\\\/#breadcrumb\"},\"inLanguage\":\"en-US\",\"potentialAction\":[{\"@type\":\"ReadAction\",\"target\":[\"https:\\\/\\\/fit360.ee\\\/en\\\/pood\\\/product-groups\\\/drinks-shots\\\/pump-pre-workout-shot-ilma-beeta-alaniinita-100ml\\\/\"]}]},{\"@type\":\"ImageObject\",\"inLanguage\":\"en-US\",\"@id\":\"https:\\\/\\\/fit360.ee\\\/en\\\/pood\\\/product-groups\\\/drinks-shots\\\/pump-pre-workout-shot-ilma-beeta-alaniinita-100ml\\\/#primaryimage\",\"url\":\"https:\\\/\\\/fit360.ee\\\/wp-content\\\/uploads\\\/2023\\\/10\\\/pump-pre-workout-shot-fit360.ee_.jpg\",\"contentUrl\":\"https:\\\/\\\/fit360.ee\\\/wp-content\\\/uploads\\\/2023\\\/10\\\/pump-pre-workout-shot-fit360.ee_.jpg\",\"width\":450,\"height\":450,\"caption\":\"pump pre-workout shot - fit360.ee\"},{\"@type\":\"BreadcrumbList\",\"@id\":\"https:\\\/\\\/fit360.ee\\\/en\\\/pood\\\/product-groups\\\/drinks-shots\\\/pump-pre-workout-shot-ilma-beeta-alaniinita-100ml\\\/#breadcrumb\",\"itemListElement\":[{\"@type\":\"ListItem\",\"position\":1,\"name\":\"Home\",\"item\":\"https:\\\/\\\/fit360.ee\\\/en\\\/\"},{\"@type\":\"ListItem\",\"position\":2,\"name\":\"Shop\",\"item\":\"https:\\\/\\\/fit360.ee\\\/en\\\/shop\\\/\"},{\"@type\":\"ListItem\",\"position\":3,\"name\":\"Pump Pre-Workout Shot (ilma Beeta-Alaniinita) 100ml\"}]},{\"@type\":\"WebSite\",\"@id\":\"https:\\\/\\\/fit360.ee\\\/en\\\/#website\",\"url\":\"https:\\\/\\\/fit360.ee\\\/en\\\/\",\"name\":\"Fit360\",\"description\":\"\",\"publisher\":{\"@id\":\"https:\\\/\\\/fit360.ee\\\/en\\\/#organization\"},\"potentialAction\":[{\"@type\":\"SearchAction\",\"target\":{\"@type\":\"EntryPoint\",\"urlTemplate\":\"https:\\\/\\\/fit360.ee\\\/en\\\/?s={search_term_string}\"},\"query-input\":{\"@type\":\"PropertyValueSpecification\",\"valueRequired\":true,\"valueName\":\"search_term_string\"}}],\"inLanguage\":\"en-US\"},{\"@type\":\"Organization\",\"@id\":\"https:\\\/\\\/fit360.ee\\\/en\\\/#organization\",\"name\":\"Fit360\",\"url\":\"https:\\\/\\\/fit360.ee\\\/en\\\/\",\"logo\":{\"@type\":\"ImageObject\",\"inLanguage\":\"en-US\",\"@id\":\"https:\\\/\\\/fit360.ee\\\/en\\\/#\\\/schema\\\/logo\\\/image\\\/\",\"url\":\"https:\\\/\\\/fit360.ee\\\/wp-content\\\/uploads\\\/2017\\\/01\\\/logo-fit360.png\",\"contentUrl\":\"https:\\\/\\\/fit360.ee\\\/wp-content\\\/uploads\\\/2017\\\/01\\\/logo-fit360.png\",\"width\":180,\"height\":66,\"caption\":\"Fit360\"},\"image\":{\"@id\":\"https:\\\/\\\/fit360.ee\\\/en\\\/#\\\/schema\\\/logo\\\/image\\\/\"}}]}<\/script>\n<!-- \/ Yoast SEO plugin. -->","yoast_head_json":{"title":"Pump Pre-Workout Shot (ilma Beeta-Alaniinita) 100ml - Kiire Tarne - Fit360","description":"Pump Pre-Workout Shot on revolutsiooniline treeningeelne toode v\u00e4ikese joogi kujul, mis annab energiat ja j\u00f5udu f\u00fc\u00fcsilise tegevuse ajal. 4 toimeainet!","robots":{"index":"index","follow":"follow","max-snippet":"max-snippet:-1","max-image-preview":"max-image-preview:large","max-video-preview":"max-video-preview:-1"},"canonical":"https:\/\/fit360.ee\/en\/pood\/product-groups\/drinks-shots\/pump-pre-workout-shot-ilma-beeta-alaniinita-100ml\/","og_locale":"en_US","og_type":"article","og_title":"Pump Pre-Workout Shot (ilma Beeta-Alaniinita) 100ml - Kiire Tarne - Fit360","og_description":"Pump Pre-Workout Shot on revolutsiooniline treeningeelne toode v\u00e4ikese joogi kujul, mis annab energiat ja j\u00f5udu f\u00fc\u00fcsilise tegevuse ajal. 4 toimeainet!","og_url":"https:\/\/fit360.ee\/en\/pood\/product-groups\/drinks-shots\/pump-pre-workout-shot-ilma-beeta-alaniinita-100ml\/","og_site_name":"Fit360","article_modified_time":"2025-08-13T05:38:47+00:00","og_image":[{"width":450,"height":450,"url":"https:\/\/fit360.ee\/wp-content\/uploads\/2023\/10\/pump-pre-workout-shot-fit360.ee_.jpg","type":"image\/jpeg"}],"twitter_card":"summary_large_image","twitter_misc":{"Est. reading time":"2 minutes"},"schema":{"@context":"https:\/\/schema.org","@graph":[{"@type":"WebPage","@id":"https:\/\/fit360.ee\/en\/pood\/product-groups\/drinks-shots\/pump-pre-workout-shot-ilma-beeta-alaniinita-100ml\/","url":"https:\/\/fit360.ee\/en\/pood\/product-groups\/drinks-shots\/pump-pre-workout-shot-ilma-beeta-alaniinita-100ml\/","name":"Pump Pre-Workout Shot (ilma Beeta-Alaniinita) 100ml - Kiire Tarne - Fit360","isPartOf":{"@id":"https:\/\/fit360.ee\/en\/#website"},"primaryImageOfPage":{"@id":"https:\/\/fit360.ee\/en\/pood\/product-groups\/drinks-shots\/pump-pre-workout-shot-ilma-beeta-alaniinita-100ml\/#primaryimage"},"image":{"@id":"https:\/\/fit360.ee\/en\/pood\/product-groups\/drinks-shots\/pump-pre-workout-shot-ilma-beeta-alaniinita-100ml\/#primaryimage"},"thumbnailUrl":"https:\/\/fit360.ee\/wp-content\/uploads\/2023\/10\/pump-pre-workout-shot-fit360.ee_.jpg","datePublished":"2023-10-26T09:54:04+00:00","dateModified":"2025-08-13T05:38:47+00:00","description":"Pump Pre-Workout Shot on revolutsiooniline treeningeelne toode v\u00e4ikese joogi kujul, mis annab energiat ja j\u00f5udu f\u00fc\u00fcsilise tegevuse ajal. 4 toimeainet!","breadcrumb":{"@id":"https:\/\/fit360.ee\/en\/pood\/product-groups\/drinks-shots\/pump-pre-workout-shot-ilma-beeta-alaniinita-100ml\/#breadcrumb"},"inLanguage":"en-US","potentialAction":[{"@type":"ReadAction","target":["https:\/\/fit360.ee\/en\/pood\/product-groups\/drinks-shots\/pump-pre-workout-shot-ilma-beeta-alaniinita-100ml\/"]}]},{"@type":"ImageObject","inLanguage":"en-US","@id":"https:\/\/fit360.ee\/en\/pood\/product-groups\/drinks-shots\/pump-pre-workout-shot-ilma-beeta-alaniinita-100ml\/#primaryimage","url":"https:\/\/fit360.ee\/wp-content\/uploads\/2023\/10\/pump-pre-workout-shot-fit360.ee_.jpg","contentUrl":"https:\/\/fit360.ee\/wp-content\/uploads\/2023\/10\/pump-pre-workout-shot-fit360.ee_.jpg","width":450,"height":450,"caption":"pump pre-workout shot - fit360.ee"},{"@type":"BreadcrumbList","@id":"https:\/\/fit360.ee\/en\/pood\/product-groups\/drinks-shots\/pump-pre-workout-shot-ilma-beeta-alaniinita-100ml\/#breadcrumb","itemListElement":[{"@type":"ListItem","position":1,"name":"Home","item":"https:\/\/fit360.ee\/en\/"},{"@type":"ListItem","position":2,"name":"Shop","item":"https:\/\/fit360.ee\/en\/shop\/"},{"@type":"ListItem","position":3,"name":"Pump Pre-Workout Shot (ilma Beeta-Alaniinita) 100ml"}]},{"@type":"WebSite","@id":"https:\/\/fit360.ee\/en\/#website","url":"https:\/\/fit360.ee\/en\/","name":"Fit360","description":"","publisher":{"@id":"https:\/\/fit360.ee\/en\/#organization"},"potentialAction":[{"@type":"SearchAction","target":{"@type":"EntryPoint","urlTemplate":"https:\/\/fit360.ee\/en\/?s={search_term_string}"},"query-input":{"@type":"PropertyValueSpecification","valueRequired":true,"valueName":"search_term_string"}}],"inLanguage":"en-US"},{"@type":"Organization","@id":"https:\/\/fit360.ee\/en\/#organization","name":"Fit360","url":"https:\/\/fit360.ee\/en\/","logo":{"@type":"ImageObject","inLanguage":"en-US","@id":"https:\/\/fit360.ee\/en\/#\/schema\/logo\/image\/","url":"https:\/\/fit360.ee\/wp-content\/uploads\/2017\/01\/logo-fit360.png","contentUrl":"https:\/\/fit360.ee\/wp-content\/uploads\/2017\/01\/logo-fit360.png","width":180,"height":66,"caption":"Fit360"},"image":{"@id":"https:\/\/fit360.ee\/en\/#\/schema\/logo\/image\/"}}]}},"_links":{"self":[{"href":"https:\/\/fit360.ee\/en\/wp-json\/wp\/v2\/product\/74460","targetHints":{"allow":["GET"]}}],"collection":[{"href":"https:\/\/fit360.ee\/en\/wp-json\/wp\/v2\/product"}],"about":[{"href":"https:\/\/fit360.ee\/en\/wp-json\/wp\/v2\/types\/product"}],"replies":[{"embeddable":true,"href":"https:\/\/fit360.ee\/en\/wp-json\/wp\/v2\/comments?post=74460"}],"wp:featuredmedia":[{"embeddable":true,"href":"https:\/\/fit360.ee\/en\/wp-json\/wp\/v2\/media\/74459"}],"wp:attachment":[{"href":"https:\/\/fit360.ee\/en\/wp-json\/wp\/v2\/media?parent=74460"}],"wp:term":[{"taxonomy":"product_brand","embeddable":true,"href":"https:\/\/fit360.ee\/en\/wp-json\/wp\/v2\/product_brand?post=74460"},{"taxonomy":"product_cat","embeddable":true,"href":"https:\/\/fit360.ee\/en\/wp-json\/wp\/v2\/product_cat?post=74460"},{"taxonomy":"product_tag","embeddable":true,"href":"https:\/\/fit360.ee\/en\/wp-json\/wp\/v2\/product_tag?post=74460"},{"taxonomy":"giftcard-category","embeddable":true,"href":"https:\/\/fit360.ee\/en\/wp-json\/wp\/v2\/giftcard-category?post=74460"}],"curies":[{"name":"wp","href":"https:\/\/api.w.org\/{rel}","templated":true}]}}