{"id":74563,"date":"2023-10-31T10:50:29","date_gmt":"2023-10-31T08:50:29","guid":{"rendered":"https:\/\/fit360.ee\/pood\/uncategorized\/ostrovit-pharma-pro-60-biotic-lactospore-60caps\/"},"modified":"2025-08-29T11:15:17","modified_gmt":"2025-08-29T09:15:17","slug":"ostrovit-pharma-pro-60-biotic-lactospore-60caps","status":"publish","type":"product","link":"https:\/\/fit360.ee\/en\/pood\/product-groups\/superfoods-health-foods-en\/probiotics-en\/ostrovit-pharma-pro-60-biotic-lactospore-60caps\/","title":{"rendered":"OstroVit Pharma PRO-60 BIOTIC LactoSpore (60caps)"},"content":{"rendered":"<h2 class=\"cm__heading\"><strong>OstroVit Pharma PRO-60 BIOTIC LactoSpore<\/strong><\/h2>\n<p>OstroVit Pharma PRO-60 BIOTIC LactoSpore on toidulisand kapslites, mis sisaldab elusaid probiootilisi baktereid \u2013 <em>Bacillus coagulans MTCC 5856 LactoSpore<\/em>, patenteeritud Sabinsa poolt.\u00a0Meie <a href=\"https:\/\/fit360.ee\/en\/product-category\/product-groups\/superfoods-health-foods-en\/probiotics-en\/\"><strong>probiootikum<\/strong><\/a> v\u00f5imaldab hoida tasakaalus soolestiku mikrofloorat ja selle efektiivsus on kliiniliste testidega kinnitatud.\u00a0Probiootilised bakterit\u00fcved aitavad leevendada valest soolefloorast tulenevaid s\u00fcmptomeid.<\/p>\n<p><a href=\"https:\/\/fit360.ee\/wp-content\/uploads\/2023\/10\/pro-60-biotic-lactospore-fit360.ee-1-800x312.jpg\"><img loading=\"lazy\" decoding=\"async\" class=\"size-medium wp-image-74559\" src=\"https:\/\/fit360.ee\/wp-content\/uploads\/2023\/10\/pro-60-biotic-lactospore-fit360.ee-1-800x312.jpg\" alt=\"pro-60 biotic lactospore - fit360.ee\" width=\"800\" height=\"312\" srcset=\"https:\/\/fit360.ee\/wp-content\/uploads\/2023\/10\/pro-60-biotic-lactospore-fit360.ee-1-800x312.jpg 800w, https:\/\/fit360.ee\/wp-content\/uploads\/2023\/10\/pro-60-biotic-lactospore-fit360.ee-1-510x199.jpg 510w, https:\/\/fit360.ee\/wp-content\/uploads\/2023\/10\/pro-60-biotic-lactospore-fit360.ee-1-768x300.jpg 768w, https:\/\/fit360.ee\/wp-content\/uploads\/2023\/10\/pro-60-biotic-lactospore-fit360.ee-1.jpg 922w\" sizes=\"auto, (max-width: 800px) 100vw, 800px\" \/><\/a><\/p>\n<h4 class=\"cm__heading\"><strong>Elusbakter Bacillus coagulans<\/strong><\/h4>\n<p>Bacillus coagulans, varem nimetatud kui Lactobacillus sporogenes, on head bakterid, mis p\u00fcsivad k\u00f5rgel temperatuuril stabiilsed.\u00a0Need avastati 1932. aastal ja sellest ajast alates on neid l\u00e4binud arvukalt uuringuid, mis n\u00e4itavad, et need on t\u00f5husad tervise ja hea tuju toetamisel.\u00a0Eoste kujul olev probiootikum suudab seedetraktis ellu j\u00e4\u00e4da ja paljuneda.\u00a0Kultuurid toodavad ainult piimhappe L(+) kasulikku vormi.<\/p>\n<p>Bacillus coagulansi t\u00fcved toetavad inimkeha \u00fcldist tervist ja toimivad h\u00e4sti ka antibiootikumravi ajal.\u00a0Kliinilised uuringud kinnitavad, et meie kasutatavad piimhappebakterid v\u00f5ivad:<\/p>\n<ul>\n<li>leevendab k\u00f5hulahtisuse, seedeh\u00e4irete ja k\u00f5hukinnisuse s\u00fcmptomeid<\/li>\n<li>v\u00e4hendada kolesterooli ja suhkru taset veres<\/li>\n<li>v\u00e4hendada silmatorkavaid allergia s\u00fcmptomeid<\/li>\n<li>toetada immuunsust<\/li>\n<\/ul>\n<h4 class=\"cm__heading\"><strong>Miks LactoSpore?<\/strong><\/h4>\n<p>Elusbakterite kultuurid LactoSpore on olnud turul saadaval juba \u00fcle 20 aasta ning on osutunud t\u00f6\u00f6tlemisel ja s\u00e4ilitamisel v\u00e4ga stabiilseks, t\u00e4nu millele ei muutu need kapslisse pannes ebaefektiivseks.\u00a0Nad suudavad ellu j\u00e4\u00e4da maovoolus ja sapis, nii et j\u00f5uavad ohutult soolestikku.\u00a0Nad peatuvad seedetraktis, kus nad toodavad piimhapet ja muid patogeensete bakterite kasvu takistavaid aineid.<\/p>\n<p>LactoSpore bakterid on t\u00e4histatud kui FDA GRAS, mis t\u00e4hendab, et Ameerika Toidu- ja Ravimiamet peab neid \u00fcldisel kasutamisel ohutuks.\u00a0Hulk osutub t\u00f5husaks \u00e4rritunud soole s\u00fcndroomi s\u00fcmptomite leevendamisel.<\/p>\n<h4><strong>OstroVit Pharma PRO-60 BIOTIC LactoSpore koostisainete omadused<\/strong><\/h4>\n<ul>\n<li><strong>TOETUS SEEDETRAKTILE<\/strong>\u00a0\u2013 LactoSpore avaldab positiivset m\u00f5ju soolefloorale.\u00a0See v\u00f5ib leevendada seedeh\u00e4irete ja k\u00f5hulahtisuse s\u00fcmptomeid v\u00f5i reguleerida soole peristaltikat, kaitsta seedes\u00fcsteemi halbade bakterite eest, samuti alandada kolesterooli ja suhkru taset organismis.<\/li>\n<li><strong>T\u00d5ESTATUD TOIME<\/strong>\u00a0\u2013 Probiootiliste bakterite Bacillus coagulansi hulkuvad arvukad teaduslikud ja kliinilised uuringud kinnitavad, et need on t\u00f5husad inimeste tervise toetamisel.<\/li>\n<li><strong>PATENTEERITUD VALEM<\/strong>\u00a0\u2013 Sabinsa LactoSpore on probiootiliste bakterite stabiilne spoorivorm, mida saab kasutada toidus ja toidulisandites.<\/li>\n<li><strong>VEGAN TOIDULISAND<\/strong>\u00a0\u2013 k\u00f5iki OstroVit Pharma PRO-60 BIOTIC LactoSpore koostisosi v\u00f5ivad v\u00f5tta veganid ja taimetoitlased.\u00a0Toidulisand ei sisalda loomset p\u00e4ritolu aineid.<\/li>\n<\/ul>\n<p><strong>Koostisosad<\/strong>: LactoSpore \u00ae (1 x 10\u00a0\u00a09 kapslis Bacillus coagulans MTCC 5856), kapsli kate\u00a0(t\u00e4iteaine: HPMC), inuliin sigurist (prebiootikum). Toode\u00a0v\u00f5ib sisaldada piima (koos laktoosiga), soja, maap\u00e4hkleid, muid p\u00e4hkleid, seesamiseemneid, gluteenirikast maisi, mune, koorikloomi, kala.<\/p>\n<p><strong>Kasutamine<\/strong>: Kasutage 1 portsjon (1 kapsel) p\u00e4evas p\u00e4rast s\u00f6\u00f6ki.\u00a0T\u00e4iskasvanutele m\u00f5eldud toode.<\/p>\n<p><strong>Suurus<\/strong>: 60 kapslit.<\/p>\n<table>\n<tbody>\n<tr>\n<th>Aktiivsed koostisosad<\/th>\n<th>Portsjoni kohta<\/th>\n<\/tr>\n<tr>\n<td>Bacillus coagulans \u2013 MTCC 5856 hulkuv<\/td>\n<td>1 x 10\u00a0<sup>9<\/sup>\u00a0CFU*<\/td>\n<\/tr>\n<tr>\n<td>Inuliin<\/td>\n<td>150 mg<\/td>\n<\/tr>\n<\/tbody>\n<\/table>\n<p>*CFU \u2013 kolooniaid moodustav \u00fcksus<\/p>\n<p>Vaata ka meie teisi Probiootikume <a href=\"https:\/\/fit360.ee\/en\/product-category\/product-groups\/superfoods-health-foods-en\/probiotics-en\/\"><strong>SIIT<\/strong><\/a>!<\/p>\n<p>Soovid teha suuremat tellimust? Vaata antud toodet meie HULGI lehelt\u00a0<strong><a href=\"https:\/\/toidulisandidhulgi.ee\/tooted\/ostrovit-pharma-pro-60-biotic-lactospore-60caps\/\">SIIT<\/a>!<\/strong><\/p>\n","protected":false},"excerpt":{"rendered":"<ul>\n<li>Toetus seedetraktile<\/li>\n<li>T\u00f5estatud Toime<\/li>\n<li>Patenteeritud valem<\/li>\n<li>Sobib veganitele ja taimetoitlastele<\/li>\n<\/ul>\n","protected":false},"featured_media":74562,"comment_status":"closed","ping_status":"closed","template":"","meta":[],"product_brand":[],"product_cat":[1329,2363,1454,2664,1201],"product_tag":[1924,4586],"giftcard-category":[],"class_list":{"0":"post-74563","1":"product","2":"type-product","3":"status-publish","4":"has-post-thumbnail","6":"product_cat-ostrovit-en","7":"product_cat-probiotics-en","8":"product_cat-superfoods-health-foods-en","9":"product_cat-vegan-capsules-en","10":"product_cat-1201","11":"product_tag-ostrovit-en","12":"product_tag-pro-60-biotic-lactospore-en","13":"pa_kogus-60-capsules","14":"pa_toidulisand-branddd-ostrovit","15":"pa_tootegruppp-probiootikumid-en","16":"pa_tootegruppp-supertoit-tervisetoit-en","17":"pa_tootegruppp-vcaps-vegan-kapslid-en","18":"pa_tootegruppp-vegan-en","20":"first","21":"outofstock","22":"sale","23":"taxable","24":"shipping-taxable","25":"purchasable","26":"product-type-simple"},"yoast_head":"<!-- This site is optimized with the Yoast SEO plugin v27.3 - https:\/\/yoast.com\/product\/yoast-seo-wordpress\/ -->\n<title>OstroVit Pharma PRO-60 BIOTIC LactoSpore (60caps) - Kiire Tarne -<\/title>\n<meta name=\"description\" content=\"OstroVit Pharma PRO-60 BIOTIC LactoSpore on toidulisand kapslites, mis sisaldab elusaid probiootilisi baktereid \u2013 Bacillus coagulans MTCC 5856 LactoSpore.\" \/>\n<meta name=\"robots\" content=\"index, follow, max-snippet:-1, max-image-preview:large, max-video-preview:-1\" \/>\n<link rel=\"canonical\" href=\"https:\/\/fit360.ee\/en\/pood\/product-groups\/superfoods-health-foods-en\/probiotics-en\/ostrovit-pharma-pro-60-biotic-lactospore-60caps\/\" \/>\n<meta property=\"og:locale\" content=\"en_US\" \/>\n<meta property=\"og:type\" content=\"article\" \/>\n<meta property=\"og:title\" content=\"OstroVit Pharma PRO-60 BIOTIC LactoSpore (60caps) - Kiire Tarne -\" \/>\n<meta property=\"og:description\" content=\"OstroVit Pharma PRO-60 BIOTIC LactoSpore on toidulisand kapslites, mis sisaldab elusaid probiootilisi baktereid \u2013 Bacillus coagulans MTCC 5856 LactoSpore.\" \/>\n<meta property=\"og:url\" content=\"https:\/\/fit360.ee\/en\/pood\/product-groups\/superfoods-health-foods-en\/probiotics-en\/ostrovit-pharma-pro-60-biotic-lactospore-60caps\/\" \/>\n<meta property=\"og:site_name\" content=\"Fit360\" \/>\n<meta property=\"article:modified_time\" content=\"2025-08-29T09:15:17+00:00\" \/>\n<meta property=\"og:image\" content=\"https:\/\/fit360.ee\/wp-content\/uploads\/2023\/10\/Pharma-PRO-60-BIOTIC-LactoSpore-fit360.ee-1.png\" \/>\n\t<meta property=\"og:image:width\" content=\"450\" \/>\n\t<meta property=\"og:image:height\" content=\"450\" \/>\n\t<meta property=\"og:image:type\" content=\"image\/png\" \/>\n<meta name=\"twitter:card\" content=\"summary_large_image\" \/>\n<meta name=\"twitter:label1\" content=\"Est. reading time\" \/>\n\t<meta name=\"twitter:data1\" content=\"3 minutes\" \/>\n<script type=\"application\/ld+json\" class=\"yoast-schema-graph\">{\"@context\":\"https:\\\/\\\/schema.org\",\"@graph\":[{\"@type\":\"WebPage\",\"@id\":\"https:\\\/\\\/fit360.ee\\\/en\\\/pood\\\/product-groups\\\/superfoods-health-foods-en\\\/probiotics-en\\\/ostrovit-pharma-pro-60-biotic-lactospore-60caps\\\/\",\"url\":\"https:\\\/\\\/fit360.ee\\\/en\\\/pood\\\/product-groups\\\/superfoods-health-foods-en\\\/probiotics-en\\\/ostrovit-pharma-pro-60-biotic-lactospore-60caps\\\/\",\"name\":\"OstroVit Pharma PRO-60 BIOTIC LactoSpore (60caps) - Kiire Tarne -\",\"isPartOf\":{\"@id\":\"https:\\\/\\\/fit360.ee\\\/en\\\/#website\"},\"primaryImageOfPage\":{\"@id\":\"https:\\\/\\\/fit360.ee\\\/en\\\/pood\\\/product-groups\\\/superfoods-health-foods-en\\\/probiotics-en\\\/ostrovit-pharma-pro-60-biotic-lactospore-60caps\\\/#primaryimage\"},\"image\":{\"@id\":\"https:\\\/\\\/fit360.ee\\\/en\\\/pood\\\/product-groups\\\/superfoods-health-foods-en\\\/probiotics-en\\\/ostrovit-pharma-pro-60-biotic-lactospore-60caps\\\/#primaryimage\"},\"thumbnailUrl\":\"https:\\\/\\\/fit360.ee\\\/wp-content\\\/uploads\\\/2023\\\/10\\\/Pharma-PRO-60-BIOTIC-LactoSpore-fit360.ee-1.png\",\"datePublished\":\"2023-10-31T08:50:29+00:00\",\"dateModified\":\"2025-08-29T09:15:17+00:00\",\"description\":\"OstroVit Pharma PRO-60 BIOTIC LactoSpore on toidulisand kapslites, mis sisaldab elusaid probiootilisi baktereid \u2013 Bacillus coagulans MTCC 5856 LactoSpore.\",\"breadcrumb\":{\"@id\":\"https:\\\/\\\/fit360.ee\\\/en\\\/pood\\\/product-groups\\\/superfoods-health-foods-en\\\/probiotics-en\\\/ostrovit-pharma-pro-60-biotic-lactospore-60caps\\\/#breadcrumb\"},\"inLanguage\":\"en-US\",\"potentialAction\":[{\"@type\":\"ReadAction\",\"target\":[\"https:\\\/\\\/fit360.ee\\\/en\\\/pood\\\/product-groups\\\/superfoods-health-foods-en\\\/probiotics-en\\\/ostrovit-pharma-pro-60-biotic-lactospore-60caps\\\/\"]}]},{\"@type\":\"ImageObject\",\"inLanguage\":\"en-US\",\"@id\":\"https:\\\/\\\/fit360.ee\\\/en\\\/pood\\\/product-groups\\\/superfoods-health-foods-en\\\/probiotics-en\\\/ostrovit-pharma-pro-60-biotic-lactospore-60caps\\\/#primaryimage\",\"url\":\"https:\\\/\\\/fit360.ee\\\/wp-content\\\/uploads\\\/2023\\\/10\\\/Pharma-PRO-60-BIOTIC-LactoSpore-fit360.ee-1.png\",\"contentUrl\":\"https:\\\/\\\/fit360.ee\\\/wp-content\\\/uploads\\\/2023\\\/10\\\/Pharma-PRO-60-BIOTIC-LactoSpore-fit360.ee-1.png\",\"width\":450,\"height\":450,\"caption\":\"Pharma PRO-60 BIOTIC LactoSpore - fit360.ee\"},{\"@type\":\"BreadcrumbList\",\"@id\":\"https:\\\/\\\/fit360.ee\\\/en\\\/pood\\\/product-groups\\\/superfoods-health-foods-en\\\/probiotics-en\\\/ostrovit-pharma-pro-60-biotic-lactospore-60caps\\\/#breadcrumb\",\"itemListElement\":[{\"@type\":\"ListItem\",\"position\":1,\"name\":\"Home\",\"item\":\"https:\\\/\\\/fit360.ee\\\/en\\\/\"},{\"@type\":\"ListItem\",\"position\":2,\"name\":\"Shop\",\"item\":\"https:\\\/\\\/fit360.ee\\\/en\\\/shop\\\/\"},{\"@type\":\"ListItem\",\"position\":3,\"name\":\"OstroVit Pharma PRO-60 BIOTIC LactoSpore (60caps)\"}]},{\"@type\":\"WebSite\",\"@id\":\"https:\\\/\\\/fit360.ee\\\/en\\\/#website\",\"url\":\"https:\\\/\\\/fit360.ee\\\/en\\\/\",\"name\":\"Fit360\",\"description\":\"\",\"publisher\":{\"@id\":\"https:\\\/\\\/fit360.ee\\\/en\\\/#organization\"},\"potentialAction\":[{\"@type\":\"SearchAction\",\"target\":{\"@type\":\"EntryPoint\",\"urlTemplate\":\"https:\\\/\\\/fit360.ee\\\/en\\\/?s={search_term_string}\"},\"query-input\":{\"@type\":\"PropertyValueSpecification\",\"valueRequired\":true,\"valueName\":\"search_term_string\"}}],\"inLanguage\":\"en-US\"},{\"@type\":\"Organization\",\"@id\":\"https:\\\/\\\/fit360.ee\\\/en\\\/#organization\",\"name\":\"Fit360\",\"url\":\"https:\\\/\\\/fit360.ee\\\/en\\\/\",\"logo\":{\"@type\":\"ImageObject\",\"inLanguage\":\"en-US\",\"@id\":\"https:\\\/\\\/fit360.ee\\\/en\\\/#\\\/schema\\\/logo\\\/image\\\/\",\"url\":\"https:\\\/\\\/fit360.ee\\\/wp-content\\\/uploads\\\/2017\\\/01\\\/logo-fit360.png\",\"contentUrl\":\"https:\\\/\\\/fit360.ee\\\/wp-content\\\/uploads\\\/2017\\\/01\\\/logo-fit360.png\",\"width\":180,\"height\":66,\"caption\":\"Fit360\"},\"image\":{\"@id\":\"https:\\\/\\\/fit360.ee\\\/en\\\/#\\\/schema\\\/logo\\\/image\\\/\"}}]}<\/script>\n<!-- \/ Yoast SEO plugin. -->","yoast_head_json":{"title":"OstroVit Pharma PRO-60 BIOTIC LactoSpore (60caps) - Kiire Tarne -","description":"OstroVit Pharma PRO-60 BIOTIC LactoSpore on toidulisand kapslites, mis sisaldab elusaid probiootilisi baktereid \u2013 Bacillus coagulans MTCC 5856 LactoSpore.","robots":{"index":"index","follow":"follow","max-snippet":"max-snippet:-1","max-image-preview":"max-image-preview:large","max-video-preview":"max-video-preview:-1"},"canonical":"https:\/\/fit360.ee\/en\/pood\/product-groups\/superfoods-health-foods-en\/probiotics-en\/ostrovit-pharma-pro-60-biotic-lactospore-60caps\/","og_locale":"en_US","og_type":"article","og_title":"OstroVit Pharma PRO-60 BIOTIC LactoSpore (60caps) - Kiire Tarne -","og_description":"OstroVit Pharma PRO-60 BIOTIC LactoSpore on toidulisand kapslites, mis sisaldab elusaid probiootilisi baktereid \u2013 Bacillus coagulans MTCC 5856 LactoSpore.","og_url":"https:\/\/fit360.ee\/en\/pood\/product-groups\/superfoods-health-foods-en\/probiotics-en\/ostrovit-pharma-pro-60-biotic-lactospore-60caps\/","og_site_name":"Fit360","article_modified_time":"2025-08-29T09:15:17+00:00","og_image":[{"width":450,"height":450,"url":"https:\/\/fit360.ee\/wp-content\/uploads\/2023\/10\/Pharma-PRO-60-BIOTIC-LactoSpore-fit360.ee-1.png","type":"image\/png"}],"twitter_card":"summary_large_image","twitter_misc":{"Est. reading time":"3 minutes"},"schema":{"@context":"https:\/\/schema.org","@graph":[{"@type":"WebPage","@id":"https:\/\/fit360.ee\/en\/pood\/product-groups\/superfoods-health-foods-en\/probiotics-en\/ostrovit-pharma-pro-60-biotic-lactospore-60caps\/","url":"https:\/\/fit360.ee\/en\/pood\/product-groups\/superfoods-health-foods-en\/probiotics-en\/ostrovit-pharma-pro-60-biotic-lactospore-60caps\/","name":"OstroVit Pharma PRO-60 BIOTIC LactoSpore (60caps) - Kiire Tarne -","isPartOf":{"@id":"https:\/\/fit360.ee\/en\/#website"},"primaryImageOfPage":{"@id":"https:\/\/fit360.ee\/en\/pood\/product-groups\/superfoods-health-foods-en\/probiotics-en\/ostrovit-pharma-pro-60-biotic-lactospore-60caps\/#primaryimage"},"image":{"@id":"https:\/\/fit360.ee\/en\/pood\/product-groups\/superfoods-health-foods-en\/probiotics-en\/ostrovit-pharma-pro-60-biotic-lactospore-60caps\/#primaryimage"},"thumbnailUrl":"https:\/\/fit360.ee\/wp-content\/uploads\/2023\/10\/Pharma-PRO-60-BIOTIC-LactoSpore-fit360.ee-1.png","datePublished":"2023-10-31T08:50:29+00:00","dateModified":"2025-08-29T09:15:17+00:00","description":"OstroVit Pharma PRO-60 BIOTIC LactoSpore on toidulisand kapslites, mis sisaldab elusaid probiootilisi baktereid \u2013 Bacillus coagulans MTCC 5856 LactoSpore.","breadcrumb":{"@id":"https:\/\/fit360.ee\/en\/pood\/product-groups\/superfoods-health-foods-en\/probiotics-en\/ostrovit-pharma-pro-60-biotic-lactospore-60caps\/#breadcrumb"},"inLanguage":"en-US","potentialAction":[{"@type":"ReadAction","target":["https:\/\/fit360.ee\/en\/pood\/product-groups\/superfoods-health-foods-en\/probiotics-en\/ostrovit-pharma-pro-60-biotic-lactospore-60caps\/"]}]},{"@type":"ImageObject","inLanguage":"en-US","@id":"https:\/\/fit360.ee\/en\/pood\/product-groups\/superfoods-health-foods-en\/probiotics-en\/ostrovit-pharma-pro-60-biotic-lactospore-60caps\/#primaryimage","url":"https:\/\/fit360.ee\/wp-content\/uploads\/2023\/10\/Pharma-PRO-60-BIOTIC-LactoSpore-fit360.ee-1.png","contentUrl":"https:\/\/fit360.ee\/wp-content\/uploads\/2023\/10\/Pharma-PRO-60-BIOTIC-LactoSpore-fit360.ee-1.png","width":450,"height":450,"caption":"Pharma PRO-60 BIOTIC LactoSpore - fit360.ee"},{"@type":"BreadcrumbList","@id":"https:\/\/fit360.ee\/en\/pood\/product-groups\/superfoods-health-foods-en\/probiotics-en\/ostrovit-pharma-pro-60-biotic-lactospore-60caps\/#breadcrumb","itemListElement":[{"@type":"ListItem","position":1,"name":"Home","item":"https:\/\/fit360.ee\/en\/"},{"@type":"ListItem","position":2,"name":"Shop","item":"https:\/\/fit360.ee\/en\/shop\/"},{"@type":"ListItem","position":3,"name":"OstroVit Pharma PRO-60 BIOTIC LactoSpore (60caps)"}]},{"@type":"WebSite","@id":"https:\/\/fit360.ee\/en\/#website","url":"https:\/\/fit360.ee\/en\/","name":"Fit360","description":"","publisher":{"@id":"https:\/\/fit360.ee\/en\/#organization"},"potentialAction":[{"@type":"SearchAction","target":{"@type":"EntryPoint","urlTemplate":"https:\/\/fit360.ee\/en\/?s={search_term_string}"},"query-input":{"@type":"PropertyValueSpecification","valueRequired":true,"valueName":"search_term_string"}}],"inLanguage":"en-US"},{"@type":"Organization","@id":"https:\/\/fit360.ee\/en\/#organization","name":"Fit360","url":"https:\/\/fit360.ee\/en\/","logo":{"@type":"ImageObject","inLanguage":"en-US","@id":"https:\/\/fit360.ee\/en\/#\/schema\/logo\/image\/","url":"https:\/\/fit360.ee\/wp-content\/uploads\/2017\/01\/logo-fit360.png","contentUrl":"https:\/\/fit360.ee\/wp-content\/uploads\/2017\/01\/logo-fit360.png","width":180,"height":66,"caption":"Fit360"},"image":{"@id":"https:\/\/fit360.ee\/en\/#\/schema\/logo\/image\/"}}]}},"_links":{"self":[{"href":"https:\/\/fit360.ee\/en\/wp-json\/wp\/v2\/product\/74563","targetHints":{"allow":["GET"]}}],"collection":[{"href":"https:\/\/fit360.ee\/en\/wp-json\/wp\/v2\/product"}],"about":[{"href":"https:\/\/fit360.ee\/en\/wp-json\/wp\/v2\/types\/product"}],"replies":[{"embeddable":true,"href":"https:\/\/fit360.ee\/en\/wp-json\/wp\/v2\/comments?post=74563"}],"wp:featuredmedia":[{"embeddable":true,"href":"https:\/\/fit360.ee\/en\/wp-json\/wp\/v2\/media\/74562"}],"wp:attachment":[{"href":"https:\/\/fit360.ee\/en\/wp-json\/wp\/v2\/media?parent=74563"}],"wp:term":[{"taxonomy":"product_brand","embeddable":true,"href":"https:\/\/fit360.ee\/en\/wp-json\/wp\/v2\/product_brand?post=74563"},{"taxonomy":"product_cat","embeddable":true,"href":"https:\/\/fit360.ee\/en\/wp-json\/wp\/v2\/product_cat?post=74563"},{"taxonomy":"product_tag","embeddable":true,"href":"https:\/\/fit360.ee\/en\/wp-json\/wp\/v2\/product_tag?post=74563"},{"taxonomy":"giftcard-category","embeddable":true,"href":"https:\/\/fit360.ee\/en\/wp-json\/wp\/v2\/giftcard-category?post=74563"}],"curies":[{"name":"wp","href":"https:\/\/api.w.org\/{rel}","templated":true}]}}