{"id":74664,"date":"2023-11-04T11:07:14","date_gmt":"2023-11-04T09:07:14","guid":{"rendered":"https:\/\/fit360.ee\/?post_type=product&#038;p=74664"},"modified":"2026-04-09T15:12:51","modified_gmt":"2026-04-09T13:12:51","slug":"abe-ultimate-pre-workout-shot-12x60ml","status":"publish","type":"product","link":"https:\/\/fit360.ee\/en\/pood\/product-groups\/drinks-shots\/abe-ultimate-pre-workout-shot-12x60ml\/","title":{"rendered":"ABE Ultimate Pre-Workout Shot (12x60ml)"},"content":{"rendered":"<h2><strong>ABE Pre-Workout Shot<\/strong><\/h2>\n<div id=\"featurebullets_feature_div\" class=\"celwidget\" data-feature-name=\"featurebullets\" data-csa-c-type=\"widget\" data-csa-c-content-id=\"featurebullets\" data-csa-c-slot-id=\"featurebullets_feature_div\" data-csa-c-asin=\"B0BS9YDJ4M\" data-csa-c-is-in-initial-active-row=\"false\" data-cel-widget=\"featurebullets_feature_div\" data-csa-c-id=\"wn26ox-jr6dax-xbg68k-wndhm4\">\n<div id=\"feature-bullets\" class=\"a-section a-spacing-medium a-spacing-top-small\">\n<ul class=\"a-unordered-list a-vertical a-spacing-mini\">\n<li class=\"a-spacing-mini\"><span class=\"a-list-item\"><strong>\u00dcLIM MUGAVUS<\/strong>: iga treeningeelne Shot on k\u00e4ep\u00e4rases pudelis, mis on koheselt joomiseks valmis. Neid saab p\u00e4eva alguses kotti pista ja igale poole kaasa v\u00f5tta, kuni olete selle tarbimiseks valmis.<\/span><\/li>\n<li class=\"a-spacing-mini\"><span class=\"a-list-item\"><strong>4 \u00dcLIHEAD MAITSET<\/strong>: treeningeelne ettevalmistus pole kunagi varem nii maitsev olnud. Valikus on neli maitsvat maitset: Fruit Candy, Vaarika, Energiajoogi ja Blue Lagoon. Iga\u00fcks neist on v\u00e4rskendav ja t\u00e4is maitset, nii et v\u00f5ite iga p\u00e4ev oodata selle tarbimist.<\/span><\/li>\n<li class=\"a-spacing-mini\"><span class=\"a-list-item\"><strong>PUMP EFFEKT<\/strong>: ABE treeningeelsetel Shotid aitavad Teie treeningut v\u00f5imendada. \u00dcks Shot sisaldab 200mg kofeiini, mis stimuleerib n\u00e4rvis\u00fcsteemi ja niatsiini, mis v\u00e4hendab v\u00e4simust ja v\u00e4simuse teket.<\/span><\/li>\n<li class=\"a-spacing-mini\"><span class=\"a-list-item\"><strong>TESTITUD DOPINGU VASTU<\/strong>: Rakendatud toitumistesti k\u00f5rgeimate standardite kohaselt tagamaks, et iga ABE Shot vastab professionaalsetele sportlastele esitatavatele n\u00f5uetele. See garanteerib, et annate treeningu ajal oma kehale parima laengu ilma varjatud \u00fcllatusteta.<\/span><\/li>\n<\/ul>\n<p><a href=\"https:\/\/fit360.ee\/wp-content\/uploads\/2023\/11\/abe-ultimate-pre-workout-shot-fit360.ee_-800x495.jpg\"><img loading=\"lazy\" decoding=\"async\" class=\"size-medium wp-image-74643\" src=\"https:\/\/fit360.ee\/wp-content\/uploads\/2023\/11\/abe-ultimate-pre-workout-shot-fit360.ee_-800x495.jpg\" alt=\"abe ultimate pre-workout shot - fit360.ee\" width=\"800\" height=\"495\" srcset=\"https:\/\/fit360.ee\/wp-content\/uploads\/2023\/11\/abe-ultimate-pre-workout-shot-fit360.ee_-800x495.jpg 800w, https:\/\/fit360.ee\/wp-content\/uploads\/2023\/11\/abe-ultimate-pre-workout-shot-fit360.ee_-510x315.jpg 510w, https:\/\/fit360.ee\/wp-content\/uploads\/2023\/11\/abe-ultimate-pre-workout-shot-fit360.ee_-768x475.jpg 768w, https:\/\/fit360.ee\/wp-content\/uploads\/2023\/11\/abe-ultimate-pre-workout-shot-fit360.ee_.jpg 970w\" sizes=\"auto, (max-width: 800px) 100vw, 800px\" \/><\/a><\/p>\n<h4><strong>ABE Pre-Workout<\/strong><\/h4>\n<p class=\"a-spacing-base\">ABE Pre-Workout Shot on siin selleks, et muuta toitainete hankimine, mida vajate, et saaksite end v\u00f5imalikult lihtsaks teha. Iga Shot sisaldab 200mg kofeiini, mis aitab stimuleerida n\u00e4rvis\u00fcsteemi ja hoida teid keskendunud. See sisaldab ka 1g tsitrulliini, mis aitab kehast kahjulikest ainetest vabaneda, ja 3g beeta-alaniini, mis v\u00e4hendab lihaste v\u00e4simust, et saaksid j\u00e4tkata veelgi kauem. Igasse Shoti on lisatud vitamiine B3 ja B12, et aidata kaasa normaalsele punaste vereliblede moodustumisele organismis. Niatsiini kasutatakse ka v\u00e4simuse ja v\u00e4simuse v\u00e4hendamiseks.\u00a0K\u00f5ik need kombinatsioonid aitavad teil saavutada tavap\u00e4rasest treeningre\u017eiimist optimaalseid tulemusi.<\/p>\n<p class=\"a-spacing-base\">Parimate tulemuste saavutamiseks on soovitatav juua 1 Shot p\u00e4evas. Enne tarbimist loksutage korralikult ja eelistatavalt enne treeningut, et sellest maksimumi v\u00f5tta.\u00a0Iga amps on k\u00e4ep\u00e4rases pudelis, mida saab k\u00f5ikjale kaasa v\u00f5tta, mist\u00f5ttu on see ideaalne k\u00f5igile, kes on liikvel v\u00f5i kiirema elutempoga. ABE shots on halal-sertifikaadiga toode, et v\u00f5imalikult paljud inimesed saaksid neist kasu olenemata kultuurilistest v\u00f5i usulistest toitumispiirangutest.<\/p>\n<p class=\"a-spacing-base\">Iga Shot sisaldab m\u00f5nda k\u00f5ige p\u00f5hjalikumalt uuritud toitumist ja vitamiine turul. Valemit testitakse rangelt sama standardi j\u00e4rgi, mille peavad l\u00e4bima professionaalsed sportlased.\u00a0See tagab, et saate oma treeningu ja keha jaoks parima.\u00a0Tegelikult on see p\u00f5hjus, miks m\u00f5ned maailma tippsportlased valivad oma treeningre\u017eiimi osaks rakendusliku toitumise.<\/p>\n<p class=\"a-spacing-base\">Applied Nutritionil on missioon saada maailma k\u00f5ige usaldusv\u00e4\u00e4rsemaks spordibr\u00e4ndiks.\u00a0Nende n\u00fc\u00fcdisaegset, ettev\u00f5ttesisest uurimis- ja tootmis\u00fcksust juhib kirglik sportliku toitumise entusiastide meeskond, kes juhib iga toote loomise sammu.\u00a0T\u00e4nu p\u00f5hjalikule uurimist\u00f6\u00f6le ja detailidele t\u00e4helepanu p\u00f6\u00f6ramisele muudavad need teie sporditoidu tarbimise viisi, parandavad maitset ja tagavad, et see aitab teil saavutada parimat tulemust.<\/p>\n<\/div>\n<\/div>\n<div id=\"provenanceCertifications_feature_div\" class=\"celwidget\" data-feature-name=\"provenanceCertifications\" data-csa-c-type=\"widget\" data-csa-c-content-id=\"provenanceCertifications\" data-csa-c-slot-id=\"provenanceCertifications_feature_div\" data-csa-c-asin=\"B0BS9YDJ4M\" data-csa-c-is-in-initial-active-row=\"false\" data-cel-widget=\"provenanceCertifications_feature_div\" data-csa-c-id=\"ll7pfi-1kp85g-vue8vo-5yquh0\">\n<div id=\"provenance-certifications\" class=\"a-section a-spacing-medium a-spacing-top-micro\">\n<div class=\"a-section content\">\n<p><strong>Koostisosad<\/strong>: Vesi, beeta-alaniin, tsitrulliinmalaat 2:1, happesuse regulaator (fosforhape, sidrunhape, \u00f5unhape), tauriin, veevaba kofeiin, s\u00e4ilitusained (kaaliumsorbaat, naatriumbensonaat), magusaine (sukraloos), l\u00f5hna- ja maitseained, vitamiin B3 (niatsiin), vitamiin B12 (ts\u00fcanokobalamiin).<\/p>\n<p><strong>Kasutamine<\/strong>: <span style=\"color: #333333; font-size: 14.4px;\">Tarbi \u00fcks 60 ml Shot ABE-d iga p\u00e4ev eelistatavalt enne treeningut.<\/span><\/p>\n<p><strong>Suurus<\/strong>: 12x60ml<\/p>\n<p><strong>Maitse<\/strong>: Fruit Candy; Vaarika; Energiajoogi ja Blue Lagoon.<\/p>\n<p><a href=\"https:\/\/fit360.ee\/wp-content\/uploads\/2023\/11\/abe-pre-workout-shot-koostisosad-fit360.ee_.jpg\"><img loading=\"lazy\" decoding=\"async\" class=\"size-full wp-image-74641\" src=\"https:\/\/fit360.ee\/wp-content\/uploads\/2023\/11\/abe-pre-workout-shot-koostisosad-fit360.ee_.jpg\" alt=\"abe pre-workout shot koostisosad - fit360.ee\" width=\"480\" height=\"480\" srcset=\"https:\/\/fit360.ee\/wp-content\/uploads\/2023\/11\/abe-pre-workout-shot-koostisosad-fit360.ee_.jpg 480w, https:\/\/fit360.ee\/wp-content\/uploads\/2023\/11\/abe-pre-workout-shot-koostisosad-fit360.ee_-247x247.jpg 247w, https:\/\/fit360.ee\/wp-content\/uploads\/2023\/11\/abe-pre-workout-shot-koostisosad-fit360.ee_-100x100.jpg 100w, https:\/\/fit360.ee\/wp-content\/uploads\/2023\/11\/abe-pre-workout-shot-koostisosad-fit360.ee_-340x340.jpg 340w\" sizes=\"auto, (max-width: 480px) 100vw, 480px\" \/><\/a><\/p>\n<p>Vaata ka meie Teisi treeningeelseid Shotte karbiga <a href=\"https:\/\/fit360.ee\/en\/product-category\/product-groups\/drinks-and-protein-bars-in-bulk\/\"><strong>SIIT<\/strong><\/a> v\u00f5i Pre-Workoute <a href=\"https:\/\/fit360.ee\/en\/product-category\/product-groups\/pre-workout-en\/\"><strong>SIIT<\/strong><\/a>!<\/p>\n<p>Soovid teha suuremat tellimust? Vaata antud toodet meie HULGI lehelt\u00a0<a href=\"https:\/\/toidulisandidhulgi.ee\/tooted\/abe-ultimate-pre-workout-shot-12x60ml\/\"><strong>SIIT<\/strong><\/a>!<\/p>\n<\/div>\n<\/div>\n<\/div>\n","protected":false},"excerpt":{"rendered":"<ul>\n<li>Mugav tarbida<\/li>\n<li>Parimad maitsed<\/li>\n<li>\u00dclim efektiivsus ja pump effekt<\/li>\n<\/ul>\n<p><strong>OSTA KARBIGA JA S\u00c4\u00c4STA!<\/strong><\/p>\n","protected":false},"featured_media":74674,"comment_status":"closed","ping_status":"closed","template":"","meta":[],"product_brand":[],"product_cat":[3727,1072,523,533],"product_tag":[4598,4599,3730],"giftcard-category":[],"class_list":{"0":"post-74664","1":"product","2":"type-product","3":"status-publish","4":"has-post-thumbnail","6":"product_cat-applied-nutrition-en","7":"product_cat-drinks-and-protein-bars-in-bulk","8":"product_cat-drinks-shots","9":"product_cat-pre-workout-en","10":"product_tag-abe-pre-workout-shot-en","11":"product_tag-abe-shot-en","12":"product_tag-applied-nutrition-en","13":"pa_maitse-blue-lagoon-en","14":"pa_maitse-energy-drink-en","15":"pa_maitse-fruit-candy-en","16":"pa_maitse-raspberry","18":"first","19":"instock","20":"sale","21":"taxable","22":"shipping-taxable","23":"purchasable","24":"product-type-variable"},"yoast_head":"<!-- This site is optimized with the Yoast SEO plugin v27.3 - https:\/\/yoast.com\/product\/yoast-seo-wordpress\/ -->\n<title>ABE Ultimate Pre-Workout Shot (12x60ml) - Kiire Tarne - Fit360<\/title>\n<meta name=\"description\" content=\"ABE Pre-Workout Shot on k\u00e4ep\u00e4rases pudelis, mis on koheselt joomiseks valmis. Neid saab p\u00e4eva alguses kotti pista ja igale poole kaasa v\u00f5tta. Parim maitse!\" \/>\n<meta name=\"robots\" content=\"index, follow, max-snippet:-1, max-image-preview:large, max-video-preview:-1\" \/>\n<link rel=\"canonical\" href=\"https:\/\/fit360.ee\/en\/pood\/product-groups\/drinks-shots\/abe-ultimate-pre-workout-shot-12x60ml\/\" \/>\n<meta property=\"og:locale\" content=\"en_US\" \/>\n<meta property=\"og:type\" content=\"article\" \/>\n<meta property=\"og:title\" content=\"ABE Ultimate Pre-Workout Shot (12x60ml) - Kiire Tarne - Fit360\" \/>\n<meta property=\"og:description\" content=\"ABE Pre-Workout Shot on k\u00e4ep\u00e4rases pudelis, mis on koheselt joomiseks valmis. Neid saab p\u00e4eva alguses kotti pista ja igale poole kaasa v\u00f5tta. Parim maitse!\" \/>\n<meta property=\"og:url\" content=\"https:\/\/fit360.ee\/en\/pood\/product-groups\/drinks-shots\/abe-ultimate-pre-workout-shot-12x60ml\/\" \/>\n<meta property=\"og:site_name\" content=\"Fit360\" \/>\n<meta property=\"article:modified_time\" content=\"2026-04-09T13:12:51+00:00\" \/>\n<meta property=\"og:image\" content=\"https:\/\/fit360.ee\/wp-content\/uploads\/2023\/11\/abe-pre-workout-shot-12tk-fit360.ee-1.jpg\" \/>\n\t<meta property=\"og:image:width\" content=\"963\" \/>\n\t<meta property=\"og:image:height\" content=\"1000\" \/>\n\t<meta property=\"og:image:type\" content=\"image\/jpeg\" \/>\n<meta name=\"twitter:card\" content=\"summary_large_image\" \/>\n<meta name=\"twitter:label1\" content=\"Est. reading time\" \/>\n\t<meta name=\"twitter:data1\" content=\"3 minutes\" \/>\n<script type=\"application\/ld+json\" class=\"yoast-schema-graph\">{\"@context\":\"https:\\\/\\\/schema.org\",\"@graph\":[{\"@type\":\"WebPage\",\"@id\":\"https:\\\/\\\/fit360.ee\\\/en\\\/pood\\\/product-groups\\\/drinks-shots\\\/abe-ultimate-pre-workout-shot-12x60ml\\\/\",\"url\":\"https:\\\/\\\/fit360.ee\\\/en\\\/pood\\\/product-groups\\\/drinks-shots\\\/abe-ultimate-pre-workout-shot-12x60ml\\\/\",\"name\":\"ABE Ultimate Pre-Workout Shot (12x60ml) - Kiire Tarne - Fit360\",\"isPartOf\":{\"@id\":\"https:\\\/\\\/fit360.ee\\\/en\\\/#website\"},\"primaryImageOfPage\":{\"@id\":\"https:\\\/\\\/fit360.ee\\\/en\\\/pood\\\/product-groups\\\/drinks-shots\\\/abe-ultimate-pre-workout-shot-12x60ml\\\/#primaryimage\"},\"image\":{\"@id\":\"https:\\\/\\\/fit360.ee\\\/en\\\/pood\\\/product-groups\\\/drinks-shots\\\/abe-ultimate-pre-workout-shot-12x60ml\\\/#primaryimage\"},\"thumbnailUrl\":\"https:\\\/\\\/fit360.ee\\\/wp-content\\\/uploads\\\/2023\\\/11\\\/abe-pre-workout-shot-12tk-fit360.ee-1.jpg\",\"datePublished\":\"2023-11-04T09:07:14+00:00\",\"dateModified\":\"2026-04-09T13:12:51+00:00\",\"description\":\"ABE Pre-Workout Shot on k\u00e4ep\u00e4rases pudelis, mis on koheselt joomiseks valmis. Neid saab p\u00e4eva alguses kotti pista ja igale poole kaasa v\u00f5tta. Parim maitse!\",\"breadcrumb\":{\"@id\":\"https:\\\/\\\/fit360.ee\\\/en\\\/pood\\\/product-groups\\\/drinks-shots\\\/abe-ultimate-pre-workout-shot-12x60ml\\\/#breadcrumb\"},\"inLanguage\":\"en-US\",\"potentialAction\":[{\"@type\":\"ReadAction\",\"target\":[\"https:\\\/\\\/fit360.ee\\\/en\\\/pood\\\/product-groups\\\/drinks-shots\\\/abe-ultimate-pre-workout-shot-12x60ml\\\/\"]}]},{\"@type\":\"ImageObject\",\"inLanguage\":\"en-US\",\"@id\":\"https:\\\/\\\/fit360.ee\\\/en\\\/pood\\\/product-groups\\\/drinks-shots\\\/abe-ultimate-pre-workout-shot-12x60ml\\\/#primaryimage\",\"url\":\"https:\\\/\\\/fit360.ee\\\/wp-content\\\/uploads\\\/2023\\\/11\\\/abe-pre-workout-shot-12tk-fit360.ee-1.jpg\",\"contentUrl\":\"https:\\\/\\\/fit360.ee\\\/wp-content\\\/uploads\\\/2023\\\/11\\\/abe-pre-workout-shot-12tk-fit360.ee-1.jpg\",\"width\":963,\"height\":1000,\"caption\":\"abe pre-workout shot 12tk -fit360.ee\"},{\"@type\":\"BreadcrumbList\",\"@id\":\"https:\\\/\\\/fit360.ee\\\/en\\\/pood\\\/product-groups\\\/drinks-shots\\\/abe-ultimate-pre-workout-shot-12x60ml\\\/#breadcrumb\",\"itemListElement\":[{\"@type\":\"ListItem\",\"position\":1,\"name\":\"Home\",\"item\":\"https:\\\/\\\/fit360.ee\\\/en\\\/\"},{\"@type\":\"ListItem\",\"position\":2,\"name\":\"Shop\",\"item\":\"https:\\\/\\\/fit360.ee\\\/en\\\/shop\\\/\"},{\"@type\":\"ListItem\",\"position\":3,\"name\":\"ABE Ultimate Pre-Workout Shot (12x60ml)\"}]},{\"@type\":\"WebSite\",\"@id\":\"https:\\\/\\\/fit360.ee\\\/en\\\/#website\",\"url\":\"https:\\\/\\\/fit360.ee\\\/en\\\/\",\"name\":\"Fit360\",\"description\":\"\",\"publisher\":{\"@id\":\"https:\\\/\\\/fit360.ee\\\/en\\\/#organization\"},\"potentialAction\":[{\"@type\":\"SearchAction\",\"target\":{\"@type\":\"EntryPoint\",\"urlTemplate\":\"https:\\\/\\\/fit360.ee\\\/en\\\/?s={search_term_string}\"},\"query-input\":{\"@type\":\"PropertyValueSpecification\",\"valueRequired\":true,\"valueName\":\"search_term_string\"}}],\"inLanguage\":\"en-US\"},{\"@type\":\"Organization\",\"@id\":\"https:\\\/\\\/fit360.ee\\\/en\\\/#organization\",\"name\":\"Fit360\",\"url\":\"https:\\\/\\\/fit360.ee\\\/en\\\/\",\"logo\":{\"@type\":\"ImageObject\",\"inLanguage\":\"en-US\",\"@id\":\"https:\\\/\\\/fit360.ee\\\/en\\\/#\\\/schema\\\/logo\\\/image\\\/\",\"url\":\"https:\\\/\\\/fit360.ee\\\/wp-content\\\/uploads\\\/2017\\\/01\\\/logo-fit360.png\",\"contentUrl\":\"https:\\\/\\\/fit360.ee\\\/wp-content\\\/uploads\\\/2017\\\/01\\\/logo-fit360.png\",\"width\":180,\"height\":66,\"caption\":\"Fit360\"},\"image\":{\"@id\":\"https:\\\/\\\/fit360.ee\\\/en\\\/#\\\/schema\\\/logo\\\/image\\\/\"}}]}<\/script>\n<!-- \/ Yoast SEO plugin. -->","yoast_head_json":{"title":"ABE Ultimate Pre-Workout Shot (12x60ml) - Kiire Tarne - Fit360","description":"ABE Pre-Workout Shot on k\u00e4ep\u00e4rases pudelis, mis on koheselt joomiseks valmis. Neid saab p\u00e4eva alguses kotti pista ja igale poole kaasa v\u00f5tta. Parim maitse!","robots":{"index":"index","follow":"follow","max-snippet":"max-snippet:-1","max-image-preview":"max-image-preview:large","max-video-preview":"max-video-preview:-1"},"canonical":"https:\/\/fit360.ee\/en\/pood\/product-groups\/drinks-shots\/abe-ultimate-pre-workout-shot-12x60ml\/","og_locale":"en_US","og_type":"article","og_title":"ABE Ultimate Pre-Workout Shot (12x60ml) - Kiire Tarne - Fit360","og_description":"ABE Pre-Workout Shot on k\u00e4ep\u00e4rases pudelis, mis on koheselt joomiseks valmis. Neid saab p\u00e4eva alguses kotti pista ja igale poole kaasa v\u00f5tta. Parim maitse!","og_url":"https:\/\/fit360.ee\/en\/pood\/product-groups\/drinks-shots\/abe-ultimate-pre-workout-shot-12x60ml\/","og_site_name":"Fit360","article_modified_time":"2026-04-09T13:12:51+00:00","og_image":[{"width":963,"height":1000,"url":"https:\/\/fit360.ee\/wp-content\/uploads\/2023\/11\/abe-pre-workout-shot-12tk-fit360.ee-1.jpg","type":"image\/jpeg"}],"twitter_card":"summary_large_image","twitter_misc":{"Est. reading time":"3 minutes"},"schema":{"@context":"https:\/\/schema.org","@graph":[{"@type":"WebPage","@id":"https:\/\/fit360.ee\/en\/pood\/product-groups\/drinks-shots\/abe-ultimate-pre-workout-shot-12x60ml\/","url":"https:\/\/fit360.ee\/en\/pood\/product-groups\/drinks-shots\/abe-ultimate-pre-workout-shot-12x60ml\/","name":"ABE Ultimate Pre-Workout Shot (12x60ml) - Kiire Tarne - Fit360","isPartOf":{"@id":"https:\/\/fit360.ee\/en\/#website"},"primaryImageOfPage":{"@id":"https:\/\/fit360.ee\/en\/pood\/product-groups\/drinks-shots\/abe-ultimate-pre-workout-shot-12x60ml\/#primaryimage"},"image":{"@id":"https:\/\/fit360.ee\/en\/pood\/product-groups\/drinks-shots\/abe-ultimate-pre-workout-shot-12x60ml\/#primaryimage"},"thumbnailUrl":"https:\/\/fit360.ee\/wp-content\/uploads\/2023\/11\/abe-pre-workout-shot-12tk-fit360.ee-1.jpg","datePublished":"2023-11-04T09:07:14+00:00","dateModified":"2026-04-09T13:12:51+00:00","description":"ABE Pre-Workout Shot on k\u00e4ep\u00e4rases pudelis, mis on koheselt joomiseks valmis. Neid saab p\u00e4eva alguses kotti pista ja igale poole kaasa v\u00f5tta. Parim maitse!","breadcrumb":{"@id":"https:\/\/fit360.ee\/en\/pood\/product-groups\/drinks-shots\/abe-ultimate-pre-workout-shot-12x60ml\/#breadcrumb"},"inLanguage":"en-US","potentialAction":[{"@type":"ReadAction","target":["https:\/\/fit360.ee\/en\/pood\/product-groups\/drinks-shots\/abe-ultimate-pre-workout-shot-12x60ml\/"]}]},{"@type":"ImageObject","inLanguage":"en-US","@id":"https:\/\/fit360.ee\/en\/pood\/product-groups\/drinks-shots\/abe-ultimate-pre-workout-shot-12x60ml\/#primaryimage","url":"https:\/\/fit360.ee\/wp-content\/uploads\/2023\/11\/abe-pre-workout-shot-12tk-fit360.ee-1.jpg","contentUrl":"https:\/\/fit360.ee\/wp-content\/uploads\/2023\/11\/abe-pre-workout-shot-12tk-fit360.ee-1.jpg","width":963,"height":1000,"caption":"abe pre-workout shot 12tk -fit360.ee"},{"@type":"BreadcrumbList","@id":"https:\/\/fit360.ee\/en\/pood\/product-groups\/drinks-shots\/abe-ultimate-pre-workout-shot-12x60ml\/#breadcrumb","itemListElement":[{"@type":"ListItem","position":1,"name":"Home","item":"https:\/\/fit360.ee\/en\/"},{"@type":"ListItem","position":2,"name":"Shop","item":"https:\/\/fit360.ee\/en\/shop\/"},{"@type":"ListItem","position":3,"name":"ABE Ultimate Pre-Workout Shot (12x60ml)"}]},{"@type":"WebSite","@id":"https:\/\/fit360.ee\/en\/#website","url":"https:\/\/fit360.ee\/en\/","name":"Fit360","description":"","publisher":{"@id":"https:\/\/fit360.ee\/en\/#organization"},"potentialAction":[{"@type":"SearchAction","target":{"@type":"EntryPoint","urlTemplate":"https:\/\/fit360.ee\/en\/?s={search_term_string}"},"query-input":{"@type":"PropertyValueSpecification","valueRequired":true,"valueName":"search_term_string"}}],"inLanguage":"en-US"},{"@type":"Organization","@id":"https:\/\/fit360.ee\/en\/#organization","name":"Fit360","url":"https:\/\/fit360.ee\/en\/","logo":{"@type":"ImageObject","inLanguage":"en-US","@id":"https:\/\/fit360.ee\/en\/#\/schema\/logo\/image\/","url":"https:\/\/fit360.ee\/wp-content\/uploads\/2017\/01\/logo-fit360.png","contentUrl":"https:\/\/fit360.ee\/wp-content\/uploads\/2017\/01\/logo-fit360.png","width":180,"height":66,"caption":"Fit360"},"image":{"@id":"https:\/\/fit360.ee\/en\/#\/schema\/logo\/image\/"}}]}},"_links":{"self":[{"href":"https:\/\/fit360.ee\/en\/wp-json\/wp\/v2\/product\/74664","targetHints":{"allow":["GET"]}}],"collection":[{"href":"https:\/\/fit360.ee\/en\/wp-json\/wp\/v2\/product"}],"about":[{"href":"https:\/\/fit360.ee\/en\/wp-json\/wp\/v2\/types\/product"}],"replies":[{"embeddable":true,"href":"https:\/\/fit360.ee\/en\/wp-json\/wp\/v2\/comments?post=74664"}],"wp:featuredmedia":[{"embeddable":true,"href":"https:\/\/fit360.ee\/en\/wp-json\/wp\/v2\/media\/74674"}],"wp:attachment":[{"href":"https:\/\/fit360.ee\/en\/wp-json\/wp\/v2\/media?parent=74664"}],"wp:term":[{"taxonomy":"product_brand","embeddable":true,"href":"https:\/\/fit360.ee\/en\/wp-json\/wp\/v2\/product_brand?post=74664"},{"taxonomy":"product_cat","embeddable":true,"href":"https:\/\/fit360.ee\/en\/wp-json\/wp\/v2\/product_cat?post=74664"},{"taxonomy":"product_tag","embeddable":true,"href":"https:\/\/fit360.ee\/en\/wp-json\/wp\/v2\/product_tag?post=74664"},{"taxonomy":"giftcard-category","embeddable":true,"href":"https:\/\/fit360.ee\/en\/wp-json\/wp\/v2\/giftcard-category?post=74664"}],"curies":[{"name":"wp","href":"https:\/\/api.w.org\/{rel}","templated":true}]}}