{"id":74682,"date":"2023-11-04T11:49:52","date_gmt":"2023-11-04T09:49:52","guid":{"rendered":"https:\/\/fit360.ee\/pood\/uncategorized\/dedicated-water-jug-22l\/"},"modified":"2026-04-11T09:27:03","modified_gmt":"2026-04-11T07:27:03","slug":"dedicated-water-jug-22l","status":"publish","type":"product","link":"https:\/\/fit360.ee\/en\/pood\/training-equipment-en\/drinking-bottles-en\/dedicated-water-jug-22l\/","title":{"rendered":"Dedicated Water Jug (2,2L)"},"content":{"rendered":"<h2><strong>Dedicated Water Jug<\/strong><\/h2>\n<p>Me k\u00f5ik teame, et treeningute ajal on oluline olla h\u00fcdreeritud.\u00a0Eriti pikkade seansside ajal tuleb kasuks 2,2-liitrine veekann &#8211; <strong>Dedicated Water Jug<\/strong>.<\/p>\n<p>K\u00f5ik veekannud ei ole v\u00f5rdsed, peaksite teadma, millest jood!\u00a0Seet\u00f5ttu on uus Dedicated Matt Black Water Jug sertifitseeritud BPA-vaba, nagu k\u00f5ik teisedki spetsiaalsed joogitarvikud, kuna ainult parim on piisavalt hea.<\/p>\n<p>Me andsime sellele Matt Black viimistluse, sest noh&#8230; sest me saame.<\/p>\n<ul>\n<li>Mahutavus 2,2 liitrit.<\/li>\n<li>N\u00f6\u00f6ri k\u00fclge kinnitatud keeratav kork.<\/li>\n<li>Sertifitseeritud BPA vaba.<\/li>\n<li>Matt must viimistlus.<\/li>\n<li>Lekkekindel.<\/li>\n<\/ul>\n<p><a href=\"https:\/\/fit360.ee\/wp-content\/uploads\/2023\/11\/dedicated-water-jug-suur-fit360.ee_.jpg\"><img loading=\"lazy\" decoding=\"async\" class=\"size-full wp-image-74678\" src=\"https:\/\/fit360.ee\/wp-content\/uploads\/2023\/11\/dedicated-water-jug-suur-fit360.ee_.jpg\" alt=\"dedicated water jug suur - fit360.ee\" width=\"800\" height=\"800\" srcset=\"https:\/\/fit360.ee\/wp-content\/uploads\/2023\/11\/dedicated-water-jug-suur-fit360.ee_.jpg 800w, https:\/\/fit360.ee\/wp-content\/uploads\/2023\/11\/dedicated-water-jug-suur-fit360.ee_-247x247.jpg 247w, https:\/\/fit360.ee\/wp-content\/uploads\/2023\/11\/dedicated-water-jug-suur-fit360.ee_-100x100.jpg 100w, https:\/\/fit360.ee\/wp-content\/uploads\/2023\/11\/dedicated-water-jug-suur-fit360.ee_-510x510.jpg 510w, https:\/\/fit360.ee\/wp-content\/uploads\/2023\/11\/dedicated-water-jug-suur-fit360.ee_-340x340.jpg 340w, https:\/\/fit360.ee\/wp-content\/uploads\/2023\/11\/dedicated-water-jug-suur-fit360.ee_-768x768.jpg 768w\" sizes=\"auto, (max-width: 800px) 100vw, 800px\" \/><\/a><\/p>\n<p><strong style=\"color: #555555; font-size: 14.4px;\">V\u00e4rvus<\/strong><span style=\"color: #555555; font-size: 14.4px;\">: Matt-must<\/span><\/p>\n<p><strong>Suurus<\/strong>: 2,2 liitrit.<\/p>\n<p>Vaata ka meie Teisi Joogipudeleid <a href=\"https:\/\/fit360.ee\/en\/product-category\/training-equipment-en\/drinking-bottles-en\/\"><strong>SIIT<\/strong><\/a>!<\/p>\n<p>Soovid teha suuremat tellimust? Vaata antud toodet meie HULGI lehelt\u00a0<a href=\"https:\/\/toidulisandidhulgi.ee\/tooted\/dedicated-water-jug-22l\/\"><strong>SIIT<\/strong><\/a>!<\/p>\n","protected":false},"excerpt":{"rendered":"<ul>\n<li>Mahutavus 2,2 liitrit.<\/li>\n<li>N\u00f6\u00f6ri k\u00fclge kinnitatud keeratav kork.<\/li>\n<li>Sertifitseeritud BPA vaba.<\/li>\n<li>Matt must viimistlus.<\/li>\n<li>Lekkekindel.<\/li>\n<\/ul>\n","protected":false},"featured_media":74681,"comment_status":"closed","ping_status":"closed","template":"","meta":[],"product_brand":[],"product_cat":[540,538],"product_tag":[3086,4603],"giftcard-category":[],"class_list":{"0":"post-74682","1":"product","2":"type-product","3":"status-publish","4":"has-post-thumbnail","6":"product_cat-drinking-bottles-en","7":"product_cat-training-equipment-en","8":"product_tag-dedicated-nutrition-en","9":"product_tag-dedicated-water-jug-en","10":"pa_brand-dedicated-nutrition-en","11":"pa_varustus-drinking-bottles","12":"pa_varvus-black","14":"first","15":"outofstock","16":"sale","17":"taxable","18":"shipping-taxable","19":"purchasable","20":"product-type-simple"},"yoast_head":"<!-- This site is optimized with the Yoast SEO plugin v27.3 - https:\/\/yoast.com\/product\/yoast-seo-wordpress\/ -->\n<title>Dedicated Water Jug (2,2L) - Suure mahutuvusega Joogipudel - Fit360<\/title>\n<meta name=\"description\" content=\"Dedicated Water Jug on 2.2 liitrise mahutavusega. N\u00f6\u00f6riga k\u00fclge kinnitatud keeratav kork. Sertifitseeritud BPA vaba. Matt must viimistlus. Lekkekindel.\" \/>\n<meta name=\"robots\" content=\"index, follow, max-snippet:-1, max-image-preview:large, max-video-preview:-1\" \/>\n<link rel=\"canonical\" href=\"https:\/\/fit360.ee\/en\/pood\/training-equipment-en\/drinking-bottles-en\/dedicated-water-jug-22l\/\" \/>\n<meta property=\"og:locale\" content=\"en_US\" \/>\n<meta property=\"og:type\" content=\"article\" \/>\n<meta property=\"og:title\" content=\"Dedicated Water Jug (2,2L) - Suure mahutuvusega Joogipudel - Fit360\" \/>\n<meta property=\"og:description\" content=\"Dedicated Water Jug on 2.2 liitrise mahutavusega. N\u00f6\u00f6riga k\u00fclge kinnitatud keeratav kork. Sertifitseeritud BPA vaba. Matt must viimistlus. Lekkekindel.\" \/>\n<meta property=\"og:url\" content=\"https:\/\/fit360.ee\/en\/pood\/training-equipment-en\/drinking-bottles-en\/dedicated-water-jug-22l\/\" \/>\n<meta property=\"og:site_name\" content=\"Fit360\" \/>\n<meta property=\"article:modified_time\" content=\"2026-04-11T07:27:03+00:00\" \/>\n<meta property=\"og:image\" content=\"https:\/\/fit360.ee\/wp-content\/uploads\/2023\/11\/dedicated-water-jug-fit360.ee_.jpg\" \/>\n\t<meta property=\"og:image:width\" content=\"800\" \/>\n\t<meta property=\"og:image:height\" content=\"800\" \/>\n\t<meta property=\"og:image:type\" content=\"image\/jpeg\" \/>\n<meta name=\"twitter:card\" content=\"summary_large_image\" \/>\n<meta name=\"twitter:label1\" content=\"Est. reading time\" \/>\n\t<meta name=\"twitter:data1\" content=\"1 minute\" \/>\n<script type=\"application\/ld+json\" class=\"yoast-schema-graph\">{\"@context\":\"https:\\\/\\\/schema.org\",\"@graph\":[{\"@type\":\"WebPage\",\"@id\":\"https:\\\/\\\/fit360.ee\\\/en\\\/pood\\\/training-equipment-en\\\/drinking-bottles-en\\\/dedicated-water-jug-22l\\\/\",\"url\":\"https:\\\/\\\/fit360.ee\\\/en\\\/pood\\\/training-equipment-en\\\/drinking-bottles-en\\\/dedicated-water-jug-22l\\\/\",\"name\":\"Dedicated Water Jug (2,2L) - Suure mahutuvusega Joogipudel - Fit360\",\"isPartOf\":{\"@id\":\"https:\\\/\\\/fit360.ee\\\/en\\\/#website\"},\"primaryImageOfPage\":{\"@id\":\"https:\\\/\\\/fit360.ee\\\/en\\\/pood\\\/training-equipment-en\\\/drinking-bottles-en\\\/dedicated-water-jug-22l\\\/#primaryimage\"},\"image\":{\"@id\":\"https:\\\/\\\/fit360.ee\\\/en\\\/pood\\\/training-equipment-en\\\/drinking-bottles-en\\\/dedicated-water-jug-22l\\\/#primaryimage\"},\"thumbnailUrl\":\"https:\\\/\\\/fit360.ee\\\/wp-content\\\/uploads\\\/2023\\\/11\\\/dedicated-water-jug-fit360.ee_.jpg\",\"datePublished\":\"2023-11-04T09:49:52+00:00\",\"dateModified\":\"2026-04-11T07:27:03+00:00\",\"description\":\"Dedicated Water Jug on 2.2 liitrise mahutavusega. N\u00f6\u00f6riga k\u00fclge kinnitatud keeratav kork. Sertifitseeritud BPA vaba. Matt must viimistlus. Lekkekindel.\",\"breadcrumb\":{\"@id\":\"https:\\\/\\\/fit360.ee\\\/en\\\/pood\\\/training-equipment-en\\\/drinking-bottles-en\\\/dedicated-water-jug-22l\\\/#breadcrumb\"},\"inLanguage\":\"en-US\",\"potentialAction\":[{\"@type\":\"ReadAction\",\"target\":[\"https:\\\/\\\/fit360.ee\\\/en\\\/pood\\\/training-equipment-en\\\/drinking-bottles-en\\\/dedicated-water-jug-22l\\\/\"]}]},{\"@type\":\"ImageObject\",\"inLanguage\":\"en-US\",\"@id\":\"https:\\\/\\\/fit360.ee\\\/en\\\/pood\\\/training-equipment-en\\\/drinking-bottles-en\\\/dedicated-water-jug-22l\\\/#primaryimage\",\"url\":\"https:\\\/\\\/fit360.ee\\\/wp-content\\\/uploads\\\/2023\\\/11\\\/dedicated-water-jug-fit360.ee_.jpg\",\"contentUrl\":\"https:\\\/\\\/fit360.ee\\\/wp-content\\\/uploads\\\/2023\\\/11\\\/dedicated-water-jug-fit360.ee_.jpg\",\"width\":800,\"height\":800,\"caption\":\"dedicated water jug - fit360.ee\"},{\"@type\":\"BreadcrumbList\",\"@id\":\"https:\\\/\\\/fit360.ee\\\/en\\\/pood\\\/training-equipment-en\\\/drinking-bottles-en\\\/dedicated-water-jug-22l\\\/#breadcrumb\",\"itemListElement\":[{\"@type\":\"ListItem\",\"position\":1,\"name\":\"Home\",\"item\":\"https:\\\/\\\/fit360.ee\\\/en\\\/\"},{\"@type\":\"ListItem\",\"position\":2,\"name\":\"Shop\",\"item\":\"https:\\\/\\\/fit360.ee\\\/en\\\/shop\\\/\"},{\"@type\":\"ListItem\",\"position\":3,\"name\":\"Dedicated Water Jug (2,2L)\"}]},{\"@type\":\"WebSite\",\"@id\":\"https:\\\/\\\/fit360.ee\\\/en\\\/#website\",\"url\":\"https:\\\/\\\/fit360.ee\\\/en\\\/\",\"name\":\"Fit360\",\"description\":\"\",\"publisher\":{\"@id\":\"https:\\\/\\\/fit360.ee\\\/en\\\/#organization\"},\"potentialAction\":[{\"@type\":\"SearchAction\",\"target\":{\"@type\":\"EntryPoint\",\"urlTemplate\":\"https:\\\/\\\/fit360.ee\\\/en\\\/?s={search_term_string}\"},\"query-input\":{\"@type\":\"PropertyValueSpecification\",\"valueRequired\":true,\"valueName\":\"search_term_string\"}}],\"inLanguage\":\"en-US\"},{\"@type\":\"Organization\",\"@id\":\"https:\\\/\\\/fit360.ee\\\/en\\\/#organization\",\"name\":\"Fit360\",\"url\":\"https:\\\/\\\/fit360.ee\\\/en\\\/\",\"logo\":{\"@type\":\"ImageObject\",\"inLanguage\":\"en-US\",\"@id\":\"https:\\\/\\\/fit360.ee\\\/en\\\/#\\\/schema\\\/logo\\\/image\\\/\",\"url\":\"https:\\\/\\\/fit360.ee\\\/wp-content\\\/uploads\\\/2017\\\/01\\\/logo-fit360.png\",\"contentUrl\":\"https:\\\/\\\/fit360.ee\\\/wp-content\\\/uploads\\\/2017\\\/01\\\/logo-fit360.png\",\"width\":180,\"height\":66,\"caption\":\"Fit360\"},\"image\":{\"@id\":\"https:\\\/\\\/fit360.ee\\\/en\\\/#\\\/schema\\\/logo\\\/image\\\/\"}}]}<\/script>\n<!-- \/ Yoast SEO plugin. -->","yoast_head_json":{"title":"Dedicated Water Jug (2,2L) - Suure mahutuvusega Joogipudel - Fit360","description":"Dedicated Water Jug on 2.2 liitrise mahutavusega. N\u00f6\u00f6riga k\u00fclge kinnitatud keeratav kork. Sertifitseeritud BPA vaba. Matt must viimistlus. Lekkekindel.","robots":{"index":"index","follow":"follow","max-snippet":"max-snippet:-1","max-image-preview":"max-image-preview:large","max-video-preview":"max-video-preview:-1"},"canonical":"https:\/\/fit360.ee\/en\/pood\/training-equipment-en\/drinking-bottles-en\/dedicated-water-jug-22l\/","og_locale":"en_US","og_type":"article","og_title":"Dedicated Water Jug (2,2L) - Suure mahutuvusega Joogipudel - Fit360","og_description":"Dedicated Water Jug on 2.2 liitrise mahutavusega. N\u00f6\u00f6riga k\u00fclge kinnitatud keeratav kork. Sertifitseeritud BPA vaba. Matt must viimistlus. Lekkekindel.","og_url":"https:\/\/fit360.ee\/en\/pood\/training-equipment-en\/drinking-bottles-en\/dedicated-water-jug-22l\/","og_site_name":"Fit360","article_modified_time":"2026-04-11T07:27:03+00:00","og_image":[{"width":800,"height":800,"url":"https:\/\/fit360.ee\/wp-content\/uploads\/2023\/11\/dedicated-water-jug-fit360.ee_.jpg","type":"image\/jpeg"}],"twitter_card":"summary_large_image","twitter_misc":{"Est. reading time":"1 minute"},"schema":{"@context":"https:\/\/schema.org","@graph":[{"@type":"WebPage","@id":"https:\/\/fit360.ee\/en\/pood\/training-equipment-en\/drinking-bottles-en\/dedicated-water-jug-22l\/","url":"https:\/\/fit360.ee\/en\/pood\/training-equipment-en\/drinking-bottles-en\/dedicated-water-jug-22l\/","name":"Dedicated Water Jug (2,2L) - Suure mahutuvusega Joogipudel - Fit360","isPartOf":{"@id":"https:\/\/fit360.ee\/en\/#website"},"primaryImageOfPage":{"@id":"https:\/\/fit360.ee\/en\/pood\/training-equipment-en\/drinking-bottles-en\/dedicated-water-jug-22l\/#primaryimage"},"image":{"@id":"https:\/\/fit360.ee\/en\/pood\/training-equipment-en\/drinking-bottles-en\/dedicated-water-jug-22l\/#primaryimage"},"thumbnailUrl":"https:\/\/fit360.ee\/wp-content\/uploads\/2023\/11\/dedicated-water-jug-fit360.ee_.jpg","datePublished":"2023-11-04T09:49:52+00:00","dateModified":"2026-04-11T07:27:03+00:00","description":"Dedicated Water Jug on 2.2 liitrise mahutavusega. N\u00f6\u00f6riga k\u00fclge kinnitatud keeratav kork. Sertifitseeritud BPA vaba. Matt must viimistlus. Lekkekindel.","breadcrumb":{"@id":"https:\/\/fit360.ee\/en\/pood\/training-equipment-en\/drinking-bottles-en\/dedicated-water-jug-22l\/#breadcrumb"},"inLanguage":"en-US","potentialAction":[{"@type":"ReadAction","target":["https:\/\/fit360.ee\/en\/pood\/training-equipment-en\/drinking-bottles-en\/dedicated-water-jug-22l\/"]}]},{"@type":"ImageObject","inLanguage":"en-US","@id":"https:\/\/fit360.ee\/en\/pood\/training-equipment-en\/drinking-bottles-en\/dedicated-water-jug-22l\/#primaryimage","url":"https:\/\/fit360.ee\/wp-content\/uploads\/2023\/11\/dedicated-water-jug-fit360.ee_.jpg","contentUrl":"https:\/\/fit360.ee\/wp-content\/uploads\/2023\/11\/dedicated-water-jug-fit360.ee_.jpg","width":800,"height":800,"caption":"dedicated water jug - fit360.ee"},{"@type":"BreadcrumbList","@id":"https:\/\/fit360.ee\/en\/pood\/training-equipment-en\/drinking-bottles-en\/dedicated-water-jug-22l\/#breadcrumb","itemListElement":[{"@type":"ListItem","position":1,"name":"Home","item":"https:\/\/fit360.ee\/en\/"},{"@type":"ListItem","position":2,"name":"Shop","item":"https:\/\/fit360.ee\/en\/shop\/"},{"@type":"ListItem","position":3,"name":"Dedicated Water Jug (2,2L)"}]},{"@type":"WebSite","@id":"https:\/\/fit360.ee\/en\/#website","url":"https:\/\/fit360.ee\/en\/","name":"Fit360","description":"","publisher":{"@id":"https:\/\/fit360.ee\/en\/#organization"},"potentialAction":[{"@type":"SearchAction","target":{"@type":"EntryPoint","urlTemplate":"https:\/\/fit360.ee\/en\/?s={search_term_string}"},"query-input":{"@type":"PropertyValueSpecification","valueRequired":true,"valueName":"search_term_string"}}],"inLanguage":"en-US"},{"@type":"Organization","@id":"https:\/\/fit360.ee\/en\/#organization","name":"Fit360","url":"https:\/\/fit360.ee\/en\/","logo":{"@type":"ImageObject","inLanguage":"en-US","@id":"https:\/\/fit360.ee\/en\/#\/schema\/logo\/image\/","url":"https:\/\/fit360.ee\/wp-content\/uploads\/2017\/01\/logo-fit360.png","contentUrl":"https:\/\/fit360.ee\/wp-content\/uploads\/2017\/01\/logo-fit360.png","width":180,"height":66,"caption":"Fit360"},"image":{"@id":"https:\/\/fit360.ee\/en\/#\/schema\/logo\/image\/"}}]}},"_links":{"self":[{"href":"https:\/\/fit360.ee\/en\/wp-json\/wp\/v2\/product\/74682","targetHints":{"allow":["GET"]}}],"collection":[{"href":"https:\/\/fit360.ee\/en\/wp-json\/wp\/v2\/product"}],"about":[{"href":"https:\/\/fit360.ee\/en\/wp-json\/wp\/v2\/types\/product"}],"replies":[{"embeddable":true,"href":"https:\/\/fit360.ee\/en\/wp-json\/wp\/v2\/comments?post=74682"}],"wp:featuredmedia":[{"embeddable":true,"href":"https:\/\/fit360.ee\/en\/wp-json\/wp\/v2\/media\/74681"}],"wp:attachment":[{"href":"https:\/\/fit360.ee\/en\/wp-json\/wp\/v2\/media?parent=74682"}],"wp:term":[{"taxonomy":"product_brand","embeddable":true,"href":"https:\/\/fit360.ee\/en\/wp-json\/wp\/v2\/product_brand?post=74682"},{"taxonomy":"product_cat","embeddable":true,"href":"https:\/\/fit360.ee\/en\/wp-json\/wp\/v2\/product_cat?post=74682"},{"taxonomy":"product_tag","embeddable":true,"href":"https:\/\/fit360.ee\/en\/wp-json\/wp\/v2\/product_tag?post=74682"},{"taxonomy":"giftcard-category","embeddable":true,"href":"https:\/\/fit360.ee\/en\/wp-json\/wp\/v2\/giftcard-category?post=74682"}],"curies":[{"name":"wp","href":"https:\/\/api.w.org\/{rel}","templated":true}]}}