{"id":74872,"date":"2023-11-08T13:45:23","date_gmt":"2023-11-08T11:45:23","guid":{"rendered":"https:\/\/fit360.ee\/pood\/uncategorized\/bb-curve-scrunch-leggings\/"},"modified":"2026-04-10T12:13:09","modified_gmt":"2026-04-10T10:13:09","slug":"bb-curve-scrunch-leggings","status":"publish","type":"product","link":"https:\/\/fit360.ee\/en\/pood\/training-equipment-en\/fitness-clothing-en\/bb-curve-scrunch-leggings\/","title":{"rendered":"BB Curve Scrunch Leggings"},"content":{"rendered":"<h2><strong>Curve Scrunch Leggings<\/strong><\/h2>\n<p>Curve Scrunch Leggings on \u00f5mblusteta retuusid, mis on valmistatud pehmest kangast ja on pehme k\u00e4ega. Kumerustega liialdamiseks on lisatud kriimustus\u00f5mblus ja Better Bodies&#8217;i tunnusk\u00f5ver \u00fcmber keha keskosa ja reie allosas. T\u00e4ieliku v\u00e4limuse saamiseks vaadake sobivat <a href=\"https:\/\/fit360.ee\/en\/pood\/training-equipment-en\/fitness-clothing-en\/bb-curve-scrunch-bra\/\"><strong>Curve Scrunch rinnahoidjat<\/strong><\/a>.<\/p>\n<p>Liikuva kanga t\u00f5ttu v\u00f5ib teil tekkida kiusatus suurust v\u00e4hendada, kuid optimaalse sobivuse ja kriimustuse saavutamiseks valige oma tavaline suurus.<\/p>\n<p><strong>M\u00c4RKUS:<\/strong> Curve Scrunch Leggings on hea kvaliteedi tagamiseks testitud surve all. Olge nende selga panemisel ettevaatlik, et v\u00e4hendada \u00f5mblusele avaldatavat survet.\u00a0T\u00f5mmake need \u00fcle oma reite, enne kui t\u00f5mbate kr\u00f5mpsu \u00fcles.<\/p>\n<p><strong>Sobivus:<\/strong>\u00a0Tihe<br \/>\n<strong>Pikkus:<\/strong> T\u00e4ismaterjal<strong>:<\/strong>\u00a071% pol\u00fcamiid 22% pol\u00fcester 7% elastaan<br \/>\n<strong>\u200b\u200bOmadused:<\/strong>\u00a0\u00d5mblusteta, painduv, pehme k\u00e4ega, hingav, v\u00f6\u00f6kohal soonik, seljal kriimustus<\/p>\n<p><a href=\"https:\/\/fit360.ee\/wp-content\/uploads\/2023\/11\/bb-curve-scrunch-leggings-blue-melange-fit360.ee_-800x800.jpg\"><img loading=\"lazy\" decoding=\"async\" class=\"size-medium wp-image-74842\" src=\"https:\/\/fit360.ee\/wp-content\/uploads\/2023\/11\/bb-curve-scrunch-leggings-blue-melange-fit360.ee_-800x800.jpg\" alt=\"bb curve scrunch leggings blue melange - fit360.ee\" width=\"800\" height=\"800\" srcset=\"https:\/\/fit360.ee\/wp-content\/uploads\/2023\/11\/bb-curve-scrunch-leggings-blue-melange-fit360.ee_-800x800.jpg 800w, https:\/\/fit360.ee\/wp-content\/uploads\/2023\/11\/bb-curve-scrunch-leggings-blue-melange-fit360.ee_-247x247.jpg 247w, https:\/\/fit360.ee\/wp-content\/uploads\/2023\/11\/bb-curve-scrunch-leggings-blue-melange-fit360.ee_-100x100.jpg 100w, https:\/\/fit360.ee\/wp-content\/uploads\/2023\/11\/bb-curve-scrunch-leggings-blue-melange-fit360.ee_-510x510.jpg 510w, https:\/\/fit360.ee\/wp-content\/uploads\/2023\/11\/bb-curve-scrunch-leggings-blue-melange-fit360.ee_-340x340.jpg 340w, https:\/\/fit360.ee\/wp-content\/uploads\/2023\/11\/bb-curve-scrunch-leggings-blue-melange-fit360.ee_-768x768.jpg 768w, https:\/\/fit360.ee\/wp-content\/uploads\/2023\/11\/bb-curve-scrunch-leggings-blue-melange-fit360.ee_.jpg 1000w\" sizes=\"auto, (max-width: 800px) 100vw, 800px\" \/><\/a><\/p>\n<p><a href=\"https:\/\/fit360.ee\/wp-content\/uploads\/2023\/11\/curve-scrunch-leggings-lilla-fit360.ee_-800x800.jpg\"><img loading=\"lazy\" decoding=\"async\" class=\"size-medium wp-image-74848\" src=\"https:\/\/fit360.ee\/wp-content\/uploads\/2023\/11\/curve-scrunch-leggings-lilla-fit360.ee_-800x800.jpg\" alt=\"curve scrunch leggings lilla - fit360.ee\" width=\"800\" height=\"800\" srcset=\"https:\/\/fit360.ee\/wp-content\/uploads\/2023\/11\/curve-scrunch-leggings-lilla-fit360.ee_-800x800.jpg 800w, https:\/\/fit360.ee\/wp-content\/uploads\/2023\/11\/curve-scrunch-leggings-lilla-fit360.ee_-247x247.jpg 247w, https:\/\/fit360.ee\/wp-content\/uploads\/2023\/11\/curve-scrunch-leggings-lilla-fit360.ee_-100x100.jpg 100w, https:\/\/fit360.ee\/wp-content\/uploads\/2023\/11\/curve-scrunch-leggings-lilla-fit360.ee_-510x510.jpg 510w, https:\/\/fit360.ee\/wp-content\/uploads\/2023\/11\/curve-scrunch-leggings-lilla-fit360.ee_-340x340.jpg 340w, https:\/\/fit360.ee\/wp-content\/uploads\/2023\/11\/curve-scrunch-leggings-lilla-fit360.ee_-768x768.jpg 768w, https:\/\/fit360.ee\/wp-content\/uploads\/2023\/11\/curve-scrunch-leggings-lilla-fit360.ee_.jpg 1000w\" sizes=\"auto, (max-width: 800px) 100vw, 800px\" \/><\/a><\/p>\n<p><a href=\"https:\/\/fit360.ee\/wp-content\/uploads\/2023\/11\/bb-curve-scrunch-leggings-fit360.ee_-800x800.jpg\"><img loading=\"lazy\" decoding=\"async\" class=\"size-medium wp-image-74850\" src=\"https:\/\/fit360.ee\/wp-content\/uploads\/2023\/11\/bb-curve-scrunch-leggings-fit360.ee_-800x800.jpg\" alt=\"bb curve scrunch leggings - fit360.ee\" width=\"800\" height=\"800\" srcset=\"https:\/\/fit360.ee\/wp-content\/uploads\/2023\/11\/bb-curve-scrunch-leggings-fit360.ee_-800x800.jpg 800w, https:\/\/fit360.ee\/wp-content\/uploads\/2023\/11\/bb-curve-scrunch-leggings-fit360.ee_-247x247.jpg 247w, https:\/\/fit360.ee\/wp-content\/uploads\/2023\/11\/bb-curve-scrunch-leggings-fit360.ee_-100x100.jpg 100w, https:\/\/fit360.ee\/wp-content\/uploads\/2023\/11\/bb-curve-scrunch-leggings-fit360.ee_-510x510.jpg 510w, https:\/\/fit360.ee\/wp-content\/uploads\/2023\/11\/bb-curve-scrunch-leggings-fit360.ee_-340x340.jpg 340w, https:\/\/fit360.ee\/wp-content\/uploads\/2023\/11\/bb-curve-scrunch-leggings-fit360.ee_-768x768.jpg 768w, https:\/\/fit360.ee\/wp-content\/uploads\/2023\/11\/bb-curve-scrunch-leggings-fit360.ee_.jpg 1000w\" sizes=\"auto, (max-width: 800px) 100vw, 800px\" \/><\/a><\/p>\n<p><a href=\"https:\/\/fit360.ee\/wp-content\/uploads\/2023\/11\/curve-scrunch-leggings-fit360.ee_-800x800.jpg\"><img loading=\"lazy\" decoding=\"async\" class=\"size-medium wp-image-74852\" src=\"https:\/\/fit360.ee\/wp-content\/uploads\/2023\/11\/curve-scrunch-leggings-fit360.ee_-800x800.jpg\" alt=\"curve scrunch leggings - fit360.ee\" width=\"800\" height=\"800\" srcset=\"https:\/\/fit360.ee\/wp-content\/uploads\/2023\/11\/curve-scrunch-leggings-fit360.ee_-800x800.jpg 800w, https:\/\/fit360.ee\/wp-content\/uploads\/2023\/11\/curve-scrunch-leggings-fit360.ee_-247x247.jpg 247w, https:\/\/fit360.ee\/wp-content\/uploads\/2023\/11\/curve-scrunch-leggings-fit360.ee_-100x100.jpg 100w, https:\/\/fit360.ee\/wp-content\/uploads\/2023\/11\/curve-scrunch-leggings-fit360.ee_-510x510.jpg 510w, https:\/\/fit360.ee\/wp-content\/uploads\/2023\/11\/curve-scrunch-leggings-fit360.ee_-340x340.jpg 340w, https:\/\/fit360.ee\/wp-content\/uploads\/2023\/11\/curve-scrunch-leggings-fit360.ee_-768x768.jpg 768w, https:\/\/fit360.ee\/wp-content\/uploads\/2023\/11\/curve-scrunch-leggings-fit360.ee_.jpg 1000w\" sizes=\"auto, (max-width: 800px) 100vw, 800px\" \/><\/a><\/p>\n<p><a href=\"https:\/\/fit360.ee\/wp-content\/uploads\/2023\/11\/curve-scrunch-leggings-blue-melange-fit360.ee_-800x800.jpg\"><img loading=\"lazy\" decoding=\"async\" class=\"size-medium wp-image-74844\" src=\"https:\/\/fit360.ee\/wp-content\/uploads\/2023\/11\/curve-scrunch-leggings-blue-melange-fit360.ee_-800x800.jpg\" alt=\"curve scrunch leggings blue melange - fit360.ee\" width=\"800\" height=\"800\" srcset=\"https:\/\/fit360.ee\/wp-content\/uploads\/2023\/11\/curve-scrunch-leggings-blue-melange-fit360.ee_-800x800.jpg 800w, https:\/\/fit360.ee\/wp-content\/uploads\/2023\/11\/curve-scrunch-leggings-blue-melange-fit360.ee_-247x247.jpg 247w, https:\/\/fit360.ee\/wp-content\/uploads\/2023\/11\/curve-scrunch-leggings-blue-melange-fit360.ee_-100x100.jpg 100w, https:\/\/fit360.ee\/wp-content\/uploads\/2023\/11\/curve-scrunch-leggings-blue-melange-fit360.ee_-510x510.jpg 510w, https:\/\/fit360.ee\/wp-content\/uploads\/2023\/11\/curve-scrunch-leggings-blue-melange-fit360.ee_-340x340.jpg 340w, https:\/\/fit360.ee\/wp-content\/uploads\/2023\/11\/curve-scrunch-leggings-blue-melange-fit360.ee_-768x768.jpg 768w, https:\/\/fit360.ee\/wp-content\/uploads\/2023\/11\/curve-scrunch-leggings-blue-melange-fit360.ee_.jpg 1000w\" sizes=\"auto, (max-width: 800px) 100vw, 800px\" \/><\/a><\/p>\n<p><a href=\"https:\/\/fit360.ee\/wp-content\/uploads\/2023\/11\/bb-curve-scrunch-leggings-lilla-fit360.ee_-800x800.jpg\"><img loading=\"lazy\" decoding=\"async\" class=\"size-medium wp-image-74846\" src=\"https:\/\/fit360.ee\/wp-content\/uploads\/2023\/11\/bb-curve-scrunch-leggings-lilla-fit360.ee_-800x800.jpg\" alt=\"bb curve scrunch leggings lilla - fit360.ee\" width=\"800\" height=\"800\" srcset=\"https:\/\/fit360.ee\/wp-content\/uploads\/2023\/11\/bb-curve-scrunch-leggings-lilla-fit360.ee_-800x800.jpg 800w, https:\/\/fit360.ee\/wp-content\/uploads\/2023\/11\/bb-curve-scrunch-leggings-lilla-fit360.ee_-247x247.jpg 247w, https:\/\/fit360.ee\/wp-content\/uploads\/2023\/11\/bb-curve-scrunch-leggings-lilla-fit360.ee_-100x100.jpg 100w, https:\/\/fit360.ee\/wp-content\/uploads\/2023\/11\/bb-curve-scrunch-leggings-lilla-fit360.ee_-510x510.jpg 510w, https:\/\/fit360.ee\/wp-content\/uploads\/2023\/11\/bb-curve-scrunch-leggings-lilla-fit360.ee_-340x340.jpg 340w, https:\/\/fit360.ee\/wp-content\/uploads\/2023\/11\/bb-curve-scrunch-leggings-lilla-fit360.ee_-768x768.jpg 768w, https:\/\/fit360.ee\/wp-content\/uploads\/2023\/11\/bb-curve-scrunch-leggings-lilla-fit360.ee_.jpg 1000w\" sizes=\"auto, (max-width: 800px) 100vw, 800px\" \/><\/a><\/p>\n<p>&nbsp;<\/p>\n<p>Vaata ka meie teisi Treeningriideid <a href=\"https:\/\/fit360.ee\/en\/product-category\/training-equipment-en\/fitness-clothing-en\/\"><strong>SIIT<\/strong><\/a>!<\/p>\n","protected":false},"excerpt":{"rendered":"<p><strong>Sobivus:<\/strong>\u00a0Tihe<br \/>\n<strong>Pikkus:<\/strong> T\u00e4ismaterjal<strong>:<\/strong>\u00a071% pol\u00fcamiid 22% pol\u00fcester 7% elastaan<br \/>\n<strong>\u200b\u200bOmadused:<\/strong>\u00a0\u00d5mblusteta, painduv, pehme k\u00e4ega, hingav, v\u00f6\u00f6kohal soonik, seljal kriimustus<\/p>\n","protected":false},"featured_media":74853,"comment_status":"closed","ping_status":"closed","template":"","meta":[],"product_brand":[],"product_cat":[547,538],"product_tag":[2522,4607],"giftcard-category":[],"class_list":{"0":"post-74872","1":"product","2":"type-product","3":"status-publish","4":"has-post-thumbnail","6":"product_cat-fitness-clothing-en","7":"product_cat-training-equipment-en","8":"product_tag-better-bodies-en","9":"product_tag-curve-scrunch-leggings-en","10":"pa_suurus-l","11":"pa_suurus-m","12":"pa_suurus-s","13":"pa_suurus-xl","14":"pa_suurus-xs","15":"pa_varvus-light-blue","16":"pa_varvus-athletic-purple-en","17":"pa_varvus-black","18":"pa_varvus-pink","19":"pa_varvus-red","21":"first","22":"instock","23":"sale","24":"taxable","25":"shipping-taxable","26":"purchasable","27":"product-type-variable"},"yoast_head":"<!-- This site is optimized with the Yoast SEO plugin v27.3 - https:\/\/yoast.com\/product\/yoast-seo-wordpress\/ -->\n<title>BB Curve Scrunch Leggings - Toovad kumerused esile - Kiire Tarne - Fit360<\/title>\n<meta name=\"description\" content=\"Curve Scrunch Leggings on \u00f5mblusteta retuusid, mis on valmistatud pehmest kangast ja on pehme k\u00e4ega. Kumerustega liialdamiseks on lisatud kriimustus\u00f5mb...\" \/>\n<meta name=\"robots\" content=\"index, follow, max-snippet:-1, max-image-preview:large, max-video-preview:-1\" \/>\n<link rel=\"canonical\" href=\"https:\/\/fit360.ee\/en\/pood\/training-equipment-en\/fitness-clothing-en\/bb-curve-scrunch-leggings\/\" \/>\n<meta property=\"og:locale\" content=\"en_US\" \/>\n<meta property=\"og:type\" content=\"article\" \/>\n<meta property=\"og:title\" content=\"BB Curve Scrunch Leggings - Toovad kumerused esile - Kiire Tarne - Fit360\" \/>\n<meta property=\"og:description\" content=\"Curve Scrunch Leggings on \u00f5mblusteta retuusid, mis on valmistatud pehmest kangast ja on pehme k\u00e4ega. Kumerustega liialdamiseks on lisatud kriimustus\u00f5mb...\" \/>\n<meta property=\"og:url\" content=\"https:\/\/fit360.ee\/en\/pood\/training-equipment-en\/fitness-clothing-en\/bb-curve-scrunch-leggings\/\" \/>\n<meta property=\"og:site_name\" content=\"Fit360\" \/>\n<meta property=\"article:modified_time\" content=\"2026-04-10T10:13:09+00:00\" \/>\n<meta property=\"og:image\" content=\"https:\/\/fit360.ee\/wp-content\/uploads\/2023\/11\/curve-scrunch-leggings-fit360.ee_.jpg\" \/>\n\t<meta property=\"og:image:width\" content=\"1000\" \/>\n\t<meta property=\"og:image:height\" content=\"1000\" \/>\n\t<meta property=\"og:image:type\" content=\"image\/jpeg\" \/>\n<meta name=\"twitter:card\" content=\"summary_large_image\" \/>\n<meta name=\"twitter:label1\" content=\"Est. reading time\" \/>\n\t<meta name=\"twitter:data1\" content=\"2 minutes\" \/>\n<script type=\"application\/ld+json\" class=\"yoast-schema-graph\">{\"@context\":\"https:\\\/\\\/schema.org\",\"@graph\":[{\"@type\":\"WebPage\",\"@id\":\"https:\\\/\\\/fit360.ee\\\/en\\\/pood\\\/training-equipment-en\\\/fitness-clothing-en\\\/bb-curve-scrunch-leggings\\\/\",\"url\":\"https:\\\/\\\/fit360.ee\\\/en\\\/pood\\\/training-equipment-en\\\/fitness-clothing-en\\\/bb-curve-scrunch-leggings\\\/\",\"name\":\"BB Curve Scrunch Leggings - Toovad kumerused esile - Kiire Tarne - Fit360\",\"isPartOf\":{\"@id\":\"https:\\\/\\\/fit360.ee\\\/en\\\/#website\"},\"primaryImageOfPage\":{\"@id\":\"https:\\\/\\\/fit360.ee\\\/en\\\/pood\\\/training-equipment-en\\\/fitness-clothing-en\\\/bb-curve-scrunch-leggings\\\/#primaryimage\"},\"image\":{\"@id\":\"https:\\\/\\\/fit360.ee\\\/en\\\/pood\\\/training-equipment-en\\\/fitness-clothing-en\\\/bb-curve-scrunch-leggings\\\/#primaryimage\"},\"thumbnailUrl\":\"https:\\\/\\\/fit360.ee\\\/wp-content\\\/uploads\\\/2023\\\/11\\\/curve-scrunch-leggings-fit360.ee_.jpg\",\"datePublished\":\"2023-11-08T11:45:23+00:00\",\"dateModified\":\"2026-04-10T10:13:09+00:00\",\"description\":\"Curve Scrunch Leggings on \u00f5mblusteta retuusid, mis on valmistatud pehmest kangast ja on pehme k\u00e4ega. Kumerustega liialdamiseks on lisatud kriimustus\u00f5mb...\",\"breadcrumb\":{\"@id\":\"https:\\\/\\\/fit360.ee\\\/en\\\/pood\\\/training-equipment-en\\\/fitness-clothing-en\\\/bb-curve-scrunch-leggings\\\/#breadcrumb\"},\"inLanguage\":\"en-US\",\"potentialAction\":[{\"@type\":\"ReadAction\",\"target\":[\"https:\\\/\\\/fit360.ee\\\/en\\\/pood\\\/training-equipment-en\\\/fitness-clothing-en\\\/bb-curve-scrunch-leggings\\\/\"]}]},{\"@type\":\"ImageObject\",\"inLanguage\":\"en-US\",\"@id\":\"https:\\\/\\\/fit360.ee\\\/en\\\/pood\\\/training-equipment-en\\\/fitness-clothing-en\\\/bb-curve-scrunch-leggings\\\/#primaryimage\",\"url\":\"https:\\\/\\\/fit360.ee\\\/wp-content\\\/uploads\\\/2023\\\/11\\\/curve-scrunch-leggings-fit360.ee_.jpg\",\"contentUrl\":\"https:\\\/\\\/fit360.ee\\\/wp-content\\\/uploads\\\/2023\\\/11\\\/curve-scrunch-leggings-fit360.ee_.jpg\",\"width\":1000,\"height\":1000,\"caption\":\"curve scrunch leggings - fit360.ee\"},{\"@type\":\"BreadcrumbList\",\"@id\":\"https:\\\/\\\/fit360.ee\\\/en\\\/pood\\\/training-equipment-en\\\/fitness-clothing-en\\\/bb-curve-scrunch-leggings\\\/#breadcrumb\",\"itemListElement\":[{\"@type\":\"ListItem\",\"position\":1,\"name\":\"Home\",\"item\":\"https:\\\/\\\/fit360.ee\\\/en\\\/\"},{\"@type\":\"ListItem\",\"position\":2,\"name\":\"Shop\",\"item\":\"https:\\\/\\\/fit360.ee\\\/en\\\/shop\\\/\"},{\"@type\":\"ListItem\",\"position\":3,\"name\":\"BB Curve Scrunch Leggings\"}]},{\"@type\":\"WebSite\",\"@id\":\"https:\\\/\\\/fit360.ee\\\/en\\\/#website\",\"url\":\"https:\\\/\\\/fit360.ee\\\/en\\\/\",\"name\":\"Fit360\",\"description\":\"\",\"publisher\":{\"@id\":\"https:\\\/\\\/fit360.ee\\\/en\\\/#organization\"},\"potentialAction\":[{\"@type\":\"SearchAction\",\"target\":{\"@type\":\"EntryPoint\",\"urlTemplate\":\"https:\\\/\\\/fit360.ee\\\/en\\\/?s={search_term_string}\"},\"query-input\":{\"@type\":\"PropertyValueSpecification\",\"valueRequired\":true,\"valueName\":\"search_term_string\"}}],\"inLanguage\":\"en-US\"},{\"@type\":\"Organization\",\"@id\":\"https:\\\/\\\/fit360.ee\\\/en\\\/#organization\",\"name\":\"Fit360\",\"url\":\"https:\\\/\\\/fit360.ee\\\/en\\\/\",\"logo\":{\"@type\":\"ImageObject\",\"inLanguage\":\"en-US\",\"@id\":\"https:\\\/\\\/fit360.ee\\\/en\\\/#\\\/schema\\\/logo\\\/image\\\/\",\"url\":\"https:\\\/\\\/fit360.ee\\\/wp-content\\\/uploads\\\/2017\\\/01\\\/logo-fit360.png\",\"contentUrl\":\"https:\\\/\\\/fit360.ee\\\/wp-content\\\/uploads\\\/2017\\\/01\\\/logo-fit360.png\",\"width\":180,\"height\":66,\"caption\":\"Fit360\"},\"image\":{\"@id\":\"https:\\\/\\\/fit360.ee\\\/en\\\/#\\\/schema\\\/logo\\\/image\\\/\"}}]}<\/script>\n<!-- \/ Yoast SEO plugin. -->","yoast_head_json":{"title":"BB Curve Scrunch Leggings - Toovad kumerused esile - Kiire Tarne - Fit360","description":"Curve Scrunch Leggings on \u00f5mblusteta retuusid, mis on valmistatud pehmest kangast ja on pehme k\u00e4ega. Kumerustega liialdamiseks on lisatud kriimustus\u00f5mb...","robots":{"index":"index","follow":"follow","max-snippet":"max-snippet:-1","max-image-preview":"max-image-preview:large","max-video-preview":"max-video-preview:-1"},"canonical":"https:\/\/fit360.ee\/en\/pood\/training-equipment-en\/fitness-clothing-en\/bb-curve-scrunch-leggings\/","og_locale":"en_US","og_type":"article","og_title":"BB Curve Scrunch Leggings - Toovad kumerused esile - Kiire Tarne - Fit360","og_description":"Curve Scrunch Leggings on \u00f5mblusteta retuusid, mis on valmistatud pehmest kangast ja on pehme k\u00e4ega. Kumerustega liialdamiseks on lisatud kriimustus\u00f5mb...","og_url":"https:\/\/fit360.ee\/en\/pood\/training-equipment-en\/fitness-clothing-en\/bb-curve-scrunch-leggings\/","og_site_name":"Fit360","article_modified_time":"2026-04-10T10:13:09+00:00","og_image":[{"width":1000,"height":1000,"url":"https:\/\/fit360.ee\/wp-content\/uploads\/2023\/11\/curve-scrunch-leggings-fit360.ee_.jpg","type":"image\/jpeg"}],"twitter_card":"summary_large_image","twitter_misc":{"Est. reading time":"2 minutes"},"schema":{"@context":"https:\/\/schema.org","@graph":[{"@type":"WebPage","@id":"https:\/\/fit360.ee\/en\/pood\/training-equipment-en\/fitness-clothing-en\/bb-curve-scrunch-leggings\/","url":"https:\/\/fit360.ee\/en\/pood\/training-equipment-en\/fitness-clothing-en\/bb-curve-scrunch-leggings\/","name":"BB Curve Scrunch Leggings - Toovad kumerused esile - Kiire Tarne - Fit360","isPartOf":{"@id":"https:\/\/fit360.ee\/en\/#website"},"primaryImageOfPage":{"@id":"https:\/\/fit360.ee\/en\/pood\/training-equipment-en\/fitness-clothing-en\/bb-curve-scrunch-leggings\/#primaryimage"},"image":{"@id":"https:\/\/fit360.ee\/en\/pood\/training-equipment-en\/fitness-clothing-en\/bb-curve-scrunch-leggings\/#primaryimage"},"thumbnailUrl":"https:\/\/fit360.ee\/wp-content\/uploads\/2023\/11\/curve-scrunch-leggings-fit360.ee_.jpg","datePublished":"2023-11-08T11:45:23+00:00","dateModified":"2026-04-10T10:13:09+00:00","description":"Curve Scrunch Leggings on \u00f5mblusteta retuusid, mis on valmistatud pehmest kangast ja on pehme k\u00e4ega. Kumerustega liialdamiseks on lisatud kriimustus\u00f5mb...","breadcrumb":{"@id":"https:\/\/fit360.ee\/en\/pood\/training-equipment-en\/fitness-clothing-en\/bb-curve-scrunch-leggings\/#breadcrumb"},"inLanguage":"en-US","potentialAction":[{"@type":"ReadAction","target":["https:\/\/fit360.ee\/en\/pood\/training-equipment-en\/fitness-clothing-en\/bb-curve-scrunch-leggings\/"]}]},{"@type":"ImageObject","inLanguage":"en-US","@id":"https:\/\/fit360.ee\/en\/pood\/training-equipment-en\/fitness-clothing-en\/bb-curve-scrunch-leggings\/#primaryimage","url":"https:\/\/fit360.ee\/wp-content\/uploads\/2023\/11\/curve-scrunch-leggings-fit360.ee_.jpg","contentUrl":"https:\/\/fit360.ee\/wp-content\/uploads\/2023\/11\/curve-scrunch-leggings-fit360.ee_.jpg","width":1000,"height":1000,"caption":"curve scrunch leggings - fit360.ee"},{"@type":"BreadcrumbList","@id":"https:\/\/fit360.ee\/en\/pood\/training-equipment-en\/fitness-clothing-en\/bb-curve-scrunch-leggings\/#breadcrumb","itemListElement":[{"@type":"ListItem","position":1,"name":"Home","item":"https:\/\/fit360.ee\/en\/"},{"@type":"ListItem","position":2,"name":"Shop","item":"https:\/\/fit360.ee\/en\/shop\/"},{"@type":"ListItem","position":3,"name":"BB Curve Scrunch Leggings"}]},{"@type":"WebSite","@id":"https:\/\/fit360.ee\/en\/#website","url":"https:\/\/fit360.ee\/en\/","name":"Fit360","description":"","publisher":{"@id":"https:\/\/fit360.ee\/en\/#organization"},"potentialAction":[{"@type":"SearchAction","target":{"@type":"EntryPoint","urlTemplate":"https:\/\/fit360.ee\/en\/?s={search_term_string}"},"query-input":{"@type":"PropertyValueSpecification","valueRequired":true,"valueName":"search_term_string"}}],"inLanguage":"en-US"},{"@type":"Organization","@id":"https:\/\/fit360.ee\/en\/#organization","name":"Fit360","url":"https:\/\/fit360.ee\/en\/","logo":{"@type":"ImageObject","inLanguage":"en-US","@id":"https:\/\/fit360.ee\/en\/#\/schema\/logo\/image\/","url":"https:\/\/fit360.ee\/wp-content\/uploads\/2017\/01\/logo-fit360.png","contentUrl":"https:\/\/fit360.ee\/wp-content\/uploads\/2017\/01\/logo-fit360.png","width":180,"height":66,"caption":"Fit360"},"image":{"@id":"https:\/\/fit360.ee\/en\/#\/schema\/logo\/image\/"}}]}},"_links":{"self":[{"href":"https:\/\/fit360.ee\/en\/wp-json\/wp\/v2\/product\/74872","targetHints":{"allow":["GET"]}}],"collection":[{"href":"https:\/\/fit360.ee\/en\/wp-json\/wp\/v2\/product"}],"about":[{"href":"https:\/\/fit360.ee\/en\/wp-json\/wp\/v2\/types\/product"}],"replies":[{"embeddable":true,"href":"https:\/\/fit360.ee\/en\/wp-json\/wp\/v2\/comments?post=74872"}],"wp:featuredmedia":[{"embeddable":true,"href":"https:\/\/fit360.ee\/en\/wp-json\/wp\/v2\/media\/74853"}],"wp:attachment":[{"href":"https:\/\/fit360.ee\/en\/wp-json\/wp\/v2\/media?parent=74872"}],"wp:term":[{"taxonomy":"product_brand","embeddable":true,"href":"https:\/\/fit360.ee\/en\/wp-json\/wp\/v2\/product_brand?post=74872"},{"taxonomy":"product_cat","embeddable":true,"href":"https:\/\/fit360.ee\/en\/wp-json\/wp\/v2\/product_cat?post=74872"},{"taxonomy":"product_tag","embeddable":true,"href":"https:\/\/fit360.ee\/en\/wp-json\/wp\/v2\/product_tag?post=74872"},{"taxonomy":"giftcard-category","embeddable":true,"href":"https:\/\/fit360.ee\/en\/wp-json\/wp\/v2\/giftcard-category?post=74872"}],"curies":[{"name":"wp","href":"https:\/\/api.w.org\/{rel}","templated":true}]}}