{"id":75005,"date":"2023-11-09T15:19:13","date_gmt":"2023-11-09T13:19:13","guid":{"rendered":"https:\/\/fit360.ee\/pood\/uncategorized\/bb-entice-scrunch-leggings\/"},"modified":"2026-04-10T12:13:11","modified_gmt":"2026-04-10T10:13:11","slug":"bb-entice-scrunch-leggings","status":"publish","type":"product","link":"https:\/\/fit360.ee\/en\/pood\/training-equipment-en\/fitness-clothing-en\/bb-entice-scrunch-leggings\/","title":{"rendered":"BB Entice Scrunch Leggings"},"content":{"rendered":"<h2><strong>Entice Scrunch Leggings<\/strong><\/h2>\n<p><strong>Sobivus:<\/strong>\u00a0\u00f5huke<br \/>\n<strong>V\u00f6\u00f6koht:<\/strong>\u00a0k\u00f5rge<br \/>\n<strong>Pikkus:<\/strong> t\u00e4ismaterjal<strong>:<\/strong>\u00a080% nailon 20% spandex<br \/>\n<strong>Omadused:<\/strong>\u00a0lipsuv\u00e4rvi efekt, kriimustusdetailid, logo tagak\u00fcljel, \u00f5mblusteta<\/p>\n<p>Entice Scrunch Leggings on valmistatud elastsest elastsest kangast, mis kallistab teie jalgu \u00f5igetes kohtades. Selja kriimustusefekt parandab teie tuharalihaste kuju ja k\u00f5rge soonikuga v\u00f6\u00f6koht hoiab neid mugavalt paigal, olenemata tegevusest.\u00a0Need \u00f5mblusteta retuusid v\u00f5ivad kiiresti saada Teie lemmikuks. T\u00e4ieliku komplekti saamiseks siduge need Entice&#8217;i spordirinnahoidjaga.<\/p>\n<p><a href=\"https:\/\/fit360.ee\/wp-content\/uploads\/2023\/11\/bb-entice-scrunch-leggings-lilla-fit360.ee_-800x800.jpg\"><img loading=\"lazy\" decoding=\"async\" class=\"size-medium wp-image-74976\" src=\"https:\/\/fit360.ee\/wp-content\/uploads\/2023\/11\/bb-entice-scrunch-leggings-lilla-fit360.ee_-800x800.jpg\" alt=\"bb entice scrunch leggings lilla - fit360.ee\" width=\"800\" height=\"800\" srcset=\"https:\/\/fit360.ee\/wp-content\/uploads\/2023\/11\/bb-entice-scrunch-leggings-lilla-fit360.ee_-800x800.jpg 800w, https:\/\/fit360.ee\/wp-content\/uploads\/2023\/11\/bb-entice-scrunch-leggings-lilla-fit360.ee_-247x247.jpg 247w, https:\/\/fit360.ee\/wp-content\/uploads\/2023\/11\/bb-entice-scrunch-leggings-lilla-fit360.ee_-100x100.jpg 100w, https:\/\/fit360.ee\/wp-content\/uploads\/2023\/11\/bb-entice-scrunch-leggings-lilla-fit360.ee_-510x510.jpg 510w, https:\/\/fit360.ee\/wp-content\/uploads\/2023\/11\/bb-entice-scrunch-leggings-lilla-fit360.ee_-340x340.jpg 340w, https:\/\/fit360.ee\/wp-content\/uploads\/2023\/11\/bb-entice-scrunch-leggings-lilla-fit360.ee_-768x768.jpg 768w, https:\/\/fit360.ee\/wp-content\/uploads\/2023\/11\/bb-entice-scrunch-leggings-lilla-fit360.ee_.jpg 1000w\" sizes=\"auto, (max-width: 800px) 100vw, 800px\" \/><\/a><\/p>\n<p><a href=\"https:\/\/fit360.ee\/wp-content\/uploads\/2023\/11\/entice-scrunch-leggings-lilla-fit360.ee_-800x800.jpg\"><img loading=\"lazy\" decoding=\"async\" class=\"size-medium wp-image-74978\" src=\"https:\/\/fit360.ee\/wp-content\/uploads\/2023\/11\/entice-scrunch-leggings-lilla-fit360.ee_-800x800.jpg\" alt=\"entice scrunch leggings lilla - fit360.ee\" width=\"800\" height=\"800\" srcset=\"https:\/\/fit360.ee\/wp-content\/uploads\/2023\/11\/entice-scrunch-leggings-lilla-fit360.ee_-800x800.jpg 800w, https:\/\/fit360.ee\/wp-content\/uploads\/2023\/11\/entice-scrunch-leggings-lilla-fit360.ee_-247x247.jpg 247w, https:\/\/fit360.ee\/wp-content\/uploads\/2023\/11\/entice-scrunch-leggings-lilla-fit360.ee_-100x100.jpg 100w, https:\/\/fit360.ee\/wp-content\/uploads\/2023\/11\/entice-scrunch-leggings-lilla-fit360.ee_-510x510.jpg 510w, https:\/\/fit360.ee\/wp-content\/uploads\/2023\/11\/entice-scrunch-leggings-lilla-fit360.ee_-340x340.jpg 340w, https:\/\/fit360.ee\/wp-content\/uploads\/2023\/11\/entice-scrunch-leggings-lilla-fit360.ee_-768x768.jpg 768w, https:\/\/fit360.ee\/wp-content\/uploads\/2023\/11\/entice-scrunch-leggings-lilla-fit360.ee_.jpg 1000w\" sizes=\"auto, (max-width: 800px) 100vw, 800px\" \/><\/a><\/p>\n<p><a href=\"https:\/\/fit360.ee\/wp-content\/uploads\/2023\/11\/entice-scrunch-leggings-punane-fit360.ee_-800x800.jpg\"><img loading=\"lazy\" decoding=\"async\" class=\"size-medium wp-image-74984\" src=\"https:\/\/fit360.ee\/wp-content\/uploads\/2023\/11\/entice-scrunch-leggings-punane-fit360.ee_-800x800.jpg\" alt=\"entice scrunch leggings punane - fit360.ee\" width=\"800\" height=\"800\" srcset=\"https:\/\/fit360.ee\/wp-content\/uploads\/2023\/11\/entice-scrunch-leggings-punane-fit360.ee_-800x800.jpg 800w, https:\/\/fit360.ee\/wp-content\/uploads\/2023\/11\/entice-scrunch-leggings-punane-fit360.ee_-247x247.jpg 247w, https:\/\/fit360.ee\/wp-content\/uploads\/2023\/11\/entice-scrunch-leggings-punane-fit360.ee_-100x100.jpg 100w, https:\/\/fit360.ee\/wp-content\/uploads\/2023\/11\/entice-scrunch-leggings-punane-fit360.ee_-510x510.jpg 510w, https:\/\/fit360.ee\/wp-content\/uploads\/2023\/11\/entice-scrunch-leggings-punane-fit360.ee_-340x340.jpg 340w, https:\/\/fit360.ee\/wp-content\/uploads\/2023\/11\/entice-scrunch-leggings-punane-fit360.ee_-768x768.jpg 768w, https:\/\/fit360.ee\/wp-content\/uploads\/2023\/11\/entice-scrunch-leggings-punane-fit360.ee_.jpg 1000w\" sizes=\"auto, (max-width: 800px) 100vw, 800px\" \/><\/a><\/p>\n<p><a href=\"https:\/\/fit360.ee\/wp-content\/uploads\/2023\/11\/entice-scrunch-leggings-red-tie-fit360.ee_-800x800.jpg\"><img loading=\"lazy\" decoding=\"async\" class=\"size-medium wp-image-74986\" src=\"https:\/\/fit360.ee\/wp-content\/uploads\/2023\/11\/entice-scrunch-leggings-red-tie-fit360.ee_-800x800.jpg\" alt=\"entice scrunch leggings red tie - fit360.ee\" width=\"800\" height=\"800\" srcset=\"https:\/\/fit360.ee\/wp-content\/uploads\/2023\/11\/entice-scrunch-leggings-red-tie-fit360.ee_-800x800.jpg 800w, https:\/\/fit360.ee\/wp-content\/uploads\/2023\/11\/entice-scrunch-leggings-red-tie-fit360.ee_-247x247.jpg 247w, https:\/\/fit360.ee\/wp-content\/uploads\/2023\/11\/entice-scrunch-leggings-red-tie-fit360.ee_-100x100.jpg 100w, https:\/\/fit360.ee\/wp-content\/uploads\/2023\/11\/entice-scrunch-leggings-red-tie-fit360.ee_-510x510.jpg 510w, https:\/\/fit360.ee\/wp-content\/uploads\/2023\/11\/entice-scrunch-leggings-red-tie-fit360.ee_-340x340.jpg 340w, https:\/\/fit360.ee\/wp-content\/uploads\/2023\/11\/entice-scrunch-leggings-red-tie-fit360.ee_-768x768.jpg 768w, https:\/\/fit360.ee\/wp-content\/uploads\/2023\/11\/entice-scrunch-leggings-red-tie-fit360.ee_.jpg 1000w\" sizes=\"auto, (max-width: 800px) 100vw, 800px\" \/><\/a><\/p>\n<p><a href=\"https:\/\/fit360.ee\/wp-content\/uploads\/2023\/11\/scrunch-leggings-fit360.ee_-800x800.jpg\"><img loading=\"lazy\" decoding=\"async\" class=\"size-medium wp-image-74988\" src=\"https:\/\/fit360.ee\/wp-content\/uploads\/2023\/11\/scrunch-leggings-fit360.ee_-800x800.jpg\" alt=\"scrunch leggings - fit360.ee\" width=\"800\" height=\"800\" srcset=\"https:\/\/fit360.ee\/wp-content\/uploads\/2023\/11\/scrunch-leggings-fit360.ee_-800x800.jpg 800w, https:\/\/fit360.ee\/wp-content\/uploads\/2023\/11\/scrunch-leggings-fit360.ee_-247x247.jpg 247w, https:\/\/fit360.ee\/wp-content\/uploads\/2023\/11\/scrunch-leggings-fit360.ee_-100x100.jpg 100w, https:\/\/fit360.ee\/wp-content\/uploads\/2023\/11\/scrunch-leggings-fit360.ee_-510x510.jpg 510w, https:\/\/fit360.ee\/wp-content\/uploads\/2023\/11\/scrunch-leggings-fit360.ee_-340x340.jpg 340w, https:\/\/fit360.ee\/wp-content\/uploads\/2023\/11\/scrunch-leggings-fit360.ee_-768x768.jpg 768w, https:\/\/fit360.ee\/wp-content\/uploads\/2023\/11\/scrunch-leggings-fit360.ee_.jpg 1000w\" sizes=\"auto, (max-width: 800px) 100vw, 800px\" \/><\/a><\/p>\n<p><a href=\"https:\/\/fit360.ee\/wp-content\/uploads\/2023\/11\/bb-entice-scrunch-leggings-fit360.ee_-800x800.jpg\"><img loading=\"lazy\" decoding=\"async\" class=\"size-medium wp-image-74990\" src=\"https:\/\/fit360.ee\/wp-content\/uploads\/2023\/11\/bb-entice-scrunch-leggings-fit360.ee_-800x800.jpg\" alt=\"bb entice scrunch leggings -fit360.ee\" width=\"800\" height=\"800\" srcset=\"https:\/\/fit360.ee\/wp-content\/uploads\/2023\/11\/bb-entice-scrunch-leggings-fit360.ee_-800x800.jpg 800w, https:\/\/fit360.ee\/wp-content\/uploads\/2023\/11\/bb-entice-scrunch-leggings-fit360.ee_-247x247.jpg 247w, https:\/\/fit360.ee\/wp-content\/uploads\/2023\/11\/bb-entice-scrunch-leggings-fit360.ee_-100x100.jpg 100w, https:\/\/fit360.ee\/wp-content\/uploads\/2023\/11\/bb-entice-scrunch-leggings-fit360.ee_-510x510.jpg 510w, https:\/\/fit360.ee\/wp-content\/uploads\/2023\/11\/bb-entice-scrunch-leggings-fit360.ee_-340x340.jpg 340w, https:\/\/fit360.ee\/wp-content\/uploads\/2023\/11\/bb-entice-scrunch-leggings-fit360.ee_-768x768.jpg 768w, https:\/\/fit360.ee\/wp-content\/uploads\/2023\/11\/bb-entice-scrunch-leggings-fit360.ee_.jpg 1000w\" sizes=\"auto, (max-width: 800px) 100vw, 800px\" \/><\/a><\/p>\n<p>Vaata ka meie teisi Treeningriideid\u00a0<a href=\"https:\/\/fit360.ee\/en\/product-category\/training-equipment-en\/fitness-clothing-en\/\"><strong>SIIT<\/strong><\/a>!<\/p>\n","protected":false},"excerpt":{"rendered":"<p><strong>Sobivus<\/strong>:\u00a0\u00f5huke<br \/>\n<strong>V\u00f6\u00f6koh<\/strong>t:\u00a0k\u00f5rge<br \/>\n<strong>Pikkus<\/strong>: t\u00e4ismaterjal:\u00a080% nailon 20% spandex<br \/>\n<strong>Omadused<\/strong>:\u00a0lipsuv\u00e4rvi efekt, kriimustusdetailid, logo tagak\u00fcljel, \u00f5mblusteta<\/p>\n","protected":false},"featured_media":74975,"comment_status":"closed","ping_status":"closed","template":"","meta":[],"product_brand":[],"product_cat":[547,538],"product_tag":[2522,4611],"giftcard-category":[],"class_list":{"0":"post-75005","1":"product","2":"type-product","3":"status-publish","4":"has-post-thumbnail","6":"product_cat-fitness-clothing-en","7":"product_cat-training-equipment-en","8":"product_tag-better-bodies-en","9":"product_tag-entice-scrunch-leggings-en","10":"pa_suurus-l","11":"pa_suurus-m","12":"pa_suurus-s","13":"pa_suurus-xs","14":"pa_varvus-black","15":"pa_varvus-purple","16":"pa_varvus-red","18":"first","19":"instock","20":"sale","21":"taxable","22":"shipping-taxable","23":"purchasable","24":"product-type-variable"},"yoast_head":"<!-- This site is optimized with the Yoast SEO plugin v27.3 - https:\/\/yoast.com\/product\/yoast-seo-wordpress\/ -->\n<title>BB Entice Scrunch Leggings - Toob kurvid esile - Mugavad - Kiire Tarne<\/title>\n<meta name=\"description\" content=\"Entice Scrunch Leggings on valmistatud elastsest elastsest kangast, mis kallistab teie jalgu \u00f5igetes kohtades. Selja kriimustusefekt parandab teie tuh....\" \/>\n<meta name=\"robots\" content=\"index, follow, max-snippet:-1, max-image-preview:large, max-video-preview:-1\" \/>\n<link rel=\"canonical\" href=\"https:\/\/fit360.ee\/en\/pood\/training-equipment-en\/fitness-clothing-en\/bb-entice-scrunch-leggings\/\" \/>\n<meta property=\"og:locale\" content=\"en_US\" \/>\n<meta property=\"og:type\" content=\"article\" \/>\n<meta property=\"og:title\" content=\"BB Entice Scrunch Leggings - Toob kurvid esile - Mugavad - Kiire Tarne\" \/>\n<meta property=\"og:description\" content=\"Entice Scrunch Leggings on valmistatud elastsest elastsest kangast, mis kallistab teie jalgu \u00f5igetes kohtades. Selja kriimustusefekt parandab teie tuh....\" \/>\n<meta property=\"og:url\" content=\"https:\/\/fit360.ee\/en\/pood\/training-equipment-en\/fitness-clothing-en\/bb-entice-scrunch-leggings\/\" \/>\n<meta property=\"og:site_name\" content=\"Fit360\" \/>\n<meta property=\"article:modified_time\" content=\"2026-04-10T10:13:11+00:00\" \/>\n<meta property=\"og:image\" content=\"https:\/\/fit360.ee\/wp-content\/uploads\/2023\/11\/entice-scrunch-leggings-fit360.ee_.jpg\" \/>\n\t<meta property=\"og:image:width\" content=\"1000\" \/>\n\t<meta property=\"og:image:height\" content=\"1000\" \/>\n\t<meta property=\"og:image:type\" content=\"image\/jpeg\" \/>\n<meta name=\"twitter:card\" content=\"summary_large_image\" \/>\n<meta name=\"twitter:label1\" content=\"Est. reading time\" \/>\n\t<meta name=\"twitter:data1\" content=\"2 minutes\" \/>\n<script type=\"application\/ld+json\" class=\"yoast-schema-graph\">{\"@context\":\"https:\\\/\\\/schema.org\",\"@graph\":[{\"@type\":\"WebPage\",\"@id\":\"https:\\\/\\\/fit360.ee\\\/en\\\/pood\\\/training-equipment-en\\\/fitness-clothing-en\\\/bb-entice-scrunch-leggings\\\/\",\"url\":\"https:\\\/\\\/fit360.ee\\\/en\\\/pood\\\/training-equipment-en\\\/fitness-clothing-en\\\/bb-entice-scrunch-leggings\\\/\",\"name\":\"BB Entice Scrunch Leggings - Toob kurvid esile - Mugavad - Kiire Tarne\",\"isPartOf\":{\"@id\":\"https:\\\/\\\/fit360.ee\\\/en\\\/#website\"},\"primaryImageOfPage\":{\"@id\":\"https:\\\/\\\/fit360.ee\\\/en\\\/pood\\\/training-equipment-en\\\/fitness-clothing-en\\\/bb-entice-scrunch-leggings\\\/#primaryimage\"},\"image\":{\"@id\":\"https:\\\/\\\/fit360.ee\\\/en\\\/pood\\\/training-equipment-en\\\/fitness-clothing-en\\\/bb-entice-scrunch-leggings\\\/#primaryimage\"},\"thumbnailUrl\":\"https:\\\/\\\/fit360.ee\\\/wp-content\\\/uploads\\\/2023\\\/11\\\/entice-scrunch-leggings-fit360.ee_.jpg\",\"datePublished\":\"2023-11-09T13:19:13+00:00\",\"dateModified\":\"2026-04-10T10:13:11+00:00\",\"description\":\"Entice Scrunch Leggings on valmistatud elastsest elastsest kangast, mis kallistab teie jalgu \u00f5igetes kohtades. Selja kriimustusefekt parandab teie tuh....\",\"breadcrumb\":{\"@id\":\"https:\\\/\\\/fit360.ee\\\/en\\\/pood\\\/training-equipment-en\\\/fitness-clothing-en\\\/bb-entice-scrunch-leggings\\\/#breadcrumb\"},\"inLanguage\":\"en-US\",\"potentialAction\":[{\"@type\":\"ReadAction\",\"target\":[\"https:\\\/\\\/fit360.ee\\\/en\\\/pood\\\/training-equipment-en\\\/fitness-clothing-en\\\/bb-entice-scrunch-leggings\\\/\"]}]},{\"@type\":\"ImageObject\",\"inLanguage\":\"en-US\",\"@id\":\"https:\\\/\\\/fit360.ee\\\/en\\\/pood\\\/training-equipment-en\\\/fitness-clothing-en\\\/bb-entice-scrunch-leggings\\\/#primaryimage\",\"url\":\"https:\\\/\\\/fit360.ee\\\/wp-content\\\/uploads\\\/2023\\\/11\\\/entice-scrunch-leggings-fit360.ee_.jpg\",\"contentUrl\":\"https:\\\/\\\/fit360.ee\\\/wp-content\\\/uploads\\\/2023\\\/11\\\/entice-scrunch-leggings-fit360.ee_.jpg\",\"width\":1000,\"height\":1000,\"caption\":\"entice scrunch leggings - fit360.ee\"},{\"@type\":\"BreadcrumbList\",\"@id\":\"https:\\\/\\\/fit360.ee\\\/en\\\/pood\\\/training-equipment-en\\\/fitness-clothing-en\\\/bb-entice-scrunch-leggings\\\/#breadcrumb\",\"itemListElement\":[{\"@type\":\"ListItem\",\"position\":1,\"name\":\"Home\",\"item\":\"https:\\\/\\\/fit360.ee\\\/en\\\/\"},{\"@type\":\"ListItem\",\"position\":2,\"name\":\"Shop\",\"item\":\"https:\\\/\\\/fit360.ee\\\/en\\\/shop\\\/\"},{\"@type\":\"ListItem\",\"position\":3,\"name\":\"BB Entice Scrunch Leggings\"}]},{\"@type\":\"WebSite\",\"@id\":\"https:\\\/\\\/fit360.ee\\\/en\\\/#website\",\"url\":\"https:\\\/\\\/fit360.ee\\\/en\\\/\",\"name\":\"Fit360\",\"description\":\"\",\"publisher\":{\"@id\":\"https:\\\/\\\/fit360.ee\\\/en\\\/#organization\"},\"potentialAction\":[{\"@type\":\"SearchAction\",\"target\":{\"@type\":\"EntryPoint\",\"urlTemplate\":\"https:\\\/\\\/fit360.ee\\\/en\\\/?s={search_term_string}\"},\"query-input\":{\"@type\":\"PropertyValueSpecification\",\"valueRequired\":true,\"valueName\":\"search_term_string\"}}],\"inLanguage\":\"en-US\"},{\"@type\":\"Organization\",\"@id\":\"https:\\\/\\\/fit360.ee\\\/en\\\/#organization\",\"name\":\"Fit360\",\"url\":\"https:\\\/\\\/fit360.ee\\\/en\\\/\",\"logo\":{\"@type\":\"ImageObject\",\"inLanguage\":\"en-US\",\"@id\":\"https:\\\/\\\/fit360.ee\\\/en\\\/#\\\/schema\\\/logo\\\/image\\\/\",\"url\":\"https:\\\/\\\/fit360.ee\\\/wp-content\\\/uploads\\\/2017\\\/01\\\/logo-fit360.png\",\"contentUrl\":\"https:\\\/\\\/fit360.ee\\\/wp-content\\\/uploads\\\/2017\\\/01\\\/logo-fit360.png\",\"width\":180,\"height\":66,\"caption\":\"Fit360\"},\"image\":{\"@id\":\"https:\\\/\\\/fit360.ee\\\/en\\\/#\\\/schema\\\/logo\\\/image\\\/\"}}]}<\/script>\n<!-- \/ Yoast SEO plugin. -->","yoast_head_json":{"title":"BB Entice Scrunch Leggings - Toob kurvid esile - Mugavad - Kiire Tarne","description":"Entice Scrunch Leggings on valmistatud elastsest elastsest kangast, mis kallistab teie jalgu \u00f5igetes kohtades. Selja kriimustusefekt parandab teie tuh....","robots":{"index":"index","follow":"follow","max-snippet":"max-snippet:-1","max-image-preview":"max-image-preview:large","max-video-preview":"max-video-preview:-1"},"canonical":"https:\/\/fit360.ee\/en\/pood\/training-equipment-en\/fitness-clothing-en\/bb-entice-scrunch-leggings\/","og_locale":"en_US","og_type":"article","og_title":"BB Entice Scrunch Leggings - Toob kurvid esile - Mugavad - Kiire Tarne","og_description":"Entice Scrunch Leggings on valmistatud elastsest elastsest kangast, mis kallistab teie jalgu \u00f5igetes kohtades. Selja kriimustusefekt parandab teie tuh....","og_url":"https:\/\/fit360.ee\/en\/pood\/training-equipment-en\/fitness-clothing-en\/bb-entice-scrunch-leggings\/","og_site_name":"Fit360","article_modified_time":"2026-04-10T10:13:11+00:00","og_image":[{"width":1000,"height":1000,"url":"https:\/\/fit360.ee\/wp-content\/uploads\/2023\/11\/entice-scrunch-leggings-fit360.ee_.jpg","type":"image\/jpeg"}],"twitter_card":"summary_large_image","twitter_misc":{"Est. reading time":"2 minutes"},"schema":{"@context":"https:\/\/schema.org","@graph":[{"@type":"WebPage","@id":"https:\/\/fit360.ee\/en\/pood\/training-equipment-en\/fitness-clothing-en\/bb-entice-scrunch-leggings\/","url":"https:\/\/fit360.ee\/en\/pood\/training-equipment-en\/fitness-clothing-en\/bb-entice-scrunch-leggings\/","name":"BB Entice Scrunch Leggings - Toob kurvid esile - Mugavad - Kiire Tarne","isPartOf":{"@id":"https:\/\/fit360.ee\/en\/#website"},"primaryImageOfPage":{"@id":"https:\/\/fit360.ee\/en\/pood\/training-equipment-en\/fitness-clothing-en\/bb-entice-scrunch-leggings\/#primaryimage"},"image":{"@id":"https:\/\/fit360.ee\/en\/pood\/training-equipment-en\/fitness-clothing-en\/bb-entice-scrunch-leggings\/#primaryimage"},"thumbnailUrl":"https:\/\/fit360.ee\/wp-content\/uploads\/2023\/11\/entice-scrunch-leggings-fit360.ee_.jpg","datePublished":"2023-11-09T13:19:13+00:00","dateModified":"2026-04-10T10:13:11+00:00","description":"Entice Scrunch Leggings on valmistatud elastsest elastsest kangast, mis kallistab teie jalgu \u00f5igetes kohtades. Selja kriimustusefekt parandab teie tuh....","breadcrumb":{"@id":"https:\/\/fit360.ee\/en\/pood\/training-equipment-en\/fitness-clothing-en\/bb-entice-scrunch-leggings\/#breadcrumb"},"inLanguage":"en-US","potentialAction":[{"@type":"ReadAction","target":["https:\/\/fit360.ee\/en\/pood\/training-equipment-en\/fitness-clothing-en\/bb-entice-scrunch-leggings\/"]}]},{"@type":"ImageObject","inLanguage":"en-US","@id":"https:\/\/fit360.ee\/en\/pood\/training-equipment-en\/fitness-clothing-en\/bb-entice-scrunch-leggings\/#primaryimage","url":"https:\/\/fit360.ee\/wp-content\/uploads\/2023\/11\/entice-scrunch-leggings-fit360.ee_.jpg","contentUrl":"https:\/\/fit360.ee\/wp-content\/uploads\/2023\/11\/entice-scrunch-leggings-fit360.ee_.jpg","width":1000,"height":1000,"caption":"entice scrunch leggings - fit360.ee"},{"@type":"BreadcrumbList","@id":"https:\/\/fit360.ee\/en\/pood\/training-equipment-en\/fitness-clothing-en\/bb-entice-scrunch-leggings\/#breadcrumb","itemListElement":[{"@type":"ListItem","position":1,"name":"Home","item":"https:\/\/fit360.ee\/en\/"},{"@type":"ListItem","position":2,"name":"Shop","item":"https:\/\/fit360.ee\/en\/shop\/"},{"@type":"ListItem","position":3,"name":"BB Entice Scrunch Leggings"}]},{"@type":"WebSite","@id":"https:\/\/fit360.ee\/en\/#website","url":"https:\/\/fit360.ee\/en\/","name":"Fit360","description":"","publisher":{"@id":"https:\/\/fit360.ee\/en\/#organization"},"potentialAction":[{"@type":"SearchAction","target":{"@type":"EntryPoint","urlTemplate":"https:\/\/fit360.ee\/en\/?s={search_term_string}"},"query-input":{"@type":"PropertyValueSpecification","valueRequired":true,"valueName":"search_term_string"}}],"inLanguage":"en-US"},{"@type":"Organization","@id":"https:\/\/fit360.ee\/en\/#organization","name":"Fit360","url":"https:\/\/fit360.ee\/en\/","logo":{"@type":"ImageObject","inLanguage":"en-US","@id":"https:\/\/fit360.ee\/en\/#\/schema\/logo\/image\/","url":"https:\/\/fit360.ee\/wp-content\/uploads\/2017\/01\/logo-fit360.png","contentUrl":"https:\/\/fit360.ee\/wp-content\/uploads\/2017\/01\/logo-fit360.png","width":180,"height":66,"caption":"Fit360"},"image":{"@id":"https:\/\/fit360.ee\/en\/#\/schema\/logo\/image\/"}}]}},"_links":{"self":[{"href":"https:\/\/fit360.ee\/en\/wp-json\/wp\/v2\/product\/75005","targetHints":{"allow":["GET"]}}],"collection":[{"href":"https:\/\/fit360.ee\/en\/wp-json\/wp\/v2\/product"}],"about":[{"href":"https:\/\/fit360.ee\/en\/wp-json\/wp\/v2\/types\/product"}],"replies":[{"embeddable":true,"href":"https:\/\/fit360.ee\/en\/wp-json\/wp\/v2\/comments?post=75005"}],"wp:featuredmedia":[{"embeddable":true,"href":"https:\/\/fit360.ee\/en\/wp-json\/wp\/v2\/media\/74975"}],"wp:attachment":[{"href":"https:\/\/fit360.ee\/en\/wp-json\/wp\/v2\/media?parent=75005"}],"wp:term":[{"taxonomy":"product_brand","embeddable":true,"href":"https:\/\/fit360.ee\/en\/wp-json\/wp\/v2\/product_brand?post=75005"},{"taxonomy":"product_cat","embeddable":true,"href":"https:\/\/fit360.ee\/en\/wp-json\/wp\/v2\/product_cat?post=75005"},{"taxonomy":"product_tag","embeddable":true,"href":"https:\/\/fit360.ee\/en\/wp-json\/wp\/v2\/product_tag?post=75005"},{"taxonomy":"giftcard-category","embeddable":true,"href":"https:\/\/fit360.ee\/en\/wp-json\/wp\/v2\/giftcard-category?post=75005"}],"curies":[{"name":"wp","href":"https:\/\/api.w.org\/{rel}","templated":true}]}}