{"id":75061,"date":"2023-11-09T15:50:46","date_gmt":"2023-11-09T13:50:46","guid":{"rendered":"https:\/\/fit360.ee\/pood\/uncategorized\/bb-entice-sports-bra\/"},"modified":"2026-04-10T12:13:07","modified_gmt":"2026-04-10T10:13:07","slug":"bb-entice-sports-bra","status":"publish","type":"product","link":"https:\/\/fit360.ee\/en\/pood\/training-equipment-en\/fitness-clothing-en\/bb-entice-sports-bra\/","title":{"rendered":"BB Entice Sports Bra"},"content":{"rendered":"<h2><strong>Entice Sports Bra<\/strong><\/h2>\n<p><strong>Tugi:<\/strong>\u00a0keskmine<br \/>\n<strong>Materjal:<\/strong>\u00a080% nailon 20% spandex<br \/>\n<strong>Omadused:<\/strong>\u00a0lipsuv\u00e4rvi efekt, v\u00e4ike logo seljal, \u00f5mblusteta, eemaldatav polster<\/p>\n<p>Entice Sports Bra on valmistatud elastsest elastsest kangast. Risti rippuvad rihmad tagak\u00fcljel loovad suurep\u00e4rase v\u00e4limuse, mis t\u00e4iustab teie v-kujulist kitsenemist.\u00a0Rinnahoidja on keskmise toestusega ja v\u00e4ga mugava istuvusega.\u00a0Sellel on ka teie eelistuse j\u00e4rgi eemaldatav polster.\u00a0T\u00e4ieliku komplekti saamiseks siduge see <a href=\"https:\/\/fit360.ee\/en\/pood\/training-equipment-en\/fitness-clothing-en\/bb-entice-scrunch-leggings\/\"><strong>Entice Scrunch leggingsidega<\/strong><\/a>.<\/p>\n<p><a href=\"https:\/\/fit360.ee\/wp-content\/uploads\/2023\/11\/entice-sports-bra-must-fit360.ee_-1-800x800.jpg\"><img loading=\"lazy\" decoding=\"async\" class=\"alignnone size-medium wp-image-75040\" src=\"https:\/\/fit360.ee\/wp-content\/uploads\/2023\/11\/entice-sports-bra-must-fit360.ee_-1-800x800.jpg\" alt=\"\" width=\"800\" height=\"800\" srcset=\"https:\/\/fit360.ee\/wp-content\/uploads\/2023\/11\/entice-sports-bra-must-fit360.ee_-1-800x800.jpg 800w, https:\/\/fit360.ee\/wp-content\/uploads\/2023\/11\/entice-sports-bra-must-fit360.ee_-1-247x247.jpg 247w, https:\/\/fit360.ee\/wp-content\/uploads\/2023\/11\/entice-sports-bra-must-fit360.ee_-1-100x100.jpg 100w, https:\/\/fit360.ee\/wp-content\/uploads\/2023\/11\/entice-sports-bra-must-fit360.ee_-1-510x510.jpg 510w, https:\/\/fit360.ee\/wp-content\/uploads\/2023\/11\/entice-sports-bra-must-fit360.ee_-1-340x340.jpg 340w, https:\/\/fit360.ee\/wp-content\/uploads\/2023\/11\/entice-sports-bra-must-fit360.ee_-1-768x768.jpg 768w, https:\/\/fit360.ee\/wp-content\/uploads\/2023\/11\/entice-sports-bra-must-fit360.ee_-1.jpg 1000w\" sizes=\"auto, (max-width: 800px) 100vw, 800px\" \/><\/a> <a href=\"https:\/\/fit360.ee\/wp-content\/uploads\/2023\/11\/bb-entice-sports-bra-must-fit360.ee_-1-800x800.jpg\"><img loading=\"lazy\" decoding=\"async\" class=\"alignnone size-medium wp-image-75042\" src=\"https:\/\/fit360.ee\/wp-content\/uploads\/2023\/11\/bb-entice-sports-bra-must-fit360.ee_-1-800x800.jpg\" alt=\"\" width=\"800\" height=\"800\" srcset=\"https:\/\/fit360.ee\/wp-content\/uploads\/2023\/11\/bb-entice-sports-bra-must-fit360.ee_-1-800x800.jpg 800w, https:\/\/fit360.ee\/wp-content\/uploads\/2023\/11\/bb-entice-sports-bra-must-fit360.ee_-1-247x247.jpg 247w, https:\/\/fit360.ee\/wp-content\/uploads\/2023\/11\/bb-entice-sports-bra-must-fit360.ee_-1-100x100.jpg 100w, https:\/\/fit360.ee\/wp-content\/uploads\/2023\/11\/bb-entice-sports-bra-must-fit360.ee_-1-510x510.jpg 510w, https:\/\/fit360.ee\/wp-content\/uploads\/2023\/11\/bb-entice-sports-bra-must-fit360.ee_-1-340x340.jpg 340w, https:\/\/fit360.ee\/wp-content\/uploads\/2023\/11\/bb-entice-sports-bra-must-fit360.ee_-1-768x768.jpg 768w, https:\/\/fit360.ee\/wp-content\/uploads\/2023\/11\/bb-entice-sports-bra-must-fit360.ee_-1.jpg 1000w\" sizes=\"auto, (max-width: 800px) 100vw, 800px\" \/><\/a> <a href=\"https:\/\/fit360.ee\/wp-content\/uploads\/2023\/11\/bb-entice-sports-bra-punane-fit360.ee_-1-800x800.jpg\"><img loading=\"lazy\" decoding=\"async\" class=\"alignnone size-medium wp-image-75044\" src=\"https:\/\/fit360.ee\/wp-content\/uploads\/2023\/11\/bb-entice-sports-bra-punane-fit360.ee_-1-800x800.jpg\" alt=\"\" width=\"800\" height=\"800\" srcset=\"https:\/\/fit360.ee\/wp-content\/uploads\/2023\/11\/bb-entice-sports-bra-punane-fit360.ee_-1-800x800.jpg 800w, https:\/\/fit360.ee\/wp-content\/uploads\/2023\/11\/bb-entice-sports-bra-punane-fit360.ee_-1-247x247.jpg 247w, https:\/\/fit360.ee\/wp-content\/uploads\/2023\/11\/bb-entice-sports-bra-punane-fit360.ee_-1-100x100.jpg 100w, https:\/\/fit360.ee\/wp-content\/uploads\/2023\/11\/bb-entice-sports-bra-punane-fit360.ee_-1-510x510.jpg 510w, https:\/\/fit360.ee\/wp-content\/uploads\/2023\/11\/bb-entice-sports-bra-punane-fit360.ee_-1-340x340.jpg 340w, https:\/\/fit360.ee\/wp-content\/uploads\/2023\/11\/bb-entice-sports-bra-punane-fit360.ee_-1-768x768.jpg 768w, https:\/\/fit360.ee\/wp-content\/uploads\/2023\/11\/bb-entice-sports-bra-punane-fit360.ee_-1.jpg 1000w\" sizes=\"auto, (max-width: 800px) 100vw, 800px\" \/><\/a> <a href=\"https:\/\/fit360.ee\/wp-content\/uploads\/2023\/11\/entice-sports-bra-fit360.ee_-2-800x800.jpg\"><img loading=\"lazy\" decoding=\"async\" class=\"alignnone size-medium wp-image-75046\" src=\"https:\/\/fit360.ee\/wp-content\/uploads\/2023\/11\/entice-sports-bra-fit360.ee_-2-800x800.jpg\" alt=\"\" width=\"800\" height=\"800\" srcset=\"https:\/\/fit360.ee\/wp-content\/uploads\/2023\/11\/entice-sports-bra-fit360.ee_-2-800x800.jpg 800w, https:\/\/fit360.ee\/wp-content\/uploads\/2023\/11\/entice-sports-bra-fit360.ee_-2-247x247.jpg 247w, https:\/\/fit360.ee\/wp-content\/uploads\/2023\/11\/entice-sports-bra-fit360.ee_-2-100x100.jpg 100w, https:\/\/fit360.ee\/wp-content\/uploads\/2023\/11\/entice-sports-bra-fit360.ee_-2-510x510.jpg 510w, https:\/\/fit360.ee\/wp-content\/uploads\/2023\/11\/entice-sports-bra-fit360.ee_-2-340x340.jpg 340w, https:\/\/fit360.ee\/wp-content\/uploads\/2023\/11\/entice-sports-bra-fit360.ee_-2-768x768.jpg 768w, https:\/\/fit360.ee\/wp-content\/uploads\/2023\/11\/entice-sports-bra-fit360.ee_-2.jpg 1000w\" sizes=\"auto, (max-width: 800px) 100vw, 800px\" \/><\/a> <a href=\"https:\/\/fit360.ee\/wp-content\/uploads\/2023\/11\/bb-entice-sports-bra-lilla-fit360.ee_-1-800x800.jpg\"><img loading=\"lazy\" decoding=\"async\" class=\"alignnone size-medium wp-image-75048\" src=\"https:\/\/fit360.ee\/wp-content\/uploads\/2023\/11\/bb-entice-sports-bra-lilla-fit360.ee_-1-800x800.jpg\" alt=\"\" width=\"800\" height=\"800\" srcset=\"https:\/\/fit360.ee\/wp-content\/uploads\/2023\/11\/bb-entice-sports-bra-lilla-fit360.ee_-1-800x800.jpg 800w, https:\/\/fit360.ee\/wp-content\/uploads\/2023\/11\/bb-entice-sports-bra-lilla-fit360.ee_-1-247x247.jpg 247w, https:\/\/fit360.ee\/wp-content\/uploads\/2023\/11\/bb-entice-sports-bra-lilla-fit360.ee_-1-100x100.jpg 100w, https:\/\/fit360.ee\/wp-content\/uploads\/2023\/11\/bb-entice-sports-bra-lilla-fit360.ee_-1-510x510.jpg 510w, https:\/\/fit360.ee\/wp-content\/uploads\/2023\/11\/bb-entice-sports-bra-lilla-fit360.ee_-1-340x340.jpg 340w, https:\/\/fit360.ee\/wp-content\/uploads\/2023\/11\/bb-entice-sports-bra-lilla-fit360.ee_-1-768x768.jpg 768w, https:\/\/fit360.ee\/wp-content\/uploads\/2023\/11\/bb-entice-sports-bra-lilla-fit360.ee_-1.jpg 1000w\" sizes=\"auto, (max-width: 800px) 100vw, 800px\" \/><\/a> <a href=\"https:\/\/fit360.ee\/wp-content\/uploads\/2023\/11\/entice-sports-bra-fit360.ee_-3-800x800.jpg\"><img loading=\"lazy\" decoding=\"async\" class=\"alignnone size-medium wp-image-75050\" src=\"https:\/\/fit360.ee\/wp-content\/uploads\/2023\/11\/entice-sports-bra-fit360.ee_-3-800x800.jpg\" alt=\"\" width=\"800\" height=\"800\" srcset=\"https:\/\/fit360.ee\/wp-content\/uploads\/2023\/11\/entice-sports-bra-fit360.ee_-3-800x800.jpg 800w, https:\/\/fit360.ee\/wp-content\/uploads\/2023\/11\/entice-sports-bra-fit360.ee_-3-247x247.jpg 247w, https:\/\/fit360.ee\/wp-content\/uploads\/2023\/11\/entice-sports-bra-fit360.ee_-3-100x100.jpg 100w, https:\/\/fit360.ee\/wp-content\/uploads\/2023\/11\/entice-sports-bra-fit360.ee_-3-510x510.jpg 510w, https:\/\/fit360.ee\/wp-content\/uploads\/2023\/11\/entice-sports-bra-fit360.ee_-3-340x340.jpg 340w, https:\/\/fit360.ee\/wp-content\/uploads\/2023\/11\/entice-sports-bra-fit360.ee_-3-768x768.jpg 768w, https:\/\/fit360.ee\/wp-content\/uploads\/2023\/11\/entice-sports-bra-fit360.ee_-3.jpg 1000w\" sizes=\"auto, (max-width: 800px) 100vw, 800px\" \/><\/a><\/p>\n<p>Vaata ka meie teisi Treeningriideid\u00a0<a href=\"https:\/\/fit360.ee\/en\/product-category\/training-equipment-en\/fitness-clothing-en\/\"><strong>SIIT<\/strong><\/a>!<\/p>\n","protected":false},"excerpt":{"rendered":"<p><strong>Tugi:<\/strong>\u00a0keskmine<br \/>\n<strong>Materjal:<\/strong>\u00a080% nailon 20% spandex<br \/>\n<strong>Omadused:<\/strong>\u00a0lipsuv\u00e4rvi efekt, v\u00e4ike logo seljal, \u00f5mblusteta, eemaldatav polster<\/p>\n","protected":false},"featured_media":75021,"comment_status":"closed","ping_status":"closed","template":"","meta":[],"product_brand":[],"product_cat":[547,538],"product_tag":[2522,4627],"giftcard-category":[],"class_list":{"0":"post-75061","1":"product","2":"type-product","3":"status-publish","4":"has-post-thumbnail","6":"product_cat-fitness-clothing-en","7":"product_cat-training-equipment-en","8":"product_tag-better-bodies-en","9":"product_tag-entice-sports-bra-en","10":"pa_suurus-m","11":"pa_suurus-s","12":"pa_suurus-xs","13":"pa_varvus-black","14":"pa_varvus-purple","15":"pa_varvus-red","17":"first","18":"instock","19":"sale","20":"taxable","21":"shipping-taxable","22":"purchasable","23":"product-type-variable"},"yoast_head":"<!-- This site is optimized with the Yoast SEO plugin v27.3 - https:\/\/yoast.com\/product\/yoast-seo-wordpress\/ -->\n<title>BB Entice Sports Bra - Mugav spordirinnahoidja - Kiire Tarne - Fit360<\/title>\n<meta name=\"description\" content=\"Entice Sports Bra on valmistatud elastsest elastsest kangast. Risti rippuvad rihmad tagak\u00fcljel loovad suurep\u00e4rase v\u00e4limuse, mis t\u00e4iustab Teie ...\" \/>\n<meta name=\"robots\" content=\"index, follow, max-snippet:-1, max-image-preview:large, max-video-preview:-1\" \/>\n<link rel=\"canonical\" href=\"https:\/\/fit360.ee\/en\/pood\/training-equipment-en\/fitness-clothing-en\/bb-entice-sports-bra\/\" \/>\n<meta property=\"og:locale\" content=\"en_US\" \/>\n<meta property=\"og:type\" content=\"article\" \/>\n<meta property=\"og:title\" content=\"BB Entice Sports Bra - Mugav spordirinnahoidja - Kiire Tarne - Fit360\" \/>\n<meta property=\"og:description\" content=\"Entice Sports Bra on valmistatud elastsest elastsest kangast. Risti rippuvad rihmad tagak\u00fcljel loovad suurep\u00e4rase v\u00e4limuse, mis t\u00e4iustab Teie ...\" \/>\n<meta property=\"og:url\" content=\"https:\/\/fit360.ee\/en\/pood\/training-equipment-en\/fitness-clothing-en\/bb-entice-sports-bra\/\" \/>\n<meta property=\"og:site_name\" content=\"Fit360\" \/>\n<meta property=\"article:modified_time\" content=\"2026-04-10T10:13:07+00:00\" \/>\n<meta property=\"og:image\" content=\"https:\/\/fit360.ee\/wp-content\/uploads\/2023\/11\/entice-sports-bra-fit360.ee_.jpg\" \/>\n\t<meta property=\"og:image:width\" content=\"1000\" \/>\n\t<meta property=\"og:image:height\" content=\"1000\" \/>\n\t<meta property=\"og:image:type\" content=\"image\/jpeg\" \/>\n<meta name=\"twitter:card\" content=\"summary_large_image\" \/>\n<meta name=\"twitter:label1\" content=\"Est. reading time\" \/>\n\t<meta name=\"twitter:data1\" content=\"2 minutes\" \/>\n<script type=\"application\/ld+json\" class=\"yoast-schema-graph\">{\"@context\":\"https:\\\/\\\/schema.org\",\"@graph\":[{\"@type\":\"WebPage\",\"@id\":\"https:\\\/\\\/fit360.ee\\\/en\\\/pood\\\/training-equipment-en\\\/fitness-clothing-en\\\/bb-entice-sports-bra\\\/\",\"url\":\"https:\\\/\\\/fit360.ee\\\/en\\\/pood\\\/training-equipment-en\\\/fitness-clothing-en\\\/bb-entice-sports-bra\\\/\",\"name\":\"BB Entice Sports Bra - Mugav spordirinnahoidja - Kiire Tarne - Fit360\",\"isPartOf\":{\"@id\":\"https:\\\/\\\/fit360.ee\\\/en\\\/#website\"},\"primaryImageOfPage\":{\"@id\":\"https:\\\/\\\/fit360.ee\\\/en\\\/pood\\\/training-equipment-en\\\/fitness-clothing-en\\\/bb-entice-sports-bra\\\/#primaryimage\"},\"image\":{\"@id\":\"https:\\\/\\\/fit360.ee\\\/en\\\/pood\\\/training-equipment-en\\\/fitness-clothing-en\\\/bb-entice-sports-bra\\\/#primaryimage\"},\"thumbnailUrl\":\"https:\\\/\\\/fit360.ee\\\/wp-content\\\/uploads\\\/2023\\\/11\\\/entice-sports-bra-fit360.ee_.jpg\",\"datePublished\":\"2023-11-09T13:50:46+00:00\",\"dateModified\":\"2026-04-10T10:13:07+00:00\",\"description\":\"Entice Sports Bra on valmistatud elastsest elastsest kangast. Risti rippuvad rihmad tagak\u00fcljel loovad suurep\u00e4rase v\u00e4limuse, mis t\u00e4iustab Teie ...\",\"breadcrumb\":{\"@id\":\"https:\\\/\\\/fit360.ee\\\/en\\\/pood\\\/training-equipment-en\\\/fitness-clothing-en\\\/bb-entice-sports-bra\\\/#breadcrumb\"},\"inLanguage\":\"en-US\",\"potentialAction\":[{\"@type\":\"ReadAction\",\"target\":[\"https:\\\/\\\/fit360.ee\\\/en\\\/pood\\\/training-equipment-en\\\/fitness-clothing-en\\\/bb-entice-sports-bra\\\/\"]}]},{\"@type\":\"ImageObject\",\"inLanguage\":\"en-US\",\"@id\":\"https:\\\/\\\/fit360.ee\\\/en\\\/pood\\\/training-equipment-en\\\/fitness-clothing-en\\\/bb-entice-sports-bra\\\/#primaryimage\",\"url\":\"https:\\\/\\\/fit360.ee\\\/wp-content\\\/uploads\\\/2023\\\/11\\\/entice-sports-bra-fit360.ee_.jpg\",\"contentUrl\":\"https:\\\/\\\/fit360.ee\\\/wp-content\\\/uploads\\\/2023\\\/11\\\/entice-sports-bra-fit360.ee_.jpg\",\"width\":1000,\"height\":1000,\"caption\":\"entice sports bra - fit360.ee\"},{\"@type\":\"BreadcrumbList\",\"@id\":\"https:\\\/\\\/fit360.ee\\\/en\\\/pood\\\/training-equipment-en\\\/fitness-clothing-en\\\/bb-entice-sports-bra\\\/#breadcrumb\",\"itemListElement\":[{\"@type\":\"ListItem\",\"position\":1,\"name\":\"Home\",\"item\":\"https:\\\/\\\/fit360.ee\\\/en\\\/\"},{\"@type\":\"ListItem\",\"position\":2,\"name\":\"Shop\",\"item\":\"https:\\\/\\\/fit360.ee\\\/en\\\/shop\\\/\"},{\"@type\":\"ListItem\",\"position\":3,\"name\":\"BB Entice Sports Bra\"}]},{\"@type\":\"WebSite\",\"@id\":\"https:\\\/\\\/fit360.ee\\\/en\\\/#website\",\"url\":\"https:\\\/\\\/fit360.ee\\\/en\\\/\",\"name\":\"Fit360\",\"description\":\"\",\"publisher\":{\"@id\":\"https:\\\/\\\/fit360.ee\\\/en\\\/#organization\"},\"potentialAction\":[{\"@type\":\"SearchAction\",\"target\":{\"@type\":\"EntryPoint\",\"urlTemplate\":\"https:\\\/\\\/fit360.ee\\\/en\\\/?s={search_term_string}\"},\"query-input\":{\"@type\":\"PropertyValueSpecification\",\"valueRequired\":true,\"valueName\":\"search_term_string\"}}],\"inLanguage\":\"en-US\"},{\"@type\":\"Organization\",\"@id\":\"https:\\\/\\\/fit360.ee\\\/en\\\/#organization\",\"name\":\"Fit360\",\"url\":\"https:\\\/\\\/fit360.ee\\\/en\\\/\",\"logo\":{\"@type\":\"ImageObject\",\"inLanguage\":\"en-US\",\"@id\":\"https:\\\/\\\/fit360.ee\\\/en\\\/#\\\/schema\\\/logo\\\/image\\\/\",\"url\":\"https:\\\/\\\/fit360.ee\\\/wp-content\\\/uploads\\\/2017\\\/01\\\/logo-fit360.png\",\"contentUrl\":\"https:\\\/\\\/fit360.ee\\\/wp-content\\\/uploads\\\/2017\\\/01\\\/logo-fit360.png\",\"width\":180,\"height\":66,\"caption\":\"Fit360\"},\"image\":{\"@id\":\"https:\\\/\\\/fit360.ee\\\/en\\\/#\\\/schema\\\/logo\\\/image\\\/\"}}]}<\/script>\n<!-- \/ Yoast SEO plugin. -->","yoast_head_json":{"title":"BB Entice Sports Bra - Mugav spordirinnahoidja - Kiire Tarne - Fit360","description":"Entice Sports Bra on valmistatud elastsest elastsest kangast. Risti rippuvad rihmad tagak\u00fcljel loovad suurep\u00e4rase v\u00e4limuse, mis t\u00e4iustab Teie ...","robots":{"index":"index","follow":"follow","max-snippet":"max-snippet:-1","max-image-preview":"max-image-preview:large","max-video-preview":"max-video-preview:-1"},"canonical":"https:\/\/fit360.ee\/en\/pood\/training-equipment-en\/fitness-clothing-en\/bb-entice-sports-bra\/","og_locale":"en_US","og_type":"article","og_title":"BB Entice Sports Bra - Mugav spordirinnahoidja - Kiire Tarne - Fit360","og_description":"Entice Sports Bra on valmistatud elastsest elastsest kangast. Risti rippuvad rihmad tagak\u00fcljel loovad suurep\u00e4rase v\u00e4limuse, mis t\u00e4iustab Teie ...","og_url":"https:\/\/fit360.ee\/en\/pood\/training-equipment-en\/fitness-clothing-en\/bb-entice-sports-bra\/","og_site_name":"Fit360","article_modified_time":"2026-04-10T10:13:07+00:00","og_image":[{"width":1000,"height":1000,"url":"https:\/\/fit360.ee\/wp-content\/uploads\/2023\/11\/entice-sports-bra-fit360.ee_.jpg","type":"image\/jpeg"}],"twitter_card":"summary_large_image","twitter_misc":{"Est. reading time":"2 minutes"},"schema":{"@context":"https:\/\/schema.org","@graph":[{"@type":"WebPage","@id":"https:\/\/fit360.ee\/en\/pood\/training-equipment-en\/fitness-clothing-en\/bb-entice-sports-bra\/","url":"https:\/\/fit360.ee\/en\/pood\/training-equipment-en\/fitness-clothing-en\/bb-entice-sports-bra\/","name":"BB Entice Sports Bra - Mugav spordirinnahoidja - Kiire Tarne - Fit360","isPartOf":{"@id":"https:\/\/fit360.ee\/en\/#website"},"primaryImageOfPage":{"@id":"https:\/\/fit360.ee\/en\/pood\/training-equipment-en\/fitness-clothing-en\/bb-entice-sports-bra\/#primaryimage"},"image":{"@id":"https:\/\/fit360.ee\/en\/pood\/training-equipment-en\/fitness-clothing-en\/bb-entice-sports-bra\/#primaryimage"},"thumbnailUrl":"https:\/\/fit360.ee\/wp-content\/uploads\/2023\/11\/entice-sports-bra-fit360.ee_.jpg","datePublished":"2023-11-09T13:50:46+00:00","dateModified":"2026-04-10T10:13:07+00:00","description":"Entice Sports Bra on valmistatud elastsest elastsest kangast. Risti rippuvad rihmad tagak\u00fcljel loovad suurep\u00e4rase v\u00e4limuse, mis t\u00e4iustab Teie ...","breadcrumb":{"@id":"https:\/\/fit360.ee\/en\/pood\/training-equipment-en\/fitness-clothing-en\/bb-entice-sports-bra\/#breadcrumb"},"inLanguage":"en-US","potentialAction":[{"@type":"ReadAction","target":["https:\/\/fit360.ee\/en\/pood\/training-equipment-en\/fitness-clothing-en\/bb-entice-sports-bra\/"]}]},{"@type":"ImageObject","inLanguage":"en-US","@id":"https:\/\/fit360.ee\/en\/pood\/training-equipment-en\/fitness-clothing-en\/bb-entice-sports-bra\/#primaryimage","url":"https:\/\/fit360.ee\/wp-content\/uploads\/2023\/11\/entice-sports-bra-fit360.ee_.jpg","contentUrl":"https:\/\/fit360.ee\/wp-content\/uploads\/2023\/11\/entice-sports-bra-fit360.ee_.jpg","width":1000,"height":1000,"caption":"entice sports bra - fit360.ee"},{"@type":"BreadcrumbList","@id":"https:\/\/fit360.ee\/en\/pood\/training-equipment-en\/fitness-clothing-en\/bb-entice-sports-bra\/#breadcrumb","itemListElement":[{"@type":"ListItem","position":1,"name":"Home","item":"https:\/\/fit360.ee\/en\/"},{"@type":"ListItem","position":2,"name":"Shop","item":"https:\/\/fit360.ee\/en\/shop\/"},{"@type":"ListItem","position":3,"name":"BB Entice Sports Bra"}]},{"@type":"WebSite","@id":"https:\/\/fit360.ee\/en\/#website","url":"https:\/\/fit360.ee\/en\/","name":"Fit360","description":"","publisher":{"@id":"https:\/\/fit360.ee\/en\/#organization"},"potentialAction":[{"@type":"SearchAction","target":{"@type":"EntryPoint","urlTemplate":"https:\/\/fit360.ee\/en\/?s={search_term_string}"},"query-input":{"@type":"PropertyValueSpecification","valueRequired":true,"valueName":"search_term_string"}}],"inLanguage":"en-US"},{"@type":"Organization","@id":"https:\/\/fit360.ee\/en\/#organization","name":"Fit360","url":"https:\/\/fit360.ee\/en\/","logo":{"@type":"ImageObject","inLanguage":"en-US","@id":"https:\/\/fit360.ee\/en\/#\/schema\/logo\/image\/","url":"https:\/\/fit360.ee\/wp-content\/uploads\/2017\/01\/logo-fit360.png","contentUrl":"https:\/\/fit360.ee\/wp-content\/uploads\/2017\/01\/logo-fit360.png","width":180,"height":66,"caption":"Fit360"},"image":{"@id":"https:\/\/fit360.ee\/en\/#\/schema\/logo\/image\/"}}]}},"_links":{"self":[{"href":"https:\/\/fit360.ee\/en\/wp-json\/wp\/v2\/product\/75061","targetHints":{"allow":["GET"]}}],"collection":[{"href":"https:\/\/fit360.ee\/en\/wp-json\/wp\/v2\/product"}],"about":[{"href":"https:\/\/fit360.ee\/en\/wp-json\/wp\/v2\/types\/product"}],"replies":[{"embeddable":true,"href":"https:\/\/fit360.ee\/en\/wp-json\/wp\/v2\/comments?post=75061"}],"wp:featuredmedia":[{"embeddable":true,"href":"https:\/\/fit360.ee\/en\/wp-json\/wp\/v2\/media\/75021"}],"wp:attachment":[{"href":"https:\/\/fit360.ee\/en\/wp-json\/wp\/v2\/media?parent=75061"}],"wp:term":[{"taxonomy":"product_brand","embeddable":true,"href":"https:\/\/fit360.ee\/en\/wp-json\/wp\/v2\/product_brand?post=75061"},{"taxonomy":"product_cat","embeddable":true,"href":"https:\/\/fit360.ee\/en\/wp-json\/wp\/v2\/product_cat?post=75061"},{"taxonomy":"product_tag","embeddable":true,"href":"https:\/\/fit360.ee\/en\/wp-json\/wp\/v2\/product_tag?post=75061"},{"taxonomy":"giftcard-category","embeddable":true,"href":"https:\/\/fit360.ee\/en\/wp-json\/wp\/v2\/giftcard-category?post=75061"}],"curies":[{"name":"wp","href":"https:\/\/api.w.org\/{rel}","templated":true}]}}