{"id":75476,"date":"2023-11-24T13:19:28","date_gmt":"2023-11-24T11:19:28","guid":{"rendered":"https:\/\/fit360.ee\/pood\/uncategorized\/boorhape-120caps\/"},"modified":"2025-08-19T08:32:46","modified_gmt":"2025-08-19T06:32:46","slug":"boorhape-120caps","status":"publish","type":"product","link":"https:\/\/fit360.ee\/en\/pood\/product-groups\/%d0%b2%d0%b5%d0%b3%d0%b0%d0%bd\/vegan-capsules-en\/boorhape-120caps\/","title":{"rendered":"Boor (120caps)"},"content":{"rendered":"<h2><strong>Boorhape<\/strong><\/h2>\n<p>OstroVit Boorhape on kvaliteetne toidulisand, mis on boori allikas.\u00a0See preparaat on saadaval kergesti neelatavate kapslite kujul, mis on loodud inimestele, kes soovivad t\u00e4iendada oma igap\u00e4evast dieeti v\u00e4\u00e4rtusliku \u00fchendiga.<\/p>\n<section class=\"cm__section\">\n<ul class=\"cm__list\">\n<li><strong>Boorhappe allikas<\/strong>\u00a0\u2013 \u00fcks toidulisandi portsjon annab kehale 3 mg boori.<\/li>\n<li><strong>Sobib taimetoitlastele ja veganitele<\/strong>\u00a0\u2013 toode ei sisalda loomset p\u00e4ritolu koostisosi.<\/li>\n<li><strong>1 portsjon = 1 kapsel<\/strong>\u00a0.<\/li>\n<li><strong>T\u00f5husus<\/strong>\u00a0\u2013 tootepakendis on 120 portsjonit preparaati, millest piisab neljaks kuuks regulaarseks toidulisandiks.<\/li>\n<li><strong>Mugav vorm<\/strong>\u00a0&#8211; kergesti neelatavate kapslitena saadaval olev preparaat tagab toidulisandi t\u00f5rgeteta manustamise.<\/li>\n<\/ul>\n<h4 class=\"cm__heading\"><strong>OstroVit Boorhape \u2013 v\u00e4\u00e4rtuslik booriallikas<\/strong><\/h4>\n<p><strong>Boorhape<\/strong>, tuntud ka kui boor, on anorgaaniline keemiline \u00fchend, mis on n\u00f5rk hape, mida kasutatakse tavaliselt muu hulgas kosmeetikas, samuti toiduaine- ja p\u00f5llumajandust\u00f6\u00f6stuses.\u00a0Laboratoorsetes tingimustes eraldati boorhape esmalt booraksist, mineraalist, mis on keemiliselt boorhappe naatriumsool.\u00a0Boor on looduslikult looduses esinev aine. \u00dchendit leidub m\u00f5nes puu- ja k\u00f6\u00f6giviljas, aga ka meresoolas, \u00f5lles ja veinis.<\/p>\n<\/section>\n<section class=\"cm__section\">\n<h4 class=\"cm__heading\"><strong>Laboratoorselt kinnitatud kvaliteet<\/strong><\/h4>\n<p class=\"cm__text --bold\">Klientide tervise p\u00e4rast muretsedes testitakse meie toodetud tooteid regulaarselt s\u00f5ltumatus akrediteeritud laboris, et tagada ja s\u00e4ilitada k\u00f5rgeim kvaliteet.<\/p>\n<\/section>\n<p><strong>Koostisosad<\/strong>: Inuliin, t\u00e4iteaine: h\u00fcdroks\u00fcprop\u00fc\u00fclmet\u00fc\u00fcltselluloos;\u00a0boorhape (boor), paakumisvastane aine: rasvhapete magneesiumisoolad.<\/p>\n<p>Toode v\u00f5ib sisaldada piima (sh laktoosi), soja, maap\u00e4hkleid, muid p\u00e4hkleid, seesamiseemneid, gluteeni sisaldavaid teravilju, mune, v\u00e4hilaadseid, kala.<\/p>\n<p><strong>Kasutamine<\/strong>: V\u00f5tke 1 portsjon (1 kapsel) p\u00e4evas.\u00a0Toode on m\u00f5eldud t\u00e4iskasvanutele.<\/p>\n<p><strong>Suurus<\/strong>: 120 kapslit &#8211; 120 serveeringut.<\/p>\n<section class=\"projector__description--nutritional row\" data-selector=\".--nutritional\">\n<div class=\"col-12 col-md-10 col-lg-8\">\n<div class=\"--nutrit\">\n<div class=\"nutrition_table_wrapper\">\n<div class=\"table_wrapper\">\n<table>\n<tbody>\n<tr>\n<th>Aktiivsed koostisosad<\/th>\n<th>Portsjoni kohta<\/th>\n<\/tr>\n<tr>\n<td>Boor<\/td>\n<td>3 mg<\/td>\n<\/tr>\n<\/tbody>\n<\/table>\n<p>Vaata ka meie teisi Vitamiine\/Mineraale <a href=\"https:\/\/fit360.ee\/en\/product-category\/product-groups\/vitamins-and-minerals-en\/\"><strong>SIIT<\/strong><\/a> v\u00f5i Supertoite <a href=\"https:\/\/fit360.ee\/en\/product-category\/product-groups\/superfoods-health-foods-en\/\"><strong>SIIT<\/strong><\/a>!<\/p>\n<p>Soovid kaupa osta suuremas koguses? Vaata antud toodet ka meie HULGI poest\u00a0<a href=\"https:\/\/toidulisandidhulgi.ee\/tooted\/boorhape-120caps\/\"><strong>SIIT<\/strong><\/a>!<\/p>\n<\/div>\n<\/div>\n<\/div>\n<\/div>\n<\/section>\n","protected":false},"excerpt":{"rendered":"<ul>\n<li>T\u00f5hus vorm<\/li>\n<li>Mugav kasutada<\/li>\n<li>Kvaliteet boorhape allikas<\/li>\n<\/ul>\n","protected":false},"featured_media":75475,"comment_status":"closed","ping_status":"closed","template":"","meta":[],"product_brand":[],"product_cat":[1329,1454,2664,536,1201],"product_tag":[4630,4631,1924],"giftcard-category":[],"class_list":{"0":"post-75476","1":"product","2":"type-product","3":"status-publish","4":"has-post-thumbnail","6":"product_cat-ostrovit-en","7":"product_cat-superfoods-health-foods-en","8":"product_cat-vegan-capsules-en","9":"product_cat-vitamins-and-minerals-en","10":"product_cat-1201","11":"product_tag-boor-en","12":"product_tag-boorhape-en","13":"product_tag-ostrovit-en","14":"pa_kogus-120-capsules","15":"pa_toidulisand-branddd-ostrovit","16":"pa_tootegruppp-supertoit-tervisetoit-en","17":"pa_tootegruppp-vcaps-vegan-kapslid-en","18":"pa_tootegruppp-vegan-en","19":"pa_tootegruppp-vitamins-and-minerals","21":"first","22":"outofstock","23":"sale","24":"taxable","25":"shipping-taxable","26":"purchasable","27":"product-type-simple"},"yoast_head":"<!-- This site is optimized with the Yoast SEO plugin v27.3 - https:\/\/yoast.com\/product\/yoast-seo-wordpress\/ -->\n<title>Boor (120caps) - Boor - Kiire Tarne - Parim Hind - Fit360<\/title>\n<meta name=\"description\" content=\"Boorhape, tuntud ka kui boor, on anorgaaniline keemiline \u00fchend, mis on n\u00f5rk hape, mida kasutatakse tavaliselt muu hulgas kosmeetikas, samuti ...\" \/>\n<meta name=\"robots\" content=\"index, follow, max-snippet:-1, max-image-preview:large, max-video-preview:-1\" \/>\n<link rel=\"canonical\" href=\"https:\/\/fit360.ee\/en\/pood\/product-groups\/\u0432\u0435\u0433\u0430\u043d\/vegan-capsules-en\/boorhape-120caps\/\" \/>\n<meta property=\"og:locale\" content=\"en_US\" \/>\n<meta property=\"og:type\" content=\"article\" \/>\n<meta property=\"og:title\" content=\"Boor (120caps) - Boor - Kiire Tarne - Parim Hind - Fit360\" \/>\n<meta property=\"og:description\" content=\"Boorhape, tuntud ka kui boor, on anorgaaniline keemiline \u00fchend, mis on n\u00f5rk hape, mida kasutatakse tavaliselt muu hulgas kosmeetikas, samuti ...\" \/>\n<meta property=\"og:url\" content=\"https:\/\/fit360.ee\/en\/pood\/product-groups\/\u0432\u0435\u0433\u0430\u043d\/vegan-capsules-en\/boorhape-120caps\/\" \/>\n<meta property=\"og:site_name\" content=\"Fit360\" \/>\n<meta property=\"article:modified_time\" content=\"2025-08-19T06:32:46+00:00\" \/>\n<meta property=\"og:image\" content=\"https:\/\/fit360.ee\/wp-content\/uploads\/2023\/11\/boorhape-fit360.ee_.png\" \/>\n\t<meta property=\"og:image:width\" content=\"450\" \/>\n\t<meta property=\"og:image:height\" content=\"450\" \/>\n\t<meta property=\"og:image:type\" content=\"image\/png\" \/>\n<meta name=\"twitter:card\" content=\"summary_large_image\" \/>\n<meta name=\"twitter:label1\" content=\"Est. reading time\" \/>\n\t<meta name=\"twitter:data1\" content=\"2 minutes\" \/>\n<script type=\"application\/ld+json\" class=\"yoast-schema-graph\">{\"@context\":\"https:\\\/\\\/schema.org\",\"@graph\":[{\"@type\":\"WebPage\",\"@id\":\"https:\\\/\\\/fit360.ee\\\/en\\\/pood\\\/product-groups\\\/%d0%b2%d0%b5%d0%b3%d0%b0%d0%bd\\\/vegan-capsules-en\\\/boorhape-120caps\\\/\",\"url\":\"https:\\\/\\\/fit360.ee\\\/en\\\/pood\\\/product-groups\\\/%d0%b2%d0%b5%d0%b3%d0%b0%d0%bd\\\/vegan-capsules-en\\\/boorhape-120caps\\\/\",\"name\":\"Boor (120caps) - Boor - Kiire Tarne - Parim Hind - Fit360\",\"isPartOf\":{\"@id\":\"https:\\\/\\\/fit360.ee\\\/en\\\/#website\"},\"primaryImageOfPage\":{\"@id\":\"https:\\\/\\\/fit360.ee\\\/en\\\/pood\\\/product-groups\\\/%d0%b2%d0%b5%d0%b3%d0%b0%d0%bd\\\/vegan-capsules-en\\\/boorhape-120caps\\\/#primaryimage\"},\"image\":{\"@id\":\"https:\\\/\\\/fit360.ee\\\/en\\\/pood\\\/product-groups\\\/%d0%b2%d0%b5%d0%b3%d0%b0%d0%bd\\\/vegan-capsules-en\\\/boorhape-120caps\\\/#primaryimage\"},\"thumbnailUrl\":\"https:\\\/\\\/fit360.ee\\\/wp-content\\\/uploads\\\/2023\\\/11\\\/boorhape-fit360.ee_.png\",\"datePublished\":\"2023-11-24T11:19:28+00:00\",\"dateModified\":\"2025-08-19T06:32:46+00:00\",\"description\":\"Boorhape, tuntud ka kui boor, on anorgaaniline keemiline \u00fchend, mis on n\u00f5rk hape, mida kasutatakse tavaliselt muu hulgas kosmeetikas, samuti ...\",\"breadcrumb\":{\"@id\":\"https:\\\/\\\/fit360.ee\\\/en\\\/pood\\\/product-groups\\\/%d0%b2%d0%b5%d0%b3%d0%b0%d0%bd\\\/vegan-capsules-en\\\/boorhape-120caps\\\/#breadcrumb\"},\"inLanguage\":\"en-US\",\"potentialAction\":[{\"@type\":\"ReadAction\",\"target\":[\"https:\\\/\\\/fit360.ee\\\/en\\\/pood\\\/product-groups\\\/%d0%b2%d0%b5%d0%b3%d0%b0%d0%bd\\\/vegan-capsules-en\\\/boorhape-120caps\\\/\"]}]},{\"@type\":\"ImageObject\",\"inLanguage\":\"en-US\",\"@id\":\"https:\\\/\\\/fit360.ee\\\/en\\\/pood\\\/product-groups\\\/%d0%b2%d0%b5%d0%b3%d0%b0%d0%bd\\\/vegan-capsules-en\\\/boorhape-120caps\\\/#primaryimage\",\"url\":\"https:\\\/\\\/fit360.ee\\\/wp-content\\\/uploads\\\/2023\\\/11\\\/boorhape-fit360.ee_.png\",\"contentUrl\":\"https:\\\/\\\/fit360.ee\\\/wp-content\\\/uploads\\\/2023\\\/11\\\/boorhape-fit360.ee_.png\",\"width\":450,\"height\":450,\"caption\":\"boorhape - fit360.ee\"},{\"@type\":\"BreadcrumbList\",\"@id\":\"https:\\\/\\\/fit360.ee\\\/en\\\/pood\\\/product-groups\\\/%d0%b2%d0%b5%d0%b3%d0%b0%d0%bd\\\/vegan-capsules-en\\\/boorhape-120caps\\\/#breadcrumb\",\"itemListElement\":[{\"@type\":\"ListItem\",\"position\":1,\"name\":\"Home\",\"item\":\"https:\\\/\\\/fit360.ee\\\/en\\\/\"},{\"@type\":\"ListItem\",\"position\":2,\"name\":\"Shop\",\"item\":\"https:\\\/\\\/fit360.ee\\\/en\\\/shop\\\/\"},{\"@type\":\"ListItem\",\"position\":3,\"name\":\"Boor (120caps)\"}]},{\"@type\":\"WebSite\",\"@id\":\"https:\\\/\\\/fit360.ee\\\/en\\\/#website\",\"url\":\"https:\\\/\\\/fit360.ee\\\/en\\\/\",\"name\":\"Fit360\",\"description\":\"\",\"publisher\":{\"@id\":\"https:\\\/\\\/fit360.ee\\\/en\\\/#organization\"},\"potentialAction\":[{\"@type\":\"SearchAction\",\"target\":{\"@type\":\"EntryPoint\",\"urlTemplate\":\"https:\\\/\\\/fit360.ee\\\/en\\\/?s={search_term_string}\"},\"query-input\":{\"@type\":\"PropertyValueSpecification\",\"valueRequired\":true,\"valueName\":\"search_term_string\"}}],\"inLanguage\":\"en-US\"},{\"@type\":\"Organization\",\"@id\":\"https:\\\/\\\/fit360.ee\\\/en\\\/#organization\",\"name\":\"Fit360\",\"url\":\"https:\\\/\\\/fit360.ee\\\/en\\\/\",\"logo\":{\"@type\":\"ImageObject\",\"inLanguage\":\"en-US\",\"@id\":\"https:\\\/\\\/fit360.ee\\\/en\\\/#\\\/schema\\\/logo\\\/image\\\/\",\"url\":\"https:\\\/\\\/fit360.ee\\\/wp-content\\\/uploads\\\/2017\\\/01\\\/logo-fit360.png\",\"contentUrl\":\"https:\\\/\\\/fit360.ee\\\/wp-content\\\/uploads\\\/2017\\\/01\\\/logo-fit360.png\",\"width\":180,\"height\":66,\"caption\":\"Fit360\"},\"image\":{\"@id\":\"https:\\\/\\\/fit360.ee\\\/en\\\/#\\\/schema\\\/logo\\\/image\\\/\"}}]}<\/script>\n<!-- \/ Yoast SEO plugin. -->","yoast_head_json":{"title":"Boor (120caps) - Boor - Kiire Tarne - Parim Hind - Fit360","description":"Boorhape, tuntud ka kui boor, on anorgaaniline keemiline \u00fchend, mis on n\u00f5rk hape, mida kasutatakse tavaliselt muu hulgas kosmeetikas, samuti ...","robots":{"index":"index","follow":"follow","max-snippet":"max-snippet:-1","max-image-preview":"max-image-preview:large","max-video-preview":"max-video-preview:-1"},"canonical":"https:\/\/fit360.ee\/en\/pood\/product-groups\/\u0432\u0435\u0433\u0430\u043d\/vegan-capsules-en\/boorhape-120caps\/","og_locale":"en_US","og_type":"article","og_title":"Boor (120caps) - Boor - Kiire Tarne - Parim Hind - Fit360","og_description":"Boorhape, tuntud ka kui boor, on anorgaaniline keemiline \u00fchend, mis on n\u00f5rk hape, mida kasutatakse tavaliselt muu hulgas kosmeetikas, samuti ...","og_url":"https:\/\/fit360.ee\/en\/pood\/product-groups\/\u0432\u0435\u0433\u0430\u043d\/vegan-capsules-en\/boorhape-120caps\/","og_site_name":"Fit360","article_modified_time":"2025-08-19T06:32:46+00:00","og_image":[{"width":450,"height":450,"url":"https:\/\/fit360.ee\/wp-content\/uploads\/2023\/11\/boorhape-fit360.ee_.png","type":"image\/png"}],"twitter_card":"summary_large_image","twitter_misc":{"Est. reading time":"2 minutes"},"schema":{"@context":"https:\/\/schema.org","@graph":[{"@type":"WebPage","@id":"https:\/\/fit360.ee\/en\/pood\/product-groups\/%d0%b2%d0%b5%d0%b3%d0%b0%d0%bd\/vegan-capsules-en\/boorhape-120caps\/","url":"https:\/\/fit360.ee\/en\/pood\/product-groups\/%d0%b2%d0%b5%d0%b3%d0%b0%d0%bd\/vegan-capsules-en\/boorhape-120caps\/","name":"Boor (120caps) - Boor - Kiire Tarne - Parim Hind - Fit360","isPartOf":{"@id":"https:\/\/fit360.ee\/en\/#website"},"primaryImageOfPage":{"@id":"https:\/\/fit360.ee\/en\/pood\/product-groups\/%d0%b2%d0%b5%d0%b3%d0%b0%d0%bd\/vegan-capsules-en\/boorhape-120caps\/#primaryimage"},"image":{"@id":"https:\/\/fit360.ee\/en\/pood\/product-groups\/%d0%b2%d0%b5%d0%b3%d0%b0%d0%bd\/vegan-capsules-en\/boorhape-120caps\/#primaryimage"},"thumbnailUrl":"https:\/\/fit360.ee\/wp-content\/uploads\/2023\/11\/boorhape-fit360.ee_.png","datePublished":"2023-11-24T11:19:28+00:00","dateModified":"2025-08-19T06:32:46+00:00","description":"Boorhape, tuntud ka kui boor, on anorgaaniline keemiline \u00fchend, mis on n\u00f5rk hape, mida kasutatakse tavaliselt muu hulgas kosmeetikas, samuti ...","breadcrumb":{"@id":"https:\/\/fit360.ee\/en\/pood\/product-groups\/%d0%b2%d0%b5%d0%b3%d0%b0%d0%bd\/vegan-capsules-en\/boorhape-120caps\/#breadcrumb"},"inLanguage":"en-US","potentialAction":[{"@type":"ReadAction","target":["https:\/\/fit360.ee\/en\/pood\/product-groups\/%d0%b2%d0%b5%d0%b3%d0%b0%d0%bd\/vegan-capsules-en\/boorhape-120caps\/"]}]},{"@type":"ImageObject","inLanguage":"en-US","@id":"https:\/\/fit360.ee\/en\/pood\/product-groups\/%d0%b2%d0%b5%d0%b3%d0%b0%d0%bd\/vegan-capsules-en\/boorhape-120caps\/#primaryimage","url":"https:\/\/fit360.ee\/wp-content\/uploads\/2023\/11\/boorhape-fit360.ee_.png","contentUrl":"https:\/\/fit360.ee\/wp-content\/uploads\/2023\/11\/boorhape-fit360.ee_.png","width":450,"height":450,"caption":"boorhape - fit360.ee"},{"@type":"BreadcrumbList","@id":"https:\/\/fit360.ee\/en\/pood\/product-groups\/%d0%b2%d0%b5%d0%b3%d0%b0%d0%bd\/vegan-capsules-en\/boorhape-120caps\/#breadcrumb","itemListElement":[{"@type":"ListItem","position":1,"name":"Home","item":"https:\/\/fit360.ee\/en\/"},{"@type":"ListItem","position":2,"name":"Shop","item":"https:\/\/fit360.ee\/en\/shop\/"},{"@type":"ListItem","position":3,"name":"Boor (120caps)"}]},{"@type":"WebSite","@id":"https:\/\/fit360.ee\/en\/#website","url":"https:\/\/fit360.ee\/en\/","name":"Fit360","description":"","publisher":{"@id":"https:\/\/fit360.ee\/en\/#organization"},"potentialAction":[{"@type":"SearchAction","target":{"@type":"EntryPoint","urlTemplate":"https:\/\/fit360.ee\/en\/?s={search_term_string}"},"query-input":{"@type":"PropertyValueSpecification","valueRequired":true,"valueName":"search_term_string"}}],"inLanguage":"en-US"},{"@type":"Organization","@id":"https:\/\/fit360.ee\/en\/#organization","name":"Fit360","url":"https:\/\/fit360.ee\/en\/","logo":{"@type":"ImageObject","inLanguage":"en-US","@id":"https:\/\/fit360.ee\/en\/#\/schema\/logo\/image\/","url":"https:\/\/fit360.ee\/wp-content\/uploads\/2017\/01\/logo-fit360.png","contentUrl":"https:\/\/fit360.ee\/wp-content\/uploads\/2017\/01\/logo-fit360.png","width":180,"height":66,"caption":"Fit360"},"image":{"@id":"https:\/\/fit360.ee\/en\/#\/schema\/logo\/image\/"}}]}},"_links":{"self":[{"href":"https:\/\/fit360.ee\/en\/wp-json\/wp\/v2\/product\/75476","targetHints":{"allow":["GET"]}}],"collection":[{"href":"https:\/\/fit360.ee\/en\/wp-json\/wp\/v2\/product"}],"about":[{"href":"https:\/\/fit360.ee\/en\/wp-json\/wp\/v2\/types\/product"}],"replies":[{"embeddable":true,"href":"https:\/\/fit360.ee\/en\/wp-json\/wp\/v2\/comments?post=75476"}],"wp:featuredmedia":[{"embeddable":true,"href":"https:\/\/fit360.ee\/en\/wp-json\/wp\/v2\/media\/75475"}],"wp:attachment":[{"href":"https:\/\/fit360.ee\/en\/wp-json\/wp\/v2\/media?parent=75476"}],"wp:term":[{"taxonomy":"product_brand","embeddable":true,"href":"https:\/\/fit360.ee\/en\/wp-json\/wp\/v2\/product_brand?post=75476"},{"taxonomy":"product_cat","embeddable":true,"href":"https:\/\/fit360.ee\/en\/wp-json\/wp\/v2\/product_cat?post=75476"},{"taxonomy":"product_tag","embeddable":true,"href":"https:\/\/fit360.ee\/en\/wp-json\/wp\/v2\/product_tag?post=75476"},{"taxonomy":"giftcard-category","embeddable":true,"href":"https:\/\/fit360.ee\/en\/wp-json\/wp\/v2\/giftcard-category?post=75476"}],"curies":[{"name":"wp","href":"https:\/\/api.w.org\/{rel}","templated":true}]}}