{"id":75484,"date":"2023-11-24T13:38:50","date_gmt":"2023-11-24T11:38:50","guid":{"rendered":"https:\/\/fit360.ee\/pood\/uncategorized\/vitamiin-d3-2000-iu-60caps\/"},"modified":"2025-09-08T08:46:20","modified_gmt":"2025-09-08T06:46:20","slug":"vitamiin-d3-2000-iu-60caps","status":"publish","type":"product","link":"https:\/\/fit360.ee\/en\/pood\/product-groups\/vitamins-and-minerals-en\/d-vitamin-en\/vitamiin-d3-2000-iu-60caps\/","title":{"rendered":"Vitamiin D3 2000 IU (60caps)"},"content":{"rendered":"<h2 class=\"cm__heading\"><strong>Vitamiin D3 2000 IU\u00a0<\/strong><\/h2>\n<p class=\"cm__text --bold\">OstroVit Vitamiin D3 2000 IU on kvaliteetne toidulisand, mis on D3-vitamiini allikas. See preparaat on saadaval h\u00e4sti imenduvate kapslite kujul, mis on loodud inimestele, kes soovivad t\u00e4iendada oma igap\u00e4evast toitumist v\u00e4\u00e4rtusliku mikroelemendiga.<\/p>\n<ul class=\"cm__list\">\n<li><strong>D3-vitamiini allikas<\/strong> \u2013 \u00fcks toidulisandi portsjon sisaldab 2000 IU kolekaltsiferooli.<\/li>\n<li><strong>1 portsjon = 1 kapsel<\/strong>\u00a0.<\/li>\n<li><strong>T\u00f5husus<\/strong>\u00a0\u2013 preparaadi pakendist piisab kahekuuliseks regulaarseks toidulisandiks.<\/li>\n<li><strong>Mugav vorm<\/strong>\u00a0\u2013 toode on saadaval kergesti neelatavate pehmete geelkapslite kujul, tagades toidulisandi probleemideta ja efektiivse manustamise.<\/li>\n<\/ul>\n<section class=\"cm__section\">\n<h4 class=\"cm__heading\"><strong>OstroVit Vitamiin D3 2000 IU \u2013 v\u00e4\u00e4rtuslik mikroelement<\/strong><\/h4>\n<p class=\"cm__text\"><strong>D3-vitamiin<\/strong>\u00a0, tuntud ka kui kolekaltsiferool, on steroidne orgaaniline keemiline \u00fchend, mis kuulub rasvlahustuvate vitamiinide r\u00fchma.\u00a0Seega on koostisosa imendumine tihedalt seotud rasvade olemasoluga igap\u00e4evases toidus.\u00a0D3-vitamiin on aine, mis tarnitakse organismi toiduga (seda leidub muuhulgas rasvases merekalas) ja ka naha s\u00fcnteesi teel.\u00a0Seda s\u00e4ilitatakse aga peamiselt rasvkoes ja maksas.\u00a0OstroViti preparaat sisaldab lisaks kolekaltsiferoolile ka safloori\u00f5li, koostisosa, mis m\u00f5jutab soodsalt toimeaine imendumist ja omastamist ning tagab seel\u00e4bi t\u00f5husa toidulisandi.<\/p>\n<h4 class=\"cm__heading\"><strong>OstroVit Vitamin D3 2000 IU koostisainete omadused<\/strong><\/h4>\n<p>Tootes sisalduv D-vitamiin aitab s\u00e4ilitada terveid luid ja hambaid ning lihaste korralikku talitlust ning veelgi enam, see toetab immuuns\u00fcsteemi n\u00f5uetekohast toimimist.\u00a0\u00dchend aitab ka kaltsiumi ja fosfori \u00f5igel imendumisel ja kasutamisel ning kaltsiumi \u00f5ige taseme s\u00e4ilitamisel veres.\u00a0Aine osaleb ka rakkude jagunemise protsessis.<\/p>\n<\/section>\n<section class=\"cm__section\">\n<h4 class=\"cm__heading\"><strong>Laboratoorselt kinnitatud kvaliteet<\/strong><\/h4>\n<p class=\"cm__text --bold\">Klientide tervise p\u00e4rast muretsedes testitakse meie toodetud tooteid regulaarselt s\u00f5ltumatus akrediteeritud laboris, et tagada ja s\u00e4ilitada k\u00f5rgeim kvaliteet.<\/p>\n<p><strong>Koostisosad<\/strong>: Safloori\u00f5li (Carthamus tinctorius L), \u017eelatiin, niiskuses\u00e4ilitaja &#8211; gl\u00fctserool;\u00a0Puhastatud vesi;\u00a0kolekaltsiferool (D-vitamiin).<\/p>\n<p>Toode v\u00f5ib sisaldada piima (sh laktoosi), soja, maap\u00e4hkleid, muid p\u00e4hkleid, seesamiseemneid, gluteeni sisaldavaid teravilju, mune, v\u00e4hilaadseid, kala.<\/p>\n<p><strong>Kasutamine<\/strong>: Tarbi 1 portsjon (1 kapsel) p\u00e4evas 30 minutit enne s\u00f6\u00f6ki.<\/p>\n<p><strong>Suurus<\/strong>: 60 kapslit &#8211; 60 serveeringut.<\/p>\n<table>\n<tbody>\n<tr>\n<th>Aktiivsed koostisosad<\/th>\n<th>Portsjoni kohta<\/th>\n<th>% SPK*<\/th>\n<\/tr>\n<tr>\n<td>D-vitamiin (kolekaltsiferool)<\/td>\n<td>50 mcg \/ 2000 IU<\/td>\n<td>1000%<\/td>\n<\/tr>\n<\/tbody>\n<\/table>\n<p>*SPK \u2013 Soovitatud p\u00e4evane kogus.<\/p>\n<p>Vaata ka meie teisi Vitamiine <a href=\"https:\/\/fit360.ee\/en\/product-category\/product-groups\/vitamins-and-minerals-en\/\"><strong>SIIT<\/strong> <\/a>v\u00f5i D-vitamiine <a href=\"https:\/\/fit360.ee\/en\/product-category\/product-groups\/vitamins-and-minerals-en\/d-vitamin-en\/\"><strong>SIIT<\/strong><\/a>!<\/p>\n<p>Soovid kaupa osta suuremas koguses? Vaata antud toodet ka meie HULGI poest\u00a0<a href=\"https:\/\/toidulisandidhulgi.ee\/tooted\/vitamiin-d3-2000-iu-60caps\/\"><strong>SIIT<\/strong><\/a>!<\/p>\n<\/section>\n","protected":false},"excerpt":{"rendered":"<ul class=\"cm__list\">\n<li>D3-vitamiini allikas<\/li>\n<li>1 portsjon = 1 kapsel\u00a0.<\/li>\n<li>T\u00f5husus<\/li>\n<li>Mugav vorm<\/li>\n<\/ul>\n","protected":false},"featured_media":75482,"comment_status":"closed","ping_status":"closed","template":"","meta":[],"product_brand":[],"product_cat":[1913,5320,527,1329,536],"product_tag":[1958,1924,1931,4633],"giftcard-category":[],"class_list":{"0":"post-75484","1":"product","2":"type-product","3":"status-publish","4":"has-post-thumbnail","6":"product_cat-d-vitamin-en","7":"product_cat-for-immunity-en","8":"product_cat-joint-support-en","9":"product_cat-ostrovit-en","10":"product_cat-vitamins-and-minerals-en","11":"product_tag-d-vitamiin-en","12":"product_tag-ostrovit-en","13":"product_tag-vitamiin-d-en","14":"product_tag-vitamiin-d3-2000-iu-en","15":"pa_kogus-60-capsules","16":"pa_toidulisand-branddd-ostrovit","17":"pa_tootegruppp-d-vitamiin-en","18":"pa_tootegruppp-for-joints","19":"pa_tootegruppp-immuunsusteem-en","20":"pa_tootegruppp-vitamins-and-minerals","22":"first","23":"instock","24":"sale","25":"taxable","26":"shipping-taxable","27":"purchasable","28":"product-type-simple"},"yoast_head":"<!-- This site is optimized with the Yoast SEO plugin v27.3 - https:\/\/yoast.com\/product\/yoast-seo-wordpress\/ -->\n<title>Vitamiin D3 2000 IU (60caps) - Kvaliteet D-Vitamiin - Kiire Tarne - Fit360<\/title>\n<meta name=\"description\" content=\"Vitamin D3 2000 IU on kvaliteetne toidulisand, mis on D3-vitamiini allikas.\u00a0See preparaat on saadaval h\u00e4sti imenduvate kapslite kujul, mis on loodud ini...\" \/>\n<meta name=\"robots\" content=\"index, follow, max-snippet:-1, max-image-preview:large, max-video-preview:-1\" \/>\n<link rel=\"canonical\" href=\"https:\/\/fit360.ee\/en\/pood\/product-groups\/vitamins-and-minerals-en\/d-vitamin-en\/vitamiin-d3-2000-iu-60caps\/\" \/>\n<meta property=\"og:locale\" content=\"en_US\" \/>\n<meta property=\"og:type\" content=\"article\" \/>\n<meta property=\"og:title\" content=\"Vitamiin D3 2000 IU (60caps) - Kvaliteet D-Vitamiin - Kiire Tarne - Fit360\" \/>\n<meta property=\"og:description\" content=\"Vitamin D3 2000 IU on kvaliteetne toidulisand, mis on D3-vitamiini allikas.\u00a0See preparaat on saadaval h\u00e4sti imenduvate kapslite kujul, mis on loodud ini...\" \/>\n<meta property=\"og:url\" content=\"https:\/\/fit360.ee\/en\/pood\/product-groups\/vitamins-and-minerals-en\/d-vitamin-en\/vitamiin-d3-2000-iu-60caps\/\" \/>\n<meta property=\"og:site_name\" content=\"Fit360\" \/>\n<meta property=\"article:modified_time\" content=\"2025-09-08T06:46:20+00:00\" \/>\n<meta property=\"og:image\" content=\"https:\/\/fit360.ee\/wp-content\/uploads\/2023\/11\/Vitamiin-D3-2000-IU-fit360.ee-1.png\" \/>\n\t<meta property=\"og:image:width\" content=\"450\" \/>\n\t<meta property=\"og:image:height\" content=\"450\" \/>\n\t<meta property=\"og:image:type\" content=\"image\/png\" \/>\n<meta name=\"twitter:card\" content=\"summary_large_image\" \/>\n<meta name=\"twitter:label1\" content=\"Est. reading time\" \/>\n\t<meta name=\"twitter:data1\" content=\"2 minutes\" \/>\n<script type=\"application\/ld+json\" class=\"yoast-schema-graph\">{\"@context\":\"https:\\\/\\\/schema.org\",\"@graph\":[{\"@type\":\"WebPage\",\"@id\":\"https:\\\/\\\/fit360.ee\\\/en\\\/pood\\\/product-groups\\\/vitamins-and-minerals-en\\\/d-vitamin-en\\\/vitamiin-d3-2000-iu-60caps\\\/\",\"url\":\"https:\\\/\\\/fit360.ee\\\/en\\\/pood\\\/product-groups\\\/vitamins-and-minerals-en\\\/d-vitamin-en\\\/vitamiin-d3-2000-iu-60caps\\\/\",\"name\":\"Vitamiin D3 2000 IU (60caps) - Kvaliteet D-Vitamiin - Kiire Tarne - Fit360\",\"isPartOf\":{\"@id\":\"https:\\\/\\\/fit360.ee\\\/en\\\/#website\"},\"primaryImageOfPage\":{\"@id\":\"https:\\\/\\\/fit360.ee\\\/en\\\/pood\\\/product-groups\\\/vitamins-and-minerals-en\\\/d-vitamin-en\\\/vitamiin-d3-2000-iu-60caps\\\/#primaryimage\"},\"image\":{\"@id\":\"https:\\\/\\\/fit360.ee\\\/en\\\/pood\\\/product-groups\\\/vitamins-and-minerals-en\\\/d-vitamin-en\\\/vitamiin-d3-2000-iu-60caps\\\/#primaryimage\"},\"thumbnailUrl\":\"https:\\\/\\\/fit360.ee\\\/wp-content\\\/uploads\\\/2023\\\/11\\\/Vitamiin-D3-2000-IU-fit360.ee-1.png\",\"datePublished\":\"2023-11-24T11:38:50+00:00\",\"dateModified\":\"2025-09-08T06:46:20+00:00\",\"description\":\"Vitamin D3 2000 IU on kvaliteetne toidulisand, mis on D3-vitamiini allikas.\u00a0See preparaat on saadaval h\u00e4sti imenduvate kapslite kujul, mis on loodud ini...\",\"breadcrumb\":{\"@id\":\"https:\\\/\\\/fit360.ee\\\/en\\\/pood\\\/product-groups\\\/vitamins-and-minerals-en\\\/d-vitamin-en\\\/vitamiin-d3-2000-iu-60caps\\\/#breadcrumb\"},\"inLanguage\":\"en-US\",\"potentialAction\":[{\"@type\":\"ReadAction\",\"target\":[\"https:\\\/\\\/fit360.ee\\\/en\\\/pood\\\/product-groups\\\/vitamins-and-minerals-en\\\/d-vitamin-en\\\/vitamiin-d3-2000-iu-60caps\\\/\"]}]},{\"@type\":\"ImageObject\",\"inLanguage\":\"en-US\",\"@id\":\"https:\\\/\\\/fit360.ee\\\/en\\\/pood\\\/product-groups\\\/vitamins-and-minerals-en\\\/d-vitamin-en\\\/vitamiin-d3-2000-iu-60caps\\\/#primaryimage\",\"url\":\"https:\\\/\\\/fit360.ee\\\/wp-content\\\/uploads\\\/2023\\\/11\\\/Vitamiin-D3-2000-IU-fit360.ee-1.png\",\"contentUrl\":\"https:\\\/\\\/fit360.ee\\\/wp-content\\\/uploads\\\/2023\\\/11\\\/Vitamiin-D3-2000-IU-fit360.ee-1.png\",\"width\":450,\"height\":450,\"caption\":\"Vitamiin D3 2000 IU\u00a0- fit360.ee\"},{\"@type\":\"BreadcrumbList\",\"@id\":\"https:\\\/\\\/fit360.ee\\\/en\\\/pood\\\/product-groups\\\/vitamins-and-minerals-en\\\/d-vitamin-en\\\/vitamiin-d3-2000-iu-60caps\\\/#breadcrumb\",\"itemListElement\":[{\"@type\":\"ListItem\",\"position\":1,\"name\":\"Home\",\"item\":\"https:\\\/\\\/fit360.ee\\\/en\\\/\"},{\"@type\":\"ListItem\",\"position\":2,\"name\":\"Shop\",\"item\":\"https:\\\/\\\/fit360.ee\\\/en\\\/shop\\\/\"},{\"@type\":\"ListItem\",\"position\":3,\"name\":\"Vitamiin D3 2000 IU (60caps)\"}]},{\"@type\":\"WebSite\",\"@id\":\"https:\\\/\\\/fit360.ee\\\/en\\\/#website\",\"url\":\"https:\\\/\\\/fit360.ee\\\/en\\\/\",\"name\":\"Fit360\",\"description\":\"\",\"publisher\":{\"@id\":\"https:\\\/\\\/fit360.ee\\\/en\\\/#organization\"},\"potentialAction\":[{\"@type\":\"SearchAction\",\"target\":{\"@type\":\"EntryPoint\",\"urlTemplate\":\"https:\\\/\\\/fit360.ee\\\/en\\\/?s={search_term_string}\"},\"query-input\":{\"@type\":\"PropertyValueSpecification\",\"valueRequired\":true,\"valueName\":\"search_term_string\"}}],\"inLanguage\":\"en-US\"},{\"@type\":\"Organization\",\"@id\":\"https:\\\/\\\/fit360.ee\\\/en\\\/#organization\",\"name\":\"Fit360\",\"url\":\"https:\\\/\\\/fit360.ee\\\/en\\\/\",\"logo\":{\"@type\":\"ImageObject\",\"inLanguage\":\"en-US\",\"@id\":\"https:\\\/\\\/fit360.ee\\\/en\\\/#\\\/schema\\\/logo\\\/image\\\/\",\"url\":\"https:\\\/\\\/fit360.ee\\\/wp-content\\\/uploads\\\/2017\\\/01\\\/logo-fit360.png\",\"contentUrl\":\"https:\\\/\\\/fit360.ee\\\/wp-content\\\/uploads\\\/2017\\\/01\\\/logo-fit360.png\",\"width\":180,\"height\":66,\"caption\":\"Fit360\"},\"image\":{\"@id\":\"https:\\\/\\\/fit360.ee\\\/en\\\/#\\\/schema\\\/logo\\\/image\\\/\"}}]}<\/script>\n<!-- \/ Yoast SEO plugin. -->","yoast_head_json":{"title":"Vitamiin D3 2000 IU (60caps) - Kvaliteet D-Vitamiin - Kiire Tarne - Fit360","description":"Vitamin D3 2000 IU on kvaliteetne toidulisand, mis on D3-vitamiini allikas.\u00a0See preparaat on saadaval h\u00e4sti imenduvate kapslite kujul, mis on loodud ini...","robots":{"index":"index","follow":"follow","max-snippet":"max-snippet:-1","max-image-preview":"max-image-preview:large","max-video-preview":"max-video-preview:-1"},"canonical":"https:\/\/fit360.ee\/en\/pood\/product-groups\/vitamins-and-minerals-en\/d-vitamin-en\/vitamiin-d3-2000-iu-60caps\/","og_locale":"en_US","og_type":"article","og_title":"Vitamiin D3 2000 IU (60caps) - Kvaliteet D-Vitamiin - Kiire Tarne - Fit360","og_description":"Vitamin D3 2000 IU on kvaliteetne toidulisand, mis on D3-vitamiini allikas.\u00a0See preparaat on saadaval h\u00e4sti imenduvate kapslite kujul, mis on loodud ini...","og_url":"https:\/\/fit360.ee\/en\/pood\/product-groups\/vitamins-and-minerals-en\/d-vitamin-en\/vitamiin-d3-2000-iu-60caps\/","og_site_name":"Fit360","article_modified_time":"2025-09-08T06:46:20+00:00","og_image":[{"width":450,"height":450,"url":"https:\/\/fit360.ee\/wp-content\/uploads\/2023\/11\/Vitamiin-D3-2000-IU-fit360.ee-1.png","type":"image\/png"}],"twitter_card":"summary_large_image","twitter_misc":{"Est. reading time":"2 minutes"},"schema":{"@context":"https:\/\/schema.org","@graph":[{"@type":"WebPage","@id":"https:\/\/fit360.ee\/en\/pood\/product-groups\/vitamins-and-minerals-en\/d-vitamin-en\/vitamiin-d3-2000-iu-60caps\/","url":"https:\/\/fit360.ee\/en\/pood\/product-groups\/vitamins-and-minerals-en\/d-vitamin-en\/vitamiin-d3-2000-iu-60caps\/","name":"Vitamiin D3 2000 IU (60caps) - Kvaliteet D-Vitamiin - Kiire Tarne - Fit360","isPartOf":{"@id":"https:\/\/fit360.ee\/en\/#website"},"primaryImageOfPage":{"@id":"https:\/\/fit360.ee\/en\/pood\/product-groups\/vitamins-and-minerals-en\/d-vitamin-en\/vitamiin-d3-2000-iu-60caps\/#primaryimage"},"image":{"@id":"https:\/\/fit360.ee\/en\/pood\/product-groups\/vitamins-and-minerals-en\/d-vitamin-en\/vitamiin-d3-2000-iu-60caps\/#primaryimage"},"thumbnailUrl":"https:\/\/fit360.ee\/wp-content\/uploads\/2023\/11\/Vitamiin-D3-2000-IU-fit360.ee-1.png","datePublished":"2023-11-24T11:38:50+00:00","dateModified":"2025-09-08T06:46:20+00:00","description":"Vitamin D3 2000 IU on kvaliteetne toidulisand, mis on D3-vitamiini allikas.\u00a0See preparaat on saadaval h\u00e4sti imenduvate kapslite kujul, mis on loodud ini...","breadcrumb":{"@id":"https:\/\/fit360.ee\/en\/pood\/product-groups\/vitamins-and-minerals-en\/d-vitamin-en\/vitamiin-d3-2000-iu-60caps\/#breadcrumb"},"inLanguage":"en-US","potentialAction":[{"@type":"ReadAction","target":["https:\/\/fit360.ee\/en\/pood\/product-groups\/vitamins-and-minerals-en\/d-vitamin-en\/vitamiin-d3-2000-iu-60caps\/"]}]},{"@type":"ImageObject","inLanguage":"en-US","@id":"https:\/\/fit360.ee\/en\/pood\/product-groups\/vitamins-and-minerals-en\/d-vitamin-en\/vitamiin-d3-2000-iu-60caps\/#primaryimage","url":"https:\/\/fit360.ee\/wp-content\/uploads\/2023\/11\/Vitamiin-D3-2000-IU-fit360.ee-1.png","contentUrl":"https:\/\/fit360.ee\/wp-content\/uploads\/2023\/11\/Vitamiin-D3-2000-IU-fit360.ee-1.png","width":450,"height":450,"caption":"Vitamiin D3 2000 IU\u00a0- fit360.ee"},{"@type":"BreadcrumbList","@id":"https:\/\/fit360.ee\/en\/pood\/product-groups\/vitamins-and-minerals-en\/d-vitamin-en\/vitamiin-d3-2000-iu-60caps\/#breadcrumb","itemListElement":[{"@type":"ListItem","position":1,"name":"Home","item":"https:\/\/fit360.ee\/en\/"},{"@type":"ListItem","position":2,"name":"Shop","item":"https:\/\/fit360.ee\/en\/shop\/"},{"@type":"ListItem","position":3,"name":"Vitamiin D3 2000 IU (60caps)"}]},{"@type":"WebSite","@id":"https:\/\/fit360.ee\/en\/#website","url":"https:\/\/fit360.ee\/en\/","name":"Fit360","description":"","publisher":{"@id":"https:\/\/fit360.ee\/en\/#organization"},"potentialAction":[{"@type":"SearchAction","target":{"@type":"EntryPoint","urlTemplate":"https:\/\/fit360.ee\/en\/?s={search_term_string}"},"query-input":{"@type":"PropertyValueSpecification","valueRequired":true,"valueName":"search_term_string"}}],"inLanguage":"en-US"},{"@type":"Organization","@id":"https:\/\/fit360.ee\/en\/#organization","name":"Fit360","url":"https:\/\/fit360.ee\/en\/","logo":{"@type":"ImageObject","inLanguage":"en-US","@id":"https:\/\/fit360.ee\/en\/#\/schema\/logo\/image\/","url":"https:\/\/fit360.ee\/wp-content\/uploads\/2017\/01\/logo-fit360.png","contentUrl":"https:\/\/fit360.ee\/wp-content\/uploads\/2017\/01\/logo-fit360.png","width":180,"height":66,"caption":"Fit360"},"image":{"@id":"https:\/\/fit360.ee\/en\/#\/schema\/logo\/image\/"}}]}},"_links":{"self":[{"href":"https:\/\/fit360.ee\/en\/wp-json\/wp\/v2\/product\/75484","targetHints":{"allow":["GET"]}}],"collection":[{"href":"https:\/\/fit360.ee\/en\/wp-json\/wp\/v2\/product"}],"about":[{"href":"https:\/\/fit360.ee\/en\/wp-json\/wp\/v2\/types\/product"}],"replies":[{"embeddable":true,"href":"https:\/\/fit360.ee\/en\/wp-json\/wp\/v2\/comments?post=75484"}],"wp:featuredmedia":[{"embeddable":true,"href":"https:\/\/fit360.ee\/en\/wp-json\/wp\/v2\/media\/75482"}],"wp:attachment":[{"href":"https:\/\/fit360.ee\/en\/wp-json\/wp\/v2\/media?parent=75484"}],"wp:term":[{"taxonomy":"product_brand","embeddable":true,"href":"https:\/\/fit360.ee\/en\/wp-json\/wp\/v2\/product_brand?post=75484"},{"taxonomy":"product_cat","embeddable":true,"href":"https:\/\/fit360.ee\/en\/wp-json\/wp\/v2\/product_cat?post=75484"},{"taxonomy":"product_tag","embeddable":true,"href":"https:\/\/fit360.ee\/en\/wp-json\/wp\/v2\/product_tag?post=75484"},{"taxonomy":"giftcard-category","embeddable":true,"href":"https:\/\/fit360.ee\/en\/wp-json\/wp\/v2\/giftcard-category?post=75484"}],"curies":[{"name":"wp","href":"https:\/\/api.w.org\/{rel}","templated":true}]}}