{"id":75642,"date":"2023-12-02T14:54:07","date_gmt":"2023-12-02T12:54:07","guid":{"rendered":"https:\/\/fit360.ee\/pood\/uncategorized\/applied-nutrition-t-sark-l-suurus\/"},"modified":"2026-04-09T17:13:16","modified_gmt":"2026-04-09T15:13:16","slug":"applied-nutrition-t-sark-l-suurus","status":"publish","type":"product","link":"https:\/\/fit360.ee\/en\/pood\/training-equipment-en\/fitness-clothing-en\/applied-nutrition-t-sark-l-suurus\/","title":{"rendered":"Applied Nutrition T-S\u00e4rk, L suurus"},"content":{"rendered":"<h2><strong>ABE T-s\u00e4rk<\/strong><\/h2>\n<p>N\u00e4idake oma armastust ABE vastu!<\/p>\n<p class=\"svelte-p3hmf8\">\u00dclim spordisaali T-s\u00e4rk, mis leiab kindlasti oma koha teie spordikotis v\u00f5i isegi teie igap\u00e4evastes riietes ja selle hinnaga, miks mitte omada iga\u00fchele \u00fcks!<\/p>\n<p class=\"svelte-p3hmf8\">Pehme hingav kangas loob \u00f5hulise tunde, olenemata sellest, kui k\u00f5vasti t\u00f6\u00f6tate.<\/p>\n<p class=\"svelte-p3hmf8\">\u00dcmmargune krae, l\u00fchikesed varrukad, tavaline istuvus \u2013 see T-s\u00e4rk on valmistatud just nii, nagu teile meeldib. Selle esik\u00fcljele on tr\u00fckitud klassikaline ABE logo, tagak\u00fcljel ALL BLACK EVERYTHING ja v\u00e4ike Applied Nutritioni logo varrukatr\u00fckk.<\/p>\n<p><a href=\"https:\/\/fit360.ee\/wp-content\/uploads\/2023\/12\/applied-nutirtion-t-sark-fit360.ee_-800x530.jpg\"><img loading=\"lazy\" decoding=\"async\" class=\"size-medium wp-image-75638\" src=\"https:\/\/fit360.ee\/wp-content\/uploads\/2023\/12\/applied-nutirtion-t-sark-fit360.ee_-800x530.jpg\" alt=\"applied nutirtion t-s\u00e4rk - fit360.ee\" width=\"800\" height=\"530\" srcset=\"https:\/\/fit360.ee\/wp-content\/uploads\/2023\/12\/applied-nutirtion-t-sark-fit360.ee_-800x530.jpg 800w, https:\/\/fit360.ee\/wp-content\/uploads\/2023\/12\/applied-nutirtion-t-sark-fit360.ee_-510x338.jpg 510w, https:\/\/fit360.ee\/wp-content\/uploads\/2023\/12\/applied-nutirtion-t-sark-fit360.ee_-768x509.jpg 768w, https:\/\/fit360.ee\/wp-content\/uploads\/2023\/12\/applied-nutirtion-t-sark-fit360.ee_.jpg 1111w\" sizes=\"auto, (max-width: 800px) 100vw, 800px\" \/><\/a><\/p>\n<p>&nbsp;<\/p>\n<p>Sobib h\u00e4sti koos <a href=\"https:\/\/fit360.ee\/en\/pood\/product-groups\/creatine-en\/creatine-monohydrate-en\/abe-pre-workout-375g\/\"><strong>ABE Pre-Workoutiga<\/strong><\/a>!<\/p>\n<p>Vaata ka meie Teisi T\u00f5sterihmasid\u00a0<a href=\"https:\/\/toidulisandidhulgi.ee\/tooted\/applied-nutrition-t-sark-l-suurus\/\"><strong>SIIT<\/strong><\/a>!<\/p>\n","protected":false},"excerpt":{"rendered":"<ul>\n<li>Mugav materjal<\/li>\n<li>Must v\u00e4rvus<\/li>\n<li>Sobib h\u00e4sti treenings\u00e4rgiks<\/li>\n<\/ul>\n","protected":false},"featured_media":75641,"comment_status":"closed","ping_status":"closed","template":"","meta":[],"product_brand":[],"product_cat":[547,538],"product_tag":[4637],"giftcard-category":[],"class_list":{"0":"post-75642","1":"product","2":"type-product","3":"status-publish","4":"has-post-thumbnail","6":"product_cat-fitness-clothing-en","7":"product_cat-training-equipment-en","8":"product_tag-abe-t-sark-en","9":"pa_brand-applied-nutrition-en","10":"pa_riidetuup-t-shirt","11":"pa_sugu-for-men","12":"pa_sugu-for-women","13":"pa_sugu-unisex-en","14":"pa_suurus-l","15":"pa_varustus-clothes","16":"pa_varvus-black","18":"first","19":"outofstock","20":"taxable","21":"shipping-taxable","22":"purchasable","23":"product-type-simple"},"yoast_head":"<!-- This site is optimized with the Yoast SEO plugin v27.3 - https:\/\/yoast.com\/product\/yoast-seo-wordpress\/ -->\n<title>Applied Nutrition T-S\u00e4rk, L suurus - Treenings\u00e4rk - Kiire Tarne - Fit360<\/title>\n<meta name=\"description\" content=\"N\u00e4idake oma armastust ABE vastu!\u00a0\u00dclim spordisaali T-s\u00e4rk, mis leiab kindlasti oma koha teie spordikotis v\u00f5i isegi teie igap\u00e4evases riietuses!\" \/>\n<meta name=\"robots\" content=\"index, follow, max-snippet:-1, max-image-preview:large, max-video-preview:-1\" \/>\n<link rel=\"canonical\" href=\"https:\/\/fit360.ee\/en\/pood\/training-equipment-en\/fitness-clothing-en\/applied-nutrition-t-sark-l-suurus\/\" \/>\n<meta property=\"og:locale\" content=\"en_US\" \/>\n<meta property=\"og:type\" content=\"article\" \/>\n<meta property=\"og:title\" content=\"Applied Nutrition T-S\u00e4rk, L suurus - Treenings\u00e4rk - Kiire Tarne - Fit360\" \/>\n<meta property=\"og:description\" content=\"N\u00e4idake oma armastust ABE vastu!\u00a0\u00dclim spordisaali T-s\u00e4rk, mis leiab kindlasti oma koha teie spordikotis v\u00f5i isegi teie igap\u00e4evases riietuses!\" \/>\n<meta property=\"og:url\" content=\"https:\/\/fit360.ee\/en\/pood\/training-equipment-en\/fitness-clothing-en\/applied-nutrition-t-sark-l-suurus\/\" \/>\n<meta property=\"og:site_name\" content=\"Fit360\" \/>\n<meta property=\"article:modified_time\" content=\"2026-04-09T15:13:16+00:00\" \/>\n<meta property=\"og:image\" content=\"https:\/\/fit360.ee\/wp-content\/uploads\/2023\/12\/abe-t-sark-fit360.ee_.jpg\" \/>\n\t<meta property=\"og:image:width\" content=\"210\" \/>\n\t<meta property=\"og:image:height\" content=\"240\" \/>\n\t<meta property=\"og:image:type\" content=\"image\/jpeg\" \/>\n<meta name=\"twitter:card\" content=\"summary_large_image\" \/>\n<meta name=\"twitter:label1\" content=\"Est. reading time\" \/>\n\t<meta name=\"twitter:data1\" content=\"1 minute\" \/>\n<script type=\"application\/ld+json\" class=\"yoast-schema-graph\">{\"@context\":\"https:\\\/\\\/schema.org\",\"@graph\":[{\"@type\":\"WebPage\",\"@id\":\"https:\\\/\\\/fit360.ee\\\/en\\\/pood\\\/training-equipment-en\\\/fitness-clothing-en\\\/applied-nutrition-t-sark-l-suurus\\\/\",\"url\":\"https:\\\/\\\/fit360.ee\\\/en\\\/pood\\\/training-equipment-en\\\/fitness-clothing-en\\\/applied-nutrition-t-sark-l-suurus\\\/\",\"name\":\"Applied Nutrition T-S\u00e4rk, L suurus - Treenings\u00e4rk - Kiire Tarne - Fit360\",\"isPartOf\":{\"@id\":\"https:\\\/\\\/fit360.ee\\\/en\\\/#website\"},\"primaryImageOfPage\":{\"@id\":\"https:\\\/\\\/fit360.ee\\\/en\\\/pood\\\/training-equipment-en\\\/fitness-clothing-en\\\/applied-nutrition-t-sark-l-suurus\\\/#primaryimage\"},\"image\":{\"@id\":\"https:\\\/\\\/fit360.ee\\\/en\\\/pood\\\/training-equipment-en\\\/fitness-clothing-en\\\/applied-nutrition-t-sark-l-suurus\\\/#primaryimage\"},\"thumbnailUrl\":\"https:\\\/\\\/fit360.ee\\\/wp-content\\\/uploads\\\/2023\\\/12\\\/abe-t-sark-fit360.ee_.jpg\",\"datePublished\":\"2023-12-02T12:54:07+00:00\",\"dateModified\":\"2026-04-09T15:13:16+00:00\",\"description\":\"N\u00e4idake oma armastust ABE vastu!\u00a0\u00dclim spordisaali T-s\u00e4rk, mis leiab kindlasti oma koha teie spordikotis v\u00f5i isegi teie igap\u00e4evases riietuses!\",\"breadcrumb\":{\"@id\":\"https:\\\/\\\/fit360.ee\\\/en\\\/pood\\\/training-equipment-en\\\/fitness-clothing-en\\\/applied-nutrition-t-sark-l-suurus\\\/#breadcrumb\"},\"inLanguage\":\"en-US\",\"potentialAction\":[{\"@type\":\"ReadAction\",\"target\":[\"https:\\\/\\\/fit360.ee\\\/en\\\/pood\\\/training-equipment-en\\\/fitness-clothing-en\\\/applied-nutrition-t-sark-l-suurus\\\/\"]}]},{\"@type\":\"ImageObject\",\"inLanguage\":\"en-US\",\"@id\":\"https:\\\/\\\/fit360.ee\\\/en\\\/pood\\\/training-equipment-en\\\/fitness-clothing-en\\\/applied-nutrition-t-sark-l-suurus\\\/#primaryimage\",\"url\":\"https:\\\/\\\/fit360.ee\\\/wp-content\\\/uploads\\\/2023\\\/12\\\/abe-t-sark-fit360.ee_.jpg\",\"contentUrl\":\"https:\\\/\\\/fit360.ee\\\/wp-content\\\/uploads\\\/2023\\\/12\\\/abe-t-sark-fit360.ee_.jpg\",\"width\":210,\"height\":240,\"caption\":\"abe t-s\u00e4rk - fit360.ee\"},{\"@type\":\"BreadcrumbList\",\"@id\":\"https:\\\/\\\/fit360.ee\\\/en\\\/pood\\\/training-equipment-en\\\/fitness-clothing-en\\\/applied-nutrition-t-sark-l-suurus\\\/#breadcrumb\",\"itemListElement\":[{\"@type\":\"ListItem\",\"position\":1,\"name\":\"Home\",\"item\":\"https:\\\/\\\/fit360.ee\\\/en\\\/\"},{\"@type\":\"ListItem\",\"position\":2,\"name\":\"Shop\",\"item\":\"https:\\\/\\\/fit360.ee\\\/en\\\/shop\\\/\"},{\"@type\":\"ListItem\",\"position\":3,\"name\":\"Applied Nutrition T-S\u00e4rk, L suurus\"}]},{\"@type\":\"WebSite\",\"@id\":\"https:\\\/\\\/fit360.ee\\\/en\\\/#website\",\"url\":\"https:\\\/\\\/fit360.ee\\\/en\\\/\",\"name\":\"Fit360\",\"description\":\"\",\"publisher\":{\"@id\":\"https:\\\/\\\/fit360.ee\\\/en\\\/#organization\"},\"potentialAction\":[{\"@type\":\"SearchAction\",\"target\":{\"@type\":\"EntryPoint\",\"urlTemplate\":\"https:\\\/\\\/fit360.ee\\\/en\\\/?s={search_term_string}\"},\"query-input\":{\"@type\":\"PropertyValueSpecification\",\"valueRequired\":true,\"valueName\":\"search_term_string\"}}],\"inLanguage\":\"en-US\"},{\"@type\":\"Organization\",\"@id\":\"https:\\\/\\\/fit360.ee\\\/en\\\/#organization\",\"name\":\"Fit360\",\"url\":\"https:\\\/\\\/fit360.ee\\\/en\\\/\",\"logo\":{\"@type\":\"ImageObject\",\"inLanguage\":\"en-US\",\"@id\":\"https:\\\/\\\/fit360.ee\\\/en\\\/#\\\/schema\\\/logo\\\/image\\\/\",\"url\":\"https:\\\/\\\/fit360.ee\\\/wp-content\\\/uploads\\\/2017\\\/01\\\/logo-fit360.png\",\"contentUrl\":\"https:\\\/\\\/fit360.ee\\\/wp-content\\\/uploads\\\/2017\\\/01\\\/logo-fit360.png\",\"width\":180,\"height\":66,\"caption\":\"Fit360\"},\"image\":{\"@id\":\"https:\\\/\\\/fit360.ee\\\/en\\\/#\\\/schema\\\/logo\\\/image\\\/\"}}]}<\/script>\n<!-- \/ Yoast SEO plugin. -->","yoast_head_json":{"title":"Applied Nutrition T-S\u00e4rk, L suurus - Treenings\u00e4rk - Kiire Tarne - Fit360","description":"N\u00e4idake oma armastust ABE vastu!\u00a0\u00dclim spordisaali T-s\u00e4rk, mis leiab kindlasti oma koha teie spordikotis v\u00f5i isegi teie igap\u00e4evases riietuses!","robots":{"index":"index","follow":"follow","max-snippet":"max-snippet:-1","max-image-preview":"max-image-preview:large","max-video-preview":"max-video-preview:-1"},"canonical":"https:\/\/fit360.ee\/en\/pood\/training-equipment-en\/fitness-clothing-en\/applied-nutrition-t-sark-l-suurus\/","og_locale":"en_US","og_type":"article","og_title":"Applied Nutrition T-S\u00e4rk, L suurus - Treenings\u00e4rk - Kiire Tarne - Fit360","og_description":"N\u00e4idake oma armastust ABE vastu!\u00a0\u00dclim spordisaali T-s\u00e4rk, mis leiab kindlasti oma koha teie spordikotis v\u00f5i isegi teie igap\u00e4evases riietuses!","og_url":"https:\/\/fit360.ee\/en\/pood\/training-equipment-en\/fitness-clothing-en\/applied-nutrition-t-sark-l-suurus\/","og_site_name":"Fit360","article_modified_time":"2026-04-09T15:13:16+00:00","og_image":[{"width":210,"height":240,"url":"https:\/\/fit360.ee\/wp-content\/uploads\/2023\/12\/abe-t-sark-fit360.ee_.jpg","type":"image\/jpeg"}],"twitter_card":"summary_large_image","twitter_misc":{"Est. reading time":"1 minute"},"schema":{"@context":"https:\/\/schema.org","@graph":[{"@type":"WebPage","@id":"https:\/\/fit360.ee\/en\/pood\/training-equipment-en\/fitness-clothing-en\/applied-nutrition-t-sark-l-suurus\/","url":"https:\/\/fit360.ee\/en\/pood\/training-equipment-en\/fitness-clothing-en\/applied-nutrition-t-sark-l-suurus\/","name":"Applied Nutrition T-S\u00e4rk, L suurus - Treenings\u00e4rk - Kiire Tarne - Fit360","isPartOf":{"@id":"https:\/\/fit360.ee\/en\/#website"},"primaryImageOfPage":{"@id":"https:\/\/fit360.ee\/en\/pood\/training-equipment-en\/fitness-clothing-en\/applied-nutrition-t-sark-l-suurus\/#primaryimage"},"image":{"@id":"https:\/\/fit360.ee\/en\/pood\/training-equipment-en\/fitness-clothing-en\/applied-nutrition-t-sark-l-suurus\/#primaryimage"},"thumbnailUrl":"https:\/\/fit360.ee\/wp-content\/uploads\/2023\/12\/abe-t-sark-fit360.ee_.jpg","datePublished":"2023-12-02T12:54:07+00:00","dateModified":"2026-04-09T15:13:16+00:00","description":"N\u00e4idake oma armastust ABE vastu!\u00a0\u00dclim spordisaali T-s\u00e4rk, mis leiab kindlasti oma koha teie spordikotis v\u00f5i isegi teie igap\u00e4evases riietuses!","breadcrumb":{"@id":"https:\/\/fit360.ee\/en\/pood\/training-equipment-en\/fitness-clothing-en\/applied-nutrition-t-sark-l-suurus\/#breadcrumb"},"inLanguage":"en-US","potentialAction":[{"@type":"ReadAction","target":["https:\/\/fit360.ee\/en\/pood\/training-equipment-en\/fitness-clothing-en\/applied-nutrition-t-sark-l-suurus\/"]}]},{"@type":"ImageObject","inLanguage":"en-US","@id":"https:\/\/fit360.ee\/en\/pood\/training-equipment-en\/fitness-clothing-en\/applied-nutrition-t-sark-l-suurus\/#primaryimage","url":"https:\/\/fit360.ee\/wp-content\/uploads\/2023\/12\/abe-t-sark-fit360.ee_.jpg","contentUrl":"https:\/\/fit360.ee\/wp-content\/uploads\/2023\/12\/abe-t-sark-fit360.ee_.jpg","width":210,"height":240,"caption":"abe t-s\u00e4rk - fit360.ee"},{"@type":"BreadcrumbList","@id":"https:\/\/fit360.ee\/en\/pood\/training-equipment-en\/fitness-clothing-en\/applied-nutrition-t-sark-l-suurus\/#breadcrumb","itemListElement":[{"@type":"ListItem","position":1,"name":"Home","item":"https:\/\/fit360.ee\/en\/"},{"@type":"ListItem","position":2,"name":"Shop","item":"https:\/\/fit360.ee\/en\/shop\/"},{"@type":"ListItem","position":3,"name":"Applied Nutrition T-S\u00e4rk, L suurus"}]},{"@type":"WebSite","@id":"https:\/\/fit360.ee\/en\/#website","url":"https:\/\/fit360.ee\/en\/","name":"Fit360","description":"","publisher":{"@id":"https:\/\/fit360.ee\/en\/#organization"},"potentialAction":[{"@type":"SearchAction","target":{"@type":"EntryPoint","urlTemplate":"https:\/\/fit360.ee\/en\/?s={search_term_string}"},"query-input":{"@type":"PropertyValueSpecification","valueRequired":true,"valueName":"search_term_string"}}],"inLanguage":"en-US"},{"@type":"Organization","@id":"https:\/\/fit360.ee\/en\/#organization","name":"Fit360","url":"https:\/\/fit360.ee\/en\/","logo":{"@type":"ImageObject","inLanguage":"en-US","@id":"https:\/\/fit360.ee\/en\/#\/schema\/logo\/image\/","url":"https:\/\/fit360.ee\/wp-content\/uploads\/2017\/01\/logo-fit360.png","contentUrl":"https:\/\/fit360.ee\/wp-content\/uploads\/2017\/01\/logo-fit360.png","width":180,"height":66,"caption":"Fit360"},"image":{"@id":"https:\/\/fit360.ee\/en\/#\/schema\/logo\/image\/"}}]}},"_links":{"self":[{"href":"https:\/\/fit360.ee\/en\/wp-json\/wp\/v2\/product\/75642","targetHints":{"allow":["GET"]}}],"collection":[{"href":"https:\/\/fit360.ee\/en\/wp-json\/wp\/v2\/product"}],"about":[{"href":"https:\/\/fit360.ee\/en\/wp-json\/wp\/v2\/types\/product"}],"replies":[{"embeddable":true,"href":"https:\/\/fit360.ee\/en\/wp-json\/wp\/v2\/comments?post=75642"}],"wp:featuredmedia":[{"embeddable":true,"href":"https:\/\/fit360.ee\/en\/wp-json\/wp\/v2\/media\/75641"}],"wp:attachment":[{"href":"https:\/\/fit360.ee\/en\/wp-json\/wp\/v2\/media?parent=75642"}],"wp:term":[{"taxonomy":"product_brand","embeddable":true,"href":"https:\/\/fit360.ee\/en\/wp-json\/wp\/v2\/product_brand?post=75642"},{"taxonomy":"product_cat","embeddable":true,"href":"https:\/\/fit360.ee\/en\/wp-json\/wp\/v2\/product_cat?post=75642"},{"taxonomy":"product_tag","embeddable":true,"href":"https:\/\/fit360.ee\/en\/wp-json\/wp\/v2\/product_tag?post=75642"},{"taxonomy":"giftcard-category","embeddable":true,"href":"https:\/\/fit360.ee\/en\/wp-json\/wp\/v2\/giftcard-category?post=75642"}],"curies":[{"name":"wp","href":"https:\/\/api.w.org\/{rel}","templated":true}]}}