{"id":75869,"date":"2023-12-08T13:27:56","date_gmt":"2023-12-08T11:27:56","guid":{"rendered":"https:\/\/fit360.ee\/pood\/uncategorized\/vitamiin-d3-4000-iu-k2-vege-100tabs\/"},"modified":"2025-08-19T09:05:52","modified_gmt":"2025-08-19T07:05:52","slug":"vitamiin-d3-4000-iu-k2-vege-100tabs","status":"publish","type":"product","link":"https:\/\/fit360.ee\/en\/pood\/product-groups\/%d0%b2%d0%b5%d0%b3%d0%b0%d0%bd\/vegan-capsules-en\/vitamiin-d3-4000-iu-k2-vege-100tabs\/","title":{"rendered":"Vitamiin D3 4000 IU + K2 VEGE (100tabs)"},"content":{"rendered":"<h2 class=\"cm__heading\"><strong>Vitamiin D3 4000 IU + K2 VEGE\u00a0<\/strong><\/h2>\n<p class=\"cm__text --bold\">OstroVit Vitamiin D3 4000 IU + K2 vege on kvaliteetne toidulisand, mis on inimorganismi k\u00f5ige paremini omastatava menakinoon-7-MK-7 kujul D3- ja K2-vitamiini allikas. Tegemist on kergesti neelatavate tablettidena saadaval oleva veganpreparaadiga, mis on loodud inimestele, kes soovivad oma igap\u00e4evast toitumist v\u00e4\u00e4rtuslike mikroelementidega t\u00e4iendada.<\/p>\n<ul class=\"cm__list\">\n<li><strong>D3- ja K2-vitamiini allikas<\/strong> &#8211; \u00fcks toidulisandi tablett sisaldab 4000 R\u00dc kolekaltsiferooli ja 100\u03bcg menakinoon-7-MK-7.<\/li>\n<li><strong>Sobib taimetoitlastele ja veganitele<\/strong>\u00a0&#8211; toode ei sisalda loomset p\u00e4ritolu koostisosi &#8211; preparaadis kasutatav kolekaltsiferool p\u00e4rineb Islandi samblikust, K2-vitamiini allikaks on aga sojauba k\u00e4\u00e4riv bakter Bacillus subtilis natto.<\/li>\n<li><strong>1 portsjon = <\/strong>\u00bd tabletti v\u00f5i 1 tablett\u00a0.<\/li>\n<li><strong>Efektiivsus<\/strong>\u00a0\u2013 tootepakend sisaldab olenevalt annusest 100 v\u00f5i 200 portsjonit toidulisandit.<\/li>\n<li><strong>Mugav vorm<\/strong>\u00a0\u2013 preparaat on saadaval kergesti neelatavate tablettidena, mis v\u00f5imaldab toidulisandit probleemideta manustada.<\/li>\n<\/ul>\n<h4 class=\"cm__heading\"><strong>OstroVit Vitamiin D3 4000 IU + K2 VEGE \u2013 v\u00e4\u00e4rtuslike koostisosade allikas<\/strong><\/h4>\n<p class=\"cm__text\"><strong>D3-vitamiin<\/strong>\u00a0, tuntud ka kui kolekaltsiferool, on steroidne orgaaniline keemiline \u00fchend, mis kuulub rasvlahustuvate vitamiinide r\u00fchma.\u00a0Seega on koostisosa imendumine tihedalt seotud rasvade olemasoluga igap\u00e4evases toidus.\u00a0D3-vitamiin on aine, mis tarnitakse organismi toiduga (seda leidub muuhulgas rasvases merekalas) ja ka naha s\u00fcnteesi teel.\u00a0Seda s\u00e4ilitatakse aga peamiselt rasvkoes ja maksas.<\/p>\n<p><strong>K2-vitamiin<\/strong>\u00a0, mida nimetatakse menakinooniks, on orgaaniline keemiline \u00fchend, mis on klassifitseeritud rasvlahustuvateks vitamiinideks.\u00a0K2-vitamiin ladestub inimkehas peamiselt maksas.\u00a0Seda v\u00f5ivad toota seedes\u00fcsteemis esinevad bakterid, mis viiakse organismi koos toiduga (seda leidub nii taimsetes kui loomsetes saadustes), aga ka toidulisandite kujul.\u00a0OstroVit preparaadis kasutatav vitamiin K2 MK-7 on inimorganismi k\u00f5ige paremini omastatav \u00fchendi vorm, millel on kasulik m\u00f5ju toidulisandi kvaliteedile.\u00a0Toode sisaldab ka D3-vitamiini, mis toimib s\u00fcnergiliselt K2-vitamiiniga, millel on positiivne m\u00f5ju toidulisandite efektiivsusele.<\/p>\n<h4 class=\"cm__heading\"><strong>OstroVit Vitamin D3 4000 IU + K2 VEGE koostisainete omadused<\/strong><\/h4>\n<p>Tootes sisalduv\u00a0<strong>D-vitamiin<\/strong>\u00a0aitab s\u00e4ilitada terveid luid ja hambaid ning lihaste korralikku talitlust ning veelgi enam \u2013 see toetab immuuns\u00fcsteemi n\u00f5uetekohast toimimist.\u00a0\u00dchend aitab ka kaltsiumi ja fosfori \u00f5igel imendumisel ja kasutamisel ning kaltsiumi \u00f5ige taseme s\u00e4ilitamisel veres.\u00a0Aine osaleb ka rakkude jagunemise protsessis.<\/p>\n<p>Toidulisand sisaldab ka\u00a0<strong>K-vitamiini<\/strong>\u00a0, mis aitab kaasa \u00f5igele vere h\u00fc\u00fcbimisele ja aitab s\u00e4ilitada terveid luid.<\/p>\n<p><strong>Koostisosad<\/strong>: T\u00e4iteaine: mikrokristalne tselluloos;\u00a0t\u00e4rklis, looduslik D-vitamiin Islandi samblikust (kolekaltsiferool), menakinoon-7 MK-7 (vitamiin K) Bacillus subtilis nattost, paakumisvastased ained: rasvhapete magneesiumisoolad, r\u00e4nidioksiid.<\/p>\n<p>Toode v\u00f5ib sisaldada piima (sh laktoosi), soja, maap\u00e4hkleid, muid p\u00e4hkleid, seesamiseemneid, gluteeni sisaldavaid teravilju, mune, koorikloomi, kala.<\/p>\n<p><strong>Kasutamine<\/strong>: Alla 75-aastastele tervetele t\u00e4iskasvanutele 1\u20442 tabletti p\u00e4evas, \u00fcle 75-aastastele tervetele t\u00e4iskasvanutele 1 tablett p\u00e4evas.\u00a0Enne kasutamist on soovitav teha 25-(OH)D vereanal\u00fc\u00fcs ja testi tulemusega konsulteerida arsti v\u00f5i apteekriga.<\/p>\n<p>\u00c4rge \u00fcletage soovitatavat \u00f6\u00f6p\u00e4evast kogust.\u00a0Toidulisandit ei saa kasutada mitmek\u00fclgse toitumise asendajana.\u00a0Soovitatav on tasakaalustatud toitumine ja tervislik eluviis.\u00a0\u00c4rge tarbige, kui olete m\u00f5ne toote koostisosa suhtes allergiline.\u00a0<strong>Toodet ei tohi kasutada lapsed, rasedad, rinnaga toitvad emad ega inimesed, kes v\u00f5tavad K-vitamiini antagoniste (nt varfariin ja atsenokumarool) sisaldavaid antikoagulante.\u00a0<\/strong>Hoida v\u00e4ikelastele k\u00e4ttesaamatus kohas.<\/p>\n<p><strong>Suurus<\/strong>: 100 tabletti &#8211; 100\/200 serveeringut.<\/p>\n<table>\n<tbody>\n<tr>\n<th>Aktiivsed koostisosad<\/th>\n<th>\u00bd tabletti<\/th>\n<th>% RWS*<\/th>\n<th>1 tablett<\/th>\n<th>% SPK*<\/th>\n<\/tr>\n<tr>\n<td>K-vitamiin<\/td>\n<td>50 \u03bcg<\/td>\n<td>67%<\/td>\n<td>100 \u03bcg<\/td>\n<td>133%<\/td>\n<\/tr>\n<tr>\n<td>D-vitamiin<\/td>\n<td>50 \u03bcg \/ 2000 R\u00dc<\/td>\n<td>1000%<\/td>\n<td>100 \u03bcg \/ 4000 R\u00dc<\/td>\n<td>2000%<\/td>\n<\/tr>\n<\/tbody>\n<\/table>\n<p>*SPK \u2013 Soovitatud p\u00e4evane kogus.<\/p>\n<p>Vaata ka meie teisi Vitamiine <a href=\"https:\/\/fit360.ee\/en\/product-category\/product-groups\/vitamins-and-minerals-en\/\"><strong>SIIT<\/strong><\/a> v\u00f5i D-Vitamiine <a href=\"https:\/\/fit360.ee\/en\/product-category\/product-groups\/vitamins-and-minerals-en\/d-vitamin-en\/\"><strong>SIIT<\/strong><\/a>!<\/p>\n<p>Soovid kaupa osta suuremas koguses? Vaata antud toodet ka meie HULGI poest\u00a0<a href=\"https:\/\/toidulisandidhulgi.ee\/tooted\/vitamiin-d3-4000-iu-k2-vege-100tabs\/\"><strong>SIIT<\/strong><\/a>!<\/p>\n","protected":false},"excerpt":{"rendered":"<ul class=\"cm__list\">\n<li>D3- ja K2-vitamiini allikas<\/li>\n<li>Sobib taimetoitlastele ja veganitele<\/li>\n<li>Efektiivsus<\/li>\n<li>Mugav vorm<\/li>\n<\/ul>\n","protected":false},"featured_media":84696,"comment_status":"closed","ping_status":"closed","template":"","meta":[],"product_brand":[],"product_cat":[1913,5320,527,2263,1329,2664,536,1201],"product_tag":[1958,1924,1931,4642],"giftcard-category":[],"class_list":{"0":"post-75869","1":"product","2":"type-product","3":"status-publish","4":"has-post-thumbnail","6":"product_cat-d-vitamin-en","7":"product_cat-for-immunity-en","8":"product_cat-joint-support-en","9":"product_cat-k-vitamin-en","10":"product_cat-ostrovit-en","11":"product_cat-vegan-capsules-en","12":"product_cat-vitamins-and-minerals-en","13":"product_cat-1201","14":"product_tag-d-vitamiin-en","15":"product_tag-ostrovit-en","16":"product_tag-vitamiin-d-en","17":"product_tag-vitamiin-d3-4000-iu-k2-en","18":"pa_kogus-100-tablets","19":"pa_toidulisand-branddd-ostrovit","20":"pa_tootegruppp-d-vitamiin-en","21":"pa_tootegruppp-for-joints","22":"pa_tootegruppp-immuunsusteem-en","23":"pa_tootegruppp-k-vitamiin-en","24":"pa_tootegruppp-vcaps-vegan-kapslid-en","25":"pa_tootegruppp-vegan-en","26":"pa_tootegruppp-vitamins-and-minerals","28":"first","29":"instock","30":"sale","31":"taxable","32":"shipping-taxable","33":"purchasable","34":"product-type-simple"},"yoast_head":"<!-- This site is optimized with the Yoast SEO plugin v27.3 - https:\/\/yoast.com\/product\/yoast-seo-wordpress\/ -->\n<title>Vitamiin D3 4000 IU + K2 VEGE (100tabs) - T\u00f5hus kompleks - Fit360<\/title>\n<meta name=\"description\" content=\"Vitamiin D3 4000 IU + K2 vege on kvaliteetne toidulisand, mis on inimorganismi k\u00f5ige paremini omastatava menakinoon-7-MK-7 kujul D3- ja K2-vitamiini allikas\" \/>\n<meta name=\"robots\" content=\"index, follow, max-snippet:-1, max-image-preview:large, max-video-preview:-1\" \/>\n<link rel=\"canonical\" href=\"https:\/\/fit360.ee\/en\/pood\/product-groups\/\u0432\u0435\u0433\u0430\u043d\/vegan-capsules-en\/vitamiin-d3-4000-iu-k2-vege-100tabs\/\" \/>\n<meta property=\"og:locale\" content=\"en_US\" \/>\n<meta property=\"og:type\" content=\"article\" \/>\n<meta property=\"og:title\" content=\"Vitamiin D3 4000 IU + K2 VEGE (100tabs) - T\u00f5hus kompleks - Fit360\" \/>\n<meta property=\"og:description\" content=\"Vitamiin D3 4000 IU + K2 vege on kvaliteetne toidulisand, mis on inimorganismi k\u00f5ige paremini omastatava menakinoon-7-MK-7 kujul D3- ja K2-vitamiini allikas\" \/>\n<meta property=\"og:url\" content=\"https:\/\/fit360.ee\/en\/pood\/product-groups\/\u0432\u0435\u0433\u0430\u043d\/vegan-capsules-en\/vitamiin-d3-4000-iu-k2-vege-100tabs\/\" \/>\n<meta property=\"og:site_name\" content=\"Fit360\" \/>\n<meta property=\"article:modified_time\" content=\"2025-08-19T07:05:52+00:00\" \/>\n<meta property=\"og:image\" content=\"https:\/\/fit360.ee\/wp-content\/uploads\/2023\/12\/Vitamiin-D3-4000-IU-K2-VEGE-fit360.ee_.png\" \/>\n\t<meta property=\"og:image:width\" content=\"450\" \/>\n\t<meta property=\"og:image:height\" content=\"450\" \/>\n\t<meta property=\"og:image:type\" content=\"image\/png\" \/>\n<meta name=\"twitter:card\" content=\"summary_large_image\" \/>\n<meta name=\"twitter:label1\" content=\"Est. reading time\" \/>\n\t<meta name=\"twitter:data1\" content=\"3 minutes\" \/>\n<script type=\"application\/ld+json\" class=\"yoast-schema-graph\">{\"@context\":\"https:\\\/\\\/schema.org\",\"@graph\":[{\"@type\":\"WebPage\",\"@id\":\"https:\\\/\\\/fit360.ee\\\/en\\\/pood\\\/product-groups\\\/%d0%b2%d0%b5%d0%b3%d0%b0%d0%bd\\\/vegan-capsules-en\\\/vitamiin-d3-4000-iu-k2-vege-100tabs\\\/\",\"url\":\"https:\\\/\\\/fit360.ee\\\/en\\\/pood\\\/product-groups\\\/%d0%b2%d0%b5%d0%b3%d0%b0%d0%bd\\\/vegan-capsules-en\\\/vitamiin-d3-4000-iu-k2-vege-100tabs\\\/\",\"name\":\"Vitamiin D3 4000 IU + K2 VEGE (100tabs) - T\u00f5hus kompleks - Fit360\",\"isPartOf\":{\"@id\":\"https:\\\/\\\/fit360.ee\\\/en\\\/#website\"},\"primaryImageOfPage\":{\"@id\":\"https:\\\/\\\/fit360.ee\\\/en\\\/pood\\\/product-groups\\\/%d0%b2%d0%b5%d0%b3%d0%b0%d0%bd\\\/vegan-capsules-en\\\/vitamiin-d3-4000-iu-k2-vege-100tabs\\\/#primaryimage\"},\"image\":{\"@id\":\"https:\\\/\\\/fit360.ee\\\/en\\\/pood\\\/product-groups\\\/%d0%b2%d0%b5%d0%b3%d0%b0%d0%bd\\\/vegan-capsules-en\\\/vitamiin-d3-4000-iu-k2-vege-100tabs\\\/#primaryimage\"},\"thumbnailUrl\":\"https:\\\/\\\/fit360.ee\\\/wp-content\\\/uploads\\\/2023\\\/12\\\/Vitamiin-D3-4000-IU-K2-VEGE-fit360.ee_.png\",\"datePublished\":\"2023-12-08T11:27:56+00:00\",\"dateModified\":\"2025-08-19T07:05:52+00:00\",\"description\":\"Vitamiin D3 4000 IU + K2 vege on kvaliteetne toidulisand, mis on inimorganismi k\u00f5ige paremini omastatava menakinoon-7-MK-7 kujul D3- ja K2-vitamiini allikas\",\"breadcrumb\":{\"@id\":\"https:\\\/\\\/fit360.ee\\\/en\\\/pood\\\/product-groups\\\/%d0%b2%d0%b5%d0%b3%d0%b0%d0%bd\\\/vegan-capsules-en\\\/vitamiin-d3-4000-iu-k2-vege-100tabs\\\/#breadcrumb\"},\"inLanguage\":\"en-US\",\"potentialAction\":[{\"@type\":\"ReadAction\",\"target\":[\"https:\\\/\\\/fit360.ee\\\/en\\\/pood\\\/product-groups\\\/%d0%b2%d0%b5%d0%b3%d0%b0%d0%bd\\\/vegan-capsules-en\\\/vitamiin-d3-4000-iu-k2-vege-100tabs\\\/\"]}]},{\"@type\":\"ImageObject\",\"inLanguage\":\"en-US\",\"@id\":\"https:\\\/\\\/fit360.ee\\\/en\\\/pood\\\/product-groups\\\/%d0%b2%d0%b5%d0%b3%d0%b0%d0%bd\\\/vegan-capsules-en\\\/vitamiin-d3-4000-iu-k2-vege-100tabs\\\/#primaryimage\",\"url\":\"https:\\\/\\\/fit360.ee\\\/wp-content\\\/uploads\\\/2023\\\/12\\\/Vitamiin-D3-4000-IU-K2-VEGE-fit360.ee_.png\",\"contentUrl\":\"https:\\\/\\\/fit360.ee\\\/wp-content\\\/uploads\\\/2023\\\/12\\\/Vitamiin-D3-4000-IU-K2-VEGE-fit360.ee_.png\",\"width\":450,\"height\":450,\"caption\":\"Vitamiin D3 4000 IU + K2 VEGE\u00a0- fit360.ee\"},{\"@type\":\"BreadcrumbList\",\"@id\":\"https:\\\/\\\/fit360.ee\\\/en\\\/pood\\\/product-groups\\\/%d0%b2%d0%b5%d0%b3%d0%b0%d0%bd\\\/vegan-capsules-en\\\/vitamiin-d3-4000-iu-k2-vege-100tabs\\\/#breadcrumb\",\"itemListElement\":[{\"@type\":\"ListItem\",\"position\":1,\"name\":\"Home\",\"item\":\"https:\\\/\\\/fit360.ee\\\/en\\\/\"},{\"@type\":\"ListItem\",\"position\":2,\"name\":\"Shop\",\"item\":\"https:\\\/\\\/fit360.ee\\\/en\\\/shop\\\/\"},{\"@type\":\"ListItem\",\"position\":3,\"name\":\"Vitamiin D3 4000 IU + K2 VEGE (100tabs)\"}]},{\"@type\":\"WebSite\",\"@id\":\"https:\\\/\\\/fit360.ee\\\/en\\\/#website\",\"url\":\"https:\\\/\\\/fit360.ee\\\/en\\\/\",\"name\":\"Fit360\",\"description\":\"\",\"publisher\":{\"@id\":\"https:\\\/\\\/fit360.ee\\\/en\\\/#organization\"},\"potentialAction\":[{\"@type\":\"SearchAction\",\"target\":{\"@type\":\"EntryPoint\",\"urlTemplate\":\"https:\\\/\\\/fit360.ee\\\/en\\\/?s={search_term_string}\"},\"query-input\":{\"@type\":\"PropertyValueSpecification\",\"valueRequired\":true,\"valueName\":\"search_term_string\"}}],\"inLanguage\":\"en-US\"},{\"@type\":\"Organization\",\"@id\":\"https:\\\/\\\/fit360.ee\\\/en\\\/#organization\",\"name\":\"Fit360\",\"url\":\"https:\\\/\\\/fit360.ee\\\/en\\\/\",\"logo\":{\"@type\":\"ImageObject\",\"inLanguage\":\"en-US\",\"@id\":\"https:\\\/\\\/fit360.ee\\\/en\\\/#\\\/schema\\\/logo\\\/image\\\/\",\"url\":\"https:\\\/\\\/fit360.ee\\\/wp-content\\\/uploads\\\/2017\\\/01\\\/logo-fit360.png\",\"contentUrl\":\"https:\\\/\\\/fit360.ee\\\/wp-content\\\/uploads\\\/2017\\\/01\\\/logo-fit360.png\",\"width\":180,\"height\":66,\"caption\":\"Fit360\"},\"image\":{\"@id\":\"https:\\\/\\\/fit360.ee\\\/en\\\/#\\\/schema\\\/logo\\\/image\\\/\"}}]}<\/script>\n<!-- \/ Yoast SEO plugin. -->","yoast_head_json":{"title":"Vitamiin D3 4000 IU + K2 VEGE (100tabs) - T\u00f5hus kompleks - Fit360","description":"Vitamiin D3 4000 IU + K2 vege on kvaliteetne toidulisand, mis on inimorganismi k\u00f5ige paremini omastatava menakinoon-7-MK-7 kujul D3- ja K2-vitamiini allikas","robots":{"index":"index","follow":"follow","max-snippet":"max-snippet:-1","max-image-preview":"max-image-preview:large","max-video-preview":"max-video-preview:-1"},"canonical":"https:\/\/fit360.ee\/en\/pood\/product-groups\/\u0432\u0435\u0433\u0430\u043d\/vegan-capsules-en\/vitamiin-d3-4000-iu-k2-vege-100tabs\/","og_locale":"en_US","og_type":"article","og_title":"Vitamiin D3 4000 IU + K2 VEGE (100tabs) - T\u00f5hus kompleks - Fit360","og_description":"Vitamiin D3 4000 IU + K2 vege on kvaliteetne toidulisand, mis on inimorganismi k\u00f5ige paremini omastatava menakinoon-7-MK-7 kujul D3- ja K2-vitamiini allikas","og_url":"https:\/\/fit360.ee\/en\/pood\/product-groups\/\u0432\u0435\u0433\u0430\u043d\/vegan-capsules-en\/vitamiin-d3-4000-iu-k2-vege-100tabs\/","og_site_name":"Fit360","article_modified_time":"2025-08-19T07:05:52+00:00","og_image":[{"width":450,"height":450,"url":"https:\/\/fit360.ee\/wp-content\/uploads\/2023\/12\/Vitamiin-D3-4000-IU-K2-VEGE-fit360.ee_.png","type":"image\/png"}],"twitter_card":"summary_large_image","twitter_misc":{"Est. reading time":"3 minutes"},"schema":{"@context":"https:\/\/schema.org","@graph":[{"@type":"WebPage","@id":"https:\/\/fit360.ee\/en\/pood\/product-groups\/%d0%b2%d0%b5%d0%b3%d0%b0%d0%bd\/vegan-capsules-en\/vitamiin-d3-4000-iu-k2-vege-100tabs\/","url":"https:\/\/fit360.ee\/en\/pood\/product-groups\/%d0%b2%d0%b5%d0%b3%d0%b0%d0%bd\/vegan-capsules-en\/vitamiin-d3-4000-iu-k2-vege-100tabs\/","name":"Vitamiin D3 4000 IU + K2 VEGE (100tabs) - T\u00f5hus kompleks - Fit360","isPartOf":{"@id":"https:\/\/fit360.ee\/en\/#website"},"primaryImageOfPage":{"@id":"https:\/\/fit360.ee\/en\/pood\/product-groups\/%d0%b2%d0%b5%d0%b3%d0%b0%d0%bd\/vegan-capsules-en\/vitamiin-d3-4000-iu-k2-vege-100tabs\/#primaryimage"},"image":{"@id":"https:\/\/fit360.ee\/en\/pood\/product-groups\/%d0%b2%d0%b5%d0%b3%d0%b0%d0%bd\/vegan-capsules-en\/vitamiin-d3-4000-iu-k2-vege-100tabs\/#primaryimage"},"thumbnailUrl":"https:\/\/fit360.ee\/wp-content\/uploads\/2023\/12\/Vitamiin-D3-4000-IU-K2-VEGE-fit360.ee_.png","datePublished":"2023-12-08T11:27:56+00:00","dateModified":"2025-08-19T07:05:52+00:00","description":"Vitamiin D3 4000 IU + K2 vege on kvaliteetne toidulisand, mis on inimorganismi k\u00f5ige paremini omastatava menakinoon-7-MK-7 kujul D3- ja K2-vitamiini allikas","breadcrumb":{"@id":"https:\/\/fit360.ee\/en\/pood\/product-groups\/%d0%b2%d0%b5%d0%b3%d0%b0%d0%bd\/vegan-capsules-en\/vitamiin-d3-4000-iu-k2-vege-100tabs\/#breadcrumb"},"inLanguage":"en-US","potentialAction":[{"@type":"ReadAction","target":["https:\/\/fit360.ee\/en\/pood\/product-groups\/%d0%b2%d0%b5%d0%b3%d0%b0%d0%bd\/vegan-capsules-en\/vitamiin-d3-4000-iu-k2-vege-100tabs\/"]}]},{"@type":"ImageObject","inLanguage":"en-US","@id":"https:\/\/fit360.ee\/en\/pood\/product-groups\/%d0%b2%d0%b5%d0%b3%d0%b0%d0%bd\/vegan-capsules-en\/vitamiin-d3-4000-iu-k2-vege-100tabs\/#primaryimage","url":"https:\/\/fit360.ee\/wp-content\/uploads\/2023\/12\/Vitamiin-D3-4000-IU-K2-VEGE-fit360.ee_.png","contentUrl":"https:\/\/fit360.ee\/wp-content\/uploads\/2023\/12\/Vitamiin-D3-4000-IU-K2-VEGE-fit360.ee_.png","width":450,"height":450,"caption":"Vitamiin D3 4000 IU + K2 VEGE\u00a0- fit360.ee"},{"@type":"BreadcrumbList","@id":"https:\/\/fit360.ee\/en\/pood\/product-groups\/%d0%b2%d0%b5%d0%b3%d0%b0%d0%bd\/vegan-capsules-en\/vitamiin-d3-4000-iu-k2-vege-100tabs\/#breadcrumb","itemListElement":[{"@type":"ListItem","position":1,"name":"Home","item":"https:\/\/fit360.ee\/en\/"},{"@type":"ListItem","position":2,"name":"Shop","item":"https:\/\/fit360.ee\/en\/shop\/"},{"@type":"ListItem","position":3,"name":"Vitamiin D3 4000 IU + K2 VEGE (100tabs)"}]},{"@type":"WebSite","@id":"https:\/\/fit360.ee\/en\/#website","url":"https:\/\/fit360.ee\/en\/","name":"Fit360","description":"","publisher":{"@id":"https:\/\/fit360.ee\/en\/#organization"},"potentialAction":[{"@type":"SearchAction","target":{"@type":"EntryPoint","urlTemplate":"https:\/\/fit360.ee\/en\/?s={search_term_string}"},"query-input":{"@type":"PropertyValueSpecification","valueRequired":true,"valueName":"search_term_string"}}],"inLanguage":"en-US"},{"@type":"Organization","@id":"https:\/\/fit360.ee\/en\/#organization","name":"Fit360","url":"https:\/\/fit360.ee\/en\/","logo":{"@type":"ImageObject","inLanguage":"en-US","@id":"https:\/\/fit360.ee\/en\/#\/schema\/logo\/image\/","url":"https:\/\/fit360.ee\/wp-content\/uploads\/2017\/01\/logo-fit360.png","contentUrl":"https:\/\/fit360.ee\/wp-content\/uploads\/2017\/01\/logo-fit360.png","width":180,"height":66,"caption":"Fit360"},"image":{"@id":"https:\/\/fit360.ee\/en\/#\/schema\/logo\/image\/"}}]}},"_links":{"self":[{"href":"https:\/\/fit360.ee\/en\/wp-json\/wp\/v2\/product\/75869","targetHints":{"allow":["GET"]}}],"collection":[{"href":"https:\/\/fit360.ee\/en\/wp-json\/wp\/v2\/product"}],"about":[{"href":"https:\/\/fit360.ee\/en\/wp-json\/wp\/v2\/types\/product"}],"replies":[{"embeddable":true,"href":"https:\/\/fit360.ee\/en\/wp-json\/wp\/v2\/comments?post=75869"}],"wp:featuredmedia":[{"embeddable":true,"href":"https:\/\/fit360.ee\/en\/wp-json\/wp\/v2\/media\/84696"}],"wp:attachment":[{"href":"https:\/\/fit360.ee\/en\/wp-json\/wp\/v2\/media?parent=75869"}],"wp:term":[{"taxonomy":"product_brand","embeddable":true,"href":"https:\/\/fit360.ee\/en\/wp-json\/wp\/v2\/product_brand?post=75869"},{"taxonomy":"product_cat","embeddable":true,"href":"https:\/\/fit360.ee\/en\/wp-json\/wp\/v2\/product_cat?post=75869"},{"taxonomy":"product_tag","embeddable":true,"href":"https:\/\/fit360.ee\/en\/wp-json\/wp\/v2\/product_tag?post=75869"},{"taxonomy":"giftcard-category","embeddable":true,"href":"https:\/\/fit360.ee\/en\/wp-json\/wp\/v2\/giftcard-category?post=75869"}],"curies":[{"name":"wp","href":"https:\/\/api.w.org\/{rel}","templated":true}]}}