{"id":75875,"date":"2023-12-08T13:50:05","date_gmt":"2023-12-08T11:50:05","guid":{"rendered":"https:\/\/fit360.ee\/pood\/uncategorized\/100-vitmin-30tabs\/"},"modified":"2026-04-09T14:42:13","modified_gmt":"2026-04-09T12:42:13","slug":"100-vitmin-30tabs","status":"publish","type":"product","link":"https:\/\/fit360.ee\/en\/pood\/product-groups\/vitamins-and-minerals-en\/multivitamins-en\/100-vitmin-30tabs\/","title":{"rendered":"100% Vit&amp;Min (30tabs)"},"content":{"rendered":"<h2 class=\"cm__heading\"><strong>100% Vit&amp;Min 30 tabletti<\/strong><\/h2>\n<p class=\"cm__text --bold\">OstroVit 100% Vit&amp;Min on terviklik toidulisand, mis sisaldab koguni 20 toimeainet \u2013 vitamiine ja mineraalaineid.\u00a0See preparaat on saadaval kergesti neelatavate tablettidena, mis on loodud inimestele, kes soovivad oma igap\u00e4evast toitumist v\u00e4\u00e4rtuslike koostisosadega t\u00e4iendada.<\/p>\n<ul class=\"cm__list\">\n<li><strong>Vitamiinide ja mineraalainete allikas k\u00f5rge biosaadavusega kujul<\/strong>\u00a0\u2013 toidulisand sisaldab vitamiine nagu A-vitamiin, B-vitamiinid, C-vitamiin, samuti D- ja E-vitamiin. Lisaks sisaldab preparaat mineraalaineid nagu magneesium, kaltsium, tsink ja raud samuti mangaan, vask, seleen ja jood.<\/li>\n<li><strong>1 portsjon = 2 tabletti.<\/strong><\/li>\n<li><strong>T\u00f5husus<\/strong>\u00a0\u2013 tootepakendis on 15 portsjonit preparaati.<\/li>\n<li><strong>Mugav vorm<\/strong>\u00a0&#8211; preparaat on saadaval kergesti neelatavate tablettidena, tagades toidulisandi t\u00f5rgeteta manustamise.<\/li>\n<\/ul>\n<h4 class=\"cm__heading\"><strong>OstroVit 100% Vit&amp;Min \u2013 igak\u00fclgne toidulisand igap\u00e4evasele toidulauale<\/strong><\/h4>\n<p class=\"cm__text\"><strong>Vitamiinid<\/strong>\u00a0on eksogeensed ained, millega tuleb organismi varustada toiduga, sest organism ei suuda neid ise toota.\u00a0Need on \u00fchendid, millel ei ole toitumis- ega energiafunktsioone, kuid mis on sellegipoolest vajalikud organismi n\u00f5uetekohaseks toimimiseks.<\/p>\n<p class=\"cm__text\"><strong>Mineraalid<\/strong>\u00a0on r\u00fchm toiteelemente, mida inimkeha ei s\u00fcnteesi ja mida tuleb organismi varustada v\u00e4ljastpoolt koos igap\u00e4evase toidu ja\/v\u00f5i toidulisanditega.\u00a0Need on \u00fchendid, mis ei ole energiaallikad, kuid on vajalikud keha n\u00f5uetekohaseks toimimiseks.<\/p>\n<p>OstroVit 100% Vit&amp;Min preparaat sisaldab vitamiine nagu A-vitamiin, <a href=\"https:\/\/fit360.ee\/en\/product-category\/product-groups\/vitamins-and-minerals-en\/c-vitamin-en\/\"><strong>C-vitamiin<\/strong><\/a>, <a href=\"https:\/\/fit360.ee\/en\/product-category\/product-groups\/vitamins-and-minerals-en\/e-vitamin-en\/\"><strong>E-vitamiin<\/strong><\/a>, <a href=\"https:\/\/fit360.ee\/en\/product-category\/product-groups\/vitamins-and-minerals-en\/d-vitamin-en\/\"><strong>D-vitamiin<\/strong><\/a>, aga ka <a href=\"https:\/\/fit360.ee\/en\/product-category\/product-groups\/vitamins-and-minerals-en\/b-vitamin-en\/\"><strong>B-vitamiine<\/strong><\/a> &#8211; tiamiini, riboflaviini, niatsiini, pantoteenhapet, B6-vitamiini, foolhapet, <a href=\"https:\/\/fit360.ee\/en\/product-category\/product-groups\/vitamins-and-minerals-en\/biotin-en\/\"><strong>biotiini<\/strong><\/a> ja B12-vitamiini.\u00a0Toidulisandis kasutatakse ka v\u00e4\u00e4rtuslikke mineraale, nagu <a href=\"https:\/\/fit360.ee\/en\/product-category\/product-groups\/vitamins-and-minerals-en\/magnesium-en\/\"><strong>magneesium<\/strong><\/a>, vask, mangaan, <a href=\"https:\/\/fit360.ee\/en\/product-category\/product-groups\/vitamins-and-minerals-en\/iron-en\/\"><strong>raud<\/strong><\/a>, jood, <a href=\"https:\/\/fit360.ee\/en\/product-category\/product-groups\/vitamins-and-minerals-en\/selen-en\/\"><strong>seleen<\/strong><\/a>, <a href=\"https:\/\/fit360.ee\/en\/product-category\/product-groups\/vitamins-and-minerals-en\/calcium-en\/\"><strong>kaltsium<\/strong><\/a> ja <a href=\"https:\/\/fit360.ee\/en\/product-category\/product-groups\/vitamins-and-minerals-en\/zinc-en\/\"><strong>tsink<\/strong><\/a>, k\u00f5rge biosaadavusega vormides.<\/p>\n<section class=\"cm__section\">\n<h4 class=\"cm__heading\"><strong>OstroVit 100% Vit&amp;Min koostisainete omadused<\/strong><\/h4>\n<p><strong>A-vitamiin<\/strong>\u00a0aitab s\u00e4ilitada korralikku n\u00e4gemist, samas kui\u00a0<strong>C-vitamiin<\/strong>\u00a0toetab kollageeni n\u00f5uetekohast tootmist, et tagada veresoonte, luude, k\u00f5hrede, hammaste, igemete ja naha optimaalne toimimine.\u00a0<strong>D-vitamiin<\/strong>\u00a0aitab s\u00e4ilitada terveid luid ja hambaid ning korralikku lihaste talitlust ning\u00a0<strong>E-vitamiin<\/strong>\u00a0toetab rakkude kaitset oks\u00fcdatiivse stressi eest.\u00a0<strong>B-vitamiinid<\/strong>\u00a0, nagu tiamiin v\u00f5i riboflaviin, aitavad v\u00e4hendada v\u00e4simus- ja kurnatustunnet,\u00a0<strong>magneesium<\/strong>\u00a0toetab n\u00e4rvis\u00fcsteemi n\u00f5uetekohast talitlust ning\u00a0<strong>vask<\/strong>\u00a0aitab s\u00e4ilitada naha ja juuste \u00f5iget pigmentatsiooni.\u00a0<strong>Mangaan<\/strong>\u00a0aitab kaasa sidekudede \u00f5igele moodustumisele, samas kui\u00a0<strong>raud<\/strong>\u00a0toetab optimaalsete kognitiivsete funktsioonide s\u00e4ilimist.\u00a0<strong>Jood<\/strong>\u00a0aitab s\u00e4ilitada \u00f5iget energiaainevahetust ja\u00a0<strong>seleen<\/strong>\u00a0toetab kilpn\u00e4\u00e4rme n\u00f5uetekohast talitlust.\u00a0<strong>Kaltsium<\/strong>\u00a0omakorda\u00a0aitab kaasa seedeens\u00fc\u00fcmide n\u00f5uetekohasele toimimisele ja\u00a0<strong>tsink<\/strong>\u00a0toetab \u00f5iget DNA s\u00fcnteesi.<\/p>\n<\/section>\n<section class=\"cm__section\">\n<div class=\"cm__heading\"><strong>Laboratoorselt kinnitatud kvaliteet<\/strong><\/div>\n<p class=\"cm__text --bold\">Oma klientide tervise p\u00e4rast muretsedes testitakse meie toodetud tooteid regulaarselt s\u00f5ltumatus akrediteeritud laboris, et tagada ja s\u00e4ilitada k\u00f5rgeim kvaliteet.<\/p>\n<p><strong>Koostisosad<\/strong>: Sidrunhappe magneesiumisoolad, kaltsiumkarbonaat, t\u00e4iteaine: mikrokristalne tselluloos;\u00a0maltodekstriin, L-askorbiinhape, t\u00e4rklis, raud(II)bisgl\u00fctsinaat, tsinkpikolinaat, paakumisvastane aine: rasvhapete magneesiumisoolad;\u00a0DL-alfa tokofer\u00fc\u00fclatsetaat, paakumisvastane aine: r\u00e4nidioksiid;\u00a0inositoolheksanikotinaat, mangaani bisgl\u00fctsinaat, L-selenometioniin, vaskbisgl\u00fctsinaat, retin\u00fc\u00fclatsetaat, kaltsium-D-pantotenaat, kolekaltsiferool, riboflaviin, p\u00fcridoksiinvesinikkloriid, tiamiinvesinikkloriid, ptero\u00fc\u00fclmonoglutamiinhape, kaalium-bioamiinhape, kaalium-dioksiidoksiid.<\/p>\n<p>Toode v\u00f5ib sisaldada piima (sh laktoosi), soja, maap\u00e4hkleid, muid p\u00e4hkleid, seesamiseemneid, gluteeni sisaldavaid teravilju, mune, v\u00e4hilaadseid, kala.<\/p>\n<p><strong>Kasutamine<\/strong>: V\u00f5tke 1 portsjon (2 tabletti) p\u00e4evas.\u00a0Toode on m\u00f5eldud t\u00e4iskasvanutele.<\/p>\n<p><strong>Suurus<\/strong>: 30 tabletti &#8211; 15\/30 serveeringut.<\/p>\n<table>\n<tbody>\n<tr>\n<th>Aktiivsed koostisosad<\/th>\n<th>Portsjoni kohta<\/th>\n<th>% SPK*<\/th>\n<\/tr>\n<tr>\n<td>Kaltsium<\/td>\n<td>\u00a0264 mg<\/td>\n<td>33%<\/td>\n<\/tr>\n<tr>\n<td>Magneesium<\/td>\n<td>\u00a0185 mg<\/td>\n<td>49%<\/td>\n<\/tr>\n<tr>\n<td>C-vitamiin<\/td>\n<td>\u00a080 mg<\/td>\n<td>100%<\/td>\n<\/tr>\n<tr>\n<td>Niatsiin<\/td>\n<td>\u00a016 mg<\/td>\n<td>100%<\/td>\n<\/tr>\n<tr>\n<td>Raud<\/td>\n<td>\u00a014 mg<\/td>\n<td>100%<\/td>\n<\/tr>\n<tr>\n<td>E-vitamiin<\/td>\n<td>\u00a012 mg<\/td>\n<td>100%<\/td>\n<\/tr>\n<tr>\n<td>Tsink<\/td>\n<td>\u00a010 mg<\/td>\n<td>100%<\/td>\n<\/tr>\n<tr>\n<td>Pantoteenhape<\/td>\n<td>\u00a06 mg<\/td>\n<td>100%<\/td>\n<\/tr>\n<tr>\n<td>Mangaan<\/td>\n<td>\u00a01,8 mg<\/td>\n<td>90%<\/td>\n<\/tr>\n<tr>\n<td>Riboflaviin<\/td>\n<td>\u00a01,4 mg<\/td>\n<td>100%<\/td>\n<\/tr>\n<tr>\n<td>Vitamiin B6<\/td>\n<td>\u00a01,4 mg<\/td>\n<td>100%<\/td>\n<\/tr>\n<tr>\n<td>Tiamiin<\/td>\n<td>\u00a01,1 mg<\/td>\n<td>100%<\/td>\n<\/tr>\n<tr>\n<td>Vask<\/td>\n<td>\u00a01 mg<\/td>\n<td>100%<\/td>\n<\/tr>\n<tr>\n<td>A-vitamiin<\/td>\n<td>\u00a0800 \u00b5g<\/td>\n<td>100%<\/td>\n<\/tr>\n<tr>\n<td>Foolhape<\/td>\n<td>\u00a0200 \u00b5g<\/td>\n<td>100%<\/td>\n<\/tr>\n<tr>\n<td>Jood<\/td>\n<td>\u00a0150 \u00b5g<\/td>\n<td>100%<\/td>\n<\/tr>\n<tr>\n<td>Seleen<\/td>\n<td>\u00a055 \u00b5g<\/td>\n<td>100%<\/td>\n<\/tr>\n<tr>\n<td>Biotiin<\/td>\n<td>\u00a050 \u00b5g<\/td>\n<td>100%<\/td>\n<\/tr>\n<tr>\n<td>D-vitamiin<\/td>\n<td>\u00a05 \u00b5g<\/td>\n<td>100%<\/td>\n<\/tr>\n<tr>\n<td>Vitamiin B12<\/td>\n<td>\u00a02,5 \u00b5g<\/td>\n<td>100%<\/td>\n<\/tr>\n<\/tbody>\n<\/table>\n<p>*SPK \u2013 Soovitatud p\u00e4evane kogus.<\/p>\n<p>Vaata ka meie teisi Vitamiine\/Mineraale <a href=\"https:\/\/fit360.ee\/en\/product-category\/product-groups\/vitamins-and-minerals-en\/\"><strong>SIIT<\/strong><\/a> v\u00f5i Multivitamiine <a href=\"https:\/\/fit360.ee\/en\/product-category\/product-groups\/vitamins-and-minerals-en\/multivitamins-en\/\"><strong>SIIT<\/strong><\/a>!<\/p>\n<p>Soovid kaupa osta suuremas koguses? Vaata antud toodet ka meie HULGI poest\u00a0<a href=\"https:\/\/toidulisandidhulgi.ee\/tooted\/100-vitmin-30tabs\/\"><strong>SIIT<\/strong><\/a>!<\/p>\n<\/section>\n","protected":false},"excerpt":{"rendered":"<ul class=\"cm__list\">\n<li><strong>Vitamiinide ja mineraalainete allikas k\u00f5rge biosaadavusega kujul<\/strong>\u00a0\u2013 toidulisand sisaldab vitamiine nagu A-vitamiin, B-vitamiinid, C-vitamiin, samuti D- ja E-vitamiin. Lisaks sisaldab preparaat mineraalaineid nagu magneesium, kaltsium, tsink ja raud samuti mangaan, vask, seleen ja jood.<\/li>\n<li><strong>T\u00f5husus<\/strong><\/li>\n<li><strong>Mugav vorm<\/strong><\/li>\n<\/ul>\n","protected":false},"featured_media":75874,"comment_status":"closed","ping_status":"closed","template":"","meta":[],"product_brand":[],"product_cat":[5311,5320,1917,1329,536],"product_tag":[4645,4646,1924],"giftcard-category":[],"class_list":{"0":"post-75875","1":"product","2":"type-product","3":"status-publish","4":"has-post-thumbnail","6":"product_cat-antioxidants-en","7":"product_cat-for-immunity-en","8":"product_cat-multivitamins-en","9":"product_cat-ostrovit-en","10":"product_cat-vitamins-and-minerals-en","11":"product_tag-100-vitmin-en","12":"product_tag-multivitamiin-en","13":"product_tag-ostrovit-en","14":"pa_kogus-30-tabletti-en","15":"pa_toidulisand-branddd-ostrovit","16":"pa_tootegruppp-antioksudandid-en","17":"pa_tootegruppp-immuunsusteem-en","18":"pa_tootegruppp-multivitamiinid-en","19":"pa_tootegruppp-vitamins-and-minerals","21":"first","22":"instock","23":"sale","24":"taxable","25":"shipping-taxable","26":"purchasable","27":"product-type-simple"},"yoast_head":"<!-- This site is optimized with the Yoast SEO plugin v27.3 - https:\/\/yoast.com\/product\/yoast-seo-wordpress\/ -->\n<title>100% Vit&amp;Min (30tabs) - Vitamiinikompleks - Kiire Tarne - Fit360<\/title>\n<meta name=\"description\" content=\"100% Vit&amp;Min on terviklik toidulisand, mis sisaldab koguni 20 toimeainet \u2013 vitamiine ja mineraalaineid.\u00a0See preparaat on saadaval kergesti neelatavate tab..\" \/>\n<meta name=\"robots\" content=\"index, follow, max-snippet:-1, max-image-preview:large, max-video-preview:-1\" \/>\n<link rel=\"canonical\" href=\"https:\/\/fit360.ee\/en\/pood\/product-groups\/vitamins-and-minerals-en\/multivitamins-en\/100-vitmin-30tabs\/\" \/>\n<meta property=\"og:locale\" content=\"en_US\" \/>\n<meta property=\"og:type\" content=\"article\" \/>\n<meta property=\"og:title\" content=\"100% Vit&amp;Min (30tabs) - Vitamiinikompleks - Kiire Tarne - Fit360\" \/>\n<meta property=\"og:description\" content=\"100% Vit&amp;Min on terviklik toidulisand, mis sisaldab koguni 20 toimeainet \u2013 vitamiine ja mineraalaineid.\u00a0See preparaat on saadaval kergesti neelatavate tab..\" \/>\n<meta property=\"og:url\" content=\"https:\/\/fit360.ee\/en\/pood\/product-groups\/vitamins-and-minerals-en\/multivitamins-en\/100-vitmin-30tabs\/\" \/>\n<meta property=\"og:site_name\" content=\"Fit360\" \/>\n<meta property=\"article:modified_time\" content=\"2026-04-09T12:42:13+00:00\" \/>\n<meta property=\"og:image\" content=\"https:\/\/fit360.ee\/wp-content\/uploads\/2023\/12\/100-VitMin-fit360.ee-1.png\" \/>\n\t<meta property=\"og:image:width\" content=\"450\" \/>\n\t<meta property=\"og:image:height\" content=\"450\" \/>\n\t<meta property=\"og:image:type\" content=\"image\/png\" \/>\n<meta name=\"twitter:card\" content=\"summary_large_image\" \/>\n<meta name=\"twitter:label1\" content=\"Est. reading time\" \/>\n\t<meta name=\"twitter:data1\" content=\"3 minutes\" \/>\n<script type=\"application\/ld+json\" class=\"yoast-schema-graph\">{\"@context\":\"https:\\\/\\\/schema.org\",\"@graph\":[{\"@type\":\"WebPage\",\"@id\":\"https:\\\/\\\/fit360.ee\\\/en\\\/pood\\\/product-groups\\\/vitamins-and-minerals-en\\\/multivitamins-en\\\/100-vitmin-30tabs\\\/\",\"url\":\"https:\\\/\\\/fit360.ee\\\/en\\\/pood\\\/product-groups\\\/vitamins-and-minerals-en\\\/multivitamins-en\\\/100-vitmin-30tabs\\\/\",\"name\":\"100% Vit&amp;Min (30tabs) - Vitamiinikompleks - Kiire Tarne - Fit360\",\"isPartOf\":{\"@id\":\"https:\\\/\\\/fit360.ee\\\/en\\\/#website\"},\"primaryImageOfPage\":{\"@id\":\"https:\\\/\\\/fit360.ee\\\/en\\\/pood\\\/product-groups\\\/vitamins-and-minerals-en\\\/multivitamins-en\\\/100-vitmin-30tabs\\\/#primaryimage\"},\"image\":{\"@id\":\"https:\\\/\\\/fit360.ee\\\/en\\\/pood\\\/product-groups\\\/vitamins-and-minerals-en\\\/multivitamins-en\\\/100-vitmin-30tabs\\\/#primaryimage\"},\"thumbnailUrl\":\"https:\\\/\\\/fit360.ee\\\/wp-content\\\/uploads\\\/2023\\\/12\\\/100-VitMin-fit360.ee-1.png\",\"datePublished\":\"2023-12-08T11:50:05+00:00\",\"dateModified\":\"2026-04-09T12:42:13+00:00\",\"description\":\"100% Vit&Min on terviklik toidulisand, mis sisaldab koguni 20 toimeainet \u2013 vitamiine ja mineraalaineid.\u00a0See preparaat on saadaval kergesti neelatavate tab..\",\"breadcrumb\":{\"@id\":\"https:\\\/\\\/fit360.ee\\\/en\\\/pood\\\/product-groups\\\/vitamins-and-minerals-en\\\/multivitamins-en\\\/100-vitmin-30tabs\\\/#breadcrumb\"},\"inLanguage\":\"en-US\",\"potentialAction\":[{\"@type\":\"ReadAction\",\"target\":[\"https:\\\/\\\/fit360.ee\\\/en\\\/pood\\\/product-groups\\\/vitamins-and-minerals-en\\\/multivitamins-en\\\/100-vitmin-30tabs\\\/\"]}]},{\"@type\":\"ImageObject\",\"inLanguage\":\"en-US\",\"@id\":\"https:\\\/\\\/fit360.ee\\\/en\\\/pood\\\/product-groups\\\/vitamins-and-minerals-en\\\/multivitamins-en\\\/100-vitmin-30tabs\\\/#primaryimage\",\"url\":\"https:\\\/\\\/fit360.ee\\\/wp-content\\\/uploads\\\/2023\\\/12\\\/100-VitMin-fit360.ee-1.png\",\"contentUrl\":\"https:\\\/\\\/fit360.ee\\\/wp-content\\\/uploads\\\/2023\\\/12\\\/100-VitMin-fit360.ee-1.png\",\"width\":450,\"height\":450,\"caption\":\"100% Vit&Min - fit360.ee\"},{\"@type\":\"BreadcrumbList\",\"@id\":\"https:\\\/\\\/fit360.ee\\\/en\\\/pood\\\/product-groups\\\/vitamins-and-minerals-en\\\/multivitamins-en\\\/100-vitmin-30tabs\\\/#breadcrumb\",\"itemListElement\":[{\"@type\":\"ListItem\",\"position\":1,\"name\":\"Home\",\"item\":\"https:\\\/\\\/fit360.ee\\\/en\\\/\"},{\"@type\":\"ListItem\",\"position\":2,\"name\":\"Shop\",\"item\":\"https:\\\/\\\/fit360.ee\\\/en\\\/shop\\\/\"},{\"@type\":\"ListItem\",\"position\":3,\"name\":\"100% Vit&amp;Min (30tabs)\"}]},{\"@type\":\"WebSite\",\"@id\":\"https:\\\/\\\/fit360.ee\\\/en\\\/#website\",\"url\":\"https:\\\/\\\/fit360.ee\\\/en\\\/\",\"name\":\"Fit360\",\"description\":\"\",\"publisher\":{\"@id\":\"https:\\\/\\\/fit360.ee\\\/en\\\/#organization\"},\"potentialAction\":[{\"@type\":\"SearchAction\",\"target\":{\"@type\":\"EntryPoint\",\"urlTemplate\":\"https:\\\/\\\/fit360.ee\\\/en\\\/?s={search_term_string}\"},\"query-input\":{\"@type\":\"PropertyValueSpecification\",\"valueRequired\":true,\"valueName\":\"search_term_string\"}}],\"inLanguage\":\"en-US\"},{\"@type\":\"Organization\",\"@id\":\"https:\\\/\\\/fit360.ee\\\/en\\\/#organization\",\"name\":\"Fit360\",\"url\":\"https:\\\/\\\/fit360.ee\\\/en\\\/\",\"logo\":{\"@type\":\"ImageObject\",\"inLanguage\":\"en-US\",\"@id\":\"https:\\\/\\\/fit360.ee\\\/en\\\/#\\\/schema\\\/logo\\\/image\\\/\",\"url\":\"https:\\\/\\\/fit360.ee\\\/wp-content\\\/uploads\\\/2017\\\/01\\\/logo-fit360.png\",\"contentUrl\":\"https:\\\/\\\/fit360.ee\\\/wp-content\\\/uploads\\\/2017\\\/01\\\/logo-fit360.png\",\"width\":180,\"height\":66,\"caption\":\"Fit360\"},\"image\":{\"@id\":\"https:\\\/\\\/fit360.ee\\\/en\\\/#\\\/schema\\\/logo\\\/image\\\/\"}}]}<\/script>\n<!-- \/ Yoast SEO plugin. -->","yoast_head_json":{"title":"100% Vit&amp;Min (30tabs) - Vitamiinikompleks - Kiire Tarne - Fit360","description":"100% Vit&Min on terviklik toidulisand, mis sisaldab koguni 20 toimeainet \u2013 vitamiine ja mineraalaineid.\u00a0See preparaat on saadaval kergesti neelatavate tab..","robots":{"index":"index","follow":"follow","max-snippet":"max-snippet:-1","max-image-preview":"max-image-preview:large","max-video-preview":"max-video-preview:-1"},"canonical":"https:\/\/fit360.ee\/en\/pood\/product-groups\/vitamins-and-minerals-en\/multivitamins-en\/100-vitmin-30tabs\/","og_locale":"en_US","og_type":"article","og_title":"100% Vit&amp;Min (30tabs) - Vitamiinikompleks - Kiire Tarne - Fit360","og_description":"100% Vit&Min on terviklik toidulisand, mis sisaldab koguni 20 toimeainet \u2013 vitamiine ja mineraalaineid.\u00a0See preparaat on saadaval kergesti neelatavate tab..","og_url":"https:\/\/fit360.ee\/en\/pood\/product-groups\/vitamins-and-minerals-en\/multivitamins-en\/100-vitmin-30tabs\/","og_site_name":"Fit360","article_modified_time":"2026-04-09T12:42:13+00:00","og_image":[{"width":450,"height":450,"url":"https:\/\/fit360.ee\/wp-content\/uploads\/2023\/12\/100-VitMin-fit360.ee-1.png","type":"image\/png"}],"twitter_card":"summary_large_image","twitter_misc":{"Est. reading time":"3 minutes"},"schema":{"@context":"https:\/\/schema.org","@graph":[{"@type":"WebPage","@id":"https:\/\/fit360.ee\/en\/pood\/product-groups\/vitamins-and-minerals-en\/multivitamins-en\/100-vitmin-30tabs\/","url":"https:\/\/fit360.ee\/en\/pood\/product-groups\/vitamins-and-minerals-en\/multivitamins-en\/100-vitmin-30tabs\/","name":"100% Vit&amp;Min (30tabs) - Vitamiinikompleks - Kiire Tarne - Fit360","isPartOf":{"@id":"https:\/\/fit360.ee\/en\/#website"},"primaryImageOfPage":{"@id":"https:\/\/fit360.ee\/en\/pood\/product-groups\/vitamins-and-minerals-en\/multivitamins-en\/100-vitmin-30tabs\/#primaryimage"},"image":{"@id":"https:\/\/fit360.ee\/en\/pood\/product-groups\/vitamins-and-minerals-en\/multivitamins-en\/100-vitmin-30tabs\/#primaryimage"},"thumbnailUrl":"https:\/\/fit360.ee\/wp-content\/uploads\/2023\/12\/100-VitMin-fit360.ee-1.png","datePublished":"2023-12-08T11:50:05+00:00","dateModified":"2026-04-09T12:42:13+00:00","description":"100% Vit&Min on terviklik toidulisand, mis sisaldab koguni 20 toimeainet \u2013 vitamiine ja mineraalaineid.\u00a0See preparaat on saadaval kergesti neelatavate tab..","breadcrumb":{"@id":"https:\/\/fit360.ee\/en\/pood\/product-groups\/vitamins-and-minerals-en\/multivitamins-en\/100-vitmin-30tabs\/#breadcrumb"},"inLanguage":"en-US","potentialAction":[{"@type":"ReadAction","target":["https:\/\/fit360.ee\/en\/pood\/product-groups\/vitamins-and-minerals-en\/multivitamins-en\/100-vitmin-30tabs\/"]}]},{"@type":"ImageObject","inLanguage":"en-US","@id":"https:\/\/fit360.ee\/en\/pood\/product-groups\/vitamins-and-minerals-en\/multivitamins-en\/100-vitmin-30tabs\/#primaryimage","url":"https:\/\/fit360.ee\/wp-content\/uploads\/2023\/12\/100-VitMin-fit360.ee-1.png","contentUrl":"https:\/\/fit360.ee\/wp-content\/uploads\/2023\/12\/100-VitMin-fit360.ee-1.png","width":450,"height":450,"caption":"100% Vit&Min - fit360.ee"},{"@type":"BreadcrumbList","@id":"https:\/\/fit360.ee\/en\/pood\/product-groups\/vitamins-and-minerals-en\/multivitamins-en\/100-vitmin-30tabs\/#breadcrumb","itemListElement":[{"@type":"ListItem","position":1,"name":"Home","item":"https:\/\/fit360.ee\/en\/"},{"@type":"ListItem","position":2,"name":"Shop","item":"https:\/\/fit360.ee\/en\/shop\/"},{"@type":"ListItem","position":3,"name":"100% Vit&amp;Min (30tabs)"}]},{"@type":"WebSite","@id":"https:\/\/fit360.ee\/en\/#website","url":"https:\/\/fit360.ee\/en\/","name":"Fit360","description":"","publisher":{"@id":"https:\/\/fit360.ee\/en\/#organization"},"potentialAction":[{"@type":"SearchAction","target":{"@type":"EntryPoint","urlTemplate":"https:\/\/fit360.ee\/en\/?s={search_term_string}"},"query-input":{"@type":"PropertyValueSpecification","valueRequired":true,"valueName":"search_term_string"}}],"inLanguage":"en-US"},{"@type":"Organization","@id":"https:\/\/fit360.ee\/en\/#organization","name":"Fit360","url":"https:\/\/fit360.ee\/en\/","logo":{"@type":"ImageObject","inLanguage":"en-US","@id":"https:\/\/fit360.ee\/en\/#\/schema\/logo\/image\/","url":"https:\/\/fit360.ee\/wp-content\/uploads\/2017\/01\/logo-fit360.png","contentUrl":"https:\/\/fit360.ee\/wp-content\/uploads\/2017\/01\/logo-fit360.png","width":180,"height":66,"caption":"Fit360"},"image":{"@id":"https:\/\/fit360.ee\/en\/#\/schema\/logo\/image\/"}}]}},"_links":{"self":[{"href":"https:\/\/fit360.ee\/en\/wp-json\/wp\/v2\/product\/75875","targetHints":{"allow":["GET"]}}],"collection":[{"href":"https:\/\/fit360.ee\/en\/wp-json\/wp\/v2\/product"}],"about":[{"href":"https:\/\/fit360.ee\/en\/wp-json\/wp\/v2\/types\/product"}],"replies":[{"embeddable":true,"href":"https:\/\/fit360.ee\/en\/wp-json\/wp\/v2\/comments?post=75875"}],"wp:featuredmedia":[{"embeddable":true,"href":"https:\/\/fit360.ee\/en\/wp-json\/wp\/v2\/media\/75874"}],"wp:attachment":[{"href":"https:\/\/fit360.ee\/en\/wp-json\/wp\/v2\/media?parent=75875"}],"wp:term":[{"taxonomy":"product_brand","embeddable":true,"href":"https:\/\/fit360.ee\/en\/wp-json\/wp\/v2\/product_brand?post=75875"},{"taxonomy":"product_cat","embeddable":true,"href":"https:\/\/fit360.ee\/en\/wp-json\/wp\/v2\/product_cat?post=75875"},{"taxonomy":"product_tag","embeddable":true,"href":"https:\/\/fit360.ee\/en\/wp-json\/wp\/v2\/product_tag?post=75875"},{"taxonomy":"giftcard-category","embeddable":true,"href":"https:\/\/fit360.ee\/en\/wp-json\/wp\/v2\/giftcard-category?post=75875"}],"curies":[{"name":"wp","href":"https:\/\/api.w.org\/{rel}","templated":true}]}}