{"id":75888,"date":"2023-12-08T14:23:54","date_gmt":"2023-12-08T12:23:54","guid":{"rendered":"https:\/\/fit360.ee\/pood\/uncategorized\/ostrovit-massaazipustol\/"},"modified":"2025-08-13T07:35:42","modified_gmt":"2025-08-13T05:35:42","slug":"ostrovit-massaazipustol","status":"publish","type":"product","link":"https:\/\/fit360.ee\/en\/pood\/training-equipment-en\/other-products-en\/ostrovit-massaazipustol\/","title":{"rendered":"OstroVit Massaa\u017eip\u00fcstol"},"content":{"rendered":"<h4 class=\"cm__heading\"><strong>OstroVit massaa\u017eip\u00fcstol<\/strong><\/h4>\n<p class=\"cm__text --bold\">OstroVit kehamassaa\u017eip\u00fcstol on universaalne toode enesemassaa\u017eiks p\u00e4rast treeningut ja taastusravi ajal.\u00a0Masseerijal on 30 t\u00f6\u00f6re\u017eiimi erinevat t\u00fc\u00fcpi massaa\u017ei jaoks ja 6 otsikut, mis v\u00f5imaldavad reguleerimist mis tahes kehaosaga.\u00a0See sobib nii individuaalseks kasutamiseks kui ka f\u00fcsioteraapia kabinettidesse.\u00a0OstroVit massaa\u017eip\u00fcstoliga sobivat massaa\u017ei kasutades j\u00f5uate suurep\u00e4raselt peaaegu k\u00f5ikidele keha lihasosadele ning hapnikuga varustada ja parandada kudede verevarustust.\u00a0Toode ei kaota oma omadusi ja selle otsad ei deformeeru isegi suure kehakaaluga inimeste intensiivsel kasutamisel.<\/p>\n<p><a href=\"https:\/\/fit360.ee\/wp-content\/uploads\/2023\/12\/ostrovit-massaazipustol-fit360.ee_-scaled.jpg\"><img loading=\"lazy\" decoding=\"async\" class=\"size-medium wp-image-75878\" src=\"https:\/\/fit360.ee\/wp-content\/uploads\/2023\/12\/ostrovit-massaazipustol-fit360.ee_-800x335.jpg\" alt=\"ostrovit massaazip\u00fcstol - fit360.ee\" width=\"800\" height=\"335\" srcset=\"https:\/\/fit360.ee\/wp-content\/uploads\/2023\/12\/ostrovit-massaazipustol-fit360.ee_-800x335.jpg 800w, https:\/\/fit360.ee\/wp-content\/uploads\/2023\/12\/ostrovit-massaazipustol-fit360.ee_-scaled-510x213.jpg 510w, https:\/\/fit360.ee\/wp-content\/uploads\/2023\/12\/ostrovit-massaazipustol-fit360.ee_-1600x669.jpg 1600w, https:\/\/fit360.ee\/wp-content\/uploads\/2023\/12\/ostrovit-massaazipustol-fit360.ee_-768x321.jpg 768w, https:\/\/fit360.ee\/wp-content\/uploads\/2023\/12\/ostrovit-massaazipustol-fit360.ee_-1536x642.jpg 1536w, https:\/\/fit360.ee\/wp-content\/uploads\/2023\/12\/ostrovit-massaazipustol-fit360.ee_-2048x856.jpg 2048w\" sizes=\"auto, (max-width: 800px) 100vw, 800px\" \/><\/a><\/p>\n<h4 class=\"cm__heading\"><strong>Kaasatud massaa\u017eip\u00fcstol n\u00e4pun\u00e4idete t\u00fc\u00fcbid<\/strong>:<\/h4>\n<ul class=\"cm__list\">\n<li>ROUND \u2013 \u00fcks universaalsemaid otsikuid, valmistatud vastupidavast deformatsioonikindlast vahust.\u00a0See on m\u00f5eldud k\u00f5ikide kehaosade massaa\u017eiks ja m\u00f5\u00f5duka intensiivsusega pindmiseks t\u00f6\u00f6ks.<\/li>\n<li>POOL\u00dcMAR \u2013 k\u00f5vast materjalist, mis sobib suurep\u00e4raselt v\u00e4ikeste ja suurte lihasgruppidega t\u00f6\u00f6tamiseks.\u00a0See j\u00f5uab s\u00fcgavatesse kudedesse ja sobib suurep\u00e4raselt pingul ja pingul lihasr\u00fchmadele, nt reie nelipealihas ja suur rinnalihas.<\/li>\n<li>PROJEKTIILS &#8211; see on komplekti k\u00f5ige t\u00e4psem ots, valmistatud k\u00f5vast materjalist.\u00a0See on m\u00f5eldud triggerpunktidele \u2013 need on lihaskoele tekkinud paksenemised, mis p\u00f5hjustavad valu, sageli isegi kiirgavat.\u00a0See j\u00f5uab k\u00f5ige raskemate lihasr\u00fchmadeni.<\/li>\n<li>KAhvlid &#8211; k\u00f5vast materjalist, m\u00f5eldud peamiselt Achilleuse k\u00f5\u00f5luse, s\u00e4\u00e4re ja kaela \u00fcmber paiknevatele lihastele.\u00a0See oli loodud nagu kahvel, et kaitsta k\u00f5\u00f5luseid ja t\u00f6\u00f6tada ainult lihastega.\u00a0\u00dcmardatud otsad panevad selle sujuvalt \u00fcle keha libisema ja masseerivad seda s\u00fcgavalt.\u00a0See on kasulik ka selja sirutajalihaste, trapetsi ja gastrocnemiuse masseerimiseks.<\/li>\n<li>LAIDAS \u2013 \u00fclik\u00f5vast materjalist, ideaalne paraspinaalsete lihaste masseerimiseks.\u00a0See k\u00f5rvaldab pinge abaluude ja selgroos.<\/li>\n<li>KOONUS \u2013 t\u00e4pselt nagu kuul, on see v\u00e4ga t\u00e4pne ots.\u00a0M\u00f5eldud trigerpunktidele \u2013 need on lihaskoele tekkinud paksenemised, mis p\u00f5hjustavad valu, sageli isegi kiirgavat.\u00a0Nad j\u00f5uavad k\u00f5ige raskemate lihasr\u00fchmadeni.<\/li>\n<\/ul>\n<h4 class=\"cm__heading\"><strong>OstroVit massaa\u017eip\u00fcstoli kasutamise eelised:<\/strong><\/h4>\n<ul class=\"cm__list\">\n<li>l\u00f5dvestab pinges lihaseid,<\/li>\n<li>parandab lihaste t\u00f6\u00f6- ja taastumisv\u00f5imet,<\/li>\n<li>on tselluliidivastased omadused,<\/li>\n<li>v\u00f5imaldab murda paksenemist ja tugevdada lihaseid,<\/li>\n<li>takistab valulikkuse teket p\u00e4rast rasket treeningut.<\/li>\n<\/ul>\n<h4 class=\"cm__heading\"><strong>Tehnilised omadused:<\/strong><\/h4>\n<ul class=\"cm__list\">\n<li>5 t\u00fc\u00fcpi kiirusi &#8211; 1200-3800 p \/ min,<\/li>\n<li>6 n\u00e4pun\u00e4idet, mis on kohandatud erinevat t\u00fc\u00fcpi t\u00f6\u00f6de jaoks,<\/li>\n<li>Kiire laadimisv\u00f5imalus &#8211; 90-120 minutit,<\/li>\n<li>M\u00fcratase: ainult 45 dB, kui relv t\u00f6\u00f6tab,<\/li>\n<li>LCD ekraan kiiruse reguleerimiseks,<\/li>\n<li>Kaal koos pakendiga: 1,5 kg,<\/li>\n<li>Spetsiaalne \u00fcmbris seadme hoiustamiseks,<\/li>\n<li>Seadme enda kaal: 0,9 kg,<\/li>\n<li>V\u00f5imsus: 100W,<\/li>\n<li>Seadme m\u00f5\u00f5dud: 24,5 cm x 17 cm.<\/li>\n<\/ul>\n<h4 class=\"cm__heading\"><strong>Komplekt sisaldab<\/strong>:<\/h4>\n<ul class=\"cm__list\">\n<li>Juhtum<\/li>\n<li>Relv<\/li>\n<li>Laadija<\/li>\n<li>6 n\u00e4pun\u00e4idet<\/li>\n<\/ul>\n<h4 class=\"cm__heading\"><strong>GARANTII<\/strong><\/h4>\n<p>M\u00fc\u00fcja annab OstroVit Massaa\u017eip\u00fcstoli kaubale garantii 24 kuu jooksul alates m\u00fc\u00fcgidokumendi v\u00e4ljastamise kuup\u00e4evast.\u00a0Pretensiooni aluseks on ostut\u00f5endi esitamine, mis toimetatakse elektrooniliselt kliendi poolt m\u00e4rgitud e-posti aadressile, ning foto\/defekti kirjeldus.\u00a0Klient on kohustatud kontrollima, kas ta on sellise dokumendi k\u00e4tte saanud.\u00a0Garantii ei kata mehaanilisi kahjustusi, mis tulenevad kliendi eba\u00f5igest kasutamisest ega toote eba\u00f5igest \u00fchendamisest tekkinud kahjustusi.\u00a0Garantii kaotab kehtivuse, kui toodet rikutakse (st kui toode on lahti v\u00f5etud, v\u00e4\u00e4natud, l\u00f5igatud, liimitud jne)<\/p>\n<p>Vaata ka meie teisi Treeningvarustuse tooteid <a href=\"https:\/\/fit360.ee\/en\/product-category\/training-equipment-en\/\"><strong>SIIT<\/strong><\/a>!<\/p>\n<p>Soovid kaupa osta suuremas koguses? Vaata antud toodet ka meie HULGI poest\u00a0<a href=\"https:\/\/toidulisandidhulgi.ee\/tooted\/ostrovit-massaazipustol\/\"><strong>SIIT<\/strong><\/a>!<\/p>\n","protected":false},"excerpt":{"rendered":"<ul class=\"cm__list\">\n<li>l\u00f5dvestab pinges lihaseid,<\/li>\n<li>parandab lihaste t\u00f6\u00f6- ja taastumisv\u00f5imet,<\/li>\n<li>on tselluliidivastased omadused,<\/li>\n<li>v\u00f5imaldab murda paksenemist ja tugevdada lihaseid,<\/li>\n<li>takistab valulikkuse teket p\u00e4rast rasket treeningut.<\/li>\n<\/ul>\n","protected":false},"featured_media":75881,"comment_status":"closed","ping_status":"closed","template":"","meta":[],"product_brand":[],"product_cat":[1204,538],"product_tag":[4649,1924,4650],"giftcard-category":[],"class_list":{"0":"post-75888","1":"product","2":"type-product","3":"status-publish","4":"has-post-thumbnail","6":"product_cat-other-products-en","7":"product_cat-training-equipment-en","8":"product_tag-massaazipustol-en","9":"product_tag-ostrovit-en","10":"product_tag-ostrovit-massaazipustol-en","11":"pa_brand-ostrovit-en","12":"pa_varustus-muu-en","13":"pa_varustus-muud-en","14":"pa_varvus-black","16":"first","17":"outofstock","18":"sale","19":"taxable","20":"shipping-taxable","21":"purchasable","22":"product-type-simple"},"yoast_head":"<!-- This site is optimized with the Yoast SEO plugin v27.3 - https:\/\/yoast.com\/product\/yoast-seo-wordpress\/ -->\n<title>OstroVit Massaa\u017eip\u00fcstol - Kodune Spordihooldus - Kiire Tarne - Fit360<\/title>\n<meta name=\"description\" content=\"Massaa\u017eip\u00fcstol on universaalne toode enesemassaa\u017eiks p\u00e4rast treeningut ja taastusravi ajal.\u00a0Masseerijal on 30 t\u00f6\u00f6re\u017eiimi erinevat t\u00fc\u00fcpi massaa\u017ei jaoks....\" \/>\n<meta name=\"robots\" content=\"index, follow, max-snippet:-1, max-image-preview:large, max-video-preview:-1\" \/>\n<link rel=\"canonical\" href=\"https:\/\/fit360.ee\/en\/pood\/training-equipment-en\/other-products-en\/ostrovit-massaazipustol\/\" \/>\n<meta property=\"og:locale\" content=\"en_US\" \/>\n<meta property=\"og:type\" content=\"article\" \/>\n<meta property=\"og:title\" content=\"OstroVit Massaa\u017eip\u00fcstol - Kodune Spordihooldus - Kiire Tarne - Fit360\" \/>\n<meta property=\"og:description\" content=\"Massaa\u017eip\u00fcstol on universaalne toode enesemassaa\u017eiks p\u00e4rast treeningut ja taastusravi ajal.\u00a0Masseerijal on 30 t\u00f6\u00f6re\u017eiimi erinevat t\u00fc\u00fcpi massaa\u017ei jaoks....\" \/>\n<meta property=\"og:url\" content=\"https:\/\/fit360.ee\/en\/pood\/training-equipment-en\/other-products-en\/ostrovit-massaazipustol\/\" \/>\n<meta property=\"og:site_name\" content=\"Fit360\" \/>\n<meta property=\"article:modified_time\" content=\"2025-08-13T05:35:42+00:00\" \/>\n<meta property=\"og:image\" content=\"https:\/\/fit360.ee\/wp-content\/uploads\/2023\/12\/massaazipustol-fit360.ee-1.png\" \/>\n\t<meta property=\"og:image:width\" content=\"450\" \/>\n\t<meta property=\"og:image:height\" content=\"450\" \/>\n\t<meta property=\"og:image:type\" content=\"image\/png\" \/>\n<meta name=\"twitter:card\" content=\"summary_large_image\" \/>\n<meta name=\"twitter:label1\" content=\"Est. reading time\" \/>\n\t<meta name=\"twitter:data1\" content=\"3 minutes\" \/>\n<script type=\"application\/ld+json\" class=\"yoast-schema-graph\">{\"@context\":\"https:\\\/\\\/schema.org\",\"@graph\":[{\"@type\":\"WebPage\",\"@id\":\"https:\\\/\\\/fit360.ee\\\/en\\\/pood\\\/training-equipment-en\\\/other-products-en\\\/ostrovit-massaazipustol\\\/\",\"url\":\"https:\\\/\\\/fit360.ee\\\/en\\\/pood\\\/training-equipment-en\\\/other-products-en\\\/ostrovit-massaazipustol\\\/\",\"name\":\"OstroVit Massaa\u017eip\u00fcstol - Kodune Spordihooldus - Kiire Tarne - Fit360\",\"isPartOf\":{\"@id\":\"https:\\\/\\\/fit360.ee\\\/en\\\/#website\"},\"primaryImageOfPage\":{\"@id\":\"https:\\\/\\\/fit360.ee\\\/en\\\/pood\\\/training-equipment-en\\\/other-products-en\\\/ostrovit-massaazipustol\\\/#primaryimage\"},\"image\":{\"@id\":\"https:\\\/\\\/fit360.ee\\\/en\\\/pood\\\/training-equipment-en\\\/other-products-en\\\/ostrovit-massaazipustol\\\/#primaryimage\"},\"thumbnailUrl\":\"https:\\\/\\\/fit360.ee\\\/wp-content\\\/uploads\\\/2023\\\/12\\\/massaazipustol-fit360.ee-1.png\",\"datePublished\":\"2023-12-08T12:23:54+00:00\",\"dateModified\":\"2025-08-13T05:35:42+00:00\",\"description\":\"Massaa\u017eip\u00fcstol on universaalne toode enesemassaa\u017eiks p\u00e4rast treeningut ja taastusravi ajal.\u00a0Masseerijal on 30 t\u00f6\u00f6re\u017eiimi erinevat t\u00fc\u00fcpi massaa\u017ei jaoks....\",\"breadcrumb\":{\"@id\":\"https:\\\/\\\/fit360.ee\\\/en\\\/pood\\\/training-equipment-en\\\/other-products-en\\\/ostrovit-massaazipustol\\\/#breadcrumb\"},\"inLanguage\":\"en-US\",\"potentialAction\":[{\"@type\":\"ReadAction\",\"target\":[\"https:\\\/\\\/fit360.ee\\\/en\\\/pood\\\/training-equipment-en\\\/other-products-en\\\/ostrovit-massaazipustol\\\/\"]}]},{\"@type\":\"ImageObject\",\"inLanguage\":\"en-US\",\"@id\":\"https:\\\/\\\/fit360.ee\\\/en\\\/pood\\\/training-equipment-en\\\/other-products-en\\\/ostrovit-massaazipustol\\\/#primaryimage\",\"url\":\"https:\\\/\\\/fit360.ee\\\/wp-content\\\/uploads\\\/2023\\\/12\\\/massaazipustol-fit360.ee-1.png\",\"contentUrl\":\"https:\\\/\\\/fit360.ee\\\/wp-content\\\/uploads\\\/2023\\\/12\\\/massaazipustol-fit360.ee-1.png\",\"width\":450,\"height\":450,\"caption\":\"massaa\u017eip\u00fcstol - fit360.ee\"},{\"@type\":\"BreadcrumbList\",\"@id\":\"https:\\\/\\\/fit360.ee\\\/en\\\/pood\\\/training-equipment-en\\\/other-products-en\\\/ostrovit-massaazipustol\\\/#breadcrumb\",\"itemListElement\":[{\"@type\":\"ListItem\",\"position\":1,\"name\":\"Home\",\"item\":\"https:\\\/\\\/fit360.ee\\\/en\\\/\"},{\"@type\":\"ListItem\",\"position\":2,\"name\":\"Shop\",\"item\":\"https:\\\/\\\/fit360.ee\\\/en\\\/shop\\\/\"},{\"@type\":\"ListItem\",\"position\":3,\"name\":\"OstroVit Massaa\u017eip\u00fcstol\"}]},{\"@type\":\"WebSite\",\"@id\":\"https:\\\/\\\/fit360.ee\\\/en\\\/#website\",\"url\":\"https:\\\/\\\/fit360.ee\\\/en\\\/\",\"name\":\"Fit360\",\"description\":\"\",\"publisher\":{\"@id\":\"https:\\\/\\\/fit360.ee\\\/en\\\/#organization\"},\"potentialAction\":[{\"@type\":\"SearchAction\",\"target\":{\"@type\":\"EntryPoint\",\"urlTemplate\":\"https:\\\/\\\/fit360.ee\\\/en\\\/?s={search_term_string}\"},\"query-input\":{\"@type\":\"PropertyValueSpecification\",\"valueRequired\":true,\"valueName\":\"search_term_string\"}}],\"inLanguage\":\"en-US\"},{\"@type\":\"Organization\",\"@id\":\"https:\\\/\\\/fit360.ee\\\/en\\\/#organization\",\"name\":\"Fit360\",\"url\":\"https:\\\/\\\/fit360.ee\\\/en\\\/\",\"logo\":{\"@type\":\"ImageObject\",\"inLanguage\":\"en-US\",\"@id\":\"https:\\\/\\\/fit360.ee\\\/en\\\/#\\\/schema\\\/logo\\\/image\\\/\",\"url\":\"https:\\\/\\\/fit360.ee\\\/wp-content\\\/uploads\\\/2017\\\/01\\\/logo-fit360.png\",\"contentUrl\":\"https:\\\/\\\/fit360.ee\\\/wp-content\\\/uploads\\\/2017\\\/01\\\/logo-fit360.png\",\"width\":180,\"height\":66,\"caption\":\"Fit360\"},\"image\":{\"@id\":\"https:\\\/\\\/fit360.ee\\\/en\\\/#\\\/schema\\\/logo\\\/image\\\/\"}}]}<\/script>\n<!-- \/ Yoast SEO plugin. -->","yoast_head_json":{"title":"OstroVit Massaa\u017eip\u00fcstol - Kodune Spordihooldus - Kiire Tarne - Fit360","description":"Massaa\u017eip\u00fcstol on universaalne toode enesemassaa\u017eiks p\u00e4rast treeningut ja taastusravi ajal.\u00a0Masseerijal on 30 t\u00f6\u00f6re\u017eiimi erinevat t\u00fc\u00fcpi massaa\u017ei jaoks....","robots":{"index":"index","follow":"follow","max-snippet":"max-snippet:-1","max-image-preview":"max-image-preview:large","max-video-preview":"max-video-preview:-1"},"canonical":"https:\/\/fit360.ee\/en\/pood\/training-equipment-en\/other-products-en\/ostrovit-massaazipustol\/","og_locale":"en_US","og_type":"article","og_title":"OstroVit Massaa\u017eip\u00fcstol - Kodune Spordihooldus - Kiire Tarne - Fit360","og_description":"Massaa\u017eip\u00fcstol on universaalne toode enesemassaa\u017eiks p\u00e4rast treeningut ja taastusravi ajal.\u00a0Masseerijal on 30 t\u00f6\u00f6re\u017eiimi erinevat t\u00fc\u00fcpi massaa\u017ei jaoks....","og_url":"https:\/\/fit360.ee\/en\/pood\/training-equipment-en\/other-products-en\/ostrovit-massaazipustol\/","og_site_name":"Fit360","article_modified_time":"2025-08-13T05:35:42+00:00","og_image":[{"width":450,"height":450,"url":"https:\/\/fit360.ee\/wp-content\/uploads\/2023\/12\/massaazipustol-fit360.ee-1.png","type":"image\/png"}],"twitter_card":"summary_large_image","twitter_misc":{"Est. reading time":"3 minutes"},"schema":{"@context":"https:\/\/schema.org","@graph":[{"@type":"WebPage","@id":"https:\/\/fit360.ee\/en\/pood\/training-equipment-en\/other-products-en\/ostrovit-massaazipustol\/","url":"https:\/\/fit360.ee\/en\/pood\/training-equipment-en\/other-products-en\/ostrovit-massaazipustol\/","name":"OstroVit Massaa\u017eip\u00fcstol - Kodune Spordihooldus - Kiire Tarne - Fit360","isPartOf":{"@id":"https:\/\/fit360.ee\/en\/#website"},"primaryImageOfPage":{"@id":"https:\/\/fit360.ee\/en\/pood\/training-equipment-en\/other-products-en\/ostrovit-massaazipustol\/#primaryimage"},"image":{"@id":"https:\/\/fit360.ee\/en\/pood\/training-equipment-en\/other-products-en\/ostrovit-massaazipustol\/#primaryimage"},"thumbnailUrl":"https:\/\/fit360.ee\/wp-content\/uploads\/2023\/12\/massaazipustol-fit360.ee-1.png","datePublished":"2023-12-08T12:23:54+00:00","dateModified":"2025-08-13T05:35:42+00:00","description":"Massaa\u017eip\u00fcstol on universaalne toode enesemassaa\u017eiks p\u00e4rast treeningut ja taastusravi ajal.\u00a0Masseerijal on 30 t\u00f6\u00f6re\u017eiimi erinevat t\u00fc\u00fcpi massaa\u017ei jaoks....","breadcrumb":{"@id":"https:\/\/fit360.ee\/en\/pood\/training-equipment-en\/other-products-en\/ostrovit-massaazipustol\/#breadcrumb"},"inLanguage":"en-US","potentialAction":[{"@type":"ReadAction","target":["https:\/\/fit360.ee\/en\/pood\/training-equipment-en\/other-products-en\/ostrovit-massaazipustol\/"]}]},{"@type":"ImageObject","inLanguage":"en-US","@id":"https:\/\/fit360.ee\/en\/pood\/training-equipment-en\/other-products-en\/ostrovit-massaazipustol\/#primaryimage","url":"https:\/\/fit360.ee\/wp-content\/uploads\/2023\/12\/massaazipustol-fit360.ee-1.png","contentUrl":"https:\/\/fit360.ee\/wp-content\/uploads\/2023\/12\/massaazipustol-fit360.ee-1.png","width":450,"height":450,"caption":"massaa\u017eip\u00fcstol - fit360.ee"},{"@type":"BreadcrumbList","@id":"https:\/\/fit360.ee\/en\/pood\/training-equipment-en\/other-products-en\/ostrovit-massaazipustol\/#breadcrumb","itemListElement":[{"@type":"ListItem","position":1,"name":"Home","item":"https:\/\/fit360.ee\/en\/"},{"@type":"ListItem","position":2,"name":"Shop","item":"https:\/\/fit360.ee\/en\/shop\/"},{"@type":"ListItem","position":3,"name":"OstroVit Massaa\u017eip\u00fcstol"}]},{"@type":"WebSite","@id":"https:\/\/fit360.ee\/en\/#website","url":"https:\/\/fit360.ee\/en\/","name":"Fit360","description":"","publisher":{"@id":"https:\/\/fit360.ee\/en\/#organization"},"potentialAction":[{"@type":"SearchAction","target":{"@type":"EntryPoint","urlTemplate":"https:\/\/fit360.ee\/en\/?s={search_term_string}"},"query-input":{"@type":"PropertyValueSpecification","valueRequired":true,"valueName":"search_term_string"}}],"inLanguage":"en-US"},{"@type":"Organization","@id":"https:\/\/fit360.ee\/en\/#organization","name":"Fit360","url":"https:\/\/fit360.ee\/en\/","logo":{"@type":"ImageObject","inLanguage":"en-US","@id":"https:\/\/fit360.ee\/en\/#\/schema\/logo\/image\/","url":"https:\/\/fit360.ee\/wp-content\/uploads\/2017\/01\/logo-fit360.png","contentUrl":"https:\/\/fit360.ee\/wp-content\/uploads\/2017\/01\/logo-fit360.png","width":180,"height":66,"caption":"Fit360"},"image":{"@id":"https:\/\/fit360.ee\/en\/#\/schema\/logo\/image\/"}}]}},"_links":{"self":[{"href":"https:\/\/fit360.ee\/en\/wp-json\/wp\/v2\/product\/75888","targetHints":{"allow":["GET"]}}],"collection":[{"href":"https:\/\/fit360.ee\/en\/wp-json\/wp\/v2\/product"}],"about":[{"href":"https:\/\/fit360.ee\/en\/wp-json\/wp\/v2\/types\/product"}],"replies":[{"embeddable":true,"href":"https:\/\/fit360.ee\/en\/wp-json\/wp\/v2\/comments?post=75888"}],"wp:featuredmedia":[{"embeddable":true,"href":"https:\/\/fit360.ee\/en\/wp-json\/wp\/v2\/media\/75881"}],"wp:attachment":[{"href":"https:\/\/fit360.ee\/en\/wp-json\/wp\/v2\/media?parent=75888"}],"wp:term":[{"taxonomy":"product_brand","embeddable":true,"href":"https:\/\/fit360.ee\/en\/wp-json\/wp\/v2\/product_brand?post=75888"},{"taxonomy":"product_cat","embeddable":true,"href":"https:\/\/fit360.ee\/en\/wp-json\/wp\/v2\/product_cat?post=75888"},{"taxonomy":"product_tag","embeddable":true,"href":"https:\/\/fit360.ee\/en\/wp-json\/wp\/v2\/product_tag?post=75888"},{"taxonomy":"giftcard-category","embeddable":true,"href":"https:\/\/fit360.ee\/en\/wp-json\/wp\/v2\/giftcard-category?post=75888"}],"curies":[{"name":"wp","href":"https:\/\/api.w.org\/{rel}","templated":true}]}}