{"id":75932,"date":"2023-12-10T13:38:47","date_gmt":"2023-12-10T11:38:47","guid":{"rendered":"https:\/\/fit360.ee\/pood\/uncategorized\/40-metapure-protein-crunchy-bar-65g\/"},"modified":"2026-04-09T15:12:48","modified_gmt":"2026-04-09T13:12:48","slug":"40-metapure-protein-crunchy-bar-65g","status":"publish","type":"product","link":"https:\/\/fit360.ee\/en\/pood\/product-groups\/protein-bars-and-snacks\/40-metapure-protein-crunchy-bar-65g\/","title":{"rendered":"40% Metapure Protein Crunchy Bar (65g)"},"content":{"rendered":"<h2><strong>Protein Crunchy Bar<\/strong><\/h2>\n<p><strong>40% Protein Crunchy Bar<\/strong> on maitsev valgubatoon, mis lisaks maitsva kr\u00f5mpsustunde pakkumisele sisaldab 26 g puhast valgusegu: veiseliha, vadak ja soja, mis on ideaalne segu, et varustada keha t\u00e4iendavate ja mitmekesiste valguallikatega. See sisaldab s\u00fcsivesikuid, mida keha vajab energia saamiseks, kuid v\u00e4ga v\u00e4he suhkrut, mis aitab reguleerida veresuhkru taset. See sisaldab v\u00e4ga v\u00e4he rasva. Saadaval \u0161okolaadi- v\u00f5i maasikakreemi maitsega, see kr\u00f5mpsuv batoon r\u00f5\u00f5mustab iga\u00fche maitsemeeli!<\/p>\n<h4><strong>Miks v\u00f5tta 40% Valgusisaldusega k\u00f5rpmsuv batoon?<\/strong><\/h4>\n<p><strong>40% Protein Crunchy batoon<\/strong> on suurep\u00e4rane viis anda oma kehale vajalikku valku.26 g valku, mis on kaetud maitsva \u0161okolaadiga ja kr\u00f5mpsuvad, et pakkuda teile naudingut ilma s\u00fc\u00fctundeta.\u00a0See on t\u00f5eliselt tasakaalustatud suupiste, mis sisaldab rohkelt kvaliteetset valku (erinevate valkude segust), 16 g s\u00fcsivesikuid (aga ainult 0,8 g suhkrut) ja vaid 8,5 g h\u00e4id rasvu. K\u00f5ige parem! See baar on loodud k\u00f5igile!\u00a0See ei sisalda gluteeni. V\u00e4ike <strong>40% <\/strong><strong>Protein\u00a0<\/strong><strong>Crunchy batoon<\/strong>\u00a0\u00a0teie spordikotis on maitsev ja tulus vahepala.\u00a0Meeldiv annus valku p\u00e4rast v\u00f5i enne treeningut v\u00f5i muul kellaajal, kui te ei saa s\u00fc\u00fca. Tasakaal erinevate toitainete vahel muudab selle batooni ideaalseks iga dieedi jaoks ja selle h\u00f5rk maitse meeldib kindlasti kogu perele. Selle k\u00f5rge valgusisaldus muudab selle ideaalseks ka lahja lihasmassi kasvatamiseks.\u00a0Proovige seda proteiinibatooni ja olete konksul!<\/p>\n<h4><strong>Kellele ja miks?<\/strong><\/h4>\n<p>Isegi kui see on osa teie dieediprogrammist, saate nautida maitsvat\u00a0<strong>40% <\/strong><strong>proteiinisisaldusega\u00a0<\/strong><strong>kr\u00f5mpsuvat batooni<\/strong>, ilma et peaksite s\u00fc\u00fcmepiinu tundma. 65g suurus ja praktiline formaat sobivad suurep\u00e4raselt sn\u00e4kiks, mida saab k\u00f5ikjale kaasa v\u00f5tta ja s\u00fc\u00fca t\u00f6\u00f6l, koolis, matkadel v\u00f5i \u00f5ues sportides. Nende suurep\u00e4rane maitse muudab need t\u00f5eliseks alternatiiviks tavalistele suupistetele, kuid ilma nendega tavaliselt seostatava k\u00f5rge rasva- ja suhkrusisalduseta.\u00a0See on suupiste, mida otsite, kui soovite end vormis hoida ja samal ajal l\u00f5butseda.\u00a0<strong>40%\u00a0\u00a0<\/strong><strong>proteiinisisaldusega\u00a0<\/strong><strong>kr\u00f5beda batooni<\/strong>\u00a0s\u00f6\u00f6mine\u00a0on nutikas viis nautida! Nii sportlastele kui ka aktiivsetele inimestele on k\u00f5rge valgusisaldusega ja madala suhkrusisaldusega suupiste s\u00f6\u00f6mine palju eeliseid. Valk aitab s\u00e4ilitada ja kasvatada lihasmassi, mis on v\u00f5tmetegur k\u00f5igile, kes soovivad oma j\u00f5udlust parandada. Madal suhkrusisaldus on kasulik, kuna see piirab gl\u00fckeemilisi piike, mis on seotud mitmete kahjulike tervisem\u00f5judega. Lisaks toitev\u00e4\u00e4rtusele annab see batoon energiat, mis aitab teil tempot hoida nii treeningu ajal kui ka igap\u00e4evaelus. Sulle meeldib see kr\u00f5mpsuv batoon!<\/p>\n<p><strong>Koostisosad*<\/strong>: algu segu 38% (veiseliha kollageen 13%, piimavalk 12%, vadakuvalgu kontsentraat (piim) 7%, sojavalgu isolaat 6%), frukto-oligosahhariidid, tumeda \u0161okolaadi kate 14% (magusaine: E965(i), t\u00e4ielikult h\u00fcdrogeenitud palmirasv, rasvatustatud kakaopulber, emulgaator: rapsiletsitiin, looduslik l\u00f5hna- ja maitseaine), niiskuses\u00e4ilitaja: E422, magusaine: E420, \u0161okolaadimaitseline t\u00e4idis 6% (kookos\u00f5li, magusaine: E965(i), piimavalk, rasvatustatud kakaopulber, frukto-oligosahhariidid , l\u00f5ssipulber, vadakupulber (piim), emulgaator: rapsiletsitiin, looduslik l\u00f5hna- ja maitseaine: \u0161okolaad, naturaalne maitseaine, kr\u00f5be soja 5% (sojaproteiin, riisi manna, sojajahu, sool), kookos\u00f5li, emulgaatorid: rapsiletsitiin, rasvhapete mono- ja digl\u00fctseriidid, looduslik l\u00f5hna- ja maitseaine: \u0161okolaad, looduslik l\u00f5hna- ja maitseaine, magusained: E955, E960a.\u00a0<strong>V\u00f5ib sisaldada gluteeni, maap\u00e4hklite ja p\u00e4hklite j\u00e4lgi.\u00a0Hoiatus: see toode sisaldab rohkem kui 10 g\/100 g pol\u00fcoole.<\/strong><\/p>\n<p>*- t\u00f5lgitud on \u0161okolaadi maitse. Teiste maitsete koostisosade info saamiseks kirjuta: info@fit360.ee<\/p>\n<p><strong>Kasutamine<\/strong>: Tarbi vastavalt vajadusele.<\/p>\n<p><strong>Suurus<\/strong>: 65g<\/p>\n<p><strong>Maitse<\/strong>: \u0161okolaad; maasikakreemi<\/p>\n<div id=\"extra-0-collapse\" class=\"pdct-p-collapse-section__content-wrapper wepi-collapse show\" aria-labelledby=\"extra-0-heading\">\n<div class=\"pdct-p-collapse-section__content wepi-collapse-inner\">\n<div class=\"responsive-table-wrapper\">\n<table>\n<tbody>\n<tr>\n<td>Toitev\u00e4\u00e4rtuste Anal\u00fc\u00fcs<\/td>\n<td><strong>\/65 g<\/strong><\/td>\n<td><strong>\/100 g<\/strong><\/td>\n<\/tr>\n<tr>\n<td>Energeetiline v\u00e4\u00e4rtus<\/td>\n<td>233 kcal<\/td>\n<td>358 kcal<\/td>\n<\/tr>\n<tr>\n<td>Rasvad<\/td>\n<td>8,5 g<\/td>\n<td>13 g<\/td>\n<\/tr>\n<tr>\n<td>&#8211; <em>millest<\/em> k\u00fcllastunud rasvhapped<\/td>\n<td>6,5 g<\/td>\n<td>10 g<\/td>\n<\/tr>\n<tr>\n<td>S\u00fcsivesikud<\/td>\n<td>16,3 g<\/td>\n<td>25 g<\/td>\n<\/tr>\n<tr>\n<td>&#8211;\u00a0 <em>millest<\/em> suhkur<\/td>\n<td>0,8 g<\/td>\n<td>1,2 g<\/td>\n<\/tr>\n<tr>\n<td>Kiudained<\/td>\n<td>8,5 g<\/td>\n<td>13 g<\/td>\n<\/tr>\n<tr>\n<td><strong>Valgud<\/strong><\/td>\n<td>26 g<\/td>\n<td>40 g<\/td>\n<\/tr>\n<tr>\n<td>soola<\/td>\n<td>0,23 g<\/td>\n<td>0,35 g<\/td>\n<\/tr>\n<\/tbody>\n<\/table>\n<p>Vaata ka meie teisi Valgubatoone <a href=\"https:\/\/fit360.ee\/en\/product-category\/product-groups\/protein-bars-and-snacks\/\"><strong>SIIT<\/strong><\/a> v\u00f5i Valgu tooteid <a href=\"https:\/\/fit360.ee\/en\/product-category\/product-groups\/protein-poweders-en\/\"><strong>SIIT<\/strong><\/a>!<\/p>\n<\/div>\n<\/div>\n<\/div>\n<p>&nbsp;<\/p>\n","protected":false},"excerpt":{"rendered":"<ul>\n<li><strong>26 g<\/strong>\u00a0valku batooni kohta<\/li>\n<li><strong>Gluteenivaba<\/strong>\u00a0\u0161okolaadikate<\/li>\n<li><strong>V\u00e4ga madala<\/strong>\u00a0suhkrusisaldusega: 0,8 g batooni kohta<\/li>\n<\/ul>\n","protected":false},"featured_media":75929,"comment_status":"closed","ping_status":"closed","template":"","meta":[],"product_brand":[],"product_cat":[534,535,1274],"product_tag":[],"giftcard-category":[],"class_list":{"0":"post-75932","1":"product","2":"type-product","3":"status-publish","4":"has-post-thumbnail","6":"product_cat-protein-bars-and-snacks","7":"product_cat-protein-poweders-en","8":"product_cat-qnt-en","9":"pa_maitse-chocolate","10":"pa_maitse-strawberry","12":"first","13":"instock","14":"sale","15":"taxable","16":"shipping-taxable","17":"purchasable","18":"product-type-variable"},"yoast_head":"<!-- This site is optimized with the Yoast SEO plugin v27.3 - https:\/\/yoast.com\/product\/yoast-seo-wordpress\/ -->\n<title>40% Metapure Protein Crunchy Bar (65g) - Valgubatoon - Kiire Tarne - Fit360<\/title>\n<meta name=\"description\" content=\"40% Protein Crunchy Bar on maitsev valgubatoon, mis lisaks maitsva kr\u00f5mpsustunde pakkumisele sisaldab 26 g puhast valgusegu. Ideaalne segu, et...\" \/>\n<meta name=\"robots\" content=\"index, follow, max-snippet:-1, max-image-preview:large, max-video-preview:-1\" \/>\n<link rel=\"canonical\" href=\"https:\/\/fit360.ee\/en\/pood\/product-groups\/protein-bars-and-snacks\/40-metapure-protein-crunchy-bar-65g\/\" \/>\n<meta property=\"og:locale\" content=\"en_US\" \/>\n<meta property=\"og:type\" content=\"article\" \/>\n<meta property=\"og:title\" content=\"40% Metapure Protein Crunchy Bar (65g) - Valgubatoon - Kiire Tarne - Fit360\" \/>\n<meta property=\"og:description\" content=\"40% Protein Crunchy Bar on maitsev valgubatoon, mis lisaks maitsva kr\u00f5mpsustunde pakkumisele sisaldab 26 g puhast valgusegu. Ideaalne segu, et...\" \/>\n<meta property=\"og:url\" content=\"https:\/\/fit360.ee\/en\/pood\/product-groups\/protein-bars-and-snacks\/40-metapure-protein-crunchy-bar-65g\/\" \/>\n<meta property=\"og:site_name\" content=\"Fit360\" \/>\n<meta property=\"article:modified_time\" content=\"2026-04-09T13:12:48+00:00\" \/>\n<meta property=\"og:image\" content=\"https:\/\/fit360.ee\/wp-content\/uploads\/2023\/12\/protein-crunchy-bar-fit360.ee_.jpg\" \/>\n\t<meta property=\"og:image:width\" content=\"563\" \/>\n\t<meta property=\"og:image:height\" content=\"600\" \/>\n\t<meta property=\"og:image:type\" content=\"image\/jpeg\" \/>\n<meta name=\"twitter:card\" content=\"summary_large_image\" \/>\n<meta name=\"twitter:label1\" content=\"Est. reading time\" \/>\n\t<meta name=\"twitter:data1\" content=\"3 minutes\" \/>\n<script type=\"application\/ld+json\" class=\"yoast-schema-graph\">{\"@context\":\"https:\\\/\\\/schema.org\",\"@graph\":[{\"@type\":\"WebPage\",\"@id\":\"https:\\\/\\\/fit360.ee\\\/en\\\/pood\\\/product-groups\\\/protein-bars-and-snacks\\\/40-metapure-protein-crunchy-bar-65g\\\/\",\"url\":\"https:\\\/\\\/fit360.ee\\\/en\\\/pood\\\/product-groups\\\/protein-bars-and-snacks\\\/40-metapure-protein-crunchy-bar-65g\\\/\",\"name\":\"40% Metapure Protein Crunchy Bar (65g) - Valgubatoon - Kiire Tarne - Fit360\",\"isPartOf\":{\"@id\":\"https:\\\/\\\/fit360.ee\\\/en\\\/#website\"},\"primaryImageOfPage\":{\"@id\":\"https:\\\/\\\/fit360.ee\\\/en\\\/pood\\\/product-groups\\\/protein-bars-and-snacks\\\/40-metapure-protein-crunchy-bar-65g\\\/#primaryimage\"},\"image\":{\"@id\":\"https:\\\/\\\/fit360.ee\\\/en\\\/pood\\\/product-groups\\\/protein-bars-and-snacks\\\/40-metapure-protein-crunchy-bar-65g\\\/#primaryimage\"},\"thumbnailUrl\":\"https:\\\/\\\/fit360.ee\\\/wp-content\\\/uploads\\\/2023\\\/12\\\/protein-crunchy-bar-fit360.ee_.jpg\",\"datePublished\":\"2023-12-10T11:38:47+00:00\",\"dateModified\":\"2026-04-09T13:12:48+00:00\",\"description\":\"40% Protein Crunchy Bar on maitsev valgubatoon, mis lisaks maitsva kr\u00f5mpsustunde pakkumisele sisaldab 26 g puhast valgusegu. Ideaalne segu, et...\",\"breadcrumb\":{\"@id\":\"https:\\\/\\\/fit360.ee\\\/en\\\/pood\\\/product-groups\\\/protein-bars-and-snacks\\\/40-metapure-protein-crunchy-bar-65g\\\/#breadcrumb\"},\"inLanguage\":\"en-US\",\"potentialAction\":[{\"@type\":\"ReadAction\",\"target\":[\"https:\\\/\\\/fit360.ee\\\/en\\\/pood\\\/product-groups\\\/protein-bars-and-snacks\\\/40-metapure-protein-crunchy-bar-65g\\\/\"]}]},{\"@type\":\"ImageObject\",\"inLanguage\":\"en-US\",\"@id\":\"https:\\\/\\\/fit360.ee\\\/en\\\/pood\\\/product-groups\\\/protein-bars-and-snacks\\\/40-metapure-protein-crunchy-bar-65g\\\/#primaryimage\",\"url\":\"https:\\\/\\\/fit360.ee\\\/wp-content\\\/uploads\\\/2023\\\/12\\\/protein-crunchy-bar-fit360.ee_.jpg\",\"contentUrl\":\"https:\\\/\\\/fit360.ee\\\/wp-content\\\/uploads\\\/2023\\\/12\\\/protein-crunchy-bar-fit360.ee_.jpg\",\"width\":563,\"height\":600,\"caption\":\"protein crunchy bar - fit360.ee\"},{\"@type\":\"BreadcrumbList\",\"@id\":\"https:\\\/\\\/fit360.ee\\\/en\\\/pood\\\/product-groups\\\/protein-bars-and-snacks\\\/40-metapure-protein-crunchy-bar-65g\\\/#breadcrumb\",\"itemListElement\":[{\"@type\":\"ListItem\",\"position\":1,\"name\":\"Home\",\"item\":\"https:\\\/\\\/fit360.ee\\\/en\\\/\"},{\"@type\":\"ListItem\",\"position\":2,\"name\":\"Shop\",\"item\":\"https:\\\/\\\/fit360.ee\\\/en\\\/shop\\\/\"},{\"@type\":\"ListItem\",\"position\":3,\"name\":\"40% Metapure Protein Crunchy Bar (65g)\"}]},{\"@type\":\"WebSite\",\"@id\":\"https:\\\/\\\/fit360.ee\\\/en\\\/#website\",\"url\":\"https:\\\/\\\/fit360.ee\\\/en\\\/\",\"name\":\"Fit360\",\"description\":\"\",\"publisher\":{\"@id\":\"https:\\\/\\\/fit360.ee\\\/en\\\/#organization\"},\"potentialAction\":[{\"@type\":\"SearchAction\",\"target\":{\"@type\":\"EntryPoint\",\"urlTemplate\":\"https:\\\/\\\/fit360.ee\\\/en\\\/?s={search_term_string}\"},\"query-input\":{\"@type\":\"PropertyValueSpecification\",\"valueRequired\":true,\"valueName\":\"search_term_string\"}}],\"inLanguage\":\"en-US\"},{\"@type\":\"Organization\",\"@id\":\"https:\\\/\\\/fit360.ee\\\/en\\\/#organization\",\"name\":\"Fit360\",\"url\":\"https:\\\/\\\/fit360.ee\\\/en\\\/\",\"logo\":{\"@type\":\"ImageObject\",\"inLanguage\":\"en-US\",\"@id\":\"https:\\\/\\\/fit360.ee\\\/en\\\/#\\\/schema\\\/logo\\\/image\\\/\",\"url\":\"https:\\\/\\\/fit360.ee\\\/wp-content\\\/uploads\\\/2017\\\/01\\\/logo-fit360.png\",\"contentUrl\":\"https:\\\/\\\/fit360.ee\\\/wp-content\\\/uploads\\\/2017\\\/01\\\/logo-fit360.png\",\"width\":180,\"height\":66,\"caption\":\"Fit360\"},\"image\":{\"@id\":\"https:\\\/\\\/fit360.ee\\\/en\\\/#\\\/schema\\\/logo\\\/image\\\/\"}}]}<\/script>\n<!-- \/ Yoast SEO plugin. -->","yoast_head_json":{"title":"40% Metapure Protein Crunchy Bar (65g) - Valgubatoon - Kiire Tarne - Fit360","description":"40% Protein Crunchy Bar on maitsev valgubatoon, mis lisaks maitsva kr\u00f5mpsustunde pakkumisele sisaldab 26 g puhast valgusegu. Ideaalne segu, et...","robots":{"index":"index","follow":"follow","max-snippet":"max-snippet:-1","max-image-preview":"max-image-preview:large","max-video-preview":"max-video-preview:-1"},"canonical":"https:\/\/fit360.ee\/en\/pood\/product-groups\/protein-bars-and-snacks\/40-metapure-protein-crunchy-bar-65g\/","og_locale":"en_US","og_type":"article","og_title":"40% Metapure Protein Crunchy Bar (65g) - Valgubatoon - Kiire Tarne - Fit360","og_description":"40% Protein Crunchy Bar on maitsev valgubatoon, mis lisaks maitsva kr\u00f5mpsustunde pakkumisele sisaldab 26 g puhast valgusegu. Ideaalne segu, et...","og_url":"https:\/\/fit360.ee\/en\/pood\/product-groups\/protein-bars-and-snacks\/40-metapure-protein-crunchy-bar-65g\/","og_site_name":"Fit360","article_modified_time":"2026-04-09T13:12:48+00:00","og_image":[{"width":563,"height":600,"url":"https:\/\/fit360.ee\/wp-content\/uploads\/2023\/12\/protein-crunchy-bar-fit360.ee_.jpg","type":"image\/jpeg"}],"twitter_card":"summary_large_image","twitter_misc":{"Est. reading time":"3 minutes"},"schema":{"@context":"https:\/\/schema.org","@graph":[{"@type":"WebPage","@id":"https:\/\/fit360.ee\/en\/pood\/product-groups\/protein-bars-and-snacks\/40-metapure-protein-crunchy-bar-65g\/","url":"https:\/\/fit360.ee\/en\/pood\/product-groups\/protein-bars-and-snacks\/40-metapure-protein-crunchy-bar-65g\/","name":"40% Metapure Protein Crunchy Bar (65g) - Valgubatoon - Kiire Tarne - Fit360","isPartOf":{"@id":"https:\/\/fit360.ee\/en\/#website"},"primaryImageOfPage":{"@id":"https:\/\/fit360.ee\/en\/pood\/product-groups\/protein-bars-and-snacks\/40-metapure-protein-crunchy-bar-65g\/#primaryimage"},"image":{"@id":"https:\/\/fit360.ee\/en\/pood\/product-groups\/protein-bars-and-snacks\/40-metapure-protein-crunchy-bar-65g\/#primaryimage"},"thumbnailUrl":"https:\/\/fit360.ee\/wp-content\/uploads\/2023\/12\/protein-crunchy-bar-fit360.ee_.jpg","datePublished":"2023-12-10T11:38:47+00:00","dateModified":"2026-04-09T13:12:48+00:00","description":"40% Protein Crunchy Bar on maitsev valgubatoon, mis lisaks maitsva kr\u00f5mpsustunde pakkumisele sisaldab 26 g puhast valgusegu. Ideaalne segu, et...","breadcrumb":{"@id":"https:\/\/fit360.ee\/en\/pood\/product-groups\/protein-bars-and-snacks\/40-metapure-protein-crunchy-bar-65g\/#breadcrumb"},"inLanguage":"en-US","potentialAction":[{"@type":"ReadAction","target":["https:\/\/fit360.ee\/en\/pood\/product-groups\/protein-bars-and-snacks\/40-metapure-protein-crunchy-bar-65g\/"]}]},{"@type":"ImageObject","inLanguage":"en-US","@id":"https:\/\/fit360.ee\/en\/pood\/product-groups\/protein-bars-and-snacks\/40-metapure-protein-crunchy-bar-65g\/#primaryimage","url":"https:\/\/fit360.ee\/wp-content\/uploads\/2023\/12\/protein-crunchy-bar-fit360.ee_.jpg","contentUrl":"https:\/\/fit360.ee\/wp-content\/uploads\/2023\/12\/protein-crunchy-bar-fit360.ee_.jpg","width":563,"height":600,"caption":"protein crunchy bar - fit360.ee"},{"@type":"BreadcrumbList","@id":"https:\/\/fit360.ee\/en\/pood\/product-groups\/protein-bars-and-snacks\/40-metapure-protein-crunchy-bar-65g\/#breadcrumb","itemListElement":[{"@type":"ListItem","position":1,"name":"Home","item":"https:\/\/fit360.ee\/en\/"},{"@type":"ListItem","position":2,"name":"Shop","item":"https:\/\/fit360.ee\/en\/shop\/"},{"@type":"ListItem","position":3,"name":"40% Metapure Protein Crunchy Bar (65g)"}]},{"@type":"WebSite","@id":"https:\/\/fit360.ee\/en\/#website","url":"https:\/\/fit360.ee\/en\/","name":"Fit360","description":"","publisher":{"@id":"https:\/\/fit360.ee\/en\/#organization"},"potentialAction":[{"@type":"SearchAction","target":{"@type":"EntryPoint","urlTemplate":"https:\/\/fit360.ee\/en\/?s={search_term_string}"},"query-input":{"@type":"PropertyValueSpecification","valueRequired":true,"valueName":"search_term_string"}}],"inLanguage":"en-US"},{"@type":"Organization","@id":"https:\/\/fit360.ee\/en\/#organization","name":"Fit360","url":"https:\/\/fit360.ee\/en\/","logo":{"@type":"ImageObject","inLanguage":"en-US","@id":"https:\/\/fit360.ee\/en\/#\/schema\/logo\/image\/","url":"https:\/\/fit360.ee\/wp-content\/uploads\/2017\/01\/logo-fit360.png","contentUrl":"https:\/\/fit360.ee\/wp-content\/uploads\/2017\/01\/logo-fit360.png","width":180,"height":66,"caption":"Fit360"},"image":{"@id":"https:\/\/fit360.ee\/en\/#\/schema\/logo\/image\/"}}]}},"_links":{"self":[{"href":"https:\/\/fit360.ee\/en\/wp-json\/wp\/v2\/product\/75932","targetHints":{"allow":["GET"]}}],"collection":[{"href":"https:\/\/fit360.ee\/en\/wp-json\/wp\/v2\/product"}],"about":[{"href":"https:\/\/fit360.ee\/en\/wp-json\/wp\/v2\/types\/product"}],"replies":[{"embeddable":true,"href":"https:\/\/fit360.ee\/en\/wp-json\/wp\/v2\/comments?post=75932"}],"wp:featuredmedia":[{"embeddable":true,"href":"https:\/\/fit360.ee\/en\/wp-json\/wp\/v2\/media\/75929"}],"wp:attachment":[{"href":"https:\/\/fit360.ee\/en\/wp-json\/wp\/v2\/media?parent=75932"}],"wp:term":[{"taxonomy":"product_brand","embeddable":true,"href":"https:\/\/fit360.ee\/en\/wp-json\/wp\/v2\/product_brand?post=75932"},{"taxonomy":"product_cat","embeddable":true,"href":"https:\/\/fit360.ee\/en\/wp-json\/wp\/v2\/product_cat?post=75932"},{"taxonomy":"product_tag","embeddable":true,"href":"https:\/\/fit360.ee\/en\/wp-json\/wp\/v2\/product_tag?post=75932"},{"taxonomy":"giftcard-category","embeddable":true,"href":"https:\/\/fit360.ee\/en\/wp-json\/wp\/v2\/giftcard-category?post=75932"}],"curies":[{"name":"wp","href":"https:\/\/api.w.org\/{rel}","templated":true}]}}