{"id":76472,"date":"2024-01-06T16:02:21","date_gmt":"2024-01-06T14:02:21","guid":{"rendered":"https:\/\/fit360.ee\/pood\/uncategorized\/vitamiin-d3-8000-iu-200tabs\/"},"modified":"2025-08-13T07:39:14","modified_gmt":"2025-08-13T05:39:14","slug":"vitamiin-d3-8000-iu-200tabs","status":"publish","type":"product","link":"https:\/\/fit360.ee\/en\/pood\/product-groups\/vitamins-and-minerals-en\/d-vitamin-en\/vitamiin-d3-8000-iu-200tabs\/","title":{"rendered":"Vitamiin D3 8000 IU (200tabs)"},"content":{"rendered":"<h2 class=\"cm__heading\"><strong>Vitamiin D3 8000 IU\u00a0<\/strong><\/h2>\n<p class=\"cm__text --bold\">OstroVit Vitamiin D3 8000 IU on kvaliteetne toidulisand, mis on D3-vitamiini allikas. See on kergesti neelatavate tablettide kujul olev preparaat, mis on m\u00f5eldud neile, kellel on suurenenud vajadus D-vitamiini j\u00e4rgi v\u00f5i kes ei saa n\u00e4e piisavalt p\u00e4evavalgust.<\/p>\n<section class=\"cm__section\">\n<ul class=\"cm__list\">\n<li><strong>D3-vitamiini allikas<\/strong> \u2013 \u00dcks tablett sisaldab 8000 IU kolekaltsiferooli.<\/li>\n<li><strong>1 portsjon = \u00bc tabletti<\/strong>\u00a0.<\/li>\n<li><strong>Performance<\/strong> &#8211; tootepakend sisaldab 800 portsjonit D-Vitamiini<\/li>\n<li><strong>Mugav vorm<\/strong>\u00a0\u2013 kergesti neelatavate tablettide kujul olev preparaat tagab v\u00e4\u00e4rtusliku \u00fchendi probleemideta tarnimise.<\/li>\n<\/ul>\n<h4 class=\"cm__heading\"><strong>OstroVit D3-vitamiin 8000 R\u00dc \u2013 rikkalikult v\u00e4\u00e4rtuslikke mikroelemente<\/strong><\/h4>\n<p class=\"cm__text\"><strong>D3-vitamiin<\/strong> , tuntud ka kui kolekaltsiferool, on orgaaniline keemiline \u00fchend, mis kuulub rasvlahustuvate vitamiinide r\u00fchma. Seega on komponendi imendumine tihedalt seotud rasvade olemasoluga igap\u00e4evases toidus.\u00a0D3-vitamiin on aine, mis tarnitakse organismi toiduga (seda v\u00f5ib leida muu hulgas rasvastest merekaladest), aga ka naha s\u00fcnteesi teel.\u00a0Seda s\u00e4ilitatakse peamiselt rasvkoes ja maksas.<\/p>\n<h4 class=\"cm__heading\"><strong>OstroVit Vitamin D3 8000 R\u00dc koostisainete omadused<\/strong><\/h4>\n<p class=\"cm__text\">Tootes sisalduv D-vitamiin aitab s\u00e4ilitada terveid luid ja hambaid, samuti lihaste n\u00f5uetekohast funktsioneerimist ning lisaks toetab immuuns\u00fcsteemi n\u00f5uetekohast toimimist.\u00a0\u00dchend aitab ka kaltsiumi ja fosfori \u00f5igel imendumisel ja kasutamisel ning vere \u00f5ige kaltsiumitaseme s\u00e4ilitamisel.\u00a0Aine osaleb ka rakkude jagunemise protsessis.<\/p>\n<\/section>\n<section class=\"cm__section\">\n<h4 class=\"cm__heading\"><strong>Laboratoorselt kinnitatud kvaliteet<\/strong><\/h4>\n<p class=\"cm__text --bold\">Klientide tervise huvides testitakse meie toodetud tooteid regulaarselt s\u00f5ltumatus akrediteeritud laboris, et tagada ja s\u00e4ilitada k\u00f5rgeim kvaliteet.<\/p>\n<\/section>\n<p><strong>Koostisosad<\/strong>: Mahuaine: mikrokristalne tselluloos; t\u00e4rklis, kolekaltsiferool (D-vitamiin), paakumisvastased ained: rasvhapete magneesiumisoolad, r\u00e4nidioksiid.<\/p>\n<p>Toode v\u00f5ib sisaldada piima (sh laktoosi), soja, maap\u00e4hkleid, muid p\u00e4hkleid, seesamiseemneid, gluteeni sisaldavaid teravilju, mune, v\u00e4hilaadseid, kala.<\/p>\n<p><strong>Kasutamine<\/strong>:V\u00f5tke 1 portsjon (\u00a0<strong>\u00a0\u00bc\u00a0<\/strong>\u00a0tabletti) p\u00e4evas.<\/p>\n<p>Enne kasutamist on soovitatav teha 25-(OH)D vereanal\u00fc\u00fcs ja konsulteerida arstiga.<\/p>\n<p><strong>Suurus<\/strong>: 200 tabletti &#8211; 800 serveeringut<\/p>\n<table>\n<tbody>\n<tr>\n<th>Aktiivsed koostisosad<\/th>\n<th>portsjoni kohta<\/th>\n<th>% RI*<\/th>\n<\/tr>\n<tr>\n<td>D-vitamiin<\/td>\n<td>50 \u00b5g \/ 2000 R\u00dc<\/td>\n<td>1000%<\/td>\n<\/tr>\n<\/tbody>\n<\/table>\n<p>*RI \u2013 v\u00f5rdluskogus<\/p>\n<p>Vaata ka meie teisi Vitamiine\/Mineraale <a href=\"https:\/\/fit360.ee\/en\/product-category\/product-groups\/vitamins-and-minerals-en\/\"><strong>SIIT<\/strong><\/a> v\u00f5i D-Vitamiine <a href=\"https:\/\/fit360.ee\/en\/product-category\/product-groups\/vitamins-and-minerals-en\/d-vitamin-en\/\"><strong>SIIT<\/strong><\/a>!<\/p>\n<p>Soovid teha suuremat tellimust? Vaata antud toodet meie HULGI lehelt\u00a0<a href=\"https:\/\/toidulisandidhulgi.ee\/tooted\/vitamiin-d3-8000-iu-200tabs\/\"><strong>SIIT<\/strong><\/a>!<\/p>\n","protected":false},"excerpt":{"rendered":"<ul class=\"cm__list\">\n<li><strong>D3-vitamiini allikas<\/strong> \u2013 \u00dcks tablett sisaldab 8000 IU kolekaltsiferooli.<\/li>\n<li><strong>1 portsjon = <\/strong>\u00bc tabletti\u00a0.<\/li>\n<li><strong>Performance<\/strong> &#8211; tootepakend sisaldab 800 portsjonit D-Vitamiini<\/li>\n<li><strong>Mugav vorm<\/strong>\u00a0\u2013 kergesti neelatavate tablettide kujul olev preparaat tagab v\u00e4\u00e4rtusliku \u00fchendi probleemideta tarnimise.<\/li>\n<\/ul>\n","protected":false},"featured_media":76470,"comment_status":"closed","ping_status":"closed","template":"","meta":[],"product_brand":[],"product_cat":[1913,5320,527,1329,536],"product_tag":[1958,1924,1931,4680],"giftcard-category":[],"class_list":{"0":"post-76472","1":"product","2":"type-product","3":"status-publish","4":"has-post-thumbnail","6":"product_cat-d-vitamin-en","7":"product_cat-for-immunity-en","8":"product_cat-joint-support-en","9":"product_cat-ostrovit-en","10":"product_cat-vitamins-and-minerals-en","11":"product_tag-d-vitamiin-en","12":"product_tag-ostrovit-en","13":"product_tag-vitamiin-d-en","14":"product_tag-vitamiin-d3-8000-iu-en","15":"pa_kogus-200-tabs","16":"pa_toidulisand-branddd-ostrovit","17":"pa_tootegruppp-d-vitamiin-en","18":"pa_tootegruppp-for-joints","19":"pa_tootegruppp-immuunsusteem-en","20":"pa_tootegruppp-vitamins-and-minerals","22":"first","23":"outofstock","24":"sale","25":"taxable","26":"shipping-taxable","27":"purchasable","28":"product-type-simple"},"yoast_head":"<!-- This site is optimized with the Yoast SEO plugin v27.3 - https:\/\/yoast.com\/product\/yoast-seo-wordpress\/ -->\n<title>Vitamiin D3 8000 IU (200tabs) - D Vitamiin - Kange sisaldus - Fit360<\/title>\n<meta name=\"description\" content=\"Vitamiin D3 8000 IU aitab s\u00e4ilitada terveid luid ja hambaid, samuti lihaste n\u00f5uetekohast funktsioneerimist ning lisaks toetab immuuns\u00fcsteemi n\u00f5ueteko...\" \/>\n<meta name=\"robots\" content=\"index, follow, max-snippet:-1, max-image-preview:large, max-video-preview:-1\" \/>\n<link rel=\"canonical\" href=\"https:\/\/fit360.ee\/en\/pood\/product-groups\/vitamins-and-minerals-en\/d-vitamin-en\/vitamiin-d3-8000-iu-200tabs\/\" \/>\n<meta property=\"og:locale\" content=\"en_US\" \/>\n<meta property=\"og:type\" content=\"article\" \/>\n<meta property=\"og:title\" content=\"Vitamiin D3 8000 IU (200tabs) - D Vitamiin - Kange sisaldus - Fit360\" \/>\n<meta property=\"og:description\" content=\"Vitamiin D3 8000 IU aitab s\u00e4ilitada terveid luid ja hambaid, samuti lihaste n\u00f5uetekohast funktsioneerimist ning lisaks toetab immuuns\u00fcsteemi n\u00f5ueteko...\" \/>\n<meta property=\"og:url\" content=\"https:\/\/fit360.ee\/en\/pood\/product-groups\/vitamins-and-minerals-en\/d-vitamin-en\/vitamiin-d3-8000-iu-200tabs\/\" \/>\n<meta property=\"og:site_name\" content=\"Fit360\" \/>\n<meta property=\"article:modified_time\" content=\"2025-08-13T05:39:14+00:00\" \/>\n<meta property=\"og:image\" content=\"https:\/\/fit360.ee\/wp-content\/uploads\/2024\/01\/d3-vitamiin-8000-iu-fit360.ee-1.png\" \/>\n\t<meta property=\"og:image:width\" content=\"450\" \/>\n\t<meta property=\"og:image:height\" content=\"450\" \/>\n\t<meta property=\"og:image:type\" content=\"image\/png\" \/>\n<meta name=\"twitter:card\" content=\"summary_large_image\" \/>\n<meta name=\"twitter:label1\" content=\"Est. reading time\" \/>\n\t<meta name=\"twitter:data1\" content=\"2 minutes\" \/>\n<script type=\"application\/ld+json\" class=\"yoast-schema-graph\">{\"@context\":\"https:\\\/\\\/schema.org\",\"@graph\":[{\"@type\":\"WebPage\",\"@id\":\"https:\\\/\\\/fit360.ee\\\/en\\\/pood\\\/product-groups\\\/vitamins-and-minerals-en\\\/d-vitamin-en\\\/vitamiin-d3-8000-iu-200tabs\\\/\",\"url\":\"https:\\\/\\\/fit360.ee\\\/en\\\/pood\\\/product-groups\\\/vitamins-and-minerals-en\\\/d-vitamin-en\\\/vitamiin-d3-8000-iu-200tabs\\\/\",\"name\":\"Vitamiin D3 8000 IU (200tabs) - D Vitamiin - Kange sisaldus - Fit360\",\"isPartOf\":{\"@id\":\"https:\\\/\\\/fit360.ee\\\/en\\\/#website\"},\"primaryImageOfPage\":{\"@id\":\"https:\\\/\\\/fit360.ee\\\/en\\\/pood\\\/product-groups\\\/vitamins-and-minerals-en\\\/d-vitamin-en\\\/vitamiin-d3-8000-iu-200tabs\\\/#primaryimage\"},\"image\":{\"@id\":\"https:\\\/\\\/fit360.ee\\\/en\\\/pood\\\/product-groups\\\/vitamins-and-minerals-en\\\/d-vitamin-en\\\/vitamiin-d3-8000-iu-200tabs\\\/#primaryimage\"},\"thumbnailUrl\":\"https:\\\/\\\/fit360.ee\\\/wp-content\\\/uploads\\\/2024\\\/01\\\/d3-vitamiin-8000-iu-fit360.ee-1.png\",\"datePublished\":\"2024-01-06T14:02:21+00:00\",\"dateModified\":\"2025-08-13T05:39:14+00:00\",\"description\":\"Vitamiin D3 8000 IU aitab s\u00e4ilitada terveid luid ja hambaid, samuti lihaste n\u00f5uetekohast funktsioneerimist ning lisaks toetab immuuns\u00fcsteemi n\u00f5ueteko...\",\"breadcrumb\":{\"@id\":\"https:\\\/\\\/fit360.ee\\\/en\\\/pood\\\/product-groups\\\/vitamins-and-minerals-en\\\/d-vitamin-en\\\/vitamiin-d3-8000-iu-200tabs\\\/#breadcrumb\"},\"inLanguage\":\"en-US\",\"potentialAction\":[{\"@type\":\"ReadAction\",\"target\":[\"https:\\\/\\\/fit360.ee\\\/en\\\/pood\\\/product-groups\\\/vitamins-and-minerals-en\\\/d-vitamin-en\\\/vitamiin-d3-8000-iu-200tabs\\\/\"]}]},{\"@type\":\"ImageObject\",\"inLanguage\":\"en-US\",\"@id\":\"https:\\\/\\\/fit360.ee\\\/en\\\/pood\\\/product-groups\\\/vitamins-and-minerals-en\\\/d-vitamin-en\\\/vitamiin-d3-8000-iu-200tabs\\\/#primaryimage\",\"url\":\"https:\\\/\\\/fit360.ee\\\/wp-content\\\/uploads\\\/2024\\\/01\\\/d3-vitamiin-8000-iu-fit360.ee-1.png\",\"contentUrl\":\"https:\\\/\\\/fit360.ee\\\/wp-content\\\/uploads\\\/2024\\\/01\\\/d3-vitamiin-8000-iu-fit360.ee-1.png\",\"width\":450,\"height\":450,\"caption\":\"d3 vitamiin 8000 iu - fit360.ee\"},{\"@type\":\"BreadcrumbList\",\"@id\":\"https:\\\/\\\/fit360.ee\\\/en\\\/pood\\\/product-groups\\\/vitamins-and-minerals-en\\\/d-vitamin-en\\\/vitamiin-d3-8000-iu-200tabs\\\/#breadcrumb\",\"itemListElement\":[{\"@type\":\"ListItem\",\"position\":1,\"name\":\"Home\",\"item\":\"https:\\\/\\\/fit360.ee\\\/en\\\/\"},{\"@type\":\"ListItem\",\"position\":2,\"name\":\"Shop\",\"item\":\"https:\\\/\\\/fit360.ee\\\/en\\\/shop\\\/\"},{\"@type\":\"ListItem\",\"position\":3,\"name\":\"Vitamiin D3 8000 IU (200tabs)\"}]},{\"@type\":\"WebSite\",\"@id\":\"https:\\\/\\\/fit360.ee\\\/en\\\/#website\",\"url\":\"https:\\\/\\\/fit360.ee\\\/en\\\/\",\"name\":\"Fit360\",\"description\":\"\",\"publisher\":{\"@id\":\"https:\\\/\\\/fit360.ee\\\/en\\\/#organization\"},\"potentialAction\":[{\"@type\":\"SearchAction\",\"target\":{\"@type\":\"EntryPoint\",\"urlTemplate\":\"https:\\\/\\\/fit360.ee\\\/en\\\/?s={search_term_string}\"},\"query-input\":{\"@type\":\"PropertyValueSpecification\",\"valueRequired\":true,\"valueName\":\"search_term_string\"}}],\"inLanguage\":\"en-US\"},{\"@type\":\"Organization\",\"@id\":\"https:\\\/\\\/fit360.ee\\\/en\\\/#organization\",\"name\":\"Fit360\",\"url\":\"https:\\\/\\\/fit360.ee\\\/en\\\/\",\"logo\":{\"@type\":\"ImageObject\",\"inLanguage\":\"en-US\",\"@id\":\"https:\\\/\\\/fit360.ee\\\/en\\\/#\\\/schema\\\/logo\\\/image\\\/\",\"url\":\"https:\\\/\\\/fit360.ee\\\/wp-content\\\/uploads\\\/2017\\\/01\\\/logo-fit360.png\",\"contentUrl\":\"https:\\\/\\\/fit360.ee\\\/wp-content\\\/uploads\\\/2017\\\/01\\\/logo-fit360.png\",\"width\":180,\"height\":66,\"caption\":\"Fit360\"},\"image\":{\"@id\":\"https:\\\/\\\/fit360.ee\\\/en\\\/#\\\/schema\\\/logo\\\/image\\\/\"}}]}<\/script>\n<!-- \/ Yoast SEO plugin. -->","yoast_head_json":{"title":"Vitamiin D3 8000 IU (200tabs) - D Vitamiin - Kange sisaldus - Fit360","description":"Vitamiin D3 8000 IU aitab s\u00e4ilitada terveid luid ja hambaid, samuti lihaste n\u00f5uetekohast funktsioneerimist ning lisaks toetab immuuns\u00fcsteemi n\u00f5ueteko...","robots":{"index":"index","follow":"follow","max-snippet":"max-snippet:-1","max-image-preview":"max-image-preview:large","max-video-preview":"max-video-preview:-1"},"canonical":"https:\/\/fit360.ee\/en\/pood\/product-groups\/vitamins-and-minerals-en\/d-vitamin-en\/vitamiin-d3-8000-iu-200tabs\/","og_locale":"en_US","og_type":"article","og_title":"Vitamiin D3 8000 IU (200tabs) - D Vitamiin - Kange sisaldus - Fit360","og_description":"Vitamiin D3 8000 IU aitab s\u00e4ilitada terveid luid ja hambaid, samuti lihaste n\u00f5uetekohast funktsioneerimist ning lisaks toetab immuuns\u00fcsteemi n\u00f5ueteko...","og_url":"https:\/\/fit360.ee\/en\/pood\/product-groups\/vitamins-and-minerals-en\/d-vitamin-en\/vitamiin-d3-8000-iu-200tabs\/","og_site_name":"Fit360","article_modified_time":"2025-08-13T05:39:14+00:00","og_image":[{"width":450,"height":450,"url":"https:\/\/fit360.ee\/wp-content\/uploads\/2024\/01\/d3-vitamiin-8000-iu-fit360.ee-1.png","type":"image\/png"}],"twitter_card":"summary_large_image","twitter_misc":{"Est. reading time":"2 minutes"},"schema":{"@context":"https:\/\/schema.org","@graph":[{"@type":"WebPage","@id":"https:\/\/fit360.ee\/en\/pood\/product-groups\/vitamins-and-minerals-en\/d-vitamin-en\/vitamiin-d3-8000-iu-200tabs\/","url":"https:\/\/fit360.ee\/en\/pood\/product-groups\/vitamins-and-minerals-en\/d-vitamin-en\/vitamiin-d3-8000-iu-200tabs\/","name":"Vitamiin D3 8000 IU (200tabs) - D Vitamiin - Kange sisaldus - Fit360","isPartOf":{"@id":"https:\/\/fit360.ee\/en\/#website"},"primaryImageOfPage":{"@id":"https:\/\/fit360.ee\/en\/pood\/product-groups\/vitamins-and-minerals-en\/d-vitamin-en\/vitamiin-d3-8000-iu-200tabs\/#primaryimage"},"image":{"@id":"https:\/\/fit360.ee\/en\/pood\/product-groups\/vitamins-and-minerals-en\/d-vitamin-en\/vitamiin-d3-8000-iu-200tabs\/#primaryimage"},"thumbnailUrl":"https:\/\/fit360.ee\/wp-content\/uploads\/2024\/01\/d3-vitamiin-8000-iu-fit360.ee-1.png","datePublished":"2024-01-06T14:02:21+00:00","dateModified":"2025-08-13T05:39:14+00:00","description":"Vitamiin D3 8000 IU aitab s\u00e4ilitada terveid luid ja hambaid, samuti lihaste n\u00f5uetekohast funktsioneerimist ning lisaks toetab immuuns\u00fcsteemi n\u00f5ueteko...","breadcrumb":{"@id":"https:\/\/fit360.ee\/en\/pood\/product-groups\/vitamins-and-minerals-en\/d-vitamin-en\/vitamiin-d3-8000-iu-200tabs\/#breadcrumb"},"inLanguage":"en-US","potentialAction":[{"@type":"ReadAction","target":["https:\/\/fit360.ee\/en\/pood\/product-groups\/vitamins-and-minerals-en\/d-vitamin-en\/vitamiin-d3-8000-iu-200tabs\/"]}]},{"@type":"ImageObject","inLanguage":"en-US","@id":"https:\/\/fit360.ee\/en\/pood\/product-groups\/vitamins-and-minerals-en\/d-vitamin-en\/vitamiin-d3-8000-iu-200tabs\/#primaryimage","url":"https:\/\/fit360.ee\/wp-content\/uploads\/2024\/01\/d3-vitamiin-8000-iu-fit360.ee-1.png","contentUrl":"https:\/\/fit360.ee\/wp-content\/uploads\/2024\/01\/d3-vitamiin-8000-iu-fit360.ee-1.png","width":450,"height":450,"caption":"d3 vitamiin 8000 iu - fit360.ee"},{"@type":"BreadcrumbList","@id":"https:\/\/fit360.ee\/en\/pood\/product-groups\/vitamins-and-minerals-en\/d-vitamin-en\/vitamiin-d3-8000-iu-200tabs\/#breadcrumb","itemListElement":[{"@type":"ListItem","position":1,"name":"Home","item":"https:\/\/fit360.ee\/en\/"},{"@type":"ListItem","position":2,"name":"Shop","item":"https:\/\/fit360.ee\/en\/shop\/"},{"@type":"ListItem","position":3,"name":"Vitamiin D3 8000 IU (200tabs)"}]},{"@type":"WebSite","@id":"https:\/\/fit360.ee\/en\/#website","url":"https:\/\/fit360.ee\/en\/","name":"Fit360","description":"","publisher":{"@id":"https:\/\/fit360.ee\/en\/#organization"},"potentialAction":[{"@type":"SearchAction","target":{"@type":"EntryPoint","urlTemplate":"https:\/\/fit360.ee\/en\/?s={search_term_string}"},"query-input":{"@type":"PropertyValueSpecification","valueRequired":true,"valueName":"search_term_string"}}],"inLanguage":"en-US"},{"@type":"Organization","@id":"https:\/\/fit360.ee\/en\/#organization","name":"Fit360","url":"https:\/\/fit360.ee\/en\/","logo":{"@type":"ImageObject","inLanguage":"en-US","@id":"https:\/\/fit360.ee\/en\/#\/schema\/logo\/image\/","url":"https:\/\/fit360.ee\/wp-content\/uploads\/2017\/01\/logo-fit360.png","contentUrl":"https:\/\/fit360.ee\/wp-content\/uploads\/2017\/01\/logo-fit360.png","width":180,"height":66,"caption":"Fit360"},"image":{"@id":"https:\/\/fit360.ee\/en\/#\/schema\/logo\/image\/"}}]}},"_links":{"self":[{"href":"https:\/\/fit360.ee\/en\/wp-json\/wp\/v2\/product\/76472","targetHints":{"allow":["GET"]}}],"collection":[{"href":"https:\/\/fit360.ee\/en\/wp-json\/wp\/v2\/product"}],"about":[{"href":"https:\/\/fit360.ee\/en\/wp-json\/wp\/v2\/types\/product"}],"replies":[{"embeddable":true,"href":"https:\/\/fit360.ee\/en\/wp-json\/wp\/v2\/comments?post=76472"}],"wp:featuredmedia":[{"embeddable":true,"href":"https:\/\/fit360.ee\/en\/wp-json\/wp\/v2\/media\/76470"}],"wp:attachment":[{"href":"https:\/\/fit360.ee\/en\/wp-json\/wp\/v2\/media?parent=76472"}],"wp:term":[{"taxonomy":"product_brand","embeddable":true,"href":"https:\/\/fit360.ee\/en\/wp-json\/wp\/v2\/product_brand?post=76472"},{"taxonomy":"product_cat","embeddable":true,"href":"https:\/\/fit360.ee\/en\/wp-json\/wp\/v2\/product_cat?post=76472"},{"taxonomy":"product_tag","embeddable":true,"href":"https:\/\/fit360.ee\/en\/wp-json\/wp\/v2\/product_tag?post=76472"},{"taxonomy":"giftcard-category","embeddable":true,"href":"https:\/\/fit360.ee\/en\/wp-json\/wp\/v2\/giftcard-category?post=76472"}],"curies":[{"name":"wp","href":"https:\/\/api.w.org\/{rel}","templated":true}]}}