{"id":76479,"date":"2024-01-06T16:26:00","date_gmt":"2024-01-06T14:26:00","guid":{"rendered":"https:\/\/fit360.ee\/pood\/uncategorized\/l-theanine-l-tyrosine-90-vcaps\/"},"modified":"2026-04-10T16:11:30","modified_gmt":"2026-04-10T14:11:30","slug":"l-theanine-l-tyrosine-90-vcaps","status":"publish","type":"product","link":"https:\/\/fit360.ee\/en\/pood\/product-groups\/%d0%b2%d0%b5%d0%b3%d0%b0%d0%bd\/vegan-capsules-en\/l-theanine-l-tyrosine-90-vcaps\/","title":{"rendered":"L-Theanine + L-Tyrosine (90 vCaps)"},"content":{"rendered":"<h2><strong>L-Theanine + L-Tyrosine\u00a0<\/strong><\/h2>\n<p>OstroVit L-Theanine + L-Tyrosine VEGE on vegan toidulisand HPMC (tselluloos) kapslites, mis sisaldab segu kahest prokognitiivsest aminohappest, L-t\u00fcrosiinist ja L-teaniinist. 100% VEGE kapslid on toidulisandite sari, mis seab uusimad trendid vastavusse veganliku elustiili ideega.\u00a0Toidulisandid ei sisalda aineid ega mingeid loomseid lisandeid, mist\u00f5ttu on need s\u00f5bralikud veganitele ja taimetoitlastele.\u00a0OstroVit 100% VEGE KAPSLID on kvaliteet, hoolsus ja vastus meie klientide ootustele.<\/p>\n<ul class=\"cm__list\">\n<li>90 <a href=\"https:\/\/fit360.ee\/en\/product-category\/product-groups\/%d0%b2%d0%b5%d0%b3%d0%b0%d0%bd\/vegan-capsules-en\/\"><strong>vegan kapslit<\/strong><\/a> (HPMC) pakendis<\/li>\n<li>1 pakend = 90 portsjonit toodet<\/li>\n<li>K\u00f5rge kvaliteet ja madal hind<\/li>\n<li>Adaptogeen\u00a0sobib taimetoitlastele ja veganitele<\/li>\n<\/ul>\n<h4 class=\"cm__heading\"><strong>Mis on L-t\u00fcrosiin ja L-teaniin?<\/strong><\/h4>\n<p class=\"cm__text\"><a href=\"https:\/\/fit360.ee\/en\/product-category\/product-groups\/amino-acids-bcaa\/tyrosine-en\/\"><strong>L-t\u00fcrosiin<\/strong><\/a>\u00a0\u2013 on orgaaniline keemiline \u00fchend, mis kuulub valkude aminohapete r\u00fchma.\u00a0See on v\u00e4ga oluline \u00fchend, mis osaleb selliste oluliste katehhoolamiinide nagu dopamiin v\u00f5i epinefriin (adrenaliin) s\u00fcnteesis.\u00a0Need on v\u00e4ga olulised neurotransmitterid, mis on tugevas korrelatsioonis t\u00fcrosiini sobiva kontsentratsiooniga kehas.\u00a0L-t\u00fcrosiin t\u00e4idab meie kilpn\u00e4\u00e4rme &#8220;toitumisfunktsiooni&#8221;.\u00a0Selle puudus v\u00f5ib p\u00f5hjustada selle talitlush\u00e4ireid, nt h\u00fcpot\u00fcreoidismi kujul, mis p\u00f5hjustab mitmeid t\u00f5siseid haiguse t\u00fcsistusi.<\/p>\n<p class=\"cm__text\"><strong>L-teaniin<\/strong>\u00a0\u2013 on orgaaniline keemiline \u00fchend, mittevalguline aminohape, mis on struktuurilt sarnane GABA neurotransmitteritele ja glutamaadile, t\u00e4nu millele l\u00e4bib hematoentsefaalbarj\u00e4\u00e4ri.\u00a0L-teaniin on l\u00f5\u00f5gastav aine, mis v\u00e4hendab ka stressitunnet ja parandab t\u00e4helepanu v\u00f5i keskendumisv\u00f5imet, mist\u00f5ttu on see \u00fcks tuntud adaptogeense toimega aineid.\u00a0See v\u00f5ib toetada kehakaalu langust ja k\u00f5rvaldada ka kofeiini kahjulikud, stimuleerivad m\u00f5jud.<\/p>\n<h4 class=\"cm__heading\"><strong>OstroVit L-Teaniin + L-T\u00fcrosiin koostisainete omadused<\/strong>:<\/h4>\n<ul class=\"cm__list\">\n<li>Maksimeerige kofeiini m\u00f5ju, k\u00f5rvaldades samal ajal selle k\u00f5rvalm\u00f5ju<\/li>\n<li>Omavad kognitiivseid m\u00f5jusid (parem keskendumine, keskendumisv\u00f5ime, m\u00e4lu paranemine)<\/li>\n<li>Need v\u00f5ivad parandada une kvaliteeti ja latentsust ilma sedatsiooni p\u00f5hjustamata<\/li>\n<li>Need v\u00f5ivad parandada j\u00f5utulemusi, edendades keskendumist ja keskendumist treeningute ajal<\/li>\n<li>Toetage treeninguj\u00e4rgset regeneratsiooni<\/li>\n<li>T\u00fcrosiin vastutab ka kilpn\u00e4\u00e4rme n\u00f5uetekohase toimimise eest<\/li>\n<li>Stimuleerige dopamiini vabanemist<\/li>\n<\/ul>\n<p><strong>Koostisosad<\/strong>: L-t\u00fcrosiin, L-teaniin, katte koostis (t\u00e4iteaine: h\u00fcdroks\u00fcprop\u00fc\u00fclmet\u00fc\u00fcltselluloos).<\/p>\n<p><strong>Kasutamine<\/strong>: V\u00f5tke 1 portsjon (1 kapsel) p\u00e4evas s\u00f6\u00f6gi ajal.<\/p>\n<p><strong>Suurus<\/strong>: 90 Vcaps &#8211; Vegan kapslit<\/p>\n<section class=\"projector__description--nutritional row\" data-selector=\".--nutritional\">\n<div class=\"col-12 col-md-10 col-lg-8\">\n<div class=\"--nutrit\">\n<div class=\"nutrition_table_wrapper\">\n<div class=\"table_wrapper\">\n<table>\n<tbody>\n<tr>\n<th>Aktiivsed koostisosad<\/th>\n<th>portsjoni kohta &#8211; 1 kapsel<\/th>\n<\/tr>\n<tr>\n<td>L-teaniin<\/td>\n<td>200 mg<\/td>\n<\/tr>\n<tr>\n<td>L-t\u00fcrosiin<\/td>\n<td>300 mg<\/td>\n<\/tr>\n<\/tbody>\n<\/table>\n<p>Vaata ka meie Teisi Aju Tegevust toetavaid toidulisandeid <a href=\"https:\/\/fit360.ee\/en\/product-category\/product-groups\/brain-support-nootropics-en\/\"><strong>SIIT<\/strong><\/a> v\u00f5i Aminohappeid <a href=\"https:\/\/fit360.ee\/en\/product-category\/product-groups\/amino-acids-bcaa\/\"><strong>SIIT<\/strong><\/a>!<\/p>\n<p>Soovid teha suuremat tellimust? Vaata antud toodet meie HULGI lehelt\u00a0<a href=\"https:\/\/toidulisandidhulgi.ee\/tooted\/l-theanine-l-tyrosine-90-vcaps\/\"><strong>SIIT<\/strong><\/a>!<\/p>\n<\/div>\n<\/div>\n<\/div>\n<\/div>\n<\/section>\n","protected":false},"excerpt":{"rendered":"<ul class=\"cm__list\">\n<li>Maksimeerige kofeiini m\u00f5ju, k\u00f5rvaldades samal ajal selle k\u00f5rvalm\u00f5ju<\/li>\n<li>Omavad kognitiivseid m\u00f5jusid (parem keskendumine, keskendumisv\u00f5ime, m\u00e4lu paranemine)<\/li>\n<li>Need v\u00f5ivad parandada une kvaliteeti ja latentsust ilma sedatsiooni p\u00f5hjustamata<\/li>\n<li>Need v\u00f5ivad parandada j\u00f5utulemusi, edendades keskendumist ja keskendumist treeningute ajal<\/li>\n<li>Toetab treeninguj\u00e4rgset regeneratsiooni<\/li>\n<li>T\u00fcrosiin vastutab ka kilpn\u00e4\u00e4rme n\u00f5uetekohase toimimise eest<\/li>\n<li>Stimuleerib dopamiini vabanemist<\/li>\n<\/ul>\n","protected":false},"featured_media":84699,"comment_status":"closed","ping_status":"closed","template":"","meta":[],"product_brand":[],"product_cat":[520,2485,1329,533,2476,2327,2664,1201],"product_tag":[3521,4684,2683,1924,4685,4686,1809,1810],"giftcard-category":[],"class_list":{"0":"post-76479","1":"product","2":"type-product","3":"status-publish","4":"has-post-thumbnail","6":"product_cat-amino-acids-bcaa","7":"product_cat-brain-support-nootropics-en","8":"product_cat-ostrovit-en","9":"product_cat-pre-workout-en","10":"product_cat-sleep-enhancers-en","11":"product_cat-tyrosine-en","12":"product_cat-vegan-capsules-en","13":"product_cat-1201","14":"product_tag-l-teaniin-en","15":"product_tag-l-theanine-l-tyrosine-en","16":"product_tag-l-turosiin-en","17":"product_tag-ostrovit-en","18":"product_tag-teaniin-en","19":"product_tag-theanine-en","20":"product_tag-turosiin-en","21":"product_tag-tyrosine-en","22":"pa_kogus-90-vcaps-en","23":"pa_toidulisand-branddd-ostrovit","24":"pa_tootegruppp-aju-tegevus-nootropics-en","25":"pa_tootegruppp-amino-acidsbcaa","26":"pa_tootegruppp-pre-workout","27":"pa_tootegruppp-turosiin-en","28":"pa_tootegruppp-uni-en","29":"pa_tootegruppp-vcaps-vegan-kapslid-en","30":"pa_tootegruppp-vegan-en","32":"first","33":"instock","34":"sale","35":"taxable","36":"shipping-taxable","37":"purchasable","38":"product-type-simple"},"yoast_head":"<!-- This site is optimized with the Yoast SEO plugin v27.3 - https:\/\/yoast.com\/product\/yoast-seo-wordpress\/ -->\n<title>L-Theanine + L-Tyrosine (90 vCaps) - Aju Tegevuse toetamine - Fit360<\/title>\n<meta name=\"description\" content=\"L-Theanine + L-Tyrosine omavad kognitiivseid m\u00f5jusid (parem keskendumine, keskendumisv\u00f5ime, m\u00e4lu paranemine). Need v\u00f5ivad parandada une kval.... Kiire Tarne\" \/>\n<meta name=\"robots\" content=\"index, follow, max-snippet:-1, max-image-preview:large, max-video-preview:-1\" \/>\n<link rel=\"canonical\" href=\"https:\/\/fit360.ee\/en\/pood\/product-groups\/\u0432\u0435\u0433\u0430\u043d\/vegan-capsules-en\/l-theanine-l-tyrosine-90-vcaps\/\" \/>\n<meta property=\"og:locale\" content=\"en_US\" \/>\n<meta property=\"og:type\" content=\"article\" \/>\n<meta property=\"og:title\" content=\"L-Theanine + L-Tyrosine (90 vCaps) - Aju Tegevuse toetamine - Fit360\" \/>\n<meta property=\"og:description\" content=\"L-Theanine + L-Tyrosine omavad kognitiivseid m\u00f5jusid (parem keskendumine, keskendumisv\u00f5ime, m\u00e4lu paranemine). Need v\u00f5ivad parandada une kval.... Kiire Tarne\" \/>\n<meta property=\"og:url\" content=\"https:\/\/fit360.ee\/en\/pood\/product-groups\/\u0432\u0435\u0433\u0430\u043d\/vegan-capsules-en\/l-theanine-l-tyrosine-90-vcaps\/\" \/>\n<meta property=\"og:site_name\" content=\"Fit360\" \/>\n<meta property=\"article:modified_time\" content=\"2026-04-10T14:11:30+00:00\" \/>\n<meta property=\"og:image\" content=\"https:\/\/fit360.ee\/wp-content\/uploads\/2024\/01\/l-theanine-l-tyrosine-fit360.ee_.png\" \/>\n\t<meta property=\"og:image:width\" content=\"450\" \/>\n\t<meta property=\"og:image:height\" content=\"450\" \/>\n\t<meta property=\"og:image:type\" content=\"image\/png\" \/>\n<meta name=\"twitter:card\" content=\"summary_large_image\" \/>\n<meta name=\"twitter:label1\" content=\"Est. reading time\" \/>\n\t<meta name=\"twitter:data1\" content=\"2 minutes\" \/>\n<script type=\"application\/ld+json\" class=\"yoast-schema-graph\">{\"@context\":\"https:\\\/\\\/schema.org\",\"@graph\":[{\"@type\":\"WebPage\",\"@id\":\"https:\\\/\\\/fit360.ee\\\/en\\\/pood\\\/product-groups\\\/%d0%b2%d0%b5%d0%b3%d0%b0%d0%bd\\\/vegan-capsules-en\\\/l-theanine-l-tyrosine-90-vcaps\\\/\",\"url\":\"https:\\\/\\\/fit360.ee\\\/en\\\/pood\\\/product-groups\\\/%d0%b2%d0%b5%d0%b3%d0%b0%d0%bd\\\/vegan-capsules-en\\\/l-theanine-l-tyrosine-90-vcaps\\\/\",\"name\":\"L-Theanine + L-Tyrosine (90 vCaps) - Aju Tegevuse toetamine - Fit360\",\"isPartOf\":{\"@id\":\"https:\\\/\\\/fit360.ee\\\/en\\\/#website\"},\"primaryImageOfPage\":{\"@id\":\"https:\\\/\\\/fit360.ee\\\/en\\\/pood\\\/product-groups\\\/%d0%b2%d0%b5%d0%b3%d0%b0%d0%bd\\\/vegan-capsules-en\\\/l-theanine-l-tyrosine-90-vcaps\\\/#primaryimage\"},\"image\":{\"@id\":\"https:\\\/\\\/fit360.ee\\\/en\\\/pood\\\/product-groups\\\/%d0%b2%d0%b5%d0%b3%d0%b0%d0%bd\\\/vegan-capsules-en\\\/l-theanine-l-tyrosine-90-vcaps\\\/#primaryimage\"},\"thumbnailUrl\":\"https:\\\/\\\/fit360.ee\\\/wp-content\\\/uploads\\\/2024\\\/01\\\/l-theanine-l-tyrosine-fit360.ee_.png\",\"datePublished\":\"2024-01-06T14:26:00+00:00\",\"dateModified\":\"2026-04-10T14:11:30+00:00\",\"description\":\"L-Theanine + L-Tyrosine omavad kognitiivseid m\u00f5jusid (parem keskendumine, keskendumisv\u00f5ime, m\u00e4lu paranemine). Need v\u00f5ivad parandada une kval.... Kiire Tarne\",\"breadcrumb\":{\"@id\":\"https:\\\/\\\/fit360.ee\\\/en\\\/pood\\\/product-groups\\\/%d0%b2%d0%b5%d0%b3%d0%b0%d0%bd\\\/vegan-capsules-en\\\/l-theanine-l-tyrosine-90-vcaps\\\/#breadcrumb\"},\"inLanguage\":\"en-US\",\"potentialAction\":[{\"@type\":\"ReadAction\",\"target\":[\"https:\\\/\\\/fit360.ee\\\/en\\\/pood\\\/product-groups\\\/%d0%b2%d0%b5%d0%b3%d0%b0%d0%bd\\\/vegan-capsules-en\\\/l-theanine-l-tyrosine-90-vcaps\\\/\"]}]},{\"@type\":\"ImageObject\",\"inLanguage\":\"en-US\",\"@id\":\"https:\\\/\\\/fit360.ee\\\/en\\\/pood\\\/product-groups\\\/%d0%b2%d0%b5%d0%b3%d0%b0%d0%bd\\\/vegan-capsules-en\\\/l-theanine-l-tyrosine-90-vcaps\\\/#primaryimage\",\"url\":\"https:\\\/\\\/fit360.ee\\\/wp-content\\\/uploads\\\/2024\\\/01\\\/l-theanine-l-tyrosine-fit360.ee_.png\",\"contentUrl\":\"https:\\\/\\\/fit360.ee\\\/wp-content\\\/uploads\\\/2024\\\/01\\\/l-theanine-l-tyrosine-fit360.ee_.png\",\"width\":450,\"height\":450,\"caption\":\"l-theanine + l-tyrosine - fit360.ee\"},{\"@type\":\"BreadcrumbList\",\"@id\":\"https:\\\/\\\/fit360.ee\\\/en\\\/pood\\\/product-groups\\\/%d0%b2%d0%b5%d0%b3%d0%b0%d0%bd\\\/vegan-capsules-en\\\/l-theanine-l-tyrosine-90-vcaps\\\/#breadcrumb\",\"itemListElement\":[{\"@type\":\"ListItem\",\"position\":1,\"name\":\"Home\",\"item\":\"https:\\\/\\\/fit360.ee\\\/en\\\/\"},{\"@type\":\"ListItem\",\"position\":2,\"name\":\"Shop\",\"item\":\"https:\\\/\\\/fit360.ee\\\/en\\\/shop\\\/\"},{\"@type\":\"ListItem\",\"position\":3,\"name\":\"L-Theanine + L-Tyrosine (90 vCaps)\"}]},{\"@type\":\"WebSite\",\"@id\":\"https:\\\/\\\/fit360.ee\\\/en\\\/#website\",\"url\":\"https:\\\/\\\/fit360.ee\\\/en\\\/\",\"name\":\"Fit360\",\"description\":\"\",\"publisher\":{\"@id\":\"https:\\\/\\\/fit360.ee\\\/en\\\/#organization\"},\"potentialAction\":[{\"@type\":\"SearchAction\",\"target\":{\"@type\":\"EntryPoint\",\"urlTemplate\":\"https:\\\/\\\/fit360.ee\\\/en\\\/?s={search_term_string}\"},\"query-input\":{\"@type\":\"PropertyValueSpecification\",\"valueRequired\":true,\"valueName\":\"search_term_string\"}}],\"inLanguage\":\"en-US\"},{\"@type\":\"Organization\",\"@id\":\"https:\\\/\\\/fit360.ee\\\/en\\\/#organization\",\"name\":\"Fit360\",\"url\":\"https:\\\/\\\/fit360.ee\\\/en\\\/\",\"logo\":{\"@type\":\"ImageObject\",\"inLanguage\":\"en-US\",\"@id\":\"https:\\\/\\\/fit360.ee\\\/en\\\/#\\\/schema\\\/logo\\\/image\\\/\",\"url\":\"https:\\\/\\\/fit360.ee\\\/wp-content\\\/uploads\\\/2017\\\/01\\\/logo-fit360.png\",\"contentUrl\":\"https:\\\/\\\/fit360.ee\\\/wp-content\\\/uploads\\\/2017\\\/01\\\/logo-fit360.png\",\"width\":180,\"height\":66,\"caption\":\"Fit360\"},\"image\":{\"@id\":\"https:\\\/\\\/fit360.ee\\\/en\\\/#\\\/schema\\\/logo\\\/image\\\/\"}}]}<\/script>\n<!-- \/ Yoast SEO plugin. -->","yoast_head_json":{"title":"L-Theanine + L-Tyrosine (90 vCaps) - Aju Tegevuse toetamine - Fit360","description":"L-Theanine + L-Tyrosine omavad kognitiivseid m\u00f5jusid (parem keskendumine, keskendumisv\u00f5ime, m\u00e4lu paranemine). Need v\u00f5ivad parandada une kval.... Kiire Tarne","robots":{"index":"index","follow":"follow","max-snippet":"max-snippet:-1","max-image-preview":"max-image-preview:large","max-video-preview":"max-video-preview:-1"},"canonical":"https:\/\/fit360.ee\/en\/pood\/product-groups\/\u0432\u0435\u0433\u0430\u043d\/vegan-capsules-en\/l-theanine-l-tyrosine-90-vcaps\/","og_locale":"en_US","og_type":"article","og_title":"L-Theanine + L-Tyrosine (90 vCaps) - Aju Tegevuse toetamine - Fit360","og_description":"L-Theanine + L-Tyrosine omavad kognitiivseid m\u00f5jusid (parem keskendumine, keskendumisv\u00f5ime, m\u00e4lu paranemine). Need v\u00f5ivad parandada une kval.... Kiire Tarne","og_url":"https:\/\/fit360.ee\/en\/pood\/product-groups\/\u0432\u0435\u0433\u0430\u043d\/vegan-capsules-en\/l-theanine-l-tyrosine-90-vcaps\/","og_site_name":"Fit360","article_modified_time":"2026-04-10T14:11:30+00:00","og_image":[{"width":450,"height":450,"url":"https:\/\/fit360.ee\/wp-content\/uploads\/2024\/01\/l-theanine-l-tyrosine-fit360.ee_.png","type":"image\/png"}],"twitter_card":"summary_large_image","twitter_misc":{"Est. reading time":"2 minutes"},"schema":{"@context":"https:\/\/schema.org","@graph":[{"@type":"WebPage","@id":"https:\/\/fit360.ee\/en\/pood\/product-groups\/%d0%b2%d0%b5%d0%b3%d0%b0%d0%bd\/vegan-capsules-en\/l-theanine-l-tyrosine-90-vcaps\/","url":"https:\/\/fit360.ee\/en\/pood\/product-groups\/%d0%b2%d0%b5%d0%b3%d0%b0%d0%bd\/vegan-capsules-en\/l-theanine-l-tyrosine-90-vcaps\/","name":"L-Theanine + L-Tyrosine (90 vCaps) - Aju Tegevuse toetamine - Fit360","isPartOf":{"@id":"https:\/\/fit360.ee\/en\/#website"},"primaryImageOfPage":{"@id":"https:\/\/fit360.ee\/en\/pood\/product-groups\/%d0%b2%d0%b5%d0%b3%d0%b0%d0%bd\/vegan-capsules-en\/l-theanine-l-tyrosine-90-vcaps\/#primaryimage"},"image":{"@id":"https:\/\/fit360.ee\/en\/pood\/product-groups\/%d0%b2%d0%b5%d0%b3%d0%b0%d0%bd\/vegan-capsules-en\/l-theanine-l-tyrosine-90-vcaps\/#primaryimage"},"thumbnailUrl":"https:\/\/fit360.ee\/wp-content\/uploads\/2024\/01\/l-theanine-l-tyrosine-fit360.ee_.png","datePublished":"2024-01-06T14:26:00+00:00","dateModified":"2026-04-10T14:11:30+00:00","description":"L-Theanine + L-Tyrosine omavad kognitiivseid m\u00f5jusid (parem keskendumine, keskendumisv\u00f5ime, m\u00e4lu paranemine). Need v\u00f5ivad parandada une kval.... Kiire Tarne","breadcrumb":{"@id":"https:\/\/fit360.ee\/en\/pood\/product-groups\/%d0%b2%d0%b5%d0%b3%d0%b0%d0%bd\/vegan-capsules-en\/l-theanine-l-tyrosine-90-vcaps\/#breadcrumb"},"inLanguage":"en-US","potentialAction":[{"@type":"ReadAction","target":["https:\/\/fit360.ee\/en\/pood\/product-groups\/%d0%b2%d0%b5%d0%b3%d0%b0%d0%bd\/vegan-capsules-en\/l-theanine-l-tyrosine-90-vcaps\/"]}]},{"@type":"ImageObject","inLanguage":"en-US","@id":"https:\/\/fit360.ee\/en\/pood\/product-groups\/%d0%b2%d0%b5%d0%b3%d0%b0%d0%bd\/vegan-capsules-en\/l-theanine-l-tyrosine-90-vcaps\/#primaryimage","url":"https:\/\/fit360.ee\/wp-content\/uploads\/2024\/01\/l-theanine-l-tyrosine-fit360.ee_.png","contentUrl":"https:\/\/fit360.ee\/wp-content\/uploads\/2024\/01\/l-theanine-l-tyrosine-fit360.ee_.png","width":450,"height":450,"caption":"l-theanine + l-tyrosine - fit360.ee"},{"@type":"BreadcrumbList","@id":"https:\/\/fit360.ee\/en\/pood\/product-groups\/%d0%b2%d0%b5%d0%b3%d0%b0%d0%bd\/vegan-capsules-en\/l-theanine-l-tyrosine-90-vcaps\/#breadcrumb","itemListElement":[{"@type":"ListItem","position":1,"name":"Home","item":"https:\/\/fit360.ee\/en\/"},{"@type":"ListItem","position":2,"name":"Shop","item":"https:\/\/fit360.ee\/en\/shop\/"},{"@type":"ListItem","position":3,"name":"L-Theanine + L-Tyrosine (90 vCaps)"}]},{"@type":"WebSite","@id":"https:\/\/fit360.ee\/en\/#website","url":"https:\/\/fit360.ee\/en\/","name":"Fit360","description":"","publisher":{"@id":"https:\/\/fit360.ee\/en\/#organization"},"potentialAction":[{"@type":"SearchAction","target":{"@type":"EntryPoint","urlTemplate":"https:\/\/fit360.ee\/en\/?s={search_term_string}"},"query-input":{"@type":"PropertyValueSpecification","valueRequired":true,"valueName":"search_term_string"}}],"inLanguage":"en-US"},{"@type":"Organization","@id":"https:\/\/fit360.ee\/en\/#organization","name":"Fit360","url":"https:\/\/fit360.ee\/en\/","logo":{"@type":"ImageObject","inLanguage":"en-US","@id":"https:\/\/fit360.ee\/en\/#\/schema\/logo\/image\/","url":"https:\/\/fit360.ee\/wp-content\/uploads\/2017\/01\/logo-fit360.png","contentUrl":"https:\/\/fit360.ee\/wp-content\/uploads\/2017\/01\/logo-fit360.png","width":180,"height":66,"caption":"Fit360"},"image":{"@id":"https:\/\/fit360.ee\/en\/#\/schema\/logo\/image\/"}}]}},"_links":{"self":[{"href":"https:\/\/fit360.ee\/en\/wp-json\/wp\/v2\/product\/76479","targetHints":{"allow":["GET"]}}],"collection":[{"href":"https:\/\/fit360.ee\/en\/wp-json\/wp\/v2\/product"}],"about":[{"href":"https:\/\/fit360.ee\/en\/wp-json\/wp\/v2\/types\/product"}],"replies":[{"embeddable":true,"href":"https:\/\/fit360.ee\/en\/wp-json\/wp\/v2\/comments?post=76479"}],"wp:featuredmedia":[{"embeddable":true,"href":"https:\/\/fit360.ee\/en\/wp-json\/wp\/v2\/media\/84699"}],"wp:attachment":[{"href":"https:\/\/fit360.ee\/en\/wp-json\/wp\/v2\/media?parent=76479"}],"wp:term":[{"taxonomy":"product_brand","embeddable":true,"href":"https:\/\/fit360.ee\/en\/wp-json\/wp\/v2\/product_brand?post=76479"},{"taxonomy":"product_cat","embeddable":true,"href":"https:\/\/fit360.ee\/en\/wp-json\/wp\/v2\/product_cat?post=76479"},{"taxonomy":"product_tag","embeddable":true,"href":"https:\/\/fit360.ee\/en\/wp-json\/wp\/v2\/product_tag?post=76479"},{"taxonomy":"giftcard-category","embeddable":true,"href":"https:\/\/fit360.ee\/en\/wp-json\/wp\/v2\/giftcard-category?post=76479"}],"curies":[{"name":"wp","href":"https:\/\/api.w.org\/{rel}","templated":true}]}}