{"id":76709,"date":"2024-01-14T13:55:48","date_gmt":"2024-01-14T11:55:48","guid":{"rendered":"https:\/\/fit360.ee\/pood\/uncategorized\/wonderwoman-shaker-800ml\/"},"modified":"2025-08-13T07:35:56","modified_gmt":"2025-08-13T05:35:56","slug":"wonderwoman-shaker-800ml","status":"publish","type":"product","link":"https:\/\/fit360.ee\/en\/pood\/training-equipment-en\/drinking-bottles-en\/wonderwoman-shaker-800ml\/","title":{"rendered":"Wonderwoman Shaker (800ml)"},"content":{"rendered":"<h2><strong>Wonderwoman Shaker<\/strong><\/h2>\n<p>Wonderwoman shaker on kerge ja kaasaskantav 800 ml \u0161eikeritass stiilse Wonderwoman logoga, mis inspireerib sind treenima nagu superkangelane.<\/p>\n<div class=\"product-highlights\">\n<ul class=\"benefits\">\n<li>Mahutavus: 800 ml<\/li>\n<li>Aitab h\u00f5lpsalt valmistada t\u00fckivabad kokteilid<\/li>\n<li>Segage, valage ja hoidke k\u00f5ik samas mahutis<\/li>\n<\/ul>\n<\/div>\n<p>Stiilne \u0161eiker, mis aitab teil h\u00f5lpsasti valmistada k\u00f5ik valgukokteilid ja muud spordilisandiga joogid, et tarbida kehale vajalikke toitaineid enne treeningut, treeningu ajal ja p\u00e4rast seda.<\/p>\n<p>Performa shaker v\u00f5imaldab teil vedelikku taastada ja tankida nagu teie lemmikkangelane v\u00f5i kaabakas!\u00a0See originaalne Performa 800 ml \u0161eikertops, millel on koomiksite superkangelase v\u00f5i kaabaka logo, on valmistatud BPA-vabast ohutust plastikust, mida on v\u00e4rvitud toiduv\u00e4rvidega.\u00a0Lekkekindla tassi kaanel on turvaline kruvi ilma kummitihendita ja eriti lai suuga mugavaks kasutamiseks.<\/p>\n<p>Shakeril on spetsiaalne segamiselement, mis v\u00f5imendab kineetilist energiat loksutopsis, optimeerides vedeliku d\u00fcnaamikat ja tagades sujuva segamise ilma t\u00fckkide ja segaduseta.<\/p>\n<p><a href=\"https:\/\/fit360.ee\/wp-content\/uploads\/2024\/01\/wonderwoman-shaker-fit360.ee_-640x800.jpg\"><img loading=\"lazy\" decoding=\"async\" class=\"size-medium wp-image-76707\" src=\"https:\/\/fit360.ee\/wp-content\/uploads\/2024\/01\/wonderwoman-shaker-fit360.ee_-640x800.jpg\" alt=\"wonderwoman shaker - fit360.ee\" width=\"640\" height=\"800\" srcset=\"https:\/\/fit360.ee\/wp-content\/uploads\/2024\/01\/wonderwoman-shaker-fit360.ee_-640x800.jpg 640w, https:\/\/fit360.ee\/wp-content\/uploads\/2024\/01\/wonderwoman-shaker-fit360.ee_-510x638.jpg 510w, https:\/\/fit360.ee\/wp-content\/uploads\/2024\/01\/wonderwoman-shaker-fit360.ee_-1280x1600.jpg 1280w, https:\/\/fit360.ee\/wp-content\/uploads\/2024\/01\/wonderwoman-shaker-fit360.ee_-768x960.jpg 768w, https:\/\/fit360.ee\/wp-content\/uploads\/2024\/01\/wonderwoman-shaker-fit360.ee_-1229x1536.jpg 1229w, https:\/\/fit360.ee\/wp-content\/uploads\/2024\/01\/wonderwoman-shaker-fit360.ee_.jpg 1400w\" sizes=\"auto, (max-width: 640px) 100vw, 640px\" \/><\/a><\/p>\n<p>Vaata ka meie Teisi Shakereid\u00a0<a href=\"https:\/\/fit360.ee\/en\/product-category\/training-equipment-en\/shakers-en\/\"><strong>SIIT<\/strong><\/a>\u00a0v\u00f5i joogipudeleid\u00a0<a href=\"https:\/\/fit360.ee\/en\/product-category\/training-equipment-en\/drinking-bottles-en\/\"><strong>SIIT<\/strong><\/a>!<\/p>\n<p>Soovid teha suuremat tellimust? Vaata antud toodet meie HULGI lehelt\u00a0<a href=\"https:\/\/toidulisandidhulgi.ee\/tooted\/wonderwoman-shaker-800ml\/\"><strong>SIIT<\/strong><\/a>!<\/p>\n","protected":false},"excerpt":{"rendered":"<ul class=\"benefits\">\n<li>Mahutavus: 800 ml<\/li>\n<li>Aitab h\u00f5lpsalt valmistada t\u00fckivabad kokteilid<\/li>\n<li>Segage, valage ja hoidke k\u00f5ik samas mahutis<\/li>\n<\/ul>\n","protected":false},"featured_media":76708,"comment_status":"closed","ping_status":"closed","template":"","meta":[],"product_brand":[],"product_cat":[540,551,538],"product_tag":[1865,4706,4707],"giftcard-category":[],"class_list":{"0":"post-76709","1":"product","2":"type-product","3":"status-publish","4":"has-post-thumbnail","6":"product_cat-drinking-bottles-en","7":"product_cat-shakers-en","8":"product_cat-training-equipment-en","9":"product_tag-shaker-en","10":"product_tag-wonderwoman-en","11":"product_tag-wonderwoman-shaker-en","12":"pa_brand-smartshake-en","13":"pa_varustus-drinking-bottles","14":"pa_varustus-shakers","15":"pa_varvus-purple","17":"first","18":"instock","19":"sale","20":"taxable","21":"shipping-taxable","22":"purchasable","23":"product-type-simple"},"yoast_head":"<!-- This site is optimized with the Yoast SEO plugin v27.3 - https:\/\/yoast.com\/product\/yoast-seo-wordpress\/ -->\n<title>Wonderwoman Shaker (800ml) - Stiilne ja mugav \u0160eiker - Fit360<\/title>\n<meta name=\"description\" content=\"Wonderwoman shaker on kerge ja kaasaskantav 800 ml \u0161eikeritass stiilse Wonderwoman logoga, mis inspireerib sind treenima nagu superkangelane. Kiire Tarne!\" \/>\n<meta name=\"robots\" content=\"index, follow, max-snippet:-1, max-image-preview:large, max-video-preview:-1\" \/>\n<link rel=\"canonical\" href=\"https:\/\/fit360.ee\/en\/pood\/training-equipment-en\/drinking-bottles-en\/wonderwoman-shaker-800ml\/\" \/>\n<meta property=\"og:locale\" content=\"en_US\" \/>\n<meta property=\"og:type\" content=\"article\" \/>\n<meta property=\"og:title\" content=\"Wonderwoman Shaker (800ml) - Stiilne ja mugav \u0160eiker - Fit360\" \/>\n<meta property=\"og:description\" content=\"Wonderwoman shaker on kerge ja kaasaskantav 800 ml \u0161eikeritass stiilse Wonderwoman logoga, mis inspireerib sind treenima nagu superkangelane. Kiire Tarne!\" \/>\n<meta property=\"og:url\" content=\"https:\/\/fit360.ee\/en\/pood\/training-equipment-en\/drinking-bottles-en\/wonderwoman-shaker-800ml\/\" \/>\n<meta property=\"og:site_name\" content=\"Fit360\" \/>\n<meta property=\"article:modified_time\" content=\"2025-08-13T05:35:56+00:00\" \/>\n<meta property=\"og:image\" content=\"https:\/\/fit360.ee\/wp-content\/uploads\/2024\/01\/wonderwoman-shaker-fit360.ee_.jpg\" \/>\n\t<meta property=\"og:image:width\" content=\"1400\" \/>\n\t<meta property=\"og:image:height\" content=\"1750\" \/>\n\t<meta property=\"og:image:type\" content=\"image\/jpeg\" \/>\n<meta name=\"twitter:card\" content=\"summary_large_image\" \/>\n<meta name=\"twitter:label1\" content=\"Est. reading time\" \/>\n\t<meta name=\"twitter:data1\" content=\"2 minutes\" \/>\n<script type=\"application\/ld+json\" class=\"yoast-schema-graph\">{\"@context\":\"https:\\\/\\\/schema.org\",\"@graph\":[{\"@type\":\"WebPage\",\"@id\":\"https:\\\/\\\/fit360.ee\\\/en\\\/pood\\\/training-equipment-en\\\/drinking-bottles-en\\\/wonderwoman-shaker-800ml\\\/\",\"url\":\"https:\\\/\\\/fit360.ee\\\/en\\\/pood\\\/training-equipment-en\\\/drinking-bottles-en\\\/wonderwoman-shaker-800ml\\\/\",\"name\":\"Wonderwoman Shaker (800ml) - Stiilne ja mugav \u0160eiker - Fit360\",\"isPartOf\":{\"@id\":\"https:\\\/\\\/fit360.ee\\\/en\\\/#website\"},\"primaryImageOfPage\":{\"@id\":\"https:\\\/\\\/fit360.ee\\\/en\\\/pood\\\/training-equipment-en\\\/drinking-bottles-en\\\/wonderwoman-shaker-800ml\\\/#primaryimage\"},\"image\":{\"@id\":\"https:\\\/\\\/fit360.ee\\\/en\\\/pood\\\/training-equipment-en\\\/drinking-bottles-en\\\/wonderwoman-shaker-800ml\\\/#primaryimage\"},\"thumbnailUrl\":\"https:\\\/\\\/fit360.ee\\\/wp-content\\\/uploads\\\/2024\\\/01\\\/wonderwoman-shaker-fit360.ee_.jpg\",\"datePublished\":\"2024-01-14T11:55:48+00:00\",\"dateModified\":\"2025-08-13T05:35:56+00:00\",\"description\":\"Wonderwoman shaker on kerge ja kaasaskantav 800 ml \u0161eikeritass stiilse Wonderwoman logoga, mis inspireerib sind treenima nagu superkangelane. Kiire Tarne!\",\"breadcrumb\":{\"@id\":\"https:\\\/\\\/fit360.ee\\\/en\\\/pood\\\/training-equipment-en\\\/drinking-bottles-en\\\/wonderwoman-shaker-800ml\\\/#breadcrumb\"},\"inLanguage\":\"en-US\",\"potentialAction\":[{\"@type\":\"ReadAction\",\"target\":[\"https:\\\/\\\/fit360.ee\\\/en\\\/pood\\\/training-equipment-en\\\/drinking-bottles-en\\\/wonderwoman-shaker-800ml\\\/\"]}]},{\"@type\":\"ImageObject\",\"inLanguage\":\"en-US\",\"@id\":\"https:\\\/\\\/fit360.ee\\\/en\\\/pood\\\/training-equipment-en\\\/drinking-bottles-en\\\/wonderwoman-shaker-800ml\\\/#primaryimage\",\"url\":\"https:\\\/\\\/fit360.ee\\\/wp-content\\\/uploads\\\/2024\\\/01\\\/wonderwoman-shaker-fit360.ee_.jpg\",\"contentUrl\":\"https:\\\/\\\/fit360.ee\\\/wp-content\\\/uploads\\\/2024\\\/01\\\/wonderwoman-shaker-fit360.ee_.jpg\",\"width\":1400,\"height\":1750,\"caption\":\"wonderwoman shaker - fit360.ee\"},{\"@type\":\"BreadcrumbList\",\"@id\":\"https:\\\/\\\/fit360.ee\\\/en\\\/pood\\\/training-equipment-en\\\/drinking-bottles-en\\\/wonderwoman-shaker-800ml\\\/#breadcrumb\",\"itemListElement\":[{\"@type\":\"ListItem\",\"position\":1,\"name\":\"Home\",\"item\":\"https:\\\/\\\/fit360.ee\\\/en\\\/\"},{\"@type\":\"ListItem\",\"position\":2,\"name\":\"Shop\",\"item\":\"https:\\\/\\\/fit360.ee\\\/en\\\/shop\\\/\"},{\"@type\":\"ListItem\",\"position\":3,\"name\":\"Wonderwoman Shaker (800ml)\"}]},{\"@type\":\"WebSite\",\"@id\":\"https:\\\/\\\/fit360.ee\\\/en\\\/#website\",\"url\":\"https:\\\/\\\/fit360.ee\\\/en\\\/\",\"name\":\"Fit360\",\"description\":\"\",\"publisher\":{\"@id\":\"https:\\\/\\\/fit360.ee\\\/en\\\/#organization\"},\"potentialAction\":[{\"@type\":\"SearchAction\",\"target\":{\"@type\":\"EntryPoint\",\"urlTemplate\":\"https:\\\/\\\/fit360.ee\\\/en\\\/?s={search_term_string}\"},\"query-input\":{\"@type\":\"PropertyValueSpecification\",\"valueRequired\":true,\"valueName\":\"search_term_string\"}}],\"inLanguage\":\"en-US\"},{\"@type\":\"Organization\",\"@id\":\"https:\\\/\\\/fit360.ee\\\/en\\\/#organization\",\"name\":\"Fit360\",\"url\":\"https:\\\/\\\/fit360.ee\\\/en\\\/\",\"logo\":{\"@type\":\"ImageObject\",\"inLanguage\":\"en-US\",\"@id\":\"https:\\\/\\\/fit360.ee\\\/en\\\/#\\\/schema\\\/logo\\\/image\\\/\",\"url\":\"https:\\\/\\\/fit360.ee\\\/wp-content\\\/uploads\\\/2017\\\/01\\\/logo-fit360.png\",\"contentUrl\":\"https:\\\/\\\/fit360.ee\\\/wp-content\\\/uploads\\\/2017\\\/01\\\/logo-fit360.png\",\"width\":180,\"height\":66,\"caption\":\"Fit360\"},\"image\":{\"@id\":\"https:\\\/\\\/fit360.ee\\\/en\\\/#\\\/schema\\\/logo\\\/image\\\/\"}}]}<\/script>\n<!-- \/ Yoast SEO plugin. -->","yoast_head_json":{"title":"Wonderwoman Shaker (800ml) - Stiilne ja mugav \u0160eiker - Fit360","description":"Wonderwoman shaker on kerge ja kaasaskantav 800 ml \u0161eikeritass stiilse Wonderwoman logoga, mis inspireerib sind treenima nagu superkangelane. Kiire Tarne!","robots":{"index":"index","follow":"follow","max-snippet":"max-snippet:-1","max-image-preview":"max-image-preview:large","max-video-preview":"max-video-preview:-1"},"canonical":"https:\/\/fit360.ee\/en\/pood\/training-equipment-en\/drinking-bottles-en\/wonderwoman-shaker-800ml\/","og_locale":"en_US","og_type":"article","og_title":"Wonderwoman Shaker (800ml) - Stiilne ja mugav \u0160eiker - Fit360","og_description":"Wonderwoman shaker on kerge ja kaasaskantav 800 ml \u0161eikeritass stiilse Wonderwoman logoga, mis inspireerib sind treenima nagu superkangelane. Kiire Tarne!","og_url":"https:\/\/fit360.ee\/en\/pood\/training-equipment-en\/drinking-bottles-en\/wonderwoman-shaker-800ml\/","og_site_name":"Fit360","article_modified_time":"2025-08-13T05:35:56+00:00","og_image":[{"width":1400,"height":1750,"url":"https:\/\/fit360.ee\/wp-content\/uploads\/2024\/01\/wonderwoman-shaker-fit360.ee_.jpg","type":"image\/jpeg"}],"twitter_card":"summary_large_image","twitter_misc":{"Est. reading time":"2 minutes"},"schema":{"@context":"https:\/\/schema.org","@graph":[{"@type":"WebPage","@id":"https:\/\/fit360.ee\/en\/pood\/training-equipment-en\/drinking-bottles-en\/wonderwoman-shaker-800ml\/","url":"https:\/\/fit360.ee\/en\/pood\/training-equipment-en\/drinking-bottles-en\/wonderwoman-shaker-800ml\/","name":"Wonderwoman Shaker (800ml) - Stiilne ja mugav \u0160eiker - Fit360","isPartOf":{"@id":"https:\/\/fit360.ee\/en\/#website"},"primaryImageOfPage":{"@id":"https:\/\/fit360.ee\/en\/pood\/training-equipment-en\/drinking-bottles-en\/wonderwoman-shaker-800ml\/#primaryimage"},"image":{"@id":"https:\/\/fit360.ee\/en\/pood\/training-equipment-en\/drinking-bottles-en\/wonderwoman-shaker-800ml\/#primaryimage"},"thumbnailUrl":"https:\/\/fit360.ee\/wp-content\/uploads\/2024\/01\/wonderwoman-shaker-fit360.ee_.jpg","datePublished":"2024-01-14T11:55:48+00:00","dateModified":"2025-08-13T05:35:56+00:00","description":"Wonderwoman shaker on kerge ja kaasaskantav 800 ml \u0161eikeritass stiilse Wonderwoman logoga, mis inspireerib sind treenima nagu superkangelane. Kiire Tarne!","breadcrumb":{"@id":"https:\/\/fit360.ee\/en\/pood\/training-equipment-en\/drinking-bottles-en\/wonderwoman-shaker-800ml\/#breadcrumb"},"inLanguage":"en-US","potentialAction":[{"@type":"ReadAction","target":["https:\/\/fit360.ee\/en\/pood\/training-equipment-en\/drinking-bottles-en\/wonderwoman-shaker-800ml\/"]}]},{"@type":"ImageObject","inLanguage":"en-US","@id":"https:\/\/fit360.ee\/en\/pood\/training-equipment-en\/drinking-bottles-en\/wonderwoman-shaker-800ml\/#primaryimage","url":"https:\/\/fit360.ee\/wp-content\/uploads\/2024\/01\/wonderwoman-shaker-fit360.ee_.jpg","contentUrl":"https:\/\/fit360.ee\/wp-content\/uploads\/2024\/01\/wonderwoman-shaker-fit360.ee_.jpg","width":1400,"height":1750,"caption":"wonderwoman shaker - fit360.ee"},{"@type":"BreadcrumbList","@id":"https:\/\/fit360.ee\/en\/pood\/training-equipment-en\/drinking-bottles-en\/wonderwoman-shaker-800ml\/#breadcrumb","itemListElement":[{"@type":"ListItem","position":1,"name":"Home","item":"https:\/\/fit360.ee\/en\/"},{"@type":"ListItem","position":2,"name":"Shop","item":"https:\/\/fit360.ee\/en\/shop\/"},{"@type":"ListItem","position":3,"name":"Wonderwoman Shaker (800ml)"}]},{"@type":"WebSite","@id":"https:\/\/fit360.ee\/en\/#website","url":"https:\/\/fit360.ee\/en\/","name":"Fit360","description":"","publisher":{"@id":"https:\/\/fit360.ee\/en\/#organization"},"potentialAction":[{"@type":"SearchAction","target":{"@type":"EntryPoint","urlTemplate":"https:\/\/fit360.ee\/en\/?s={search_term_string}"},"query-input":{"@type":"PropertyValueSpecification","valueRequired":true,"valueName":"search_term_string"}}],"inLanguage":"en-US"},{"@type":"Organization","@id":"https:\/\/fit360.ee\/en\/#organization","name":"Fit360","url":"https:\/\/fit360.ee\/en\/","logo":{"@type":"ImageObject","inLanguage":"en-US","@id":"https:\/\/fit360.ee\/en\/#\/schema\/logo\/image\/","url":"https:\/\/fit360.ee\/wp-content\/uploads\/2017\/01\/logo-fit360.png","contentUrl":"https:\/\/fit360.ee\/wp-content\/uploads\/2017\/01\/logo-fit360.png","width":180,"height":66,"caption":"Fit360"},"image":{"@id":"https:\/\/fit360.ee\/en\/#\/schema\/logo\/image\/"}}]}},"_links":{"self":[{"href":"https:\/\/fit360.ee\/en\/wp-json\/wp\/v2\/product\/76709","targetHints":{"allow":["GET"]}}],"collection":[{"href":"https:\/\/fit360.ee\/en\/wp-json\/wp\/v2\/product"}],"about":[{"href":"https:\/\/fit360.ee\/en\/wp-json\/wp\/v2\/types\/product"}],"replies":[{"embeddable":true,"href":"https:\/\/fit360.ee\/en\/wp-json\/wp\/v2\/comments?post=76709"}],"wp:featuredmedia":[{"embeddable":true,"href":"https:\/\/fit360.ee\/en\/wp-json\/wp\/v2\/media\/76708"}],"wp:attachment":[{"href":"https:\/\/fit360.ee\/en\/wp-json\/wp\/v2\/media?parent=76709"}],"wp:term":[{"taxonomy":"product_brand","embeddable":true,"href":"https:\/\/fit360.ee\/en\/wp-json\/wp\/v2\/product_brand?post=76709"},{"taxonomy":"product_cat","embeddable":true,"href":"https:\/\/fit360.ee\/en\/wp-json\/wp\/v2\/product_cat?post=76709"},{"taxonomy":"product_tag","embeddable":true,"href":"https:\/\/fit360.ee\/en\/wp-json\/wp\/v2\/product_tag?post=76709"},{"taxonomy":"giftcard-category","embeddable":true,"href":"https:\/\/fit360.ee\/en\/wp-json\/wp\/v2\/giftcard-category?post=76709"}],"curies":[{"name":"wp","href":"https:\/\/api.w.org\/{rel}","templated":true}]}}