{"id":76888,"date":"2024-01-22T16:23:20","date_gmt":"2024-01-22T14:23:20","guid":{"rendered":"https:\/\/fit360.ee\/pood\/uncategorized\/testo-extreme-90caps\/"},"modified":"2025-10-04T08:43:33","modified_gmt":"2025-10-04T06:43:33","slug":"testo-extreme-90caps","status":"publish","type":"product","link":"https:\/\/fit360.ee\/en\/pood\/product-groups\/superfoods-health-foods-en\/maca-en\/testo-extreme-90caps\/","title":{"rendered":"Testo Extreme (90caps)"},"content":{"rendered":"<h2><strong>Ostrovit Testo Extreme<\/strong><\/h2>\n<p>OstroVit Testo Extreme on kvaliteetne toidulisand, mis sisaldab koguni 11 erinevat toimeainet \u2013 toode on muuhulgas allikaks:\u00a0lambal\u00e4\u00e4tse seemne ekstrakt, Tribulus terrestris ekstrakt v\u00f5i tsink.\u00a0See preparaat on saadaval kergesti neelatavate kapslitena, mis on loodud sportlastele ja teadlikele tarbijatele, kes soovivad oma elustiili v\u00e4\u00e4rtuslike \u00fchenditega t\u00e4iendada.<\/p>\n<ul class=\"cm__list\">\n<li><strong>11 erineva toimeaine allikas<\/strong>\u00a0&#8211; \u00fcks toidulisandi portsjon annab organismile 370 mg lambal\u00e4\u00e4tse seemne ekstrakti, 300 mg maca juure ekstrakti, 300 mg D-asparagiinhapet, samuti 222 mg Tribulus juure ekstrakti ja 150 mg n\u00f5geselehe ekstrakti harilik.\u00a0Lisaks sisaldab preparaat 120 mg saepalmi ekstrakti, 70 mg \u017een\u0161enni juure ekstrakti ja 2,1 mg musta pipra puuviljaekstrakti, samuti 57 mg magneesiumi, 15 mg tsinki ja 3 mg vitamiini B6.<\/li>\n<li><strong>1 portsjon = 3 kapslit.<\/strong><\/li>\n<li><strong>T\u00f5husus<\/strong>\u00a0\u2013 ettevalmistuspakendis on 30 portsjonit toodet, millest piisab kuuks regulaarseks toidulisandiks.<\/li>\n<li><strong>Mugav vorm<\/strong>\u00a0&#8211; kergesti neelatavate kapslitena saadaval olev preparaat tagab toidulisandi t\u00f5rgeteta manustamise.<\/li>\n<\/ul>\n<h4 class=\"cm__heading\"><strong>Testo Extreme \u2013 k\u00f5ikeh\u00f5lmav toidulisand<\/strong><\/h4>\n<p><strong>Lambal\u00e4\u00e4tse seemne ekstrakt<\/strong>\u00a0&#8211; ekstrakt \u00fcheaastase Fabaceae perekonda kuuluva, Vahemere piirkonnast p\u00e4rit taime seemnetest, mida praegu kasvatatakse paljudes erinevates maailma paikades.\u00a0Taime \u00fcrt meenutab ristikut ja lambal\u00e4\u00e4tse seemneid on maitseainena kasutatud sadu aastaid ning need on v\u00e4ga populaarsed, eriti sellistes riikides nagu India ja Bangladesh.\u00a0Kuna raudrohi on v\u00e4\u00e4rtuslik vitamiinide, mineraalide ja bioaktiivsete \u00fchendite allikas, kasutatakse taimeseemneekstrakti sageli ka toidulisandite koostisosana.<\/p>\n<p><strong>Maca juure ekstrakt<\/strong>\u00a0\u2013 ekstrakt Peruvian \u017een\u0161enni nimelise taime juurtest, mis on kapsaliste sugukonnast p\u00e4rit juurvili, mis kasvab raskesti ligip\u00e4\u00e4setavates piirkondades ja m\u00e4gismaal.\u00a0Taim sisaldab arvukalt bioaktiivseid koostisosi ja seda iseloomustab k\u00f5rge toitev\u00e4\u00e4rtus ja mis veelgi enam, seda peetakse supertoiduks.<\/p>\n<p><strong>D-asparagiinhape &#8211; DAA<\/strong>\u00a0&#8211; endogeenne aminohape, mida toodetakse peamiselt h\u00fcpof\u00fc\u00fcsis ja h\u00fcpotalamuses.\u00a0D-asparagiinhapet leidub ka toidus &#8211; \u00fchendit leidub peamiselt loomse p\u00e4ritoluga toodetes, kuid v\u00e4hesel m\u00e4\u00e4ral leidub seda ainet ka sparglis, avokaados ja kaerahelves.<\/p>\n<p><a href=\"https:\/\/fit360.ee\/en\/product-category\/product-groups\/testosterone-boosters-en\/tribulus-en\/\"><strong>Tribulus terrestris ekstrakt<\/strong><\/a>\u00a0&#8211; auruliste sugukonda kuuluva \u00fcheaastase taime ekstrakt, mis kasvab liivastel muldadel.\u00a0See on roomav p\u00f5\u00f5sas, mis ulatub maksimaalselt 60 cm k\u00f5rguseks.\u00a0Bioloogiliselt aktiivsete ainete rohkuse t\u00f5ttu on Tribulus terrestris hinnatud nii traditsioonilises Hiina kui ka India meditsiinis juba tuhandeid aastaid.\u00a0See on taim, mida kasutatakse praegu toidulisandite koostisosana, sealhulgas:\u00a0v\u00e4\u00e4rtuslike saponiinide k\u00f5rge sisalduse t\u00f5ttu.<\/p>\n<p><strong>Hariliku n\u00f5geselehe ekstrakt<\/strong>\u00a0&#8211; n\u00f5gese sugukonda kuuluva taime ekstrakt, mis looduslikult esineb Euroopas, Aasias, aga ka P\u00f5hja-Aafrikas ja P\u00f5hja-Ameerikas.\u00a0See on \u00fcheaastane taim, mis kasvab kergesti viljakas pinnases.\u00a0T\u00e4nu v\u00e4\u00e4rtuslike koostisosade rohkusele kasutatakse seda rahvameditsiinis ning salatite ja toidulisandite koostisosana.<\/p>\n<p><strong>Saw palmetto puuviljaekstrakt<\/strong>\u00a0\u2013 Serenoa repens \u2013 leidub sageli ka ingliskeelse nimetuse all saw palmetto, palmide perekonda kuuluv taim.\u00a0See on Ameerika \u00dchendriikide kaguosa kliimav\u00f6\u00f6ndile t\u00fc\u00fcpiline liik, mille esindajad ulatuvad 2-3 meetri k\u00f5rguseks.\u00a0See on taim, mille lehed moodustavad laiad lehvikud ja pisikesed \u00f5ied muutuvad p\u00e4rast \u00f5itsemist v\u00e4ikesteks tumedateks viljadeks, mis eristuvad bioloogiliselt aktiivsete \u00fchendite rohkusest.<\/p>\n<p><strong>\u017den\u0161enni juureekstrakt<\/strong>\u00a0, Araliaceae perekonnast p\u00e4rit taim, mida nimetatakse ka hiina v\u00f5i t\u00f5eliseks \u017een\u0161enniks.\u00a0See on tooraine, mida leidub looduslikult peamiselt Hiinas ja Koreas ning mida eristavad selle lihavad juured.\u00a0See on rikkalikult bioloogiliselt aktiivseid aineid ja taimest saadavate olulisemate \u00fchendite hulka kuuluvad ginsenosiidid.<\/p>\n<p><strong>Musta pipra puuviljaekstrakt<\/strong>\u00a0&#8211; pipra perekonda kuuluva taime viljade ekstrakt, mis on standardiseeritud 95% piperiini ehk orgaanilise keemilise \u00fchendi sisaldusega, mis on musta pipra viljade pealiskihis leiduv alkaloid.<\/p>\n<p><a href=\"https:\/\/fit360.ee\/en\/product-category\/product-groups\/vitamins-and-minerals-en\/magnesium-en\/\"><strong>Magneesium<\/strong><\/a>\u00a0\u2013 keemiline element s\u00fcmboliga Mg.\u00a0Mineraal, mis on klassifitseeritud makroelemendiks.\u00a0Inimkehas talletub see peamiselt luudesse ja lihastesse.\u00a0Magneesiumi allikad on t\u00e4isteratooted, seemned ja p\u00e4hklid.<\/p>\n<p><a href=\"https:\/\/fit360.ee\/en\/product-category\/product-groups\/vitamins-and-minerals-en\/zinc-en\/\"><strong>Tsink<\/strong><\/a>\u00a0\u2013 keemiline element s\u00fcmboliga Zn.\u00a0Tegemist on mikroelemendina liigitatud mineraalkomponendiga, mida inimorganismis esineb eelk\u00f5ige skeletilihastes ja luudes ning v\u00e4iksemates kogustes ka ajus, k\u00f5hun\u00e4\u00e4rmes ja maksas.\u00a0Tegemist on ainega, mida leidub paljudes erinevates toiduainetes ning peamisteks tsingiallikateks on punane liha, linnuliha, kuivad kaunviljad, p\u00e4hklid ja t\u00e4isteratooted.<\/p>\n<p><strong>Vitamiin B6<\/strong>\u00a0&#8211; p\u00fcridoksiin &#8211; B-vitamiinide hulka kuuluv vees lahustuv koostisaine \u00dchendit leidub eelk\u00f5ige t\u00e4istera teraviljatoodetes, aga ka rupsis ja kuivades kaunviljade seemnetes.<\/p>\n<h4 class=\"cm__heading\"><strong>OstroVit Testo Extreme koostisainete omadused<\/strong><\/h4>\n<p><strong>Magneesium<\/strong>\u00a0aitab v\u00e4hendada v\u00e4simus- ja kurnatustunnet ning lisaks aitab s\u00e4ilitada elektrol\u00fc\u00fctide tasakaalu.\u00a0Koostisaine toetab lihaste ja n\u00e4rvis\u00fcsteemi n\u00f5uetekohast talitlust ning aitab s\u00e4ilitada terveid hambaid ja luid.<\/p>\n<p><strong>Tsink<\/strong>\u00a0aitab s\u00e4ilitada \u00f5iget happe-aluse tasakaalu ja lisaks toetab optimaalset s\u00fcsivesikute ainevahetust.\u00a0See on \u00fchend, mis aitab s\u00e4ilitada \u00f5igeid kognitiivseid funktsioone ja toetab \u00f5iget DNA s\u00fcnteesi.\u00a0Mineraal toetab ka \u00f5ige viljakuse ja reproduktiivfunktsioonide s\u00e4ilimist ning aitab hoida \u00f5iget testosterooni taset veres ning aitab kaasa ka makrotoitainete ja rasvhapete optimaalsele ainevahetusele.\u00a0Lisaks aitab see kaasa A-vitamiini \u00f5ige metabolismi s\u00e4ilitamisele. Tsink toetab ka terve naha, luude, k\u00fc\u00fcnte ja juuste s\u00e4ilimist ning toetab immuuns\u00fcsteemi n\u00f5uetekohast toimimist.\u00a0Lisaks aitab see s\u00e4ilitada korralikku n\u00e4gemist ja toetab rakkude kaitset oks\u00fcdatiivse stressi eest.<\/p>\n<p><strong>B6-vitamiin<\/strong>\u00a0, mida leidub toidulisandi koostisainete hulgas, aitab kaasa \u00f5ige energiavahetuse s\u00e4ilitamisele ja toetab n\u00e4rvis\u00fcsteemi n\u00f5uetekohast talitlust.\u00a0See on \u00fchend, mis aitab s\u00e4ilitada optimaalset valkude ja gl\u00fckogeeni ainevahetust ning mis veelgi enam, see aitab kaasa punaste vereliblede \u00f5igele tootmisele ning v\u00e4hendab v\u00e4simus- ja kurnatustunnet.<\/p>\n<h4><strong>Testosterooni t\u00f5stja sisaldus<\/strong><\/h4>\n<p><strong>Koostisosad<\/strong>: Sidrunhappe magneesiumisoolad (magneesium), lambal\u00e4\u00e4tse seemne ekstrakt (Trigonella foenum-graecum L.), mahuaine: h\u00fcdroks\u00fcprop\u00fc\u00fclmet\u00fc\u00fcltselluloos, maca juure ekstrakt (Lepidium meyenii Walp.), D-asparagiinhape (DAA), Tribulus terrestris&#8217;e ekstrakt (Tribulus) terrestris L.) standardiseeritud 90% saponiine, hariliku n\u00f5gese lehtede ekstrakt (Urtica dioica), palmetto vilja ekstrakt (Serenoa repens (W.Bartram) Small), tsinkpikolinaat (tsink), \u017een\u0161enni juure ekstrakt (Panax ginseng CA Meyer) standardiseeritud 20% ginsenosiidideni, musta pipra puuviljaekstrakt standardiseeritud 95% piperiini, p\u00fcridoksaal-5-fosfaat (vitamiin B6), paakumisvastane aine: rasvhapete magneesiumisoolad.<\/p>\n<p>Toode v\u00f5ib sisaldada piima (sh laktoosi), soja, maap\u00e4hkleid, muid p\u00e4hkleid, seesamiseemneid, gluteeni sisaldavaid teravilju, mune, v\u00e4hilaadseid, kala.<\/p>\n<p><strong>Kasutamine<\/strong>: V\u00f5tke 1 portsjon (3 kapslit) p\u00e4evas.<\/p>\n<p><strong>Suurus<\/strong>: 90 kapslit &#8211; 30 serveeringut<\/p>\n<table>\n<tbody>\n<tr>\n<th>Aktiivsed koostisosad<\/th>\n<th>Portsjoni kohta<\/th>\n<th>% SPK*<\/th>\n<\/tr>\n<tr>\n<td>Fenugree seemne ekstrakt<\/td>\n<td>370 mg<\/td>\n<td>&#8211;<\/td>\n<\/tr>\n<tr>\n<td>Maca juure ekstrakt<\/td>\n<td>300 mg<\/td>\n<td>&#8211;<\/td>\n<\/tr>\n<tr>\n<td>D-asparagiinhape<\/td>\n<td>300 mg<\/td>\n<td>&#8211;<\/td>\n<\/tr>\n<tr>\n<td>Tribulus terrestris&#8217;e ekstrakt:<\/td>\n<td>222 mg<\/td>\n<td>&#8211;<\/td>\n<\/tr>\n<tr class=\"sub\">\n<td>&#8211; sealhulgas saponiinid (90%)<\/td>\n<td>200 mg<\/td>\n<td>&#8211;<\/td>\n<\/tr>\n<tr>\n<td>Hariliku n\u00f5gese lehtede ekstrakt<\/td>\n<td>150 mg<\/td>\n<td>&#8211;<\/td>\n<\/tr>\n<tr>\n<td>Saw palmetto puuvilja ekstrakt<\/td>\n<td>120 mg<\/td>\n<td>&#8211;<\/td>\n<\/tr>\n<tr>\n<td>\u017den\u0161enni juure ekstrakt:<\/td>\n<td>70 mg<\/td>\n<td>&#8211;<\/td>\n<\/tr>\n<tr class=\"sub\">\n<td>&#8211; sealhulgas ginsenosiidid (20%)<\/td>\n<td>14 mg<\/td>\n<td>&#8211;<\/td>\n<\/tr>\n<tr>\n<td>Musta pipra puuviljaekstrakt:<\/td>\n<td>2,1 mg<\/td>\n<td>&#8211;<\/td>\n<\/tr>\n<tr class=\"sub\">\n<td>&#8211; sealhulgas piperiin (95%)<\/td>\n<td>2 mg<\/td>\n<td>&#8211;<\/td>\n<\/tr>\n<tr>\n<td>Magneesium<\/td>\n<td>57 mg<\/td>\n<td>15%<\/td>\n<\/tr>\n<tr>\n<td>Tsink<\/td>\n<td>15 mg<\/td>\n<td>150%<\/td>\n<\/tr>\n<tr>\n<td>Vitamiin B6<\/td>\n<td>3 mg<\/td>\n<td>214%<\/td>\n<\/tr>\n<\/tbody>\n<\/table>\n<p>*SPK \u2013 Soovitatud p\u00e4evane kogus<\/p>\n<p>Vaata ka meie teisi Testosterooni t\u00f5stjaid <a href=\"https:\/\/fit360.ee\/en\/product-category\/product-groups\/testosterone-boosters-en\/\"><strong>SIIT<\/strong><\/a>!<\/p>\n<p>Soovid kaupa osta suuremas koguses? Vaata antud toodet ka meie HULGI poest\u00a0<a href=\"https:\/\/toidulisandidhulgi.ee\/tooted\/testo-extreme-90caps\/\"><strong>SIIT<\/strong><\/a>!<\/p>\n","protected":false},"excerpt":{"rendered":"<ul class=\"cm__list\">\n<li>11 erineva toimeaine allikas<\/li>\n<li>1 portsjon = 3 kapslit.<\/li>\n<li>T\u00f5husus<\/li>\n<li>Mugav vorm<\/li>\n<\/ul>\n","protected":false},"featured_media":76887,"comment_status":"closed","ping_status":"closed","template":"","meta":[],"product_brand":[],"product_cat":[2712,2358,1329,532,2450,536],"product_tag":[1924,2713,4716,2714],"giftcard-category":[],"class_list":{"0":"post-76888","1":"product","2":"type-product","3":"status-publish","4":"has-post-thumbnail","6":"product_cat-daa-en","7":"product_cat-maca-en","8":"product_cat-ostrovit-en","9":"product_cat-testosterone-boosters-en","10":"product_cat-tribulus-en","11":"product_cat-vitamins-and-minerals-en","12":"product_tag-ostrovit-en","13":"product_tag-testo-booster-en","14":"product_tag-testo-extreme-en","15":"product_tag-testosterooni-tostja-en","16":"pa_kogus-90-capsules","17":"pa_toidulisand-branddd-ostrovit","18":"pa_tootegruppp-daa-en","19":"pa_tootegruppp-maca-en","20":"pa_tootegruppp-testosterone-enhancers","21":"pa_tootegruppp-tribulus-en","22":"pa_tootegruppp-vitamins-and-minerals","24":"first","25":"outofstock","26":"sale","27":"taxable","28":"shipping-taxable","29":"purchasable","30":"product-type-simple"},"yoast_head":"<!-- This site is optimized with the Yoast SEO plugin v27.3 - https:\/\/yoast.com\/product\/yoast-seo-wordpress\/ -->\n<title>Testo Extreme (90caps) - Testosterooni T\u00f5stmine - Kiire Tarne - V\u00e4ga t\u00f5hus - Fit360<\/title>\n<meta name=\"description\" content=\"OstroVit Testo Extreme on kvaliteetne toidulisand, mis sisaldab koguni 11 erinevat toimeainet. \u00dcli mugav tarbida ning alati kiire tarne!\" \/>\n<meta name=\"robots\" content=\"index, follow, max-snippet:-1, max-image-preview:large, max-video-preview:-1\" \/>\n<link rel=\"canonical\" href=\"https:\/\/fit360.ee\/en\/pood\/product-groups\/superfoods-health-foods-en\/maca-en\/testo-extreme-90caps\/\" \/>\n<meta property=\"og:locale\" content=\"en_US\" \/>\n<meta property=\"og:type\" content=\"article\" \/>\n<meta property=\"og:title\" content=\"Testo Extreme (90caps) - Testosterooni T\u00f5stmine - Kiire Tarne - V\u00e4ga t\u00f5hus - Fit360\" \/>\n<meta property=\"og:description\" content=\"OstroVit Testo Extreme on kvaliteetne toidulisand, mis sisaldab koguni 11 erinevat toimeainet. \u00dcli mugav tarbida ning alati kiire tarne!\" \/>\n<meta property=\"og:url\" content=\"https:\/\/fit360.ee\/en\/pood\/product-groups\/superfoods-health-foods-en\/maca-en\/testo-extreme-90caps\/\" \/>\n<meta property=\"og:site_name\" content=\"Fit360\" \/>\n<meta property=\"article:modified_time\" content=\"2025-10-04T06:43:33+00:00\" \/>\n<meta property=\"og:image\" content=\"https:\/\/fit360.ee\/wp-content\/uploads\/2024\/01\/testo-extreme-ostrovit-fit360.ee-1.png\" \/>\n\t<meta property=\"og:image:width\" content=\"450\" \/>\n\t<meta property=\"og:image:height\" content=\"450\" \/>\n\t<meta property=\"og:image:type\" content=\"image\/png\" \/>\n<meta name=\"twitter:card\" content=\"summary_large_image\" \/>\n<meta name=\"twitter:label1\" content=\"Est. reading time\" \/>\n\t<meta name=\"twitter:data1\" content=\"6 minutes\" \/>\n<script type=\"application\/ld+json\" class=\"yoast-schema-graph\">{\"@context\":\"https:\\\/\\\/schema.org\",\"@graph\":[{\"@type\":\"WebPage\",\"@id\":\"https:\\\/\\\/fit360.ee\\\/en\\\/pood\\\/product-groups\\\/superfoods-health-foods-en\\\/maca-en\\\/testo-extreme-90caps\\\/\",\"url\":\"https:\\\/\\\/fit360.ee\\\/en\\\/pood\\\/product-groups\\\/superfoods-health-foods-en\\\/maca-en\\\/testo-extreme-90caps\\\/\",\"name\":\"Testo Extreme (90caps) - Testosterooni T\u00f5stmine - Kiire Tarne - V\u00e4ga t\u00f5hus - Fit360\",\"isPartOf\":{\"@id\":\"https:\\\/\\\/fit360.ee\\\/en\\\/#website\"},\"primaryImageOfPage\":{\"@id\":\"https:\\\/\\\/fit360.ee\\\/en\\\/pood\\\/product-groups\\\/superfoods-health-foods-en\\\/maca-en\\\/testo-extreme-90caps\\\/#primaryimage\"},\"image\":{\"@id\":\"https:\\\/\\\/fit360.ee\\\/en\\\/pood\\\/product-groups\\\/superfoods-health-foods-en\\\/maca-en\\\/testo-extreme-90caps\\\/#primaryimage\"},\"thumbnailUrl\":\"https:\\\/\\\/fit360.ee\\\/wp-content\\\/uploads\\\/2024\\\/01\\\/testo-extreme-ostrovit-fit360.ee-1.png\",\"datePublished\":\"2024-01-22T14:23:20+00:00\",\"dateModified\":\"2025-10-04T06:43:33+00:00\",\"description\":\"OstroVit Testo Extreme on kvaliteetne toidulisand, mis sisaldab koguni 11 erinevat toimeainet. \u00dcli mugav tarbida ning alati kiire tarne!\",\"breadcrumb\":{\"@id\":\"https:\\\/\\\/fit360.ee\\\/en\\\/pood\\\/product-groups\\\/superfoods-health-foods-en\\\/maca-en\\\/testo-extreme-90caps\\\/#breadcrumb\"},\"inLanguage\":\"en-US\",\"potentialAction\":[{\"@type\":\"ReadAction\",\"target\":[\"https:\\\/\\\/fit360.ee\\\/en\\\/pood\\\/product-groups\\\/superfoods-health-foods-en\\\/maca-en\\\/testo-extreme-90caps\\\/\"]}]},{\"@type\":\"ImageObject\",\"inLanguage\":\"en-US\",\"@id\":\"https:\\\/\\\/fit360.ee\\\/en\\\/pood\\\/product-groups\\\/superfoods-health-foods-en\\\/maca-en\\\/testo-extreme-90caps\\\/#primaryimage\",\"url\":\"https:\\\/\\\/fit360.ee\\\/wp-content\\\/uploads\\\/2024\\\/01\\\/testo-extreme-ostrovit-fit360.ee-1.png\",\"contentUrl\":\"https:\\\/\\\/fit360.ee\\\/wp-content\\\/uploads\\\/2024\\\/01\\\/testo-extreme-ostrovit-fit360.ee-1.png\",\"width\":450,\"height\":450,\"caption\":\"testo extreme ostrovit - fit360.ee\"},{\"@type\":\"BreadcrumbList\",\"@id\":\"https:\\\/\\\/fit360.ee\\\/en\\\/pood\\\/product-groups\\\/superfoods-health-foods-en\\\/maca-en\\\/testo-extreme-90caps\\\/#breadcrumb\",\"itemListElement\":[{\"@type\":\"ListItem\",\"position\":1,\"name\":\"Home\",\"item\":\"https:\\\/\\\/fit360.ee\\\/en\\\/\"},{\"@type\":\"ListItem\",\"position\":2,\"name\":\"Shop\",\"item\":\"https:\\\/\\\/fit360.ee\\\/en\\\/shop\\\/\"},{\"@type\":\"ListItem\",\"position\":3,\"name\":\"Testo Extreme (90caps)\"}]},{\"@type\":\"WebSite\",\"@id\":\"https:\\\/\\\/fit360.ee\\\/en\\\/#website\",\"url\":\"https:\\\/\\\/fit360.ee\\\/en\\\/\",\"name\":\"Fit360\",\"description\":\"\",\"publisher\":{\"@id\":\"https:\\\/\\\/fit360.ee\\\/en\\\/#organization\"},\"potentialAction\":[{\"@type\":\"SearchAction\",\"target\":{\"@type\":\"EntryPoint\",\"urlTemplate\":\"https:\\\/\\\/fit360.ee\\\/en\\\/?s={search_term_string}\"},\"query-input\":{\"@type\":\"PropertyValueSpecification\",\"valueRequired\":true,\"valueName\":\"search_term_string\"}}],\"inLanguage\":\"en-US\"},{\"@type\":\"Organization\",\"@id\":\"https:\\\/\\\/fit360.ee\\\/en\\\/#organization\",\"name\":\"Fit360\",\"url\":\"https:\\\/\\\/fit360.ee\\\/en\\\/\",\"logo\":{\"@type\":\"ImageObject\",\"inLanguage\":\"en-US\",\"@id\":\"https:\\\/\\\/fit360.ee\\\/en\\\/#\\\/schema\\\/logo\\\/image\\\/\",\"url\":\"https:\\\/\\\/fit360.ee\\\/wp-content\\\/uploads\\\/2017\\\/01\\\/logo-fit360.png\",\"contentUrl\":\"https:\\\/\\\/fit360.ee\\\/wp-content\\\/uploads\\\/2017\\\/01\\\/logo-fit360.png\",\"width\":180,\"height\":66,\"caption\":\"Fit360\"},\"image\":{\"@id\":\"https:\\\/\\\/fit360.ee\\\/en\\\/#\\\/schema\\\/logo\\\/image\\\/\"}}]}<\/script>\n<!-- \/ Yoast SEO plugin. -->","yoast_head_json":{"title":"Testo Extreme (90caps) - Testosterooni T\u00f5stmine - Kiire Tarne - V\u00e4ga t\u00f5hus - Fit360","description":"OstroVit Testo Extreme on kvaliteetne toidulisand, mis sisaldab koguni 11 erinevat toimeainet. \u00dcli mugav tarbida ning alati kiire tarne!","robots":{"index":"index","follow":"follow","max-snippet":"max-snippet:-1","max-image-preview":"max-image-preview:large","max-video-preview":"max-video-preview:-1"},"canonical":"https:\/\/fit360.ee\/en\/pood\/product-groups\/superfoods-health-foods-en\/maca-en\/testo-extreme-90caps\/","og_locale":"en_US","og_type":"article","og_title":"Testo Extreme (90caps) - Testosterooni T\u00f5stmine - Kiire Tarne - V\u00e4ga t\u00f5hus - Fit360","og_description":"OstroVit Testo Extreme on kvaliteetne toidulisand, mis sisaldab koguni 11 erinevat toimeainet. \u00dcli mugav tarbida ning alati kiire tarne!","og_url":"https:\/\/fit360.ee\/en\/pood\/product-groups\/superfoods-health-foods-en\/maca-en\/testo-extreme-90caps\/","og_site_name":"Fit360","article_modified_time":"2025-10-04T06:43:33+00:00","og_image":[{"width":450,"height":450,"url":"https:\/\/fit360.ee\/wp-content\/uploads\/2024\/01\/testo-extreme-ostrovit-fit360.ee-1.png","type":"image\/png"}],"twitter_card":"summary_large_image","twitter_misc":{"Est. reading time":"6 minutes"},"schema":{"@context":"https:\/\/schema.org","@graph":[{"@type":"WebPage","@id":"https:\/\/fit360.ee\/en\/pood\/product-groups\/superfoods-health-foods-en\/maca-en\/testo-extreme-90caps\/","url":"https:\/\/fit360.ee\/en\/pood\/product-groups\/superfoods-health-foods-en\/maca-en\/testo-extreme-90caps\/","name":"Testo Extreme (90caps) - Testosterooni T\u00f5stmine - Kiire Tarne - V\u00e4ga t\u00f5hus - Fit360","isPartOf":{"@id":"https:\/\/fit360.ee\/en\/#website"},"primaryImageOfPage":{"@id":"https:\/\/fit360.ee\/en\/pood\/product-groups\/superfoods-health-foods-en\/maca-en\/testo-extreme-90caps\/#primaryimage"},"image":{"@id":"https:\/\/fit360.ee\/en\/pood\/product-groups\/superfoods-health-foods-en\/maca-en\/testo-extreme-90caps\/#primaryimage"},"thumbnailUrl":"https:\/\/fit360.ee\/wp-content\/uploads\/2024\/01\/testo-extreme-ostrovit-fit360.ee-1.png","datePublished":"2024-01-22T14:23:20+00:00","dateModified":"2025-10-04T06:43:33+00:00","description":"OstroVit Testo Extreme on kvaliteetne toidulisand, mis sisaldab koguni 11 erinevat toimeainet. \u00dcli mugav tarbida ning alati kiire tarne!","breadcrumb":{"@id":"https:\/\/fit360.ee\/en\/pood\/product-groups\/superfoods-health-foods-en\/maca-en\/testo-extreme-90caps\/#breadcrumb"},"inLanguage":"en-US","potentialAction":[{"@type":"ReadAction","target":["https:\/\/fit360.ee\/en\/pood\/product-groups\/superfoods-health-foods-en\/maca-en\/testo-extreme-90caps\/"]}]},{"@type":"ImageObject","inLanguage":"en-US","@id":"https:\/\/fit360.ee\/en\/pood\/product-groups\/superfoods-health-foods-en\/maca-en\/testo-extreme-90caps\/#primaryimage","url":"https:\/\/fit360.ee\/wp-content\/uploads\/2024\/01\/testo-extreme-ostrovit-fit360.ee-1.png","contentUrl":"https:\/\/fit360.ee\/wp-content\/uploads\/2024\/01\/testo-extreme-ostrovit-fit360.ee-1.png","width":450,"height":450,"caption":"testo extreme ostrovit - fit360.ee"},{"@type":"BreadcrumbList","@id":"https:\/\/fit360.ee\/en\/pood\/product-groups\/superfoods-health-foods-en\/maca-en\/testo-extreme-90caps\/#breadcrumb","itemListElement":[{"@type":"ListItem","position":1,"name":"Home","item":"https:\/\/fit360.ee\/en\/"},{"@type":"ListItem","position":2,"name":"Shop","item":"https:\/\/fit360.ee\/en\/shop\/"},{"@type":"ListItem","position":3,"name":"Testo Extreme (90caps)"}]},{"@type":"WebSite","@id":"https:\/\/fit360.ee\/en\/#website","url":"https:\/\/fit360.ee\/en\/","name":"Fit360","description":"","publisher":{"@id":"https:\/\/fit360.ee\/en\/#organization"},"potentialAction":[{"@type":"SearchAction","target":{"@type":"EntryPoint","urlTemplate":"https:\/\/fit360.ee\/en\/?s={search_term_string}"},"query-input":{"@type":"PropertyValueSpecification","valueRequired":true,"valueName":"search_term_string"}}],"inLanguage":"en-US"},{"@type":"Organization","@id":"https:\/\/fit360.ee\/en\/#organization","name":"Fit360","url":"https:\/\/fit360.ee\/en\/","logo":{"@type":"ImageObject","inLanguage":"en-US","@id":"https:\/\/fit360.ee\/en\/#\/schema\/logo\/image\/","url":"https:\/\/fit360.ee\/wp-content\/uploads\/2017\/01\/logo-fit360.png","contentUrl":"https:\/\/fit360.ee\/wp-content\/uploads\/2017\/01\/logo-fit360.png","width":180,"height":66,"caption":"Fit360"},"image":{"@id":"https:\/\/fit360.ee\/en\/#\/schema\/logo\/image\/"}}]}},"_links":{"self":[{"href":"https:\/\/fit360.ee\/en\/wp-json\/wp\/v2\/product\/76888","targetHints":{"allow":["GET"]}}],"collection":[{"href":"https:\/\/fit360.ee\/en\/wp-json\/wp\/v2\/product"}],"about":[{"href":"https:\/\/fit360.ee\/en\/wp-json\/wp\/v2\/types\/product"}],"replies":[{"embeddable":true,"href":"https:\/\/fit360.ee\/en\/wp-json\/wp\/v2\/comments?post=76888"}],"wp:featuredmedia":[{"embeddable":true,"href":"https:\/\/fit360.ee\/en\/wp-json\/wp\/v2\/media\/76887"}],"wp:attachment":[{"href":"https:\/\/fit360.ee\/en\/wp-json\/wp\/v2\/media?parent=76888"}],"wp:term":[{"taxonomy":"product_brand","embeddable":true,"href":"https:\/\/fit360.ee\/en\/wp-json\/wp\/v2\/product_brand?post=76888"},{"taxonomy":"product_cat","embeddable":true,"href":"https:\/\/fit360.ee\/en\/wp-json\/wp\/v2\/product_cat?post=76888"},{"taxonomy":"product_tag","embeddable":true,"href":"https:\/\/fit360.ee\/en\/wp-json\/wp\/v2\/product_tag?post=76888"},{"taxonomy":"giftcard-category","embeddable":true,"href":"https:\/\/fit360.ee\/en\/wp-json\/wp\/v2\/giftcard-category?post=76888"}],"curies":[{"name":"wp","href":"https:\/\/api.w.org\/{rel}","templated":true}]}}