{"id":76892,"date":"2024-01-22T17:28:27","date_gmt":"2024-01-22T15:28:27","guid":{"rendered":"https:\/\/fit360.ee\/pood\/uncategorized\/iconfit-vitamiin-b12-90-vcaps\/"},"modified":"2026-04-14T17:42:13","modified_gmt":"2026-04-14T15:42:13","slug":"iconfit-vitamiin-b12-90-vcaps","status":"publish","type":"product","link":"https:\/\/fit360.ee\/en\/pood\/product-groups\/%d0%b2%d0%b5%d0%b3%d0%b0%d0%bd\/vegan-capsules-en\/iconfit-vitamiin-b12-90-vcaps\/","title":{"rendered":"ICONFIT Vitamiin B12 (90 vCaps)"},"content":{"rendered":"<h2><strong>ICONFIT Vitamiin B12<\/strong><\/h2>\n<p><b>ICONFIT Vitamiin B12<\/b>\u00a0&#8211; Toetab ainevahetust ja v\u00f5itleb v\u00e4simusega. See toidulisand on spetsiaalselt v\u00e4lja t\u00f6\u00f6tatud, et toetada sinu vajadusi.<\/p>\n<ul>\n<li><strong>Energiseerib Ainevahetust:<\/strong>\u00a0Vitamiin B12 aitab kaasa normaalsele energiat andvale ainevahetusele, aidates kehal toitu efektiivselt energiaks muuta.<\/li>\n<li><strong>N\u00e4rvis\u00fcsteemi Tugi:<\/strong>\u00a0N\u00e4rvis\u00fcsteemi normaalseks toimimiseks h\u00e4davajalik, vitamiin B12 m\u00e4ngib olulist rolli n\u00e4rvis\u00fcsteemi tervise s\u00e4ilitamisel.<\/li>\n<li><strong>Homots\u00fcsteiini Ainevahetus:<\/strong>\u00a0Homots\u00fcsteiini normaalse ainevahetuse toetamisega aitab vitamiin B12 s\u00e4ilitada s\u00fcdame tervist.<br \/>\n<strong>Ps\u00fchholoogiline Funktsioon:<\/strong>\u00a0Toetab normaalset ps\u00fchholoogilist funktsiooni, aidates kaasa \u00fcldisele vaimsele heaolule.<\/li>\n<li><strong>\u00dcks purk kestab 90 p\u00e4eva. Ainult \u00fcks kapsel p\u00e4evas!<\/strong><\/li>\n<\/ul>\n<h4><strong>Miks Vitamiin B12?<\/strong><\/h4>\n<p>Kaasaegsed eluviisid ja dieedipiirangud v\u00f5ivad kaasa tuua terve rea terviseprobleeme, nagu\u00a0<strong>p\u00fcsiv v\u00e4simus ja n\u00f5rgenenud immuunsus<\/strong>, mida sageli s\u00fcvendab\u00a0<strong>vitamiin B12 puudus<\/strong>, eriti levinud taimetoitlaste ja veganite seas.<br \/>\n<b><br \/>\nB12 &#8211; Met\u00fc\u00fclkobalamiin<\/b>\u00a0paistab silma olles bioloogiliselt aktiivne B12 vitamiini vorm. See konkreetne B12 vitamiini variant on eristatav oma kohe k\u00e4ttesaadavuse poolest kehale, v\u00f5imaldades t\u00f5husat kasutamist ja imendumist.\u00a0See aspekt on eriti oluline inimestele, kellel on toitumispiirangud v\u00f5i konkreetsete terviseseisundite t\u00f5ttu, mis v\u00f5ivad takistada teiste B vitamiini vormide imendumist.<br \/>\n<b><br \/>\nVitamiin B12<\/b>\u00a0paistab silma oma suurep\u00e4raste\u00a0<b>biok\u00e4ttesaadavuse ja imendumisomadustega<\/b>, tagades, et teie keha saaks selle h\u00e4davajaliku toitaine t\u00e4ielikud eelised.<\/p>\n<p>Tutvustame\u00a0<strong>ICONFIT Vitamiin B12<\/strong>, sinu lahendus nendele t\u00e4nap\u00e4eva terviseh\u00e4dadele. See toidulisand\u00a0<strong>t\u00f5stab energia ainevahetust, parandades eluj\u00f5udu ja toetab kognitiivseid funktsioone, parandades keskendumisv\u00f5imet ja vaimset selgust<\/strong>. See toetab\u00a0<strong>s\u00fcdame tervist, hoides homots\u00fcsteiini taset optimaalsena<\/strong>\u00a0ja aitab\u00a0<strong>ps\u00fchholoogilist heaolu, aidates igap\u00e4evasest stressist \u00fcle saada.<\/strong><\/p>\n<p>Lisaks on see\u00a0<strong>h\u00e4davajalik punaste vereliblede moodustumiseks, v\u00f5ideldes aneemiaga ja tagades efektiivse hapniku transpordi parema f\u00fc\u00fcsilise soorituse jaoks.<\/strong>\u00a0Selle immuunsust tugevdav toime kaitseb sinu keha, samal ajal kui selle roll rakujagunemises toetab kudede parandamist ja \u00fcldist tervist.<br \/>\nIgap\u00e4evaseks energialaenguks, immuunsuseks ja vaimseks teravuseks on\u00a0<strong>ICONFIT Vitamiin B12<\/strong>\u00a0nutikas valik, et hoida oma tervist kaasaegse elu kiirustades.<\/p>\n<p><strong>Koostisosad:<\/strong>\u00a0riisijahu, taimne kapsel (glaseeraine pullulaan), vitamiin B12 (met\u00fc\u00fclkobalamiin).<\/p>\n<table width=\"100%\">\n<thead>\n<tr>\n<th align=\"left\"><strong>P\u00c4EVANE ANNUS:<\/strong><\/th>\n<th align=\"left\">1 Kapsel<\/th>\n<th align=\"left\">%NRV*<\/th>\n<\/tr>\n<\/thead>\n<tbody>\n<tr>\n<td align=\"left\">Vitamiin B12<\/td>\n<td align=\"left\">1000 \u03bcg<\/td>\n<td align=\"left\">40 000%<\/td>\n<\/tr>\n<\/tbody>\n<\/table>\n<p>*protsent t\u00e4iskasvanu p\u00e4evasest soovituslikust kogusest<\/p>\n<p><strong>Kasutamine: <\/strong>T\u00e4iskasvanutel tarbida 1 kapsel p\u00e4evas koos klaasi veega. Kasutada kuni 3 kuud, vajadusel korrata kuuri.<\/p>\n<p><strong>Suurus<\/strong>: 90 <a href=\"https:\/\/fit360.ee\/en\/product-category\/product-groups\/%d0%b2%d0%b5%d0%b3%d0%b0%d0%bd\/vegan-capsules-en\/\"><strong>Vegan kapslit &#8211; vCaps<\/strong><\/a>\u00a0 &#8211; 90 serveeringut.<\/p>\n<p>Vaata ka meie teisi Vitamiine\/mineraale <a href=\"https:\/\/fit360.ee\/en\/product-category\/product-groups\/vitamins-and-minerals-en\/\"><strong>SIIT<\/strong><\/a> v\u00f5i B-grupi Vitamiine <a href=\"https:\/\/fit360.ee\/en\/product-category\/product-groups\/vitamins-and-minerals-en\/b-vitamin-en\/\"><strong>SIIT<\/strong><\/a>!<\/p>\n<p>Soovid kaupa osta suuremas koguses? Vaata antud toodet ka meie HULGI poest\u00a0<a href=\"https:\/\/toidulisandidhulgi.ee\/tooted\/iconfit-vitamiin-b12-90-vcaps\/\"><strong>SIIT<\/strong><\/a>!<\/p>\n","protected":false},"excerpt":{"rendered":"<ul>\n<li>Energiseerib Ainevahetust<\/li>\n<li>N\u00e4rvis\u00fcsteemi Tugi<\/li>\n<li>Homots\u00fcsteiini Ainevahetus<\/li>\n<li>Ps\u00fchholoogiline Funktsioon<\/li>\n<\/ul>\n","protected":false},"featured_media":76891,"comment_status":"closed","ping_status":"closed","template":"","meta":[],"product_brand":[],"product_cat":[2251,1318,2664,536,1201],"product_tag":[3889,1681,4712],"giftcard-category":[],"class_list":{"0":"post-76892","1":"product","2":"type-product","3":"status-publish","4":"has-post-thumbnail","6":"product_cat-b-vitamin-en","7":"product_cat-iconfit-en","8":"product_cat-vegan-capsules-en","9":"product_cat-vitamins-and-minerals-en","10":"product_cat-1201","11":"product_tag-b12-vitamiin-en","12":"product_tag-iconfit-en","13":"product_tag-iconfit-vitamiin-b12-en","14":"pa_kogus-90-vcaps-en","15":"pa_toidulisand-branddd-iconfit","16":"pa_tootegruppp-b-vitamiin-en","17":"pa_tootegruppp-vcaps-vegan-kapslid-en","18":"pa_tootegruppp-vegan-en","19":"pa_tootegruppp-vitamins-and-minerals","21":"first","22":"instock","23":"sale","24":"taxable","25":"shipping-taxable","26":"purchasable","27":"product-type-simple"},"yoast_head":"<!-- This site is optimized with the Yoast SEO plugin v27.3 - https:\/\/yoast.com\/product\/yoast-seo-wordpress\/ -->\n<title>ICONFIT Vitamiin B12 (90 vCaps) - Vajalik Vitamiin Veganitele - Fit360<\/title>\n<meta name=\"description\" content=\"Iconfit Vitamiin B12 aitab kaasa normaalsele energiat andvale ainevahetusele, aidates kehal toitu efektiivselt energiaks muuta. Samuti v\u00f5itleb v\u00e4simusega...\" \/>\n<meta name=\"robots\" content=\"index, follow, max-snippet:-1, max-image-preview:large, max-video-preview:-1\" \/>\n<link rel=\"canonical\" href=\"https:\/\/fit360.ee\/en\/pood\/product-groups\/\u0432\u0435\u0433\u0430\u043d\/vegan-capsules-en\/iconfit-vitamiin-b12-90-vcaps\/\" \/>\n<meta property=\"og:locale\" content=\"en_US\" \/>\n<meta property=\"og:type\" content=\"article\" \/>\n<meta property=\"og:title\" content=\"ICONFIT Vitamiin B12 (90 vCaps) - Vajalik Vitamiin Veganitele - Fit360\" \/>\n<meta property=\"og:description\" content=\"Iconfit Vitamiin B12 aitab kaasa normaalsele energiat andvale ainevahetusele, aidates kehal toitu efektiivselt energiaks muuta. Samuti v\u00f5itleb v\u00e4simusega...\" \/>\n<meta property=\"og:url\" content=\"https:\/\/fit360.ee\/en\/pood\/product-groups\/\u0432\u0435\u0433\u0430\u043d\/vegan-capsules-en\/iconfit-vitamiin-b12-90-vcaps\/\" \/>\n<meta property=\"og:site_name\" content=\"Fit360\" \/>\n<meta property=\"article:modified_time\" content=\"2026-04-14T15:42:13+00:00\" \/>\n<meta property=\"og:image\" content=\"https:\/\/fit360.ee\/wp-content\/uploads\/2024\/01\/iconfit-vitamiin-b12-fit360.ee_.jpg\" \/>\n\t<meta property=\"og:image:width\" content=\"695\" \/>\n\t<meta property=\"og:image:height\" content=\"695\" \/>\n\t<meta property=\"og:image:type\" content=\"image\/jpeg\" \/>\n<meta name=\"twitter:card\" content=\"summary_large_image\" \/>\n<meta name=\"twitter:label1\" content=\"Est. reading time\" \/>\n\t<meta name=\"twitter:data1\" content=\"3 minutes\" \/>\n<script type=\"application\/ld+json\" class=\"yoast-schema-graph\">{\"@context\":\"https:\\\/\\\/schema.org\",\"@graph\":[{\"@type\":\"WebPage\",\"@id\":\"https:\\\/\\\/fit360.ee\\\/en\\\/pood\\\/product-groups\\\/%d0%b2%d0%b5%d0%b3%d0%b0%d0%bd\\\/vegan-capsules-en\\\/iconfit-vitamiin-b12-90-vcaps\\\/\",\"url\":\"https:\\\/\\\/fit360.ee\\\/en\\\/pood\\\/product-groups\\\/%d0%b2%d0%b5%d0%b3%d0%b0%d0%bd\\\/vegan-capsules-en\\\/iconfit-vitamiin-b12-90-vcaps\\\/\",\"name\":\"ICONFIT Vitamiin B12 (90 vCaps) - Vajalik Vitamiin Veganitele - Fit360\",\"isPartOf\":{\"@id\":\"https:\\\/\\\/fit360.ee\\\/en\\\/#website\"},\"primaryImageOfPage\":{\"@id\":\"https:\\\/\\\/fit360.ee\\\/en\\\/pood\\\/product-groups\\\/%d0%b2%d0%b5%d0%b3%d0%b0%d0%bd\\\/vegan-capsules-en\\\/iconfit-vitamiin-b12-90-vcaps\\\/#primaryimage\"},\"image\":{\"@id\":\"https:\\\/\\\/fit360.ee\\\/en\\\/pood\\\/product-groups\\\/%d0%b2%d0%b5%d0%b3%d0%b0%d0%bd\\\/vegan-capsules-en\\\/iconfit-vitamiin-b12-90-vcaps\\\/#primaryimage\"},\"thumbnailUrl\":\"https:\\\/\\\/fit360.ee\\\/wp-content\\\/uploads\\\/2024\\\/01\\\/iconfit-vitamiin-b12-fit360.ee_.jpg\",\"datePublished\":\"2024-01-22T15:28:27+00:00\",\"dateModified\":\"2026-04-14T15:42:13+00:00\",\"description\":\"Iconfit Vitamiin B12 aitab kaasa normaalsele energiat andvale ainevahetusele, aidates kehal toitu efektiivselt energiaks muuta. Samuti v\u00f5itleb v\u00e4simusega...\",\"breadcrumb\":{\"@id\":\"https:\\\/\\\/fit360.ee\\\/en\\\/pood\\\/product-groups\\\/%d0%b2%d0%b5%d0%b3%d0%b0%d0%bd\\\/vegan-capsules-en\\\/iconfit-vitamiin-b12-90-vcaps\\\/#breadcrumb\"},\"inLanguage\":\"en-US\",\"potentialAction\":[{\"@type\":\"ReadAction\",\"target\":[\"https:\\\/\\\/fit360.ee\\\/en\\\/pood\\\/product-groups\\\/%d0%b2%d0%b5%d0%b3%d0%b0%d0%bd\\\/vegan-capsules-en\\\/iconfit-vitamiin-b12-90-vcaps\\\/\"]}]},{\"@type\":\"ImageObject\",\"inLanguage\":\"en-US\",\"@id\":\"https:\\\/\\\/fit360.ee\\\/en\\\/pood\\\/product-groups\\\/%d0%b2%d0%b5%d0%b3%d0%b0%d0%bd\\\/vegan-capsules-en\\\/iconfit-vitamiin-b12-90-vcaps\\\/#primaryimage\",\"url\":\"https:\\\/\\\/fit360.ee\\\/wp-content\\\/uploads\\\/2024\\\/01\\\/iconfit-vitamiin-b12-fit360.ee_.jpg\",\"contentUrl\":\"https:\\\/\\\/fit360.ee\\\/wp-content\\\/uploads\\\/2024\\\/01\\\/iconfit-vitamiin-b12-fit360.ee_.jpg\",\"width\":695,\"height\":695,\"caption\":\"iconfit vitamiin b12 - fit360.ee\"},{\"@type\":\"BreadcrumbList\",\"@id\":\"https:\\\/\\\/fit360.ee\\\/en\\\/pood\\\/product-groups\\\/%d0%b2%d0%b5%d0%b3%d0%b0%d0%bd\\\/vegan-capsules-en\\\/iconfit-vitamiin-b12-90-vcaps\\\/#breadcrumb\",\"itemListElement\":[{\"@type\":\"ListItem\",\"position\":1,\"name\":\"Home\",\"item\":\"https:\\\/\\\/fit360.ee\\\/en\\\/\"},{\"@type\":\"ListItem\",\"position\":2,\"name\":\"Shop\",\"item\":\"https:\\\/\\\/fit360.ee\\\/en\\\/shop\\\/\"},{\"@type\":\"ListItem\",\"position\":3,\"name\":\"ICONFIT Vitamiin B12 (90 vCaps)\"}]},{\"@type\":\"WebSite\",\"@id\":\"https:\\\/\\\/fit360.ee\\\/en\\\/#website\",\"url\":\"https:\\\/\\\/fit360.ee\\\/en\\\/\",\"name\":\"Fit360\",\"description\":\"\",\"publisher\":{\"@id\":\"https:\\\/\\\/fit360.ee\\\/en\\\/#organization\"},\"potentialAction\":[{\"@type\":\"SearchAction\",\"target\":{\"@type\":\"EntryPoint\",\"urlTemplate\":\"https:\\\/\\\/fit360.ee\\\/en\\\/?s={search_term_string}\"},\"query-input\":{\"@type\":\"PropertyValueSpecification\",\"valueRequired\":true,\"valueName\":\"search_term_string\"}}],\"inLanguage\":\"en-US\"},{\"@type\":\"Organization\",\"@id\":\"https:\\\/\\\/fit360.ee\\\/en\\\/#organization\",\"name\":\"Fit360\",\"url\":\"https:\\\/\\\/fit360.ee\\\/en\\\/\",\"logo\":{\"@type\":\"ImageObject\",\"inLanguage\":\"en-US\",\"@id\":\"https:\\\/\\\/fit360.ee\\\/en\\\/#\\\/schema\\\/logo\\\/image\\\/\",\"url\":\"https:\\\/\\\/fit360.ee\\\/wp-content\\\/uploads\\\/2017\\\/01\\\/logo-fit360.png\",\"contentUrl\":\"https:\\\/\\\/fit360.ee\\\/wp-content\\\/uploads\\\/2017\\\/01\\\/logo-fit360.png\",\"width\":180,\"height\":66,\"caption\":\"Fit360\"},\"image\":{\"@id\":\"https:\\\/\\\/fit360.ee\\\/en\\\/#\\\/schema\\\/logo\\\/image\\\/\"}}]}<\/script>\n<!-- \/ Yoast SEO plugin. -->","yoast_head_json":{"title":"ICONFIT Vitamiin B12 (90 vCaps) - Vajalik Vitamiin Veganitele - Fit360","description":"Iconfit Vitamiin B12 aitab kaasa normaalsele energiat andvale ainevahetusele, aidates kehal toitu efektiivselt energiaks muuta. Samuti v\u00f5itleb v\u00e4simusega...","robots":{"index":"index","follow":"follow","max-snippet":"max-snippet:-1","max-image-preview":"max-image-preview:large","max-video-preview":"max-video-preview:-1"},"canonical":"https:\/\/fit360.ee\/en\/pood\/product-groups\/\u0432\u0435\u0433\u0430\u043d\/vegan-capsules-en\/iconfit-vitamiin-b12-90-vcaps\/","og_locale":"en_US","og_type":"article","og_title":"ICONFIT Vitamiin B12 (90 vCaps) - Vajalik Vitamiin Veganitele - Fit360","og_description":"Iconfit Vitamiin B12 aitab kaasa normaalsele energiat andvale ainevahetusele, aidates kehal toitu efektiivselt energiaks muuta. Samuti v\u00f5itleb v\u00e4simusega...","og_url":"https:\/\/fit360.ee\/en\/pood\/product-groups\/\u0432\u0435\u0433\u0430\u043d\/vegan-capsules-en\/iconfit-vitamiin-b12-90-vcaps\/","og_site_name":"Fit360","article_modified_time":"2026-04-14T15:42:13+00:00","og_image":[{"width":695,"height":695,"url":"https:\/\/fit360.ee\/wp-content\/uploads\/2024\/01\/iconfit-vitamiin-b12-fit360.ee_.jpg","type":"image\/jpeg"}],"twitter_card":"summary_large_image","twitter_misc":{"Est. reading time":"3 minutes"},"schema":{"@context":"https:\/\/schema.org","@graph":[{"@type":"WebPage","@id":"https:\/\/fit360.ee\/en\/pood\/product-groups\/%d0%b2%d0%b5%d0%b3%d0%b0%d0%bd\/vegan-capsules-en\/iconfit-vitamiin-b12-90-vcaps\/","url":"https:\/\/fit360.ee\/en\/pood\/product-groups\/%d0%b2%d0%b5%d0%b3%d0%b0%d0%bd\/vegan-capsules-en\/iconfit-vitamiin-b12-90-vcaps\/","name":"ICONFIT Vitamiin B12 (90 vCaps) - Vajalik Vitamiin Veganitele - Fit360","isPartOf":{"@id":"https:\/\/fit360.ee\/en\/#website"},"primaryImageOfPage":{"@id":"https:\/\/fit360.ee\/en\/pood\/product-groups\/%d0%b2%d0%b5%d0%b3%d0%b0%d0%bd\/vegan-capsules-en\/iconfit-vitamiin-b12-90-vcaps\/#primaryimage"},"image":{"@id":"https:\/\/fit360.ee\/en\/pood\/product-groups\/%d0%b2%d0%b5%d0%b3%d0%b0%d0%bd\/vegan-capsules-en\/iconfit-vitamiin-b12-90-vcaps\/#primaryimage"},"thumbnailUrl":"https:\/\/fit360.ee\/wp-content\/uploads\/2024\/01\/iconfit-vitamiin-b12-fit360.ee_.jpg","datePublished":"2024-01-22T15:28:27+00:00","dateModified":"2026-04-14T15:42:13+00:00","description":"Iconfit Vitamiin B12 aitab kaasa normaalsele energiat andvale ainevahetusele, aidates kehal toitu efektiivselt energiaks muuta. Samuti v\u00f5itleb v\u00e4simusega...","breadcrumb":{"@id":"https:\/\/fit360.ee\/en\/pood\/product-groups\/%d0%b2%d0%b5%d0%b3%d0%b0%d0%bd\/vegan-capsules-en\/iconfit-vitamiin-b12-90-vcaps\/#breadcrumb"},"inLanguage":"en-US","potentialAction":[{"@type":"ReadAction","target":["https:\/\/fit360.ee\/en\/pood\/product-groups\/%d0%b2%d0%b5%d0%b3%d0%b0%d0%bd\/vegan-capsules-en\/iconfit-vitamiin-b12-90-vcaps\/"]}]},{"@type":"ImageObject","inLanguage":"en-US","@id":"https:\/\/fit360.ee\/en\/pood\/product-groups\/%d0%b2%d0%b5%d0%b3%d0%b0%d0%bd\/vegan-capsules-en\/iconfit-vitamiin-b12-90-vcaps\/#primaryimage","url":"https:\/\/fit360.ee\/wp-content\/uploads\/2024\/01\/iconfit-vitamiin-b12-fit360.ee_.jpg","contentUrl":"https:\/\/fit360.ee\/wp-content\/uploads\/2024\/01\/iconfit-vitamiin-b12-fit360.ee_.jpg","width":695,"height":695,"caption":"iconfit vitamiin b12 - fit360.ee"},{"@type":"BreadcrumbList","@id":"https:\/\/fit360.ee\/en\/pood\/product-groups\/%d0%b2%d0%b5%d0%b3%d0%b0%d0%bd\/vegan-capsules-en\/iconfit-vitamiin-b12-90-vcaps\/#breadcrumb","itemListElement":[{"@type":"ListItem","position":1,"name":"Home","item":"https:\/\/fit360.ee\/en\/"},{"@type":"ListItem","position":2,"name":"Shop","item":"https:\/\/fit360.ee\/en\/shop\/"},{"@type":"ListItem","position":3,"name":"ICONFIT Vitamiin B12 (90 vCaps)"}]},{"@type":"WebSite","@id":"https:\/\/fit360.ee\/en\/#website","url":"https:\/\/fit360.ee\/en\/","name":"Fit360","description":"","publisher":{"@id":"https:\/\/fit360.ee\/en\/#organization"},"potentialAction":[{"@type":"SearchAction","target":{"@type":"EntryPoint","urlTemplate":"https:\/\/fit360.ee\/en\/?s={search_term_string}"},"query-input":{"@type":"PropertyValueSpecification","valueRequired":true,"valueName":"search_term_string"}}],"inLanguage":"en-US"},{"@type":"Organization","@id":"https:\/\/fit360.ee\/en\/#organization","name":"Fit360","url":"https:\/\/fit360.ee\/en\/","logo":{"@type":"ImageObject","inLanguage":"en-US","@id":"https:\/\/fit360.ee\/en\/#\/schema\/logo\/image\/","url":"https:\/\/fit360.ee\/wp-content\/uploads\/2017\/01\/logo-fit360.png","contentUrl":"https:\/\/fit360.ee\/wp-content\/uploads\/2017\/01\/logo-fit360.png","width":180,"height":66,"caption":"Fit360"},"image":{"@id":"https:\/\/fit360.ee\/en\/#\/schema\/logo\/image\/"}}]}},"_links":{"self":[{"href":"https:\/\/fit360.ee\/en\/wp-json\/wp\/v2\/product\/76892","targetHints":{"allow":["GET"]}}],"collection":[{"href":"https:\/\/fit360.ee\/en\/wp-json\/wp\/v2\/product"}],"about":[{"href":"https:\/\/fit360.ee\/en\/wp-json\/wp\/v2\/types\/product"}],"replies":[{"embeddable":true,"href":"https:\/\/fit360.ee\/en\/wp-json\/wp\/v2\/comments?post=76892"}],"wp:featuredmedia":[{"embeddable":true,"href":"https:\/\/fit360.ee\/en\/wp-json\/wp\/v2\/media\/76891"}],"wp:attachment":[{"href":"https:\/\/fit360.ee\/en\/wp-json\/wp\/v2\/media?parent=76892"}],"wp:term":[{"taxonomy":"product_brand","embeddable":true,"href":"https:\/\/fit360.ee\/en\/wp-json\/wp\/v2\/product_brand?post=76892"},{"taxonomy":"product_cat","embeddable":true,"href":"https:\/\/fit360.ee\/en\/wp-json\/wp\/v2\/product_cat?post=76892"},{"taxonomy":"product_tag","embeddable":true,"href":"https:\/\/fit360.ee\/en\/wp-json\/wp\/v2\/product_tag?post=76892"},{"taxonomy":"giftcard-category","embeddable":true,"href":"https:\/\/fit360.ee\/en\/wp-json\/wp\/v2\/giftcard-category?post=76892"}],"curies":[{"name":"wp","href":"https:\/\/api.w.org\/{rel}","templated":true}]}}