{"id":77107,"date":"2024-01-31T11:51:14","date_gmt":"2024-01-31T09:51:14","guid":{"rendered":"https:\/\/fit360.ee\/pood\/uncategorized\/ostrovit-vitamin-b-complex-90tabs\/"},"modified":"2025-08-13T07:37:07","modified_gmt":"2025-08-13T05:37:07","slug":"ostrovit-vitamin-b-complex-90tabs","status":"publish","type":"product","link":"https:\/\/fit360.ee\/en\/pood\/product-groups\/vitamins-and-minerals-en\/c-vitamin-en\/ostrovit-vitamin-b-complex-90tabs\/","title":{"rendered":"OstroVit Vitamin B Complex (90tabs)"},"content":{"rendered":"<h2><strong>Ostrovit Vitamin B Complex<\/strong><\/h2>\n<p>OstroVit Vitamin B Complex on kvaliteetne toidulisand, mis on <a href=\"https:\/\/fit360.ee\/en\/product-category\/product-groups\/vitamins-and-minerals-en\/b-vitamin-en\/\"><strong>B-vitamiinide<\/strong><\/a> allikas.\u00a0Preparaati rikastati ka C- ja E-vitamiiniga. See on kergesti neelatavate tablettidena saadaval olev toode, mis on loodud inimestele, kes hoolivad igak\u00fclgsest keha toetamisest.<\/p>\n<section class=\"cm__section\">\n<ul class=\"cm__list\">\n<li><strong>Kontsentreeritud B-vitamiinide allikas<\/strong>\u00a0\u2013 preparaat varustab organismi 1,1 mg tiamiini, 1,4 mg riboflaviini, 16 mg niatsiini, 6 mg pantoteenhappe, 1,4 mg B6-vitamiini, 50 \u00b5g biotiiniga. , samuti 200 \u03bcg foolhapet ja 2,5 \u03bcg vitamiini B12.<\/li>\n<li><strong>Rikastatud C- ja E-vitamiiniga<\/strong>\u00a0&#8211; toidulisand sisaldab 80 mg L-askorbiinhapet ja 12 mg E-vitamiini.<\/li>\n<li><strong>1 portsjon = 1 tablett<\/strong>\u00a0.<\/li>\n<li><strong>Toimivus<\/strong>\u00a0\u2013 toote pakendist piisab kolmeks kuuks regulaarseks toidulisandiks.<\/li>\n<li><strong>Mugav vorm<\/strong>\u00a0\u2013 preparaat saadaval kergesti neelatavate tablettidena.<\/li>\n<\/ul>\n<h4 class=\"cm__heading\"><strong>OstroVit B-vitamiini kompleks \u2013 v\u00e4\u00e4rtuslike mikroelementide rikkus<\/strong><\/h4>\n<p class=\"cm__text\"><strong>B-vitamiinid<\/strong>\u00a0on vees lahustuvad \u00fchendid, millega tuleb organismi pidevalt varustada, kuna organism ei ole v\u00f5imeline neid s\u00fcnteesima.\u00a0Neid leidub tavaliselt toidus, nii loomses kui ka taimses toidus.\u00a0Nii v\u00f5ib B-vitamiine leida muu hulgas kaunviljadest, piimast ja piimatoodetest, aga ka munadest, p\u00e4hklitest, puuviljadest, k\u00f6\u00f6giviljadest ja p\u00e4rmist.<\/p>\n<p>B-vitamiinide hulka kuuluvad sellised \u00fchendid nagu tiamiin (vitamiin B1), riboflaviin (vitamiin B2), niatsiin (vitamiin B3), pantoteenhape (vitamiin B5), p\u00fcridoksiin (vitamiin B6), <a href=\"https:\/\/fit360.ee\/en\/product-category\/product-groups\/vitamins-and-minerals-en\/biotin-en\/\"><strong>biotiin (vitamiin B7)<\/strong><\/a>, <a href=\"https:\/\/fit360.ee\/en\/product-category\/product-groups\/vitamins-and-minerals-en\/folic-acid-en\/\"><strong>foolhape (vitamiin B9)<\/strong><\/a>, ja kobalamiin (vitamiin B12).<\/p>\n<p>Preparaadist OstroVit Vitamin B Complex v\u00f5ib lisaks B-vitamiinidele leida ka\u00a0<strong>C-vitamiini<\/strong>\u00a0, vees lahustuvat eksogeenset \u00fchendit, mida nimetatakse askorbiinhappeks.\u00a0See on orgaaniline aine pol\u00fch\u00fcdroks\u00fcalkoholide r\u00fchmast, mida leidub looduslikult puu- ja juurviljades, sealhulgas acerolas, musts\u00f5stras, sidrunis, nuikapsas, petersellis v\u00f5i punases pipras.<\/p>\n<p>Toidulisand on ka\u00a0<strong>E-vitamiini<\/strong>\u00a0allikas DL-alfa-tokofer\u00fc\u00fclatsetaadi kujul.\u00a0See on rasvlahustuv vitamiin, mis t\u00e4hendab, et selle \u00f5igeks imendumiseks on vajalik ka rasvavaru.\u00a0See on peamiselt rasvkoes ja neerupealistes ladestuv aine, mida nimetatakse &#8220;nooruse vitamiiniks&#8221;.\u00a0E-vitamiini saab organismi varustada igap\u00e4evase toiduga \u2013 koostisosa leidub muuhulgas taime\u00f5lides, nagu oliivi\u00f5li, p\u00e4evalille\u00f5li ja maisi\u00f5li, aga ka p\u00e4hklites ja teraviljaseemneid.<\/p>\n<p>OstroVit Vitamin B Complex on inimorganismile igak\u00fclgset tuge pakkuv preparaat, varustades organismi nii B-vitamiini kui ka C- v\u00f5i E-vitamiiniga. Tegemist on kvaliteetse tootega, mis aitab tagada piisava varu v\u00e4\u00e4rtuslike mikroelementidega.<\/p>\n<h2 class=\"cm__heading\">OstroVit B-vitamiini kompleksis sisalduvate koostisosade omadused<\/h2>\n<p><strong>B-vitamiinid<\/strong>\u00a0aitavad lisaks foolhappele kaasa normaalse energiavahetuse s\u00e4ilitamisele.\u00a0Lisaks aitab enamik selle r\u00fchma \u00fchendeid n\u00e4rvis\u00fcsteemi n\u00f5uetekohasel toimimisel.\u00a0Vitamiinid nagu tiamiin, niatsiin v\u00f5i kobalamiin toetavad optimaalsete ps\u00fchholoogiliste funktsioonide s\u00e4ilimist ja riboflaviin toetab rakkude kaitset oks\u00fcdatiivse stressi eest.<\/p>\n<p><strong>B1-vitamiin<\/strong>\u00a0toetab normaalset s\u00fcdametalitlust ning\u00a0<strong>B2-vitamiin<\/strong>\u00a0aitab s\u00e4ilitada normaalset limaskestade ja punaste vereliblede t\u00f6\u00f6d ning toetab terve naha ja normaalse n\u00e4gemise s\u00e4ilitamist.\u00a0Lisaks aitavad nii riboflaviin kui ka niatsiin v\u00e4hendada v\u00e4simust ja kurnatust.<\/p>\n<p><strong>Preparaadis sisalduv pantoteenhape<\/strong>\u00a0m\u00f5jutab steroidhormoonide, D-vitamiini ja m\u00f5nede neurotransmitterite \u00f5iget s\u00fcnteesi ja ainevahetust ning aitab s\u00e4ilitada ka vaimset j\u00f5udlust sobival tasemel.\u00a0<strong>Vitamiin B6<\/strong>\u00a0aitab omakorda\u00a0kaasa normaalse valkude ja gl\u00fckogeeni ainevahetuse s\u00e4ilitamisele, samuti aitab kaasa immuuns\u00fcsteemi \u00f5igele talitlusele ning toetab hormonaalse aktiivsuse reguleerimist.<\/p>\n<p>Toidulisandis kasutatav biotiin aitab s\u00e4ilitada optimaalset makrotoitainete ainevahetust ning aitab s\u00e4ilitada terveid juukseid ja\u00a0nahka\u00a0<strong>.\u00a0<\/strong>Teisest k\u00fcljest m\u00e4ngib\u00a0<strong>vitamiin B12<\/strong>\u00a0rolli rakkude jagunemise protsessis ja aitab s\u00e4ilitada normaalset homots\u00fcsteiini metabolismi.<\/p>\n<p>Toode sisaldab ka\u00a0<a href=\"https:\/\/fit360.ee\/en\/product-category\/product-groups\/vitamins-and-minerals-en\/c-vitamin-en\/\"><strong>C-vitamiini<\/strong><\/a>\u00a0, mis aitab kaasa kollageeni \u00f5igele tootmisele, et tagada veresoonte, luude, k\u00f5hrede ja igemete, aga ka naha ja hammaste n\u00f5uetekohane funktsioneerimine ning lisaks suurendab raua imendumist ja soodustab luude taastumist. E-vitamiini v\u00e4hendatud vorm. Veelgi enam, see aitab s\u00e4ilitada immuuns\u00fcsteemi n\u00f5uetekohast toimimist intensiivse f\u00fc\u00fcsilise koormuse ajal ja p\u00e4rast seda.\u00a0Preparaadis kasutatav\u00a0<a href=\"https:\/\/fit360.ee\/en\/product-category\/product-groups\/vitamins-and-minerals-en\/e-vitamin-en\/\"><strong>E-vitamiin<\/strong><\/a>\u00a0aitab omakorda kaasa rakkude kaitsmisele oks\u00fcdatiivse stressi eest.<\/p>\n<\/section>\n<section class=\"cm__section\">\n<h4 class=\"cm__heading\"><strong>Laboratoorselt kinnitatud kvaliteet<\/strong><\/h4>\n<p class=\"cm__text --bold\">Klientide tervise huvides testitakse meie toodetud tooteid regulaarselt s\u00f5ltumatus akrediteeritud laboris, et tagada ja s\u00e4ilitada k\u00f5rgeim kvaliteet.<\/p>\n<p><strong>Koostisosad<\/strong>: Mahuaine: mikrokristalne tselluloos;\u00a0L-askorbiinhape (C-vitamiin), t\u00e4rklis, maltodekstriin, DL-alfa-tokofer\u00fc\u00fclatsetaat (E-vitamiin), nikotiinhape (niatsiin), paakumisvastased ained: rasvhapete magneesiumisoolad, r\u00e4nidioksiid;\u00a0Kaltsium D-pantotenaat (pantoteenhape), riboflaviin (vitamiin B2), p\u00fcridoksiinvesinikkloriid (vitamiin B6), tiamiinvesinikkloriid (tiamiin), ptero\u00fclomonoglutamiinhape (foolhape), D-biotiin (biotiin), ts\u00fcanokobalamiin (vitamiin B12).<\/p>\n<p dir=\"ltr\">Toode v\u00f5ib sisaldada piima (sh laktoosi), soja, maap\u00e4hkleid, muid p\u00e4hkleid, seesamiseemneid, kaera, mune, v\u00e4hilaadseid, kala.<\/p>\n<p dir=\"ltr\"><strong>Kasutamine<\/strong>: Tarbi 1 portsjon (1 tablett) p\u00e4evas enne esimest s\u00f6\u00f6gikorda.<\/p>\n<p dir=\"ltr\"><strong>Suurus<\/strong>: 90 tabletti &#8211; 90 serveeringut.<\/p>\n<table>\n<tbody>\n<tr>\n<th>Aktiivsed koostisosad<\/th>\n<th>portsjoni kohta<\/th>\n<th>% SPK*<\/th>\n<\/tr>\n<tr>\n<td>C-vitamiin<\/td>\n<td>80 mg<\/td>\n<td>100<\/td>\n<\/tr>\n<tr>\n<td>Niatsiin (vitamiin B3)<\/td>\n<td>16 mg<\/td>\n<td>100<\/td>\n<\/tr>\n<tr>\n<td>E-vitamiin<\/td>\n<td>12 mg<\/td>\n<td>100<\/td>\n<\/tr>\n<tr>\n<td>Pantoteenhape (vitamiin B5)<\/td>\n<td>6 mg<\/td>\n<td>100<\/td>\n<\/tr>\n<tr>\n<td>Vitamiin B6<\/td>\n<td>1,4 mg<\/td>\n<td>100<\/td>\n<\/tr>\n<tr>\n<td>Riboflaviin (vitamiin B2)<\/td>\n<td>1,4 mg<\/td>\n<td>100<\/td>\n<\/tr>\n<tr>\n<td>Tiamiin (vitamiin B1)<\/td>\n<td>1,1 mg<\/td>\n<td>100<\/td>\n<\/tr>\n<tr>\n<td>Foolhape (vitamiin B9)<\/td>\n<td>200 \u00b5g<\/td>\n<td>100<\/td>\n<\/tr>\n<tr>\n<td>Biotiin (vitamiin B7)<\/td>\n<td>50 \u00b5g<\/td>\n<td>100<\/td>\n<\/tr>\n<tr>\n<td>Vitamiin B12<\/td>\n<td>25 \u00b5g<\/td>\n<td>100<\/td>\n<\/tr>\n<\/tbody>\n<\/table>\n<p>*SPK \u2013 Soovitatud p\u00e4evane kogus.<\/p>\n<p>Vaata ka meie Teisi B-Vitamiine <a href=\"https:\/\/fit360.ee\/en\/product-category\/product-groups\/vitamins-and-minerals-en\/b-vitamin-en\/\"><strong>SIIT<\/strong><\/a>!<\/p>\n<\/section>\n","protected":false},"excerpt":{"rendered":"<ul class=\"cm__list\">\n<li>Kontsentreeritud B-vitamiinide allikas<\/li>\n<li>Rikastatud C- ja E-vitamiiniga<\/li>\n<li>1 portsjon = 1 tablett\u00a0.<\/li>\n<li>Toimivus<\/li>\n<li>Mugav vorm<\/li>\n<\/ul>\n","protected":false},"featured_media":77106,"comment_status":"closed","ping_status":"closed","template":"","meta":[],"product_brand":[],"product_cat":[2251,2255,1911,2283,2259,5320,1329,536],"product_tag":[4729,1924,4730],"giftcard-category":[],"class_list":{"0":"post-77107","1":"product","2":"type-product","3":"status-publish","4":"has-post-thumbnail","6":"product_cat-b-vitamin-en","7":"product_cat-biotin-en","8":"product_cat-c-vitamin-en","9":"product_cat-e-vitamin-en","10":"product_cat-folic-acid-en","11":"product_cat-for-immunity-en","12":"product_cat-ostrovit-en","13":"product_cat-vitamins-and-minerals-en","14":"product_tag-b-vitamin-en","15":"product_tag-ostrovit-en","16":"product_tag-ostrovit-vitamin-b-complex-en","17":"pa_kogus-90-tablets","18":"pa_toidulisand-branddd-ostrovit","19":"pa_tootegruppp-b-vitamiin-en","20":"pa_tootegruppp-biotiin-en","21":"pa_tootegruppp-c-vitamiin-en","22":"pa_tootegruppp-e-vitamiin-en","23":"pa_tootegruppp-foolhape-en","24":"pa_tootegruppp-immuunsusteem-en","25":"pa_tootegruppp-vitamins-and-minerals","27":"first","28":"outofstock","29":"sale","30":"taxable","31":"shipping-taxable","32":"purchasable","33":"product-type-simple"},"yoast_head":"<!-- This site is optimized with the Yoast SEO plugin v27.3 - https:\/\/yoast.com\/product\/yoast-seo-wordpress\/ -->\n<title>OstroVit Vitamin B Complex (90tabs) - Parim Hind - Kiire Tarne - Fit360<\/title>\n<meta name=\"description\" content=\"OstroVit Vitamin B Complex on kvaliteetne toidulisand, mis on B-vitamiinide allikas.\u00a0Preparaati rikastati ka C- ja E-vitamiiniga. See on kergesti ...\" \/>\n<meta name=\"robots\" content=\"index, follow, max-snippet:-1, max-image-preview:large, max-video-preview:-1\" \/>\n<link rel=\"canonical\" href=\"https:\/\/fit360.ee\/en\/pood\/product-groups\/vitamins-and-minerals-en\/c-vitamin-en\/ostrovit-vitamin-b-complex-90tabs\/\" \/>\n<meta property=\"og:locale\" content=\"en_US\" \/>\n<meta property=\"og:type\" content=\"article\" \/>\n<meta property=\"og:title\" content=\"OstroVit Vitamin B Complex (90tabs) - Parim Hind - Kiire Tarne - Fit360\" \/>\n<meta property=\"og:description\" content=\"OstroVit Vitamin B Complex on kvaliteetne toidulisand, mis on B-vitamiinide allikas.\u00a0Preparaati rikastati ka C- ja E-vitamiiniga. See on kergesti ...\" \/>\n<meta property=\"og:url\" content=\"https:\/\/fit360.ee\/en\/pood\/product-groups\/vitamins-and-minerals-en\/c-vitamin-en\/ostrovit-vitamin-b-complex-90tabs\/\" \/>\n<meta property=\"og:site_name\" content=\"Fit360\" \/>\n<meta property=\"article:modified_time\" content=\"2025-08-13T05:37:07+00:00\" \/>\n<meta property=\"og:image\" content=\"https:\/\/fit360.ee\/wp-content\/uploads\/2024\/01\/ostrovit-vitamin-b-complex-fit360.ee-1.png\" \/>\n\t<meta property=\"og:image:width\" content=\"450\" \/>\n\t<meta property=\"og:image:height\" content=\"450\" \/>\n\t<meta property=\"og:image:type\" content=\"image\/png\" \/>\n<meta name=\"twitter:card\" content=\"summary_large_image\" \/>\n<meta name=\"twitter:label1\" content=\"Est. reading time\" \/>\n\t<meta name=\"twitter:data1\" content=\"4 minutes\" \/>\n<script type=\"application\/ld+json\" class=\"yoast-schema-graph\">{\"@context\":\"https:\\\/\\\/schema.org\",\"@graph\":[{\"@type\":\"WebPage\",\"@id\":\"https:\\\/\\\/fit360.ee\\\/en\\\/pood\\\/product-groups\\\/vitamins-and-minerals-en\\\/c-vitamin-en\\\/ostrovit-vitamin-b-complex-90tabs\\\/\",\"url\":\"https:\\\/\\\/fit360.ee\\\/en\\\/pood\\\/product-groups\\\/vitamins-and-minerals-en\\\/c-vitamin-en\\\/ostrovit-vitamin-b-complex-90tabs\\\/\",\"name\":\"OstroVit Vitamin B Complex (90tabs) - Parim Hind - Kiire Tarne - Fit360\",\"isPartOf\":{\"@id\":\"https:\\\/\\\/fit360.ee\\\/en\\\/#website\"},\"primaryImageOfPage\":{\"@id\":\"https:\\\/\\\/fit360.ee\\\/en\\\/pood\\\/product-groups\\\/vitamins-and-minerals-en\\\/c-vitamin-en\\\/ostrovit-vitamin-b-complex-90tabs\\\/#primaryimage\"},\"image\":{\"@id\":\"https:\\\/\\\/fit360.ee\\\/en\\\/pood\\\/product-groups\\\/vitamins-and-minerals-en\\\/c-vitamin-en\\\/ostrovit-vitamin-b-complex-90tabs\\\/#primaryimage\"},\"thumbnailUrl\":\"https:\\\/\\\/fit360.ee\\\/wp-content\\\/uploads\\\/2024\\\/01\\\/ostrovit-vitamin-b-complex-fit360.ee-1.png\",\"datePublished\":\"2024-01-31T09:51:14+00:00\",\"dateModified\":\"2025-08-13T05:37:07+00:00\",\"description\":\"OstroVit Vitamin B Complex on kvaliteetne toidulisand, mis on B-vitamiinide allikas.\u00a0Preparaati rikastati ka C- ja E-vitamiiniga. See on kergesti ...\",\"breadcrumb\":{\"@id\":\"https:\\\/\\\/fit360.ee\\\/en\\\/pood\\\/product-groups\\\/vitamins-and-minerals-en\\\/c-vitamin-en\\\/ostrovit-vitamin-b-complex-90tabs\\\/#breadcrumb\"},\"inLanguage\":\"en-US\",\"potentialAction\":[{\"@type\":\"ReadAction\",\"target\":[\"https:\\\/\\\/fit360.ee\\\/en\\\/pood\\\/product-groups\\\/vitamins-and-minerals-en\\\/c-vitamin-en\\\/ostrovit-vitamin-b-complex-90tabs\\\/\"]}]},{\"@type\":\"ImageObject\",\"inLanguage\":\"en-US\",\"@id\":\"https:\\\/\\\/fit360.ee\\\/en\\\/pood\\\/product-groups\\\/vitamins-and-minerals-en\\\/c-vitamin-en\\\/ostrovit-vitamin-b-complex-90tabs\\\/#primaryimage\",\"url\":\"https:\\\/\\\/fit360.ee\\\/wp-content\\\/uploads\\\/2024\\\/01\\\/ostrovit-vitamin-b-complex-fit360.ee-1.png\",\"contentUrl\":\"https:\\\/\\\/fit360.ee\\\/wp-content\\\/uploads\\\/2024\\\/01\\\/ostrovit-vitamin-b-complex-fit360.ee-1.png\",\"width\":450,\"height\":450,\"caption\":\"ostrovit vitamin b complex - fit360.ee\"},{\"@type\":\"BreadcrumbList\",\"@id\":\"https:\\\/\\\/fit360.ee\\\/en\\\/pood\\\/product-groups\\\/vitamins-and-minerals-en\\\/c-vitamin-en\\\/ostrovit-vitamin-b-complex-90tabs\\\/#breadcrumb\",\"itemListElement\":[{\"@type\":\"ListItem\",\"position\":1,\"name\":\"Home\",\"item\":\"https:\\\/\\\/fit360.ee\\\/en\\\/\"},{\"@type\":\"ListItem\",\"position\":2,\"name\":\"Shop\",\"item\":\"https:\\\/\\\/fit360.ee\\\/en\\\/shop\\\/\"},{\"@type\":\"ListItem\",\"position\":3,\"name\":\"OstroVit Vitamin B Complex (90tabs)\"}]},{\"@type\":\"WebSite\",\"@id\":\"https:\\\/\\\/fit360.ee\\\/en\\\/#website\",\"url\":\"https:\\\/\\\/fit360.ee\\\/en\\\/\",\"name\":\"Fit360\",\"description\":\"\",\"publisher\":{\"@id\":\"https:\\\/\\\/fit360.ee\\\/en\\\/#organization\"},\"potentialAction\":[{\"@type\":\"SearchAction\",\"target\":{\"@type\":\"EntryPoint\",\"urlTemplate\":\"https:\\\/\\\/fit360.ee\\\/en\\\/?s={search_term_string}\"},\"query-input\":{\"@type\":\"PropertyValueSpecification\",\"valueRequired\":true,\"valueName\":\"search_term_string\"}}],\"inLanguage\":\"en-US\"},{\"@type\":\"Organization\",\"@id\":\"https:\\\/\\\/fit360.ee\\\/en\\\/#organization\",\"name\":\"Fit360\",\"url\":\"https:\\\/\\\/fit360.ee\\\/en\\\/\",\"logo\":{\"@type\":\"ImageObject\",\"inLanguage\":\"en-US\",\"@id\":\"https:\\\/\\\/fit360.ee\\\/en\\\/#\\\/schema\\\/logo\\\/image\\\/\",\"url\":\"https:\\\/\\\/fit360.ee\\\/wp-content\\\/uploads\\\/2017\\\/01\\\/logo-fit360.png\",\"contentUrl\":\"https:\\\/\\\/fit360.ee\\\/wp-content\\\/uploads\\\/2017\\\/01\\\/logo-fit360.png\",\"width\":180,\"height\":66,\"caption\":\"Fit360\"},\"image\":{\"@id\":\"https:\\\/\\\/fit360.ee\\\/en\\\/#\\\/schema\\\/logo\\\/image\\\/\"}}]}<\/script>\n<!-- \/ Yoast SEO plugin. -->","yoast_head_json":{"title":"OstroVit Vitamin B Complex (90tabs) - Parim Hind - Kiire Tarne - Fit360","description":"OstroVit Vitamin B Complex on kvaliteetne toidulisand, mis on B-vitamiinide allikas.\u00a0Preparaati rikastati ka C- ja E-vitamiiniga. See on kergesti ...","robots":{"index":"index","follow":"follow","max-snippet":"max-snippet:-1","max-image-preview":"max-image-preview:large","max-video-preview":"max-video-preview:-1"},"canonical":"https:\/\/fit360.ee\/en\/pood\/product-groups\/vitamins-and-minerals-en\/c-vitamin-en\/ostrovit-vitamin-b-complex-90tabs\/","og_locale":"en_US","og_type":"article","og_title":"OstroVit Vitamin B Complex (90tabs) - Parim Hind - Kiire Tarne - Fit360","og_description":"OstroVit Vitamin B Complex on kvaliteetne toidulisand, mis on B-vitamiinide allikas.\u00a0Preparaati rikastati ka C- ja E-vitamiiniga. See on kergesti ...","og_url":"https:\/\/fit360.ee\/en\/pood\/product-groups\/vitamins-and-minerals-en\/c-vitamin-en\/ostrovit-vitamin-b-complex-90tabs\/","og_site_name":"Fit360","article_modified_time":"2025-08-13T05:37:07+00:00","og_image":[{"width":450,"height":450,"url":"https:\/\/fit360.ee\/wp-content\/uploads\/2024\/01\/ostrovit-vitamin-b-complex-fit360.ee-1.png","type":"image\/png"}],"twitter_card":"summary_large_image","twitter_misc":{"Est. reading time":"4 minutes"},"schema":{"@context":"https:\/\/schema.org","@graph":[{"@type":"WebPage","@id":"https:\/\/fit360.ee\/en\/pood\/product-groups\/vitamins-and-minerals-en\/c-vitamin-en\/ostrovit-vitamin-b-complex-90tabs\/","url":"https:\/\/fit360.ee\/en\/pood\/product-groups\/vitamins-and-minerals-en\/c-vitamin-en\/ostrovit-vitamin-b-complex-90tabs\/","name":"OstroVit Vitamin B Complex (90tabs) - Parim Hind - Kiire Tarne - Fit360","isPartOf":{"@id":"https:\/\/fit360.ee\/en\/#website"},"primaryImageOfPage":{"@id":"https:\/\/fit360.ee\/en\/pood\/product-groups\/vitamins-and-minerals-en\/c-vitamin-en\/ostrovit-vitamin-b-complex-90tabs\/#primaryimage"},"image":{"@id":"https:\/\/fit360.ee\/en\/pood\/product-groups\/vitamins-and-minerals-en\/c-vitamin-en\/ostrovit-vitamin-b-complex-90tabs\/#primaryimage"},"thumbnailUrl":"https:\/\/fit360.ee\/wp-content\/uploads\/2024\/01\/ostrovit-vitamin-b-complex-fit360.ee-1.png","datePublished":"2024-01-31T09:51:14+00:00","dateModified":"2025-08-13T05:37:07+00:00","description":"OstroVit Vitamin B Complex on kvaliteetne toidulisand, mis on B-vitamiinide allikas.\u00a0Preparaati rikastati ka C- ja E-vitamiiniga. See on kergesti ...","breadcrumb":{"@id":"https:\/\/fit360.ee\/en\/pood\/product-groups\/vitamins-and-minerals-en\/c-vitamin-en\/ostrovit-vitamin-b-complex-90tabs\/#breadcrumb"},"inLanguage":"en-US","potentialAction":[{"@type":"ReadAction","target":["https:\/\/fit360.ee\/en\/pood\/product-groups\/vitamins-and-minerals-en\/c-vitamin-en\/ostrovit-vitamin-b-complex-90tabs\/"]}]},{"@type":"ImageObject","inLanguage":"en-US","@id":"https:\/\/fit360.ee\/en\/pood\/product-groups\/vitamins-and-minerals-en\/c-vitamin-en\/ostrovit-vitamin-b-complex-90tabs\/#primaryimage","url":"https:\/\/fit360.ee\/wp-content\/uploads\/2024\/01\/ostrovit-vitamin-b-complex-fit360.ee-1.png","contentUrl":"https:\/\/fit360.ee\/wp-content\/uploads\/2024\/01\/ostrovit-vitamin-b-complex-fit360.ee-1.png","width":450,"height":450,"caption":"ostrovit vitamin b complex - fit360.ee"},{"@type":"BreadcrumbList","@id":"https:\/\/fit360.ee\/en\/pood\/product-groups\/vitamins-and-minerals-en\/c-vitamin-en\/ostrovit-vitamin-b-complex-90tabs\/#breadcrumb","itemListElement":[{"@type":"ListItem","position":1,"name":"Home","item":"https:\/\/fit360.ee\/en\/"},{"@type":"ListItem","position":2,"name":"Shop","item":"https:\/\/fit360.ee\/en\/shop\/"},{"@type":"ListItem","position":3,"name":"OstroVit Vitamin B Complex (90tabs)"}]},{"@type":"WebSite","@id":"https:\/\/fit360.ee\/en\/#website","url":"https:\/\/fit360.ee\/en\/","name":"Fit360","description":"","publisher":{"@id":"https:\/\/fit360.ee\/en\/#organization"},"potentialAction":[{"@type":"SearchAction","target":{"@type":"EntryPoint","urlTemplate":"https:\/\/fit360.ee\/en\/?s={search_term_string}"},"query-input":{"@type":"PropertyValueSpecification","valueRequired":true,"valueName":"search_term_string"}}],"inLanguage":"en-US"},{"@type":"Organization","@id":"https:\/\/fit360.ee\/en\/#organization","name":"Fit360","url":"https:\/\/fit360.ee\/en\/","logo":{"@type":"ImageObject","inLanguage":"en-US","@id":"https:\/\/fit360.ee\/en\/#\/schema\/logo\/image\/","url":"https:\/\/fit360.ee\/wp-content\/uploads\/2017\/01\/logo-fit360.png","contentUrl":"https:\/\/fit360.ee\/wp-content\/uploads\/2017\/01\/logo-fit360.png","width":180,"height":66,"caption":"Fit360"},"image":{"@id":"https:\/\/fit360.ee\/en\/#\/schema\/logo\/image\/"}}]}},"_links":{"self":[{"href":"https:\/\/fit360.ee\/en\/wp-json\/wp\/v2\/product\/77107","targetHints":{"allow":["GET"]}}],"collection":[{"href":"https:\/\/fit360.ee\/en\/wp-json\/wp\/v2\/product"}],"about":[{"href":"https:\/\/fit360.ee\/en\/wp-json\/wp\/v2\/types\/product"}],"replies":[{"embeddable":true,"href":"https:\/\/fit360.ee\/en\/wp-json\/wp\/v2\/comments?post=77107"}],"wp:featuredmedia":[{"embeddable":true,"href":"https:\/\/fit360.ee\/en\/wp-json\/wp\/v2\/media\/77106"}],"wp:attachment":[{"href":"https:\/\/fit360.ee\/en\/wp-json\/wp\/v2\/media?parent=77107"}],"wp:term":[{"taxonomy":"product_brand","embeddable":true,"href":"https:\/\/fit360.ee\/en\/wp-json\/wp\/v2\/product_brand?post=77107"},{"taxonomy":"product_cat","embeddable":true,"href":"https:\/\/fit360.ee\/en\/wp-json\/wp\/v2\/product_cat?post=77107"},{"taxonomy":"product_tag","embeddable":true,"href":"https:\/\/fit360.ee\/en\/wp-json\/wp\/v2\/product_tag?post=77107"},{"taxonomy":"giftcard-category","embeddable":true,"href":"https:\/\/fit360.ee\/en\/wp-json\/wp\/v2\/giftcard-category?post=77107"}],"curies":[{"name":"wp","href":"https:\/\/api.w.org\/{rel}","templated":true}]}}