{"id":77112,"date":"2024-01-31T12:11:14","date_gmt":"2024-01-31T10:11:14","guid":{"rendered":"https:\/\/fit360.ee\/pood\/uncategorized\/apple-cider-vinegar-90caps\/"},"modified":"2026-04-09T16:57:14","modified_gmt":"2026-04-09T14:57:14","slug":"apple-cider-vinegar-90caps","status":"publish","type":"product","link":"https:\/\/fit360.ee\/en\/pood\/product-groups\/%d0%b2%d0%b5%d0%b3%d0%b0%d0%bd\/vegan-capsules-en\/apple-cider-vinegar-90caps\/","title":{"rendered":"Apple Cider Vinegar \u2013 \u00d5unasiidri \u00c4\u00e4dikas (90caps)"},"content":{"rendered":"<h2><strong>Apple Cider Vinegar<\/strong><\/h2>\n<p>OstroVit Apple Cider Vinegar on kvaliteetne toidulisand, mis on 11% \u00e4\u00e4dikhappega standardiseeritud \u00f5unasiidri \u00e4\u00e4dika allikas. Tegemist on kergesti neelatavate kapslitena saadaval oleva veganpreparaadiga, mis on loodud inimestele, kes hoolivad tervislikust ja ilusast v\u00e4limusest, aga ka igap\u00e4evase toidulaua t\u00e4iendamiseks v\u00e4\u00e4rtusliku \u00fchendiga.<\/p>\n<ul class=\"cm__list\">\n<li><strong>\u00d5unasiidri \u00e4\u00e4dika allikas<\/strong>\u00a0\u2013 \u00fcks toidulisandi portsjon annab kehale 600 mg \u00f5una\u00e4\u00e4dikat, mis on standardiseeritud 11% \u00e4\u00e4dikhappega.<\/li>\n<li><strong>Sobib taimetoitlastele ja veganitele<\/strong>\u00a0\u2013 toode ei sisalda loomset p\u00e4ritolu koostisosi.<\/li>\n<li><strong>Lihtne koostis<\/strong>\u00a0\u2013 toode on vaba tarbetutest lisa- ja t\u00e4iteainetest.<\/li>\n<li><strong>1 portsjon = 1 kapsel.<\/strong><\/li>\n<li><strong>Performance<\/strong>\u00a0\u2013 tootepakendis on 90 portsjonit toodet, millest piisab kolmeks kuuks regulaarseks toidulisandiks.<\/li>\n<li><strong>Mugav vorm<\/strong>\u00a0\u2013 preparaat on saadaval kergesti neelatavate kapslitena, et toidulisandiga varustada probleemivabalt.<\/li>\n<\/ul>\n<h4><strong>OstroVit Apple Cider Vinegar \u2013 v\u00e4\u00e4rtuslik t\u00e4iendus igap\u00e4evasele dieedile<\/strong><\/h4>\n<p><strong>\u00d5una\u00e4\u00e4dikas<\/strong>\u00a0&#8211; toode, mis saadakse \u00f5unte k\u00e4\u00e4ritamise tulemusena, kasutades p\u00e4rmi ja \u00e4\u00e4dikhappebaktereid.\u00a0See on \u00f5untest valmistatud filtreerimata magustamata jook, mis on kergelt h\u00e4gune ja \u00e4\u00e4rmiselt aromaatne.\u00d5unasiidri \u00e4\u00e4dikat on kasutatud tuhandeid aastaid.\u00a0See sisaldab palju v\u00e4\u00e4rtuslikke toitaineid, sealhulgas \u00e4\u00e4dikhapet, mille sisaldus on OstroVit preparaadis standardiseeritud.\u00a0\u00c4\u00e4dikhape on karboks\u00fc\u00fclhapete r\u00fchma kuuluv orgaaniline keemiline \u00fchend, mis lahustub h\u00e4sti vees ja millel on pealegi h\u00fcgroskoopsed omadused.<\/p>\n<p><strong>Koostisosad<\/strong>: \u00d5unasiidri \u00e4\u00e4dikas, mis sisaldab 11% \u00e4\u00e4dikhapet, kapsli kest (mahuaine: h\u00fcdroks\u00fcprop\u00fc\u00fclmet\u00fc\u00fcltselluloos<\/p>\n<p>Toode v\u00f5ib sisaldada piima (sh laktoosi), sojaube, maap\u00e4hkleid, muid p\u00e4hkleid, seesamiseemneid, gluteeni sisaldavaid teravilju, mune, v\u00e4hilaadseid, kala.<\/p>\n<p><strong>Kasutamine<\/strong>: V\u00f5tke 1 portsjon (1 kapsel) p\u00e4evas, eelistatavalt koos toiduga.<\/p>\n<p><strong>Suurus<\/strong>: 90 <a href=\"https:\/\/fit360.ee\/en\/product-category\/product-groups\/%d0%b2%d0%b5%d0%b3%d0%b0%d0%bd\/vegan-capsules-en\/\"><strong>Vegan kapslit &#8211; vCaps<\/strong><\/a> &#8211; 90 serveeringut.<\/p>\n<section class=\"projector__description--nutritional row\" data-selector=\".--nutritional\">\n<div class=\"col-12 col-md-10 col-lg-8\">\n<div class=\"--nutrit\">\n<div class=\"nutrition_table_wrapper\">\n<div class=\"table_wrapper\">\n<table>\n<tbody>\n<tr>\n<th>Aktiivsed koostisosad<\/th>\n<th>Portsjoni kohta &#8211; 1 kapsel<\/th>\n<\/tr>\n<tr>\n<td>\u00d5unasiidri \u00e4\u00e4dikas, millest:<\/td>\n<td>600 mg<\/td>\n<\/tr>\n<tr class=\"sub\">\n<td>&#8211; \u00e4\u00e4dikhape (11%)<\/td>\n<td>66 mg<\/td>\n<\/tr>\n<\/tbody>\n<\/table>\n<p>Vaata ka meie teisi Supertoite <a href=\"https:\/\/fit360.ee\/en\/product-category\/product-groups\/superfoods-health-foods-en\/\"><strong>SIIT<\/strong><\/a>!<\/p>\n<\/div>\n<\/div>\n<\/div>\n<\/div>\n<\/section>\n<section class=\"projector__comments comments row\" data-selector=\".--comments\">\n<div class=\"--label col-12\">Soovid kaupa osta suuremas koguses? Vaata antud toodet ka meie HULGI poest\u00a0<a href=\"https:\/\/toidulisandidhulgi.ee\/tooted\/apple-cider-vinegar-90caps\/\"><strong>SIIT<\/strong><\/a>!<\/div>\n<\/section>\n","protected":false},"excerpt":{"rendered":"<ul class=\"cm__list\">\n<li>\u00d5unasiidri \u00e4\u00e4dika allikas<\/li>\n<li>Sobib taimetoitlastele ja veganitele<\/li>\n<li>Lihtne koostis &#8211; toode on vaba tarbetust lisa- ja t\u00e4iteainetest<\/li>\n<li>Mugav vorm<\/li>\n<\/ul>\n","protected":false},"featured_media":84701,"comment_status":"closed","ping_status":"closed","template":"","meta":[],"product_brand":[],"product_cat":[530,1329,2408,1454,2664,536,1201],"product_tag":[4733,1924,4734],"giftcard-category":[],"class_list":{"0":"post-77112","1":"product","2":"type-product","3":"status-publish","4":"has-post-thumbnail","6":"product_cat-fat-burners-en","7":"product_cat-ostrovit-en","8":"product_cat-stimulant-free-fat-burners-en","9":"product_cat-superfoods-health-foods-en","10":"product_cat-vegan-capsules-en","11":"product_cat-vitamins-and-minerals-en","12":"product_cat-1201","13":"product_tag-apple-cider-vinegar-en","14":"product_tag-ostrovit-en","15":"product_tag-ounasiidri-aadikas-en","16":"pa_kogus-90-capsules","17":"pa_toidulisand-branddd-ostrovit","18":"pa_tootegruppp-stimulandivaba-en","19":"pa_tootegruppp-supertoit-tervisetoit-en","20":"pa_tootegruppp-vcaps-vegan-kapslid-en","21":"pa_tootegruppp-vegan-en","22":"pa_tootegruppp-vitamins-and-minerals","23":"pa_tootegruppp-weight-loss","25":"first","26":"outofstock","27":"sale","28":"taxable","29":"shipping-taxable","30":"purchasable","31":"product-type-simple"},"yoast_head":"<!-- This site is optimized with the Yoast SEO plugin v27.3 - https:\/\/yoast.com\/product\/yoast-seo-wordpress\/ -->\n<title>Apple Cider Vinegar \u2013 \u00d5unasiidri \u00c4\u00e4dikas (90caps) - \u00d5unasiidri \u00e4\u00e4dikas - Parim Hind - Fit360<\/title>\n<meta name=\"description\" content=\"OstroVit Apple Cider Vinegar on kvaliteetne toidulisand, mis on 11% \u00e4\u00e4dikhappega standardiseeritud \u00f5unasiidri \u00e4\u00e4dika allikas. Tegemist on kergesti ...\" \/>\n<meta name=\"robots\" content=\"index, follow, max-snippet:-1, max-image-preview:large, max-video-preview:-1\" \/>\n<link rel=\"canonical\" href=\"https:\/\/fit360.ee\/en\/pood\/product-groups\/\u0432\u0435\u0433\u0430\u043d\/vegan-capsules-en\/apple-cider-vinegar-90caps\/\" \/>\n<meta property=\"og:locale\" content=\"en_US\" \/>\n<meta property=\"og:type\" content=\"article\" \/>\n<meta property=\"og:title\" content=\"Apple Cider Vinegar \u2013 \u00d5unasiidri \u00c4\u00e4dikas (90caps) - \u00d5unasiidri \u00e4\u00e4dikas - Parim Hind - Fit360\" \/>\n<meta property=\"og:description\" content=\"OstroVit Apple Cider Vinegar on kvaliteetne toidulisand, mis on 11% \u00e4\u00e4dikhappega standardiseeritud \u00f5unasiidri \u00e4\u00e4dika allikas. Tegemist on kergesti ...\" \/>\n<meta property=\"og:url\" content=\"https:\/\/fit360.ee\/en\/pood\/product-groups\/\u0432\u0435\u0433\u0430\u043d\/vegan-capsules-en\/apple-cider-vinegar-90caps\/\" \/>\n<meta property=\"og:site_name\" content=\"Fit360\" \/>\n<meta property=\"article:modified_time\" content=\"2026-04-09T14:57:14+00:00\" \/>\n<meta property=\"og:image\" content=\"https:\/\/fit360.ee\/wp-content\/uploads\/2024\/01\/apple-cider-vinegar-ounasiidri-aadikas-fit360.ee_.png\" \/>\n\t<meta property=\"og:image:width\" content=\"450\" \/>\n\t<meta property=\"og:image:height\" content=\"450\" \/>\n\t<meta property=\"og:image:type\" content=\"image\/png\" \/>\n<meta name=\"twitter:card\" content=\"summary_large_image\" \/>\n<meta name=\"twitter:label1\" content=\"Est. reading time\" \/>\n\t<meta name=\"twitter:data1\" content=\"2 minutes\" \/>\n<script type=\"application\/ld+json\" class=\"yoast-schema-graph\">{\"@context\":\"https:\\\/\\\/schema.org\",\"@graph\":[{\"@type\":\"WebPage\",\"@id\":\"https:\\\/\\\/fit360.ee\\\/en\\\/pood\\\/product-groups\\\/%d0%b2%d0%b5%d0%b3%d0%b0%d0%bd\\\/vegan-capsules-en\\\/apple-cider-vinegar-90caps\\\/\",\"url\":\"https:\\\/\\\/fit360.ee\\\/en\\\/pood\\\/product-groups\\\/%d0%b2%d0%b5%d0%b3%d0%b0%d0%bd\\\/vegan-capsules-en\\\/apple-cider-vinegar-90caps\\\/\",\"name\":\"Apple Cider Vinegar \u2013 \u00d5unasiidri \u00c4\u00e4dikas (90caps) - \u00d5unasiidri \u00e4\u00e4dikas - Parim Hind - Fit360\",\"isPartOf\":{\"@id\":\"https:\\\/\\\/fit360.ee\\\/en\\\/#website\"},\"primaryImageOfPage\":{\"@id\":\"https:\\\/\\\/fit360.ee\\\/en\\\/pood\\\/product-groups\\\/%d0%b2%d0%b5%d0%b3%d0%b0%d0%bd\\\/vegan-capsules-en\\\/apple-cider-vinegar-90caps\\\/#primaryimage\"},\"image\":{\"@id\":\"https:\\\/\\\/fit360.ee\\\/en\\\/pood\\\/product-groups\\\/%d0%b2%d0%b5%d0%b3%d0%b0%d0%bd\\\/vegan-capsules-en\\\/apple-cider-vinegar-90caps\\\/#primaryimage\"},\"thumbnailUrl\":\"https:\\\/\\\/fit360.ee\\\/wp-content\\\/uploads\\\/2024\\\/01\\\/apple-cider-vinegar-ounasiidri-aadikas-fit360.ee_.png\",\"datePublished\":\"2024-01-31T10:11:14+00:00\",\"dateModified\":\"2026-04-09T14:57:14+00:00\",\"description\":\"OstroVit Apple Cider Vinegar on kvaliteetne toidulisand, mis on 11% \u00e4\u00e4dikhappega standardiseeritud \u00f5unasiidri \u00e4\u00e4dika allikas. Tegemist on kergesti ...\",\"breadcrumb\":{\"@id\":\"https:\\\/\\\/fit360.ee\\\/en\\\/pood\\\/product-groups\\\/%d0%b2%d0%b5%d0%b3%d0%b0%d0%bd\\\/vegan-capsules-en\\\/apple-cider-vinegar-90caps\\\/#breadcrumb\"},\"inLanguage\":\"en-US\",\"potentialAction\":[{\"@type\":\"ReadAction\",\"target\":[\"https:\\\/\\\/fit360.ee\\\/en\\\/pood\\\/product-groups\\\/%d0%b2%d0%b5%d0%b3%d0%b0%d0%bd\\\/vegan-capsules-en\\\/apple-cider-vinegar-90caps\\\/\"]}]},{\"@type\":\"ImageObject\",\"inLanguage\":\"en-US\",\"@id\":\"https:\\\/\\\/fit360.ee\\\/en\\\/pood\\\/product-groups\\\/%d0%b2%d0%b5%d0%b3%d0%b0%d0%bd\\\/vegan-capsules-en\\\/apple-cider-vinegar-90caps\\\/#primaryimage\",\"url\":\"https:\\\/\\\/fit360.ee\\\/wp-content\\\/uploads\\\/2024\\\/01\\\/apple-cider-vinegar-ounasiidri-aadikas-fit360.ee_.png\",\"contentUrl\":\"https:\\\/\\\/fit360.ee\\\/wp-content\\\/uploads\\\/2024\\\/01\\\/apple-cider-vinegar-ounasiidri-aadikas-fit360.ee_.png\",\"width\":450,\"height\":450,\"caption\":\"apple cider vinegar \u00f5unasiidri \u00e4\u00e4dikas - fit360.ee\"},{\"@type\":\"BreadcrumbList\",\"@id\":\"https:\\\/\\\/fit360.ee\\\/en\\\/pood\\\/product-groups\\\/%d0%b2%d0%b5%d0%b3%d0%b0%d0%bd\\\/vegan-capsules-en\\\/apple-cider-vinegar-90caps\\\/#breadcrumb\",\"itemListElement\":[{\"@type\":\"ListItem\",\"position\":1,\"name\":\"Home\",\"item\":\"https:\\\/\\\/fit360.ee\\\/en\\\/\"},{\"@type\":\"ListItem\",\"position\":2,\"name\":\"Shop\",\"item\":\"https:\\\/\\\/fit360.ee\\\/en\\\/shop\\\/\"},{\"@type\":\"ListItem\",\"position\":3,\"name\":\"Apple Cider Vinegar \u2013 \u00d5unasiidri \u00c4\u00e4dikas (90caps)\"}]},{\"@type\":\"WebSite\",\"@id\":\"https:\\\/\\\/fit360.ee\\\/en\\\/#website\",\"url\":\"https:\\\/\\\/fit360.ee\\\/en\\\/\",\"name\":\"Fit360\",\"description\":\"\",\"publisher\":{\"@id\":\"https:\\\/\\\/fit360.ee\\\/en\\\/#organization\"},\"potentialAction\":[{\"@type\":\"SearchAction\",\"target\":{\"@type\":\"EntryPoint\",\"urlTemplate\":\"https:\\\/\\\/fit360.ee\\\/en\\\/?s={search_term_string}\"},\"query-input\":{\"@type\":\"PropertyValueSpecification\",\"valueRequired\":true,\"valueName\":\"search_term_string\"}}],\"inLanguage\":\"en-US\"},{\"@type\":\"Organization\",\"@id\":\"https:\\\/\\\/fit360.ee\\\/en\\\/#organization\",\"name\":\"Fit360\",\"url\":\"https:\\\/\\\/fit360.ee\\\/en\\\/\",\"logo\":{\"@type\":\"ImageObject\",\"inLanguage\":\"en-US\",\"@id\":\"https:\\\/\\\/fit360.ee\\\/en\\\/#\\\/schema\\\/logo\\\/image\\\/\",\"url\":\"https:\\\/\\\/fit360.ee\\\/wp-content\\\/uploads\\\/2017\\\/01\\\/logo-fit360.png\",\"contentUrl\":\"https:\\\/\\\/fit360.ee\\\/wp-content\\\/uploads\\\/2017\\\/01\\\/logo-fit360.png\",\"width\":180,\"height\":66,\"caption\":\"Fit360\"},\"image\":{\"@id\":\"https:\\\/\\\/fit360.ee\\\/en\\\/#\\\/schema\\\/logo\\\/image\\\/\"}}]}<\/script>\n<!-- \/ Yoast SEO plugin. -->","yoast_head_json":{"title":"Apple Cider Vinegar \u2013 \u00d5unasiidri \u00c4\u00e4dikas (90caps) - \u00d5unasiidri \u00e4\u00e4dikas - Parim Hind - Fit360","description":"OstroVit Apple Cider Vinegar on kvaliteetne toidulisand, mis on 11% \u00e4\u00e4dikhappega standardiseeritud \u00f5unasiidri \u00e4\u00e4dika allikas. Tegemist on kergesti ...","robots":{"index":"index","follow":"follow","max-snippet":"max-snippet:-1","max-image-preview":"max-image-preview:large","max-video-preview":"max-video-preview:-1"},"canonical":"https:\/\/fit360.ee\/en\/pood\/product-groups\/\u0432\u0435\u0433\u0430\u043d\/vegan-capsules-en\/apple-cider-vinegar-90caps\/","og_locale":"en_US","og_type":"article","og_title":"Apple Cider Vinegar \u2013 \u00d5unasiidri \u00c4\u00e4dikas (90caps) - \u00d5unasiidri \u00e4\u00e4dikas - Parim Hind - Fit360","og_description":"OstroVit Apple Cider Vinegar on kvaliteetne toidulisand, mis on 11% \u00e4\u00e4dikhappega standardiseeritud \u00f5unasiidri \u00e4\u00e4dika allikas. Tegemist on kergesti ...","og_url":"https:\/\/fit360.ee\/en\/pood\/product-groups\/\u0432\u0435\u0433\u0430\u043d\/vegan-capsules-en\/apple-cider-vinegar-90caps\/","og_site_name":"Fit360","article_modified_time":"2026-04-09T14:57:14+00:00","og_image":[{"width":450,"height":450,"url":"https:\/\/fit360.ee\/wp-content\/uploads\/2024\/01\/apple-cider-vinegar-ounasiidri-aadikas-fit360.ee_.png","type":"image\/png"}],"twitter_card":"summary_large_image","twitter_misc":{"Est. reading time":"2 minutes"},"schema":{"@context":"https:\/\/schema.org","@graph":[{"@type":"WebPage","@id":"https:\/\/fit360.ee\/en\/pood\/product-groups\/%d0%b2%d0%b5%d0%b3%d0%b0%d0%bd\/vegan-capsules-en\/apple-cider-vinegar-90caps\/","url":"https:\/\/fit360.ee\/en\/pood\/product-groups\/%d0%b2%d0%b5%d0%b3%d0%b0%d0%bd\/vegan-capsules-en\/apple-cider-vinegar-90caps\/","name":"Apple Cider Vinegar \u2013 \u00d5unasiidri \u00c4\u00e4dikas (90caps) - \u00d5unasiidri \u00e4\u00e4dikas - Parim Hind - Fit360","isPartOf":{"@id":"https:\/\/fit360.ee\/en\/#website"},"primaryImageOfPage":{"@id":"https:\/\/fit360.ee\/en\/pood\/product-groups\/%d0%b2%d0%b5%d0%b3%d0%b0%d0%bd\/vegan-capsules-en\/apple-cider-vinegar-90caps\/#primaryimage"},"image":{"@id":"https:\/\/fit360.ee\/en\/pood\/product-groups\/%d0%b2%d0%b5%d0%b3%d0%b0%d0%bd\/vegan-capsules-en\/apple-cider-vinegar-90caps\/#primaryimage"},"thumbnailUrl":"https:\/\/fit360.ee\/wp-content\/uploads\/2024\/01\/apple-cider-vinegar-ounasiidri-aadikas-fit360.ee_.png","datePublished":"2024-01-31T10:11:14+00:00","dateModified":"2026-04-09T14:57:14+00:00","description":"OstroVit Apple Cider Vinegar on kvaliteetne toidulisand, mis on 11% \u00e4\u00e4dikhappega standardiseeritud \u00f5unasiidri \u00e4\u00e4dika allikas. Tegemist on kergesti ...","breadcrumb":{"@id":"https:\/\/fit360.ee\/en\/pood\/product-groups\/%d0%b2%d0%b5%d0%b3%d0%b0%d0%bd\/vegan-capsules-en\/apple-cider-vinegar-90caps\/#breadcrumb"},"inLanguage":"en-US","potentialAction":[{"@type":"ReadAction","target":["https:\/\/fit360.ee\/en\/pood\/product-groups\/%d0%b2%d0%b5%d0%b3%d0%b0%d0%bd\/vegan-capsules-en\/apple-cider-vinegar-90caps\/"]}]},{"@type":"ImageObject","inLanguage":"en-US","@id":"https:\/\/fit360.ee\/en\/pood\/product-groups\/%d0%b2%d0%b5%d0%b3%d0%b0%d0%bd\/vegan-capsules-en\/apple-cider-vinegar-90caps\/#primaryimage","url":"https:\/\/fit360.ee\/wp-content\/uploads\/2024\/01\/apple-cider-vinegar-ounasiidri-aadikas-fit360.ee_.png","contentUrl":"https:\/\/fit360.ee\/wp-content\/uploads\/2024\/01\/apple-cider-vinegar-ounasiidri-aadikas-fit360.ee_.png","width":450,"height":450,"caption":"apple cider vinegar \u00f5unasiidri \u00e4\u00e4dikas - fit360.ee"},{"@type":"BreadcrumbList","@id":"https:\/\/fit360.ee\/en\/pood\/product-groups\/%d0%b2%d0%b5%d0%b3%d0%b0%d0%bd\/vegan-capsules-en\/apple-cider-vinegar-90caps\/#breadcrumb","itemListElement":[{"@type":"ListItem","position":1,"name":"Home","item":"https:\/\/fit360.ee\/en\/"},{"@type":"ListItem","position":2,"name":"Shop","item":"https:\/\/fit360.ee\/en\/shop\/"},{"@type":"ListItem","position":3,"name":"Apple Cider Vinegar \u2013 \u00d5unasiidri \u00c4\u00e4dikas (90caps)"}]},{"@type":"WebSite","@id":"https:\/\/fit360.ee\/en\/#website","url":"https:\/\/fit360.ee\/en\/","name":"Fit360","description":"","publisher":{"@id":"https:\/\/fit360.ee\/en\/#organization"},"potentialAction":[{"@type":"SearchAction","target":{"@type":"EntryPoint","urlTemplate":"https:\/\/fit360.ee\/en\/?s={search_term_string}"},"query-input":{"@type":"PropertyValueSpecification","valueRequired":true,"valueName":"search_term_string"}}],"inLanguage":"en-US"},{"@type":"Organization","@id":"https:\/\/fit360.ee\/en\/#organization","name":"Fit360","url":"https:\/\/fit360.ee\/en\/","logo":{"@type":"ImageObject","inLanguage":"en-US","@id":"https:\/\/fit360.ee\/en\/#\/schema\/logo\/image\/","url":"https:\/\/fit360.ee\/wp-content\/uploads\/2017\/01\/logo-fit360.png","contentUrl":"https:\/\/fit360.ee\/wp-content\/uploads\/2017\/01\/logo-fit360.png","width":180,"height":66,"caption":"Fit360"},"image":{"@id":"https:\/\/fit360.ee\/en\/#\/schema\/logo\/image\/"}}]}},"_links":{"self":[{"href":"https:\/\/fit360.ee\/en\/wp-json\/wp\/v2\/product\/77112","targetHints":{"allow":["GET"]}}],"collection":[{"href":"https:\/\/fit360.ee\/en\/wp-json\/wp\/v2\/product"}],"about":[{"href":"https:\/\/fit360.ee\/en\/wp-json\/wp\/v2\/types\/product"}],"replies":[{"embeddable":true,"href":"https:\/\/fit360.ee\/en\/wp-json\/wp\/v2\/comments?post=77112"}],"wp:featuredmedia":[{"embeddable":true,"href":"https:\/\/fit360.ee\/en\/wp-json\/wp\/v2\/media\/84701"}],"wp:attachment":[{"href":"https:\/\/fit360.ee\/en\/wp-json\/wp\/v2\/media?parent=77112"}],"wp:term":[{"taxonomy":"product_brand","embeddable":true,"href":"https:\/\/fit360.ee\/en\/wp-json\/wp\/v2\/product_brand?post=77112"},{"taxonomy":"product_cat","embeddable":true,"href":"https:\/\/fit360.ee\/en\/wp-json\/wp\/v2\/product_cat?post=77112"},{"taxonomy":"product_tag","embeddable":true,"href":"https:\/\/fit360.ee\/en\/wp-json\/wp\/v2\/product_tag?post=77112"},{"taxonomy":"giftcard-category","embeddable":true,"href":"https:\/\/fit360.ee\/en\/wp-json\/wp\/v2\/giftcard-category?post=77112"}],"curies":[{"name":"wp","href":"https:\/\/api.w.org\/{rel}","templated":true}]}}