{"id":77124,"date":"2024-01-31T13:13:39","date_gmt":"2024-01-31T11:13:39","guid":{"rendered":"https:\/\/fit360.ee\/pood\/uncategorized\/collagen-vitamin-c-200g\/"},"modified":"2025-08-19T08:36:58","modified_gmt":"2025-08-19T06:36:58","slug":"collagen-vitamin-c-200g","status":"publish","type":"product","link":"https:\/\/fit360.ee\/en\/pood\/product-groups\/vitamins-and-minerals-en\/c-vitamin-en\/collagen-vitamin-c-200g\/","title":{"rendered":"Collagen + Vitamin C (200g)"},"content":{"rendered":"<h2><strong>Ostrovit Collagen + Vitamin C<\/strong><\/h2>\n<p>OstroVit Collagen + Vitamin C on kvaliteetne toidulisand, mis on h\u00fcdrol\u00fc\u00fcsitud veiseliha kollageeni ja v\u00e4\u00e4rtusliku L-askorbiinhappe allikas. Tegemist on erinevate maitsetega saadaval oleva pulbri kujul preparaadiga, mis sobib suurep\u00e4raselt igap\u00e4evase toidulisandina f\u00fc\u00fcsiliselt aktiivsetele inimestele ning neile, kes hoolivad tervislikust ja ilusast v\u00e4limusest.<\/p>\n<ul class=\"cm__list\">\n<li><strong>H\u00fcdrol\u00fc\u00fcsitud veiseliha kollageeni allikas<\/strong>\u00a0\u2013 \u00dcks toidulisandi portsjon annab kehale koguni 8869 mg v\u00e4\u00e4rtuslikku \u00fchendit.<\/li>\n<li><strong>Rikas C-vitamiini poolest<\/strong>\u00a0\u2013 \u00fcks osa preparaati sisaldab 500 mg L-askorbiinhapet.<\/li>\n<li><strong>Erinevad maitsevariandid<\/strong>\u00a0&#8211; naturaalne, ananass, virsik v\u00f5i \u00e4kki musta s\u00f5stra v\u00f5i vaarika limonaad piparm\u00fcndiga?\u00a0Lai maitsevalik t\u00e4hendab, et iga\u00fcks leiab toidulisandist oma individuaalsetele eelistustele vastava versiooni.<\/li>\n<li><strong>1 portsjon = 2 kulbit\u00e4it<\/strong>\u00a0.<\/li>\n<li><strong>T\u00f5husus<\/strong>\u00a0\u2013 toote pakend sisaldab 20 portsjonit preparaati.<\/li>\n<li><strong>Mugav vorm<\/strong>\u00a0\u2013 Vees lahustuva pulbri kujul olev toidulisand tagab toote t\u00f5rgeteta tarnimise ja on suurep\u00e4rane lahendus inimestele, kellel on raskusi tablettide neelamisega.<\/li>\n<\/ul>\n<h4 class=\"cm__heading\"><strong>OstroVit Collagen + C-vitamiin \u2013 v\u00e4\u00e4rtuslike toimeainete allikas<\/strong><\/h4>\n<p class=\"cm__text\"><a href=\"https:\/\/fit360.ee\/en\/product-category\/product-groups\/collagen-en\/\"><strong>Kollageen<\/strong><\/a>\u00a0on \u00fcks peamisi keha ehitusvalke, looduslik pol\u00fcmeer ja loomorganismide rakkudevahelise aine oluline komponent.\u00a0See on struktuurne valk, mis moodustab umbes 30% k\u00f5igist inimkeha valkudest.\u00a0Neid leidub muu hulgas sidekoes, veresoontes, aga ka lihastes, nahas ja juustes.\u00a0Kuna kollageeni tase organismis vananedes v\u00e4heneb loomulike vananemisprotsesside tulemusena, tasub seda \u00fchendit organismile pakkuda ka v\u00e4ljastpoolt \u2013 Kollageen esineb mh loomade luudes v\u00f5i k\u00f5\u00f5lustes ning on saadaval ka toiduna. toidulisandid.\u00a0OstroVit preparaadis kasutatav veiseliha kollageen eristub v\u00e4ga hea biosaadavuse poolest, mis muudab selle inimese seedes\u00fcsteemis kergesti imenduvaks.\u00a0Lisaks ei ole veisekollageenil iseloomulikku l\u00f5hna, mis m\u00f5nikord v\u00f5ib esineda toidulisandites, mille aluseks on kalakollageen.<\/p>\n<p class=\"cm__text\"><a href=\"https:\/\/fit360.ee\/en\/product-category\/product-groups\/vitamins-and-minerals-en\/c-vitamin-en\/\"><strong>C-vitamiin<\/strong><\/a>\u00a0, mida nimetatakse ka askorbiinhappeks, on oluline orgaaniline keemiline \u00fchend, mis on klassifitseeritud vees lahustuvateks vitamiinideks.\u00a0Tegemist on eksogeense ainega, mida organism ise s\u00fcnteesida ei suuda, mist\u00f5ttu on vajalik selle \u00fchendiga varustamine organismi v\u00e4ljastpoolt &#8211; Koostisainet leidub toidus v\u00e4rsketes puu- ja k\u00f6\u00f6giviljades, sh paprika, nuikapsa, apelsinid v\u00f5i mustad s\u00f5strad, samuti toidulisandites.<\/p>\n<h4 class=\"cm__heading\"><strong>OstroVit Collagen + C-vitamiini koostises sisalduvate koostisosade omadused<\/strong><\/h4>\n<p>C-vitamiin aitab kaasa kollageeni \u00f5igele tootmisele, et tagada veresoonte, luude, k\u00f5hrede ja igemete, hammaste ja naha n\u00f5uetekohane toimimine.\u00a0Lisaks aitab \u00fchend kaasa piisavale energiavahetusele ja aitab s\u00e4ilitada optimaalseid ps\u00fchholoogilisi funktsioone.\u00a0L-askorbiinhape toetab ka n\u00e4rvi- ja immuuns\u00fcsteemi n\u00f5uetekohast talitlust ning aitab samuti v\u00e4hendada v\u00e4simust ja kurnatust.\u00a0Aine suurendab raua imendumist, samuti aitab kaasa E-vitamiini redutseeritud vormi taastumisele. C-vitamiin toetab rakkude kaitset oks\u00fcdatiivse stressi eest ning aitab s\u00e4ilitada immuuns\u00fcsteemi n\u00f5uetekohast talitlust intensiivse f\u00fc\u00fcsilise koormuse ajal ja p\u00e4rast seda .<\/p>\n<p><strong>Koostisosad<\/strong>: H\u00fcdrol\u00fc\u00fcsitud veisekollageen, L-askorbiinhape (C-vitamiin), happesuse regulaator: sidrunhape;\u00a0aroomid, kontsentreeritud peedimahl, v\u00e4rvus: karoteenid;\u00a0magusained: sukraloos, atsesulfaam K.<\/p>\n<p>Toidulisand.\u00a0Sisaldab magusaineid.<\/p>\n<p><strong>Kasutamine<\/strong>: Lahustage \u00fcks portsjon toodet 10 g (2 lusikat\u00e4it) 200 ml vees v\u00f5i mahlas \u0161eikeris.\u00a0V\u00f5tke 1 portsjon p\u00e4evas.\u00a0Toode on m\u00f5eldud t\u00e4iskasvanutele.<\/p>\n<p><strong>Suurus<\/strong>: 200g &#8211;\u00a0 20 serveeringut.<\/p>\n<table>\n<tbody>\n<tr>\n<th>Aktiivsed koostisosad<\/th>\n<th>100 g kohta<\/th>\n<th>portsjoni kohta<\/th>\n<th>% SPK*<\/th>\n<\/tr>\n<tr>\n<td>H\u00fcdrol\u00fc\u00fcsitud veiseliha kollageen<\/td>\n<td>88 690 mg<\/td>\n<td>8890 mg<\/td>\n<td>&#8211;<\/td>\n<\/tr>\n<tr>\n<td>C-vitamiin<\/td>\n<td>5000 mg<\/td>\n<td>500 mg<\/td>\n<td>625%<\/td>\n<\/tr>\n<\/tbody>\n<\/table>\n<p>*SPK \u2013 Soovitatud p\u00e4evane kogus.<\/p>\n<p>Vaata ka meie teisi Kollageene <a href=\"https:\/\/fit360.ee\/en\/product-category\/product-groups\/collagen-en\/\"><strong>SIIT<\/strong><\/a> v\u00f5i Toidulisandeid Liigestele <a href=\"https:\/\/fit360.ee\/en\/product-category\/product-groups\/joint-support-en\/\"><strong>SIIT<\/strong><\/a>!<\/p>\n<p>Soovid kaupa osta suuremas koguses? Vaata antud toodet ka meie HULGI poest\u00a0<a href=\"https:\/\/toidulisandidhulgi.ee\/tooted\/collagen-vitamin-c-200g\/\"><strong>SIIT<\/strong><\/a>!<\/p>\n","protected":false},"excerpt":{"rendered":"<ul class=\"cm__list\">\n<li>H\u00fcdrol\u00fc\u00fcsitud veiseliha kollageeni allikas<\/li>\n<li>Rikas C-vitamiini poolest<\/li>\n<li>Erinevad maitsevariandid<\/li>\n<li>1 portsjon = 2 kulbit\u00e4it\u00a0.<\/li>\n<li>T\u00f5husus<\/li>\n<li>Mugav vorm<\/li>\n<\/ul>\n","protected":false},"featured_media":77120,"comment_status":"closed","ping_status":"closed","template":"","meta":[],"product_brand":[],"product_cat":[1911,1636,527,1329,1454,536],"product_tag":[2584,4737,1924,4738],"giftcard-category":[],"class_list":{"0":"post-77124","1":"product","2":"type-product","3":"status-publish","4":"has-post-thumbnail","6":"product_cat-c-vitamin-en","7":"product_cat-collagen-en","8":"product_cat-joint-support-en","9":"product_cat-ostrovit-en","10":"product_cat-superfoods-health-foods-en","11":"product_cat-vitamins-and-minerals-en","12":"product_tag-collagen-vitamin-c-en","13":"product_tag-kollageenid-en","14":"product_tag-ostrovit-en","15":"product_tag-ostrovit-collagen-vitamin-c-en","16":"pa_maitse-black-currant","17":"pa_maitse-natural","18":"pa_maitse-peach","20":"first","21":"outofstock","22":"sale","23":"taxable","24":"shipping-taxable","25":"purchasable","26":"product-type-variable"},"yoast_head":"<!-- This site is optimized with the Yoast SEO plugin v27.3 - https:\/\/yoast.com\/product\/yoast-seo-wordpress\/ -->\n<title>Collagen + Vitamin C (200g) - Toidulisand Liigestele - Kiire Tarne - Fit360<\/title>\n<meta name=\"description\" content=\"OstroVit Collagen + Vitamin C on kvaliteetne toidulisand, mis on h\u00fcdrol\u00fc\u00fcsitud veiseliha kollageeni ja v\u00e4\u00e4rtusliku L-askorbiinhappe allikas.\" \/>\n<meta name=\"robots\" content=\"index, follow, max-snippet:-1, max-image-preview:large, max-video-preview:-1\" \/>\n<link rel=\"canonical\" href=\"https:\/\/fit360.ee\/en\/pood\/product-groups\/vitamins-and-minerals-en\/c-vitamin-en\/collagen-vitamin-c-200g\/\" \/>\n<meta property=\"og:locale\" content=\"en_US\" \/>\n<meta property=\"og:type\" content=\"article\" \/>\n<meta property=\"og:title\" content=\"Collagen + Vitamin C (200g) - Toidulisand Liigestele - Kiire Tarne - Fit360\" \/>\n<meta property=\"og:description\" content=\"OstroVit Collagen + Vitamin C on kvaliteetne toidulisand, mis on h\u00fcdrol\u00fc\u00fcsitud veiseliha kollageeni ja v\u00e4\u00e4rtusliku L-askorbiinhappe allikas.\" \/>\n<meta property=\"og:url\" content=\"https:\/\/fit360.ee\/en\/pood\/product-groups\/vitamins-and-minerals-en\/c-vitamin-en\/collagen-vitamin-c-200g\/\" \/>\n<meta property=\"og:site_name\" content=\"Fit360\" \/>\n<meta property=\"article:modified_time\" content=\"2025-08-19T06:36:58+00:00\" \/>\n<meta property=\"og:image\" content=\"https:\/\/fit360.ee\/wp-content\/uploads\/2024\/01\/ostrovit-collagen-vitamin-c-fit360.ee-1.png\" \/>\n\t<meta property=\"og:image:width\" content=\"450\" \/>\n\t<meta property=\"og:image:height\" content=\"450\" \/>\n\t<meta property=\"og:image:type\" content=\"image\/png\" \/>\n<meta name=\"twitter:card\" content=\"summary_large_image\" \/>\n<meta name=\"twitter:label1\" content=\"Est. reading time\" \/>\n\t<meta name=\"twitter:data1\" content=\"3 minutes\" \/>\n<script type=\"application\/ld+json\" class=\"yoast-schema-graph\">{\"@context\":\"https:\\\/\\\/schema.org\",\"@graph\":[{\"@type\":\"WebPage\",\"@id\":\"https:\\\/\\\/fit360.ee\\\/en\\\/pood\\\/product-groups\\\/vitamins-and-minerals-en\\\/c-vitamin-en\\\/collagen-vitamin-c-200g\\\/\",\"url\":\"https:\\\/\\\/fit360.ee\\\/en\\\/pood\\\/product-groups\\\/vitamins-and-minerals-en\\\/c-vitamin-en\\\/collagen-vitamin-c-200g\\\/\",\"name\":\"Collagen + Vitamin C (200g) - Toidulisand Liigestele - Kiire Tarne - Fit360\",\"isPartOf\":{\"@id\":\"https:\\\/\\\/fit360.ee\\\/en\\\/#website\"},\"primaryImageOfPage\":{\"@id\":\"https:\\\/\\\/fit360.ee\\\/en\\\/pood\\\/product-groups\\\/vitamins-and-minerals-en\\\/c-vitamin-en\\\/collagen-vitamin-c-200g\\\/#primaryimage\"},\"image\":{\"@id\":\"https:\\\/\\\/fit360.ee\\\/en\\\/pood\\\/product-groups\\\/vitamins-and-minerals-en\\\/c-vitamin-en\\\/collagen-vitamin-c-200g\\\/#primaryimage\"},\"thumbnailUrl\":\"https:\\\/\\\/fit360.ee\\\/wp-content\\\/uploads\\\/2024\\\/01\\\/ostrovit-collagen-vitamin-c-fit360.ee-1.png\",\"datePublished\":\"2024-01-31T11:13:39+00:00\",\"dateModified\":\"2025-08-19T06:36:58+00:00\",\"description\":\"OstroVit Collagen + Vitamin C on kvaliteetne toidulisand, mis on h\u00fcdrol\u00fc\u00fcsitud veiseliha kollageeni ja v\u00e4\u00e4rtusliku L-askorbiinhappe allikas.\",\"breadcrumb\":{\"@id\":\"https:\\\/\\\/fit360.ee\\\/en\\\/pood\\\/product-groups\\\/vitamins-and-minerals-en\\\/c-vitamin-en\\\/collagen-vitamin-c-200g\\\/#breadcrumb\"},\"inLanguage\":\"en-US\",\"potentialAction\":[{\"@type\":\"ReadAction\",\"target\":[\"https:\\\/\\\/fit360.ee\\\/en\\\/pood\\\/product-groups\\\/vitamins-and-minerals-en\\\/c-vitamin-en\\\/collagen-vitamin-c-200g\\\/\"]}]},{\"@type\":\"ImageObject\",\"inLanguage\":\"en-US\",\"@id\":\"https:\\\/\\\/fit360.ee\\\/en\\\/pood\\\/product-groups\\\/vitamins-and-minerals-en\\\/c-vitamin-en\\\/collagen-vitamin-c-200g\\\/#primaryimage\",\"url\":\"https:\\\/\\\/fit360.ee\\\/wp-content\\\/uploads\\\/2024\\\/01\\\/ostrovit-collagen-vitamin-c-fit360.ee-1.png\",\"contentUrl\":\"https:\\\/\\\/fit360.ee\\\/wp-content\\\/uploads\\\/2024\\\/01\\\/ostrovit-collagen-vitamin-c-fit360.ee-1.png\",\"width\":450,\"height\":450,\"caption\":\"ostrovit collagen + vitamin c - fit360.ee\"},{\"@type\":\"BreadcrumbList\",\"@id\":\"https:\\\/\\\/fit360.ee\\\/en\\\/pood\\\/product-groups\\\/vitamins-and-minerals-en\\\/c-vitamin-en\\\/collagen-vitamin-c-200g\\\/#breadcrumb\",\"itemListElement\":[{\"@type\":\"ListItem\",\"position\":1,\"name\":\"Home\",\"item\":\"https:\\\/\\\/fit360.ee\\\/en\\\/\"},{\"@type\":\"ListItem\",\"position\":2,\"name\":\"Shop\",\"item\":\"https:\\\/\\\/fit360.ee\\\/en\\\/shop\\\/\"},{\"@type\":\"ListItem\",\"position\":3,\"name\":\"Collagen + Vitamin C (200g)\"}]},{\"@type\":\"WebSite\",\"@id\":\"https:\\\/\\\/fit360.ee\\\/en\\\/#website\",\"url\":\"https:\\\/\\\/fit360.ee\\\/en\\\/\",\"name\":\"Fit360\",\"description\":\"\",\"publisher\":{\"@id\":\"https:\\\/\\\/fit360.ee\\\/en\\\/#organization\"},\"potentialAction\":[{\"@type\":\"SearchAction\",\"target\":{\"@type\":\"EntryPoint\",\"urlTemplate\":\"https:\\\/\\\/fit360.ee\\\/en\\\/?s={search_term_string}\"},\"query-input\":{\"@type\":\"PropertyValueSpecification\",\"valueRequired\":true,\"valueName\":\"search_term_string\"}}],\"inLanguage\":\"en-US\"},{\"@type\":\"Organization\",\"@id\":\"https:\\\/\\\/fit360.ee\\\/en\\\/#organization\",\"name\":\"Fit360\",\"url\":\"https:\\\/\\\/fit360.ee\\\/en\\\/\",\"logo\":{\"@type\":\"ImageObject\",\"inLanguage\":\"en-US\",\"@id\":\"https:\\\/\\\/fit360.ee\\\/en\\\/#\\\/schema\\\/logo\\\/image\\\/\",\"url\":\"https:\\\/\\\/fit360.ee\\\/wp-content\\\/uploads\\\/2017\\\/01\\\/logo-fit360.png\",\"contentUrl\":\"https:\\\/\\\/fit360.ee\\\/wp-content\\\/uploads\\\/2017\\\/01\\\/logo-fit360.png\",\"width\":180,\"height\":66,\"caption\":\"Fit360\"},\"image\":{\"@id\":\"https:\\\/\\\/fit360.ee\\\/en\\\/#\\\/schema\\\/logo\\\/image\\\/\"}}]}<\/script>\n<!-- \/ Yoast SEO plugin. -->","yoast_head_json":{"title":"Collagen + Vitamin C (200g) - Toidulisand Liigestele - Kiire Tarne - Fit360","description":"OstroVit Collagen + Vitamin C on kvaliteetne toidulisand, mis on h\u00fcdrol\u00fc\u00fcsitud veiseliha kollageeni ja v\u00e4\u00e4rtusliku L-askorbiinhappe allikas.","robots":{"index":"index","follow":"follow","max-snippet":"max-snippet:-1","max-image-preview":"max-image-preview:large","max-video-preview":"max-video-preview:-1"},"canonical":"https:\/\/fit360.ee\/en\/pood\/product-groups\/vitamins-and-minerals-en\/c-vitamin-en\/collagen-vitamin-c-200g\/","og_locale":"en_US","og_type":"article","og_title":"Collagen + Vitamin C (200g) - Toidulisand Liigestele - Kiire Tarne - Fit360","og_description":"OstroVit Collagen + Vitamin C on kvaliteetne toidulisand, mis on h\u00fcdrol\u00fc\u00fcsitud veiseliha kollageeni ja v\u00e4\u00e4rtusliku L-askorbiinhappe allikas.","og_url":"https:\/\/fit360.ee\/en\/pood\/product-groups\/vitamins-and-minerals-en\/c-vitamin-en\/collagen-vitamin-c-200g\/","og_site_name":"Fit360","article_modified_time":"2025-08-19T06:36:58+00:00","og_image":[{"width":450,"height":450,"url":"https:\/\/fit360.ee\/wp-content\/uploads\/2024\/01\/ostrovit-collagen-vitamin-c-fit360.ee-1.png","type":"image\/png"}],"twitter_card":"summary_large_image","twitter_misc":{"Est. reading time":"3 minutes"},"schema":{"@context":"https:\/\/schema.org","@graph":[{"@type":"WebPage","@id":"https:\/\/fit360.ee\/en\/pood\/product-groups\/vitamins-and-minerals-en\/c-vitamin-en\/collagen-vitamin-c-200g\/","url":"https:\/\/fit360.ee\/en\/pood\/product-groups\/vitamins-and-minerals-en\/c-vitamin-en\/collagen-vitamin-c-200g\/","name":"Collagen + Vitamin C (200g) - Toidulisand Liigestele - Kiire Tarne - Fit360","isPartOf":{"@id":"https:\/\/fit360.ee\/en\/#website"},"primaryImageOfPage":{"@id":"https:\/\/fit360.ee\/en\/pood\/product-groups\/vitamins-and-minerals-en\/c-vitamin-en\/collagen-vitamin-c-200g\/#primaryimage"},"image":{"@id":"https:\/\/fit360.ee\/en\/pood\/product-groups\/vitamins-and-minerals-en\/c-vitamin-en\/collagen-vitamin-c-200g\/#primaryimage"},"thumbnailUrl":"https:\/\/fit360.ee\/wp-content\/uploads\/2024\/01\/ostrovit-collagen-vitamin-c-fit360.ee-1.png","datePublished":"2024-01-31T11:13:39+00:00","dateModified":"2025-08-19T06:36:58+00:00","description":"OstroVit Collagen + Vitamin C on kvaliteetne toidulisand, mis on h\u00fcdrol\u00fc\u00fcsitud veiseliha kollageeni ja v\u00e4\u00e4rtusliku L-askorbiinhappe allikas.","breadcrumb":{"@id":"https:\/\/fit360.ee\/en\/pood\/product-groups\/vitamins-and-minerals-en\/c-vitamin-en\/collagen-vitamin-c-200g\/#breadcrumb"},"inLanguage":"en-US","potentialAction":[{"@type":"ReadAction","target":["https:\/\/fit360.ee\/en\/pood\/product-groups\/vitamins-and-minerals-en\/c-vitamin-en\/collagen-vitamin-c-200g\/"]}]},{"@type":"ImageObject","inLanguage":"en-US","@id":"https:\/\/fit360.ee\/en\/pood\/product-groups\/vitamins-and-minerals-en\/c-vitamin-en\/collagen-vitamin-c-200g\/#primaryimage","url":"https:\/\/fit360.ee\/wp-content\/uploads\/2024\/01\/ostrovit-collagen-vitamin-c-fit360.ee-1.png","contentUrl":"https:\/\/fit360.ee\/wp-content\/uploads\/2024\/01\/ostrovit-collagen-vitamin-c-fit360.ee-1.png","width":450,"height":450,"caption":"ostrovit collagen + vitamin c - fit360.ee"},{"@type":"BreadcrumbList","@id":"https:\/\/fit360.ee\/en\/pood\/product-groups\/vitamins-and-minerals-en\/c-vitamin-en\/collagen-vitamin-c-200g\/#breadcrumb","itemListElement":[{"@type":"ListItem","position":1,"name":"Home","item":"https:\/\/fit360.ee\/en\/"},{"@type":"ListItem","position":2,"name":"Shop","item":"https:\/\/fit360.ee\/en\/shop\/"},{"@type":"ListItem","position":3,"name":"Collagen + Vitamin C (200g)"}]},{"@type":"WebSite","@id":"https:\/\/fit360.ee\/en\/#website","url":"https:\/\/fit360.ee\/en\/","name":"Fit360","description":"","publisher":{"@id":"https:\/\/fit360.ee\/en\/#organization"},"potentialAction":[{"@type":"SearchAction","target":{"@type":"EntryPoint","urlTemplate":"https:\/\/fit360.ee\/en\/?s={search_term_string}"},"query-input":{"@type":"PropertyValueSpecification","valueRequired":true,"valueName":"search_term_string"}}],"inLanguage":"en-US"},{"@type":"Organization","@id":"https:\/\/fit360.ee\/en\/#organization","name":"Fit360","url":"https:\/\/fit360.ee\/en\/","logo":{"@type":"ImageObject","inLanguage":"en-US","@id":"https:\/\/fit360.ee\/en\/#\/schema\/logo\/image\/","url":"https:\/\/fit360.ee\/wp-content\/uploads\/2017\/01\/logo-fit360.png","contentUrl":"https:\/\/fit360.ee\/wp-content\/uploads\/2017\/01\/logo-fit360.png","width":180,"height":66,"caption":"Fit360"},"image":{"@id":"https:\/\/fit360.ee\/en\/#\/schema\/logo\/image\/"}}]}},"_links":{"self":[{"href":"https:\/\/fit360.ee\/en\/wp-json\/wp\/v2\/product\/77124","targetHints":{"allow":["GET"]}}],"collection":[{"href":"https:\/\/fit360.ee\/en\/wp-json\/wp\/v2\/product"}],"about":[{"href":"https:\/\/fit360.ee\/en\/wp-json\/wp\/v2\/types\/product"}],"replies":[{"embeddable":true,"href":"https:\/\/fit360.ee\/en\/wp-json\/wp\/v2\/comments?post=77124"}],"wp:featuredmedia":[{"embeddable":true,"href":"https:\/\/fit360.ee\/en\/wp-json\/wp\/v2\/media\/77120"}],"wp:attachment":[{"href":"https:\/\/fit360.ee\/en\/wp-json\/wp\/v2\/media?parent=77124"}],"wp:term":[{"taxonomy":"product_brand","embeddable":true,"href":"https:\/\/fit360.ee\/en\/wp-json\/wp\/v2\/product_brand?post=77124"},{"taxonomy":"product_cat","embeddable":true,"href":"https:\/\/fit360.ee\/en\/wp-json\/wp\/v2\/product_cat?post=77124"},{"taxonomy":"product_tag","embeddable":true,"href":"https:\/\/fit360.ee\/en\/wp-json\/wp\/v2\/product_tag?post=77124"},{"taxonomy":"giftcard-category","embeddable":true,"href":"https:\/\/fit360.ee\/en\/wp-json\/wp\/v2\/giftcard-category?post=77124"}],"curies":[{"name":"wp","href":"https:\/\/api.w.org\/{rel}","templated":true}]}}