{"id":77136,"date":"2024-01-31T13:47:06","date_gmt":"2024-01-31T11:47:06","guid":{"rendered":"https:\/\/fit360.ee\/pood\/uncategorized\/100-whey-protein-700g\/"},"modified":"2026-04-09T14:42:11","modified_gmt":"2026-04-09T12:42:11","slug":"100-whey-protein-700g","status":"publish","type":"product","link":"https:\/\/fit360.ee\/en\/pood\/product-groups\/protein-poweders-en\/whey-protein-en\/100-whey-protein-700g\/","title":{"rendered":"100% Whey Protein (700g)"},"content":{"rendered":"<h2><strong>100% Whey Protein<\/strong><\/h2>\n<p>OstroVit 100% Whey Protein on toidulisand, mis on vadakuvalgu kontsentraadi allikas, mis sisaldab tervelt 70% kvaliteetseid valke.\u00a0See on preparaat, mis varustab organismi hargnenud ahelaga aminohapetega BCAA, aga ka asendamatute aminohapetega EAA.\u00a0See on madala rasvasisaldusega toode, mis on saadaval pulbrina erinevate maitsetega ja mis on loodud sportlastele ja inimestele, kes soovivad t\u00e4iendada oma igap\u00e4evast toitumist v\u00e4\u00e4rtusliku makrotoitainega.<\/p>\n<ul class=\"cm__list\">\n<li><strong>Kvaliteetse valgu allikas<\/strong>\u00a0\u2013 \u00fcks toidulisandi portsjon annab kehale 21 g vadakuvalgu kontsentraadist saadud valku.<\/li>\n<li><strong>Hargnenud ahelaga aminohapete ehk BCAA allikas <\/strong>\u00a0\u2013 \u00fcks portsjon toodet sisaldab 4,8 g BCAA-d.<\/li>\n<li><strong>Asendamatute aminohapete ehk EAA allikas <\/strong>\u00a0\u2013 \u00fcks portsjon toodet on 11 g asendamatute aminohapete allikas.<\/li>\n<li><strong>Madala rasvasisaldusega<\/strong>\u00a0\u2013 \u00fcks portsjon toodet annab kehale 0,7 g rasva.<\/li>\n<li><strong>Ei ole lisatud suhkrut<\/strong>\u00a0\u2013 toitaine sisaldab madala energiasisaldusega magusainet nagu sukraloos, mis aitab kaasa toote kalorisisalduse v\u00e4hendamisele.<\/li>\n<li><strong>Erinevad maitsevariandid<\/strong>\u00a0&#8211; valge \u0161okolaad, tiramisu, maasikakreem v\u00f5i k\u00fcpsised?\u00a0Kuidas oleks pistaatsiakreemiga, maap\u00e4hkliv\u00f5iga, sarapuup\u00e4hklikreemiga, prantsuse vanilli v\u00f5i koorebr\u00fcleega?\u00a0K\u00fcpsise- v\u00f5i \u0161okolaadiunistus, vahukomm, banaanikook, \u00f5unakook v\u00f5i mustikajogurt?\u00a0Maitsekompositsioonide rohkus t\u00e4hendab, et iga\u00fcks leiab midagi enda jaoks.<\/li>\n<li><strong>1 portsjon = 2,5 kulbit\u00e4it = 30 g<\/strong>\u00a0.<\/li>\n<li><strong>Performance<\/strong>\u00a0&#8211; tootepakend sisaldab 23 portsjonit toodet.<\/li>\n<li><strong>Mugav vorm<\/strong>\u00a0\u2013 pulbrina saadaval olev preparaat tagab toidulisandi probleemideta tarnimise ja sobib suurep\u00e4raselt inimestele, kellel on raskusi tablettide neelamisega.<\/li>\n<\/ul>\n<h4 class=\"cm__heading\"><strong>OstroVit 100% Whey Protein \u2013 kvaliteetse valgu allikas<\/strong><\/h4>\n<p class=\"cm__text\"><a href=\"https:\/\/fit360.ee\/en\/product-category\/product-groups\/protein-poweders-en\/whey-protein-en\/\" target=\"_blank\" rel=\"noopener\"><strong>Vadakuvalk<\/strong><\/a>\u00a0on valmistatud vadakust, mis on juustutootmise k\u00f5rvalsaadus.\u00a0See on loomne valguallikas, mida kasutavad f\u00fc\u00fcsiliselt aktiivsed inimesed, s\u00f5ltumata treeningu eesm\u00e4rgist, treenituse tasemest ja kogemustest.\u00a0Vadakuvalke on kolme t\u00fc\u00fcpi \u2013 vadakuvalgu kontsentraat (WPC), vadakuvalgu h\u00fcdrol\u00fcsaat (WPH) ja vadakuvalgu isolaat (WPI).\u00a0OstroVit 100% Whey Protein kasutab piimast saadud vadakuvalgu kontsentraati, mida eristab hea lahustuvus, suurep\u00e4rane omastatavus ja l\u00fchike imendumisaeg, millel on positiivne m\u00f5ju toidulisandi kvaliteedile.<\/p>\n<h4 class=\"cm__heading\"><strong>OstroVit 100% Whey Proteinis sisalduvate koostisosade omadused<\/strong><\/h4>\n<p><strong>Valk<\/strong>\u00a0aitab kaasa lihaste kasvule ja aitab s\u00e4ilitada lihasmassi, samuti toetab tervete luude s\u00e4ilimist.<\/p>\n<p><strong>Koostisosad<\/strong>: Vadakuvalgu kontsentraat piimast\u00a0<strong>[<\/strong>\u00a0sisaldab letsitiini (1);\u00a0<strong>sojaletsitiin<\/strong>\u00a0(2)], maltodekstriin, l\u00f5hna- ja maitseaine, v\u00e4rvus: ammoniaagi karamell;\u00a0magusaine: sukraloos.<\/p>\n<p>Toode v\u00f5ib sisaldada soja, maap\u00e4hkleid, muid p\u00e4hkleid, seesamiseemneid, gluteeni sisaldavaid teravilju, mune, v\u00e4hilaadseid, kala.<\/p>\n<p><strong>Kasutamine<\/strong>: Lahustage \u00fcks portsjon toodet 30 g (2,5 lusikat\u00e4it) 200 ml piimas v\u00f5i vees.\u00a0S\u00f5ltuvalt teie vajadustest v\u00f5tke 1-2 portsjonit p\u00e4evas.<\/p>\n<p><strong>Suurus<\/strong>: 700g &#8211; 23 serveeringut<\/p>\n<section class=\"projector__description--nutritional row\" data-selector=\".--nutritional\">\n<div class=\"col-12 col-md-10 col-lg-8\">\n<div class=\"--nutrit\">\n<div class=\"nutrition_table_wrapper\">\n<div class=\"table_wrapper\">\n<table>\n<tbody>\n<tr>\n<th>Toitev\u00e4\u00e4rtus<\/th>\n<th>30 g portsjoni kohta<\/th>\n<th>Portsjoni kohta 60 g<\/th>\n<th>100 g juures<\/th>\n<\/tr>\n<tr>\n<td>Energia<\/td>\n<td>479 kJ \/ 113 kcal<\/td>\n<td>957 kJ \/ 226 kcal<\/td>\n<td>1595 kJ \/ 377 kcal<\/td>\n<\/tr>\n<tr>\n<td>Rasvad<\/td>\n<td>0,7 g<\/td>\n<td>1,3 g<\/td>\n<td>2,2 g<\/td>\n<\/tr>\n<tr class=\"sub\">\n<td>&#8211; millest k\u00fcllastunud rasvhapped<\/td>\n<td>0,4 g<\/td>\n<td>0,8 g<\/td>\n<td>1,3 g<\/td>\n<\/tr>\n<tr>\n<td>S\u00fcsivesikud<\/td>\n<td>4,5 g<\/td>\n<td>9,0 g<\/td>\n<td>15 g<\/td>\n<\/tr>\n<tr class=\"sub\">\n<td>&#8211; millest suhkrud<\/td>\n<td>1,9 g<\/td>\n<td>3,8 g<\/td>\n<td>6,4 g<\/td>\n<\/tr>\n<tr>\n<td>Valk<\/td>\n<td>21 g<\/td>\n<td>42 g<\/td>\n<td>70 g<\/td>\n<\/tr>\n<tr>\n<td>soola<\/td>\n<td>0,13 g<\/td>\n<td>0,25 g<\/td>\n<td>0,42 g<\/td>\n<\/tr>\n<\/tbody>\n<\/table>\n<p>Vaata ka meie Teisi Valgupulbreid <a href=\"https:\/\/fit360.ee\/en\/product-category\/product-groups\/protein-poweders-en\/\"><strong>SIIT<\/strong><\/a> v\u00f5i Vadakuvalke <a href=\"https:\/\/fit360.ee\/en\/product-category\/product-groups\/protein-poweders-en\/whey-protein-en\/\"><strong>SIIT<\/strong><\/a>!<\/p>\n<p>Soovid kaupa osta suuremas koguses? Vaata antud toodet ka meie HULGI poest\u00a0<a href=\"https:\/\/toidulisandidhulgi.ee\/tooted\/100-whey-protein-700g\/\"><strong>SIIT<\/strong><\/a>!<\/p>\n<\/div>\n<\/div>\n<\/div>\n<\/div>\n<\/section>\n","protected":false},"excerpt":{"rendered":"<ul class=\"cm__list\">\n<li>Kvaliteetse valgu allikas<\/li>\n<li>Hargnenud ahelaga aminohapete ehk BCAA allikas<\/li>\n<li>Asendamatute aminohapete ehk EAA allikas<\/li>\n<li>Madala rasvasisaldusega<\/li>\n<li>Ei ole lisatud suhkrut<\/li>\n<li>Erinevad maitsevariandid &#8211;<\/li>\n<li>1 portsjon = 2,5 kulbit\u00e4it = 30 g\u00a0.<\/li>\n<li>Mugav vorm<\/li>\n<\/ul>\n","protected":false},"featured_media":77131,"comment_status":"closed","ping_status":"closed","template":"","meta":[],"product_brand":[],"product_cat":[1329,535,531,2420],"product_tag":[4504,1924,4740],"giftcard-category":[],"class_list":{"0":"post-77136","1":"product","2":"type-product","3":"status-publish","4":"has-post-thumbnail","6":"product_cat-ostrovit-en","7":"product_cat-protein-poweders-en","8":"product_cat-recovery-post-workout-en","9":"product_cat-whey-protein-en","10":"product_tag-100-whey-protein-en","11":"product_tag-ostrovit-en","12":"product_tag-ostrovit-100-whey-protein-en","13":"pa_maitse-banana-cake-en","14":"pa_maitse-chocolate","15":"pa_maitse-cookie","16":"pa_maitse-creme-brulee","17":"pa_maitse-french-vanilla-en","18":"pa_maitse-mustikajogurt-en","19":"pa_maitse-ounapirukas-en","20":"pa_maitse-peanut-butter-en-2","21":"pa_maitse-strawberry","22":"pa_maitse-tiramisu-en","24":"first","25":"outofstock","26":"sale","27":"taxable","28":"shipping-taxable","29":"purchasable","30":"product-type-variable"},"yoast_head":"<!-- This site is optimized with the Yoast SEO plugin v27.3 - https:\/\/yoast.com\/product\/yoast-seo-wordpress\/ -->\n<title>100% Whey Protein (700g) - Vadakuvalgu kontsentraat - Kiire Tarne - Fit360<\/title>\n<meta name=\"description\" content=\"100% Whey Protein on kvaliteetse vadakuvalgu allikas, mis sisaldab suures koguses ka BCAA ja EAA Aminohappeid. \u00dclihead maitsed ning kiire tarne.\" \/>\n<meta name=\"robots\" content=\"index, follow, max-snippet:-1, max-image-preview:large, max-video-preview:-1\" \/>\n<link rel=\"canonical\" href=\"https:\/\/fit360.ee\/en\/pood\/product-groups\/protein-poweders-en\/whey-protein-en\/100-whey-protein-700g\/\" \/>\n<meta property=\"og:locale\" content=\"en_US\" \/>\n<meta property=\"og:type\" content=\"article\" \/>\n<meta property=\"og:title\" content=\"100% Whey Protein (700g) - Vadakuvalgu kontsentraat - Kiire Tarne - Fit360\" \/>\n<meta property=\"og:description\" content=\"100% Whey Protein on kvaliteetse vadakuvalgu allikas, mis sisaldab suures koguses ka BCAA ja EAA Aminohappeid. \u00dclihead maitsed ning kiire tarne.\" \/>\n<meta property=\"og:url\" content=\"https:\/\/fit360.ee\/en\/pood\/product-groups\/protein-poweders-en\/whey-protein-en\/100-whey-protein-700g\/\" \/>\n<meta property=\"og:site_name\" content=\"Fit360\" \/>\n<meta property=\"article:modified_time\" content=\"2026-04-09T12:42:11+00:00\" \/>\n<meta property=\"og:image\" content=\"https:\/\/fit360.ee\/wp-content\/uploads\/2024\/01\/ostrovit-100-Whey-Protein-fit360.ee-1.png\" \/>\n\t<meta property=\"og:image:width\" content=\"450\" \/>\n\t<meta property=\"og:image:height\" content=\"450\" \/>\n\t<meta property=\"og:image:type\" content=\"image\/png\" \/>\n<meta name=\"twitter:card\" content=\"summary_large_image\" \/>\n<meta name=\"twitter:label1\" content=\"Est. reading time\" \/>\n\t<meta name=\"twitter:data1\" content=\"3 minutes\" \/>\n<script type=\"application\/ld+json\" class=\"yoast-schema-graph\">{\"@context\":\"https:\\\/\\\/schema.org\",\"@graph\":[{\"@type\":\"WebPage\",\"@id\":\"https:\\\/\\\/fit360.ee\\\/en\\\/pood\\\/product-groups\\\/protein-poweders-en\\\/whey-protein-en\\\/100-whey-protein-700g\\\/\",\"url\":\"https:\\\/\\\/fit360.ee\\\/en\\\/pood\\\/product-groups\\\/protein-poweders-en\\\/whey-protein-en\\\/100-whey-protein-700g\\\/\",\"name\":\"100% Whey Protein (700g) - Vadakuvalgu kontsentraat - Kiire Tarne - Fit360\",\"isPartOf\":{\"@id\":\"https:\\\/\\\/fit360.ee\\\/en\\\/#website\"},\"primaryImageOfPage\":{\"@id\":\"https:\\\/\\\/fit360.ee\\\/en\\\/pood\\\/product-groups\\\/protein-poweders-en\\\/whey-protein-en\\\/100-whey-protein-700g\\\/#primaryimage\"},\"image\":{\"@id\":\"https:\\\/\\\/fit360.ee\\\/en\\\/pood\\\/product-groups\\\/protein-poweders-en\\\/whey-protein-en\\\/100-whey-protein-700g\\\/#primaryimage\"},\"thumbnailUrl\":\"https:\\\/\\\/fit360.ee\\\/wp-content\\\/uploads\\\/2024\\\/01\\\/ostrovit-100-Whey-Protein-fit360.ee-1.png\",\"datePublished\":\"2024-01-31T11:47:06+00:00\",\"dateModified\":\"2026-04-09T12:42:11+00:00\",\"description\":\"100% Whey Protein on kvaliteetse vadakuvalgu allikas, mis sisaldab suures koguses ka BCAA ja EAA Aminohappeid. \u00dclihead maitsed ning kiire tarne.\",\"breadcrumb\":{\"@id\":\"https:\\\/\\\/fit360.ee\\\/en\\\/pood\\\/product-groups\\\/protein-poweders-en\\\/whey-protein-en\\\/100-whey-protein-700g\\\/#breadcrumb\"},\"inLanguage\":\"en-US\",\"potentialAction\":[{\"@type\":\"ReadAction\",\"target\":[\"https:\\\/\\\/fit360.ee\\\/en\\\/pood\\\/product-groups\\\/protein-poweders-en\\\/whey-protein-en\\\/100-whey-protein-700g\\\/\"]}]},{\"@type\":\"ImageObject\",\"inLanguage\":\"en-US\",\"@id\":\"https:\\\/\\\/fit360.ee\\\/en\\\/pood\\\/product-groups\\\/protein-poweders-en\\\/whey-protein-en\\\/100-whey-protein-700g\\\/#primaryimage\",\"url\":\"https:\\\/\\\/fit360.ee\\\/wp-content\\\/uploads\\\/2024\\\/01\\\/ostrovit-100-Whey-Protein-fit360.ee-1.png\",\"contentUrl\":\"https:\\\/\\\/fit360.ee\\\/wp-content\\\/uploads\\\/2024\\\/01\\\/ostrovit-100-Whey-Protein-fit360.ee-1.png\",\"width\":450,\"height\":450,\"caption\":\"ostrovit 100% Whey Protein - fit360.ee\"},{\"@type\":\"BreadcrumbList\",\"@id\":\"https:\\\/\\\/fit360.ee\\\/en\\\/pood\\\/product-groups\\\/protein-poweders-en\\\/whey-protein-en\\\/100-whey-protein-700g\\\/#breadcrumb\",\"itemListElement\":[{\"@type\":\"ListItem\",\"position\":1,\"name\":\"Home\",\"item\":\"https:\\\/\\\/fit360.ee\\\/en\\\/\"},{\"@type\":\"ListItem\",\"position\":2,\"name\":\"Shop\",\"item\":\"https:\\\/\\\/fit360.ee\\\/en\\\/shop\\\/\"},{\"@type\":\"ListItem\",\"position\":3,\"name\":\"100% Whey Protein (700g)\"}]},{\"@type\":\"WebSite\",\"@id\":\"https:\\\/\\\/fit360.ee\\\/en\\\/#website\",\"url\":\"https:\\\/\\\/fit360.ee\\\/en\\\/\",\"name\":\"Fit360\",\"description\":\"\",\"publisher\":{\"@id\":\"https:\\\/\\\/fit360.ee\\\/en\\\/#organization\"},\"potentialAction\":[{\"@type\":\"SearchAction\",\"target\":{\"@type\":\"EntryPoint\",\"urlTemplate\":\"https:\\\/\\\/fit360.ee\\\/en\\\/?s={search_term_string}\"},\"query-input\":{\"@type\":\"PropertyValueSpecification\",\"valueRequired\":true,\"valueName\":\"search_term_string\"}}],\"inLanguage\":\"en-US\"},{\"@type\":\"Organization\",\"@id\":\"https:\\\/\\\/fit360.ee\\\/en\\\/#organization\",\"name\":\"Fit360\",\"url\":\"https:\\\/\\\/fit360.ee\\\/en\\\/\",\"logo\":{\"@type\":\"ImageObject\",\"inLanguage\":\"en-US\",\"@id\":\"https:\\\/\\\/fit360.ee\\\/en\\\/#\\\/schema\\\/logo\\\/image\\\/\",\"url\":\"https:\\\/\\\/fit360.ee\\\/wp-content\\\/uploads\\\/2017\\\/01\\\/logo-fit360.png\",\"contentUrl\":\"https:\\\/\\\/fit360.ee\\\/wp-content\\\/uploads\\\/2017\\\/01\\\/logo-fit360.png\",\"width\":180,\"height\":66,\"caption\":\"Fit360\"},\"image\":{\"@id\":\"https:\\\/\\\/fit360.ee\\\/en\\\/#\\\/schema\\\/logo\\\/image\\\/\"}}]}<\/script>\n<!-- \/ Yoast SEO plugin. -->","yoast_head_json":{"title":"100% Whey Protein (700g) - Vadakuvalgu kontsentraat - Kiire Tarne - Fit360","description":"100% Whey Protein on kvaliteetse vadakuvalgu allikas, mis sisaldab suures koguses ka BCAA ja EAA Aminohappeid. \u00dclihead maitsed ning kiire tarne.","robots":{"index":"index","follow":"follow","max-snippet":"max-snippet:-1","max-image-preview":"max-image-preview:large","max-video-preview":"max-video-preview:-1"},"canonical":"https:\/\/fit360.ee\/en\/pood\/product-groups\/protein-poweders-en\/whey-protein-en\/100-whey-protein-700g\/","og_locale":"en_US","og_type":"article","og_title":"100% Whey Protein (700g) - Vadakuvalgu kontsentraat - Kiire Tarne - Fit360","og_description":"100% Whey Protein on kvaliteetse vadakuvalgu allikas, mis sisaldab suures koguses ka BCAA ja EAA Aminohappeid. \u00dclihead maitsed ning kiire tarne.","og_url":"https:\/\/fit360.ee\/en\/pood\/product-groups\/protein-poweders-en\/whey-protein-en\/100-whey-protein-700g\/","og_site_name":"Fit360","article_modified_time":"2026-04-09T12:42:11+00:00","og_image":[{"width":450,"height":450,"url":"https:\/\/fit360.ee\/wp-content\/uploads\/2024\/01\/ostrovit-100-Whey-Protein-fit360.ee-1.png","type":"image\/png"}],"twitter_card":"summary_large_image","twitter_misc":{"Est. reading time":"3 minutes"},"schema":{"@context":"https:\/\/schema.org","@graph":[{"@type":"WebPage","@id":"https:\/\/fit360.ee\/en\/pood\/product-groups\/protein-poweders-en\/whey-protein-en\/100-whey-protein-700g\/","url":"https:\/\/fit360.ee\/en\/pood\/product-groups\/protein-poweders-en\/whey-protein-en\/100-whey-protein-700g\/","name":"100% Whey Protein (700g) - Vadakuvalgu kontsentraat - Kiire Tarne - Fit360","isPartOf":{"@id":"https:\/\/fit360.ee\/en\/#website"},"primaryImageOfPage":{"@id":"https:\/\/fit360.ee\/en\/pood\/product-groups\/protein-poweders-en\/whey-protein-en\/100-whey-protein-700g\/#primaryimage"},"image":{"@id":"https:\/\/fit360.ee\/en\/pood\/product-groups\/protein-poweders-en\/whey-protein-en\/100-whey-protein-700g\/#primaryimage"},"thumbnailUrl":"https:\/\/fit360.ee\/wp-content\/uploads\/2024\/01\/ostrovit-100-Whey-Protein-fit360.ee-1.png","datePublished":"2024-01-31T11:47:06+00:00","dateModified":"2026-04-09T12:42:11+00:00","description":"100% Whey Protein on kvaliteetse vadakuvalgu allikas, mis sisaldab suures koguses ka BCAA ja EAA Aminohappeid. \u00dclihead maitsed ning kiire tarne.","breadcrumb":{"@id":"https:\/\/fit360.ee\/en\/pood\/product-groups\/protein-poweders-en\/whey-protein-en\/100-whey-protein-700g\/#breadcrumb"},"inLanguage":"en-US","potentialAction":[{"@type":"ReadAction","target":["https:\/\/fit360.ee\/en\/pood\/product-groups\/protein-poweders-en\/whey-protein-en\/100-whey-protein-700g\/"]}]},{"@type":"ImageObject","inLanguage":"en-US","@id":"https:\/\/fit360.ee\/en\/pood\/product-groups\/protein-poweders-en\/whey-protein-en\/100-whey-protein-700g\/#primaryimage","url":"https:\/\/fit360.ee\/wp-content\/uploads\/2024\/01\/ostrovit-100-Whey-Protein-fit360.ee-1.png","contentUrl":"https:\/\/fit360.ee\/wp-content\/uploads\/2024\/01\/ostrovit-100-Whey-Protein-fit360.ee-1.png","width":450,"height":450,"caption":"ostrovit 100% Whey Protein - fit360.ee"},{"@type":"BreadcrumbList","@id":"https:\/\/fit360.ee\/en\/pood\/product-groups\/protein-poweders-en\/whey-protein-en\/100-whey-protein-700g\/#breadcrumb","itemListElement":[{"@type":"ListItem","position":1,"name":"Home","item":"https:\/\/fit360.ee\/en\/"},{"@type":"ListItem","position":2,"name":"Shop","item":"https:\/\/fit360.ee\/en\/shop\/"},{"@type":"ListItem","position":3,"name":"100% Whey Protein (700g)"}]},{"@type":"WebSite","@id":"https:\/\/fit360.ee\/en\/#website","url":"https:\/\/fit360.ee\/en\/","name":"Fit360","description":"","publisher":{"@id":"https:\/\/fit360.ee\/en\/#organization"},"potentialAction":[{"@type":"SearchAction","target":{"@type":"EntryPoint","urlTemplate":"https:\/\/fit360.ee\/en\/?s={search_term_string}"},"query-input":{"@type":"PropertyValueSpecification","valueRequired":true,"valueName":"search_term_string"}}],"inLanguage":"en-US"},{"@type":"Organization","@id":"https:\/\/fit360.ee\/en\/#organization","name":"Fit360","url":"https:\/\/fit360.ee\/en\/","logo":{"@type":"ImageObject","inLanguage":"en-US","@id":"https:\/\/fit360.ee\/en\/#\/schema\/logo\/image\/","url":"https:\/\/fit360.ee\/wp-content\/uploads\/2017\/01\/logo-fit360.png","contentUrl":"https:\/\/fit360.ee\/wp-content\/uploads\/2017\/01\/logo-fit360.png","width":180,"height":66,"caption":"Fit360"},"image":{"@id":"https:\/\/fit360.ee\/en\/#\/schema\/logo\/image\/"}}]}},"_links":{"self":[{"href":"https:\/\/fit360.ee\/en\/wp-json\/wp\/v2\/product\/77136","targetHints":{"allow":["GET"]}}],"collection":[{"href":"https:\/\/fit360.ee\/en\/wp-json\/wp\/v2\/product"}],"about":[{"href":"https:\/\/fit360.ee\/en\/wp-json\/wp\/v2\/types\/product"}],"replies":[{"embeddable":true,"href":"https:\/\/fit360.ee\/en\/wp-json\/wp\/v2\/comments?post=77136"}],"wp:featuredmedia":[{"embeddable":true,"href":"https:\/\/fit360.ee\/en\/wp-json\/wp\/v2\/media\/77131"}],"wp:attachment":[{"href":"https:\/\/fit360.ee\/en\/wp-json\/wp\/v2\/media?parent=77136"}],"wp:term":[{"taxonomy":"product_brand","embeddable":true,"href":"https:\/\/fit360.ee\/en\/wp-json\/wp\/v2\/product_brand?post=77136"},{"taxonomy":"product_cat","embeddable":true,"href":"https:\/\/fit360.ee\/en\/wp-json\/wp\/v2\/product_cat?post=77136"},{"taxonomy":"product_tag","embeddable":true,"href":"https:\/\/fit360.ee\/en\/wp-json\/wp\/v2\/product_tag?post=77136"},{"taxonomy":"giftcard-category","embeddable":true,"href":"https:\/\/fit360.ee\/en\/wp-json\/wp\/v2\/giftcard-category?post=77136"}],"curies":[{"name":"wp","href":"https:\/\/api.w.org\/{rel}","templated":true}]}}