{"id":77369,"date":"2024-02-10T14:12:53","date_gmt":"2024-02-10T12:12:53","guid":{"rendered":"https:\/\/fit360.ee\/pood\/uncategorized\/ostrovit-vitamiin-c-1000g\/"},"modified":"2026-04-06T17:11:19","modified_gmt":"2026-04-06T15:11:19","slug":"ostrovit-vitamiin-c-1000g","status":"publish","type":"product","link":"https:\/\/fit360.ee\/en\/pood\/product-groups\/vitamins-and-minerals-en\/c-vitamin-en\/ostrovit-vitamiin-c-1000g\/","title":{"rendered":"OstroVit Vitamiin C (1000g)"},"content":{"rendered":"<h2><strong>Ostrovit Vitamiin C<\/strong><\/h2>\n<p>OstroVit Vitamiin C 1000g on kvaliteetne pulbriline toidulisand, mis koosneb ainult l-askorbiinhappest ehk <a href=\"https:\/\/fit360.ee\/en\/product-category\/product-groups\/vitamins-and-minerals-en\/c-vitamin-en\/\"><strong>C-vitamiinist<\/strong><\/a>. Toode on l\u00e4binud mikroniseerimisprotsessi ning ei sisalda mittevajalikke lisa- ja t\u00e4iteaineid. Kas soovite t\u00e4iendada oma igap\u00e4evast dieeti C-vitamiiniga, juhindudes koostise lihtsusest, kuid toimeaine maksimaalsest kontsentratsioonist?\u00a0Valige meie Ostrovit Vitamiin C pulber \u2013 koostise kindlus ja laitmatu kvaliteet.<\/p>\n<ul class=\"cm__list\">\n<li>1000 mg C-vitamiini iga portsjoni kohta<\/li>\n<li>1 portsjon = 1 kulbikas ehk koguni 1000 portsjonit pakendis<\/li>\n<li>toode ilma tarbetute lisandite ja t\u00e4iteaineteta<\/li>\n<\/ul>\n<h4 class=\"cm__heading\"><strong>C-vitamiin &#8211; mis see on ja kuidas see toimib?<\/strong><\/h4>\n<p><strong>C-vitamiin<\/strong>\u00a0ehk askorbiinhape on antioks\u00fcdant, mida iseloomustab igak\u00fclgne ja asendamatu toime inimkehale.\u00a0Peamised C-vitamiini allikad meie toidus on taimsed saadused nagu tsitruselised, kiivi, spargelkapsas, lillkapsas v\u00f5i paprika.\u00a0Kahjuks ei ole inimkeha v\u00f5imeline ise askorbiinhapet tootma, mist\u00f5ttu nende koostisosade vaese toitumise korral v\u00f5ib kaaluda selle t\u00e4iendavat lisamist.\u00a0Regulaarne, prof\u00fclaktiline C-vitamiini tarbimine kaitseb rakke oks\u00fcdatiivse stressi eest ja tugevdab immuuns\u00fcsteemi.\u00a0Lisaks osaleb askorbiinhape kollageeni s\u00fcnteesis, mis on luude, liigeste, naha ja hammaste oluline ehitusmaterjal.\u00a0\u00d5ige kollageeni kogus organismis on eriti oluline kasvuperioodil.\u00a0Lisaks toetab C-vitamiin n\u00e4rvis\u00fcsteemi t\u00f6\u00f6d, aidates seel\u00e4bi kaasa normaalsete ps\u00fchholoogiliste funktsioonide s\u00e4ilimisele ning v\u00e4simuse ja kurnatuse v\u00e4hendamisele.\u00a0Samuti suurendab see raua imendumist.<\/p>\n<p><strong>Koostisosad<\/strong>: L-askorbiinhape (C-vitamiin).<\/p>\n<p>Toode v\u00f5ib sisaldada piima (sh laktoosi), sojaube, maap\u00e4hkleid, muid p\u00e4hkleid, seesamiseemneid, gluteeni sisaldavaid teravilju, mune, v\u00e4hilaadseid, kala.<\/p>\n<p><strong>Kasutamine<\/strong>: Lahustage \u00fcks portsjon toodet 1 g (1 lusikas) 100-150 ml vees v\u00f5i mahlas.\u00a0\u00c4rge \u00fcleujutage veega.\u00a0V\u00f5tke 1 portsjon p\u00e4evas, eelistatavalt s\u00f6\u00f6gi ajal.\u00a0Palun kasutage pakendis olevat m\u00f5\u00f5tetopsi (1 ml).<\/p>\n<p><strong>Suurus<\/strong>: 1000g<\/p>\n<table>\n<tbody>\n<tr>\n<th>Aktiivsed koostisosad<\/th>\n<th>portsjoni kohta<\/th>\n<th>% SPK*<\/th>\n<th>100 g kohta<\/th>\n<\/tr>\n<tr>\n<td>C-vitamiin<\/td>\n<td>1000 mg<\/td>\n<td>1250%<\/td>\n<td>100 g<\/td>\n<\/tr>\n<\/tbody>\n<\/table>\n<p>*SPK &#8211; Soovitatud p\u00e4evane kogus.<\/p>\n<p>Vaata ka meie teisi C Vitamiine <a href=\"https:\/\/fit360.ee\/en\/product-category\/product-groups\/vitamins-and-minerals-en\/c-vitamin-en\/\"><strong>SIIT<\/strong><\/a> v\u00f5i Vitamiine\/Mineraale <a href=\"https:\/\/fit360.ee\/en\/product-category\/product-groups\/vitamins-and-minerals-en\/\"><strong>SIIT<\/strong><\/a>!<\/p>\n<p>Soovid kaupa osta suuremas koguses? Vaata antud toodet ka meie HULGI poest\u00a0<a href=\"https:\/\/toidulisandidhulgi.ee\/tooted\/ostrovit-vitamiin-c-1000g\/\"><strong>SIIT<\/strong><\/a>!<\/p>\n","protected":false},"excerpt":{"rendered":"<ul class=\"cm__list\">\n<li>1000 mg C-vitamiini iga portsjoni kohta<\/li>\n<li>1 portsjon = 1 kulbikas ehk koguni 1000 portsjonit pakendis<\/li>\n<li>toode ilma tarbetute lisandite ja t\u00e4iteaineteta<\/li>\n<\/ul>\n","protected":false},"featured_media":77368,"comment_status":"closed","ping_status":"closed","template":"","meta":[],"product_brand":[],"product_cat":[1911,1329,536],"product_tag":[2177,1924,4752,2178],"giftcard-category":[],"class_list":{"0":"post-77369","1":"product","2":"type-product","3":"status-publish","4":"has-post-thumbnail","6":"product_cat-c-vitamin-en","7":"product_cat-ostrovit-en","8":"product_cat-vitamins-and-minerals-en","9":"product_tag-c-vitamiin-en","10":"product_tag-ostrovit-en","11":"product_tag-ostrovit-vitamiin-c-en","12":"product_tag-vitamiin-c-en","13":"pa_kogus-1000g-en","14":"pa_toidulisand-branddd-ostrovit","15":"pa_tootegruppp-c-vitamiin-en","16":"pa_tootegruppp-vitamins-and-minerals","18":"first","19":"outofstock","20":"sale","21":"taxable","22":"shipping-taxable","23":"purchasable","24":"product-type-simple"},"yoast_head":"<!-- This site is optimized with the Yoast SEO plugin v27.3 - https:\/\/yoast.com\/product\/yoast-seo-wordpress\/ -->\n<title>OstroVit Vitamiin C (1000g) - 100% puhas - Parim Hind - Kiire Tarne - Fit360<\/title>\n<meta name=\"description\" content=\"OstroVit Vitamiin C 1000g on kvaliteetne pulbriline toidulisand, mis koosneb ainult l-askorbiinhappest ehk C-vitamiinist. Toode on l\u00e4binud mikroniseeri...\" \/>\n<meta name=\"robots\" content=\"index, follow, max-snippet:-1, max-image-preview:large, max-video-preview:-1\" \/>\n<link rel=\"canonical\" href=\"https:\/\/fit360.ee\/en\/pood\/product-groups\/vitamins-and-minerals-en\/c-vitamin-en\/ostrovit-vitamiin-c-1000g\/\" \/>\n<meta property=\"og:locale\" content=\"en_US\" \/>\n<meta property=\"og:type\" content=\"article\" \/>\n<meta property=\"og:title\" content=\"OstroVit Vitamiin C (1000g) - 100% puhas - Parim Hind - Kiire Tarne - Fit360\" \/>\n<meta property=\"og:description\" content=\"OstroVit Vitamiin C 1000g on kvaliteetne pulbriline toidulisand, mis koosneb ainult l-askorbiinhappest ehk C-vitamiinist. Toode on l\u00e4binud mikroniseeri...\" \/>\n<meta property=\"og:url\" content=\"https:\/\/fit360.ee\/en\/pood\/product-groups\/vitamins-and-minerals-en\/c-vitamin-en\/ostrovit-vitamiin-c-1000g\/\" \/>\n<meta property=\"og:site_name\" content=\"Fit360\" \/>\n<meta property=\"article:modified_time\" content=\"2026-04-06T15:11:19+00:00\" \/>\n<meta property=\"og:image\" content=\"https:\/\/fit360.ee\/wp-content\/uploads\/2024\/02\/ostrovit-vitamiin-c-fit360.ee-1.png\" \/>\n\t<meta property=\"og:image:width\" content=\"450\" \/>\n\t<meta property=\"og:image:height\" content=\"450\" \/>\n\t<meta property=\"og:image:type\" content=\"image\/png\" \/>\n<meta name=\"twitter:card\" content=\"summary_large_image\" \/>\n<meta name=\"twitter:label1\" content=\"Est. reading time\" \/>\n\t<meta name=\"twitter:data1\" content=\"2 minutes\" \/>\n<script type=\"application\/ld+json\" class=\"yoast-schema-graph\">{\"@context\":\"https:\\\/\\\/schema.org\",\"@graph\":[{\"@type\":\"WebPage\",\"@id\":\"https:\\\/\\\/fit360.ee\\\/en\\\/pood\\\/product-groups\\\/vitamins-and-minerals-en\\\/c-vitamin-en\\\/ostrovit-vitamiin-c-1000g\\\/\",\"url\":\"https:\\\/\\\/fit360.ee\\\/en\\\/pood\\\/product-groups\\\/vitamins-and-minerals-en\\\/c-vitamin-en\\\/ostrovit-vitamiin-c-1000g\\\/\",\"name\":\"OstroVit Vitamiin C (1000g) - 100% puhas - Parim Hind - Kiire Tarne - Fit360\",\"isPartOf\":{\"@id\":\"https:\\\/\\\/fit360.ee\\\/en\\\/#website\"},\"primaryImageOfPage\":{\"@id\":\"https:\\\/\\\/fit360.ee\\\/en\\\/pood\\\/product-groups\\\/vitamins-and-minerals-en\\\/c-vitamin-en\\\/ostrovit-vitamiin-c-1000g\\\/#primaryimage\"},\"image\":{\"@id\":\"https:\\\/\\\/fit360.ee\\\/en\\\/pood\\\/product-groups\\\/vitamins-and-minerals-en\\\/c-vitamin-en\\\/ostrovit-vitamiin-c-1000g\\\/#primaryimage\"},\"thumbnailUrl\":\"https:\\\/\\\/fit360.ee\\\/wp-content\\\/uploads\\\/2024\\\/02\\\/ostrovit-vitamiin-c-fit360.ee-1.png\",\"datePublished\":\"2024-02-10T12:12:53+00:00\",\"dateModified\":\"2026-04-06T15:11:19+00:00\",\"description\":\"OstroVit Vitamiin C 1000g on kvaliteetne pulbriline toidulisand, mis koosneb ainult l-askorbiinhappest ehk C-vitamiinist. Toode on l\u00e4binud mikroniseeri...\",\"breadcrumb\":{\"@id\":\"https:\\\/\\\/fit360.ee\\\/en\\\/pood\\\/product-groups\\\/vitamins-and-minerals-en\\\/c-vitamin-en\\\/ostrovit-vitamiin-c-1000g\\\/#breadcrumb\"},\"inLanguage\":\"en-US\",\"potentialAction\":[{\"@type\":\"ReadAction\",\"target\":[\"https:\\\/\\\/fit360.ee\\\/en\\\/pood\\\/product-groups\\\/vitamins-and-minerals-en\\\/c-vitamin-en\\\/ostrovit-vitamiin-c-1000g\\\/\"]}]},{\"@type\":\"ImageObject\",\"inLanguage\":\"en-US\",\"@id\":\"https:\\\/\\\/fit360.ee\\\/en\\\/pood\\\/product-groups\\\/vitamins-and-minerals-en\\\/c-vitamin-en\\\/ostrovit-vitamiin-c-1000g\\\/#primaryimage\",\"url\":\"https:\\\/\\\/fit360.ee\\\/wp-content\\\/uploads\\\/2024\\\/02\\\/ostrovit-vitamiin-c-fit360.ee-1.png\",\"contentUrl\":\"https:\\\/\\\/fit360.ee\\\/wp-content\\\/uploads\\\/2024\\\/02\\\/ostrovit-vitamiin-c-fit360.ee-1.png\",\"width\":450,\"height\":450,\"caption\":\"ostrovit vitamiin c - fit360.ee\"},{\"@type\":\"BreadcrumbList\",\"@id\":\"https:\\\/\\\/fit360.ee\\\/en\\\/pood\\\/product-groups\\\/vitamins-and-minerals-en\\\/c-vitamin-en\\\/ostrovit-vitamiin-c-1000g\\\/#breadcrumb\",\"itemListElement\":[{\"@type\":\"ListItem\",\"position\":1,\"name\":\"Home\",\"item\":\"https:\\\/\\\/fit360.ee\\\/en\\\/\"},{\"@type\":\"ListItem\",\"position\":2,\"name\":\"Shop\",\"item\":\"https:\\\/\\\/fit360.ee\\\/en\\\/shop\\\/\"},{\"@type\":\"ListItem\",\"position\":3,\"name\":\"OstroVit Vitamiin C (1000g)\"}]},{\"@type\":\"WebSite\",\"@id\":\"https:\\\/\\\/fit360.ee\\\/en\\\/#website\",\"url\":\"https:\\\/\\\/fit360.ee\\\/en\\\/\",\"name\":\"Fit360\",\"description\":\"\",\"publisher\":{\"@id\":\"https:\\\/\\\/fit360.ee\\\/en\\\/#organization\"},\"potentialAction\":[{\"@type\":\"SearchAction\",\"target\":{\"@type\":\"EntryPoint\",\"urlTemplate\":\"https:\\\/\\\/fit360.ee\\\/en\\\/?s={search_term_string}\"},\"query-input\":{\"@type\":\"PropertyValueSpecification\",\"valueRequired\":true,\"valueName\":\"search_term_string\"}}],\"inLanguage\":\"en-US\"},{\"@type\":\"Organization\",\"@id\":\"https:\\\/\\\/fit360.ee\\\/en\\\/#organization\",\"name\":\"Fit360\",\"url\":\"https:\\\/\\\/fit360.ee\\\/en\\\/\",\"logo\":{\"@type\":\"ImageObject\",\"inLanguage\":\"en-US\",\"@id\":\"https:\\\/\\\/fit360.ee\\\/en\\\/#\\\/schema\\\/logo\\\/image\\\/\",\"url\":\"https:\\\/\\\/fit360.ee\\\/wp-content\\\/uploads\\\/2017\\\/01\\\/logo-fit360.png\",\"contentUrl\":\"https:\\\/\\\/fit360.ee\\\/wp-content\\\/uploads\\\/2017\\\/01\\\/logo-fit360.png\",\"width\":180,\"height\":66,\"caption\":\"Fit360\"},\"image\":{\"@id\":\"https:\\\/\\\/fit360.ee\\\/en\\\/#\\\/schema\\\/logo\\\/image\\\/\"}}]}<\/script>\n<!-- \/ Yoast SEO plugin. -->","yoast_head_json":{"title":"OstroVit Vitamiin C (1000g) - 100% puhas - Parim Hind - Kiire Tarne - Fit360","description":"OstroVit Vitamiin C 1000g on kvaliteetne pulbriline toidulisand, mis koosneb ainult l-askorbiinhappest ehk C-vitamiinist. Toode on l\u00e4binud mikroniseeri...","robots":{"index":"index","follow":"follow","max-snippet":"max-snippet:-1","max-image-preview":"max-image-preview:large","max-video-preview":"max-video-preview:-1"},"canonical":"https:\/\/fit360.ee\/en\/pood\/product-groups\/vitamins-and-minerals-en\/c-vitamin-en\/ostrovit-vitamiin-c-1000g\/","og_locale":"en_US","og_type":"article","og_title":"OstroVit Vitamiin C (1000g) - 100% puhas - Parim Hind - Kiire Tarne - Fit360","og_description":"OstroVit Vitamiin C 1000g on kvaliteetne pulbriline toidulisand, mis koosneb ainult l-askorbiinhappest ehk C-vitamiinist. Toode on l\u00e4binud mikroniseeri...","og_url":"https:\/\/fit360.ee\/en\/pood\/product-groups\/vitamins-and-minerals-en\/c-vitamin-en\/ostrovit-vitamiin-c-1000g\/","og_site_name":"Fit360","article_modified_time":"2026-04-06T15:11:19+00:00","og_image":[{"width":450,"height":450,"url":"https:\/\/fit360.ee\/wp-content\/uploads\/2024\/02\/ostrovit-vitamiin-c-fit360.ee-1.png","type":"image\/png"}],"twitter_card":"summary_large_image","twitter_misc":{"Est. reading time":"2 minutes"},"schema":{"@context":"https:\/\/schema.org","@graph":[{"@type":"WebPage","@id":"https:\/\/fit360.ee\/en\/pood\/product-groups\/vitamins-and-minerals-en\/c-vitamin-en\/ostrovit-vitamiin-c-1000g\/","url":"https:\/\/fit360.ee\/en\/pood\/product-groups\/vitamins-and-minerals-en\/c-vitamin-en\/ostrovit-vitamiin-c-1000g\/","name":"OstroVit Vitamiin C (1000g) - 100% puhas - Parim Hind - Kiire Tarne - Fit360","isPartOf":{"@id":"https:\/\/fit360.ee\/en\/#website"},"primaryImageOfPage":{"@id":"https:\/\/fit360.ee\/en\/pood\/product-groups\/vitamins-and-minerals-en\/c-vitamin-en\/ostrovit-vitamiin-c-1000g\/#primaryimage"},"image":{"@id":"https:\/\/fit360.ee\/en\/pood\/product-groups\/vitamins-and-minerals-en\/c-vitamin-en\/ostrovit-vitamiin-c-1000g\/#primaryimage"},"thumbnailUrl":"https:\/\/fit360.ee\/wp-content\/uploads\/2024\/02\/ostrovit-vitamiin-c-fit360.ee-1.png","datePublished":"2024-02-10T12:12:53+00:00","dateModified":"2026-04-06T15:11:19+00:00","description":"OstroVit Vitamiin C 1000g on kvaliteetne pulbriline toidulisand, mis koosneb ainult l-askorbiinhappest ehk C-vitamiinist. Toode on l\u00e4binud mikroniseeri...","breadcrumb":{"@id":"https:\/\/fit360.ee\/en\/pood\/product-groups\/vitamins-and-minerals-en\/c-vitamin-en\/ostrovit-vitamiin-c-1000g\/#breadcrumb"},"inLanguage":"en-US","potentialAction":[{"@type":"ReadAction","target":["https:\/\/fit360.ee\/en\/pood\/product-groups\/vitamins-and-minerals-en\/c-vitamin-en\/ostrovit-vitamiin-c-1000g\/"]}]},{"@type":"ImageObject","inLanguage":"en-US","@id":"https:\/\/fit360.ee\/en\/pood\/product-groups\/vitamins-and-minerals-en\/c-vitamin-en\/ostrovit-vitamiin-c-1000g\/#primaryimage","url":"https:\/\/fit360.ee\/wp-content\/uploads\/2024\/02\/ostrovit-vitamiin-c-fit360.ee-1.png","contentUrl":"https:\/\/fit360.ee\/wp-content\/uploads\/2024\/02\/ostrovit-vitamiin-c-fit360.ee-1.png","width":450,"height":450,"caption":"ostrovit vitamiin c - fit360.ee"},{"@type":"BreadcrumbList","@id":"https:\/\/fit360.ee\/en\/pood\/product-groups\/vitamins-and-minerals-en\/c-vitamin-en\/ostrovit-vitamiin-c-1000g\/#breadcrumb","itemListElement":[{"@type":"ListItem","position":1,"name":"Home","item":"https:\/\/fit360.ee\/en\/"},{"@type":"ListItem","position":2,"name":"Shop","item":"https:\/\/fit360.ee\/en\/shop\/"},{"@type":"ListItem","position":3,"name":"OstroVit Vitamiin C (1000g)"}]},{"@type":"WebSite","@id":"https:\/\/fit360.ee\/en\/#website","url":"https:\/\/fit360.ee\/en\/","name":"Fit360","description":"","publisher":{"@id":"https:\/\/fit360.ee\/en\/#organization"},"potentialAction":[{"@type":"SearchAction","target":{"@type":"EntryPoint","urlTemplate":"https:\/\/fit360.ee\/en\/?s={search_term_string}"},"query-input":{"@type":"PropertyValueSpecification","valueRequired":true,"valueName":"search_term_string"}}],"inLanguage":"en-US"},{"@type":"Organization","@id":"https:\/\/fit360.ee\/en\/#organization","name":"Fit360","url":"https:\/\/fit360.ee\/en\/","logo":{"@type":"ImageObject","inLanguage":"en-US","@id":"https:\/\/fit360.ee\/en\/#\/schema\/logo\/image\/","url":"https:\/\/fit360.ee\/wp-content\/uploads\/2017\/01\/logo-fit360.png","contentUrl":"https:\/\/fit360.ee\/wp-content\/uploads\/2017\/01\/logo-fit360.png","width":180,"height":66,"caption":"Fit360"},"image":{"@id":"https:\/\/fit360.ee\/en\/#\/schema\/logo\/image\/"}}]}},"_links":{"self":[{"href":"https:\/\/fit360.ee\/en\/wp-json\/wp\/v2\/product\/77369","targetHints":{"allow":["GET"]}}],"collection":[{"href":"https:\/\/fit360.ee\/en\/wp-json\/wp\/v2\/product"}],"about":[{"href":"https:\/\/fit360.ee\/en\/wp-json\/wp\/v2\/types\/product"}],"replies":[{"embeddable":true,"href":"https:\/\/fit360.ee\/en\/wp-json\/wp\/v2\/comments?post=77369"}],"wp:featuredmedia":[{"embeddable":true,"href":"https:\/\/fit360.ee\/en\/wp-json\/wp\/v2\/media\/77368"}],"wp:attachment":[{"href":"https:\/\/fit360.ee\/en\/wp-json\/wp\/v2\/media?parent=77369"}],"wp:term":[{"taxonomy":"product_brand","embeddable":true,"href":"https:\/\/fit360.ee\/en\/wp-json\/wp\/v2\/product_brand?post=77369"},{"taxonomy":"product_cat","embeddable":true,"href":"https:\/\/fit360.ee\/en\/wp-json\/wp\/v2\/product_cat?post=77369"},{"taxonomy":"product_tag","embeddable":true,"href":"https:\/\/fit360.ee\/en\/wp-json\/wp\/v2\/product_tag?post=77369"},{"taxonomy":"giftcard-category","embeddable":true,"href":"https:\/\/fit360.ee\/en\/wp-json\/wp\/v2\/giftcard-category?post=77369"}],"curies":[{"name":"wp","href":"https:\/\/api.w.org\/{rel}","templated":true}]}}