{"id":77375,"date":"2024-02-10T14:28:30","date_gmt":"2024-02-10T12:28:30","guid":{"rendered":"https:\/\/fit360.ee\/pood\/uncategorized\/ostrovit-omega-3-extreme-180caps\/"},"modified":"2025-11-17T18:22:16","modified_gmt":"2025-11-17T16:22:16","slug":"ostrovit-omega-3-extreme-180caps","status":"publish","type":"product","link":"https:\/\/fit360.ee\/en\/pood\/product-groups\/essential-fats-en\/omega-3-en\/ostrovit-omega-3-extreme-180caps\/","title":{"rendered":"Omega 3 Extreme 500EPA \/ 250 DHA (180caps)"},"content":{"rendered":"<h2><strong>Ostrovit Omega 3 Extreme<\/strong><\/h2>\n<p>OstroVit Omega 3 Extreme\u00a0 on toidulisand, mis varustab keha \u00fche toote portsjoniga kuni 1000 mg kala\u00f5li. Samal ajal on preparaat m\u00e4rkimisv\u00e4\u00e4rses koguses v\u00e4\u00e4rtuslike k\u00fcllastumata rasvhapete, nagu eikosapentaeenhape (EPA) ja dokosaheksaeenhape (DHA) allikas.\u00a0OstroVit Omega 3 Extreme on toode, mis on saadaval kergesti neelatavate pehmete geelkapslite kujul, millest j\u00e4tkub regulaarsel toidulisandil kuni kuueks kuuks.<\/p>\n<ul class=\"cm__list\">\n<li>Ekstreemne kogus 1000 mg kala\u00f5li igas toote portsjonis.<\/li>\n<li>K\u00f5rge v\u00e4\u00e4rtuslike rasvhapete sisaldus \u2013 koguni 500 mg eikosapentaeenhapet (EPA) ja 250 mg dokosaheksaeenhapet (DHA) toidulisandi portsjoni kohta.<\/li>\n<li>1 portsjon = 1 kapsel, mis teeb toote pakist piisavaks kuueks kuuks regulaarseks toidulisandiks.<\/li>\n<li>Kergesti neelatavad pehmed geelkapslid.<\/li>\n<\/ul>\n<h4 class=\"cm__heading\"><strong>Omega-3 rasvhapped \u2013 asendamatud rasvhapped (EFA)<\/strong><\/h4>\n<p class=\"cm__text\">Omega-3 rasvhapped on asendamatud pol\u00fck\u00fcllastumata rasvhapped, mille hulka kuuluvad eikosapentaeenhape (EPA) ja dokosaheksaeenhape (DHA).\u00a0Neid leidub looduslikult toidus, sellistes toodetes nagu \u00f5line merekala, mereannid ja kaaviar.<\/p>\n<p>Suures koguses k\u00f5rgelt t\u00f6\u00f6deldud toiduainete tarbimise tulemusena domineerivad inimkehas \u00fcha enam k\u00fcllastunud rasvhapped, mitte k\u00fcllastumata \u00fchendi vormid.\u00a0Seega peetakse oomega-3 rasvhappeid inimeste toidulaual \u00fcheks enim puudulikuks rasvaks.\u00a0Kuna &#8220;k\u00fcllastunud rasvade asendamine toidus k\u00fcllastumata rasvadega aitab hoida normaalset vere kolesteroolitaset [mono- ja pol\u00fck\u00fcllastumata rasvhapped on k\u00fcllastumata rasvad]&#8221;, tasub p\u00f6\u00f6rata t\u00e4helepanu \u00f5igele tarbitavate rasvade vahekorrale ja suurendada asendamatute rasvhapete pakkumist. , sealhulgas, kuid mitte ainult, oomega-3 rasvhapped igap\u00e4evases toidus.<\/p>\n<h4 class=\"cm__heading\"><strong>OstroVit Omega-3 Extreme 180 kapslites sisalduvate koostisosade omadused:<\/strong><\/h4>\n<ul class=\"cm__list\">\n<li>Nii eikosapentaeenhape (EPA) kui ka dokosaheksaeenhape (DHA) aitavad kaasa s\u00fcdame korralikule talitlusele.<\/li>\n<li>DHA ja EPA happed &#8220;aitavad s\u00e4ilitada normaalset verer\u00f5hku&#8221; ja aitavad s\u00e4ilitada ka normaalset vere trigl\u00fctseriidide taset.<\/li>\n<li>Dokosaheksaeenhape (DHA) aitab s\u00e4ilitada normaalset ajufunktsiooni.<\/li>\n<li>Dokosaheksaeenhape (DHA) aitab s\u00e4ilitada normaalset n\u00e4gemist.<\/li>\n<\/ul>\n<p><strong>M\u00c4RKUS: T\u00e4nu suurele kala\u00f5li sisaldusele on tootel kalal\u00f5hn.<\/strong><\/p>\n<p><strong>Koostisosad<\/strong>: <strong>Kala\u00f5li<\/strong>\u00a0, katte koostis (\u017eelatiin, niiskuses\u00e4ilitaja: gl\u00fctserool; puhastatud vesi).<\/p>\n<p>Toode v\u00f5ib sisaldada piima (sh laktoosi), sojaube, maap\u00e4hkleid, muid p\u00e4hkleid, seesamiseemneid, gluteeni sisaldavaid teravilju, mune, v\u00e4hilaadseid.<\/p>\n<p><strong>Kasutamine<\/strong>: V\u00f5tke 1 portsjon (1 kapsel) p\u00e4evas, eelistatavalt p\u00e4rast s\u00f6\u00f6ki.\u00a0Joo piisavas koguses vett.<\/p>\n<p><strong>Suurus<\/strong>: 180 kapslit &#8211; 180 serveeringut.<\/p>\n<section class=\"projector__description--nutritional row\" data-selector=\".--nutritional\">\n<div class=\"col-12 col-md-10 col-lg-8\">\n<div class=\"--nutrit\">\n<div class=\"nutrition_table_wrapper\">\n<div class=\"table_wrapper\">\n<table>\n<tbody>\n<tr>\n<th>Aktiivsed koostisosad<\/th>\n<th>1 portsjon<\/th>\n<\/tr>\n<tr>\n<td>Kala\u00f5li<\/td>\n<td>1000 mg<\/td>\n<\/tr>\n<tr class=\"sub\">\n<td>&#8211; sealhulgas eikosapentaeenhappe EPA<\/td>\n<td>500 mg<\/td>\n<\/tr>\n<tr class=\"sub\">\n<td>&#8211; sealhulgas dokosaheksaeenhape DHA<\/td>\n<td>250 mg<\/td>\n<\/tr>\n<\/tbody>\n<\/table>\n<p>Vaata ka meie teisi Omega 3 Rasvhappeid <a href=\"https:\/\/fit360.ee\/en\/product-category\/product-groups\/essential-fats-en\/omega-3-en\/\"><strong>SIIT<\/strong><\/a> v\u00f5i Kasulikke rasvhappeid <a href=\"https:\/\/fit360.ee\/en\/product-category\/product-groups\/essential-fats-en\/\"><strong>SIIT<\/strong><\/a><\/p>\n<p>Soovid kaupa osta suuremas koguses? Vaata antud toodet ka meie HULGI poest\u00a0<a href=\"https:\/\/toidulisandidhulgi.ee\/tooted\/ostrovit-omega-3-extreme-180caps\/\"><strong>SIIT<\/strong><\/a>!<\/p>\n<\/div>\n<\/div>\n<\/div>\n<\/div>\n<\/section>\n","protected":false},"excerpt":{"rendered":"<ul class=\"cm__list\">\n<li>Ekstreemne kogus 1000 mg kala\u00f5li igas toote portsjonis.<\/li>\n<li>K\u00f5rge v\u00e4\u00e4rtuslike rasvhapete sisaldus \u2013 koguni 500 mg eikosapentaeenhapet (EPA) ja 250 mg dokosaheksaeenhapet (DHA) toidulisandi portsjoni kohta.<\/li>\n<li>1 portsjon = 1 kapsel, mis teeb toote pakist piisavaks kuueks kuuks regulaarseks toidulisandiks.<\/li>\n<li>Kergesti neelatavad pehmed geelkapslid.<\/li>\n<\/ul>\n","protected":false},"featured_media":84704,"comment_status":"closed","ping_status":"closed","template":"","meta":[],"product_brand":[],"product_cat":[525,2438,1329],"product_tag":[1775,4401,1924,4754],"giftcard-category":[],"class_list":{"0":"post-77375","1":"product","2":"type-product","3":"status-publish","4":"has-post-thumbnail","6":"product_cat-essential-fats-en","7":"product_cat-omega-3-en","8":"product_cat-ostrovit-en","9":"product_tag-omega-3-en","10":"product_tag-omega-3-extreme-en","11":"product_tag-ostrovit-en","12":"product_tag-ostrovit-omega-3-extreme-en","13":"pa_kogus-180-capsules","14":"pa_toidulisand-branddd-ostrovit","15":"pa_tootegruppp-omega-3-en","16":"pa_tootegruppp-useful-fatty-acids","18":"first","19":"outofstock","20":"sale","21":"taxable","22":"shipping-taxable","23":"purchasable","24":"product-type-simple"},"yoast_head":"<!-- This site is optimized with the Yoast SEO plugin v27.3 - https:\/\/yoast.com\/product\/yoast-seo-wordpress\/ -->\n<title>Ostrovit Omega 3 Extreme 500EPA \/ 250 DHA (180caps) - \u00dclitugev - Fit360<\/title>\n<meta name=\"description\" content=\"OstroVit Omega 3 Extreme\u00a0 on toidulisand, mis varustab keha \u00fche toote portsjoniga kuni 1000 mg kala\u00f5li. \u00dclitugev ja t\u00f5hus toode. Kiire Tarne!\" \/>\n<meta name=\"robots\" content=\"index, follow, max-snippet:-1, max-image-preview:large, max-video-preview:-1\" \/>\n<link rel=\"canonical\" href=\"https:\/\/fit360.ee\/en\/pood\/product-groups\/essential-fats-en\/omega-3-en\/ostrovit-omega-3-extreme-180caps\/\" \/>\n<meta property=\"og:locale\" content=\"en_US\" \/>\n<meta property=\"og:type\" content=\"article\" \/>\n<meta property=\"og:title\" content=\"Ostrovit Omega 3 Extreme 500EPA \/ 250 DHA (180caps) - \u00dclitugev - Fit360\" \/>\n<meta property=\"og:description\" content=\"OstroVit Omega 3 Extreme\u00a0 on toidulisand, mis varustab keha \u00fche toote portsjoniga kuni 1000 mg kala\u00f5li. \u00dclitugev ja t\u00f5hus toode. Kiire Tarne!\" \/>\n<meta property=\"og:url\" content=\"https:\/\/fit360.ee\/en\/pood\/product-groups\/essential-fats-en\/omega-3-en\/ostrovit-omega-3-extreme-180caps\/\" \/>\n<meta property=\"og:site_name\" content=\"Fit360\" \/>\n<meta property=\"article:modified_time\" content=\"2025-11-17T16:22:16+00:00\" \/>\n<meta property=\"og:image\" content=\"https:\/\/fit360.ee\/wp-content\/uploads\/2024\/02\/ostrovit-omega-3-extreme-fit360.ee-2.png\" \/>\n\t<meta property=\"og:image:width\" content=\"450\" \/>\n\t<meta property=\"og:image:height\" content=\"450\" \/>\n\t<meta property=\"og:image:type\" content=\"image\/png\" \/>\n<meta name=\"twitter:card\" content=\"summary_large_image\" \/>\n<meta name=\"twitter:label1\" content=\"Est. reading time\" \/>\n\t<meta name=\"twitter:data1\" content=\"3 minutes\" \/>\n<script type=\"application\/ld+json\" class=\"yoast-schema-graph\">{\"@context\":\"https:\\\/\\\/schema.org\",\"@graph\":[{\"@type\":\"WebPage\",\"@id\":\"https:\\\/\\\/fit360.ee\\\/en\\\/pood\\\/product-groups\\\/essential-fats-en\\\/omega-3-en\\\/ostrovit-omega-3-extreme-180caps\\\/\",\"url\":\"https:\\\/\\\/fit360.ee\\\/en\\\/pood\\\/product-groups\\\/essential-fats-en\\\/omega-3-en\\\/ostrovit-omega-3-extreme-180caps\\\/\",\"name\":\"Ostrovit Omega 3 Extreme 500EPA \\\/ 250 DHA (180caps) - \u00dclitugev - Fit360\",\"isPartOf\":{\"@id\":\"https:\\\/\\\/fit360.ee\\\/en\\\/#website\"},\"primaryImageOfPage\":{\"@id\":\"https:\\\/\\\/fit360.ee\\\/en\\\/pood\\\/product-groups\\\/essential-fats-en\\\/omega-3-en\\\/ostrovit-omega-3-extreme-180caps\\\/#primaryimage\"},\"image\":{\"@id\":\"https:\\\/\\\/fit360.ee\\\/en\\\/pood\\\/product-groups\\\/essential-fats-en\\\/omega-3-en\\\/ostrovit-omega-3-extreme-180caps\\\/#primaryimage\"},\"thumbnailUrl\":\"https:\\\/\\\/fit360.ee\\\/wp-content\\\/uploads\\\/2024\\\/02\\\/ostrovit-omega-3-extreme-fit360.ee-2.png\",\"datePublished\":\"2024-02-10T12:28:30+00:00\",\"dateModified\":\"2025-11-17T16:22:16+00:00\",\"description\":\"OstroVit Omega 3 Extreme\u00a0 on toidulisand, mis varustab keha \u00fche toote portsjoniga kuni 1000 mg kala\u00f5li. \u00dclitugev ja t\u00f5hus toode. Kiire Tarne!\",\"breadcrumb\":{\"@id\":\"https:\\\/\\\/fit360.ee\\\/en\\\/pood\\\/product-groups\\\/essential-fats-en\\\/omega-3-en\\\/ostrovit-omega-3-extreme-180caps\\\/#breadcrumb\"},\"inLanguage\":\"en-US\",\"potentialAction\":[{\"@type\":\"ReadAction\",\"target\":[\"https:\\\/\\\/fit360.ee\\\/en\\\/pood\\\/product-groups\\\/essential-fats-en\\\/omega-3-en\\\/ostrovit-omega-3-extreme-180caps\\\/\"]}]},{\"@type\":\"ImageObject\",\"inLanguage\":\"en-US\",\"@id\":\"https:\\\/\\\/fit360.ee\\\/en\\\/pood\\\/product-groups\\\/essential-fats-en\\\/omega-3-en\\\/ostrovit-omega-3-extreme-180caps\\\/#primaryimage\",\"url\":\"https:\\\/\\\/fit360.ee\\\/wp-content\\\/uploads\\\/2024\\\/02\\\/ostrovit-omega-3-extreme-fit360.ee-2.png\",\"contentUrl\":\"https:\\\/\\\/fit360.ee\\\/wp-content\\\/uploads\\\/2024\\\/02\\\/ostrovit-omega-3-extreme-fit360.ee-2.png\",\"width\":450,\"height\":450,\"caption\":\"ostrovit omega 3 extreme - fit360.ee\"},{\"@type\":\"BreadcrumbList\",\"@id\":\"https:\\\/\\\/fit360.ee\\\/en\\\/pood\\\/product-groups\\\/essential-fats-en\\\/omega-3-en\\\/ostrovit-omega-3-extreme-180caps\\\/#breadcrumb\",\"itemListElement\":[{\"@type\":\"ListItem\",\"position\":1,\"name\":\"Home\",\"item\":\"https:\\\/\\\/fit360.ee\\\/en\\\/\"},{\"@type\":\"ListItem\",\"position\":2,\"name\":\"Shop\",\"item\":\"https:\\\/\\\/fit360.ee\\\/en\\\/shop\\\/\"},{\"@type\":\"ListItem\",\"position\":3,\"name\":\"Omega 3 Extreme 500EPA \\\/ 250 DHA (180caps)\"}]},{\"@type\":\"WebSite\",\"@id\":\"https:\\\/\\\/fit360.ee\\\/en\\\/#website\",\"url\":\"https:\\\/\\\/fit360.ee\\\/en\\\/\",\"name\":\"Fit360\",\"description\":\"\",\"publisher\":{\"@id\":\"https:\\\/\\\/fit360.ee\\\/en\\\/#organization\"},\"potentialAction\":[{\"@type\":\"SearchAction\",\"target\":{\"@type\":\"EntryPoint\",\"urlTemplate\":\"https:\\\/\\\/fit360.ee\\\/en\\\/?s={search_term_string}\"},\"query-input\":{\"@type\":\"PropertyValueSpecification\",\"valueRequired\":true,\"valueName\":\"search_term_string\"}}],\"inLanguage\":\"en-US\"},{\"@type\":\"Organization\",\"@id\":\"https:\\\/\\\/fit360.ee\\\/en\\\/#organization\",\"name\":\"Fit360\",\"url\":\"https:\\\/\\\/fit360.ee\\\/en\\\/\",\"logo\":{\"@type\":\"ImageObject\",\"inLanguage\":\"en-US\",\"@id\":\"https:\\\/\\\/fit360.ee\\\/en\\\/#\\\/schema\\\/logo\\\/image\\\/\",\"url\":\"https:\\\/\\\/fit360.ee\\\/wp-content\\\/uploads\\\/2017\\\/01\\\/logo-fit360.png\",\"contentUrl\":\"https:\\\/\\\/fit360.ee\\\/wp-content\\\/uploads\\\/2017\\\/01\\\/logo-fit360.png\",\"width\":180,\"height\":66,\"caption\":\"Fit360\"},\"image\":{\"@id\":\"https:\\\/\\\/fit360.ee\\\/en\\\/#\\\/schema\\\/logo\\\/image\\\/\"}}]}<\/script>\n<!-- \/ Yoast SEO plugin. -->","yoast_head_json":{"title":"Ostrovit Omega 3 Extreme 500EPA \/ 250 DHA (180caps) - \u00dclitugev - Fit360","description":"OstroVit Omega 3 Extreme\u00a0 on toidulisand, mis varustab keha \u00fche toote portsjoniga kuni 1000 mg kala\u00f5li. \u00dclitugev ja t\u00f5hus toode. Kiire Tarne!","robots":{"index":"index","follow":"follow","max-snippet":"max-snippet:-1","max-image-preview":"max-image-preview:large","max-video-preview":"max-video-preview:-1"},"canonical":"https:\/\/fit360.ee\/en\/pood\/product-groups\/essential-fats-en\/omega-3-en\/ostrovit-omega-3-extreme-180caps\/","og_locale":"en_US","og_type":"article","og_title":"Ostrovit Omega 3 Extreme 500EPA \/ 250 DHA (180caps) - \u00dclitugev - Fit360","og_description":"OstroVit Omega 3 Extreme\u00a0 on toidulisand, mis varustab keha \u00fche toote portsjoniga kuni 1000 mg kala\u00f5li. \u00dclitugev ja t\u00f5hus toode. Kiire Tarne!","og_url":"https:\/\/fit360.ee\/en\/pood\/product-groups\/essential-fats-en\/omega-3-en\/ostrovit-omega-3-extreme-180caps\/","og_site_name":"Fit360","article_modified_time":"2025-11-17T16:22:16+00:00","og_image":[{"width":450,"height":450,"url":"https:\/\/fit360.ee\/wp-content\/uploads\/2024\/02\/ostrovit-omega-3-extreme-fit360.ee-2.png","type":"image\/png"}],"twitter_card":"summary_large_image","twitter_misc":{"Est. reading time":"3 minutes"},"schema":{"@context":"https:\/\/schema.org","@graph":[{"@type":"WebPage","@id":"https:\/\/fit360.ee\/en\/pood\/product-groups\/essential-fats-en\/omega-3-en\/ostrovit-omega-3-extreme-180caps\/","url":"https:\/\/fit360.ee\/en\/pood\/product-groups\/essential-fats-en\/omega-3-en\/ostrovit-omega-3-extreme-180caps\/","name":"Ostrovit Omega 3 Extreme 500EPA \/ 250 DHA (180caps) - \u00dclitugev - Fit360","isPartOf":{"@id":"https:\/\/fit360.ee\/en\/#website"},"primaryImageOfPage":{"@id":"https:\/\/fit360.ee\/en\/pood\/product-groups\/essential-fats-en\/omega-3-en\/ostrovit-omega-3-extreme-180caps\/#primaryimage"},"image":{"@id":"https:\/\/fit360.ee\/en\/pood\/product-groups\/essential-fats-en\/omega-3-en\/ostrovit-omega-3-extreme-180caps\/#primaryimage"},"thumbnailUrl":"https:\/\/fit360.ee\/wp-content\/uploads\/2024\/02\/ostrovit-omega-3-extreme-fit360.ee-2.png","datePublished":"2024-02-10T12:28:30+00:00","dateModified":"2025-11-17T16:22:16+00:00","description":"OstroVit Omega 3 Extreme\u00a0 on toidulisand, mis varustab keha \u00fche toote portsjoniga kuni 1000 mg kala\u00f5li. \u00dclitugev ja t\u00f5hus toode. Kiire Tarne!","breadcrumb":{"@id":"https:\/\/fit360.ee\/en\/pood\/product-groups\/essential-fats-en\/omega-3-en\/ostrovit-omega-3-extreme-180caps\/#breadcrumb"},"inLanguage":"en-US","potentialAction":[{"@type":"ReadAction","target":["https:\/\/fit360.ee\/en\/pood\/product-groups\/essential-fats-en\/omega-3-en\/ostrovit-omega-3-extreme-180caps\/"]}]},{"@type":"ImageObject","inLanguage":"en-US","@id":"https:\/\/fit360.ee\/en\/pood\/product-groups\/essential-fats-en\/omega-3-en\/ostrovit-omega-3-extreme-180caps\/#primaryimage","url":"https:\/\/fit360.ee\/wp-content\/uploads\/2024\/02\/ostrovit-omega-3-extreme-fit360.ee-2.png","contentUrl":"https:\/\/fit360.ee\/wp-content\/uploads\/2024\/02\/ostrovit-omega-3-extreme-fit360.ee-2.png","width":450,"height":450,"caption":"ostrovit omega 3 extreme - fit360.ee"},{"@type":"BreadcrumbList","@id":"https:\/\/fit360.ee\/en\/pood\/product-groups\/essential-fats-en\/omega-3-en\/ostrovit-omega-3-extreme-180caps\/#breadcrumb","itemListElement":[{"@type":"ListItem","position":1,"name":"Home","item":"https:\/\/fit360.ee\/en\/"},{"@type":"ListItem","position":2,"name":"Shop","item":"https:\/\/fit360.ee\/en\/shop\/"},{"@type":"ListItem","position":3,"name":"Omega 3 Extreme 500EPA \/ 250 DHA (180caps)"}]},{"@type":"WebSite","@id":"https:\/\/fit360.ee\/en\/#website","url":"https:\/\/fit360.ee\/en\/","name":"Fit360","description":"","publisher":{"@id":"https:\/\/fit360.ee\/en\/#organization"},"potentialAction":[{"@type":"SearchAction","target":{"@type":"EntryPoint","urlTemplate":"https:\/\/fit360.ee\/en\/?s={search_term_string}"},"query-input":{"@type":"PropertyValueSpecification","valueRequired":true,"valueName":"search_term_string"}}],"inLanguage":"en-US"},{"@type":"Organization","@id":"https:\/\/fit360.ee\/en\/#organization","name":"Fit360","url":"https:\/\/fit360.ee\/en\/","logo":{"@type":"ImageObject","inLanguage":"en-US","@id":"https:\/\/fit360.ee\/en\/#\/schema\/logo\/image\/","url":"https:\/\/fit360.ee\/wp-content\/uploads\/2017\/01\/logo-fit360.png","contentUrl":"https:\/\/fit360.ee\/wp-content\/uploads\/2017\/01\/logo-fit360.png","width":180,"height":66,"caption":"Fit360"},"image":{"@id":"https:\/\/fit360.ee\/en\/#\/schema\/logo\/image\/"}}]}},"_links":{"self":[{"href":"https:\/\/fit360.ee\/en\/wp-json\/wp\/v2\/product\/77375","targetHints":{"allow":["GET"]}}],"collection":[{"href":"https:\/\/fit360.ee\/en\/wp-json\/wp\/v2\/product"}],"about":[{"href":"https:\/\/fit360.ee\/en\/wp-json\/wp\/v2\/types\/product"}],"replies":[{"embeddable":true,"href":"https:\/\/fit360.ee\/en\/wp-json\/wp\/v2\/comments?post=77375"}],"wp:featuredmedia":[{"embeddable":true,"href":"https:\/\/fit360.ee\/en\/wp-json\/wp\/v2\/media\/84704"}],"wp:attachment":[{"href":"https:\/\/fit360.ee\/en\/wp-json\/wp\/v2\/media?parent=77375"}],"wp:term":[{"taxonomy":"product_brand","embeddable":true,"href":"https:\/\/fit360.ee\/en\/wp-json\/wp\/v2\/product_brand?post=77375"},{"taxonomy":"product_cat","embeddable":true,"href":"https:\/\/fit360.ee\/en\/wp-json\/wp\/v2\/product_cat?post=77375"},{"taxonomy":"product_tag","embeddable":true,"href":"https:\/\/fit360.ee\/en\/wp-json\/wp\/v2\/product_tag?post=77375"},{"taxonomy":"giftcard-category","embeddable":true,"href":"https:\/\/fit360.ee\/en\/wp-json\/wp\/v2\/giftcard-category?post=77375"}],"curies":[{"name":"wp","href":"https:\/\/api.w.org\/{rel}","templated":true}]}}