{"id":77479,"date":"2024-02-14T11:41:08","date_gmt":"2024-02-14T09:41:08","guid":{"rendered":"https:\/\/fit360.ee\/pood\/uncategorized\/caffeine-90tab\/"},"modified":"2026-01-22T18:04:19","modified_gmt":"2026-01-22T16:04:19","slug":"caffeine-90tab","status":"publish","type":"product","link":"https:\/\/fit360.ee\/en\/pood\/product-groups\/fat-burners-en\/caffeine-90tab\/","title":{"rendered":"Caffeine (90tab)"},"content":{"rendered":"<h2><strong>Caffeine<\/strong><\/h2>\n<p>Caffeine ehk kofeiin on k\u00f5rgeima kvaliteediga kofeiini sisaldav toidulisand. Toode on loodud k\u00f5igile stimulatsiooni vajavatele inimestele. Toode on eriti soovitatav sportlastele, autojuhtidele ja inimestele, kes vajavad \u00f5ppimise v\u00f5i t\u00f6\u00f6 ajal t\u00e4iendavat energias\u00fcsti. \u00dcks tablett sisaldab 200 mg puhast kofeiini.<\/p>\n<ul class=\"cm__list\">\n<li>200 mg kofeiini \u00fches tabletis<\/li>\n<li>Pakendis 90 tabletti<\/li>\n<li>90 portsjonit toodet<\/li>\n<\/ul>\n<h4 class=\"cm__heading\"><strong>Kofeiin \u2013 kuidas see toimib?<\/strong><\/h4>\n<p class=\"cm__text\">Seda ainet hinnatakse selle stimuleeriva toime t\u00f5ttu. Kofeiin stimuleerib keskn\u00e4rvis\u00fcsteemi, suurendab keskendumisv\u00f5imet ja parandab meeleolu. Veelgi enam, kofeiin kiirendab s\u00fcdametegevust, suurendab selle kontraktsiooni tugevust ja kiirendab ainevahetust. Kofeiinil on stimuleerivad omadused, toimides ajukoorele. See v\u00e4hendab v\u00e4simust ja kurnatust ning pikendab keskendumisaega ja paremat keskendumisv\u00f5imet.<\/p>\n<h4 class=\"cm__heading\"><strong>Real Pharm Caffeine koostisainete omadused<\/strong>:<\/h4>\n<ul class=\"cm__list\">\n<li>Aitab kiirendada ainevahetust<\/li>\n<li>Stimuleerib ja annab energiat<\/li>\n<li>Toetage liigse keharasva v\u00e4hendamist<\/li>\n<li>Aidake suurendada vaimseid funktsioone<\/li>\n<li>Viivitab treeningu ajal f\u00fc\u00fcsilist ja vaimset v\u00e4simust<\/li>\n<\/ul>\n<h4 class=\"cm__head\"><strong>Kofeiin \u2013 millised on selle omadused ja kes v\u00f5ivad seda tarbida?<\/strong><\/h4>\n<p class=\"cm__text mb-0\">Kofeiin toidulisandina v\u00f5ib kiirendada ainevahetust, toetada rasvap\u00f5letust v\u00f5i t\u00f5husamat vaimset t\u00f6\u00f6d.<\/p>\n<p><strong>Koostisosad<\/strong>: kofeiin, mahuaine \u2013 tselluloos, paakumisvastased ained \u2013 rasvhapete magneesiumisoolad, r\u00e4nidioksiid.<\/p>\n<p><strong>Kasutamine<\/strong>: Tarbi 1-2 tabletti \u00fcks kord p\u00e4evas. Tarbi tund enne treeningut. \u00c4rge \u00fcletage soovitatavat \u00f6\u00f6p\u00e4evast annust (2 tabletti).<\/p>\n<p><strong><b>Suurus<\/b><\/strong>: 90 tabletti.<\/p>\n<table>\n<tbody>\n<tr>\n<td><strong><b>Aktiivne Toimeaine<\/b><\/strong><\/td>\n<td><strong><b>1 tablett<\/b><\/strong><\/td>\n<td><strong><b>2 tabletti<\/b><\/strong><\/td>\n<\/tr>\n<tr>\n<td>Kofeiin<\/td>\n<td>200 mg<\/td>\n<td>400 mg<\/td>\n<\/tr>\n<\/tbody>\n<\/table>\n<p>Vaata ka meie Teisi Pre.Workoute <a href=\"https:\/\/fit360.ee\/en\/product-category\/product-groups\/pre-workout-en\/\"><u><strong>SIIT<\/strong><\/u><\/a>\u00a0v\u00f5i Aju tegevust toetavaid lisandeid <a href=\"https:\/\/fit360.ee\/en\/product-category\/product-groups\/brain-support-nootropics-en\/\"><u><strong>SIIT<\/strong><\/u><\/a>!<\/p>\n<p>Soovid kaupa osta suuremas koguses? Vaata antud toodet ka meie HULGI poest\u00a0<a href=\"https:\/\/toidulisandidhulgi.ee\/tooted\/caffeine-90tab\/\"><strong>SIIT<\/strong><\/a>!<\/p>\n","protected":false},"excerpt":{"rendered":"<ul class=\"cm__list\">\n<li>200 mg kofeiini \u00fches tabletis<\/li>\n<li>Pakendis 90 tabletti<\/li>\n<li>90 portsjonit toodet<\/li>\n<\/ul>\n","protected":false},"featured_media":77478,"comment_status":"closed","ping_status":"closed","template":"","meta":[],"product_brand":[],"product_cat":[2485,5324,530,533,515],"product_tag":[2193,3220,1803],"giftcard-category":[],"class_list":{"0":"post-77479","1":"product","2":"type-product","3":"status-publish","4":"has-post-thumbnail","6":"product_cat-brain-support-nootropics-en","7":"product_cat-caffeine-en","8":"product_cat-fat-burners-en","9":"product_cat-pre-workout-en","10":"product_cat-real-pharm","11":"product_tag-caffeine-en","12":"product_tag-kofeiin-en","13":"product_tag-real-pharm-en","14":"pa_kogus-90-tablets","15":"pa_toidulisand-branddd-real-pharm","16":"pa_tootegruppp-aju-tegevus-nootropics-en","17":"pa_tootegruppp-kofeiin-en","18":"pa_tootegruppp-pre-workout","19":"pa_tootegruppp-weight-loss","21":"first","22":"outofstock","23":"sale","24":"taxable","25":"shipping-taxable","26":"purchasable","27":"product-type-simple"},"yoast_head":"<!-- This site is optimized with the Yoast SEO plugin v27.3 - https:\/\/yoast.com\/product\/yoast-seo-wordpress\/ -->\n<title>Caffeine (90tab) - Kofeiini tabletid - Parim Hind - Kiire Tarne - Fit360<\/title>\n<meta name=\"description\" content=\"Caffeine ehk kofeiin on k\u00f5rgeima kvaliteediga kofeiini sisaldav toidulisand. Toode on loodud k\u00f5igile stimulatsiooni vajavatele inimestele. Toode on eriti ..\" \/>\n<meta name=\"robots\" content=\"index, follow, max-snippet:-1, max-image-preview:large, max-video-preview:-1\" \/>\n<link rel=\"canonical\" href=\"https:\/\/fit360.ee\/en\/pood\/product-groups\/fat-burners-en\/caffeine-90tab\/\" \/>\n<meta property=\"og:locale\" content=\"en_US\" \/>\n<meta property=\"og:type\" content=\"article\" \/>\n<meta property=\"og:title\" content=\"Caffeine (90tab) - Kofeiini tabletid - Parim Hind - Kiire Tarne - Fit360\" \/>\n<meta property=\"og:description\" content=\"Caffeine ehk kofeiin on k\u00f5rgeima kvaliteediga kofeiini sisaldav toidulisand. Toode on loodud k\u00f5igile stimulatsiooni vajavatele inimestele. Toode on eriti ..\" \/>\n<meta property=\"og:url\" content=\"https:\/\/fit360.ee\/en\/pood\/product-groups\/fat-burners-en\/caffeine-90tab\/\" \/>\n<meta property=\"og:site_name\" content=\"Fit360\" \/>\n<meta property=\"article:modified_time\" content=\"2026-01-22T16:04:19+00:00\" \/>\n<meta property=\"og:image\" content=\"https:\/\/fit360.ee\/wp-content\/uploads\/2024\/02\/caffeine-fit360.ee_.png\" \/>\n\t<meta property=\"og:image:width\" content=\"600\" \/>\n\t<meta property=\"og:image:height\" content=\"600\" \/>\n\t<meta property=\"og:image:type\" content=\"image\/png\" \/>\n<meta name=\"twitter:card\" content=\"summary_large_image\" \/>\n<meta name=\"twitter:label1\" content=\"Est. reading time\" \/>\n\t<meta name=\"twitter:data1\" content=\"2 minutes\" \/>\n<script type=\"application\/ld+json\" class=\"yoast-schema-graph\">{\"@context\":\"https:\\\/\\\/schema.org\",\"@graph\":[{\"@type\":\"WebPage\",\"@id\":\"https:\\\/\\\/fit360.ee\\\/en\\\/pood\\\/product-groups\\\/fat-burners-en\\\/caffeine-90tab\\\/\",\"url\":\"https:\\\/\\\/fit360.ee\\\/en\\\/pood\\\/product-groups\\\/fat-burners-en\\\/caffeine-90tab\\\/\",\"name\":\"Caffeine (90tab) - Kofeiini tabletid - Parim Hind - Kiire Tarne - Fit360\",\"isPartOf\":{\"@id\":\"https:\\\/\\\/fit360.ee\\\/en\\\/#website\"},\"primaryImageOfPage\":{\"@id\":\"https:\\\/\\\/fit360.ee\\\/en\\\/pood\\\/product-groups\\\/fat-burners-en\\\/caffeine-90tab\\\/#primaryimage\"},\"image\":{\"@id\":\"https:\\\/\\\/fit360.ee\\\/en\\\/pood\\\/product-groups\\\/fat-burners-en\\\/caffeine-90tab\\\/#primaryimage\"},\"thumbnailUrl\":\"https:\\\/\\\/fit360.ee\\\/wp-content\\\/uploads\\\/2024\\\/02\\\/caffeine-fit360.ee_.png\",\"datePublished\":\"2024-02-14T09:41:08+00:00\",\"dateModified\":\"2026-01-22T16:04:19+00:00\",\"description\":\"Caffeine ehk kofeiin on k\u00f5rgeima kvaliteediga kofeiini sisaldav toidulisand. Toode on loodud k\u00f5igile stimulatsiooni vajavatele inimestele. Toode on eriti ..\",\"breadcrumb\":{\"@id\":\"https:\\\/\\\/fit360.ee\\\/en\\\/pood\\\/product-groups\\\/fat-burners-en\\\/caffeine-90tab\\\/#breadcrumb\"},\"inLanguage\":\"en-US\",\"potentialAction\":[{\"@type\":\"ReadAction\",\"target\":[\"https:\\\/\\\/fit360.ee\\\/en\\\/pood\\\/product-groups\\\/fat-burners-en\\\/caffeine-90tab\\\/\"]}]},{\"@type\":\"ImageObject\",\"inLanguage\":\"en-US\",\"@id\":\"https:\\\/\\\/fit360.ee\\\/en\\\/pood\\\/product-groups\\\/fat-burners-en\\\/caffeine-90tab\\\/#primaryimage\",\"url\":\"https:\\\/\\\/fit360.ee\\\/wp-content\\\/uploads\\\/2024\\\/02\\\/caffeine-fit360.ee_.png\",\"contentUrl\":\"https:\\\/\\\/fit360.ee\\\/wp-content\\\/uploads\\\/2024\\\/02\\\/caffeine-fit360.ee_.png\",\"width\":600,\"height\":600,\"caption\":\"caffeine - fit360.ee\"},{\"@type\":\"BreadcrumbList\",\"@id\":\"https:\\\/\\\/fit360.ee\\\/en\\\/pood\\\/product-groups\\\/fat-burners-en\\\/caffeine-90tab\\\/#breadcrumb\",\"itemListElement\":[{\"@type\":\"ListItem\",\"position\":1,\"name\":\"Home\",\"item\":\"https:\\\/\\\/fit360.ee\\\/en\\\/\"},{\"@type\":\"ListItem\",\"position\":2,\"name\":\"Shop\",\"item\":\"https:\\\/\\\/fit360.ee\\\/en\\\/shop\\\/\"},{\"@type\":\"ListItem\",\"position\":3,\"name\":\"Caffeine (90tab)\"}]},{\"@type\":\"WebSite\",\"@id\":\"https:\\\/\\\/fit360.ee\\\/en\\\/#website\",\"url\":\"https:\\\/\\\/fit360.ee\\\/en\\\/\",\"name\":\"Fit360\",\"description\":\"\",\"publisher\":{\"@id\":\"https:\\\/\\\/fit360.ee\\\/en\\\/#organization\"},\"potentialAction\":[{\"@type\":\"SearchAction\",\"target\":{\"@type\":\"EntryPoint\",\"urlTemplate\":\"https:\\\/\\\/fit360.ee\\\/en\\\/?s={search_term_string}\"},\"query-input\":{\"@type\":\"PropertyValueSpecification\",\"valueRequired\":true,\"valueName\":\"search_term_string\"}}],\"inLanguage\":\"en-US\"},{\"@type\":\"Organization\",\"@id\":\"https:\\\/\\\/fit360.ee\\\/en\\\/#organization\",\"name\":\"Fit360\",\"url\":\"https:\\\/\\\/fit360.ee\\\/en\\\/\",\"logo\":{\"@type\":\"ImageObject\",\"inLanguage\":\"en-US\",\"@id\":\"https:\\\/\\\/fit360.ee\\\/en\\\/#\\\/schema\\\/logo\\\/image\\\/\",\"url\":\"https:\\\/\\\/fit360.ee\\\/wp-content\\\/uploads\\\/2017\\\/01\\\/logo-fit360.png\",\"contentUrl\":\"https:\\\/\\\/fit360.ee\\\/wp-content\\\/uploads\\\/2017\\\/01\\\/logo-fit360.png\",\"width\":180,\"height\":66,\"caption\":\"Fit360\"},\"image\":{\"@id\":\"https:\\\/\\\/fit360.ee\\\/en\\\/#\\\/schema\\\/logo\\\/image\\\/\"}}]}<\/script>\n<!-- \/ Yoast SEO plugin. -->","yoast_head_json":{"title":"Caffeine (90tab) - Kofeiini tabletid - Parim Hind - Kiire Tarne - Fit360","description":"Caffeine ehk kofeiin on k\u00f5rgeima kvaliteediga kofeiini sisaldav toidulisand. Toode on loodud k\u00f5igile stimulatsiooni vajavatele inimestele. Toode on eriti ..","robots":{"index":"index","follow":"follow","max-snippet":"max-snippet:-1","max-image-preview":"max-image-preview:large","max-video-preview":"max-video-preview:-1"},"canonical":"https:\/\/fit360.ee\/en\/pood\/product-groups\/fat-burners-en\/caffeine-90tab\/","og_locale":"en_US","og_type":"article","og_title":"Caffeine (90tab) - Kofeiini tabletid - Parim Hind - Kiire Tarne - Fit360","og_description":"Caffeine ehk kofeiin on k\u00f5rgeima kvaliteediga kofeiini sisaldav toidulisand. Toode on loodud k\u00f5igile stimulatsiooni vajavatele inimestele. Toode on eriti ..","og_url":"https:\/\/fit360.ee\/en\/pood\/product-groups\/fat-burners-en\/caffeine-90tab\/","og_site_name":"Fit360","article_modified_time":"2026-01-22T16:04:19+00:00","og_image":[{"width":600,"height":600,"url":"https:\/\/fit360.ee\/wp-content\/uploads\/2024\/02\/caffeine-fit360.ee_.png","type":"image\/png"}],"twitter_card":"summary_large_image","twitter_misc":{"Est. reading time":"2 minutes"},"schema":{"@context":"https:\/\/schema.org","@graph":[{"@type":"WebPage","@id":"https:\/\/fit360.ee\/en\/pood\/product-groups\/fat-burners-en\/caffeine-90tab\/","url":"https:\/\/fit360.ee\/en\/pood\/product-groups\/fat-burners-en\/caffeine-90tab\/","name":"Caffeine (90tab) - Kofeiini tabletid - Parim Hind - Kiire Tarne - Fit360","isPartOf":{"@id":"https:\/\/fit360.ee\/en\/#website"},"primaryImageOfPage":{"@id":"https:\/\/fit360.ee\/en\/pood\/product-groups\/fat-burners-en\/caffeine-90tab\/#primaryimage"},"image":{"@id":"https:\/\/fit360.ee\/en\/pood\/product-groups\/fat-burners-en\/caffeine-90tab\/#primaryimage"},"thumbnailUrl":"https:\/\/fit360.ee\/wp-content\/uploads\/2024\/02\/caffeine-fit360.ee_.png","datePublished":"2024-02-14T09:41:08+00:00","dateModified":"2026-01-22T16:04:19+00:00","description":"Caffeine ehk kofeiin on k\u00f5rgeima kvaliteediga kofeiini sisaldav toidulisand. Toode on loodud k\u00f5igile stimulatsiooni vajavatele inimestele. Toode on eriti ..","breadcrumb":{"@id":"https:\/\/fit360.ee\/en\/pood\/product-groups\/fat-burners-en\/caffeine-90tab\/#breadcrumb"},"inLanguage":"en-US","potentialAction":[{"@type":"ReadAction","target":["https:\/\/fit360.ee\/en\/pood\/product-groups\/fat-burners-en\/caffeine-90tab\/"]}]},{"@type":"ImageObject","inLanguage":"en-US","@id":"https:\/\/fit360.ee\/en\/pood\/product-groups\/fat-burners-en\/caffeine-90tab\/#primaryimage","url":"https:\/\/fit360.ee\/wp-content\/uploads\/2024\/02\/caffeine-fit360.ee_.png","contentUrl":"https:\/\/fit360.ee\/wp-content\/uploads\/2024\/02\/caffeine-fit360.ee_.png","width":600,"height":600,"caption":"caffeine - fit360.ee"},{"@type":"BreadcrumbList","@id":"https:\/\/fit360.ee\/en\/pood\/product-groups\/fat-burners-en\/caffeine-90tab\/#breadcrumb","itemListElement":[{"@type":"ListItem","position":1,"name":"Home","item":"https:\/\/fit360.ee\/en\/"},{"@type":"ListItem","position":2,"name":"Shop","item":"https:\/\/fit360.ee\/en\/shop\/"},{"@type":"ListItem","position":3,"name":"Caffeine (90tab)"}]},{"@type":"WebSite","@id":"https:\/\/fit360.ee\/en\/#website","url":"https:\/\/fit360.ee\/en\/","name":"Fit360","description":"","publisher":{"@id":"https:\/\/fit360.ee\/en\/#organization"},"potentialAction":[{"@type":"SearchAction","target":{"@type":"EntryPoint","urlTemplate":"https:\/\/fit360.ee\/en\/?s={search_term_string}"},"query-input":{"@type":"PropertyValueSpecification","valueRequired":true,"valueName":"search_term_string"}}],"inLanguage":"en-US"},{"@type":"Organization","@id":"https:\/\/fit360.ee\/en\/#organization","name":"Fit360","url":"https:\/\/fit360.ee\/en\/","logo":{"@type":"ImageObject","inLanguage":"en-US","@id":"https:\/\/fit360.ee\/en\/#\/schema\/logo\/image\/","url":"https:\/\/fit360.ee\/wp-content\/uploads\/2017\/01\/logo-fit360.png","contentUrl":"https:\/\/fit360.ee\/wp-content\/uploads\/2017\/01\/logo-fit360.png","width":180,"height":66,"caption":"Fit360"},"image":{"@id":"https:\/\/fit360.ee\/en\/#\/schema\/logo\/image\/"}}]}},"_links":{"self":[{"href":"https:\/\/fit360.ee\/en\/wp-json\/wp\/v2\/product\/77479","targetHints":{"allow":["GET"]}}],"collection":[{"href":"https:\/\/fit360.ee\/en\/wp-json\/wp\/v2\/product"}],"about":[{"href":"https:\/\/fit360.ee\/en\/wp-json\/wp\/v2\/types\/product"}],"replies":[{"embeddable":true,"href":"https:\/\/fit360.ee\/en\/wp-json\/wp\/v2\/comments?post=77479"}],"wp:featuredmedia":[{"embeddable":true,"href":"https:\/\/fit360.ee\/en\/wp-json\/wp\/v2\/media\/77478"}],"wp:attachment":[{"href":"https:\/\/fit360.ee\/en\/wp-json\/wp\/v2\/media?parent=77479"}],"wp:term":[{"taxonomy":"product_brand","embeddable":true,"href":"https:\/\/fit360.ee\/en\/wp-json\/wp\/v2\/product_brand?post=77479"},{"taxonomy":"product_cat","embeddable":true,"href":"https:\/\/fit360.ee\/en\/wp-json\/wp\/v2\/product_cat?post=77479"},{"taxonomy":"product_tag","embeddable":true,"href":"https:\/\/fit360.ee\/en\/wp-json\/wp\/v2\/product_tag?post=77479"},{"taxonomy":"giftcard-category","embeddable":true,"href":"https:\/\/fit360.ee\/en\/wp-json\/wp\/v2\/giftcard-category?post=77479"}],"curies":[{"name":"wp","href":"https:\/\/api.w.org\/{rel}","templated":true}]}}