{"id":77971,"date":"2024-03-07T11:55:46","date_gmt":"2024-03-07T09:55:46","guid":{"rendered":"https:\/\/fit360.ee\/pood\/uncategorized\/daa-d-asparagiinhape-200g\/"},"modified":"2026-04-11T09:27:02","modified_gmt":"2026-04-11T07:27:02","slug":"daa-d-asparagiinhape-200g","status":"publish","type":"product","link":"https:\/\/fit360.ee\/en\/pood\/product-groups\/testosterone-boosters-en\/daa-en\/daa-d-asparagiinhape-200g\/","title":{"rendered":"DAA &#8211; D-asparagiinhape (200g)"},"content":{"rendered":"<h2><strong>OstroVit DAA\u00a0<\/strong><\/h2>\n<p>OstroVit DAA on kvaliteetne tipptasemel preparaat, mis koosneb eranditult \u00fchest ainest, D-asparagiinhappest, seekord vaarikamaitselises ja naturaalses versioonis. Toode on killustatud mikroniseerimisprotsessi teel, mis v\u00f5imaldab veelgi paremat biosaadavust.<\/p>\n<section class=\"cm__section\">\n<ul class=\"cm__list\">\n<li>200g D-asparagiinhapet pakendi kohta<\/li>\n<li>66 portsjonit konteineri kohta<\/li>\n<li>M\u00f5nus vaarikamaitse<\/li>\n<\/ul>\n<h4 class=\"cm__heading\"><strong>OstroVit D.A.A. \u2013 D-asparagiinhape<\/strong><\/h4>\n<p class=\"cm__text\">D-asparagiinhape D.A.A. on orgaaniline keemiline \u00fchend endogeensete valkude aminohapete r\u00fchmast. See osaleb meie kehas paljude \u00fchendite bios\u00fcnteesis ja on \u00fcks sidrunhappe ts\u00fckli (tavaliselt tuntud kui Krebsi ts\u00fckkel) ja gl\u00fckoneogeneesi (gl\u00fckoosi bios\u00fcntees) produktidest.<\/p>\n<p>Asparagiinhape on aktiivne \u00fchend aju keskmes &#8211; h\u00fcpof\u00fc\u00fcsis.\u00a0See p\u00f5hjustab hormoonide FSH (follikulotroopne), LH (lutropiin) v\u00f5i kasvuhormooni vabanemist.\u00a0See v\u00f5ib koguneda ka munanditesse, kus see leevendab testosterooni s\u00fcnteesi kiiruse v\u00e4henemist, mis p\u00f5hjustab testosterooni tootmise suurenemist.<\/p>\n<h4 class=\"cm__heading\"><strong>OstroVit DAA-s sisalduva D-asparagiinhappe omadused<\/strong>:<\/h4>\n<ul class=\"cm__list\">\n<li>V\u00f5ib m\u00f5jutada peamise meessuguhormooni \u2013 testosterooni \u2013 f\u00fcsioloogilise taseme t\u00f5usu<\/li>\n<li>V\u00f5ib avaldada positiivset m\u00f5ju meeste libiido tasemele<\/li>\n<li>Reguleerib hormoonide s\u00fcnteesi meie kehas<\/li>\n<li>V\u00f5ib m\u00f5jutada kognitiivseid v\u00f5imeid \u2013 aidates kaasa m\u00e4lu-, \u00f5ppimis- ja keskendumisprotsessidele<\/li>\n<li>Ideaalselt toetab taastumisprotsesse p\u00e4rast rasket treeningut<\/li>\n<\/ul>\n<\/section>\n<section class=\"cm__section\">\n<h4 class=\"cm__heading\"><strong>Laboratoorselt kinnitatud kvaliteet<\/strong><\/h4>\n<p class=\"cm__text --bold\">Klientide tervise huvides testitakse meie toodetud tooteid regulaarselt s\u00f5ltumatus akrediteeritud laboris, et tagada ja s\u00e4ilitada k\u00f5rgeim kvaliteet.<\/p>\n<p><strong>Koostisosad<\/strong>: D-asparagiinhape, aroom, magusained: sukraloos, atsesulfaam K.<\/p>\n<p>Toode v\u00f5ib sisaldada piima (sh laktoosi), sojat, maap\u00e4hkleid, muid p\u00e4hkleid, seesamiseemneid, gluteeni sisaldavaid teravilju, mune, v\u00e4hilaadseid, kala.<\/p>\n<p><strong>Kasutamine<\/strong>: Lisage 3g (1 lusikas) 100-150 ml vette v\u00f5i mahla. Tarbi \u00fcks portsjon p\u00e4evas 30 minutit enne magamaminekut.<\/p>\n<p><strong>Vaarikamaitseline versioon<\/strong>:<\/p>\n<section class=\"projector__description--nutritional row\" data-selector=\".--nutritional\">\n<div class=\"col-12 col-md-10 col-lg-8\">\n<div class=\"--nutrit\">\n<div class=\"nutrition_table_wrapper\">\n<div class=\"table_wrapper\">\n<table>\n<tbody>\n<tr>\n<th>Aktiivsed koostisosad<\/th>\n<th>Portsjoni jaoks<\/th>\n<\/tr>\n<tr>\n<td>D-asparagiinhape<\/td>\n<td>2700 mg<\/td>\n<\/tr>\n<\/tbody>\n<\/table>\n<p><strong>Naturaalmaitseline versioon<\/strong>:<\/p>\n<section class=\"projector__description--nutritional row\" data-selector=\".--nutritional\">\n<div class=\"col-12 col-md-10 col-lg-8\">\n<div class=\"--nutrit\">\n<div class=\"nutrition_table_wrapper\">\n<div class=\"table_wrapper\">\n<table>\n<tbody>\n<tr>\n<th>Aktiivsed koostisosad<\/th>\n<th>Portsjoni jaoks<\/th>\n<\/tr>\n<tr>\n<td>D-asparagiinhape<\/td>\n<td>3000 mg<\/td>\n<\/tr>\n<\/tbody>\n<\/table>\n<p>Vaata ka meie teisi Testosterooni T\u00f5stjaid <a href=\"https:\/\/fit360.ee\/en\/product-category\/product-groups\/testosterone-boosters-en\/\"><strong>SIIT<\/strong><\/a> v\u00f5i Aju Tegevust toetavaid lisandeid <a href=\"https:\/\/fit360.ee\/en\/product-category\/product-groups\/brain-support-nootropics-en\/\"><strong>SIIT<\/strong><\/a>!<\/p>\n<p>Soovid kaupa osta suuremas koguses? Vaata antud toodet ka meie HULGI poest\u00a0<a href=\"https:\/\/toidulisandidhulgi.ee\/tooted\/daa-d-asparagiinhape-200g\/\"><strong>SIIT<\/strong><\/a>!<\/p>\n<\/div>\n<\/div>\n<\/div>\n<\/div>\n<\/section>\n<\/div>\n<\/div>\n<\/div>\n<\/div>\n<\/section>\n<\/section>\n","protected":false},"excerpt":{"rendered":"<ul class=\"cm__list\">\n<li>V\u00f5ib m\u00f5jutada peamise meessuguhormooni \u2013 testosterooni \u2013 f\u00fcsioloogilise taseme t\u00f5usu<\/li>\n<li>V\u00f5ib avaldada positiivset m\u00f5ju meeste libiido tasemele<\/li>\n<li>Reguleerib hormoonide s\u00fcnteesi meie kehas<\/li>\n<li>V\u00f5ib m\u00f5jutada kognitiivseid v\u00f5imeid \u2013 aidates kaasa m\u00e4lu-, \u00f5ppimis- ja keskendumisprotsessidele<\/li>\n<li>Ideaalselt toetab taastumisprotsesse p\u00e4rast rasket treeningut<\/li>\n<\/ul>\n","protected":false},"featured_media":77968,"comment_status":"closed","ping_status":"closed","template":"","meta":[],"product_brand":[],"product_cat":[2485,2712,1329,532,536],"product_tag":[4787,4788,1924,4789],"giftcard-category":[],"class_list":{"0":"post-77971","1":"product","2":"type-product","3":"status-publish","4":"has-post-thumbnail","6":"product_cat-brain-support-nootropics-en","7":"product_cat-daa-en","8":"product_cat-ostrovit-en","9":"product_cat-testosterone-boosters-en","10":"product_cat-vitamins-and-minerals-en","11":"product_tag-d-a-a-en","12":"product_tag-daa-en","13":"product_tag-ostrovit-en","14":"product_tag-ostrovit-daa-en","15":"pa_maitse-natural","16":"pa_maitse-raspberry","18":"first","19":"instock","20":"sale","21":"taxable","22":"shipping-taxable","23":"purchasable","24":"product-type-variable"},"yoast_head":"<!-- This site is optimized with the Yoast SEO plugin v27.3 - https:\/\/yoast.com\/product\/yoast-seo-wordpress\/ -->\n<title>DAA - D-asparagiinhape (200g) - Testosterooni T\u00f5stja - Kiire Tarne Fit360<\/title>\n<meta name=\"description\" content=\"OstroVit DAA on kvaliteetne tipptasemel preparaat, mis koosneb eranditult \u00fchest ainest, D-asparagiinhappest, seekord vaarikamaitselises ja naturaalses ver..\" \/>\n<meta name=\"robots\" content=\"index, follow, max-snippet:-1, max-image-preview:large, max-video-preview:-1\" \/>\n<link rel=\"canonical\" href=\"https:\/\/fit360.ee\/en\/pood\/product-groups\/testosterone-boosters-en\/daa-en\/daa-d-asparagiinhape-200g\/\" \/>\n<meta property=\"og:locale\" content=\"en_US\" \/>\n<meta property=\"og:type\" content=\"article\" \/>\n<meta property=\"og:title\" content=\"DAA - D-asparagiinhape (200g) - Testosterooni T\u00f5stja - Kiire Tarne Fit360\" \/>\n<meta property=\"og:description\" content=\"OstroVit DAA on kvaliteetne tipptasemel preparaat, mis koosneb eranditult \u00fchest ainest, D-asparagiinhappest, seekord vaarikamaitselises ja naturaalses ver..\" \/>\n<meta property=\"og:url\" content=\"https:\/\/fit360.ee\/en\/pood\/product-groups\/testosterone-boosters-en\/daa-en\/daa-d-asparagiinhape-200g\/\" \/>\n<meta property=\"og:site_name\" content=\"Fit360\" \/>\n<meta property=\"article:modified_time\" content=\"2026-04-11T07:27:02+00:00\" \/>\n<meta property=\"og:image\" content=\"https:\/\/fit360.ee\/wp-content\/uploads\/2024\/03\/ostrovit-daa-fit360.ee_.jpg\" \/>\n\t<meta property=\"og:image:width\" content=\"450\" \/>\n\t<meta property=\"og:image:height\" content=\"450\" \/>\n\t<meta property=\"og:image:type\" content=\"image\/jpeg\" \/>\n<meta name=\"twitter:card\" content=\"summary_large_image\" \/>\n<meta name=\"twitter:label1\" content=\"Est. reading time\" \/>\n\t<meta name=\"twitter:data1\" content=\"2 minutes\" \/>\n<script type=\"application\/ld+json\" class=\"yoast-schema-graph\">{\"@context\":\"https:\\\/\\\/schema.org\",\"@graph\":[{\"@type\":\"WebPage\",\"@id\":\"https:\\\/\\\/fit360.ee\\\/en\\\/pood\\\/product-groups\\\/testosterone-boosters-en\\\/daa-en\\\/daa-d-asparagiinhape-200g\\\/\",\"url\":\"https:\\\/\\\/fit360.ee\\\/en\\\/pood\\\/product-groups\\\/testosterone-boosters-en\\\/daa-en\\\/daa-d-asparagiinhape-200g\\\/\",\"name\":\"DAA - D-asparagiinhape (200g) - Testosterooni T\u00f5stja - Kiire Tarne Fit360\",\"isPartOf\":{\"@id\":\"https:\\\/\\\/fit360.ee\\\/en\\\/#website\"},\"primaryImageOfPage\":{\"@id\":\"https:\\\/\\\/fit360.ee\\\/en\\\/pood\\\/product-groups\\\/testosterone-boosters-en\\\/daa-en\\\/daa-d-asparagiinhape-200g\\\/#primaryimage\"},\"image\":{\"@id\":\"https:\\\/\\\/fit360.ee\\\/en\\\/pood\\\/product-groups\\\/testosterone-boosters-en\\\/daa-en\\\/daa-d-asparagiinhape-200g\\\/#primaryimage\"},\"thumbnailUrl\":\"https:\\\/\\\/fit360.ee\\\/wp-content\\\/uploads\\\/2024\\\/03\\\/ostrovit-daa-fit360.ee_.jpg\",\"datePublished\":\"2024-03-07T09:55:46+00:00\",\"dateModified\":\"2026-04-11T07:27:02+00:00\",\"description\":\"OstroVit DAA on kvaliteetne tipptasemel preparaat, mis koosneb eranditult \u00fchest ainest, D-asparagiinhappest, seekord vaarikamaitselises ja naturaalses ver..\",\"breadcrumb\":{\"@id\":\"https:\\\/\\\/fit360.ee\\\/en\\\/pood\\\/product-groups\\\/testosterone-boosters-en\\\/daa-en\\\/daa-d-asparagiinhape-200g\\\/#breadcrumb\"},\"inLanguage\":\"en-US\",\"potentialAction\":[{\"@type\":\"ReadAction\",\"target\":[\"https:\\\/\\\/fit360.ee\\\/en\\\/pood\\\/product-groups\\\/testosterone-boosters-en\\\/daa-en\\\/daa-d-asparagiinhape-200g\\\/\"]}]},{\"@type\":\"ImageObject\",\"inLanguage\":\"en-US\",\"@id\":\"https:\\\/\\\/fit360.ee\\\/en\\\/pood\\\/product-groups\\\/testosterone-boosters-en\\\/daa-en\\\/daa-d-asparagiinhape-200g\\\/#primaryimage\",\"url\":\"https:\\\/\\\/fit360.ee\\\/wp-content\\\/uploads\\\/2024\\\/03\\\/ostrovit-daa-fit360.ee_.jpg\",\"contentUrl\":\"https:\\\/\\\/fit360.ee\\\/wp-content\\\/uploads\\\/2024\\\/03\\\/ostrovit-daa-fit360.ee_.jpg\",\"width\":450,\"height\":450,\"caption\":\"ostrovit daa - fit360.ee\"},{\"@type\":\"BreadcrumbList\",\"@id\":\"https:\\\/\\\/fit360.ee\\\/en\\\/pood\\\/product-groups\\\/testosterone-boosters-en\\\/daa-en\\\/daa-d-asparagiinhape-200g\\\/#breadcrumb\",\"itemListElement\":[{\"@type\":\"ListItem\",\"position\":1,\"name\":\"Home\",\"item\":\"https:\\\/\\\/fit360.ee\\\/en\\\/\"},{\"@type\":\"ListItem\",\"position\":2,\"name\":\"Shop\",\"item\":\"https:\\\/\\\/fit360.ee\\\/en\\\/shop\\\/\"},{\"@type\":\"ListItem\",\"position\":3,\"name\":\"DAA &#8211; D-asparagiinhape (200g)\"}]},{\"@type\":\"WebSite\",\"@id\":\"https:\\\/\\\/fit360.ee\\\/en\\\/#website\",\"url\":\"https:\\\/\\\/fit360.ee\\\/en\\\/\",\"name\":\"Fit360\",\"description\":\"\",\"publisher\":{\"@id\":\"https:\\\/\\\/fit360.ee\\\/en\\\/#organization\"},\"potentialAction\":[{\"@type\":\"SearchAction\",\"target\":{\"@type\":\"EntryPoint\",\"urlTemplate\":\"https:\\\/\\\/fit360.ee\\\/en\\\/?s={search_term_string}\"},\"query-input\":{\"@type\":\"PropertyValueSpecification\",\"valueRequired\":true,\"valueName\":\"search_term_string\"}}],\"inLanguage\":\"en-US\"},{\"@type\":\"Organization\",\"@id\":\"https:\\\/\\\/fit360.ee\\\/en\\\/#organization\",\"name\":\"Fit360\",\"url\":\"https:\\\/\\\/fit360.ee\\\/en\\\/\",\"logo\":{\"@type\":\"ImageObject\",\"inLanguage\":\"en-US\",\"@id\":\"https:\\\/\\\/fit360.ee\\\/en\\\/#\\\/schema\\\/logo\\\/image\\\/\",\"url\":\"https:\\\/\\\/fit360.ee\\\/wp-content\\\/uploads\\\/2017\\\/01\\\/logo-fit360.png\",\"contentUrl\":\"https:\\\/\\\/fit360.ee\\\/wp-content\\\/uploads\\\/2017\\\/01\\\/logo-fit360.png\",\"width\":180,\"height\":66,\"caption\":\"Fit360\"},\"image\":{\"@id\":\"https:\\\/\\\/fit360.ee\\\/en\\\/#\\\/schema\\\/logo\\\/image\\\/\"}}]}<\/script>\n<!-- \/ Yoast SEO plugin. -->","yoast_head_json":{"title":"DAA - D-asparagiinhape (200g) - Testosterooni T\u00f5stja - Kiire Tarne Fit360","description":"OstroVit DAA on kvaliteetne tipptasemel preparaat, mis koosneb eranditult \u00fchest ainest, D-asparagiinhappest, seekord vaarikamaitselises ja naturaalses ver..","robots":{"index":"index","follow":"follow","max-snippet":"max-snippet:-1","max-image-preview":"max-image-preview:large","max-video-preview":"max-video-preview:-1"},"canonical":"https:\/\/fit360.ee\/en\/pood\/product-groups\/testosterone-boosters-en\/daa-en\/daa-d-asparagiinhape-200g\/","og_locale":"en_US","og_type":"article","og_title":"DAA - D-asparagiinhape (200g) - Testosterooni T\u00f5stja - Kiire Tarne Fit360","og_description":"OstroVit DAA on kvaliteetne tipptasemel preparaat, mis koosneb eranditult \u00fchest ainest, D-asparagiinhappest, seekord vaarikamaitselises ja naturaalses ver..","og_url":"https:\/\/fit360.ee\/en\/pood\/product-groups\/testosterone-boosters-en\/daa-en\/daa-d-asparagiinhape-200g\/","og_site_name":"Fit360","article_modified_time":"2026-04-11T07:27:02+00:00","og_image":[{"width":450,"height":450,"url":"https:\/\/fit360.ee\/wp-content\/uploads\/2024\/03\/ostrovit-daa-fit360.ee_.jpg","type":"image\/jpeg"}],"twitter_card":"summary_large_image","twitter_misc":{"Est. reading time":"2 minutes"},"schema":{"@context":"https:\/\/schema.org","@graph":[{"@type":"WebPage","@id":"https:\/\/fit360.ee\/en\/pood\/product-groups\/testosterone-boosters-en\/daa-en\/daa-d-asparagiinhape-200g\/","url":"https:\/\/fit360.ee\/en\/pood\/product-groups\/testosterone-boosters-en\/daa-en\/daa-d-asparagiinhape-200g\/","name":"DAA - D-asparagiinhape (200g) - Testosterooni T\u00f5stja - Kiire Tarne Fit360","isPartOf":{"@id":"https:\/\/fit360.ee\/en\/#website"},"primaryImageOfPage":{"@id":"https:\/\/fit360.ee\/en\/pood\/product-groups\/testosterone-boosters-en\/daa-en\/daa-d-asparagiinhape-200g\/#primaryimage"},"image":{"@id":"https:\/\/fit360.ee\/en\/pood\/product-groups\/testosterone-boosters-en\/daa-en\/daa-d-asparagiinhape-200g\/#primaryimage"},"thumbnailUrl":"https:\/\/fit360.ee\/wp-content\/uploads\/2024\/03\/ostrovit-daa-fit360.ee_.jpg","datePublished":"2024-03-07T09:55:46+00:00","dateModified":"2026-04-11T07:27:02+00:00","description":"OstroVit DAA on kvaliteetne tipptasemel preparaat, mis koosneb eranditult \u00fchest ainest, D-asparagiinhappest, seekord vaarikamaitselises ja naturaalses ver..","breadcrumb":{"@id":"https:\/\/fit360.ee\/en\/pood\/product-groups\/testosterone-boosters-en\/daa-en\/daa-d-asparagiinhape-200g\/#breadcrumb"},"inLanguage":"en-US","potentialAction":[{"@type":"ReadAction","target":["https:\/\/fit360.ee\/en\/pood\/product-groups\/testosterone-boosters-en\/daa-en\/daa-d-asparagiinhape-200g\/"]}]},{"@type":"ImageObject","inLanguage":"en-US","@id":"https:\/\/fit360.ee\/en\/pood\/product-groups\/testosterone-boosters-en\/daa-en\/daa-d-asparagiinhape-200g\/#primaryimage","url":"https:\/\/fit360.ee\/wp-content\/uploads\/2024\/03\/ostrovit-daa-fit360.ee_.jpg","contentUrl":"https:\/\/fit360.ee\/wp-content\/uploads\/2024\/03\/ostrovit-daa-fit360.ee_.jpg","width":450,"height":450,"caption":"ostrovit daa - fit360.ee"},{"@type":"BreadcrumbList","@id":"https:\/\/fit360.ee\/en\/pood\/product-groups\/testosterone-boosters-en\/daa-en\/daa-d-asparagiinhape-200g\/#breadcrumb","itemListElement":[{"@type":"ListItem","position":1,"name":"Home","item":"https:\/\/fit360.ee\/en\/"},{"@type":"ListItem","position":2,"name":"Shop","item":"https:\/\/fit360.ee\/en\/shop\/"},{"@type":"ListItem","position":3,"name":"DAA &#8211; D-asparagiinhape (200g)"}]},{"@type":"WebSite","@id":"https:\/\/fit360.ee\/en\/#website","url":"https:\/\/fit360.ee\/en\/","name":"Fit360","description":"","publisher":{"@id":"https:\/\/fit360.ee\/en\/#organization"},"potentialAction":[{"@type":"SearchAction","target":{"@type":"EntryPoint","urlTemplate":"https:\/\/fit360.ee\/en\/?s={search_term_string}"},"query-input":{"@type":"PropertyValueSpecification","valueRequired":true,"valueName":"search_term_string"}}],"inLanguage":"en-US"},{"@type":"Organization","@id":"https:\/\/fit360.ee\/en\/#organization","name":"Fit360","url":"https:\/\/fit360.ee\/en\/","logo":{"@type":"ImageObject","inLanguage":"en-US","@id":"https:\/\/fit360.ee\/en\/#\/schema\/logo\/image\/","url":"https:\/\/fit360.ee\/wp-content\/uploads\/2017\/01\/logo-fit360.png","contentUrl":"https:\/\/fit360.ee\/wp-content\/uploads\/2017\/01\/logo-fit360.png","width":180,"height":66,"caption":"Fit360"},"image":{"@id":"https:\/\/fit360.ee\/en\/#\/schema\/logo\/image\/"}}]}},"_links":{"self":[{"href":"https:\/\/fit360.ee\/en\/wp-json\/wp\/v2\/product\/77971","targetHints":{"allow":["GET"]}}],"collection":[{"href":"https:\/\/fit360.ee\/en\/wp-json\/wp\/v2\/product"}],"about":[{"href":"https:\/\/fit360.ee\/en\/wp-json\/wp\/v2\/types\/product"}],"replies":[{"embeddable":true,"href":"https:\/\/fit360.ee\/en\/wp-json\/wp\/v2\/comments?post=77971"}],"wp:featuredmedia":[{"embeddable":true,"href":"https:\/\/fit360.ee\/en\/wp-json\/wp\/v2\/media\/77968"}],"wp:attachment":[{"href":"https:\/\/fit360.ee\/en\/wp-json\/wp\/v2\/media?parent=77971"}],"wp:term":[{"taxonomy":"product_brand","embeddable":true,"href":"https:\/\/fit360.ee\/en\/wp-json\/wp\/v2\/product_brand?post=77971"},{"taxonomy":"product_cat","embeddable":true,"href":"https:\/\/fit360.ee\/en\/wp-json\/wp\/v2\/product_cat?post=77971"},{"taxonomy":"product_tag","embeddable":true,"href":"https:\/\/fit360.ee\/en\/wp-json\/wp\/v2\/product_tag?post=77971"},{"taxonomy":"giftcard-category","embeddable":true,"href":"https:\/\/fit360.ee\/en\/wp-json\/wp\/v2\/giftcard-category?post=77971"}],"curies":[{"name":"wp","href":"https:\/\/api.w.org\/{rel}","templated":true}]}}