{"id":78016,"date":"2024-03-09T13:40:06","date_gmt":"2024-03-09T11:40:06","guid":{"rendered":"https:\/\/fit360.ee\/pood\/uncategorized\/biotiin-10000-max-60tabs\/"},"modified":"2025-08-26T01:34:56","modified_gmt":"2025-08-25T23:34:56","slug":"biotiin-10000-max-60tabs","status":"publish","type":"product","link":"https:\/\/fit360.ee\/en\/pood\/product-groups\/vitamins-and-minerals-en\/b-vitamin-en\/biotiin-10000-max-60tabs\/","title":{"rendered":"Biotiin 10000 MAX (60tabs)"},"content":{"rendered":"<h2 class=\"cm__heading\"><strong>Biotiin 10000 MAX<\/strong><\/h2>\n<p>OstroVit Biotiin 10000 MAX on kvaliteetne toidulisand, mis on biotiini allikas. See on kergesti neelatavate tablettidena saadaval olev preparaat, mis on loodud inimestele, kes hoolivad tervislikust ja ilusast v\u00e4limusest.<\/p>\n<ul class=\"cm__list\">\n<li><strong>Biotiini allikas<\/strong>\u00a0\u2013 \u00fcks toidulisandi portsjon annab kehale 2500 \u00b5g D-biotiini.<\/li>\n<li><strong>1 portsjon = \u00bc tabletti.<\/strong><\/li>\n<li><strong>T\u00f5husus<\/strong> \u2013 tootepakendis on 240 serveeringut preparaati.<\/li>\n<li><strong>Mugav vorm<\/strong>\u00a0\u2013 preparaat on saadaval kergesti neelatavate tablettidena toidulisandi t\u00f5rgeteta tarnimiseks.<\/li>\n<\/ul>\n<h4><strong>OstroVit Biotin 10.000 MAX \u2013 v\u00e4\u00e4rtuslik toidulisand<\/strong><\/h4>\n<p><strong>Biotiin<\/strong>\u00a0, mida nimetatakse ka vitamiiniks H v\u00f5i B7, on orgaaniline keemiline \u00fchend, mis on klassifitseeritud B-vitamiiniks.\u00a0See on vees lahustuv aine, mida inimkehas v\u00f5ib toota v\u00e4ikestes kogustes seedetraktis asuv bakteriaalne floora.\u00a0Et aga rahuldada organismi n\u00f5udlust \u00fchendi j\u00e4rele, tasub seda organismi varustada v\u00e4ljastpoolt \u2013 toiduga v\u00f5i toidulisandite n\u00e4ol.\u00a0Biotiini toiduallikate hulka kuuluvad sellised tooted nagu rups, kala, p\u00e4hklid, aga ka seemned ja teraviljatooted.<\/p>\n<h4><strong>OstroVit Biotiin 10 000 MAX sisalduvate koostisosade omadused<\/strong><\/h4>\n<p><strong>Biotiin<\/strong>\u00a0aitab kaasa normaalse energiavahetuse s\u00e4ilitamisele ja toetab n\u00e4rvis\u00fcsteemi n\u00f5uetekohast talitlust, samuti aitab kaasa optimaalse makrotoitainete ainevahetuse s\u00e4ilimisele.\u00a0Lisaks aitab see s\u00e4ilitada \u00f5iget vaimset funktsiooni ja toetab normaalsete limaskestade s\u00e4ilimist.\u00a0Biotiin aitab s\u00e4ilitada ka terve naha ja juuste.<\/p>\n<p><strong>Koostisosad<\/strong>: Mahuaine: mikrokristalne tselluloos;\u00a0t\u00e4rklis, D-biotiin (biotiin), paakumisvastased ained: rasvhapete magneesiumisoolad, r\u00e4nidioksiid.<\/p>\n<p>Toode v\u00f5ib sisaldada piima (sh laktoosi), soja, maap\u00e4hkleid, muid p\u00e4hkleid, seesamiseemneid, gluteeni sisaldavaid teravilju, mune, v\u00e4hilaadseid, kala.<\/p>\n<p><strong>Kasutamine<\/strong>: V\u00f5tke 1 portsjon (1\/4 tabletti) p\u00e4evas.\u00a0Toode on m\u00f5eldud t\u00e4iskasvanutele.<\/p>\n<p><strong>Suurus<\/strong>: 60 tabletti &#8211; 240 serveeringut.<\/p>\n<div class=\"top_info\"><label>Toote netokaal: 17 g<\/label><\/div>\n<div class=\"top_info\"><label>Portsjonid konteineri kohta: 240<\/label><\/div>\n<div class=\"top_info\"><label>Portsjoni suurus: 1\/4 tabletti<\/label><\/div>\n<div class=\"table_wrapper\">\n<table>\n<tbody>\n<tr>\n<th>Aktiivsed koostisosad<\/th>\n<th>portsjoni kohta<\/th>\n<th>% RI*<\/th>\n<th>1 tablett<\/th>\n<th>% SPK*<\/th>\n<\/tr>\n<tr>\n<td>Biotiin<\/td>\n<td>2500 \u00b5g<\/td>\n<td>5000%<\/td>\n<td>10000 \u00b5g<\/td>\n<td>20000%<\/td>\n<\/tr>\n<\/tbody>\n<\/table>\n<p>*SPK \u2013 Soovitatud p\u00e4evane kogus<\/p>\n<p>Vaata ka meie Teisi B Vitamiine <a href=\"https:\/\/fit360.ee\/en\/product-category\/product-groups\/vitamins-and-minerals-en\/b-vitamin-en\/\"><strong>SIIT<\/strong><\/a> v\u00f5i Biotiine <a href=\"https:\/\/fit360.ee\/en\/product-category\/product-groups\/vitamins-and-minerals-en\/biotin-en\/\"><strong>SIIT<\/strong><\/a>!<\/p>\n<p>Soovid kaupa osta suuremas koguses? Vaata antud toodet ka meie HULGI poest\u00a0<a href=\"https:\/\/toidulisandidhulgi.ee\/tooted\/biotiin-10000-max-60tabs\/\"><strong>SIIT<\/strong><\/a>!<\/p>\n<\/div>\n","protected":false},"excerpt":{"rendered":"<ul class=\"cm__list\">\n<li><strong>Biotiini allikas<\/strong>\u00a0\u2013 \u00fcks toidulisandi portsjon annab kehale 2500 \u00b5g D-biotiini.<\/li>\n<li><strong>1 portsjon = \u00bc tabletti.<\/strong><\/li>\n<li><strong>T\u00f5husus<\/strong> \u2013 tootepakendis on 240 serveeringut preparaati.<\/li>\n<li><strong>Mugav vorm<\/strong>\u00a0\u2013 preparaat on saadaval kergesti neelatavate tablettidena toidulisandi t\u00f5rgeteta tarnimiseks.<\/li>\n<\/ul>\n","protected":false},"featured_media":78015,"comment_status":"closed","ping_status":"closed","template":"","meta":[],"product_brand":[],"product_cat":[2251,2255,1329,1454,536],"product_tag":[2099,4782,4783,1924],"giftcard-category":[],"class_list":{"0":"post-78016","1":"product","2":"type-product","3":"status-publish","4":"has-post-thumbnail","6":"product_cat-b-vitamin-en","7":"product_cat-biotin-en","8":"product_cat-ostrovit-en","9":"product_cat-superfoods-health-foods-en","10":"product_cat-vitamins-and-minerals-en","11":"product_tag-biotiin-en","12":"product_tag-biotiin-10000-en","13":"product_tag-biotin-en","14":"product_tag-ostrovit-en","15":"pa_kogus-60-tablets","16":"pa_toidulisand-branddd-ostrovit","17":"pa_tootegruppp-b-vitamiin-en","18":"pa_tootegruppp-biotiin-en","19":"pa_tootegruppp-supertoit-tervisetoit-en","20":"pa_tootegruppp-vitamins-and-minerals","22":"first","23":"outofstock","24":"sale","25":"taxable","26":"shipping-taxable","27":"purchasable","28":"product-type-simple"},"yoast_head":"<!-- This site is optimized with the Yoast SEO plugin v27.5 - https:\/\/yoast.com\/product\/yoast-seo-wordpress\/ -->\n<title>Biotiin 10000 MAX (60tabs) - Ilusad juuksed, k\u00fc\u00fcned ja nahk - Fit360<\/title>\n<meta name=\"description\" content=\"Biotiin\u00a010000 aitab kaasa normaalse energiavahetuse s\u00e4ilitamisele ja toetab n\u00e4rvis\u00fcsteemi n\u00f5uetekohast talitlust, samuti aitab kaasa optimaalse makrotoita..\" \/>\n<meta name=\"robots\" content=\"index, follow, max-snippet:-1, max-image-preview:large, max-video-preview:-1\" \/>\n<link rel=\"canonical\" href=\"https:\/\/fit360.ee\/en\/pood\/product-groups\/vitamins-and-minerals-en\/b-vitamin-en\/biotiin-10000-max-60tabs\/\" \/>\n<meta property=\"og:locale\" content=\"en_US\" \/>\n<meta property=\"og:type\" content=\"article\" \/>\n<meta property=\"og:title\" content=\"Biotiin 10000 MAX (60tabs) - Ilusad juuksed, k\u00fc\u00fcned ja nahk - Fit360\" \/>\n<meta property=\"og:description\" content=\"Biotiin\u00a010000 aitab kaasa normaalse energiavahetuse s\u00e4ilitamisele ja toetab n\u00e4rvis\u00fcsteemi n\u00f5uetekohast talitlust, samuti aitab kaasa optimaalse makrotoita..\" \/>\n<meta property=\"og:url\" content=\"https:\/\/fit360.ee\/en\/pood\/product-groups\/vitamins-and-minerals-en\/b-vitamin-en\/biotiin-10000-max-60tabs\/\" \/>\n<meta property=\"og:site_name\" content=\"Fit360\" \/>\n<meta property=\"article:modified_time\" content=\"2025-08-25T23:34:56+00:00\" \/>\n<meta property=\"og:image\" content=\"https:\/\/fit360.ee\/wp-content\/uploads\/2024\/03\/biotiin-10000-max-fit360.ee_.jpg\" \/>\n\t<meta property=\"og:image:width\" content=\"450\" \/>\n\t<meta property=\"og:image:height\" content=\"450\" \/>\n\t<meta property=\"og:image:type\" content=\"image\/jpeg\" \/>\n<meta name=\"twitter:card\" content=\"summary_large_image\" \/>\n<meta name=\"twitter:label1\" content=\"Est. reading time\" \/>\n\t<meta name=\"twitter:data1\" content=\"2 minutes\" \/>\n<script type=\"application\/ld+json\" class=\"yoast-schema-graph\">{\"@context\":\"https:\\\/\\\/schema.org\",\"@graph\":[{\"@type\":\"WebPage\",\"@id\":\"https:\\\/\\\/fit360.ee\\\/en\\\/pood\\\/product-groups\\\/vitamins-and-minerals-en\\\/b-vitamin-en\\\/biotiin-10000-max-60tabs\\\/\",\"url\":\"https:\\\/\\\/fit360.ee\\\/en\\\/pood\\\/product-groups\\\/vitamins-and-minerals-en\\\/b-vitamin-en\\\/biotiin-10000-max-60tabs\\\/\",\"name\":\"Biotiin 10000 MAX (60tabs) - Ilusad juuksed, k\u00fc\u00fcned ja nahk - Fit360\",\"isPartOf\":{\"@id\":\"https:\\\/\\\/fit360.ee\\\/en\\\/#website\"},\"primaryImageOfPage\":{\"@id\":\"https:\\\/\\\/fit360.ee\\\/en\\\/pood\\\/product-groups\\\/vitamins-and-minerals-en\\\/b-vitamin-en\\\/biotiin-10000-max-60tabs\\\/#primaryimage\"},\"image\":{\"@id\":\"https:\\\/\\\/fit360.ee\\\/en\\\/pood\\\/product-groups\\\/vitamins-and-minerals-en\\\/b-vitamin-en\\\/biotiin-10000-max-60tabs\\\/#primaryimage\"},\"thumbnailUrl\":\"https:\\\/\\\/fit360.ee\\\/wp-content\\\/uploads\\\/2024\\\/03\\\/biotiin-10000-max-fit360.ee_.jpg\",\"datePublished\":\"2024-03-09T11:40:06+00:00\",\"dateModified\":\"2025-08-25T23:34:56+00:00\",\"description\":\"Biotiin\u00a010000 aitab kaasa normaalse energiavahetuse s\u00e4ilitamisele ja toetab n\u00e4rvis\u00fcsteemi n\u00f5uetekohast talitlust, samuti aitab kaasa optimaalse makrotoita..\",\"breadcrumb\":{\"@id\":\"https:\\\/\\\/fit360.ee\\\/en\\\/pood\\\/product-groups\\\/vitamins-and-minerals-en\\\/b-vitamin-en\\\/biotiin-10000-max-60tabs\\\/#breadcrumb\"},\"inLanguage\":\"en-US\",\"potentialAction\":[{\"@type\":\"ReadAction\",\"target\":[\"https:\\\/\\\/fit360.ee\\\/en\\\/pood\\\/product-groups\\\/vitamins-and-minerals-en\\\/b-vitamin-en\\\/biotiin-10000-max-60tabs\\\/\"]}]},{\"@type\":\"ImageObject\",\"inLanguage\":\"en-US\",\"@id\":\"https:\\\/\\\/fit360.ee\\\/en\\\/pood\\\/product-groups\\\/vitamins-and-minerals-en\\\/b-vitamin-en\\\/biotiin-10000-max-60tabs\\\/#primaryimage\",\"url\":\"https:\\\/\\\/fit360.ee\\\/wp-content\\\/uploads\\\/2024\\\/03\\\/biotiin-10000-max-fit360.ee_.jpg\",\"contentUrl\":\"https:\\\/\\\/fit360.ee\\\/wp-content\\\/uploads\\\/2024\\\/03\\\/biotiin-10000-max-fit360.ee_.jpg\",\"width\":450,\"height\":450,\"caption\":\"biotiin 10000 max - fit360.ee\"},{\"@type\":\"BreadcrumbList\",\"@id\":\"https:\\\/\\\/fit360.ee\\\/en\\\/pood\\\/product-groups\\\/vitamins-and-minerals-en\\\/b-vitamin-en\\\/biotiin-10000-max-60tabs\\\/#breadcrumb\",\"itemListElement\":[{\"@type\":\"ListItem\",\"position\":1,\"name\":\"Home\",\"item\":\"https:\\\/\\\/fit360.ee\\\/en\\\/\"},{\"@type\":\"ListItem\",\"position\":2,\"name\":\"Shop\",\"item\":\"https:\\\/\\\/fit360.ee\\\/en\\\/shop\\\/\"},{\"@type\":\"ListItem\",\"position\":3,\"name\":\"Biotiin 10000 MAX (60tabs)\"}]},{\"@type\":\"WebSite\",\"@id\":\"https:\\\/\\\/fit360.ee\\\/en\\\/#website\",\"url\":\"https:\\\/\\\/fit360.ee\\\/en\\\/\",\"name\":\"Fit360\",\"description\":\"\",\"publisher\":{\"@id\":\"https:\\\/\\\/fit360.ee\\\/en\\\/#organization\"},\"potentialAction\":[{\"@type\":\"SearchAction\",\"target\":{\"@type\":\"EntryPoint\",\"urlTemplate\":\"https:\\\/\\\/fit360.ee\\\/en\\\/?s={search_term_string}\"},\"query-input\":{\"@type\":\"PropertyValueSpecification\",\"valueRequired\":true,\"valueName\":\"search_term_string\"}}],\"inLanguage\":\"en-US\"},{\"@type\":\"Organization\",\"@id\":\"https:\\\/\\\/fit360.ee\\\/en\\\/#organization\",\"name\":\"Fit360\",\"url\":\"https:\\\/\\\/fit360.ee\\\/en\\\/\",\"logo\":{\"@type\":\"ImageObject\",\"inLanguage\":\"en-US\",\"@id\":\"https:\\\/\\\/fit360.ee\\\/en\\\/#\\\/schema\\\/logo\\\/image\\\/\",\"url\":\"https:\\\/\\\/fit360.ee\\\/wp-content\\\/uploads\\\/2017\\\/01\\\/logo-fit360.png\",\"contentUrl\":\"https:\\\/\\\/fit360.ee\\\/wp-content\\\/uploads\\\/2017\\\/01\\\/logo-fit360.png\",\"width\":180,\"height\":66,\"caption\":\"Fit360\"},\"image\":{\"@id\":\"https:\\\/\\\/fit360.ee\\\/en\\\/#\\\/schema\\\/logo\\\/image\\\/\"}}]}<\/script>\n<!-- \/ Yoast SEO plugin. -->","yoast_head_json":{"title":"Biotiin 10000 MAX (60tabs) - Ilusad juuksed, k\u00fc\u00fcned ja nahk - Fit360","description":"Biotiin\u00a010000 aitab kaasa normaalse energiavahetuse s\u00e4ilitamisele ja toetab n\u00e4rvis\u00fcsteemi n\u00f5uetekohast talitlust, samuti aitab kaasa optimaalse makrotoita..","robots":{"index":"index","follow":"follow","max-snippet":"max-snippet:-1","max-image-preview":"max-image-preview:large","max-video-preview":"max-video-preview:-1"},"canonical":"https:\/\/fit360.ee\/en\/pood\/product-groups\/vitamins-and-minerals-en\/b-vitamin-en\/biotiin-10000-max-60tabs\/","og_locale":"en_US","og_type":"article","og_title":"Biotiin 10000 MAX (60tabs) - Ilusad juuksed, k\u00fc\u00fcned ja nahk - Fit360","og_description":"Biotiin\u00a010000 aitab kaasa normaalse energiavahetuse s\u00e4ilitamisele ja toetab n\u00e4rvis\u00fcsteemi n\u00f5uetekohast talitlust, samuti aitab kaasa optimaalse makrotoita..","og_url":"https:\/\/fit360.ee\/en\/pood\/product-groups\/vitamins-and-minerals-en\/b-vitamin-en\/biotiin-10000-max-60tabs\/","og_site_name":"Fit360","article_modified_time":"2025-08-25T23:34:56+00:00","og_image":[{"width":450,"height":450,"url":"https:\/\/fit360.ee\/wp-content\/uploads\/2024\/03\/biotiin-10000-max-fit360.ee_.jpg","type":"image\/jpeg"}],"twitter_card":"summary_large_image","twitter_misc":{"Est. reading time":"2 minutes"},"schema":{"@context":"https:\/\/schema.org","@graph":[{"@type":"WebPage","@id":"https:\/\/fit360.ee\/en\/pood\/product-groups\/vitamins-and-minerals-en\/b-vitamin-en\/biotiin-10000-max-60tabs\/","url":"https:\/\/fit360.ee\/en\/pood\/product-groups\/vitamins-and-minerals-en\/b-vitamin-en\/biotiin-10000-max-60tabs\/","name":"Biotiin 10000 MAX (60tabs) - Ilusad juuksed, k\u00fc\u00fcned ja nahk - Fit360","isPartOf":{"@id":"https:\/\/fit360.ee\/en\/#website"},"primaryImageOfPage":{"@id":"https:\/\/fit360.ee\/en\/pood\/product-groups\/vitamins-and-minerals-en\/b-vitamin-en\/biotiin-10000-max-60tabs\/#primaryimage"},"image":{"@id":"https:\/\/fit360.ee\/en\/pood\/product-groups\/vitamins-and-minerals-en\/b-vitamin-en\/biotiin-10000-max-60tabs\/#primaryimage"},"thumbnailUrl":"https:\/\/fit360.ee\/wp-content\/uploads\/2024\/03\/biotiin-10000-max-fit360.ee_.jpg","datePublished":"2024-03-09T11:40:06+00:00","dateModified":"2025-08-25T23:34:56+00:00","description":"Biotiin\u00a010000 aitab kaasa normaalse energiavahetuse s\u00e4ilitamisele ja toetab n\u00e4rvis\u00fcsteemi n\u00f5uetekohast talitlust, samuti aitab kaasa optimaalse makrotoita..","breadcrumb":{"@id":"https:\/\/fit360.ee\/en\/pood\/product-groups\/vitamins-and-minerals-en\/b-vitamin-en\/biotiin-10000-max-60tabs\/#breadcrumb"},"inLanguage":"en-US","potentialAction":[{"@type":"ReadAction","target":["https:\/\/fit360.ee\/en\/pood\/product-groups\/vitamins-and-minerals-en\/b-vitamin-en\/biotiin-10000-max-60tabs\/"]}]},{"@type":"ImageObject","inLanguage":"en-US","@id":"https:\/\/fit360.ee\/en\/pood\/product-groups\/vitamins-and-minerals-en\/b-vitamin-en\/biotiin-10000-max-60tabs\/#primaryimage","url":"https:\/\/fit360.ee\/wp-content\/uploads\/2024\/03\/biotiin-10000-max-fit360.ee_.jpg","contentUrl":"https:\/\/fit360.ee\/wp-content\/uploads\/2024\/03\/biotiin-10000-max-fit360.ee_.jpg","width":450,"height":450,"caption":"biotiin 10000 max - fit360.ee"},{"@type":"BreadcrumbList","@id":"https:\/\/fit360.ee\/en\/pood\/product-groups\/vitamins-and-minerals-en\/b-vitamin-en\/biotiin-10000-max-60tabs\/#breadcrumb","itemListElement":[{"@type":"ListItem","position":1,"name":"Home","item":"https:\/\/fit360.ee\/en\/"},{"@type":"ListItem","position":2,"name":"Shop","item":"https:\/\/fit360.ee\/en\/shop\/"},{"@type":"ListItem","position":3,"name":"Biotiin 10000 MAX (60tabs)"}]},{"@type":"WebSite","@id":"https:\/\/fit360.ee\/en\/#website","url":"https:\/\/fit360.ee\/en\/","name":"Fit360","description":"","publisher":{"@id":"https:\/\/fit360.ee\/en\/#organization"},"potentialAction":[{"@type":"SearchAction","target":{"@type":"EntryPoint","urlTemplate":"https:\/\/fit360.ee\/en\/?s={search_term_string}"},"query-input":{"@type":"PropertyValueSpecification","valueRequired":true,"valueName":"search_term_string"}}],"inLanguage":"en-US"},{"@type":"Organization","@id":"https:\/\/fit360.ee\/en\/#organization","name":"Fit360","url":"https:\/\/fit360.ee\/en\/","logo":{"@type":"ImageObject","inLanguage":"en-US","@id":"https:\/\/fit360.ee\/en\/#\/schema\/logo\/image\/","url":"https:\/\/fit360.ee\/wp-content\/uploads\/2017\/01\/logo-fit360.png","contentUrl":"https:\/\/fit360.ee\/wp-content\/uploads\/2017\/01\/logo-fit360.png","width":180,"height":66,"caption":"Fit360"},"image":{"@id":"https:\/\/fit360.ee\/en\/#\/schema\/logo\/image\/"}}]}},"_links":{"self":[{"href":"https:\/\/fit360.ee\/en\/wp-json\/wp\/v2\/product\/78016","targetHints":{"allow":["GET"]}}],"collection":[{"href":"https:\/\/fit360.ee\/en\/wp-json\/wp\/v2\/product"}],"about":[{"href":"https:\/\/fit360.ee\/en\/wp-json\/wp\/v2\/types\/product"}],"replies":[{"embeddable":true,"href":"https:\/\/fit360.ee\/en\/wp-json\/wp\/v2\/comments?post=78016"}],"wp:featuredmedia":[{"embeddable":true,"href":"https:\/\/fit360.ee\/en\/wp-json\/wp\/v2\/media\/78015"}],"wp:attachment":[{"href":"https:\/\/fit360.ee\/en\/wp-json\/wp\/v2\/media?parent=78016"}],"wp:term":[{"taxonomy":"product_brand","embeddable":true,"href":"https:\/\/fit360.ee\/en\/wp-json\/wp\/v2\/product_brand?post=78016"},{"taxonomy":"product_cat","embeddable":true,"href":"https:\/\/fit360.ee\/en\/wp-json\/wp\/v2\/product_cat?post=78016"},{"taxonomy":"product_tag","embeddable":true,"href":"https:\/\/fit360.ee\/en\/wp-json\/wp\/v2\/product_tag?post=78016"},{"taxonomy":"giftcard-category","embeddable":true,"href":"https:\/\/fit360.ee\/en\/wp-json\/wp\/v2\/giftcard-category?post=78016"}],"curies":[{"name":"wp","href":"https:\/\/api.w.org\/{rel}","templated":true}]}}