{"id":78170,"date":"2024-03-13T14:31:36","date_gmt":"2024-03-13T12:31:36","guid":{"rendered":"https:\/\/fit360.ee\/pood\/uncategorized\/creatine-monohydrate-naturaalne-1000g\/"},"modified":"2025-08-19T09:08:00","modified_gmt":"2025-08-19T07:08:00","slug":"creatine-monohydrate-naturaalne-1000g","status":"publish","type":"product","link":"https:\/\/fit360.ee\/en\/pood\/product-groups\/creatine-en\/creatine-monohydrate-en\/creatine-monohydrate-naturaalne-1000g\/","title":{"rendered":"Creatine Monohydrate, Naturaalne (1000g)"},"content":{"rendered":"<h1><strong>Kreatiin Monoh\u00fcdraat<\/strong><\/h1>\n<p><strong>Kreatiin monoh\u00fcdraat<\/strong> 1000g on k\u00f5ige populaarsem ja enim uuritud kreatiini vorm. Kreatiin monoh\u00fcdraat on k\u00f5ige sobilikum neile, kes soovivad suurendada j\u00f5udu, kiirust ja puhast lihasmassi. Sajad uuringud on t\u00f5estanud, et kreatiin monoh\u00fcdraat aitab parandada j\u00f5udu, vastupidavust ja lihaskasvu. Kreatiin monoh\u00fcdraat v\u00e4hendab \u00fcldist taastusaega ja ka taastusaega intensiivsete treeningseeriate vahel.<\/p>\n<p>Kreatiin monoh\u00fcdraat aitab kehal toota suuremaid koguseid adenosiintrifosfaati, mis on vajalik t\u00f5husaks lihaste kokkut\u00f5mbumiseks. Suurem kogus adenosiintrifosfaati parandabki tugevuse, j\u00f5u ja vastupidavuse taset.<\/p>\n<p>Kreatiin monoh\u00fcdraat on k\u00f5ige kuluefektiivsem toidulisand, kui eesm\u00e4rgiks on j\u00f5u ja lihaste arendamine. Kreatiini leidub meie kehades ka looduslikult ning valdav enamus sellest on lihastes. Lisakreatiini tarbimine aitab kiirendada valkude s\u00fcnteesi ning seel\u00e4bi aitab kaasa lihaste arengule.<\/p>\n<ul class=\"cm__list\">\n<li><strong>Kreatiini allikas<\/strong> \u2013 \u00fcks toidulisandi portsjon annab kehale 5000 mg kreatiinmonoh\u00fcdraati.<\/li>\n<li><strong>Lihtne koostis<\/strong>\u00a0\u2013 Toode sisaldab ainult soovitud ainet, ilma tarbetute lisanditeta.<\/li>\n<li><strong>Loomulik maitse.<\/strong><\/li>\n<li><strong>T\u00f5husus<\/strong> \u2013 tootepakendis on 200 portsjonit preparaati.<\/li>\n<li><strong>Mugav vorm<\/strong>\u00a0\u2013 pulbrina saadaval olev preparaat tagab toidulisandi t\u00f5rgeteta tarnimise ja sobib suurep\u00e4raselt inimestele, kellel on raskusi tablettide neelamisega.<\/li>\n<\/ul>\n<h4><strong>Kreatiini kasutamine<\/strong><\/h4>\n<p>On levinud arusaam, et kreatiini tuleb kasutada kuuridena. Dr. Greenhaffi uurimused n\u00e4itavad, et kreatiini tarvitamine kuuridena ei anna mingeid eeliseid. Kreatiini tarvitamisel l\u00f5petab organism ise kreatiini tootmise, kuid niipea kui l\u00f5peda kreatiini tarvitamine, siis see taastub. Leiti, et kreatiini tarbimisel 20-30gr seitsme p\u00e4eva jooksul ja seej\u00e4rel 5-10gr 4-5 n\u00e4dala jooksul ning seej\u00e4rel k\u00f5ik uuesti, on hea skeem.<\/p>\n<p>Teine skeem, mis v\u00e4lja t\u00f6\u00f6tati A.Almada poolt v\u00f5istlustel osalevatele sportlastele, kellele on vajalik teatud \u201ctipp\u201d, seisnes selles, et 2-3 n\u00e4dalat enne v\u00f5istlusi katkestatakse kreatiini tarbimine, mis viib kreatiini taseme v\u00e4henemisele organismis. Dr. Greenhaffi uurimus n\u00e4itas, et parem on 4.- n\u00e4dalane paus. Edaspidi hoitakse kreatiini taset \u00fclal organismi enda poolt. 10-14 p\u00e4eva enne v\u00f5istlusi tuleks taas alustada kreatiini tarbimist, 20-30gr p\u00e4evas koos dekstroosiga, jaotatuna v\u00f5rdseteks kogusteks kogu p\u00e4evale. Parim aeg kreatiini sissev\u00f5tmiseks on kohe p\u00e4rast trenni. Selleks ajaks ei ole kreatiini varud, mis lihase varasemast ajast veel tervenisti \u00e4ra kasutatud ja lihastes on veel aineid, mis aitavad kreatiini transportida lihasrakkudesse. Tekib olukord, kus kreatiini transporditakse lihasrakkudesse rohkem kui varem. Enamlevinud on kaks doseerimisviisi \u2013 laadimine ning pidev tarvitamine.<\/p>\n<p>Kui tehakse laadimist, tarvitatakse kreatiini esimesel viiel p\u00e4eval 20g p\u00e4eva peale jaotatuna. Tavaline skeem n\u00e4eb v\u00e4lja j\u00e4rgmine \u2013 v\u00f5tta 5g enne hommikus\u00f6\u00f6ki, 5g enne trenni, 5g p\u00e4rast trenni ja 5g koos p\u00e4eva viimase toidukorraga. Laadimisperioodi j\u00e4rel v\u00f5etakse 5-6 n\u00e4dalat 5-10g kreatiini p\u00e4evas. P\u00e4rast seda j\u00e4rgneb 2-4 n\u00e4dalane paus kreatiini kasutamises.<\/p>\n<p>Pideval tarbimisel v\u00f5etakse p\u00e4evas 5g kreatiini. Sellise doseerimise juures tavaliselt kreatiini tarbimise pause pole vaja teha.<\/p>\n<p><strong>Koostisosad<\/strong>: Kreatiinmonoh\u00fcdraat<\/p>\n<p><strong>Kasutamine<\/strong>: 5g \u00fcks kord p\u00e4evas 200ml vee v\u00f5i mahlaga.\u00a0Kreatiini v\u00f5tmist alustatakse tavaliselt 5-p\u00e4evase laadimisperioodiga, mille ajal seda\u00a0v\u00f5etakse 20g p\u00e4evas. Laadimisperioodi ajal v\u00f5ta: 5g hommikul, 10g l\u00f5unal v\u00f5i 5g enne ja p\u00e4rast trenni, 5g \u00f5htul. Peale laadimisperioodi j\u00e4tka kreatiini manustamist 5\u201310g p\u00e4evas kuni 3 kuud. Seej\u00e4rel tee v\u00e4hemalt \u00fcks kuu pausi ning seej\u00e4rel v\u00f5id j\u00e4tkata\u00a0kreatiini manustamist.<\/p>\n<p><strong>Suurus<\/strong>: 1000g \u2013 200 serveeringut. Hoiustada kuivas ja jahedas kohas.<\/p>\n<section class=\"projector__description--nutritional row\" data-selector=\".--nutritional\">\n<div class=\"col-12 col-md-10 col-lg-8\">\n<div class=\"--nutrit\">\n<div class=\"nutrition_table_wrapper\">\n<div class=\"table_wrapper\">\n<table>\n<tbody>\n<tr>\n<th>Aktiivsed koostisosad<\/th>\n<th>Portsjoni kohta<\/th>\n<\/tr>\n<tr>\n<td>Kreatiin monoh\u00fcdraat<\/td>\n<td>5000 mg<\/td>\n<\/tr>\n<tr class=\"sub\">\n<td>&#8211; millest kreatiin<\/td>\n<td>4400 mg<\/td>\n<\/tr>\n<\/tbody>\n<\/table>\n<\/div>\n<\/div>\n<\/div>\n<\/div>\n<\/section>\n<section class=\"projector__comments comments row\" data-selector=\".--comments\">\n<div class=\"--label col-12\"><\/div>\n<\/section>\n<p><span style=\"color: #555555; font-size: 14.4px;\">Vaata ka meie teisi kreatiine <\/span><strong style=\"color: #555555; font-size: 14.4px;\"><a href=\"https:\/\/fit360.ee\/en\/product-category\/product-groups\/creatine-en\/\">SIIT<\/a>\u00a0<\/strong><span style=\"color: #555555; font-size: 14.4px;\">v\u00f5i Kreatiin Monoh\u00fcdraate\u00a0<\/span><a style=\"font-size: 14.4px;\" href=\"https:\/\/fit360.ee\/en\/product-category\/product-groups\/creatine-en\/creatine-monohydrate-en\/\"><strong>SIIT<\/strong><\/a><span style=\"color: #555555; font-size: 14.4px;\">!<\/span><\/p>\n<p>Soovid kaupa osta suuremas koguses? Vaata antud toodet ka meie HULGI poest\u00a0<a href=\"https:\/\/toidulisandidhulgi.ee\/tooted\/creatine-monohydrate-naturaalne-1000g\/\"><strong>SIIT<\/strong><\/a>!<\/p>\n","protected":false},"excerpt":{"rendered":"<ul>\n<li>Puhas<\/li>\n<li>Naturaalne maitse<\/li>\n<li>200 serveeringut<\/li>\n<li>Pole tarbetuid lisaaineid<\/li>\n<\/ul>\n","protected":false},"featured_media":78169,"comment_status":"closed","ping_status":"closed","template":"","meta":[],"product_brand":[],"product_cat":[526,2412,1329,531],"product_tag":[2963,2964,1779,1780,1924],"giftcard-category":[],"class_list":{"0":"post-78170","1":"product","2":"type-product","3":"status-publish","4":"has-post-thumbnail","6":"product_cat-creatine-en","7":"product_cat-creatine-monohydrate-en","8":"product_cat-ostrovit-en","9":"product_cat-recovery-post-workout-en","10":"product_tag-creatine-en","11":"product_tag-creatine-monohydrate-en","12":"product_tag-kreatiin-en","13":"product_tag-kreatiin-monohudraat-en","14":"product_tag-ostrovit-en","15":"pa_kogus-1000g-en","16":"pa_maitse-natural","17":"pa_toidulisand-branddd-ostrovit","18":"pa_tootegruppp-creatine","19":"pa_tootegruppp-kreatiin-monohudraat-en","20":"pa_tootegruppp-recoveryafter-workout","22":"first","23":"outofstock","24":"sale","25":"taxable","26":"shipping-taxable","27":"purchasable","28":"product-type-simple"},"yoast_head":"<!-- This site is optimized with the Yoast SEO plugin v27.3 - https:\/\/yoast.com\/product\/yoast-seo-wordpress\/ -->\n<title>Creatine Monohydrate, Naturaalne (1000g) - Parim Hind - Kiire Tarne - Fit360<\/title>\n<meta name=\"description\" content=\"Kreatiin monoh\u00fcdraat 1000g on k\u00f5ige populaarsem ja enim uuritud kreatiini vorm. Kreatiin monoh\u00fcdraat on k\u00f5ige sobilikum neile, kes soovivad suurenda..\" \/>\n<meta name=\"robots\" content=\"index, follow, max-snippet:-1, max-image-preview:large, max-video-preview:-1\" \/>\n<link rel=\"canonical\" href=\"https:\/\/fit360.ee\/en\/pood\/product-groups\/creatine-en\/creatine-monohydrate-en\/creatine-monohydrate-naturaalne-1000g\/\" \/>\n<meta property=\"og:locale\" content=\"en_US\" \/>\n<meta property=\"og:type\" content=\"article\" \/>\n<meta property=\"og:title\" content=\"Creatine Monohydrate, Naturaalne (1000g) - Parim Hind - Kiire Tarne - Fit360\" \/>\n<meta property=\"og:description\" content=\"Kreatiin monoh\u00fcdraat 1000g on k\u00f5ige populaarsem ja enim uuritud kreatiini vorm. Kreatiin monoh\u00fcdraat on k\u00f5ige sobilikum neile, kes soovivad suurenda..\" \/>\n<meta property=\"og:url\" content=\"https:\/\/fit360.ee\/en\/pood\/product-groups\/creatine-en\/creatine-monohydrate-en\/creatine-monohydrate-naturaalne-1000g\/\" \/>\n<meta property=\"og:site_name\" content=\"Fit360\" \/>\n<meta property=\"article:modified_time\" content=\"2025-08-19T07:08:00+00:00\" \/>\n<meta property=\"og:image\" content=\"https:\/\/fit360.ee\/wp-content\/uploads\/2024\/03\/kreatiin-monohudraat-1000g-fit360.ee_.jpg\" \/>\n\t<meta property=\"og:image:width\" content=\"450\" \/>\n\t<meta property=\"og:image:height\" content=\"450\" \/>\n\t<meta property=\"og:image:type\" content=\"image\/jpeg\" \/>\n<meta name=\"twitter:card\" content=\"summary_large_image\" \/>\n<meta name=\"twitter:label1\" content=\"Est. reading time\" \/>\n\t<meta name=\"twitter:data1\" content=\"3 minutes\" \/>\n<script type=\"application\/ld+json\" class=\"yoast-schema-graph\">{\"@context\":\"https:\\\/\\\/schema.org\",\"@graph\":[{\"@type\":\"WebPage\",\"@id\":\"https:\\\/\\\/fit360.ee\\\/en\\\/pood\\\/product-groups\\\/creatine-en\\\/creatine-monohydrate-en\\\/creatine-monohydrate-naturaalne-1000g\\\/\",\"url\":\"https:\\\/\\\/fit360.ee\\\/en\\\/pood\\\/product-groups\\\/creatine-en\\\/creatine-monohydrate-en\\\/creatine-monohydrate-naturaalne-1000g\\\/\",\"name\":\"Creatine Monohydrate, Naturaalne (1000g) - Parim Hind - Kiire Tarne - Fit360\",\"isPartOf\":{\"@id\":\"https:\\\/\\\/fit360.ee\\\/en\\\/#website\"},\"primaryImageOfPage\":{\"@id\":\"https:\\\/\\\/fit360.ee\\\/en\\\/pood\\\/product-groups\\\/creatine-en\\\/creatine-monohydrate-en\\\/creatine-monohydrate-naturaalne-1000g\\\/#primaryimage\"},\"image\":{\"@id\":\"https:\\\/\\\/fit360.ee\\\/en\\\/pood\\\/product-groups\\\/creatine-en\\\/creatine-monohydrate-en\\\/creatine-monohydrate-naturaalne-1000g\\\/#primaryimage\"},\"thumbnailUrl\":\"https:\\\/\\\/fit360.ee\\\/wp-content\\\/uploads\\\/2024\\\/03\\\/kreatiin-monohudraat-1000g-fit360.ee_.jpg\",\"datePublished\":\"2024-03-13T12:31:36+00:00\",\"dateModified\":\"2025-08-19T07:08:00+00:00\",\"description\":\"Kreatiin monoh\u00fcdraat 1000g on k\u00f5ige populaarsem ja enim uuritud kreatiini vorm. Kreatiin monoh\u00fcdraat on k\u00f5ige sobilikum neile, kes soovivad suurenda..\",\"breadcrumb\":{\"@id\":\"https:\\\/\\\/fit360.ee\\\/en\\\/pood\\\/product-groups\\\/creatine-en\\\/creatine-monohydrate-en\\\/creatine-monohydrate-naturaalne-1000g\\\/#breadcrumb\"},\"inLanguage\":\"en-US\",\"potentialAction\":[{\"@type\":\"ReadAction\",\"target\":[\"https:\\\/\\\/fit360.ee\\\/en\\\/pood\\\/product-groups\\\/creatine-en\\\/creatine-monohydrate-en\\\/creatine-monohydrate-naturaalne-1000g\\\/\"]}]},{\"@type\":\"ImageObject\",\"inLanguage\":\"en-US\",\"@id\":\"https:\\\/\\\/fit360.ee\\\/en\\\/pood\\\/product-groups\\\/creatine-en\\\/creatine-monohydrate-en\\\/creatine-monohydrate-naturaalne-1000g\\\/#primaryimage\",\"url\":\"https:\\\/\\\/fit360.ee\\\/wp-content\\\/uploads\\\/2024\\\/03\\\/kreatiin-monohudraat-1000g-fit360.ee_.jpg\",\"contentUrl\":\"https:\\\/\\\/fit360.ee\\\/wp-content\\\/uploads\\\/2024\\\/03\\\/kreatiin-monohudraat-1000g-fit360.ee_.jpg\",\"width\":450,\"height\":450,\"caption\":\"kreatiin monoh\u00fcdraat 1000g - fit360.ee\"},{\"@type\":\"BreadcrumbList\",\"@id\":\"https:\\\/\\\/fit360.ee\\\/en\\\/pood\\\/product-groups\\\/creatine-en\\\/creatine-monohydrate-en\\\/creatine-monohydrate-naturaalne-1000g\\\/#breadcrumb\",\"itemListElement\":[{\"@type\":\"ListItem\",\"position\":1,\"name\":\"Home\",\"item\":\"https:\\\/\\\/fit360.ee\\\/en\\\/\"},{\"@type\":\"ListItem\",\"position\":2,\"name\":\"Shop\",\"item\":\"https:\\\/\\\/fit360.ee\\\/en\\\/shop\\\/\"},{\"@type\":\"ListItem\",\"position\":3,\"name\":\"Creatine Monohydrate, Naturaalne (1000g)\"}]},{\"@type\":\"WebSite\",\"@id\":\"https:\\\/\\\/fit360.ee\\\/en\\\/#website\",\"url\":\"https:\\\/\\\/fit360.ee\\\/en\\\/\",\"name\":\"Fit360\",\"description\":\"\",\"publisher\":{\"@id\":\"https:\\\/\\\/fit360.ee\\\/en\\\/#organization\"},\"potentialAction\":[{\"@type\":\"SearchAction\",\"target\":{\"@type\":\"EntryPoint\",\"urlTemplate\":\"https:\\\/\\\/fit360.ee\\\/en\\\/?s={search_term_string}\"},\"query-input\":{\"@type\":\"PropertyValueSpecification\",\"valueRequired\":true,\"valueName\":\"search_term_string\"}}],\"inLanguage\":\"en-US\"},{\"@type\":\"Organization\",\"@id\":\"https:\\\/\\\/fit360.ee\\\/en\\\/#organization\",\"name\":\"Fit360\",\"url\":\"https:\\\/\\\/fit360.ee\\\/en\\\/\",\"logo\":{\"@type\":\"ImageObject\",\"inLanguage\":\"en-US\",\"@id\":\"https:\\\/\\\/fit360.ee\\\/en\\\/#\\\/schema\\\/logo\\\/image\\\/\",\"url\":\"https:\\\/\\\/fit360.ee\\\/wp-content\\\/uploads\\\/2017\\\/01\\\/logo-fit360.png\",\"contentUrl\":\"https:\\\/\\\/fit360.ee\\\/wp-content\\\/uploads\\\/2017\\\/01\\\/logo-fit360.png\",\"width\":180,\"height\":66,\"caption\":\"Fit360\"},\"image\":{\"@id\":\"https:\\\/\\\/fit360.ee\\\/en\\\/#\\\/schema\\\/logo\\\/image\\\/\"}}]}<\/script>\n<!-- \/ Yoast SEO plugin. -->","yoast_head_json":{"title":"Creatine Monohydrate, Naturaalne (1000g) - Parim Hind - Kiire Tarne - Fit360","description":"Kreatiin monoh\u00fcdraat 1000g on k\u00f5ige populaarsem ja enim uuritud kreatiini vorm. Kreatiin monoh\u00fcdraat on k\u00f5ige sobilikum neile, kes soovivad suurenda..","robots":{"index":"index","follow":"follow","max-snippet":"max-snippet:-1","max-image-preview":"max-image-preview:large","max-video-preview":"max-video-preview:-1"},"canonical":"https:\/\/fit360.ee\/en\/pood\/product-groups\/creatine-en\/creatine-monohydrate-en\/creatine-monohydrate-naturaalne-1000g\/","og_locale":"en_US","og_type":"article","og_title":"Creatine Monohydrate, Naturaalne (1000g) - Parim Hind - Kiire Tarne - Fit360","og_description":"Kreatiin monoh\u00fcdraat 1000g on k\u00f5ige populaarsem ja enim uuritud kreatiini vorm. Kreatiin monoh\u00fcdraat on k\u00f5ige sobilikum neile, kes soovivad suurenda..","og_url":"https:\/\/fit360.ee\/en\/pood\/product-groups\/creatine-en\/creatine-monohydrate-en\/creatine-monohydrate-naturaalne-1000g\/","og_site_name":"Fit360","article_modified_time":"2025-08-19T07:08:00+00:00","og_image":[{"width":450,"height":450,"url":"https:\/\/fit360.ee\/wp-content\/uploads\/2024\/03\/kreatiin-monohudraat-1000g-fit360.ee_.jpg","type":"image\/jpeg"}],"twitter_card":"summary_large_image","twitter_misc":{"Est. reading time":"3 minutes"},"schema":{"@context":"https:\/\/schema.org","@graph":[{"@type":"WebPage","@id":"https:\/\/fit360.ee\/en\/pood\/product-groups\/creatine-en\/creatine-monohydrate-en\/creatine-monohydrate-naturaalne-1000g\/","url":"https:\/\/fit360.ee\/en\/pood\/product-groups\/creatine-en\/creatine-monohydrate-en\/creatine-monohydrate-naturaalne-1000g\/","name":"Creatine Monohydrate, Naturaalne (1000g) - Parim Hind - Kiire Tarne - Fit360","isPartOf":{"@id":"https:\/\/fit360.ee\/en\/#website"},"primaryImageOfPage":{"@id":"https:\/\/fit360.ee\/en\/pood\/product-groups\/creatine-en\/creatine-monohydrate-en\/creatine-monohydrate-naturaalne-1000g\/#primaryimage"},"image":{"@id":"https:\/\/fit360.ee\/en\/pood\/product-groups\/creatine-en\/creatine-monohydrate-en\/creatine-monohydrate-naturaalne-1000g\/#primaryimage"},"thumbnailUrl":"https:\/\/fit360.ee\/wp-content\/uploads\/2024\/03\/kreatiin-monohudraat-1000g-fit360.ee_.jpg","datePublished":"2024-03-13T12:31:36+00:00","dateModified":"2025-08-19T07:08:00+00:00","description":"Kreatiin monoh\u00fcdraat 1000g on k\u00f5ige populaarsem ja enim uuritud kreatiini vorm. Kreatiin monoh\u00fcdraat on k\u00f5ige sobilikum neile, kes soovivad suurenda..","breadcrumb":{"@id":"https:\/\/fit360.ee\/en\/pood\/product-groups\/creatine-en\/creatine-monohydrate-en\/creatine-monohydrate-naturaalne-1000g\/#breadcrumb"},"inLanguage":"en-US","potentialAction":[{"@type":"ReadAction","target":["https:\/\/fit360.ee\/en\/pood\/product-groups\/creatine-en\/creatine-monohydrate-en\/creatine-monohydrate-naturaalne-1000g\/"]}]},{"@type":"ImageObject","inLanguage":"en-US","@id":"https:\/\/fit360.ee\/en\/pood\/product-groups\/creatine-en\/creatine-monohydrate-en\/creatine-monohydrate-naturaalne-1000g\/#primaryimage","url":"https:\/\/fit360.ee\/wp-content\/uploads\/2024\/03\/kreatiin-monohudraat-1000g-fit360.ee_.jpg","contentUrl":"https:\/\/fit360.ee\/wp-content\/uploads\/2024\/03\/kreatiin-monohudraat-1000g-fit360.ee_.jpg","width":450,"height":450,"caption":"kreatiin monoh\u00fcdraat 1000g - fit360.ee"},{"@type":"BreadcrumbList","@id":"https:\/\/fit360.ee\/en\/pood\/product-groups\/creatine-en\/creatine-monohydrate-en\/creatine-monohydrate-naturaalne-1000g\/#breadcrumb","itemListElement":[{"@type":"ListItem","position":1,"name":"Home","item":"https:\/\/fit360.ee\/en\/"},{"@type":"ListItem","position":2,"name":"Shop","item":"https:\/\/fit360.ee\/en\/shop\/"},{"@type":"ListItem","position":3,"name":"Creatine Monohydrate, Naturaalne (1000g)"}]},{"@type":"WebSite","@id":"https:\/\/fit360.ee\/en\/#website","url":"https:\/\/fit360.ee\/en\/","name":"Fit360","description":"","publisher":{"@id":"https:\/\/fit360.ee\/en\/#organization"},"potentialAction":[{"@type":"SearchAction","target":{"@type":"EntryPoint","urlTemplate":"https:\/\/fit360.ee\/en\/?s={search_term_string}"},"query-input":{"@type":"PropertyValueSpecification","valueRequired":true,"valueName":"search_term_string"}}],"inLanguage":"en-US"},{"@type":"Organization","@id":"https:\/\/fit360.ee\/en\/#organization","name":"Fit360","url":"https:\/\/fit360.ee\/en\/","logo":{"@type":"ImageObject","inLanguage":"en-US","@id":"https:\/\/fit360.ee\/en\/#\/schema\/logo\/image\/","url":"https:\/\/fit360.ee\/wp-content\/uploads\/2017\/01\/logo-fit360.png","contentUrl":"https:\/\/fit360.ee\/wp-content\/uploads\/2017\/01\/logo-fit360.png","width":180,"height":66,"caption":"Fit360"},"image":{"@id":"https:\/\/fit360.ee\/en\/#\/schema\/logo\/image\/"}}]}},"_links":{"self":[{"href":"https:\/\/fit360.ee\/en\/wp-json\/wp\/v2\/product\/78170","targetHints":{"allow":["GET"]}}],"collection":[{"href":"https:\/\/fit360.ee\/en\/wp-json\/wp\/v2\/product"}],"about":[{"href":"https:\/\/fit360.ee\/en\/wp-json\/wp\/v2\/types\/product"}],"replies":[{"embeddable":true,"href":"https:\/\/fit360.ee\/en\/wp-json\/wp\/v2\/comments?post=78170"}],"wp:featuredmedia":[{"embeddable":true,"href":"https:\/\/fit360.ee\/en\/wp-json\/wp\/v2\/media\/78169"}],"wp:attachment":[{"href":"https:\/\/fit360.ee\/en\/wp-json\/wp\/v2\/media?parent=78170"}],"wp:term":[{"taxonomy":"product_brand","embeddable":true,"href":"https:\/\/fit360.ee\/en\/wp-json\/wp\/v2\/product_brand?post=78170"},{"taxonomy":"product_cat","embeddable":true,"href":"https:\/\/fit360.ee\/en\/wp-json\/wp\/v2\/product_cat?post=78170"},{"taxonomy":"product_tag","embeddable":true,"href":"https:\/\/fit360.ee\/en\/wp-json\/wp\/v2\/product_tag?post=78170"},{"taxonomy":"giftcard-category","embeddable":true,"href":"https:\/\/fit360.ee\/en\/wp-json\/wp\/v2\/giftcard-category?post=78170"}],"curies":[{"name":"wp","href":"https:\/\/api.w.org\/{rel}","templated":true}]}}