{"id":78222,"date":"2024-03-16T13:52:26","date_gmt":"2024-03-16T11:52:26","guid":{"rendered":"https:\/\/fit360.ee\/pood\/uncategorized\/c-vitamiin-1000mg-20-kihisevat-tabletti\/"},"modified":"2025-11-20T22:17:14","modified_gmt":"2025-11-20T20:17:14","slug":"c-vitamiin-1000mg-20-kihisevat-tabletti","status":"publish","type":"product","link":"https:\/\/fit360.ee\/en\/pood\/product-groups\/vitamins-and-minerals-en\/c-vitamin-en\/c-vitamiin-1000mg-20-kihisevat-tabletti\/","title":{"rendered":"C Vitamiin 1000mg (20 kihisevat tabletti)"},"content":{"rendered":"<h2 class=\"cm__heading\"><strong>OstroVit C Vitamiin 1000mg 20 kihisevat tabletti<\/strong><\/h2>\n<p class=\"cm__text --bold\">OstroVit Vitamiin C 1000 on toidulisand kihisevate tablettide kujul, mis lahustuvad vees.\u00a0See on suurep\u00e4rane alternatiiv inimestele, kes soovivad t\u00e4iendada oma igap\u00e4evast C-vitamiini taset, kes samal ajal v\u00e4ldivad toidulisandite v\u00f5tmist tablettidena ja kes hoolivad \u00fchest koostisainest koosnevast suurest C-vitamiini annusest. \u00dcks kihisev tablett meie toidulisandist annab koguni 1000 mg L-askorbiinhapet \u2013 lihtsalt lahustage see vees ja jooge valmis vedelik \u00e4ra.\u00a0C-vitamiin m\u00e4ngib inimkehas olulist rolli, reguleerides paljusid f\u00fcsioloogilisi protsesse ja funktsioone, nii et kui soovite selle igap\u00e4evast taset t\u00e4iendada, sirutage k\u00e4e meie toidulisandi OstroVit C-vitamiini 1000 kihisevate tablettide j\u00e4rele!<\/p>\n<section class=\"cm__section\">\n<ul class=\"cm__list\">\n<li>1 portsjon = 1 tablett<\/li>\n<li>Portsjonite arv pakendis &#8211; 20<\/li>\n<li>Lihtsalt kasutatavate kihisevate tablettide kujul<\/li>\n<li>V\u00e4rskendav sidrunimaitse<\/li>\n<\/ul>\n<h4 class=\"cm__heading\"><strong>C-vitamiin<\/strong><\/h4>\n<p class=\"cm__text\"><a href=\"https:\/\/fit360.ee\/en\/product-category\/product-groups\/vitamins-and-minerals-en\/c-vitamin-en\/\"><strong>C<\/strong><\/a>&#8211;<strong>vitamiin<\/strong> ehk L-askorbiinhape on orgaaniline keemiline \u00fchend mitmeh\u00fcdroks\u00fc\u00fclsete alkoholide r\u00fchmast.\u00a0See on inimese toidus h\u00e4davajalik toitaine, mis vastutab peamiselt sidekoe ja luude n\u00f5uetekohase toimimise eest.\u00a0Selle bioloogiliselt aktiivne vorm C-vitamiin toimib redutseeriva ainena ja koens\u00fc\u00fcmina mitmetes inimkeha metaboolsetes radades.\u00a0C-vitamiini peetakse \u00fcheks peamiseks antioks\u00fcdandiks \u2013 see eemaldab meie rakkudest liigsed vabad radikaalid.\u00a0Selle \u00f5ige tase meie dieedis v\u00f5imaldab ka kiiremat taastumist ja lihaste kasvu, osaledes otseselt kollageeni tootmises.\u00a0Toetab n\u00e4rvi- ja immuuns\u00fcsteemi.<\/p>\n<\/section>\n<section class=\"cm__section\">\n<h4 class=\"cm__heading\"><strong>Laboratoorselt kinnitatud kvaliteet<\/strong><\/h4>\n<p class=\"cm__text --bold\">Klientide tervise huvides testitakse meie toodetud tooteid regulaarselt s\u00f5ltumatus akrediteeritud laboris, et tagada ja s\u00e4ilitada k\u00f5rgeim kvaliteet.<\/p>\n<\/section>\n<p><strong>Koostisosad<\/strong>: Mahuaine: sorbitoolid;\u00a0L-askorbiinhape (C-vitamiin);\u00a0happesuse regulaatorid: sidrunhape, naatriumvesinikkarbonaat;\u00a0gl\u00fckoos;\u00a0stabilisaator: pol\u00fcet\u00fcleengl\u00fckool;\u00a0looduslik sidrunimaitseaine koos teiste looduslike l\u00f5hna- ja maitseainetega;\u00a0magusaine: naatriumsahhariin;\u00a0paakumisvastased ained: r\u00e4nidioksiid, rasvhapete magneesiumisoolad.<\/p>\n<p><strong>Kasutamine<\/strong>: 1 tablett lahustatakse 200 ml vees.\u00a0Tarbi \u00fcks kord p\u00e4evas.<\/p>\n<p>Mitte kasutada inimestel, kellel on eelsoodumus neerukivide tekkeks v\u00f5i kellel on neerukivid.<\/p>\n<p><strong>Suurus<\/strong>: 20 tabletti &#8211; 20 serveeringut.<\/p>\n<table>\n<tbody>\n<tr>\n<th>Aktiivsed koostisosad<\/th>\n<th>Portsjoni jaoks<\/th>\n<th>% SPK*<\/th>\n<\/tr>\n<tr>\n<td>C-vitamiin<\/td>\n<td>1000 mg<\/td>\n<td>1250%<\/td>\n<\/tr>\n<\/tbody>\n<\/table>\n<p>*SPK \u2013 Soovitatud p\u00e4evane kogus.<\/p>\n<p>Vaata ka meie teisi C Vitamiine <a href=\"https:\/\/fit360.ee\/en\/product-category\/product-groups\/vitamins-and-minerals-en\/c-vitamin-en\/\"><strong>SIIT<\/strong><\/a> v\u00f5i k\u00f5iki meie Vitamiine\/Mineraale <a href=\"https:\/\/fit360.ee\/en\/product-category\/product-groups\/vitamins-and-minerals-en\/\"><strong>SIIT<\/strong><\/a>!<\/p>\n<p>Soovid kaupa osta suuremas koguses? Vaata antud toodet ka meie HULGI poest\u00a0<a href=\"https:\/\/toidulisandidhulgi.ee\/tooted\/c-vitamiin-1000mg-20-kihisevat-tabletti\/\"><strong>SIIT<\/strong><\/a>!<\/p>\n","protected":false},"excerpt":{"rendered":"<ul class=\"cm__list\">\n<li>1 portsjon = 1 tablett<\/li>\n<li>Portsjonite arv pakendis &#8211; 20<\/li>\n<li>Lihtsalt kasutatavate kihisevate tablettide kujul<\/li>\n<li>V\u00e4rskendav sidrunimaitse<\/li>\n<\/ul>\n","protected":false},"featured_media":78221,"comment_status":"closed","ping_status":"closed","template":"","meta":[],"product_brand":[],"product_cat":[5311,1911,5320,1329,536],"product_tag":[2177,4795,1924,2178],"giftcard-category":[],"class_list":{"0":"post-78222","1":"product","2":"type-product","3":"status-publish","4":"has-post-thumbnail","6":"product_cat-antioxidants-en","7":"product_cat-c-vitamin-en","8":"product_cat-for-immunity-en","9":"product_cat-ostrovit-en","10":"product_cat-vitamins-and-minerals-en","11":"product_tag-c-vitamiin-en","12":"product_tag-kihisevad-tabletid-en","13":"product_tag-ostrovit-en","14":"product_tag-vitamiin-c-en","15":"pa_kogus-20-tabletti-en","16":"pa_toidulisand-branddd-ostrovit","17":"pa_tootegruppp-antioksudandid-en","18":"pa_tootegruppp-c-vitamiin-en","19":"pa_tootegruppp-immuunsusteem-en","20":"pa_tootegruppp-vitamins-and-minerals","22":"first","23":"instock","24":"sale","25":"taxable","26":"shipping-taxable","27":"purchasable","28":"product-type-simple"},"yoast_head":"<!-- This site is optimized with the Yoast SEO plugin v27.3 - https:\/\/yoast.com\/product\/yoast-seo-wordpress\/ -->\n<title>C Vitamiin 1000mg (20 kihisevat tabletti) - \u00dclilihtne kasutada - Fit360<\/title>\n<meta name=\"description\" content=\"OstroVit C Vitamiin on toidulisand kihisevate tablettide kujul, mis lahustuvad vees.\u00a0See on suurep\u00e4rane alternatiiv inimestele, kes soovivad t\u00e4iendada...\" \/>\n<meta name=\"robots\" content=\"index, follow, max-snippet:-1, max-image-preview:large, max-video-preview:-1\" \/>\n<link rel=\"canonical\" href=\"https:\/\/fit360.ee\/en\/pood\/product-groups\/vitamins-and-minerals-en\/c-vitamin-en\/c-vitamiin-1000mg-20-kihisevat-tabletti\/\" \/>\n<meta property=\"og:locale\" content=\"en_US\" \/>\n<meta property=\"og:type\" content=\"article\" \/>\n<meta property=\"og:title\" content=\"C Vitamiin 1000mg (20 kihisevat tabletti) - \u00dclilihtne kasutada - Fit360\" \/>\n<meta property=\"og:description\" content=\"OstroVit C Vitamiin on toidulisand kihisevate tablettide kujul, mis lahustuvad vees.\u00a0See on suurep\u00e4rane alternatiiv inimestele, kes soovivad t\u00e4iendada...\" \/>\n<meta property=\"og:url\" content=\"https:\/\/fit360.ee\/en\/pood\/product-groups\/vitamins-and-minerals-en\/c-vitamin-en\/c-vitamiin-1000mg-20-kihisevat-tabletti\/\" \/>\n<meta property=\"og:site_name\" content=\"Fit360\" \/>\n<meta property=\"article:modified_time\" content=\"2025-11-20T20:17:14+00:00\" \/>\n<meta property=\"og:image\" content=\"https:\/\/fit360.ee\/wp-content\/uploads\/2024\/03\/ostrovit-c-vitamiin-fit360.ee_.jpg\" \/>\n\t<meta property=\"og:image:width\" content=\"450\" \/>\n\t<meta property=\"og:image:height\" content=\"450\" \/>\n\t<meta property=\"og:image:type\" content=\"image\/jpeg\" \/>\n<meta name=\"twitter:card\" content=\"summary_large_image\" \/>\n<meta name=\"twitter:label1\" content=\"Est. reading time\" \/>\n\t<meta name=\"twitter:data1\" content=\"2 minutes\" \/>\n<script type=\"application\/ld+json\" class=\"yoast-schema-graph\">{\"@context\":\"https:\\\/\\\/schema.org\",\"@graph\":[{\"@type\":\"WebPage\",\"@id\":\"https:\\\/\\\/fit360.ee\\\/en\\\/pood\\\/product-groups\\\/vitamins-and-minerals-en\\\/c-vitamin-en\\\/c-vitamiin-1000mg-20-kihisevat-tabletti\\\/\",\"url\":\"https:\\\/\\\/fit360.ee\\\/en\\\/pood\\\/product-groups\\\/vitamins-and-minerals-en\\\/c-vitamin-en\\\/c-vitamiin-1000mg-20-kihisevat-tabletti\\\/\",\"name\":\"C Vitamiin 1000mg (20 kihisevat tabletti) - \u00dclilihtne kasutada - Fit360\",\"isPartOf\":{\"@id\":\"https:\\\/\\\/fit360.ee\\\/en\\\/#website\"},\"primaryImageOfPage\":{\"@id\":\"https:\\\/\\\/fit360.ee\\\/en\\\/pood\\\/product-groups\\\/vitamins-and-minerals-en\\\/c-vitamin-en\\\/c-vitamiin-1000mg-20-kihisevat-tabletti\\\/#primaryimage\"},\"image\":{\"@id\":\"https:\\\/\\\/fit360.ee\\\/en\\\/pood\\\/product-groups\\\/vitamins-and-minerals-en\\\/c-vitamin-en\\\/c-vitamiin-1000mg-20-kihisevat-tabletti\\\/#primaryimage\"},\"thumbnailUrl\":\"https:\\\/\\\/fit360.ee\\\/wp-content\\\/uploads\\\/2024\\\/03\\\/ostrovit-c-vitamiin-fit360.ee_.jpg\",\"datePublished\":\"2024-03-16T11:52:26+00:00\",\"dateModified\":\"2025-11-20T20:17:14+00:00\",\"description\":\"OstroVit C Vitamiin on toidulisand kihisevate tablettide kujul, mis lahustuvad vees.\u00a0See on suurep\u00e4rane alternatiiv inimestele, kes soovivad t\u00e4iendada...\",\"breadcrumb\":{\"@id\":\"https:\\\/\\\/fit360.ee\\\/en\\\/pood\\\/product-groups\\\/vitamins-and-minerals-en\\\/c-vitamin-en\\\/c-vitamiin-1000mg-20-kihisevat-tabletti\\\/#breadcrumb\"},\"inLanguage\":\"en-US\",\"potentialAction\":[{\"@type\":\"ReadAction\",\"target\":[\"https:\\\/\\\/fit360.ee\\\/en\\\/pood\\\/product-groups\\\/vitamins-and-minerals-en\\\/c-vitamin-en\\\/c-vitamiin-1000mg-20-kihisevat-tabletti\\\/\"]}]},{\"@type\":\"ImageObject\",\"inLanguage\":\"en-US\",\"@id\":\"https:\\\/\\\/fit360.ee\\\/en\\\/pood\\\/product-groups\\\/vitamins-and-minerals-en\\\/c-vitamin-en\\\/c-vitamiin-1000mg-20-kihisevat-tabletti\\\/#primaryimage\",\"url\":\"https:\\\/\\\/fit360.ee\\\/wp-content\\\/uploads\\\/2024\\\/03\\\/ostrovit-c-vitamiin-fit360.ee_.jpg\",\"contentUrl\":\"https:\\\/\\\/fit360.ee\\\/wp-content\\\/uploads\\\/2024\\\/03\\\/ostrovit-c-vitamiin-fit360.ee_.jpg\",\"width\":450,\"height\":450,\"caption\":\"ostrovit c vitamiin - fit360.ee\"},{\"@type\":\"BreadcrumbList\",\"@id\":\"https:\\\/\\\/fit360.ee\\\/en\\\/pood\\\/product-groups\\\/vitamins-and-minerals-en\\\/c-vitamin-en\\\/c-vitamiin-1000mg-20-kihisevat-tabletti\\\/#breadcrumb\",\"itemListElement\":[{\"@type\":\"ListItem\",\"position\":1,\"name\":\"Home\",\"item\":\"https:\\\/\\\/fit360.ee\\\/en\\\/\"},{\"@type\":\"ListItem\",\"position\":2,\"name\":\"Shop\",\"item\":\"https:\\\/\\\/fit360.ee\\\/en\\\/shop\\\/\"},{\"@type\":\"ListItem\",\"position\":3,\"name\":\"C Vitamiin 1000mg (20 kihisevat tabletti)\"}]},{\"@type\":\"WebSite\",\"@id\":\"https:\\\/\\\/fit360.ee\\\/en\\\/#website\",\"url\":\"https:\\\/\\\/fit360.ee\\\/en\\\/\",\"name\":\"Fit360\",\"description\":\"\",\"publisher\":{\"@id\":\"https:\\\/\\\/fit360.ee\\\/en\\\/#organization\"},\"potentialAction\":[{\"@type\":\"SearchAction\",\"target\":{\"@type\":\"EntryPoint\",\"urlTemplate\":\"https:\\\/\\\/fit360.ee\\\/en\\\/?s={search_term_string}\"},\"query-input\":{\"@type\":\"PropertyValueSpecification\",\"valueRequired\":true,\"valueName\":\"search_term_string\"}}],\"inLanguage\":\"en-US\"},{\"@type\":\"Organization\",\"@id\":\"https:\\\/\\\/fit360.ee\\\/en\\\/#organization\",\"name\":\"Fit360\",\"url\":\"https:\\\/\\\/fit360.ee\\\/en\\\/\",\"logo\":{\"@type\":\"ImageObject\",\"inLanguage\":\"en-US\",\"@id\":\"https:\\\/\\\/fit360.ee\\\/en\\\/#\\\/schema\\\/logo\\\/image\\\/\",\"url\":\"https:\\\/\\\/fit360.ee\\\/wp-content\\\/uploads\\\/2017\\\/01\\\/logo-fit360.png\",\"contentUrl\":\"https:\\\/\\\/fit360.ee\\\/wp-content\\\/uploads\\\/2017\\\/01\\\/logo-fit360.png\",\"width\":180,\"height\":66,\"caption\":\"Fit360\"},\"image\":{\"@id\":\"https:\\\/\\\/fit360.ee\\\/en\\\/#\\\/schema\\\/logo\\\/image\\\/\"}}]}<\/script>\n<!-- \/ Yoast SEO plugin. -->","yoast_head_json":{"title":"C Vitamiin 1000mg (20 kihisevat tabletti) - \u00dclilihtne kasutada - Fit360","description":"OstroVit C Vitamiin on toidulisand kihisevate tablettide kujul, mis lahustuvad vees.\u00a0See on suurep\u00e4rane alternatiiv inimestele, kes soovivad t\u00e4iendada...","robots":{"index":"index","follow":"follow","max-snippet":"max-snippet:-1","max-image-preview":"max-image-preview:large","max-video-preview":"max-video-preview:-1"},"canonical":"https:\/\/fit360.ee\/en\/pood\/product-groups\/vitamins-and-minerals-en\/c-vitamin-en\/c-vitamiin-1000mg-20-kihisevat-tabletti\/","og_locale":"en_US","og_type":"article","og_title":"C Vitamiin 1000mg (20 kihisevat tabletti) - \u00dclilihtne kasutada - Fit360","og_description":"OstroVit C Vitamiin on toidulisand kihisevate tablettide kujul, mis lahustuvad vees.\u00a0See on suurep\u00e4rane alternatiiv inimestele, kes soovivad t\u00e4iendada...","og_url":"https:\/\/fit360.ee\/en\/pood\/product-groups\/vitamins-and-minerals-en\/c-vitamin-en\/c-vitamiin-1000mg-20-kihisevat-tabletti\/","og_site_name":"Fit360","article_modified_time":"2025-11-20T20:17:14+00:00","og_image":[{"width":450,"height":450,"url":"https:\/\/fit360.ee\/wp-content\/uploads\/2024\/03\/ostrovit-c-vitamiin-fit360.ee_.jpg","type":"image\/jpeg"}],"twitter_card":"summary_large_image","twitter_misc":{"Est. reading time":"2 minutes"},"schema":{"@context":"https:\/\/schema.org","@graph":[{"@type":"WebPage","@id":"https:\/\/fit360.ee\/en\/pood\/product-groups\/vitamins-and-minerals-en\/c-vitamin-en\/c-vitamiin-1000mg-20-kihisevat-tabletti\/","url":"https:\/\/fit360.ee\/en\/pood\/product-groups\/vitamins-and-minerals-en\/c-vitamin-en\/c-vitamiin-1000mg-20-kihisevat-tabletti\/","name":"C Vitamiin 1000mg (20 kihisevat tabletti) - \u00dclilihtne kasutada - Fit360","isPartOf":{"@id":"https:\/\/fit360.ee\/en\/#website"},"primaryImageOfPage":{"@id":"https:\/\/fit360.ee\/en\/pood\/product-groups\/vitamins-and-minerals-en\/c-vitamin-en\/c-vitamiin-1000mg-20-kihisevat-tabletti\/#primaryimage"},"image":{"@id":"https:\/\/fit360.ee\/en\/pood\/product-groups\/vitamins-and-minerals-en\/c-vitamin-en\/c-vitamiin-1000mg-20-kihisevat-tabletti\/#primaryimage"},"thumbnailUrl":"https:\/\/fit360.ee\/wp-content\/uploads\/2024\/03\/ostrovit-c-vitamiin-fit360.ee_.jpg","datePublished":"2024-03-16T11:52:26+00:00","dateModified":"2025-11-20T20:17:14+00:00","description":"OstroVit C Vitamiin on toidulisand kihisevate tablettide kujul, mis lahustuvad vees.\u00a0See on suurep\u00e4rane alternatiiv inimestele, kes soovivad t\u00e4iendada...","breadcrumb":{"@id":"https:\/\/fit360.ee\/en\/pood\/product-groups\/vitamins-and-minerals-en\/c-vitamin-en\/c-vitamiin-1000mg-20-kihisevat-tabletti\/#breadcrumb"},"inLanguage":"en-US","potentialAction":[{"@type":"ReadAction","target":["https:\/\/fit360.ee\/en\/pood\/product-groups\/vitamins-and-minerals-en\/c-vitamin-en\/c-vitamiin-1000mg-20-kihisevat-tabletti\/"]}]},{"@type":"ImageObject","inLanguage":"en-US","@id":"https:\/\/fit360.ee\/en\/pood\/product-groups\/vitamins-and-minerals-en\/c-vitamin-en\/c-vitamiin-1000mg-20-kihisevat-tabletti\/#primaryimage","url":"https:\/\/fit360.ee\/wp-content\/uploads\/2024\/03\/ostrovit-c-vitamiin-fit360.ee_.jpg","contentUrl":"https:\/\/fit360.ee\/wp-content\/uploads\/2024\/03\/ostrovit-c-vitamiin-fit360.ee_.jpg","width":450,"height":450,"caption":"ostrovit c vitamiin - fit360.ee"},{"@type":"BreadcrumbList","@id":"https:\/\/fit360.ee\/en\/pood\/product-groups\/vitamins-and-minerals-en\/c-vitamin-en\/c-vitamiin-1000mg-20-kihisevat-tabletti\/#breadcrumb","itemListElement":[{"@type":"ListItem","position":1,"name":"Home","item":"https:\/\/fit360.ee\/en\/"},{"@type":"ListItem","position":2,"name":"Shop","item":"https:\/\/fit360.ee\/en\/shop\/"},{"@type":"ListItem","position":3,"name":"C Vitamiin 1000mg (20 kihisevat tabletti)"}]},{"@type":"WebSite","@id":"https:\/\/fit360.ee\/en\/#website","url":"https:\/\/fit360.ee\/en\/","name":"Fit360","description":"","publisher":{"@id":"https:\/\/fit360.ee\/en\/#organization"},"potentialAction":[{"@type":"SearchAction","target":{"@type":"EntryPoint","urlTemplate":"https:\/\/fit360.ee\/en\/?s={search_term_string}"},"query-input":{"@type":"PropertyValueSpecification","valueRequired":true,"valueName":"search_term_string"}}],"inLanguage":"en-US"},{"@type":"Organization","@id":"https:\/\/fit360.ee\/en\/#organization","name":"Fit360","url":"https:\/\/fit360.ee\/en\/","logo":{"@type":"ImageObject","inLanguage":"en-US","@id":"https:\/\/fit360.ee\/en\/#\/schema\/logo\/image\/","url":"https:\/\/fit360.ee\/wp-content\/uploads\/2017\/01\/logo-fit360.png","contentUrl":"https:\/\/fit360.ee\/wp-content\/uploads\/2017\/01\/logo-fit360.png","width":180,"height":66,"caption":"Fit360"},"image":{"@id":"https:\/\/fit360.ee\/en\/#\/schema\/logo\/image\/"}}]}},"_links":{"self":[{"href":"https:\/\/fit360.ee\/en\/wp-json\/wp\/v2\/product\/78222","targetHints":{"allow":["GET"]}}],"collection":[{"href":"https:\/\/fit360.ee\/en\/wp-json\/wp\/v2\/product"}],"about":[{"href":"https:\/\/fit360.ee\/en\/wp-json\/wp\/v2\/types\/product"}],"replies":[{"embeddable":true,"href":"https:\/\/fit360.ee\/en\/wp-json\/wp\/v2\/comments?post=78222"}],"wp:featuredmedia":[{"embeddable":true,"href":"https:\/\/fit360.ee\/en\/wp-json\/wp\/v2\/media\/78221"}],"wp:attachment":[{"href":"https:\/\/fit360.ee\/en\/wp-json\/wp\/v2\/media?parent=78222"}],"wp:term":[{"taxonomy":"product_brand","embeddable":true,"href":"https:\/\/fit360.ee\/en\/wp-json\/wp\/v2\/product_brand?post=78222"},{"taxonomy":"product_cat","embeddable":true,"href":"https:\/\/fit360.ee\/en\/wp-json\/wp\/v2\/product_cat?post=78222"},{"taxonomy":"product_tag","embeddable":true,"href":"https:\/\/fit360.ee\/en\/wp-json\/wp\/v2\/product_tag?post=78222"},{"taxonomy":"giftcard-category","embeddable":true,"href":"https:\/\/fit360.ee\/en\/wp-json\/wp\/v2\/giftcard-category?post=78222"}],"curies":[{"name":"wp","href":"https:\/\/api.w.org\/{rel}","templated":true}]}}