{"id":78489,"date":"2024-03-29T11:12:46","date_gmt":"2024-03-29T09:12:46","guid":{"rendered":"https:\/\/fit360.ee\/pood\/uncategorized\/fenuulalaniin-supreme-200g\/"},"modified":"2025-08-13T07:38:13","modified_gmt":"2025-08-13T05:38:13","slug":"fenuulalaniin-supreme-200g","status":"publish","type":"product","link":"https:\/\/fit360.ee\/en\/pood\/product-groups\/amino-acids-bcaa\/essential-amino-acids-eaa-en\/fenuulalaniin-supreme-200g\/","title":{"rendered":"Fen\u00fc\u00fclalaniin Supreme (200g)"},"content":{"rendered":"<h2><strong>Fen\u00fc\u00fclalaniin<\/strong><\/h2>\n<p>OstroVit Fen\u00fc\u00fclalaniin on kvaliteetne toidulisand, mis sisaldab ainult \u00fchte koostisosa \u2013 fen\u00fc\u00fclalaniini. Supreme pure on loodud k\u00f5ige n\u00f5udlikumatele aktiivsetele inimestele, kes soovivad toote k\u00f5rget biosaadavust, lahustuvust, t\u00e4iuslikku killustatust ja ennek\u00f5ike vaba tarbetutest lisaainetest. Supreme Pure on sama essents, meistrite \u00fchest koostisosast koosnev lisand. OstroVit keskendub kvaliteedile, farmaatsia mikroniseerimisele, minimalistlikule disainile ja soovitud tulemuste saavutamise garantiile.<\/p>\n<ul class=\"cm__list\">\n<li>Ainult \u00fcks koostisosa toote kohta<\/li>\n<li>200g puhast toodet<\/li>\n<li>400 portsjonit fen\u00fc\u00fclalaniini<\/li>\n<li>Ei mingeid tarbetuid s\u00e4ilitusaineid ja t\u00e4iteaineid<\/li>\n<\/ul>\n<h4 class=\"cm__heading\"><strong>Fen\u00fc\u00fclalaniin &#8211; mis see on?<\/strong><\/h4>\n<p class=\"cm__text\">Tegemist on eksogeensete aminohapete r\u00fchma kuuluva orgaanilise \u00fchendiga, mis t\u00e4hendab, et me peame seda oma keha toiduga varustama, sest meie kehal puudub v\u00f5ime seda \u00fchendit s\u00fcnteesida. See on \u00fcks p\u00f5hilisi\u00a0<a href=\"https:\/\/fit360.ee\/en\/product-category\/product-groups\/amino-acids-bcaa\/\"><strong>aminohappeid<\/strong><\/a>\u00a0, mis on valgu loomuliku struktuuri peamine tuum. Fen\u00fc\u00fclalaniin on oluline meie n\u00e4rvis\u00fcsteemi n\u00f5uetekohaseks toimimiseks, teiste oluliste \u00fchendite tootmiseks; hormoonid v\u00f5i neurotransmitterid. Seda v\u00f5ib leida k\u00f5rge valgusisaldusega toodetes, nagu liha, kala, munad ja piimatooted. Sobib ideaalselt inimestele, kes soovivad treeningutel parandada oma kognitiivseid oskusi, t\u00f5sta keskendumisv\u00f5imet, keskenduda ja parandada meeleolu. Piisav toidulisand v\u00f5ib toetada protsesse, mis vastutavad kilpn\u00e4\u00e4rme ja neerupealiste n\u00f5uetekohase toimimise eest. On aluseid v\u00e4ita, et see v\u00f5ib toetada kaalulangetamise protsessi, kuna see toetab isu reguleerimise protsesse ja nagu me teame, on kalorite tasakaal peamine element, mis vastutab meie keha kaalu muutmise eest.<\/p>\n<h4 class=\"cm__heading\"><strong>OstroVit MCT \u00f5lipulbris sisalduvate koostisosade omadused:<\/strong><\/h4>\n<ul class=\"cm__list\">\n<li>T\u00e4iuslik toidulisand, mis aitab kontrollida teie isu<\/li>\n<li>Aminohape, mis &#8220;ehitab&#8221; olulisi hormoone ja neurotransmittereid<\/li>\n<li>Toetab n\u00e4rvis\u00fcsteemi n\u00f5uetekohast toimimist<\/li>\n<li>V\u00f5ib toetada prokognitiivseid protsesse<\/li>\n<li>Toetab meie keskendumist ja keskendumist<\/li>\n<li>Fen\u00fc\u00fclet\u00fc\u00fclamiini eelk\u00e4ijana v\u00f5ib see lihtsalt meie tuju parandada<\/li>\n<\/ul>\n<p><strong>T\u00c4HELEPANU! Toode on v\u00e4hem lahustuv. See on tooraine loomulik omadus. Hea lahendus on segada toode vee v\u00f5i mahlaga, lahust \u00f5rnalt segades v\u00f5i juua pulber otse vee v\u00f5i mahlaga.<\/strong><\/p>\n<p><strong>Koostisosad<\/strong>: <span style=\"font-size: 14.4px;\">L-fen\u00fc\u00fclalaniin<\/span><\/p>\n<div class=\"--composition mb-4\">\n<p>Toode v\u00f5ib sisaldada piima (sh laktoosi), sojat, maap\u00e4hkleid, muid p\u00e4hkleid, seesamiseemneid, kaera, mune, v\u00e4hilaadseid, kala.<\/p>\n<p><strong>Kasutamine<\/strong>: Soovitatav 500 mg portsjon (1 lusikas) segatakse 100-150 ml vees v\u00f5i mahlas. Palun kasutage pakendis olevat m\u00f5\u00f5tetopsi (1 ml). Tarbi \u00fcks portsjon p\u00e4evas.<\/p>\n<p>\u00c4rge \u00fcletage soovitatavat p\u00e4evaannust tarbimiseks. Toidulisandit ei saa kasutada mitmek\u00fclgse toitumise asendajana (asendajana). Soovitatav on tasakaalustatud toitumine ja tervislik eluviis. \u00c4rge s\u00f6\u00f6ge, kui olete m\u00f5ne toote koostisosa suhtes allergiline. Toodet ei tohi kasutada lapsed, rasedad ja imetavad emad. Hoida v\u00e4ikelastele k\u00e4ttesaamatus kohas.<\/p>\n<p><strong>Suurus<\/strong>: 200g<\/p>\n<section class=\"projector__description--nutritional row\" data-selector=\".--nutritional\">\n<div class=\"col-12 col-md-10 col-lg-8\">\n<div class=\"--nutrit\">\n<div class=\"nutrition_table_wrapper\">\n<div class=\"table_wrapper\">\n<table>\n<tbody>\n<tr>\n<th>Aktiivsed koostisosad<\/th>\n<th>100 g kohta<\/th>\n<th>Portsjoni jaoks<\/th>\n<\/tr>\n<tr>\n<td>L-fen\u00fc\u00fclalaniin<\/td>\n<td>100 g<\/td>\n<td>500 mg<\/td>\n<\/tr>\n<\/tbody>\n<\/table>\n<p>Vaata ka meie teisi Aminohappeid <a href=\"https:\/\/fit360.ee\/en\/product-category\/product-groups\/amino-acids-bcaa\/\"><strong>SIIT <\/strong><\/a><span style=\"color: #333333; font-size: 14.4px;\">v\u00f5i Asendamatuid Aminohappeid <a href=\"https:\/\/fit360.ee\/en\/product-category\/product-groups\/amino-acids-bcaa\/essential-amino-acids-eaa-en\/\"><strong>SIIT<\/strong><\/a>!<\/span><\/p>\n<p>Soovid teha suuremat tellimust? Vaata antud toodet meie HULGI lehelt\u00a0<a href=\"https:\/\/toidulisandidhulgi.ee\/tooted\/fenuulalaniin-supreme-200g\/\"><strong>SIIT<\/strong><\/a>!<\/p>\n<\/div>\n<\/div>\n<\/div>\n<\/div>\n<\/section>\n<\/div>\n","protected":false},"excerpt":{"rendered":"<ul class=\"cm__list\">\n<li>Ainult \u00fcks koostisosa toote kohta<\/li>\n<li>200g puhast toodet<\/li>\n<li>400 portsjonit fen\u00fc\u00fclalaniini<\/li>\n<li>Ei mingeid tarbetuid s\u00e4ilitusaineid ja t\u00e4iteaineid<\/li>\n<\/ul>\n","protected":false},"featured_media":78471,"comment_status":"closed","ping_status":"closed","template":"","meta":[],"product_brand":[],"product_cat":[520,2485,2331,1329],"product_tag":[4799,1924,4800],"giftcard-category":[],"class_list":{"0":"post-78489","1":"product","2":"type-product","3":"status-publish","4":"has-post-thumbnail","6":"product_cat-amino-acids-bcaa","7":"product_cat-brain-support-nootropics-en","8":"product_cat-essential-amino-acids-eaa-en","9":"product_cat-ostrovit-en","10":"product_tag-fenuulalaniin-en","11":"product_tag-ostrovit-en","12":"product_tag-phenylalanine-en","13":"pa_kogus-200g-en","14":"pa_maitse-natural","15":"pa_toidulisand-branddd-ostrovit","16":"pa_tootegruppp-aju-tegevus-nootropics-en","17":"pa_tootegruppp-amino-acidsbcaa","18":"pa_tootegruppp-asendamatud-aminohapped-eaa-en","20":"first","21":"instock","22":"sale","23":"taxable","24":"shipping-taxable","25":"purchasable","26":"product-type-simple"},"yoast_head":"<!-- This site is optimized with the Yoast SEO plugin v27.3 - https:\/\/yoast.com\/product\/yoast-seo-wordpress\/ -->\n<title>Fen\u00fc\u00fclalaniin Supreme (200g) - 100% puhas - Kiire Tarne - Parim Hind - Fit360<\/title>\n<meta name=\"description\" content=\"Fen\u00fc\u00fclalaniin on kvaliteetne toidulisand, mis sisaldab ainult \u00fchte koostisosa \u2013 fen\u00fc\u00fclalaniini. Supreme pure on loodud k\u00f5ige n\u00f5udlikumatele aktii...\" \/>\n<meta name=\"robots\" content=\"index, follow, max-snippet:-1, max-image-preview:large, max-video-preview:-1\" \/>\n<link rel=\"canonical\" href=\"https:\/\/fit360.ee\/en\/pood\/product-groups\/amino-acids-bcaa\/essential-amino-acids-eaa-en\/fenuulalaniin-supreme-200g\/\" \/>\n<meta property=\"og:locale\" content=\"en_US\" \/>\n<meta property=\"og:type\" content=\"article\" \/>\n<meta property=\"og:title\" content=\"Fen\u00fc\u00fclalaniin Supreme (200g) - 100% puhas - Kiire Tarne - Parim Hind - Fit360\" \/>\n<meta property=\"og:description\" content=\"Fen\u00fc\u00fclalaniin on kvaliteetne toidulisand, mis sisaldab ainult \u00fchte koostisosa \u2013 fen\u00fc\u00fclalaniini. Supreme pure on loodud k\u00f5ige n\u00f5udlikumatele aktii...\" \/>\n<meta property=\"og:url\" content=\"https:\/\/fit360.ee\/en\/pood\/product-groups\/amino-acids-bcaa\/essential-amino-acids-eaa-en\/fenuulalaniin-supreme-200g\/\" \/>\n<meta property=\"og:site_name\" content=\"Fit360\" \/>\n<meta property=\"article:modified_time\" content=\"2025-08-13T05:38:13+00:00\" \/>\n<meta property=\"og:image\" content=\"https:\/\/fit360.ee\/wp-content\/uploads\/2024\/03\/fenuulalaniin-fit360.ee-1.png\" \/>\n\t<meta property=\"og:image:width\" content=\"450\" \/>\n\t<meta property=\"og:image:height\" content=\"450\" \/>\n\t<meta property=\"og:image:type\" content=\"image\/png\" \/>\n<meta name=\"twitter:card\" content=\"summary_large_image\" \/>\n<meta name=\"twitter:label1\" content=\"Est. reading time\" \/>\n\t<meta name=\"twitter:data1\" content=\"3 minutes\" \/>\n<script type=\"application\/ld+json\" class=\"yoast-schema-graph\">{\"@context\":\"https:\\\/\\\/schema.org\",\"@graph\":[{\"@type\":\"WebPage\",\"@id\":\"https:\\\/\\\/fit360.ee\\\/en\\\/pood\\\/product-groups\\\/amino-acids-bcaa\\\/essential-amino-acids-eaa-en\\\/fenuulalaniin-supreme-200g\\\/\",\"url\":\"https:\\\/\\\/fit360.ee\\\/en\\\/pood\\\/product-groups\\\/amino-acids-bcaa\\\/essential-amino-acids-eaa-en\\\/fenuulalaniin-supreme-200g\\\/\",\"name\":\"Fen\u00fc\u00fclalaniin Supreme (200g) - 100% puhas - Kiire Tarne - Parim Hind - Fit360\",\"isPartOf\":{\"@id\":\"https:\\\/\\\/fit360.ee\\\/en\\\/#website\"},\"primaryImageOfPage\":{\"@id\":\"https:\\\/\\\/fit360.ee\\\/en\\\/pood\\\/product-groups\\\/amino-acids-bcaa\\\/essential-amino-acids-eaa-en\\\/fenuulalaniin-supreme-200g\\\/#primaryimage\"},\"image\":{\"@id\":\"https:\\\/\\\/fit360.ee\\\/en\\\/pood\\\/product-groups\\\/amino-acids-bcaa\\\/essential-amino-acids-eaa-en\\\/fenuulalaniin-supreme-200g\\\/#primaryimage\"},\"thumbnailUrl\":\"https:\\\/\\\/fit360.ee\\\/wp-content\\\/uploads\\\/2024\\\/03\\\/fenuulalaniin-fit360.ee-1.png\",\"datePublished\":\"2024-03-29T09:12:46+00:00\",\"dateModified\":\"2025-08-13T05:38:13+00:00\",\"description\":\"Fen\u00fc\u00fclalaniin on kvaliteetne toidulisand, mis sisaldab ainult \u00fchte koostisosa \u2013 fen\u00fc\u00fclalaniini. Supreme pure on loodud k\u00f5ige n\u00f5udlikumatele aktii...\",\"breadcrumb\":{\"@id\":\"https:\\\/\\\/fit360.ee\\\/en\\\/pood\\\/product-groups\\\/amino-acids-bcaa\\\/essential-amino-acids-eaa-en\\\/fenuulalaniin-supreme-200g\\\/#breadcrumb\"},\"inLanguage\":\"en-US\",\"potentialAction\":[{\"@type\":\"ReadAction\",\"target\":[\"https:\\\/\\\/fit360.ee\\\/en\\\/pood\\\/product-groups\\\/amino-acids-bcaa\\\/essential-amino-acids-eaa-en\\\/fenuulalaniin-supreme-200g\\\/\"]}]},{\"@type\":\"ImageObject\",\"inLanguage\":\"en-US\",\"@id\":\"https:\\\/\\\/fit360.ee\\\/en\\\/pood\\\/product-groups\\\/amino-acids-bcaa\\\/essential-amino-acids-eaa-en\\\/fenuulalaniin-supreme-200g\\\/#primaryimage\",\"url\":\"https:\\\/\\\/fit360.ee\\\/wp-content\\\/uploads\\\/2024\\\/03\\\/fenuulalaniin-fit360.ee-1.png\",\"contentUrl\":\"https:\\\/\\\/fit360.ee\\\/wp-content\\\/uploads\\\/2024\\\/03\\\/fenuulalaniin-fit360.ee-1.png\",\"width\":450,\"height\":450,\"caption\":\"fen\u00fc\u00fclalaniin - fit360.ee\"},{\"@type\":\"BreadcrumbList\",\"@id\":\"https:\\\/\\\/fit360.ee\\\/en\\\/pood\\\/product-groups\\\/amino-acids-bcaa\\\/essential-amino-acids-eaa-en\\\/fenuulalaniin-supreme-200g\\\/#breadcrumb\",\"itemListElement\":[{\"@type\":\"ListItem\",\"position\":1,\"name\":\"Home\",\"item\":\"https:\\\/\\\/fit360.ee\\\/en\\\/\"},{\"@type\":\"ListItem\",\"position\":2,\"name\":\"Shop\",\"item\":\"https:\\\/\\\/fit360.ee\\\/en\\\/shop\\\/\"},{\"@type\":\"ListItem\",\"position\":3,\"name\":\"Fen\u00fc\u00fclalaniin Supreme (200g)\"}]},{\"@type\":\"WebSite\",\"@id\":\"https:\\\/\\\/fit360.ee\\\/en\\\/#website\",\"url\":\"https:\\\/\\\/fit360.ee\\\/en\\\/\",\"name\":\"Fit360\",\"description\":\"\",\"publisher\":{\"@id\":\"https:\\\/\\\/fit360.ee\\\/en\\\/#organization\"},\"potentialAction\":[{\"@type\":\"SearchAction\",\"target\":{\"@type\":\"EntryPoint\",\"urlTemplate\":\"https:\\\/\\\/fit360.ee\\\/en\\\/?s={search_term_string}\"},\"query-input\":{\"@type\":\"PropertyValueSpecification\",\"valueRequired\":true,\"valueName\":\"search_term_string\"}}],\"inLanguage\":\"en-US\"},{\"@type\":\"Organization\",\"@id\":\"https:\\\/\\\/fit360.ee\\\/en\\\/#organization\",\"name\":\"Fit360\",\"url\":\"https:\\\/\\\/fit360.ee\\\/en\\\/\",\"logo\":{\"@type\":\"ImageObject\",\"inLanguage\":\"en-US\",\"@id\":\"https:\\\/\\\/fit360.ee\\\/en\\\/#\\\/schema\\\/logo\\\/image\\\/\",\"url\":\"https:\\\/\\\/fit360.ee\\\/wp-content\\\/uploads\\\/2017\\\/01\\\/logo-fit360.png\",\"contentUrl\":\"https:\\\/\\\/fit360.ee\\\/wp-content\\\/uploads\\\/2017\\\/01\\\/logo-fit360.png\",\"width\":180,\"height\":66,\"caption\":\"Fit360\"},\"image\":{\"@id\":\"https:\\\/\\\/fit360.ee\\\/en\\\/#\\\/schema\\\/logo\\\/image\\\/\"}}]}<\/script>\n<!-- \/ Yoast SEO plugin. -->","yoast_head_json":{"title":"Fen\u00fc\u00fclalaniin Supreme (200g) - 100% puhas - Kiire Tarne - Parim Hind - Fit360","description":"Fen\u00fc\u00fclalaniin on kvaliteetne toidulisand, mis sisaldab ainult \u00fchte koostisosa \u2013 fen\u00fc\u00fclalaniini. Supreme pure on loodud k\u00f5ige n\u00f5udlikumatele aktii...","robots":{"index":"index","follow":"follow","max-snippet":"max-snippet:-1","max-image-preview":"max-image-preview:large","max-video-preview":"max-video-preview:-1"},"canonical":"https:\/\/fit360.ee\/en\/pood\/product-groups\/amino-acids-bcaa\/essential-amino-acids-eaa-en\/fenuulalaniin-supreme-200g\/","og_locale":"en_US","og_type":"article","og_title":"Fen\u00fc\u00fclalaniin Supreme (200g) - 100% puhas - Kiire Tarne - Parim Hind - Fit360","og_description":"Fen\u00fc\u00fclalaniin on kvaliteetne toidulisand, mis sisaldab ainult \u00fchte koostisosa \u2013 fen\u00fc\u00fclalaniini. Supreme pure on loodud k\u00f5ige n\u00f5udlikumatele aktii...","og_url":"https:\/\/fit360.ee\/en\/pood\/product-groups\/amino-acids-bcaa\/essential-amino-acids-eaa-en\/fenuulalaniin-supreme-200g\/","og_site_name":"Fit360","article_modified_time":"2025-08-13T05:38:13+00:00","og_image":[{"width":450,"height":450,"url":"https:\/\/fit360.ee\/wp-content\/uploads\/2024\/03\/fenuulalaniin-fit360.ee-1.png","type":"image\/png"}],"twitter_card":"summary_large_image","twitter_misc":{"Est. reading time":"3 minutes"},"schema":{"@context":"https:\/\/schema.org","@graph":[{"@type":"WebPage","@id":"https:\/\/fit360.ee\/en\/pood\/product-groups\/amino-acids-bcaa\/essential-amino-acids-eaa-en\/fenuulalaniin-supreme-200g\/","url":"https:\/\/fit360.ee\/en\/pood\/product-groups\/amino-acids-bcaa\/essential-amino-acids-eaa-en\/fenuulalaniin-supreme-200g\/","name":"Fen\u00fc\u00fclalaniin Supreme (200g) - 100% puhas - Kiire Tarne - Parim Hind - Fit360","isPartOf":{"@id":"https:\/\/fit360.ee\/en\/#website"},"primaryImageOfPage":{"@id":"https:\/\/fit360.ee\/en\/pood\/product-groups\/amino-acids-bcaa\/essential-amino-acids-eaa-en\/fenuulalaniin-supreme-200g\/#primaryimage"},"image":{"@id":"https:\/\/fit360.ee\/en\/pood\/product-groups\/amino-acids-bcaa\/essential-amino-acids-eaa-en\/fenuulalaniin-supreme-200g\/#primaryimage"},"thumbnailUrl":"https:\/\/fit360.ee\/wp-content\/uploads\/2024\/03\/fenuulalaniin-fit360.ee-1.png","datePublished":"2024-03-29T09:12:46+00:00","dateModified":"2025-08-13T05:38:13+00:00","description":"Fen\u00fc\u00fclalaniin on kvaliteetne toidulisand, mis sisaldab ainult \u00fchte koostisosa \u2013 fen\u00fc\u00fclalaniini. Supreme pure on loodud k\u00f5ige n\u00f5udlikumatele aktii...","breadcrumb":{"@id":"https:\/\/fit360.ee\/en\/pood\/product-groups\/amino-acids-bcaa\/essential-amino-acids-eaa-en\/fenuulalaniin-supreme-200g\/#breadcrumb"},"inLanguage":"en-US","potentialAction":[{"@type":"ReadAction","target":["https:\/\/fit360.ee\/en\/pood\/product-groups\/amino-acids-bcaa\/essential-amino-acids-eaa-en\/fenuulalaniin-supreme-200g\/"]}]},{"@type":"ImageObject","inLanguage":"en-US","@id":"https:\/\/fit360.ee\/en\/pood\/product-groups\/amino-acids-bcaa\/essential-amino-acids-eaa-en\/fenuulalaniin-supreme-200g\/#primaryimage","url":"https:\/\/fit360.ee\/wp-content\/uploads\/2024\/03\/fenuulalaniin-fit360.ee-1.png","contentUrl":"https:\/\/fit360.ee\/wp-content\/uploads\/2024\/03\/fenuulalaniin-fit360.ee-1.png","width":450,"height":450,"caption":"fen\u00fc\u00fclalaniin - fit360.ee"},{"@type":"BreadcrumbList","@id":"https:\/\/fit360.ee\/en\/pood\/product-groups\/amino-acids-bcaa\/essential-amino-acids-eaa-en\/fenuulalaniin-supreme-200g\/#breadcrumb","itemListElement":[{"@type":"ListItem","position":1,"name":"Home","item":"https:\/\/fit360.ee\/en\/"},{"@type":"ListItem","position":2,"name":"Shop","item":"https:\/\/fit360.ee\/en\/shop\/"},{"@type":"ListItem","position":3,"name":"Fen\u00fc\u00fclalaniin Supreme (200g)"}]},{"@type":"WebSite","@id":"https:\/\/fit360.ee\/en\/#website","url":"https:\/\/fit360.ee\/en\/","name":"Fit360","description":"","publisher":{"@id":"https:\/\/fit360.ee\/en\/#organization"},"potentialAction":[{"@type":"SearchAction","target":{"@type":"EntryPoint","urlTemplate":"https:\/\/fit360.ee\/en\/?s={search_term_string}"},"query-input":{"@type":"PropertyValueSpecification","valueRequired":true,"valueName":"search_term_string"}}],"inLanguage":"en-US"},{"@type":"Organization","@id":"https:\/\/fit360.ee\/en\/#organization","name":"Fit360","url":"https:\/\/fit360.ee\/en\/","logo":{"@type":"ImageObject","inLanguage":"en-US","@id":"https:\/\/fit360.ee\/en\/#\/schema\/logo\/image\/","url":"https:\/\/fit360.ee\/wp-content\/uploads\/2017\/01\/logo-fit360.png","contentUrl":"https:\/\/fit360.ee\/wp-content\/uploads\/2017\/01\/logo-fit360.png","width":180,"height":66,"caption":"Fit360"},"image":{"@id":"https:\/\/fit360.ee\/en\/#\/schema\/logo\/image\/"}}]}},"_links":{"self":[{"href":"https:\/\/fit360.ee\/en\/wp-json\/wp\/v2\/product\/78489","targetHints":{"allow":["GET"]}}],"collection":[{"href":"https:\/\/fit360.ee\/en\/wp-json\/wp\/v2\/product"}],"about":[{"href":"https:\/\/fit360.ee\/en\/wp-json\/wp\/v2\/types\/product"}],"replies":[{"embeddable":true,"href":"https:\/\/fit360.ee\/en\/wp-json\/wp\/v2\/comments?post=78489"}],"wp:featuredmedia":[{"embeddable":true,"href":"https:\/\/fit360.ee\/en\/wp-json\/wp\/v2\/media\/78471"}],"wp:attachment":[{"href":"https:\/\/fit360.ee\/en\/wp-json\/wp\/v2\/media?parent=78489"}],"wp:term":[{"taxonomy":"product_brand","embeddable":true,"href":"https:\/\/fit360.ee\/en\/wp-json\/wp\/v2\/product_brand?post=78489"},{"taxonomy":"product_cat","embeddable":true,"href":"https:\/\/fit360.ee\/en\/wp-json\/wp\/v2\/product_cat?post=78489"},{"taxonomy":"product_tag","embeddable":true,"href":"https:\/\/fit360.ee\/en\/wp-json\/wp\/v2\/product_tag?post=78489"},{"taxonomy":"giftcard-category","embeddable":true,"href":"https:\/\/fit360.ee\/en\/wp-json\/wp\/v2\/giftcard-category?post=78489"}],"curies":[{"name":"wp","href":"https:\/\/api.w.org\/{rel}","templated":true}]}}