{"id":78617,"date":"2024-04-03T12:28:21","date_gmt":"2024-04-03T10:28:21","guid":{"rendered":"https:\/\/fit360.ee\/pood\/uncategorized\/glukosamiin-msm-kondroitiin-150g\/"},"modified":"2026-04-11T12:42:11","modified_gmt":"2026-04-11T10:42:11","slug":"glukosamiin-msm-kondroitiin-150g","status":"publish","type":"product","link":"https:\/\/fit360.ee\/en\/pood\/product-groups\/superfoods-health-foods-en\/glucosamine-en\/glukosamiin-msm-kondroitiin-150g\/","title":{"rendered":"Gl\u00fckosamiin + MSM + Kondroitiin (150g)"},"content":{"rendered":"<h2><strong>Gl\u00fckosamiin + MSM + Kondroitiin<\/strong><\/h2>\n<p>OstroVit Gl\u00fckosamiin + MSM + Kondroitiin on kvaliteetne toidulisand, mis on gl\u00fckoosamiini, kondroitiini, MSM-i, aga ka h\u00fcaluroonhappe ja C-vitamiini allikas. See on loodusliku maitsega preparaat, saadaval pulbrina. See on toode, mis on loodud sportlastele ja inimestele, keda eristab suurenenud n\u00f5udlus v\u00e4\u00e4rtuslike \u00fchendite j\u00e4rele.<\/p>\n<ul class=\"cm__list\">\n<li><strong>V\u00e4\u00e4rtuslike koostisosade allikas<\/strong>\u00a0&#8211; Toidulisandi p\u00e4evane portsjon annab organismile 1170 mg gl\u00fckoosamiinsulfaati 2KCL, 2000 mg met\u00fc\u00fclsulfon\u00fc\u00fclmetaani, samuti 1200 mg kondroitiinsulfaati, 135 mg h\u00fcaluroonhapet ja 999 mg C-vitamiini.<\/li>\n<li><strong>Toote loomulik maitse r\u00f5\u00f5mustab suulagi.<\/strong><\/li>\n<li><strong>1 portsjon = 2,5 lusikat\u00e4it = 2,5 g.<\/strong><\/li>\n<li><strong>T\u00f5husus<\/strong>\u00a0\u2013 \u00dcks toote pakend sisaldab 60 portsjonit preparaati.<\/li>\n<li><strong>Mugav vorm<\/strong>\u00a0\u2013 pulbrina saadaval olev preparaat tagab toidulisandi t\u00f5rgeteta tarnimise ja sobib suurep\u00e4raselt inimestele, kellel on raskusi tablettide neelamisega. Lihtsalt segage osa tootest veega ja ongi valmis!<\/li>\n<\/ul>\n<h4><strong>OstroVit Gl\u00fckoosamiin + MSM + Kondroitiin \u2013 v\u00e4\u00e4rtuslike koostisosade p\u00f5hjalik allikas<\/strong><\/h4>\n<p><a href=\"https:\/\/fit360.ee\/en\/product-category\/product-groups\/superfoods-health-foods-en\/glucosamine-en\/\"><strong>Gl\u00fckoosamiin<\/strong><\/a>\u00a0\u2013 orgaaniline keemiline \u00fchend, mis on gl\u00fckoosi aminoderivaat. Tegemist on ainega, mida s\u00fcnteesitakse organismis v\u00e4ikestes kogustes ja v\u00f5ime toota seda vanusega v\u00e4heneb. \u00dchendit saab aga organismi varustada toiduga \u2013 Ainet leidub mereandides \u2013 koorikloomade kitiinkarpides, aga ka toidulisanditena. OstroVit kasutab gl\u00fckoosamiinsulfaati ehk k\u00f5ige biosaadavaks peetavat \u00fchendi vormi, millel on positiivne m\u00f5ju toidulisandi kvaliteedile ja omastatavusele.<\/p>\n<p><a href=\"https:\/\/fit360.ee\/en\/product-category\/product-groups\/superfoods-health-foods-en\/msm-en\/\"><strong>MSM<\/strong><\/a>\u00a0\u2013 met\u00fc\u00fclsulfon\u00fc\u00fclmetaan \u2013 orgaaniline v\u00e4\u00e4vli\u00fchend. See on loomsetes organismides ja taimedes looduslikult esinev aine, mida iseloomustab suurep\u00e4rane lahustuvus vees. MSM-i leidub tavaliselt toidus, kuid kuna aine on v\u00e4ga tundlik temperatuurimuutuste ja p\u00e4ikesevalguse suhtes, saab inimkeha kasutada ja omastada ainult v\u00e4ikeses koguses koostisosa.<\/p>\n<p><strong>Kondroitiin<\/strong>\u00a0&#8211; orgaaniline \u00fchend, mis kuulub mukopol\u00fcsahhariidide r\u00fchma. Tegemist on inimorganismis looduslikult toodetava endogeense ainega, mille sisaldus organismis vananedes v\u00e4heneb. Kuid koostisosa leidub ka m\u00f5nes toidus ja ka toidulisandites. OstroVit kasutab kondroitiinsulfaati, \u00fchendi vormi, mis eristub saadaolevatest kondroitiinvormidest k\u00f5rgeima biosaadavuse poolest.<\/p>\n<p><strong>H\u00fcaluroonhape<\/strong>\u00a0\u2013 orgaaniline keemiline \u00fchend, mis on pol\u00fcsahhariid gl\u00fckoosaminogl\u00fckaanide r\u00fchmast. See on aine, mis inimkehas on osa p\u00e4risnaha rakkudevahelisest maatriksist ja on s\u00fcnoviaalvedeliku p\u00f5hikomponent. OstroVit kasutab naatriumh\u00fcaluronaati \u2013 h\u00fcaluroonhappe derivaati naatriumsoola ehk organismide seas looduslikult esineva vormina, millel on positiivne m\u00f5ju \u00fchendi biosaadavusele.<\/p>\n<p><strong>C-vitamiin<\/strong>\u00a0&#8211; nimetatakse ka askorbiinhappeks, see on orgaaniline keemiline \u00fchend pol\u00fch\u00fcdroks\u00fc\u00fclalkoholide r\u00fchmast. Tegemist on vees lahustuva vitamiiniga, mida eksogeense ainena tuleb organismi tarnida v\u00e4ljastpoolt. C-vitamiini leidub eelk\u00f5ige v\u00e4rsketes juur- ja puuviljades &#8211; Ainet leidub sh musts\u00f5stardes, maasikates, kiivides, aga ka paprikates, rooskapsas ja kapsas.<\/p>\n<h4 class=\"cm__heading\"><strong>OstroVit gl\u00fckoosamiin + MSM + kondroitiin sisalduvate koostisosade omadused<\/strong><\/h4>\n<p><strong>C-vitamiin<\/strong>\u00a0toetab normaalset kollageeni tootmist, et tagada veresoonte, luude, k\u00f5hrede ja igemete, aga ka hammaste ja naha optimaalne talitlus. Aine aitab kaasa ka korraliku energiavahetuse s\u00e4ilitamisele ja n\u00e4rvis\u00fcsteemi n\u00f5uetekohasele talitlusele. Samuti aitab C-vitamiin v\u00e4hendada v\u00e4simus- ja kurnatustunnet, toetab immuuns\u00fcsteemi n\u00f5uetekohast talitlust ning lisaks aitab see s\u00e4ilitada \u00f5igeid ps\u00fchholoogilisi funktsioone ning kaitsta rakke oks\u00fcdatiivse stressi eest.<\/p>\n<p><strong>Koostisosad<\/strong>: L-askorbiinhape (C-vitamiin), met\u00fc\u00fclsulfon\u00fc\u00fclmetaan, kondroitiinsulfaat, gl\u00fckoosamiinsulfaat 2KCL (v\u00e4hist <strong>)<\/strong>\u00a0, inuliin, h\u00fcaluroonhape (naatriumh\u00fcaluronaat), paakumisvastane aine: r\u00e4nidioksiid.<\/p>\n<p><strong>Kasutamine<\/strong>: Segage portsjon 2,5 g (2,5 lusikat\u00e4it) 100\u2013150 ml vees. Tarbi 3 portsjonit p\u00e4evas. Palun kasutage pakendis olevat m\u00f5\u00f5tetopsi (1 ml).<\/p>\n<p><strong>Suurus<\/strong>: 150g &#8211; 60 serveeringut.<\/p>\n<table>\n<tbody>\n<tr>\n<th>Aktiivsed koostisosad<\/th>\n<th>Portsjoni kohta<\/th>\n<th>% SPK*<\/th>\n<th>3 portsjoni kohta<\/th>\n<th>% SPK*<\/th>\n<\/tr>\n<tr>\n<td>Gl\u00fckoosamiinsulfaat:<\/td>\n<td>390 mg<\/td>\n<td>&#8211;<\/td>\n<td>1170 mg<\/td>\n<td>&#8211;<\/td>\n<\/tr>\n<tr class=\"sub\">\n<td>&#8211; sealhulgas gl\u00fckoosamiin<\/td>\n<td>230 mg<\/td>\n<td>&#8211;<\/td>\n<td>690 mg<\/td>\n<td>&#8211;<\/td>\n<\/tr>\n<tr>\n<td>Met\u00fc\u00fclsulfon\u00fc\u00fclmetaan<\/td>\n<td>667 mg<\/td>\n<td>&#8211;<\/td>\n<td>2000 mg<\/td>\n<td>&#8211;<\/td>\n<\/tr>\n<tr>\n<td>Kondroitiinsulfaat<\/td>\n<td>400 mg<\/td>\n<td>&#8211;<\/td>\n<td>1200 mg<\/td>\n<td>&#8211;<\/td>\n<\/tr>\n<tr>\n<td>H\u00fcaluroonhape<\/td>\n<td>45 mg<\/td>\n<td>&#8211;<\/td>\n<td>135 mg<\/td>\n<td>&#8211;<\/td>\n<\/tr>\n<tr>\n<td>C-vitamiin<\/td>\n<td>333 mg<\/td>\n<td>416%<\/td>\n<td>999 mg<\/td>\n<td>1249%<\/td>\n<\/tr>\n<\/tbody>\n<\/table>\n<p>*SPK \u2013 Soovitatud p\u00e4evane kogus.<\/p>\n<p>Vaata ka meie Teisi toidulisandeid Liigestele <a href=\"https:\/\/fit360.ee\/en\/product-category\/product-groups\/joint-support-en\/\"><strong>SIIT<\/strong><\/a> v\u00f5i Gl\u00fckosamiine <a href=\"https:\/\/fit360.ee\/en\/product-category\/product-groups\/superfoods-health-foods-en\/glucosamine-en\/\"><strong>SIIT<\/strong><\/a>!<\/p>\n<p>Soovid kaupa osta suuremas koguses? Vaata antud toodet ka meie HULGI poest\u00a0<a href=\"https:\/\/toidulisandidhulgi.ee\/tooted\/glukosamiin-msm-kondroitiin-150g\/\"><strong>SIIT<\/strong><\/a>!<\/p>\n","protected":false},"excerpt":{"rendered":"<ul class=\"cm__list\">\n<li>V\u00e4\u00e4rtuslike koostisosade allikas<\/li>\n<li>2 erinevat maitset<\/li>\n<li>T\u00f5husus<\/li>\n<li>Mugav vorm<\/li>\n<\/ul>\n","protected":false},"featured_media":78612,"comment_status":"closed","ping_status":"closed","template":"","meta":[],"product_brand":[],"product_cat":[5311,1911,5320,2341,5317,527,2342,1329,1454],"product_tag":[2707,4810,3363,1924],"giftcard-category":[],"class_list":{"0":"post-78617","1":"product","2":"type-product","3":"status-publish","4":"has-post-thumbnail","6":"product_cat-antioxidants-en","7":"product_cat-c-vitamin-en","8":"product_cat-for-immunity-en","9":"product_cat-glucosamine-en","10":"product_cat-hyaluronic-acid-en","11":"product_cat-joint-support-en","12":"product_cat-msm-en","13":"product_cat-ostrovit-en","14":"product_cat-superfoods-health-foods-en","15":"product_tag-glukosamiin-en","16":"product_tag-glukosamiin-msm-kondroitiin-en","17":"product_tag-msm-en","18":"product_tag-ostrovit-en","19":"pa_maitse-natural","20":"pa_maitse-raspberry","22":"first","23":"instock","24":"sale","25":"taxable","26":"shipping-taxable","27":"purchasable","28":"product-type-variable"},"yoast_head":"<!-- This site is optimized with the Yoast SEO plugin v27.3 - https:\/\/yoast.com\/product\/yoast-seo-wordpress\/ -->\n<title>Gl\u00fckosamiin + MSM + Kondroitiin (150g) - Tugevamad Liigesed - Fit360<\/title>\n<meta name=\"description\" content=\"Gl\u00fckosamiin + MSM + Kondroitiin on kvaliteetne toidulisand, mis on gl\u00fckoosamiini, kondroitiini, MSM-i, aga ka h\u00fcaluroonhappe ja C-vitamiini allikas.\" \/>\n<meta name=\"robots\" content=\"index, follow, max-snippet:-1, max-image-preview:large, max-video-preview:-1\" \/>\n<link rel=\"canonical\" href=\"https:\/\/fit360.ee\/en\/pood\/product-groups\/superfoods-health-foods-en\/glucosamine-en\/glukosamiin-msm-kondroitiin-150g\/\" \/>\n<meta property=\"og:locale\" content=\"en_US\" \/>\n<meta property=\"og:type\" content=\"article\" \/>\n<meta property=\"og:title\" content=\"Gl\u00fckosamiin + MSM + Kondroitiin (150g) - Tugevamad Liigesed - Fit360\" \/>\n<meta property=\"og:description\" content=\"Gl\u00fckosamiin + MSM + Kondroitiin on kvaliteetne toidulisand, mis on gl\u00fckoosamiini, kondroitiini, MSM-i, aga ka h\u00fcaluroonhappe ja C-vitamiini allikas.\" \/>\n<meta property=\"og:url\" content=\"https:\/\/fit360.ee\/en\/pood\/product-groups\/superfoods-health-foods-en\/glucosamine-en\/glukosamiin-msm-kondroitiin-150g\/\" \/>\n<meta property=\"og:site_name\" content=\"Fit360\" \/>\n<meta property=\"article:modified_time\" content=\"2026-04-11T10:42:11+00:00\" \/>\n<meta property=\"og:image\" content=\"https:\/\/fit360.ee\/wp-content\/uploads\/2024\/04\/glukosamiin-msm-kondroitiin-fit360.ee-1.png\" \/>\n\t<meta property=\"og:image:width\" content=\"450\" \/>\n\t<meta property=\"og:image:height\" content=\"450\" \/>\n\t<meta property=\"og:image:type\" content=\"image\/png\" \/>\n<meta name=\"twitter:card\" content=\"summary_large_image\" \/>\n<meta name=\"twitter:label1\" content=\"Est. reading time\" \/>\n\t<meta name=\"twitter:data1\" content=\"3 minutes\" \/>\n<script type=\"application\/ld+json\" class=\"yoast-schema-graph\">{\"@context\":\"https:\\\/\\\/schema.org\",\"@graph\":[{\"@type\":\"WebPage\",\"@id\":\"https:\\\/\\\/fit360.ee\\\/en\\\/pood\\\/product-groups\\\/superfoods-health-foods-en\\\/glucosamine-en\\\/glukosamiin-msm-kondroitiin-150g\\\/\",\"url\":\"https:\\\/\\\/fit360.ee\\\/en\\\/pood\\\/product-groups\\\/superfoods-health-foods-en\\\/glucosamine-en\\\/glukosamiin-msm-kondroitiin-150g\\\/\",\"name\":\"Gl\u00fckosamiin + MSM + Kondroitiin (150g) - Tugevamad Liigesed - Fit360\",\"isPartOf\":{\"@id\":\"https:\\\/\\\/fit360.ee\\\/en\\\/#website\"},\"primaryImageOfPage\":{\"@id\":\"https:\\\/\\\/fit360.ee\\\/en\\\/pood\\\/product-groups\\\/superfoods-health-foods-en\\\/glucosamine-en\\\/glukosamiin-msm-kondroitiin-150g\\\/#primaryimage\"},\"image\":{\"@id\":\"https:\\\/\\\/fit360.ee\\\/en\\\/pood\\\/product-groups\\\/superfoods-health-foods-en\\\/glucosamine-en\\\/glukosamiin-msm-kondroitiin-150g\\\/#primaryimage\"},\"thumbnailUrl\":\"https:\\\/\\\/fit360.ee\\\/wp-content\\\/uploads\\\/2024\\\/04\\\/glukosamiin-msm-kondroitiin-fit360.ee-1.png\",\"datePublished\":\"2024-04-03T10:28:21+00:00\",\"dateModified\":\"2026-04-11T10:42:11+00:00\",\"description\":\"Gl\u00fckosamiin + MSM + Kondroitiin on kvaliteetne toidulisand, mis on gl\u00fckoosamiini, kondroitiini, MSM-i, aga ka h\u00fcaluroonhappe ja C-vitamiini allikas.\",\"breadcrumb\":{\"@id\":\"https:\\\/\\\/fit360.ee\\\/en\\\/pood\\\/product-groups\\\/superfoods-health-foods-en\\\/glucosamine-en\\\/glukosamiin-msm-kondroitiin-150g\\\/#breadcrumb\"},\"inLanguage\":\"en-US\",\"potentialAction\":[{\"@type\":\"ReadAction\",\"target\":[\"https:\\\/\\\/fit360.ee\\\/en\\\/pood\\\/product-groups\\\/superfoods-health-foods-en\\\/glucosamine-en\\\/glukosamiin-msm-kondroitiin-150g\\\/\"]}]},{\"@type\":\"ImageObject\",\"inLanguage\":\"en-US\",\"@id\":\"https:\\\/\\\/fit360.ee\\\/en\\\/pood\\\/product-groups\\\/superfoods-health-foods-en\\\/glucosamine-en\\\/glukosamiin-msm-kondroitiin-150g\\\/#primaryimage\",\"url\":\"https:\\\/\\\/fit360.ee\\\/wp-content\\\/uploads\\\/2024\\\/04\\\/glukosamiin-msm-kondroitiin-fit360.ee-1.png\",\"contentUrl\":\"https:\\\/\\\/fit360.ee\\\/wp-content\\\/uploads\\\/2024\\\/04\\\/glukosamiin-msm-kondroitiin-fit360.ee-1.png\",\"width\":450,\"height\":450,\"caption\":\"gl\u00fckosamiin + msm + kondroitiin - fit360.ee\"},{\"@type\":\"BreadcrumbList\",\"@id\":\"https:\\\/\\\/fit360.ee\\\/en\\\/pood\\\/product-groups\\\/superfoods-health-foods-en\\\/glucosamine-en\\\/glukosamiin-msm-kondroitiin-150g\\\/#breadcrumb\",\"itemListElement\":[{\"@type\":\"ListItem\",\"position\":1,\"name\":\"Home\",\"item\":\"https:\\\/\\\/fit360.ee\\\/en\\\/\"},{\"@type\":\"ListItem\",\"position\":2,\"name\":\"Shop\",\"item\":\"https:\\\/\\\/fit360.ee\\\/en\\\/shop\\\/\"},{\"@type\":\"ListItem\",\"position\":3,\"name\":\"Gl\u00fckosamiin + MSM + Kondroitiin (150g)\"}]},{\"@type\":\"WebSite\",\"@id\":\"https:\\\/\\\/fit360.ee\\\/en\\\/#website\",\"url\":\"https:\\\/\\\/fit360.ee\\\/en\\\/\",\"name\":\"Fit360\",\"description\":\"\",\"publisher\":{\"@id\":\"https:\\\/\\\/fit360.ee\\\/en\\\/#organization\"},\"potentialAction\":[{\"@type\":\"SearchAction\",\"target\":{\"@type\":\"EntryPoint\",\"urlTemplate\":\"https:\\\/\\\/fit360.ee\\\/en\\\/?s={search_term_string}\"},\"query-input\":{\"@type\":\"PropertyValueSpecification\",\"valueRequired\":true,\"valueName\":\"search_term_string\"}}],\"inLanguage\":\"en-US\"},{\"@type\":\"Organization\",\"@id\":\"https:\\\/\\\/fit360.ee\\\/en\\\/#organization\",\"name\":\"Fit360\",\"url\":\"https:\\\/\\\/fit360.ee\\\/en\\\/\",\"logo\":{\"@type\":\"ImageObject\",\"inLanguage\":\"en-US\",\"@id\":\"https:\\\/\\\/fit360.ee\\\/en\\\/#\\\/schema\\\/logo\\\/image\\\/\",\"url\":\"https:\\\/\\\/fit360.ee\\\/wp-content\\\/uploads\\\/2017\\\/01\\\/logo-fit360.png\",\"contentUrl\":\"https:\\\/\\\/fit360.ee\\\/wp-content\\\/uploads\\\/2017\\\/01\\\/logo-fit360.png\",\"width\":180,\"height\":66,\"caption\":\"Fit360\"},\"image\":{\"@id\":\"https:\\\/\\\/fit360.ee\\\/en\\\/#\\\/schema\\\/logo\\\/image\\\/\"}}]}<\/script>\n<!-- \/ Yoast SEO plugin. -->","yoast_head_json":{"title":"Gl\u00fckosamiin + MSM + Kondroitiin (150g) - Tugevamad Liigesed - Fit360","description":"Gl\u00fckosamiin + MSM + Kondroitiin on kvaliteetne toidulisand, mis on gl\u00fckoosamiini, kondroitiini, MSM-i, aga ka h\u00fcaluroonhappe ja C-vitamiini allikas.","robots":{"index":"index","follow":"follow","max-snippet":"max-snippet:-1","max-image-preview":"max-image-preview:large","max-video-preview":"max-video-preview:-1"},"canonical":"https:\/\/fit360.ee\/en\/pood\/product-groups\/superfoods-health-foods-en\/glucosamine-en\/glukosamiin-msm-kondroitiin-150g\/","og_locale":"en_US","og_type":"article","og_title":"Gl\u00fckosamiin + MSM + Kondroitiin (150g) - Tugevamad Liigesed - Fit360","og_description":"Gl\u00fckosamiin + MSM + Kondroitiin on kvaliteetne toidulisand, mis on gl\u00fckoosamiini, kondroitiini, MSM-i, aga ka h\u00fcaluroonhappe ja C-vitamiini allikas.","og_url":"https:\/\/fit360.ee\/en\/pood\/product-groups\/superfoods-health-foods-en\/glucosamine-en\/glukosamiin-msm-kondroitiin-150g\/","og_site_name":"Fit360","article_modified_time":"2026-04-11T10:42:11+00:00","og_image":[{"width":450,"height":450,"url":"https:\/\/fit360.ee\/wp-content\/uploads\/2024\/04\/glukosamiin-msm-kondroitiin-fit360.ee-1.png","type":"image\/png"}],"twitter_card":"summary_large_image","twitter_misc":{"Est. reading time":"3 minutes"},"schema":{"@context":"https:\/\/schema.org","@graph":[{"@type":"WebPage","@id":"https:\/\/fit360.ee\/en\/pood\/product-groups\/superfoods-health-foods-en\/glucosamine-en\/glukosamiin-msm-kondroitiin-150g\/","url":"https:\/\/fit360.ee\/en\/pood\/product-groups\/superfoods-health-foods-en\/glucosamine-en\/glukosamiin-msm-kondroitiin-150g\/","name":"Gl\u00fckosamiin + MSM + Kondroitiin (150g) - Tugevamad Liigesed - Fit360","isPartOf":{"@id":"https:\/\/fit360.ee\/en\/#website"},"primaryImageOfPage":{"@id":"https:\/\/fit360.ee\/en\/pood\/product-groups\/superfoods-health-foods-en\/glucosamine-en\/glukosamiin-msm-kondroitiin-150g\/#primaryimage"},"image":{"@id":"https:\/\/fit360.ee\/en\/pood\/product-groups\/superfoods-health-foods-en\/glucosamine-en\/glukosamiin-msm-kondroitiin-150g\/#primaryimage"},"thumbnailUrl":"https:\/\/fit360.ee\/wp-content\/uploads\/2024\/04\/glukosamiin-msm-kondroitiin-fit360.ee-1.png","datePublished":"2024-04-03T10:28:21+00:00","dateModified":"2026-04-11T10:42:11+00:00","description":"Gl\u00fckosamiin + MSM + Kondroitiin on kvaliteetne toidulisand, mis on gl\u00fckoosamiini, kondroitiini, MSM-i, aga ka h\u00fcaluroonhappe ja C-vitamiini allikas.","breadcrumb":{"@id":"https:\/\/fit360.ee\/en\/pood\/product-groups\/superfoods-health-foods-en\/glucosamine-en\/glukosamiin-msm-kondroitiin-150g\/#breadcrumb"},"inLanguage":"en-US","potentialAction":[{"@type":"ReadAction","target":["https:\/\/fit360.ee\/en\/pood\/product-groups\/superfoods-health-foods-en\/glucosamine-en\/glukosamiin-msm-kondroitiin-150g\/"]}]},{"@type":"ImageObject","inLanguage":"en-US","@id":"https:\/\/fit360.ee\/en\/pood\/product-groups\/superfoods-health-foods-en\/glucosamine-en\/glukosamiin-msm-kondroitiin-150g\/#primaryimage","url":"https:\/\/fit360.ee\/wp-content\/uploads\/2024\/04\/glukosamiin-msm-kondroitiin-fit360.ee-1.png","contentUrl":"https:\/\/fit360.ee\/wp-content\/uploads\/2024\/04\/glukosamiin-msm-kondroitiin-fit360.ee-1.png","width":450,"height":450,"caption":"gl\u00fckosamiin + msm + kondroitiin - fit360.ee"},{"@type":"BreadcrumbList","@id":"https:\/\/fit360.ee\/en\/pood\/product-groups\/superfoods-health-foods-en\/glucosamine-en\/glukosamiin-msm-kondroitiin-150g\/#breadcrumb","itemListElement":[{"@type":"ListItem","position":1,"name":"Home","item":"https:\/\/fit360.ee\/en\/"},{"@type":"ListItem","position":2,"name":"Shop","item":"https:\/\/fit360.ee\/en\/shop\/"},{"@type":"ListItem","position":3,"name":"Gl\u00fckosamiin + MSM + Kondroitiin (150g)"}]},{"@type":"WebSite","@id":"https:\/\/fit360.ee\/en\/#website","url":"https:\/\/fit360.ee\/en\/","name":"Fit360","description":"","publisher":{"@id":"https:\/\/fit360.ee\/en\/#organization"},"potentialAction":[{"@type":"SearchAction","target":{"@type":"EntryPoint","urlTemplate":"https:\/\/fit360.ee\/en\/?s={search_term_string}"},"query-input":{"@type":"PropertyValueSpecification","valueRequired":true,"valueName":"search_term_string"}}],"inLanguage":"en-US"},{"@type":"Organization","@id":"https:\/\/fit360.ee\/en\/#organization","name":"Fit360","url":"https:\/\/fit360.ee\/en\/","logo":{"@type":"ImageObject","inLanguage":"en-US","@id":"https:\/\/fit360.ee\/en\/#\/schema\/logo\/image\/","url":"https:\/\/fit360.ee\/wp-content\/uploads\/2017\/01\/logo-fit360.png","contentUrl":"https:\/\/fit360.ee\/wp-content\/uploads\/2017\/01\/logo-fit360.png","width":180,"height":66,"caption":"Fit360"},"image":{"@id":"https:\/\/fit360.ee\/en\/#\/schema\/logo\/image\/"}}]}},"_links":{"self":[{"href":"https:\/\/fit360.ee\/en\/wp-json\/wp\/v2\/product\/78617","targetHints":{"allow":["GET"]}}],"collection":[{"href":"https:\/\/fit360.ee\/en\/wp-json\/wp\/v2\/product"}],"about":[{"href":"https:\/\/fit360.ee\/en\/wp-json\/wp\/v2\/types\/product"}],"replies":[{"embeddable":true,"href":"https:\/\/fit360.ee\/en\/wp-json\/wp\/v2\/comments?post=78617"}],"wp:featuredmedia":[{"embeddable":true,"href":"https:\/\/fit360.ee\/en\/wp-json\/wp\/v2\/media\/78612"}],"wp:attachment":[{"href":"https:\/\/fit360.ee\/en\/wp-json\/wp\/v2\/media?parent=78617"}],"wp:term":[{"taxonomy":"product_brand","embeddable":true,"href":"https:\/\/fit360.ee\/en\/wp-json\/wp\/v2\/product_brand?post=78617"},{"taxonomy":"product_cat","embeddable":true,"href":"https:\/\/fit360.ee\/en\/wp-json\/wp\/v2\/product_cat?post=78617"},{"taxonomy":"product_tag","embeddable":true,"href":"https:\/\/fit360.ee\/en\/wp-json\/wp\/v2\/product_tag?post=78617"},{"taxonomy":"giftcard-category","embeddable":true,"href":"https:\/\/fit360.ee\/en\/wp-json\/wp\/v2\/giftcard-category?post=78617"}],"curies":[{"name":"wp","href":"https:\/\/api.w.org\/{rel}","templated":true}]}}