{"id":78649,"date":"2024-04-04T09:49:50","date_gmt":"2024-04-04T07:49:50","guid":{"rendered":"https:\/\/fit360.ee\/pood\/uncategorized\/creametto-350g\/"},"modified":"2025-11-08T21:27:20","modified_gmt":"2025-11-08T19:27:20","slug":"creametto-350g","status":"publish","type":"product","link":"https:\/\/fit360.ee\/en\/pood\/product-groups\/essential-fats-en\/creametto-350g\/","title":{"rendered":"Creametto (350g)"},"content":{"rendered":"<h2><strong>Creametto<\/strong><\/h2>\n<p>OstroVit Creametto 350g on naturaalne kreem, mis on saadaval kuues maitsvas maitses. Kreem ei sisalda lisasuhkrut ja palmi\u00f5li, t\u00e4nu millele on see ideaalne vahepala, mida saad kaasa haarata igal kellaajal!<\/p>\n<p><a href=\"https:\/\/fit360.ee\/wp-content\/uploads\/2024\/04\/ostrovit-creametto-fit360.ee_-800x312.jpg\"><img loading=\"lazy\" decoding=\"async\" class=\"size-medium wp-image-78643\" src=\"https:\/\/fit360.ee\/wp-content\/uploads\/2024\/04\/ostrovit-creametto-fit360.ee_-800x312.jpg\" alt=\"ostrovit creametto - fit360.ee\" width=\"800\" height=\"312\" srcset=\"https:\/\/fit360.ee\/wp-content\/uploads\/2024\/04\/ostrovit-creametto-fit360.ee_-800x312.jpg 800w, https:\/\/fit360.ee\/wp-content\/uploads\/2024\/04\/ostrovit-creametto-fit360.ee_-510x199.jpg 510w, https:\/\/fit360.ee\/wp-content\/uploads\/2024\/04\/ostrovit-creametto-fit360.ee_-768x300.jpg 768w, https:\/\/fit360.ee\/wp-content\/uploads\/2024\/04\/ostrovit-creametto-fit360.ee_.jpg 922w\" sizes=\"auto, (max-width: 800px) 100vw, 800px\" \/><\/a><\/p>\n<p>&nbsp;<\/p>\n<section class=\"cm__section\">\n<ul class=\"cm__list\">\n<li>350g maitsvat kreemi<\/li>\n<li>Ei sisalda kunstlikke v\u00e4rvaineid<\/li>\n<li>Ainult looduslikud suhkrud<\/li>\n<li>Ei mingit palmi\u00f5li.<\/li>\n<\/ul>\n<h4 class=\"cm__heading\"><strong>Maltitooliga magustatud maitsev kreem<\/strong><\/h4>\n<p class=\"cm__text\">OstroVit Creametto 350 g on ideaalne valik neile, kes armastavad magusat, kuid\u00a0<strong>soovivad ka v\u00e4ltida nende tarbimise negatiivseid tagaj\u00e4rgi<\/strong>\u00a0. OstroVit Creametto 350 g koostisainete hulgast leiate muu hulgas\u00a0<strong><a href=\"https:\/\/fit360.ee\/tootekategooria\/tootegrupid\/kasulikud-rasvhapped\/\">tervislikke taimseid rasvu<\/a> ja\u00a0<a href=\"https:\/\/fit360.ee\/tootekategooria\/tootegrupid\/energiasusivesikud\/\">s\u00fcsivesikuid<\/a><\/strong>\u00a0, magusaine on aga\u00a0<strong>maltitool<\/strong>\u00a0, mis on pool suhkru k\u00fcttev\u00e4\u00e4rtusest ja mida iseloomustab madal gl\u00fckeemiline indeks.<\/p>\n<h4 class=\"cm__heading\"><strong>Sobib suurep\u00e4raselt pannkookide ja magustoitude k\u00f5rvale<\/strong><\/h4>\n<p class=\"cm__text\">Saate toodet k\u00e4sitleda kui\u00a0<strong>m\u00f5istlikku alternatiivi populaarsetele kreemidele<\/strong>\u00a0, mille koostis j\u00e4tab palju soovida. OstroVit Creametto 350 g saab kindlasti kasutada\u00a0<strong>maitsva lisandina pannkookidele, kookidele, saiadele ja erinevatele magustoitudele,<\/strong>\u00a0kui ainsaks piiranguks on fantaasia!<\/p>\n<p class=\"cm__heading\"><strong>Omadused<\/strong>:<\/p>\n<ul class=\"cm__list\">\n<li>taimsete rasvade allikas<\/li>\n<li>v\u00e4\u00e4rtuslik s\u00fcsivesikute allikas<\/li>\n<li>sobib suurep\u00e4raselt pannkookide, kookide, leiva, riisivahvlite ja magustoitudega<\/li>\n<li>tervislik alternatiiv populaarsetele kreemidele<\/li>\n<li>maltitooliga magustatud toode, 50% madalam kalorsusega kui suhkur<\/li>\n<\/ul>\n<\/section>\n<section class=\"cm__section\">\n<div class=\"cm__heading\"><strong>Laboratoorselt kinnitatud kvaliteet<\/strong><\/div>\n<p class=\"cm__text --bold\">Klientide tervise huvides testitakse meie toodetud tooteid regulaarselt s\u00f5ltumatus akrediteeritud laboris, et tagada ja s\u00e4ilitada k\u00f5rgeim kvaliteet.<\/p>\n<p><strong>Koostisosad*<\/strong>: Magusained (maltitool, stevioolgl\u00fckosiidid), taimsed rasvad (shea, rapsiseemned), t\u00e4ispiimapulber\u00a0<strong>10<\/strong>\u00a0%,\u00a0<strong>sarapuup\u00e4hklid<\/strong>\u00a05%, rasvasisaldusega kakaopulber 2,4%, maisit\u00e4rklis,\u00a0<strong>l\u00f5ssipulber<\/strong>\u00a00,6%, emulgaator (p\u00e4evalille letsitiin), vadak pulber (\u00a0<strong>piimast<\/strong>\u00a0), l\u00f5hna- ja maitseained.<\/p>\n<p>Toode v\u00f5ib sisaldada muid p\u00e4hkleid, soja, gluteeni sisaldavaid teravilju.<\/p>\n<p><strong>*-t\u00f5lgitud on piima-sarapuup\u00e4hkli segu ehk Duo maitse. Teiste maitsete koostisosade saamiseks kirjuta: info@fit360.ee\u00a0<\/strong><\/p>\n<p><strong>Kasutamine<\/strong>: Tarbi vastavalt oma vajadustele.<\/p>\n<p><strong>Suurus<\/strong>: 350g<\/p>\n<section class=\"projector__description--nutritional row\" data-selector=\".--nutritional\">\n<div class=\"col-12 col-md-10 col-lg-8\">\n<div class=\"--nutrit\">\n<div class=\"nutrition_table_wrapper\">\n<div class=\"table_wrapper\">\n<table>\n<tbody>\n<tr>\n<th>Toitev\u00e4\u00e4rtused*<\/th>\n<th>100 g kohta<\/th>\n<\/tr>\n<tr>\n<td>Energia<\/td>\n<td>2100 kJ \/ 508 kcal<\/td>\n<\/tr>\n<tr>\n<td>Paks<\/td>\n<td>39 g<\/td>\n<\/tr>\n<tr class=\"sub\">\n<td>&#8211; millest k\u00fcllastunud rasvhapped<\/td>\n<td>12 g<\/td>\n<\/tr>\n<tr>\n<td>S\u00fcsivesikud<\/td>\n<td>52 g<\/td>\n<\/tr>\n<tr class=\"sub\">\n<td>&#8211; millest suhkrud<\/td>\n<td>4,9 g<\/td>\n<\/tr>\n<tr class=\"sub\">\n<td>&#8211; sealhulgas mitmeh\u00fcdroks\u00fc\u00fclsed alkoholid (pol\u00fcoolid)<\/td>\n<td>46 g<\/td>\n<\/tr>\n<tr>\n<td>Valk<\/td>\n<td>4,5 g<\/td>\n<\/tr>\n<tr>\n<td>soola<\/td>\n<td>0,11 g<\/td>\n<\/tr>\n<\/tbody>\n<\/table>\n<p><strong>*-t\u00f5lgitud on piima-sarapuup\u00e4hkli segu ehk Duo maitse. Teiste maitsete koostisosade saamiseks kirjuta: info@fit360.ee\u00a0<\/strong><\/p>\n<p><span style=\"color: #333333; font-size: 14.4px;\">Vaata ka meie Teisi P\u00e4hkliv\u00f5isid <\/span><a style=\"font-size: 14.4px;\" href=\"https:\/\/fit360.ee\/tootekategooria\/tootegrupid\/pahklivoid\/\"><strong>SIIT<\/strong><\/a><span style=\"color: #333333; font-size: 14.4px;\">!<\/span><\/p>\n<p>Soovid kaupa osta suuremas koguses? Vaata antud toodet ka meie HULGI poest\u00a0<a href=\"https:\/\/toidulisandidhulgi.ee\/tooted\/creametto-350g\/\"><strong>SIIT<\/strong><\/a>!<\/p>\n<\/div>\n<\/div>\n<\/div>\n<\/div>\n<\/section>\n<\/section>\n","protected":false},"excerpt":{"rendered":"<ul class=\"cm__list\">\n<li>350g maitsvat kreemi<\/li>\n<li>Ei sisalda kunstlikke v\u00e4rvaineid<\/li>\n<li>Ainult looduslikud suhkrud<\/li>\n<li>Ei mingit palmi\u00f5li<\/li>\n<li>taimsete rasvade allikas,<\/li>\n<li>v\u00e4\u00e4rtuslik s\u00fcsivesikute allikas,<\/li>\n<li>sobib suurep\u00e4raselt pannkookide, kookide, leiva, riisivahvlite ja magustoitudega,<\/li>\n<li>tervislik alternatiiv populaarsetele kreemidele,<\/li>\n<li>maltitooliga magustatud toode, 50% madalam kalorsusega kui suhkur.<\/li>\n<\/ul>\n","protected":false},"featured_media":78646,"comment_status":"closed","ping_status":"closed","template":"","meta":[],"product_brand":[],"product_cat":[525,1329,529,534],"product_tag":[4820,1924,4821],"giftcard-category":[],"class_list":{"0":"post-78649","1":"product","2":"type-product","3":"status-publish","4":"has-post-thumbnail","6":"product_cat-essential-fats-en","7":"product_cat-ostrovit-en","8":"product_cat-peanut-butters-en","9":"product_cat-protein-bars-and-snacks","10":"product_tag-creametto-en","11":"product_tag-ostrovit-en","12":"product_tag-pahklikreem-en","13":"pa_maitse-chocolate","14":"pa_maitse-piima-sarapuupahkli-duo-en","15":"pa_maitse-sarapuupahkel-en","16":"pa_maitse-soolakaramell-en","17":"pa_maitse-white-chocolate-en","19":"first","20":"instock","21":"sale","22":"taxable","23":"shipping-taxable","24":"purchasable","25":"product-type-variable"},"yoast_head":"<!-- This site is optimized with the Yoast SEO plugin v27.3 - https:\/\/yoast.com\/product\/yoast-seo-wordpress\/ -->\n<title>Creametto (350g) - \u00dclimaitsev P\u00e4hklikreem - Tervislik - Kiire Tarne - Fit360<\/title>\n<meta name=\"description\" content=\"Creametto 350g on naturaalne kreem, mis on saadaval kuues maitsvas maitses. Kreem ei sisalda lisasuhkrut ja palmi\u00f5li, t\u00e4nu millele on see ideaalne vahepala.\" \/>\n<meta name=\"robots\" content=\"index, follow, max-snippet:-1, max-image-preview:large, max-video-preview:-1\" \/>\n<link rel=\"canonical\" href=\"https:\/\/fit360.ee\/en\/pood\/product-groups\/essential-fats-en\/creametto-350g\/\" \/>\n<meta property=\"og:locale\" content=\"en_US\" \/>\n<meta property=\"og:type\" content=\"article\" \/>\n<meta property=\"og:title\" content=\"Creametto (350g) - \u00dclimaitsev P\u00e4hklikreem - Tervislik - Kiire Tarne - Fit360\" \/>\n<meta property=\"og:description\" content=\"Creametto 350g on naturaalne kreem, mis on saadaval kuues maitsvas maitses. Kreem ei sisalda lisasuhkrut ja palmi\u00f5li, t\u00e4nu millele on see ideaalne vahepala.\" \/>\n<meta property=\"og:url\" content=\"https:\/\/fit360.ee\/en\/pood\/product-groups\/essential-fats-en\/creametto-350g\/\" \/>\n<meta property=\"og:site_name\" content=\"Fit360\" \/>\n<meta property=\"article:modified_time\" content=\"2025-11-08T19:27:20+00:00\" \/>\n<meta property=\"og:image\" content=\"https:\/\/fit360.ee\/wp-content\/uploads\/2024\/04\/creametto-fit360.ee-1.png\" \/>\n\t<meta property=\"og:image:width\" content=\"450\" \/>\n\t<meta property=\"og:image:height\" content=\"450\" \/>\n\t<meta property=\"og:image:type\" content=\"image\/png\" \/>\n<meta name=\"twitter:card\" content=\"summary_large_image\" \/>\n<meta name=\"twitter:label1\" content=\"Est. reading time\" \/>\n\t<meta name=\"twitter:data1\" content=\"3 minutes\" \/>\n<script type=\"application\/ld+json\" class=\"yoast-schema-graph\">{\"@context\":\"https:\\\/\\\/schema.org\",\"@graph\":[{\"@type\":\"WebPage\",\"@id\":\"https:\\\/\\\/fit360.ee\\\/en\\\/pood\\\/product-groups\\\/essential-fats-en\\\/creametto-350g\\\/\",\"url\":\"https:\\\/\\\/fit360.ee\\\/en\\\/pood\\\/product-groups\\\/essential-fats-en\\\/creametto-350g\\\/\",\"name\":\"Creametto (350g) - \u00dclimaitsev P\u00e4hklikreem - Tervislik - Kiire Tarne - Fit360\",\"isPartOf\":{\"@id\":\"https:\\\/\\\/fit360.ee\\\/en\\\/#website\"},\"primaryImageOfPage\":{\"@id\":\"https:\\\/\\\/fit360.ee\\\/en\\\/pood\\\/product-groups\\\/essential-fats-en\\\/creametto-350g\\\/#primaryimage\"},\"image\":{\"@id\":\"https:\\\/\\\/fit360.ee\\\/en\\\/pood\\\/product-groups\\\/essential-fats-en\\\/creametto-350g\\\/#primaryimage\"},\"thumbnailUrl\":\"https:\\\/\\\/fit360.ee\\\/wp-content\\\/uploads\\\/2024\\\/04\\\/creametto-fit360.ee-1.png\",\"datePublished\":\"2024-04-04T07:49:50+00:00\",\"dateModified\":\"2025-11-08T19:27:20+00:00\",\"description\":\"Creametto 350g on naturaalne kreem, mis on saadaval kuues maitsvas maitses. Kreem ei sisalda lisasuhkrut ja palmi\u00f5li, t\u00e4nu millele on see ideaalne vahepala.\",\"breadcrumb\":{\"@id\":\"https:\\\/\\\/fit360.ee\\\/en\\\/pood\\\/product-groups\\\/essential-fats-en\\\/creametto-350g\\\/#breadcrumb\"},\"inLanguage\":\"en-US\",\"potentialAction\":[{\"@type\":\"ReadAction\",\"target\":[\"https:\\\/\\\/fit360.ee\\\/en\\\/pood\\\/product-groups\\\/essential-fats-en\\\/creametto-350g\\\/\"]}]},{\"@type\":\"ImageObject\",\"inLanguage\":\"en-US\",\"@id\":\"https:\\\/\\\/fit360.ee\\\/en\\\/pood\\\/product-groups\\\/essential-fats-en\\\/creametto-350g\\\/#primaryimage\",\"url\":\"https:\\\/\\\/fit360.ee\\\/wp-content\\\/uploads\\\/2024\\\/04\\\/creametto-fit360.ee-1.png\",\"contentUrl\":\"https:\\\/\\\/fit360.ee\\\/wp-content\\\/uploads\\\/2024\\\/04\\\/creametto-fit360.ee-1.png\",\"width\":450,\"height\":450,\"caption\":\"creametto - fit360.ee\"},{\"@type\":\"BreadcrumbList\",\"@id\":\"https:\\\/\\\/fit360.ee\\\/en\\\/pood\\\/product-groups\\\/essential-fats-en\\\/creametto-350g\\\/#breadcrumb\",\"itemListElement\":[{\"@type\":\"ListItem\",\"position\":1,\"name\":\"Home\",\"item\":\"https:\\\/\\\/fit360.ee\\\/en\\\/\"},{\"@type\":\"ListItem\",\"position\":2,\"name\":\"Shop\",\"item\":\"https:\\\/\\\/fit360.ee\\\/en\\\/shop\\\/\"},{\"@type\":\"ListItem\",\"position\":3,\"name\":\"Creametto (350g)\"}]},{\"@type\":\"WebSite\",\"@id\":\"https:\\\/\\\/fit360.ee\\\/en\\\/#website\",\"url\":\"https:\\\/\\\/fit360.ee\\\/en\\\/\",\"name\":\"Fit360\",\"description\":\"\",\"publisher\":{\"@id\":\"https:\\\/\\\/fit360.ee\\\/en\\\/#organization\"},\"potentialAction\":[{\"@type\":\"SearchAction\",\"target\":{\"@type\":\"EntryPoint\",\"urlTemplate\":\"https:\\\/\\\/fit360.ee\\\/en\\\/?s={search_term_string}\"},\"query-input\":{\"@type\":\"PropertyValueSpecification\",\"valueRequired\":true,\"valueName\":\"search_term_string\"}}],\"inLanguage\":\"en-US\"},{\"@type\":\"Organization\",\"@id\":\"https:\\\/\\\/fit360.ee\\\/en\\\/#organization\",\"name\":\"Fit360\",\"url\":\"https:\\\/\\\/fit360.ee\\\/en\\\/\",\"logo\":{\"@type\":\"ImageObject\",\"inLanguage\":\"en-US\",\"@id\":\"https:\\\/\\\/fit360.ee\\\/en\\\/#\\\/schema\\\/logo\\\/image\\\/\",\"url\":\"https:\\\/\\\/fit360.ee\\\/wp-content\\\/uploads\\\/2017\\\/01\\\/logo-fit360.png\",\"contentUrl\":\"https:\\\/\\\/fit360.ee\\\/wp-content\\\/uploads\\\/2017\\\/01\\\/logo-fit360.png\",\"width\":180,\"height\":66,\"caption\":\"Fit360\"},\"image\":{\"@id\":\"https:\\\/\\\/fit360.ee\\\/en\\\/#\\\/schema\\\/logo\\\/image\\\/\"}}]}<\/script>\n<!-- \/ Yoast SEO plugin. -->","yoast_head_json":{"title":"Creametto (350g) - \u00dclimaitsev P\u00e4hklikreem - Tervislik - Kiire Tarne - Fit360","description":"Creametto 350g on naturaalne kreem, mis on saadaval kuues maitsvas maitses. Kreem ei sisalda lisasuhkrut ja palmi\u00f5li, t\u00e4nu millele on see ideaalne vahepala.","robots":{"index":"index","follow":"follow","max-snippet":"max-snippet:-1","max-image-preview":"max-image-preview:large","max-video-preview":"max-video-preview:-1"},"canonical":"https:\/\/fit360.ee\/en\/pood\/product-groups\/essential-fats-en\/creametto-350g\/","og_locale":"en_US","og_type":"article","og_title":"Creametto (350g) - \u00dclimaitsev P\u00e4hklikreem - Tervislik - Kiire Tarne - Fit360","og_description":"Creametto 350g on naturaalne kreem, mis on saadaval kuues maitsvas maitses. Kreem ei sisalda lisasuhkrut ja palmi\u00f5li, t\u00e4nu millele on see ideaalne vahepala.","og_url":"https:\/\/fit360.ee\/en\/pood\/product-groups\/essential-fats-en\/creametto-350g\/","og_site_name":"Fit360","article_modified_time":"2025-11-08T19:27:20+00:00","og_image":[{"width":450,"height":450,"url":"https:\/\/fit360.ee\/wp-content\/uploads\/2024\/04\/creametto-fit360.ee-1.png","type":"image\/png"}],"twitter_card":"summary_large_image","twitter_misc":{"Est. reading time":"3 minutes"},"schema":{"@context":"https:\/\/schema.org","@graph":[{"@type":"WebPage","@id":"https:\/\/fit360.ee\/en\/pood\/product-groups\/essential-fats-en\/creametto-350g\/","url":"https:\/\/fit360.ee\/en\/pood\/product-groups\/essential-fats-en\/creametto-350g\/","name":"Creametto (350g) - \u00dclimaitsev P\u00e4hklikreem - Tervislik - Kiire Tarne - Fit360","isPartOf":{"@id":"https:\/\/fit360.ee\/en\/#website"},"primaryImageOfPage":{"@id":"https:\/\/fit360.ee\/en\/pood\/product-groups\/essential-fats-en\/creametto-350g\/#primaryimage"},"image":{"@id":"https:\/\/fit360.ee\/en\/pood\/product-groups\/essential-fats-en\/creametto-350g\/#primaryimage"},"thumbnailUrl":"https:\/\/fit360.ee\/wp-content\/uploads\/2024\/04\/creametto-fit360.ee-1.png","datePublished":"2024-04-04T07:49:50+00:00","dateModified":"2025-11-08T19:27:20+00:00","description":"Creametto 350g on naturaalne kreem, mis on saadaval kuues maitsvas maitses. Kreem ei sisalda lisasuhkrut ja palmi\u00f5li, t\u00e4nu millele on see ideaalne vahepala.","breadcrumb":{"@id":"https:\/\/fit360.ee\/en\/pood\/product-groups\/essential-fats-en\/creametto-350g\/#breadcrumb"},"inLanguage":"en-US","potentialAction":[{"@type":"ReadAction","target":["https:\/\/fit360.ee\/en\/pood\/product-groups\/essential-fats-en\/creametto-350g\/"]}]},{"@type":"ImageObject","inLanguage":"en-US","@id":"https:\/\/fit360.ee\/en\/pood\/product-groups\/essential-fats-en\/creametto-350g\/#primaryimage","url":"https:\/\/fit360.ee\/wp-content\/uploads\/2024\/04\/creametto-fit360.ee-1.png","contentUrl":"https:\/\/fit360.ee\/wp-content\/uploads\/2024\/04\/creametto-fit360.ee-1.png","width":450,"height":450,"caption":"creametto - fit360.ee"},{"@type":"BreadcrumbList","@id":"https:\/\/fit360.ee\/en\/pood\/product-groups\/essential-fats-en\/creametto-350g\/#breadcrumb","itemListElement":[{"@type":"ListItem","position":1,"name":"Home","item":"https:\/\/fit360.ee\/en\/"},{"@type":"ListItem","position":2,"name":"Shop","item":"https:\/\/fit360.ee\/en\/shop\/"},{"@type":"ListItem","position":3,"name":"Creametto (350g)"}]},{"@type":"WebSite","@id":"https:\/\/fit360.ee\/en\/#website","url":"https:\/\/fit360.ee\/en\/","name":"Fit360","description":"","publisher":{"@id":"https:\/\/fit360.ee\/en\/#organization"},"potentialAction":[{"@type":"SearchAction","target":{"@type":"EntryPoint","urlTemplate":"https:\/\/fit360.ee\/en\/?s={search_term_string}"},"query-input":{"@type":"PropertyValueSpecification","valueRequired":true,"valueName":"search_term_string"}}],"inLanguage":"en-US"},{"@type":"Organization","@id":"https:\/\/fit360.ee\/en\/#organization","name":"Fit360","url":"https:\/\/fit360.ee\/en\/","logo":{"@type":"ImageObject","inLanguage":"en-US","@id":"https:\/\/fit360.ee\/en\/#\/schema\/logo\/image\/","url":"https:\/\/fit360.ee\/wp-content\/uploads\/2017\/01\/logo-fit360.png","contentUrl":"https:\/\/fit360.ee\/wp-content\/uploads\/2017\/01\/logo-fit360.png","width":180,"height":66,"caption":"Fit360"},"image":{"@id":"https:\/\/fit360.ee\/en\/#\/schema\/logo\/image\/"}}]}},"_links":{"self":[{"href":"https:\/\/fit360.ee\/en\/wp-json\/wp\/v2\/product\/78649","targetHints":{"allow":["GET"]}}],"collection":[{"href":"https:\/\/fit360.ee\/en\/wp-json\/wp\/v2\/product"}],"about":[{"href":"https:\/\/fit360.ee\/en\/wp-json\/wp\/v2\/types\/product"}],"replies":[{"embeddable":true,"href":"https:\/\/fit360.ee\/en\/wp-json\/wp\/v2\/comments?post=78649"}],"wp:featuredmedia":[{"embeddable":true,"href":"https:\/\/fit360.ee\/en\/wp-json\/wp\/v2\/media\/78646"}],"wp:attachment":[{"href":"https:\/\/fit360.ee\/en\/wp-json\/wp\/v2\/media?parent=78649"}],"wp:term":[{"taxonomy":"product_brand","embeddable":true,"href":"https:\/\/fit360.ee\/en\/wp-json\/wp\/v2\/product_brand?post=78649"},{"taxonomy":"product_cat","embeddable":true,"href":"https:\/\/fit360.ee\/en\/wp-json\/wp\/v2\/product_cat?post=78649"},{"taxonomy":"product_tag","embeddable":true,"href":"https:\/\/fit360.ee\/en\/wp-json\/wp\/v2\/product_tag?post=78649"},{"taxonomy":"giftcard-category","embeddable":true,"href":"https:\/\/fit360.ee\/en\/wp-json\/wp\/v2\/giftcard-category?post=78649"}],"curies":[{"name":"wp","href":"https:\/\/api.w.org\/{rel}","templated":true}]}}