{"id":78932,"date":"2024-04-16T10:34:28","date_gmt":"2024-04-16T08:34:28","guid":{"rendered":"https:\/\/fit360.ee\/pood\/uncategorized\/n-o-booster-extreme-80-caps\/"},"modified":"2025-08-19T08:51:50","modified_gmt":"2025-08-19T06:51:50","slug":"n-o-booster-extreme-80-caps","status":"publish","type":"product","link":"https:\/\/fit360.ee\/en\/pood\/product-groups\/amino-acids-bcaa\/l-arginine-en\/n-o-booster-extreme-80-caps\/","title":{"rendered":"N.O. Booster Extreme (80caps)"},"content":{"rendered":"<h2><strong>N.O. Booster<\/strong><\/h2>\n<p>OstroVit N.O. Booster Extreme on kvaliteetne toidulisand, mis on kuni 8 erineva toimeaine allikaks &#8211; Tootest leiate L-arginiini alfa-ketoglutaraati, tsitrulliinmalaati v\u00f5i peedijuure ekstrakti. Tegemist on kergesti neelatavate kapslite kujul saadava preparaadiga, mis on loodud sportlastele ja aktiivse elustiiliga inimestele.<\/p>\n<section class=\"cm__section\">\n<ul class=\"cm__list\">\n<li><strong>Sisaldab koguni 8 erinevat toimeainet<\/strong>\u00a0&#8211; \u00dcks toidulisandi portsjon annab organismile 1200 mg L-arginiini alfa-ketoglutaraati, 2200 mg tsitrulliinmalaati, 250 mg peedijuure ekstrakti, 400 mg betaiinvesinikkloriidi, 120 mg viinamarjaseemne ekstrakti, samuti 16 mg niatsiini, 2,8 mg vitamiini B6 ja 100 ug vitamiini B12.<\/li>\n<li><strong>1 portsjon = 4 kapslit.<\/strong><\/li>\n<li><strong>T\u00f5husus<\/strong>\u00a0\u2013 toote pakend sisaldab 20 portsjonit preparaati.<\/li>\n<li><strong>Mugav vorm<\/strong>\u00a0\u2013 kergesti neelatavate kapslite kujul olev preparaat tagab toidulisandi probleemideta tarnimise.<\/li>\n<\/ul>\n<h2 class=\"cm__heading\">OstroVit NO Booster Extreme \u2013 terviklik toidulisand<\/h2>\n<p><a href=\"https:\/\/fit360.ee\/tootekategooria\/tootegrupid\/aminohapped-ja-bcaa-joogipulbrid\/l-arginiin\/\"><strong>L-arginiini alfa-ketoglutaraat \u2013 AAKG<\/strong><\/a>\u00a0\u2013 orgaaniline keemiline \u00fchend, mis on kombinatsioon glutaarhappe sooladest, mis on Krebsi ts\u00fckli produkt, ja valgu aminohappest, milleks on arginiin. Nende molekulide kombineerimisel moodustub s\u00fcnergistlik \u00fchend.<\/p>\n<p><a href=\"https:\/\/fit360.ee\/tootekategooria\/tootegrupid\/aminohapped-ja-bcaa-joogipulbrid\/tsitrulliin\/\"><strong>Tsitrulliinmalaat<\/strong><\/a>\u00a0&#8211; Kombinatsioon tsitrulliinist, orgaanilisest keemilisest \u00fchendist aminohapete r\u00fchmast, mis on ornitiini derivaat, mis osaleb uurea ts\u00fcklis koos \u00f5unhappega \u00fcheks molekuliks. See on \u00fchend, mida iseloomustab k\u00f5rge keemiline stabiilsus ja suurep\u00e4rane lahustuvus.<\/p>\n<p><strong>Peediekstrakt<\/strong>\u00a0\u2013 pea kogu maailmas laialt levinud amarantide perekonda kuuluva taime juureekstrakt. See on \u00fchend, mis on vitamiinide, mineraalide ja bioaktiivsete ainete allikas.<\/p>\n<p><strong>Betaiinvesinikkloriid<\/strong>\u00a0\u2013 Betaiin on aminohape, tuntud ka kui trimet\u00fc\u00fclgl\u00fctsiin. See on orgaaniline keemiline \u00fchend, mis s\u00fcnteesitakse osaliselt inimkehas, kuid seda tuleks organismi varustada ka v\u00e4ljastpoolt \u2013 betaiini allikateks on peet, aga ka spinat ja teravili. Koos vesinikkloriidhappega moodustab see v\u00e4\u00e4rtusliku \u00fchendi, mida nimetatakse ka betaiin-HCl-ks ja mis paistab silma hea lahustuvuse poolest.<\/p>\n<p><strong>Viinamarjaseemne ekstrakt<\/strong>\u00a0&#8211; viinamarjade perekonnast p\u00e4rit taime seemnete ekstrakt, mis on makro- ja mikrotoitainete allikas. Seemned sisaldavad palju bioloogiliselt aktiivseid aineid ja k\u00f5ige olulisemaks toimeaineks peetakse oligomeerseid proantots\u00fcanidiine (PAC), mis on klassifitseeritud flavonoidideks. Seega kasutatakse viinamarjaseemneekstrakti tavaliselt toidulisandite koostisosana, aga ka n\u00e4o-, silma- v\u00f5i juuksehoolduseks m\u00f5eldud kosmeetika v\u00e4\u00e4rtusliku elemendina. OstroViti valmistamisel kasutatud viinamarjaseemneekstrakt on standardiseeritud 95% proantiots\u00fcaniidini, mis teeb toidulisandist suurep\u00e4rase bioloogiliselt aktiivsete \u00fchendite allika.<\/p>\n<p><strong>Niatsiin &#8211; vitamiin PP v\u00f5i B3<\/strong>\u00a0&#8211; vees lahustuv vitamiin, mis kuulub r\u00fchma B. Seda esineb peamiselt loomsetes saadustes &#8211; lihas, kalas, munas, kuid seda v\u00f5ib leida ka taimsetest toiduainetest, nagu kuivatatud kaunviljade seemned, pruun riis v\u00f5i maap\u00e4hklid. ja p\u00e4evalilleseemned.<\/p>\n<p><strong>B6-vitamiin<\/strong>\u00a0\u2013 p\u00fcridoksiin \u2013 B-vitamiinide hulka kuuluv vees lahustuv koostisosa. \u00dchendit leidub eelk\u00f5ige t\u00e4istera teraviljatoodetes, aga ka rupsis ja kuivatatud kaunviljade seemnetes.<\/p>\n<p><strong>B12-vitamiin<\/strong>\u00a0, mida nimetatakse ka kobalamiiniks v\u00f5i punaseks vitamiiniks, on orgaaniline keemiline \u00fchend, mis on klassifitseeritud vees lahustuvaks B-vitamiiniks. See on aine, mis esineb looduslikult loomsetes toodetes \u2013 \u00dchendit v\u00f5ib leida lihast, piimast, piimatoodetest, kalast ja mereandidest. Vitamiin B12 on saadaval erinevates vormides, mis erinevad imendumise ja assimilatsiooni taseme poolest. Vitamiin B12 on saadaval erinevates vormides, mis erinevad imendumisastme ja biosaadavuse poolest. OstroVit preparaadis on kasutatud met\u00fc\u00fclkobalamiini \u2013 \u00fchendit, mida iseloomustab k\u00f5rge biosaadavus ja mis on organismis kergesti omastatav.<\/p>\n<h4 class=\"cm__heading\"><strong>OstroVit N.O. Booster Extreme&#8217;is sisalduvate koostisosade omadused:<\/strong><\/h4>\n<p><strong>Niatsiin<\/strong>\u00a0aitab s\u00e4ilitada terve naha ning aitab v\u00e4hendada v\u00e4simust ja kurnatust. Lisaks toetab see limaskestade \u00f5iget seisundit ja aitab s\u00e4ilitada optimaalseid ps\u00fchholoogilisi funktsioone. See on \u00fchend, mis aitab s\u00e4ilitada \u00f5iget energiavahetust ja toetab n\u00e4rvis\u00fcsteemi n\u00f5uetekohast talitlust.<\/p>\n<p><strong>B6-vitamiin<\/strong>\u00a0, mida leidub toidulisandi koostisainete hulgas, aitab kaasa korralikule energiavahetusele ning toetab ka n\u00e4rvis\u00fcsteemi n\u00f5uetekohast talitlust. See on \u00fchend, mis aitab kaasa punaste vereliblede \u00f5igele tootmisele ning v\u00e4hendab v\u00e4simus- ja kurnatustunnet.<\/p>\n<p><strong>Vitamiin B12<\/strong>\u00a0aitab kaasa normaalsele energiavahetusele ning aitab kaasa n\u00e4rvi- ja immuuns\u00fcsteemi n\u00f5uetekohasele talitlusele. Lisaks toetab see optimaalse homots\u00fcsteiini metabolismi s\u00e4ilitamist ja normaalsete ps\u00fchholoogiliste funktsioonide s\u00e4ilimist. Samuti aitab \u00fchend v\u00e4hendada v\u00e4simust ja kurnatust ning toetab ka punaste vereliblede n\u00f5uetekohast tootmist.<\/p>\n<\/section>\n<section class=\"cm__section\">\n<h4 class=\"cm__heading\"><strong>Laboratoorselt kinnitatud kvaliteet<\/strong><\/h4>\n<p class=\"cm__text --bold\">Klientide tervise huvides testitakse meie toodetud tooteid regulaarselt s\u00f5ltumatus akrediteeritud laboris, et tagada ja s\u00e4ilitada k\u00f5rgeim kvaliteet.<\/p>\n<p><strong>Koostisosad<\/strong>: Tsitrulliinmalaat, L-arginiini alfa-ketoglutaraat, (\u017eelatiin, puhastatud vesi, betaiinvesinikkloriid, peediekstrakt (Beta vulgaris L.), viinamarjaseemne ekstrakt (Vitis vinifera L.), standardiseeritud 95% proantots\u00fcaniididest (PAC), paakumisvastane aine: rasvhapete magneesiumisoolad inositoolheksanikotinaat (niatsiin), p\u00fcridoksaal-5&#8242;-fosfaat (vitamiin B6), met\u00fc\u00fclkobalamiin (vitamiin B12);<\/p>\n<p>Toode v\u00f5ib sisaldada piima (sh laktoosi), soja, maap\u00e4hkleid, muid p\u00e4hkleid, seesamiseemneid, gluteeni sisaldavaid teravilju, mune, v\u00e4hilaadseid, kala.<\/p>\n<p><strong>Kasutamine<\/strong>: V\u00f5tke 1 portsjon (4 kapslit) p\u00e4evas.<\/p>\n<p>\u00c4rge \u00fcletage soovitatavat \u00f6\u00f6p\u00e4evast annust. Toidulisandit ei tohi kasutada mitmek\u00fclgse toitumise asendajana (asendajana). Oluline on tasakaalustatud toitumine ja tervislik eluviis. \u00c4rge tarbige, kui olete m\u00f5ne koostisosa suhtes allergiline. Enne tarbimist pidage n\u00f5u oma arsti v\u00f5i apteekriga. Toodet ei tohi kasutada lapsed, rasedad ja imetamise ajal.<\/p>\n<p><strong>Suurus<\/strong>: 80 kapslit &#8211; 20 serveeringut.<\/p>\n<table>\n<tbody>\n<tr>\n<th>Aktiivsed koostisosad<\/th>\n<th>portsjoni kohta<\/th>\n<th>% SPK*<\/th>\n<\/tr>\n<tr>\n<td>Arginiin alfa ketoglutaraat<\/td>\n<td>1200 mg<\/td>\n<td>&#8211;<\/td>\n<\/tr>\n<tr class=\"sub\">\n<td>&#8211; millest L-arginiin<\/td>\n<td>790 mg<\/td>\n<td>&#8211;<\/td>\n<\/tr>\n<tr>\n<td>Tsitrulliinmalaat<\/td>\n<td>2200 mg<\/td>\n<td>&#8211;<\/td>\n<\/tr>\n<tr class=\"sub\">\n<td>&#8211; millest l-tsitrulliin<\/td>\n<td>1430 mg<\/td>\n<td>&#8211;<\/td>\n<\/tr>\n<tr>\n<td>Punapeedi ekstrakt DER<\/td>\n<td>250 mg<\/td>\n<td>&#8211;<\/td>\n<\/tr>\n<tr>\n<td>Betaiinvesinikkloriid<\/td>\n<td>400 mg<\/td>\n<td>&#8211;<\/td>\n<\/tr>\n<tr>\n<td>Viinamarjaseemne ekstrakt<\/td>\n<td>120 mg<\/td>\n<td>&#8211;<\/td>\n<\/tr>\n<tr class=\"sub\">\n<td>&#8211; millest proantots\u00fcandiinid PAC (95%)<\/td>\n<td>114 mg<\/td>\n<td>&#8211;<\/td>\n<\/tr>\n<tr>\n<td>Niatsiin<\/td>\n<td>16 mg<\/td>\n<td>100%<\/td>\n<\/tr>\n<tr>\n<td>Vitamiin B6<\/td>\n<td>2,8 mg<\/td>\n<td>200%<\/td>\n<\/tr>\n<tr>\n<td>Vitamiin B12<\/td>\n<td>100 \u03bcg<\/td>\n<td>4000%<\/td>\n<\/tr>\n<\/tbody>\n<\/table>\n<p>*SPK \u2013 Soovitatud P\u00e4evane Kogus<\/p>\n<p>Vaata ka meie Teisi Treeningeelseid tooteid <a href=\"https:\/\/fit360.ee\/tootekategooria\/tootegrupid\/treeningeelne-ja-erguti\/\"><strong>SIIT<\/strong><\/a> v\u00f5i Tsitruliini sisaldavaid tooteid <a href=\"https:\/\/fit360.ee\/tootekategooria\/tootegrupid\/aminohapped-ja-bcaa-joogipulbrid\/tsitrulliin\/\"><strong>SIIT<\/strong><\/a>!<\/p>\n<p>Soovid kaupa osta suuremas koguses? Vaata antud toodet ka meie HULGI poest\u00a0<a href=\"https:\/\/toidulisandidhulgi.ee\/tooted\/n-o-booster-extreme-80caps\/\"><strong>SIIT<\/strong><\/a>!<\/p>\n<\/section>\n","protected":false},"excerpt":{"rendered":"<ul class=\"cm__list\">\n<li>Sisaldab koguni 8 erinevat toimeainet<\/li>\n<li>1 portsjon = 4 kapslit.<\/li>\n<li>T\u00f5husus<\/li>\n<li>Mugav vorm<\/li>\n<\/ul>\n","protected":false},"featured_media":78930,"comment_status":"open","ping_status":"closed","template":"","meta":[],"product_brand":[],"product_cat":[520,2314,2311,1329,533,536],"product_tag":[4828,4829,1924],"giftcard-category":[],"class_list":{"0":"post-78932","1":"product","2":"type-product","3":"status-publish","4":"has-post-thumbnail","6":"product_cat-amino-acids-bcaa","7":"product_cat-citrulline-en","8":"product_cat-l-arginine-en","9":"product_cat-ostrovit-en","10":"product_cat-pre-workout-en","11":"product_cat-vitamins-and-minerals-en","12":"product_tag-n-o-booster-en","13":"product_tag-no-booster-en","14":"product_tag-ostrovit-en","15":"pa_kogus-80-tablets","16":"pa_toidulisand-branddd-ostrovit","17":"pa_tootegruppp-amino-acidsbcaa","18":"pa_tootegruppp-l-arginiin-en","19":"pa_tootegruppp-pre-workout","20":"pa_tootegruppp-tsitrulliin-en","22":"first","23":"instock","24":"sale","25":"taxable","26":"shipping-taxable","27":"purchasable","28":"product-type-simple"},"yoast_head":"<!-- This site is optimized with the Yoast SEO plugin v27.3 - https:\/\/yoast.com\/product\/yoast-seo-wordpress\/ -->\n<title>N.O. Booster Extreme (80caps) - V\u00f5imas kompleks - Kiire Tarne - Fit360<\/title>\n<meta name=\"description\" content=\"N.O. Booster Extreme on kvaliteetne toidulisand, mis on kuni 8 erineva toimeaine allikaks - Tootest leiate L-arginiini alfa-ketoglutaraati, tsitrulliinm...\" \/>\n<meta name=\"robots\" content=\"index, follow, max-snippet:-1, max-image-preview:large, max-video-preview:-1\" \/>\n<link rel=\"canonical\" href=\"https:\/\/fit360.ee\/en\/pood\/product-groups\/amino-acids-bcaa\/l-arginine-en\/n-o-booster-extreme-80-caps\/\" \/>\n<meta property=\"og:locale\" content=\"en_US\" \/>\n<meta property=\"og:type\" content=\"article\" \/>\n<meta property=\"og:title\" content=\"N.O. Booster Extreme (80caps) - V\u00f5imas kompleks - Kiire Tarne - Fit360\" \/>\n<meta property=\"og:description\" content=\"N.O. Booster Extreme on kvaliteetne toidulisand, mis on kuni 8 erineva toimeaine allikaks - Tootest leiate L-arginiini alfa-ketoglutaraati, tsitrulliinm...\" \/>\n<meta property=\"og:url\" content=\"https:\/\/fit360.ee\/en\/pood\/product-groups\/amino-acids-bcaa\/l-arginine-en\/n-o-booster-extreme-80-caps\/\" \/>\n<meta property=\"og:site_name\" content=\"Fit360\" \/>\n<meta property=\"article:modified_time\" content=\"2025-08-19T06:51:50+00:00\" \/>\n<meta property=\"og:image\" content=\"https:\/\/fit360.ee\/wp-content\/uploads\/2024\/04\/ostrovit-n.o.-booster-fit360.ee-1.png\" \/>\n\t<meta property=\"og:image:width\" content=\"450\" \/>\n\t<meta property=\"og:image:height\" content=\"450\" \/>\n\t<meta property=\"og:image:type\" content=\"image\/png\" \/>\n<meta name=\"twitter:card\" content=\"summary_large_image\" \/>\n<meta name=\"twitter:label1\" content=\"Est. reading time\" \/>\n\t<meta name=\"twitter:data1\" content=\"5 minutes\" \/>\n<script type=\"application\/ld+json\" class=\"yoast-schema-graph\">{\"@context\":\"https:\\\/\\\/schema.org\",\"@graph\":[{\"@type\":\"WebPage\",\"@id\":\"https:\\\/\\\/fit360.ee\\\/en\\\/pood\\\/product-groups\\\/amino-acids-bcaa\\\/l-arginine-en\\\/n-o-booster-extreme-80-caps\\\/\",\"url\":\"https:\\\/\\\/fit360.ee\\\/en\\\/pood\\\/product-groups\\\/amino-acids-bcaa\\\/l-arginine-en\\\/n-o-booster-extreme-80-caps\\\/\",\"name\":\"N.O. Booster Extreme (80caps) - V\u00f5imas kompleks - Kiire Tarne - Fit360\",\"isPartOf\":{\"@id\":\"https:\\\/\\\/fit360.ee\\\/en\\\/#website\"},\"primaryImageOfPage\":{\"@id\":\"https:\\\/\\\/fit360.ee\\\/en\\\/pood\\\/product-groups\\\/amino-acids-bcaa\\\/l-arginine-en\\\/n-o-booster-extreme-80-caps\\\/#primaryimage\"},\"image\":{\"@id\":\"https:\\\/\\\/fit360.ee\\\/en\\\/pood\\\/product-groups\\\/amino-acids-bcaa\\\/l-arginine-en\\\/n-o-booster-extreme-80-caps\\\/#primaryimage\"},\"thumbnailUrl\":\"https:\\\/\\\/fit360.ee\\\/wp-content\\\/uploads\\\/2024\\\/04\\\/ostrovit-n.o.-booster-fit360.ee-1.png\",\"datePublished\":\"2024-04-16T08:34:28+00:00\",\"dateModified\":\"2025-08-19T06:51:50+00:00\",\"description\":\"N.O. Booster Extreme on kvaliteetne toidulisand, mis on kuni 8 erineva toimeaine allikaks - Tootest leiate L-arginiini alfa-ketoglutaraati, tsitrulliinm...\",\"breadcrumb\":{\"@id\":\"https:\\\/\\\/fit360.ee\\\/en\\\/pood\\\/product-groups\\\/amino-acids-bcaa\\\/l-arginine-en\\\/n-o-booster-extreme-80-caps\\\/#breadcrumb\"},\"inLanguage\":\"en-US\",\"potentialAction\":[{\"@type\":\"ReadAction\",\"target\":[\"https:\\\/\\\/fit360.ee\\\/en\\\/pood\\\/product-groups\\\/amino-acids-bcaa\\\/l-arginine-en\\\/n-o-booster-extreme-80-caps\\\/\"]}]},{\"@type\":\"ImageObject\",\"inLanguage\":\"en-US\",\"@id\":\"https:\\\/\\\/fit360.ee\\\/en\\\/pood\\\/product-groups\\\/amino-acids-bcaa\\\/l-arginine-en\\\/n-o-booster-extreme-80-caps\\\/#primaryimage\",\"url\":\"https:\\\/\\\/fit360.ee\\\/wp-content\\\/uploads\\\/2024\\\/04\\\/ostrovit-n.o.-booster-fit360.ee-1.png\",\"contentUrl\":\"https:\\\/\\\/fit360.ee\\\/wp-content\\\/uploads\\\/2024\\\/04\\\/ostrovit-n.o.-booster-fit360.ee-1.png\",\"width\":450,\"height\":450,\"caption\":\"ostrovit n.o. booster - fit360.ee\"},{\"@type\":\"BreadcrumbList\",\"@id\":\"https:\\\/\\\/fit360.ee\\\/en\\\/pood\\\/product-groups\\\/amino-acids-bcaa\\\/l-arginine-en\\\/n-o-booster-extreme-80-caps\\\/#breadcrumb\",\"itemListElement\":[{\"@type\":\"ListItem\",\"position\":1,\"name\":\"Home\",\"item\":\"https:\\\/\\\/fit360.ee\\\/en\\\/\"},{\"@type\":\"ListItem\",\"position\":2,\"name\":\"Shop\",\"item\":\"https:\\\/\\\/fit360.ee\\\/en\\\/shop\\\/\"},{\"@type\":\"ListItem\",\"position\":3,\"name\":\"N.O. Booster Extreme (80caps)\"}]},{\"@type\":\"WebSite\",\"@id\":\"https:\\\/\\\/fit360.ee\\\/en\\\/#website\",\"url\":\"https:\\\/\\\/fit360.ee\\\/en\\\/\",\"name\":\"Fit360\",\"description\":\"\",\"publisher\":{\"@id\":\"https:\\\/\\\/fit360.ee\\\/en\\\/#organization\"},\"potentialAction\":[{\"@type\":\"SearchAction\",\"target\":{\"@type\":\"EntryPoint\",\"urlTemplate\":\"https:\\\/\\\/fit360.ee\\\/en\\\/?s={search_term_string}\"},\"query-input\":{\"@type\":\"PropertyValueSpecification\",\"valueRequired\":true,\"valueName\":\"search_term_string\"}}],\"inLanguage\":\"en-US\"},{\"@type\":\"Organization\",\"@id\":\"https:\\\/\\\/fit360.ee\\\/en\\\/#organization\",\"name\":\"Fit360\",\"url\":\"https:\\\/\\\/fit360.ee\\\/en\\\/\",\"logo\":{\"@type\":\"ImageObject\",\"inLanguage\":\"en-US\",\"@id\":\"https:\\\/\\\/fit360.ee\\\/en\\\/#\\\/schema\\\/logo\\\/image\\\/\",\"url\":\"https:\\\/\\\/fit360.ee\\\/wp-content\\\/uploads\\\/2017\\\/01\\\/logo-fit360.png\",\"contentUrl\":\"https:\\\/\\\/fit360.ee\\\/wp-content\\\/uploads\\\/2017\\\/01\\\/logo-fit360.png\",\"width\":180,\"height\":66,\"caption\":\"Fit360\"},\"image\":{\"@id\":\"https:\\\/\\\/fit360.ee\\\/en\\\/#\\\/schema\\\/logo\\\/image\\\/\"}}]}<\/script>\n<!-- \/ Yoast SEO plugin. -->","yoast_head_json":{"title":"N.O. Booster Extreme (80caps) - V\u00f5imas kompleks - Kiire Tarne - Fit360","description":"N.O. Booster Extreme on kvaliteetne toidulisand, mis on kuni 8 erineva toimeaine allikaks - Tootest leiate L-arginiini alfa-ketoglutaraati, tsitrulliinm...","robots":{"index":"index","follow":"follow","max-snippet":"max-snippet:-1","max-image-preview":"max-image-preview:large","max-video-preview":"max-video-preview:-1"},"canonical":"https:\/\/fit360.ee\/en\/pood\/product-groups\/amino-acids-bcaa\/l-arginine-en\/n-o-booster-extreme-80-caps\/","og_locale":"en_US","og_type":"article","og_title":"N.O. Booster Extreme (80caps) - V\u00f5imas kompleks - Kiire Tarne - Fit360","og_description":"N.O. Booster Extreme on kvaliteetne toidulisand, mis on kuni 8 erineva toimeaine allikaks - Tootest leiate L-arginiini alfa-ketoglutaraati, tsitrulliinm...","og_url":"https:\/\/fit360.ee\/en\/pood\/product-groups\/amino-acids-bcaa\/l-arginine-en\/n-o-booster-extreme-80-caps\/","og_site_name":"Fit360","article_modified_time":"2025-08-19T06:51:50+00:00","og_image":[{"width":450,"height":450,"url":"https:\/\/fit360.ee\/wp-content\/uploads\/2024\/04\/ostrovit-n.o.-booster-fit360.ee-1.png","type":"image\/png"}],"twitter_card":"summary_large_image","twitter_misc":{"Est. reading time":"5 minutes"},"schema":{"@context":"https:\/\/schema.org","@graph":[{"@type":"WebPage","@id":"https:\/\/fit360.ee\/en\/pood\/product-groups\/amino-acids-bcaa\/l-arginine-en\/n-o-booster-extreme-80-caps\/","url":"https:\/\/fit360.ee\/en\/pood\/product-groups\/amino-acids-bcaa\/l-arginine-en\/n-o-booster-extreme-80-caps\/","name":"N.O. Booster Extreme (80caps) - V\u00f5imas kompleks - Kiire Tarne - Fit360","isPartOf":{"@id":"https:\/\/fit360.ee\/en\/#website"},"primaryImageOfPage":{"@id":"https:\/\/fit360.ee\/en\/pood\/product-groups\/amino-acids-bcaa\/l-arginine-en\/n-o-booster-extreme-80-caps\/#primaryimage"},"image":{"@id":"https:\/\/fit360.ee\/en\/pood\/product-groups\/amino-acids-bcaa\/l-arginine-en\/n-o-booster-extreme-80-caps\/#primaryimage"},"thumbnailUrl":"https:\/\/fit360.ee\/wp-content\/uploads\/2024\/04\/ostrovit-n.o.-booster-fit360.ee-1.png","datePublished":"2024-04-16T08:34:28+00:00","dateModified":"2025-08-19T06:51:50+00:00","description":"N.O. Booster Extreme on kvaliteetne toidulisand, mis on kuni 8 erineva toimeaine allikaks - Tootest leiate L-arginiini alfa-ketoglutaraati, tsitrulliinm...","breadcrumb":{"@id":"https:\/\/fit360.ee\/en\/pood\/product-groups\/amino-acids-bcaa\/l-arginine-en\/n-o-booster-extreme-80-caps\/#breadcrumb"},"inLanguage":"en-US","potentialAction":[{"@type":"ReadAction","target":["https:\/\/fit360.ee\/en\/pood\/product-groups\/amino-acids-bcaa\/l-arginine-en\/n-o-booster-extreme-80-caps\/"]}]},{"@type":"ImageObject","inLanguage":"en-US","@id":"https:\/\/fit360.ee\/en\/pood\/product-groups\/amino-acids-bcaa\/l-arginine-en\/n-o-booster-extreme-80-caps\/#primaryimage","url":"https:\/\/fit360.ee\/wp-content\/uploads\/2024\/04\/ostrovit-n.o.-booster-fit360.ee-1.png","contentUrl":"https:\/\/fit360.ee\/wp-content\/uploads\/2024\/04\/ostrovit-n.o.-booster-fit360.ee-1.png","width":450,"height":450,"caption":"ostrovit n.o. booster - fit360.ee"},{"@type":"BreadcrumbList","@id":"https:\/\/fit360.ee\/en\/pood\/product-groups\/amino-acids-bcaa\/l-arginine-en\/n-o-booster-extreme-80-caps\/#breadcrumb","itemListElement":[{"@type":"ListItem","position":1,"name":"Home","item":"https:\/\/fit360.ee\/en\/"},{"@type":"ListItem","position":2,"name":"Shop","item":"https:\/\/fit360.ee\/en\/shop\/"},{"@type":"ListItem","position":3,"name":"N.O. Booster Extreme (80caps)"}]},{"@type":"WebSite","@id":"https:\/\/fit360.ee\/en\/#website","url":"https:\/\/fit360.ee\/en\/","name":"Fit360","description":"","publisher":{"@id":"https:\/\/fit360.ee\/en\/#organization"},"potentialAction":[{"@type":"SearchAction","target":{"@type":"EntryPoint","urlTemplate":"https:\/\/fit360.ee\/en\/?s={search_term_string}"},"query-input":{"@type":"PropertyValueSpecification","valueRequired":true,"valueName":"search_term_string"}}],"inLanguage":"en-US"},{"@type":"Organization","@id":"https:\/\/fit360.ee\/en\/#organization","name":"Fit360","url":"https:\/\/fit360.ee\/en\/","logo":{"@type":"ImageObject","inLanguage":"en-US","@id":"https:\/\/fit360.ee\/en\/#\/schema\/logo\/image\/","url":"https:\/\/fit360.ee\/wp-content\/uploads\/2017\/01\/logo-fit360.png","contentUrl":"https:\/\/fit360.ee\/wp-content\/uploads\/2017\/01\/logo-fit360.png","width":180,"height":66,"caption":"Fit360"},"image":{"@id":"https:\/\/fit360.ee\/en\/#\/schema\/logo\/image\/"}}]}},"_links":{"self":[{"href":"https:\/\/fit360.ee\/en\/wp-json\/wp\/v2\/product\/78932","targetHints":{"allow":["GET"]}}],"collection":[{"href":"https:\/\/fit360.ee\/en\/wp-json\/wp\/v2\/product"}],"about":[{"href":"https:\/\/fit360.ee\/en\/wp-json\/wp\/v2\/types\/product"}],"replies":[{"embeddable":true,"href":"https:\/\/fit360.ee\/en\/wp-json\/wp\/v2\/comments?post=78932"}],"wp:featuredmedia":[{"embeddable":true,"href":"https:\/\/fit360.ee\/en\/wp-json\/wp\/v2\/media\/78930"}],"wp:attachment":[{"href":"https:\/\/fit360.ee\/en\/wp-json\/wp\/v2\/media?parent=78932"}],"wp:term":[{"taxonomy":"product_brand","embeddable":true,"href":"https:\/\/fit360.ee\/en\/wp-json\/wp\/v2\/product_brand?post=78932"},{"taxonomy":"product_cat","embeddable":true,"href":"https:\/\/fit360.ee\/en\/wp-json\/wp\/v2\/product_cat?post=78932"},{"taxonomy":"product_tag","embeddable":true,"href":"https:\/\/fit360.ee\/en\/wp-json\/wp\/v2\/product_tag?post=78932"},{"taxonomy":"giftcard-category","embeddable":true,"href":"https:\/\/fit360.ee\/en\/wp-json\/wp\/v2\/giftcard-category?post=78932"}],"curies":[{"name":"wp","href":"https:\/\/api.w.org\/{rel}","templated":true}]}}